{"id":118256,"date":"2017-09-13T17:03:16","date_gmt":"2017-09-13T16:03:16","guid":{"rendered":"https:\/\/www.purejewels.com\/product\/platinum-earrings\/"},"modified":"2026-02-18T12:44:17","modified_gmt":"2026-02-18T12:44:17","slug":"platin-damen-anhanger-5531","status":"publish","type":"product","link":"https:\/\/www.purejewels.com\/de\/product\/platinum-ladies-pendant-5531\/","title":{"rendered":"Platin-Damen-Anh\u00e4nger"},"content":{"rendered":"<ul>\n<li>2,99 Gramm<\/li>\n<li>SKU<b>:<\/b>\u00a05531<\/li>\n<\/ul>","protected":false},"excerpt":{"rendered":"<ul>\n<li>Platin-Anh\u00e4nger<\/li>\n<li>Kette nicht enthalten.<\/li>\n<li>2,99 Gramm<\/li>\n<li>Diamant. 0,13ct<\/li>\n<li>SKU<b>:<\/b>\u00a05531<\/li>\n<li>Alle Preise inklusive Mehrwertsteuer<\/li>\n<li>\u00a0Gold gestempelt von London Assay Office<\/li>\n<li>Alle Sets werden mit Pr\u00e4sentationsbox geliefert<\/li>\n<li>Lieferung inbegriffen<\/li>\n<li>Live-Chat mit uns f\u00fcr die Verf\u00fcgbarkeit und mehr Bilder von \u00e4hnlichen Designs derzeit auf Lager<\/li>\n<\/ul>","protected":false},"featured_media":198713,"comment_status":"closed","ping_status":"closed","template":"","meta":{"_eb_attr":"","_crsspst_to_jayantr4sg-hostcom":false},"product_brand":[],"product_cat":[1791,1559,1794,5343,5350,6083,6099,5338,1569,1573,1574],"product_tag":[],"class_list":{"0":"post-118256","1":"product","2":"type-product","3":"status-publish","4":"has-post-thumbnail","6":"product_cat-anniversary-gifts","7":"product_cat-birthday-gifts","8":"product_cat-christmas-gifts","9":"product_cat-jewellery-under-550","10":"product_cat-platinum-jewellery","11":"product_cat-platinum-jewellery-2","12":"product_cat-platinum-pendant","13":"product_cat-shop-by-price","14":"product_cat-valentine-day-gifts","15":"product_cat-wedding-gifts","16":"product_cat-womens-jewellery","18":"first","19":"instock","20":"taxable","21":"shipping-taxable","22":"purchasable","23":"product-type-simple","24":"add-to-wishlist-before_image"},"yoast_head":"<!-- This site is optimized with the Yoast SEO plugin v27.6 - https:\/\/yoast.com\/product\/yoast-seo-wordpress\/ -->\n<title>Platinum Ladies Pendant | PureJewels UK<\/title>\n<meta name=\"description\" content=\"Order your exquisite platinum ladies pendant online today. Elevate your style with this timeless accessory. Secure and convenient shopping.\" \/>\n<meta name=\"robots\" content=\"index, follow, max-snippet:-1, max-image-preview:large, max-video-preview:-1\" \/>\n<link rel=\"canonical\" href=\"https:\/\/www.purejewels.com\/de\/produkt-2\/platin-damen-anhanger-5531\/\" \/>\n<meta property=\"og:locale\" content=\"de_DE\" \/>\n<meta property=\"og:type\" content=\"article\" \/>\n<meta property=\"og:title\" content=\"Platinum Ladies Pendant | PureJewels UK\" \/>\n<meta property=\"og:description\" content=\"Order your exquisite platinum ladies pendant online today. Elevate your style with this timeless accessory. Secure and convenient shopping.\" \/>\n<meta property=\"og:url\" content=\"https:\/\/www.purejewels.com\/de\/produkt-2\/platin-damen-anhanger-5531\/\" \/>\n<meta property=\"og:site_name\" content=\"PureJewels UK\" \/>\n<meta property=\"article:modified_time\" content=\"2026-02-18T12:44:17+00:00\" \/>\n<meta property=\"og:image\" content=\"https:\/\/static.purejewels.com\/wp-content\/uploads\/2017\/09\/5531-1X.png\" \/>\n\t<meta property=\"og:image:width\" content=\"1000\" \/>\n\t<meta property=\"og:image:height\" content=\"1000\" \/>\n\t<meta property=\"og:image:type\" content=\"image\/png\" \/>\n<meta name=\"twitter:card\" content=\"summary_large_image\" \/>\n<meta name=\"twitter:label1\" content=\"Gesch\u00e4tzte Lesezeit\" \/>\n\t<meta name=\"twitter:data1\" content=\"1\u00a0Minute\" \/>\n<script type=\"application\/ld+json\" class=\"yoast-schema-graph\">{\"@context\":\"https:\\\/\\\/schema.org\",\"@graph\":[{\"@type\":[\"WebPage\",\"ItemPage\"],\"@id\":\"https:\\\/\\\/www.purejewels.com\\\/product\\\/platinum-ladies-pendant-5531\\\/\",\"url\":\"https:\\\/\\\/www.purejewels.com\\\/product\\\/platinum-ladies-pendant-5531\\\/\",\"name\":\"Platinum Ladies Pendant | PureJewels UK\",\"isPartOf\":{\"@id\":\"https:\\\/\\\/www.purejewels.com\\\/#website\"},\"primaryImageOfPage\":{\"@id\":\"https:\\\/\\\/www.purejewels.com\\\/product\\\/platinum-ladies-pendant-5531\\\/#primaryimage\"},\"image\":{\"@id\":\"https:\\\/\\\/www.purejewels.com\\\/product\\\/platinum-ladies-pendant-5531\\\/#primaryimage\"},\"thumbnailUrl\":\"https:\\\/\\\/static.purejewels.com\\\/wp-content\\\/uploads\\\/2017\\\/09\\\/5531-1X.png\",\"datePublished\":\"2017-09-13T16:03:16+00:00\",\"dateModified\":\"2026-02-18T12:44:17+00:00\",\"description\":\"Order your exquisite platinum ladies pendant online today. Elevate your style with this timeless accessory. Secure and convenient shopping.\",\"breadcrumb\":{\"@id\":\"https:\\\/\\\/www.purejewels.com\\\/product\\\/platinum-ladies-pendant-5531\\\/#breadcrumb\"},\"inLanguage\":\"de\",\"potentialAction\":[{\"@type\":\"ReadAction\",\"target\":[\"https:\\\/\\\/www.purejewels.com\\\/product\\\/platinum-ladies-pendant-5531\\\/\"]}]},{\"@type\":\"ImageObject\",\"inLanguage\":\"de\",\"@id\":\"https:\\\/\\\/www.purejewels.com\\\/product\\\/platinum-ladies-pendant-5531\\\/#primaryimage\",\"url\":\"https:\\\/\\\/static.purejewels.com\\\/wp-content\\\/uploads\\\/2017\\\/09\\\/5531-1X.png\",\"contentUrl\":\"https:\\\/\\\/static.purejewels.com\\\/wp-content\\\/uploads\\\/2017\\\/09\\\/5531-1X.png\",\"width\":1000,\"height\":1000,\"caption\":\"5531-1X\"},{\"@type\":\"BreadcrumbList\",\"@id\":\"https:\\\/\\\/www.purejewels.com\\\/product\\\/platinum-ladies-pendant-5531\\\/#breadcrumb\",\"itemListElement\":[{\"@type\":\"ListItem\",\"position\":1,\"name\":\"Home\",\"item\":\"https:\\\/\\\/www.purejewels.com\\\/\"},{\"@type\":\"ListItem\",\"position\":2,\"name\":\"Shop\",\"item\":\"https:\\\/\\\/www.purejewels.com\\\/shop\\\/\"},{\"@type\":\"ListItem\",\"position\":3,\"name\":\"Platinum Ladies Pendant\"}]},{\"@type\":\"WebSite\",\"@id\":\"https:\\\/\\\/www.purejewels.com\\\/#website\",\"url\":\"https:\\\/\\\/www.purejewels.com\\\/\",\"name\":\"PureJewels UK\",\"description\":\"Share the Love\",\"publisher\":{\"@id\":\"https:\\\/\\\/www.purejewels.com\\\/#organization\"},\"potentialAction\":[{\"@type\":\"SearchAction\",\"target\":{\"@type\":\"EntryPoint\",\"urlTemplate\":\"https:\\\/\\\/www.purejewels.com\\\/?s={search_term_string}\"},\"query-input\":{\"@type\":\"PropertyValueSpecification\",\"valueRequired\":true,\"valueName\":\"search_term_string\"}}],\"inLanguage\":\"de\"},{\"@type\":\"Organization\",\"@id\":\"https:\\\/\\\/www.purejewels.com\\\/#organization\",\"name\":\"PureJewels UK\",\"url\":\"https:\\\/\\\/www.purejewels.com\\\/\",\"logo\":{\"@type\":\"ImageObject\",\"inLanguage\":\"de\",\"@id\":\"https:\\\/\\\/www.purejewels.com\\\/#\\\/schema\\\/logo\\\/image\\\/\",\"url\":\"https:\\\/\\\/static.purejewels.com\\\/wp-content\\\/uploads\\\/2020\\\/11\\\/Logo-PJ-New-1.png\",\"contentUrl\":\"https:\\\/\\\/static.purejewels.com\\\/wp-content\\\/uploads\\\/2020\\\/11\\\/Logo-PJ-New-1.png\",\"width\":150,\"height\":80,\"caption\":\"PureJewels UK\"},\"image\":{\"@id\":\"https:\\\/\\\/www.purejewels.com\\\/#\\\/schema\\\/logo\\\/image\\\/\"}}]}<\/script>\n<!-- \/ Yoast SEO plugin. -->","yoast_head_json":{"title":"Platin Damen Anh\u00e4nger | PureJewels UK","description":"Bestellen Sie Ihren exquisiten Platin-Anh\u00e4nger f\u00fcr Damen noch heute online. Erh\u00f6hen Sie Ihren Stil mit diesem zeitlosen Accessoire. Sicher und bequem einkaufen.","robots":{"index":"index","follow":"follow","max-snippet":"max-snippet:-1","max-image-preview":"max-image-preview:large","max-video-preview":"max-video-preview:-1"},"canonical":"https:\/\/www.purejewels.com\/de\/produkt-2\/platin-damen-anhanger-5531\/","og_locale":"de_DE","og_type":"article","og_title":"Platinum Ladies Pendant | PureJewels UK","og_description":"Order your exquisite platinum ladies pendant online today. Elevate your style with this timeless accessory. Secure and convenient shopping.","og_url":"https:\/\/www.purejewels.com\/de\/produkt-2\/platin-damen-anhanger-5531\/","og_site_name":"PureJewels UK","article_modified_time":"2026-02-18T12:44:17+00:00","og_image":[{"width":1000,"height":1000,"url":"https:\/\/static.purejewels.com\/wp-content\/uploads\/2017\/09\/5531-1X.png","type":"image\/png"}],"twitter_card":"summary_large_image","twitter_misc":{"Gesch\u00e4tzte Lesezeit":"1\u00a0Minute"},"schema":{"@context":"https:\/\/schema.org","@graph":[{"@type":["WebPage","ItemPage"],"@id":"https:\/\/www.purejewels.com\/product\/platinum-ladies-pendant-5531\/","url":"https:\/\/www.purejewels.com\/product\/platinum-ladies-pendant-5531\/","name":"Platin Damen Anh\u00e4nger | PureJewels UK","isPartOf":{"@id":"https:\/\/www.purejewels.com\/#website"},"primaryImageOfPage":{"@id":"https:\/\/www.purejewels.com\/product\/platinum-ladies-pendant-5531\/#primaryimage"},"image":{"@id":"https:\/\/www.purejewels.com\/product\/platinum-ladies-pendant-5531\/#primaryimage"},"thumbnailUrl":"https:\/\/static.purejewels.com\/wp-content\/uploads\/2017\/09\/5531-1X.png","datePublished":"2017-09-13T16:03:16+00:00","dateModified":"2026-02-18T12:44:17+00:00","description":"Bestellen Sie Ihren exquisiten Platin-Anh\u00e4nger f\u00fcr Damen noch heute online. Erh\u00f6hen Sie Ihren Stil mit diesem zeitlosen Accessoire. Sicher und bequem einkaufen.","breadcrumb":{"@id":"https:\/\/www.purejewels.com\/product\/platinum-ladies-pendant-5531\/#breadcrumb"},"inLanguage":"de","potentialAction":[{"@type":"ReadAction","target":["https:\/\/www.purejewels.com\/product\/platinum-ladies-pendant-5531\/"]}]},{"@type":"ImageObject","inLanguage":"de","@id":"https:\/\/www.purejewels.com\/product\/platinum-ladies-pendant-5531\/#primaryimage","url":"https:\/\/static.purejewels.com\/wp-content\/uploads\/2017\/09\/5531-1X.png","contentUrl":"https:\/\/static.purejewels.com\/wp-content\/uploads\/2017\/09\/5531-1X.png","width":1000,"height":1000,"caption":"5531-1X"},{"@type":"BreadcrumbList","@id":"https:\/\/www.purejewels.com\/product\/platinum-ladies-pendant-5531\/#breadcrumb","itemListElement":[{"@type":"ListItem","position":1,"name":"Home","item":"https:\/\/www.purejewels.com\/"},{"@type":"ListItem","position":2,"name":"Shop","item":"https:\/\/www.purejewels.com\/shop\/"},{"@type":"ListItem","position":3,"name":"Platinum Ladies Pendant"}]},{"@type":"WebSite","@id":"https:\/\/www.purejewels.com\/#website","url":"https:\/\/www.purejewels.com\/","name":"PureJewels UK","description":"Teile die Liebe","publisher":{"@id":"https:\/\/www.purejewels.com\/#organization"},"potentialAction":[{"@type":"SearchAction","target":{"@type":"EntryPoint","urlTemplate":"https:\/\/www.purejewels.com\/?s={search_term_string}"},"query-input":{"@type":"PropertyValueSpecification","valueRequired":true,"valueName":"search_term_string"}}],"inLanguage":"de"},{"@type":"Organization","@id":"https:\/\/www.purejewels.com\/#organization","name":"PureJewels UK","url":"https:\/\/www.purejewels.com\/","logo":{"@type":"ImageObject","inLanguage":"de","@id":"https:\/\/www.purejewels.com\/#\/schema\/logo\/image\/","url":"https:\/\/static.purejewels.com\/wp-content\/uploads\/2020\/11\/Logo-PJ-New-1.png","contentUrl":"https:\/\/static.purejewels.com\/wp-content\/uploads\/2020\/11\/Logo-PJ-New-1.png","width":150,"height":80,"caption":"PureJewels UK"},"image":{"@id":"https:\/\/www.purejewels.com\/#\/schema\/logo\/image\/"}}]}},"_links":{"self":[{"href":"https:\/\/www.purejewels.com\/de\/wp-json\/wp\/v2\/product\/118256","targetHints":{"allow":["GET"]}}],"collection":[{"href":"https:\/\/www.purejewels.com\/de\/wp-json\/wp\/v2\/product"}],"about":[{"href":"https:\/\/www.purejewels.com\/de\/wp-json\/wp\/v2\/types\/product"}],"replies":[{"embeddable":true,"href":"https:\/\/www.purejewels.com\/de\/wp-json\/wp\/v2\/comments?post=118256"}],"version-history":[{"count":3,"href":"https:\/\/www.purejewels.com\/de\/wp-json\/wp\/v2\/product\/118256\/revisions"}],"predecessor-version":[{"id":419169,"href":"https:\/\/www.purejewels.com\/de\/wp-json\/wp\/v2\/product\/118256\/revisions\/419169"}],"wp:featuredmedia":[{"embeddable":true,"href":"https:\/\/www.purejewels.com\/de\/wp-json\/wp\/v2\/media\/198713"}],"wp:attachment":[{"href":"https:\/\/www.purejewels.com\/de\/wp-json\/wp\/v2\/media?parent=118256"}],"wp:term":[{"taxonomy":"product_brand","embeddable":true,"href":"https:\/\/www.purejewels.com\/de\/wp-json\/wp\/v2\/product_brand?post=118256"},{"taxonomy":"product_cat","embeddable":true,"href":"https:\/\/www.purejewels.com\/de\/wp-json\/wp\/v2\/product_cat?post=118256"},{"taxonomy":"product_tag","embeddable":true,"href":"https:\/\/www.purejewels.com\/de\/wp-json\/wp\/v2\/product_tag?post=118256"}],"curies":[{"name":"wp","href":"https:\/\/api.w.org\/{rel}","templated":true}]}}