{"id":118257,"date":"2017-09-13T17:03:17","date_gmt":"2017-09-13T16:03:17","guid":{"rendered":"https:\/\/www.purejewels.com\/product\/18ct-diamond-rose-heart-pendant\/"},"modified":"2024-09-12T10:02:39","modified_gmt":"2024-09-12T09:02:39","slug":"18ct-diamant-rose-herz-anhanger","status":"publish","type":"product","link":"https:\/\/www.purejewels.com\/de\/product\/18ct-diamond-rose-heart-pendant\/","title":{"rendered":"18ct Wei\u00dfgold Diamant Rose Herz Anh\u00e4nger"},"content":{"rendered":"<h3>Inspiration<\/h3>\n<p>Im Altertum war es \u00fcblich, Amulette oder Talismane um den Hals zu tragen. Diese primitiven Praktiken reichen bis in die Steinzeit zur\u00fcck, als die Menschen sich l\u00e4ssig ein Amulett um den Hals legten <a href=\"https:\/\/www.purejewels.com\/de\/product-category\/22ct-gold-jewellery\/gold-pendants\/\">Anh\u00e4nger<\/a> die aus Gegenst\u00e4nden wie Z\u00e4hnen, Steinen und Muscheln hergestellt wurden.<\/p>\n<h3>Gestaltung<\/h3>\n<p>Dieser diamantene Rosenanh\u00e4nger von Purejewels vereint wundersch\u00f6ne Techniken, die unsere Karigars von Hand ausf\u00fchren. Der herzf\u00f6rmige Anh\u00e4nger ist aus reinem 18-kar\u00e4tigem Wei\u00dfgold geschnitzt und wurde auf der gesamten Oberfl\u00e4che pr\u00e4zise und tief ziseliert und wundersch\u00f6n poliert. Das Design dieses rosa <a href=\"https:\/\/www.purejewels.com\/de\/product\/22ct-gold-heart-shape-with-sigle-pearl-pendant-43591\/\">goldenes Herz<\/a> <strong>Anh\u00e4nger<\/strong> beginnt mit einer Schlaufe, die mit Ros\u00e9gold veredelt wurde. Diese Schleife ist im Grunde ein feiner, handgeschlagener Draht, der die Herzkomponente h\u00e4lt und durch den die Kette l\u00e4uft. Diese Herzstruktur hat eine anst\u00e4ndige Gr\u00f6\u00dfe und ist mit gl\u00e4nzenden, \u00fcppigen wei\u00dfen Diamanten verziert. Diese Diamanten verkrustet Herz-Anh\u00e4nger, von Purejewels, bedeutet Liebe k\u00f6nnte ein perfektes Geschenk f\u00fcr sich selbst oder Ihre Lieben sein.<\/p>\n<h3>Stil<\/h3>\n<p>Anh\u00e4nger sind sehr dynamische Accessoires. Ein und derselbe Anh\u00e4nger kann zu fast allen Gelegenheiten getragen werden, indem man ihn einfach anders stylt. Kombinieren Sie diesen Herzanh\u00e4nger auf jede beliebige Art und Weise mit anderen Anh\u00e4ngern oder <a href=\"https:\/\/www.purejewels.com\/de\/product-category\/22ct-gold-jewellery\/gold-chains\/\">Ketten<\/a> und \u00fcber legeren oder auch schwereren Outfits.<\/p>","protected":false},"excerpt":{"rendered":"<ul>\n<li>\u00a0Herzf\u00f6rmiger Anh\u00e4nger aus Ros\u00e9gold und Wei\u00dfgold<\/li>\n<li>18ct Wei\u00dfgold Diamant-Anh\u00e4nger<\/li>\n<li>Gewicht: 0,85 g<\/li>\n<li>SKU 5602<\/li>\n<li>Kette nicht enthalten<\/li>\n<li>Die auf dem Bild gezeigte Kette ist eine <strong>Gliederkette<\/strong><\/li>\n<li>Alle Preise inklusive Mehrwertsteuer<\/li>\n<li>Alle unsere Produkte sind vom London Assay Office gestempelt.<\/li>\n<li>Alle Sets werden mit Pr\u00e4sentationsbox geliefert<\/li>\n<li>Lieferung inbegriffen<\/li>\n<li>Live-Chat mit uns f\u00fcr die Verf\u00fcgbarkeit und mehr Bilder von Weihnachten Geschenkideen f\u00fcr sie<\/li>\n<\/ul>","protected":false},"featured_media":198716,"comment_status":"closed","ping_status":"closed","template":"","meta":{"_eb_attr":"","_crsspst_to_jayantr4sg-hostcom":false},"product_brand":[],"product_cat":[5679,1794,1533,1255,5683,1767,246,5354,1569,1573],"product_tag":[],"class_list":{"0":"post-118257","1":"product","2":"type-product","3":"status-publish","4":"has-post-thumbnail","6":"product_cat-18ct-gold-jewellery","7":"product_cat-christmas-gifts","8":"product_cat-diamond-jewellery-set","9":"product_cat-gold-pendants","10":"product_cat-heart-pendant","11":"product_cat-ladies-pendants","12":"product_cat-rose-gold-collections","13":"product_cat-rose-gold-jewellery","14":"product_cat-valentine-day-gifts","15":"product_cat-wedding-gifts","17":"first","18":"outofstock","19":"taxable","20":"shipping-taxable","21":"product-type-simple","22":"add-to-wishlist-before_image"},"yoast_head":"<!-- This site is optimized with the Yoast SEO plugin v27.5 - https:\/\/yoast.com\/product\/yoast-seo-wordpress\/ -->\n<title>18ct White Gold Diamond Rose Heart Pendant - PureJewels.com<\/title>\n<meta name=\"robots\" content=\"index, follow, max-snippet:-1, max-image-preview:large, max-video-preview:-1\" \/>\n<link rel=\"canonical\" href=\"https:\/\/www.purejewels.com\/de\/produkt-2\/18ct-diamant-rose-herz-anhanger\/\" \/>\n<meta property=\"og:locale\" content=\"de_DE\" \/>\n<meta property=\"og:type\" content=\"article\" \/>\n<meta property=\"og:title\" content=\"18ct White Gold Diamond Rose Heart Pendant - PureJewels.com\" \/>\n<meta property=\"og:description\" content=\"\u00a0Rose Gold and White Gold heart shaped pendant  18ct White Gold\u00a0 Diamond Pendant  wt. 0.85 gms  SKU 5602  Chain not included  The Chain shown in the picture is a Link Chain  All prices include VAT  All our Products are Hallmarked by London Assay\u00a0 Office  All Set Comes With Presentation Box  Delivery Included  Live chat with us for availability and more images of christmas gift ideas for her\" \/>\n<meta property=\"og:url\" content=\"https:\/\/www.purejewels.com\/de\/produkt-2\/18ct-diamant-rose-herz-anhanger\/\" \/>\n<meta property=\"og:site_name\" content=\"PureJewels UK\" \/>\n<meta property=\"article:modified_time\" content=\"2024-09-12T09:02:39+00:00\" \/>\n<meta property=\"og:image\" content=\"https:\/\/www.purejewels.com\/wp-content\/uploads\/2017\/09\/5602-2X.png\" \/>\n\t<meta property=\"og:image:width\" content=\"1000\" \/>\n\t<meta property=\"og:image:height\" content=\"1000\" \/>\n\t<meta property=\"og:image:type\" content=\"image\/png\" \/>\n<meta name=\"twitter:card\" content=\"summary_large_image\" \/>\n<meta name=\"twitter:label1\" content=\"Gesch\u00e4tzte Lesezeit\" \/>\n\t<meta name=\"twitter:data1\" content=\"1\u00a0Minute\" \/>\n<script type=\"application\/ld+json\" class=\"yoast-schema-graph\">{\"@context\":\"https:\\\/\\\/schema.org\",\"@graph\":[{\"@type\":[\"WebPage\",\"ItemPage\"],\"@id\":\"https:\\\/\\\/www.purejewels.com\\\/product\\\/18ct-diamond-rose-heart-pendant\\\/\",\"url\":\"https:\\\/\\\/www.purejewels.com\\\/product\\\/18ct-diamond-rose-heart-pendant\\\/\",\"name\":\"18ct White Gold Diamond Rose Heart Pendant - PureJewels.com\",\"isPartOf\":{\"@id\":\"https:\\\/\\\/www.purejewels.com\\\/#website\"},\"primaryImageOfPage\":{\"@id\":\"https:\\\/\\\/www.purejewels.com\\\/product\\\/18ct-diamond-rose-heart-pendant\\\/#primaryimage\"},\"image\":{\"@id\":\"https:\\\/\\\/www.purejewels.com\\\/product\\\/18ct-diamond-rose-heart-pendant\\\/#primaryimage\"},\"thumbnailUrl\":\"https:\\\/\\\/static.purejewels.com\\\/wp-content\\\/uploads\\\/2017\\\/09\\\/5602-2X.png\",\"datePublished\":\"2017-09-13T16:03:17+00:00\",\"dateModified\":\"2024-09-12T09:02:39+00:00\",\"breadcrumb\":{\"@id\":\"https:\\\/\\\/www.purejewels.com\\\/product\\\/18ct-diamond-rose-heart-pendant\\\/#breadcrumb\"},\"inLanguage\":\"de\",\"potentialAction\":[{\"@type\":\"ReadAction\",\"target\":[\"https:\\\/\\\/www.purejewels.com\\\/product\\\/18ct-diamond-rose-heart-pendant\\\/\"]}]},{\"@type\":\"ImageObject\",\"inLanguage\":\"de\",\"@id\":\"https:\\\/\\\/www.purejewels.com\\\/product\\\/18ct-diamond-rose-heart-pendant\\\/#primaryimage\",\"url\":\"https:\\\/\\\/static.purejewels.com\\\/wp-content\\\/uploads\\\/2017\\\/09\\\/5602-2X.png\",\"contentUrl\":\"https:\\\/\\\/static.purejewels.com\\\/wp-content\\\/uploads\\\/2017\\\/09\\\/5602-2X.png\",\"width\":1000,\"height\":1000,\"caption\":\"5602-2X\"},{\"@type\":\"BreadcrumbList\",\"@id\":\"https:\\\/\\\/www.purejewels.com\\\/product\\\/18ct-diamond-rose-heart-pendant\\\/#breadcrumb\",\"itemListElement\":[{\"@type\":\"ListItem\",\"position\":1,\"name\":\"Home\",\"item\":\"https:\\\/\\\/www.purejewels.com\\\/\"},{\"@type\":\"ListItem\",\"position\":2,\"name\":\"Shop\",\"item\":\"https:\\\/\\\/www.purejewels.com\\\/shop\\\/\"},{\"@type\":\"ListItem\",\"position\":3,\"name\":\"18ct White Gold Diamond Rose Heart Pendant\"}]},{\"@type\":\"WebSite\",\"@id\":\"https:\\\/\\\/www.purejewels.com\\\/#website\",\"url\":\"https:\\\/\\\/www.purejewels.com\\\/\",\"name\":\"PureJewels UK\",\"description\":\"Share the Love\",\"publisher\":{\"@id\":\"https:\\\/\\\/www.purejewels.com\\\/#organization\"},\"potentialAction\":[{\"@type\":\"SearchAction\",\"target\":{\"@type\":\"EntryPoint\",\"urlTemplate\":\"https:\\\/\\\/www.purejewels.com\\\/?s={search_term_string}\"},\"query-input\":{\"@type\":\"PropertyValueSpecification\",\"valueRequired\":true,\"valueName\":\"search_term_string\"}}],\"inLanguage\":\"de\"},{\"@type\":\"Organization\",\"@id\":\"https:\\\/\\\/www.purejewels.com\\\/#organization\",\"name\":\"PureJewels UK\",\"url\":\"https:\\\/\\\/www.purejewels.com\\\/\",\"logo\":{\"@type\":\"ImageObject\",\"inLanguage\":\"de\",\"@id\":\"https:\\\/\\\/www.purejewels.com\\\/#\\\/schema\\\/logo\\\/image\\\/\",\"url\":\"https:\\\/\\\/static.purejewels.com\\\/wp-content\\\/uploads\\\/2020\\\/11\\\/Logo-PJ-New-1.png\",\"contentUrl\":\"https:\\\/\\\/static.purejewels.com\\\/wp-content\\\/uploads\\\/2020\\\/11\\\/Logo-PJ-New-1.png\",\"width\":150,\"height\":80,\"caption\":\"PureJewels UK\"},\"image\":{\"@id\":\"https:\\\/\\\/www.purejewels.com\\\/#\\\/schema\\\/logo\\\/image\\\/\"}}]}<\/script>\n<!-- \/ Yoast SEO plugin. -->","yoast_head_json":{"title":"18ct Wei\u00dfgold Diamant Rose Herz Anh\u00e4nger - PureJewels.com","robots":{"index":"index","follow":"follow","max-snippet":"max-snippet:-1","max-image-preview":"max-image-preview:large","max-video-preview":"max-video-preview:-1"},"canonical":"https:\/\/www.purejewels.com\/de\/produkt-2\/18ct-diamant-rose-herz-anhanger\/","og_locale":"de_DE","og_type":"article","og_title":"18ct White Gold Diamond Rose Heart Pendant - PureJewels.com","og_description":"\u00a0Rose Gold and White Gold heart shaped pendant  18ct White Gold\u00a0 Diamond Pendant  wt. 0.85 gms  SKU 5602  Chain not included  The Chain shown in the picture is a Link Chain  All prices include VAT  All our Products are Hallmarked by London Assay\u00a0 Office  All Set Comes With Presentation Box  Delivery Included  Live chat with us for availability and more images of christmas gift ideas for her","og_url":"https:\/\/www.purejewels.com\/de\/produkt-2\/18ct-diamant-rose-herz-anhanger\/","og_site_name":"PureJewels UK","article_modified_time":"2024-09-12T09:02:39+00:00","og_image":[{"width":1000,"height":1000,"url":"https:\/\/www.purejewels.com\/wp-content\/uploads\/2017\/09\/5602-2X.png","type":"image\/png"}],"twitter_card":"summary_large_image","twitter_misc":{"Gesch\u00e4tzte Lesezeit":"1\u00a0Minute"},"schema":{"@context":"https:\/\/schema.org","@graph":[{"@type":["WebPage","ItemPage"],"@id":"https:\/\/www.purejewels.com\/product\/18ct-diamond-rose-heart-pendant\/","url":"https:\/\/www.purejewels.com\/product\/18ct-diamond-rose-heart-pendant\/","name":"18ct Wei\u00dfgold Diamant Rose Herz Anh\u00e4nger - PureJewels.com","isPartOf":{"@id":"https:\/\/www.purejewels.com\/#website"},"primaryImageOfPage":{"@id":"https:\/\/www.purejewels.com\/product\/18ct-diamond-rose-heart-pendant\/#primaryimage"},"image":{"@id":"https:\/\/www.purejewels.com\/product\/18ct-diamond-rose-heart-pendant\/#primaryimage"},"thumbnailUrl":"https:\/\/static.purejewels.com\/wp-content\/uploads\/2017\/09\/5602-2X.png","datePublished":"2017-09-13T16:03:17+00:00","dateModified":"2024-09-12T09:02:39+00:00","breadcrumb":{"@id":"https:\/\/www.purejewels.com\/product\/18ct-diamond-rose-heart-pendant\/#breadcrumb"},"inLanguage":"de","potentialAction":[{"@type":"ReadAction","target":["https:\/\/www.purejewels.com\/product\/18ct-diamond-rose-heart-pendant\/"]}]},{"@type":"ImageObject","inLanguage":"de","@id":"https:\/\/www.purejewels.com\/product\/18ct-diamond-rose-heart-pendant\/#primaryimage","url":"https:\/\/static.purejewels.com\/wp-content\/uploads\/2017\/09\/5602-2X.png","contentUrl":"https:\/\/static.purejewels.com\/wp-content\/uploads\/2017\/09\/5602-2X.png","width":1000,"height":1000,"caption":"5602-2X"},{"@type":"BreadcrumbList","@id":"https:\/\/www.purejewels.com\/product\/18ct-diamond-rose-heart-pendant\/#breadcrumb","itemListElement":[{"@type":"ListItem","position":1,"name":"Home","item":"https:\/\/www.purejewels.com\/"},{"@type":"ListItem","position":2,"name":"Shop","item":"https:\/\/www.purejewels.com\/shop\/"},{"@type":"ListItem","position":3,"name":"18ct White Gold Diamond Rose Heart Pendant"}]},{"@type":"WebSite","@id":"https:\/\/www.purejewels.com\/#website","url":"https:\/\/www.purejewels.com\/","name":"PureJewels UK","description":"Teile die Liebe","publisher":{"@id":"https:\/\/www.purejewels.com\/#organization"},"potentialAction":[{"@type":"SearchAction","target":{"@type":"EntryPoint","urlTemplate":"https:\/\/www.purejewels.com\/?s={search_term_string}"},"query-input":{"@type":"PropertyValueSpecification","valueRequired":true,"valueName":"search_term_string"}}],"inLanguage":"de"},{"@type":"Organization","@id":"https:\/\/www.purejewels.com\/#organization","name":"PureJewels UK","url":"https:\/\/www.purejewels.com\/","logo":{"@type":"ImageObject","inLanguage":"de","@id":"https:\/\/www.purejewels.com\/#\/schema\/logo\/image\/","url":"https:\/\/static.purejewels.com\/wp-content\/uploads\/2020\/11\/Logo-PJ-New-1.png","contentUrl":"https:\/\/static.purejewels.com\/wp-content\/uploads\/2020\/11\/Logo-PJ-New-1.png","width":150,"height":80,"caption":"PureJewels UK"},"image":{"@id":"https:\/\/www.purejewels.com\/#\/schema\/logo\/image\/"}}]}},"_links":{"self":[{"href":"https:\/\/www.purejewels.com\/de\/wp-json\/wp\/v2\/product\/118257","targetHints":{"allow":["GET"]}}],"collection":[{"href":"https:\/\/www.purejewels.com\/de\/wp-json\/wp\/v2\/product"}],"about":[{"href":"https:\/\/www.purejewels.com\/de\/wp-json\/wp\/v2\/types\/product"}],"replies":[{"embeddable":true,"href":"https:\/\/www.purejewels.com\/de\/wp-json\/wp\/v2\/comments?post=118257"}],"version-history":[{"count":1,"href":"https:\/\/www.purejewels.com\/de\/wp-json\/wp\/v2\/product\/118257\/revisions"}],"predecessor-version":[{"id":371831,"href":"https:\/\/www.purejewels.com\/de\/wp-json\/wp\/v2\/product\/118257\/revisions\/371831"}],"wp:featuredmedia":[{"embeddable":true,"href":"https:\/\/www.purejewels.com\/de\/wp-json\/wp\/v2\/media\/198716"}],"wp:attachment":[{"href":"https:\/\/www.purejewels.com\/de\/wp-json\/wp\/v2\/media?parent=118257"}],"wp:term":[{"taxonomy":"product_brand","embeddable":true,"href":"https:\/\/www.purejewels.com\/de\/wp-json\/wp\/v2\/product_brand?post=118257"},{"taxonomy":"product_cat","embeddable":true,"href":"https:\/\/www.purejewels.com\/de\/wp-json\/wp\/v2\/product_cat?post=118257"},{"taxonomy":"product_tag","embeddable":true,"href":"https:\/\/www.purejewels.com\/de\/wp-json\/wp\/v2\/product_tag?post=118257"}],"curies":[{"name":"wp","href":"https:\/\/api.w.org\/{rel}","templated":true}]}}