{"id":118260,"date":"2017-09-13T17:03:17","date_gmt":"2017-09-13T16:03:17","guid":{"rendered":"https:\/\/www.purejewels.com\/product\/18ct-diamond-pendant-2\/"},"modified":"2026-01-19T08:03:41","modified_gmt":"2026-01-19T08:03:41","slug":"18ct-diamant-anhanger-2","status":"publish","type":"product","link":"https:\/\/www.purejewels.com\/de\/product\/18ct-diamond-pendant-2\/","title":{"rendered":"18ct Wei\u00dfgold Diamant Marquise Anh\u00e4nger"},"content":{"rendered":"<p><strong>Gestaltung<\/strong><\/p>\n<p>Dieser Anh\u00e4nger hat eine raffinierte Marquise-Silhouette, die sich sanft verj\u00fcngt, um einen Eindruck von L\u00e4nge und flie\u00dfender Bewegung zu vermitteln. Ein zentraler Kanal aus Brillanten sorgt f\u00fcr Licht und Kontrast, umrahmt von poliertem Wei\u00dfgold, das die klaren, modernen Linien unterstreicht. Das Design wirkt ausgewogen und elegant und bietet dezentes Funkeln mit moderner Zur\u00fcckhaltung.<\/p>\n<p><strong>Handwerkliches K\u00f6nnen<\/strong><\/p>\n<p>Der aus leuchtendem 18-kar\u00e4tigem Wei\u00dfgold gefertigte Anh\u00e4nger wurde sorgf\u00e4ltig verarbeitet, um glatte Konturen und eine pr\u00e4zise Diamantfassung zu erzielen. Die Diamanten sind sorgf\u00e4ltig angeordnet, um die Brillanz zu maximieren und gleichzeitig ein raffiniertes, minimales Profil zu erhalten. Jedes St\u00fcck ist im Vereinigten K\u00f6nigreich zur Reinheitszertifizierung gestempelt und spiegelt das Engagement von PureJewels f\u00fcr Qualit\u00e4t, Authentizit\u00e4t und best\u00e4ndige Handwerkskunst wider.<\/p>\n<p><strong>Styling &amp; Geschenkartikel<\/strong><\/p>\n<p>Dieser Anh\u00e4nger kann entweder allein getragen werden, um einen subtilen Akzent zu setzen, oder mit feinen Ketten kombiniert werden, um einen individuellen Look zu kreieren, und geht nahtlos in den Abend \u00fcber. Er ist die ideale Wahl f\u00fcr Geburtstage, Jahrestage und liebevolle Geschenke. Er ist ein Schmuckst\u00fcck, das oft getragen wird und lange in Ehren gehalten werden kann.<\/p>","protected":false},"excerpt":{"rendered":"<ul>\n<li>Anh\u00e4nger aus Wei\u00dfgold mit Diamantakzenten.<\/li>\n<li>\u00a03,7 gm<\/li>\n<li>Kette nicht enthalten.<\/li>\n<li>SGL-Zertifikat Nr.: SGLJL57493S<\/li>\n<li>22 nat\u00fcrliche runde Diamanten<\/li>\n<li>Diamant 0,28 ct<\/li>\n<li>Farbe F-G<\/li>\n<li>Klarheit VS<\/li>\n<li>Gold gestempelt von London Assay Office<\/li>\n<li>Mit Pr\u00e4sentationsbox<\/li>\n<li>Lieferung inbegriffen<\/li>\n<li>Alle Preise inklusive Mehrwertsteuer<\/li>\n<li>Live-Chat mit uns f\u00fcr die Verf\u00fcgbarkeit und mehr Bilder von \u00e4hnlichen Designs derzeit auf Lager<\/li>\n<li><\/li>\n<\/ul>","protected":false},"featured_media":198723,"comment_status":"closed","ping_status":"closed","template":"","meta":{"_eb_attr":"","_crsspst_to_jayantr4sg-hostcom":false},"product_brand":[],"product_cat":[1767],"product_tag":[],"class_list":{"0":"post-118260","1":"product","2":"type-product","3":"status-publish","4":"has-post-thumbnail","6":"product_cat-ladies-pendants","8":"first","9":"outofstock","10":"taxable","11":"shipping-taxable","12":"product-type-simple","13":"add-to-wishlist-before_image"},"yoast_head":"<!-- This site is optimized with the Yoast SEO plugin v27.3 - https:\/\/yoast.com\/product\/yoast-seo-wordpress\/ -->\n<title>18ct White Gold Diamond Marquise Pendant | Refined Everyday<\/title>\n<meta name=\"description\" content=\"Shop this elegant 18ct white gold diamond marquise pendant, featuring a sleek sculpted form set with brilliant diamonds. A refined designed for everyday elegance and meaningful gifting.\" \/>\n<meta name=\"robots\" content=\"index, follow, max-snippet:-1, max-image-preview:large, max-video-preview:-1\" \/>\n<link rel=\"canonical\" href=\"https:\/\/www.purejewels.com\/de\/produkt-2\/18ct-diamant-anhanger-2\/\" \/>\n<meta property=\"og:locale\" content=\"de_DE\" \/>\n<meta property=\"og:type\" content=\"article\" \/>\n<meta property=\"og:title\" content=\"18ct White Gold Diamond Marquise Pendant | Refined Everyday\" \/>\n<meta property=\"og:description\" content=\"Shop this elegant 18ct white gold diamond marquise pendant, featuring a sleek sculpted form set with brilliant diamonds. A refined designed for everyday elegance and meaningful gifting.\" \/>\n<meta property=\"og:url\" content=\"https:\/\/www.purejewels.com\/de\/produkt-2\/18ct-diamant-anhanger-2\/\" \/>\n<meta property=\"og:site_name\" content=\"PureJewels UK\" \/>\n<meta property=\"article:modified_time\" content=\"2026-01-19T08:03:41+00:00\" \/>\n<meta property=\"og:image\" content=\"https:\/\/static.purejewels.com\/wp-content\/uploads\/2017\/09\/14485-2X.png\" \/>\n\t<meta property=\"og:image:width\" content=\"1000\" \/>\n\t<meta property=\"og:image:height\" content=\"1000\" \/>\n\t<meta property=\"og:image:type\" content=\"image\/png\" \/>\n<meta name=\"twitter:card\" content=\"summary_large_image\" \/>\n<meta name=\"twitter:label1\" content=\"Gesch\u00e4tzte Lesezeit\" \/>\n\t<meta name=\"twitter:data1\" content=\"1\u00a0Minute\" \/>\n<script type=\"application\/ld+json\" class=\"yoast-schema-graph\">{\"@context\":\"https:\\\/\\\/schema.org\",\"@graph\":[{\"@type\":[\"WebPage\",\"ItemPage\"],\"@id\":\"https:\\\/\\\/www.purejewels.com\\\/product\\\/18ct-diamond-pendant-2\\\/\",\"url\":\"https:\\\/\\\/www.purejewels.com\\\/product\\\/18ct-diamond-pendant-2\\\/\",\"name\":\"18ct White Gold Diamond Marquise Pendant | Refined Everyday\",\"isPartOf\":{\"@id\":\"https:\\\/\\\/www.purejewels.com\\\/#website\"},\"primaryImageOfPage\":{\"@id\":\"https:\\\/\\\/www.purejewels.com\\\/product\\\/18ct-diamond-pendant-2\\\/#primaryimage\"},\"image\":{\"@id\":\"https:\\\/\\\/www.purejewels.com\\\/product\\\/18ct-diamond-pendant-2\\\/#primaryimage\"},\"thumbnailUrl\":\"https:\\\/\\\/static.purejewels.com\\\/wp-content\\\/uploads\\\/2017\\\/09\\\/14485-2X.png\",\"datePublished\":\"2017-09-13T16:03:17+00:00\",\"dateModified\":\"2026-01-19T08:03:41+00:00\",\"description\":\"Shop this elegant 18ct white gold diamond marquise pendant, featuring a sleek sculpted form set with brilliant diamonds. A refined designed for everyday elegance and meaningful gifting.\",\"breadcrumb\":{\"@id\":\"https:\\\/\\\/www.purejewels.com\\\/product\\\/18ct-diamond-pendant-2\\\/#breadcrumb\"},\"inLanguage\":\"de\",\"potentialAction\":[{\"@type\":\"ReadAction\",\"target\":[\"https:\\\/\\\/www.purejewels.com\\\/product\\\/18ct-diamond-pendant-2\\\/\"]}]},{\"@type\":\"ImageObject\",\"inLanguage\":\"de\",\"@id\":\"https:\\\/\\\/www.purejewels.com\\\/product\\\/18ct-diamond-pendant-2\\\/#primaryimage\",\"url\":\"https:\\\/\\\/static.purejewels.com\\\/wp-content\\\/uploads\\\/2017\\\/09\\\/14485-2X.png\",\"contentUrl\":\"https:\\\/\\\/static.purejewels.com\\\/wp-content\\\/uploads\\\/2017\\\/09\\\/14485-2X.png\",\"width\":1000,\"height\":1000,\"caption\":\"14485-2X\"},{\"@type\":\"BreadcrumbList\",\"@id\":\"https:\\\/\\\/www.purejewels.com\\\/product\\\/18ct-diamond-pendant-2\\\/#breadcrumb\",\"itemListElement\":[{\"@type\":\"ListItem\",\"position\":1,\"name\":\"Home\",\"item\":\"https:\\\/\\\/www.purejewels.com\\\/\"},{\"@type\":\"ListItem\",\"position\":2,\"name\":\"Shop\",\"item\":\"https:\\\/\\\/www.purejewels.com\\\/shop\\\/\"},{\"@type\":\"ListItem\",\"position\":3,\"name\":\"18ct White Gold Diamond Marquise Pendant\"}]},{\"@type\":\"WebSite\",\"@id\":\"https:\\\/\\\/www.purejewels.com\\\/#website\",\"url\":\"https:\\\/\\\/www.purejewels.com\\\/\",\"name\":\"PureJewels UK\",\"description\":\"Share the Love\",\"publisher\":{\"@id\":\"https:\\\/\\\/www.purejewels.com\\\/#organization\"},\"potentialAction\":[{\"@type\":\"SearchAction\",\"target\":{\"@type\":\"EntryPoint\",\"urlTemplate\":\"https:\\\/\\\/www.purejewels.com\\\/?s={search_term_string}\"},\"query-input\":{\"@type\":\"PropertyValueSpecification\",\"valueRequired\":true,\"valueName\":\"search_term_string\"}}],\"inLanguage\":\"de\"},{\"@type\":\"Organization\",\"@id\":\"https:\\\/\\\/www.purejewels.com\\\/#organization\",\"name\":\"PureJewels UK\",\"url\":\"https:\\\/\\\/www.purejewels.com\\\/\",\"logo\":{\"@type\":\"ImageObject\",\"inLanguage\":\"de\",\"@id\":\"https:\\\/\\\/www.purejewels.com\\\/#\\\/schema\\\/logo\\\/image\\\/\",\"url\":\"https:\\\/\\\/static.purejewels.com\\\/wp-content\\\/uploads\\\/2020\\\/11\\\/Logo-PJ-New-1.png\",\"contentUrl\":\"https:\\\/\\\/static.purejewels.com\\\/wp-content\\\/uploads\\\/2020\\\/11\\\/Logo-PJ-New-1.png\",\"width\":150,\"height\":80,\"caption\":\"PureJewels UK\"},\"image\":{\"@id\":\"https:\\\/\\\/www.purejewels.com\\\/#\\\/schema\\\/logo\\\/image\\\/\"}}]}<\/script>\n<!-- \/ Yoast SEO plugin. -->","yoast_head_json":{"title":"18ct Wei\u00dfgold Diamant Marquise Anh\u00e4nger | Refined Everyday","description":"Shoppen Sie diesen eleganten Marquise-Anh\u00e4nger aus 18 Karat Wei\u00dfgold mit einer schlanken, skulpturalen Form, die mit Brillanten besetzt ist. Ein raffiniertes Design f\u00fcr die Eleganz des Alltags und sinnvolle Geschenke.","robots":{"index":"index","follow":"follow","max-snippet":"max-snippet:-1","max-image-preview":"max-image-preview:large","max-video-preview":"max-video-preview:-1"},"canonical":"https:\/\/www.purejewels.com\/de\/produkt-2\/18ct-diamant-anhanger-2\/","og_locale":"de_DE","og_type":"article","og_title":"18ct White Gold Diamond Marquise Pendant | Refined Everyday","og_description":"Shop this elegant 18ct white gold diamond marquise pendant, featuring a sleek sculpted form set with brilliant diamonds. A refined designed for everyday elegance and meaningful gifting.","og_url":"https:\/\/www.purejewels.com\/de\/produkt-2\/18ct-diamant-anhanger-2\/","og_site_name":"PureJewels UK","article_modified_time":"2026-01-19T08:03:41+00:00","og_image":[{"width":1000,"height":1000,"url":"https:\/\/static.purejewels.com\/wp-content\/uploads\/2017\/09\/14485-2X.png","type":"image\/png"}],"twitter_card":"summary_large_image","twitter_misc":{"Gesch\u00e4tzte Lesezeit":"1\u00a0Minute"},"schema":{"@context":"https:\/\/schema.org","@graph":[{"@type":["WebPage","ItemPage"],"@id":"https:\/\/www.purejewels.com\/product\/18ct-diamond-pendant-2\/","url":"https:\/\/www.purejewels.com\/product\/18ct-diamond-pendant-2\/","name":"18ct Wei\u00dfgold Diamant Marquise Anh\u00e4nger | Refined Everyday","isPartOf":{"@id":"https:\/\/www.purejewels.com\/#website"},"primaryImageOfPage":{"@id":"https:\/\/www.purejewels.com\/product\/18ct-diamond-pendant-2\/#primaryimage"},"image":{"@id":"https:\/\/www.purejewels.com\/product\/18ct-diamond-pendant-2\/#primaryimage"},"thumbnailUrl":"https:\/\/static.purejewels.com\/wp-content\/uploads\/2017\/09\/14485-2X.png","datePublished":"2017-09-13T16:03:17+00:00","dateModified":"2026-01-19T08:03:41+00:00","description":"Shoppen Sie diesen eleganten Marquise-Anh\u00e4nger aus 18 Karat Wei\u00dfgold mit einer schlanken, skulpturalen Form, die mit Brillanten besetzt ist. Ein raffiniertes Design f\u00fcr die Eleganz des Alltags und sinnvolle Geschenke.","breadcrumb":{"@id":"https:\/\/www.purejewels.com\/product\/18ct-diamond-pendant-2\/#breadcrumb"},"inLanguage":"de","potentialAction":[{"@type":"ReadAction","target":["https:\/\/www.purejewels.com\/product\/18ct-diamond-pendant-2\/"]}]},{"@type":"ImageObject","inLanguage":"de","@id":"https:\/\/www.purejewels.com\/product\/18ct-diamond-pendant-2\/#primaryimage","url":"https:\/\/static.purejewels.com\/wp-content\/uploads\/2017\/09\/14485-2X.png","contentUrl":"https:\/\/static.purejewels.com\/wp-content\/uploads\/2017\/09\/14485-2X.png","width":1000,"height":1000,"caption":"14485-2X"},{"@type":"BreadcrumbList","@id":"https:\/\/www.purejewels.com\/product\/18ct-diamond-pendant-2\/#breadcrumb","itemListElement":[{"@type":"ListItem","position":1,"name":"Home","item":"https:\/\/www.purejewels.com\/"},{"@type":"ListItem","position":2,"name":"Shop","item":"https:\/\/www.purejewels.com\/shop\/"},{"@type":"ListItem","position":3,"name":"18ct White Gold Diamond Marquise Pendant"}]},{"@type":"WebSite","@id":"https:\/\/www.purejewels.com\/#website","url":"https:\/\/www.purejewels.com\/","name":"PureJewels UK","description":"Teile die Liebe","publisher":{"@id":"https:\/\/www.purejewels.com\/#organization"},"potentialAction":[{"@type":"SearchAction","target":{"@type":"EntryPoint","urlTemplate":"https:\/\/www.purejewels.com\/?s={search_term_string}"},"query-input":{"@type":"PropertyValueSpecification","valueRequired":true,"valueName":"search_term_string"}}],"inLanguage":"de"},{"@type":"Organization","@id":"https:\/\/www.purejewels.com\/#organization","name":"PureJewels UK","url":"https:\/\/www.purejewels.com\/","logo":{"@type":"ImageObject","inLanguage":"de","@id":"https:\/\/www.purejewels.com\/#\/schema\/logo\/image\/","url":"https:\/\/static.purejewels.com\/wp-content\/uploads\/2020\/11\/Logo-PJ-New-1.png","contentUrl":"https:\/\/static.purejewels.com\/wp-content\/uploads\/2020\/11\/Logo-PJ-New-1.png","width":150,"height":80,"caption":"PureJewels UK"},"image":{"@id":"https:\/\/www.purejewels.com\/#\/schema\/logo\/image\/"}}]}},"_links":{"self":[{"href":"https:\/\/www.purejewels.com\/de\/wp-json\/wp\/v2\/product\/118260","targetHints":{"allow":["GET"]}}],"collection":[{"href":"https:\/\/www.purejewels.com\/de\/wp-json\/wp\/v2\/product"}],"about":[{"href":"https:\/\/www.purejewels.com\/de\/wp-json\/wp\/v2\/types\/product"}],"replies":[{"embeddable":true,"href":"https:\/\/www.purejewels.com\/de\/wp-json\/wp\/v2\/comments?post=118260"}],"version-history":[{"count":3,"href":"https:\/\/www.purejewels.com\/de\/wp-json\/wp\/v2\/product\/118260\/revisions"}],"predecessor-version":[{"id":424982,"href":"https:\/\/www.purejewels.com\/de\/wp-json\/wp\/v2\/product\/118260\/revisions\/424982"}],"wp:featuredmedia":[{"embeddable":true,"href":"https:\/\/www.purejewels.com\/de\/wp-json\/wp\/v2\/media\/198723"}],"wp:attachment":[{"href":"https:\/\/www.purejewels.com\/de\/wp-json\/wp\/v2\/media?parent=118260"}],"wp:term":[{"taxonomy":"product_brand","embeddable":true,"href":"https:\/\/www.purejewels.com\/de\/wp-json\/wp\/v2\/product_brand?post=118260"},{"taxonomy":"product_cat","embeddable":true,"href":"https:\/\/www.purejewels.com\/de\/wp-json\/wp\/v2\/product_cat?post=118260"},{"taxonomy":"product_tag","embeddable":true,"href":"https:\/\/www.purejewels.com\/de\/wp-json\/wp\/v2\/product_tag?post=118260"}],"curies":[{"name":"wp","href":"https:\/\/api.w.org\/{rel}","templated":true}]}}