{"id":118274,"date":"2017-09-13T17:03:21","date_gmt":"2017-09-13T16:03:21","guid":{"rendered":"https:\/\/www.purejewels.com\/product\/diamond-cut-necklace-3\/"},"modified":"2025-11-25T08:40:34","modified_gmt":"2025-11-25T08:40:34","slug":"halskette-mit-diamantschliff-3","status":"publish","type":"product","link":"https:\/\/www.purejewels.com\/de\/product\/diamond-cut-necklace-3\/","title":{"rendered":"22 Karat Gold Diamantschliff Perlenkaskadenkette"},"content":{"rendered":"<h3 data-start=\"148\" data-end=\"172\"><strong data-start=\"152\" data-end=\"170\">Designkonzept<\/strong><\/h3>\n<p data-start=\"173\" data-end=\"576\">Die <em data-start=\"177\" data-end=\"222\">22 Karat Gold Diamantschliff Perlenkaskadenkette<\/em> ist eine elegante Hommage an klassische Sch\u00f6nheit und rhythmisches Design. Inspiriert von traditioneller s\u00fcdasiatischer Perlenstickerei, zelebriert diese Halskette flie\u00dfende Symmetrie und die zeitlose Eleganz von Gold. Die mittlere Reihe aus polierten, diamantgeschliffenen Perlen geht sanft in eine flie\u00dfende Kaskade feiner Str\u00e4nge \u00fcber und vermittelt einen Eindruck von m\u00fcheloser Raffinesse.<\/p>\n<h3 data-start=\"583\" data-end=\"606\"><strong data-start=\"587\" data-end=\"604\">Handwerkliches K\u00f6nnen<\/strong><\/h3>\n<p data-start=\"607\" data-end=\"1050\">Jede Perle ist sorgf\u00e4ltig aus hochreinem 22-kar\u00e4tigem Gold handgefertigt und verf\u00fcgt \u00fcber pr\u00e4zise diamantgeschliffene Facetten, die das Licht aus jedem Winkel einfangen und bei jeder Bewegung einen subtilen Schimmer erzeugen. Die Perlen sind mit gleichm\u00e4\u00dfiger Pr\u00e4zision aufgereiht, und die verl\u00e4ngerten mehrstr\u00e4ngigen Segmente sind durch aufwendig gearbeitete Goldelemente verankert. Das gesamte St\u00fcck spiegelt das Engagement von PureJewels wider, alte Goldschmiedetechniken zu bewahren und mit zeitgen\u00f6ssischer Finesse zu verbinden.<\/p>\n<h3 data-start=\"1147\" data-end=\"1170\"><strong data-start=\"1151\" data-end=\"1168\">Styling-Ideen<\/strong><\/h3>\n<p data-start=\"1171\" data-end=\"1614\">Diese Halskette eignet sich sowohl f\u00fcr formelle Anl\u00e4sse als auch f\u00fcr intime Feiern und kann zu traditionellen Saris, Lehengas oder sogar zu einem eleganten Abendkleid getragen werden. Durch ihr minimalistisches und dennoch aufwendiges Design l\u00e4sst sie sich perfekt mit Chokern oder l\u00e4ngeren Halsketten im Tempelstil kombinieren. Tragen Sie dazu passende Ohrringe oder Armreifen aus Gold mit Diamantschliff, um ein harmonisches, edles Ensemble zu schaffen. Die leichte und leuchtende Halskette ist auch ein bedeutungsvolles Geschenk f\u00fcr Hochzeiten oder Jubil\u00e4en.<\/p>","protected":false},"excerpt":{"rendered":"<ul>\n<li>22 Karat Sparkle Finish Brautkette<\/li>\n<li>Gewicht : 27.3 gr.<\/li>\n<li>Alle Preise inklusive Mehrwertsteuer<\/li>\n<li>22ct Gold gestempelt von London Assay Office<\/li>\n<li>Alle Sets werden mit Pr\u00e4sentationsbox geliefert<\/li>\n<li>Lieferung inbegriffen<\/li>\n<li>Live-Chat mit uns f\u00fcr die Verf\u00fcgbarkeit und mehr Bilder von \u00e4hnlichen Designs derzeit auf Lager<\/li>\n<\/ul>","protected":false},"featured_media":198804,"comment_status":"closed","ping_status":"closed","template":"","meta":{"_eb_attr":"","_crsspst_to_jayantr4sg-hostcom":false},"product_brand":[],"product_cat":[1778],"product_tag":[],"class_list":{"0":"post-118274","1":"product","2":"type-product","3":"status-publish","4":"has-post-thumbnail","6":"product_cat-short-necklaces","8":"first","9":"outofstock","10":"taxable","11":"shipping-taxable","12":"product-type-simple","13":"add-to-wishlist-before_image"},"yoast_head":"<!-- This site is optimized with the Yoast SEO plugin v27.3 - https:\/\/yoast.com\/product\/yoast-seo-wordpress\/ -->\n<title>22ct Gold Diamond-Cut Bead Cascade Necklace | PureJewels<\/title>\n<meta name=\"description\" content=\"Graceful 22ct gold necklace with diamond-cut beads and layered strands. A timeless cascade design that radiates elegance and fine craftsmanship.\" \/>\n<meta name=\"robots\" content=\"index, follow, max-snippet:-1, max-image-preview:large, max-video-preview:-1\" \/>\n<link rel=\"canonical\" href=\"https:\/\/www.purejewels.com\/de\/produkt-2\/halskette-mit-diamantschliff-3\/\" \/>\n<meta property=\"og:locale\" content=\"de_DE\" \/>\n<meta property=\"og:type\" content=\"article\" \/>\n<meta property=\"og:title\" content=\"22ct Gold Diamond-Cut Bead Cascade Necklace | PureJewels\" \/>\n<meta property=\"og:description\" content=\"Graceful 22ct gold necklace with diamond-cut beads and layered strands. A timeless cascade design that radiates elegance and fine craftsmanship.\" \/>\n<meta property=\"og:url\" content=\"https:\/\/www.purejewels.com\/de\/produkt-2\/halskette-mit-diamantschliff-3\/\" \/>\n<meta property=\"og:site_name\" content=\"PureJewels UK\" \/>\n<meta property=\"article:modified_time\" content=\"2025-11-25T08:40:34+00:00\" \/>\n<meta property=\"og:image\" content=\"https:\/\/www.purejewels.com\/wp-content\/uploads\/2017\/09\/26368-1X.png\" \/>\n\t<meta property=\"og:image:width\" content=\"1000\" \/>\n\t<meta property=\"og:image:height\" content=\"1000\" \/>\n\t<meta property=\"og:image:type\" content=\"image\/png\" \/>\n<meta name=\"twitter:card\" content=\"summary_large_image\" \/>\n<meta name=\"twitter:label1\" content=\"Gesch\u00e4tzte Lesezeit\" \/>\n\t<meta name=\"twitter:data1\" content=\"2\u00a0Minuten\" \/>\n<script type=\"application\/ld+json\" class=\"yoast-schema-graph\">{\"@context\":\"https:\\\/\\\/schema.org\",\"@graph\":[{\"@type\":[\"WebPage\",\"ItemPage\"],\"@id\":\"https:\\\/\\\/www.purejewels.com\\\/product\\\/diamond-cut-necklace-3\\\/\",\"url\":\"https:\\\/\\\/www.purejewels.com\\\/product\\\/diamond-cut-necklace-3\\\/\",\"name\":\"22ct Gold Diamond-Cut Bead Cascade Necklace | PureJewels\",\"isPartOf\":{\"@id\":\"https:\\\/\\\/www.purejewels.com\\\/#website\"},\"primaryImageOfPage\":{\"@id\":\"https:\\\/\\\/www.purejewels.com\\\/product\\\/diamond-cut-necklace-3\\\/#primaryimage\"},\"image\":{\"@id\":\"https:\\\/\\\/www.purejewels.com\\\/product\\\/diamond-cut-necklace-3\\\/#primaryimage\"},\"thumbnailUrl\":\"https:\\\/\\\/static.purejewels.com\\\/wp-content\\\/uploads\\\/2017\\\/09\\\/26368-1X.png\",\"datePublished\":\"2017-09-13T16:03:21+00:00\",\"dateModified\":\"2025-11-25T08:40:34+00:00\",\"description\":\"Graceful 22ct gold necklace with diamond-cut beads and layered strands. A timeless cascade design that radiates elegance and fine craftsmanship.\",\"breadcrumb\":{\"@id\":\"https:\\\/\\\/www.purejewels.com\\\/product\\\/diamond-cut-necklace-3\\\/#breadcrumb\"},\"inLanguage\":\"de\",\"potentialAction\":[{\"@type\":\"ReadAction\",\"target\":[\"https:\\\/\\\/www.purejewels.com\\\/product\\\/diamond-cut-necklace-3\\\/\"]}]},{\"@type\":\"ImageObject\",\"inLanguage\":\"de\",\"@id\":\"https:\\\/\\\/www.purejewels.com\\\/product\\\/diamond-cut-necklace-3\\\/#primaryimage\",\"url\":\"https:\\\/\\\/static.purejewels.com\\\/wp-content\\\/uploads\\\/2017\\\/09\\\/26368-1X.png\",\"contentUrl\":\"https:\\\/\\\/static.purejewels.com\\\/wp-content\\\/uploads\\\/2017\\\/09\\\/26368-1X.png\",\"width\":1000,\"height\":1000,\"caption\":\"26368-1X\"},{\"@type\":\"BreadcrumbList\",\"@id\":\"https:\\\/\\\/www.purejewels.com\\\/product\\\/diamond-cut-necklace-3\\\/#breadcrumb\",\"itemListElement\":[{\"@type\":\"ListItem\",\"position\":1,\"name\":\"Home\",\"item\":\"https:\\\/\\\/www.purejewels.com\\\/\"},{\"@type\":\"ListItem\",\"position\":2,\"name\":\"Shop\",\"item\":\"https:\\\/\\\/www.purejewels.com\\\/shop\\\/\"},{\"@type\":\"ListItem\",\"position\":3,\"name\":\"22ct Gold Diamond-Cut Bead Cascade Necklace\"}]},{\"@type\":\"WebSite\",\"@id\":\"https:\\\/\\\/www.purejewels.com\\\/#website\",\"url\":\"https:\\\/\\\/www.purejewels.com\\\/\",\"name\":\"PureJewels UK\",\"description\":\"Share the Love\",\"publisher\":{\"@id\":\"https:\\\/\\\/www.purejewels.com\\\/#organization\"},\"potentialAction\":[{\"@type\":\"SearchAction\",\"target\":{\"@type\":\"EntryPoint\",\"urlTemplate\":\"https:\\\/\\\/www.purejewels.com\\\/?s={search_term_string}\"},\"query-input\":{\"@type\":\"PropertyValueSpecification\",\"valueRequired\":true,\"valueName\":\"search_term_string\"}}],\"inLanguage\":\"de\"},{\"@type\":\"Organization\",\"@id\":\"https:\\\/\\\/www.purejewels.com\\\/#organization\",\"name\":\"PureJewels UK\",\"url\":\"https:\\\/\\\/www.purejewels.com\\\/\",\"logo\":{\"@type\":\"ImageObject\",\"inLanguage\":\"de\",\"@id\":\"https:\\\/\\\/www.purejewels.com\\\/#\\\/schema\\\/logo\\\/image\\\/\",\"url\":\"https:\\\/\\\/static.purejewels.com\\\/wp-content\\\/uploads\\\/2020\\\/11\\\/Logo-PJ-New-1.png\",\"contentUrl\":\"https:\\\/\\\/static.purejewels.com\\\/wp-content\\\/uploads\\\/2020\\\/11\\\/Logo-PJ-New-1.png\",\"width\":150,\"height\":80,\"caption\":\"PureJewels UK\"},\"image\":{\"@id\":\"https:\\\/\\\/www.purejewels.com\\\/#\\\/schema\\\/logo\\\/image\\\/\"}}]}<\/script>\n<!-- \/ Yoast SEO plugin. -->","yoast_head_json":{"title":"22 Karat Gold-Halskette mit diamantgeschliffenen Perlen | PureJewels","description":"Anmutige Halskette aus 22 Karat Gold mit diamantgeschliffenen Perlen und mehrreihigen Str\u00e4ngen. Ein zeitloses Kaskadendesign, das Eleganz und feine Handwerkskunst ausstrahlt.","robots":{"index":"index","follow":"follow","max-snippet":"max-snippet:-1","max-image-preview":"max-image-preview:large","max-video-preview":"max-video-preview:-1"},"canonical":"https:\/\/www.purejewels.com\/de\/produkt-2\/halskette-mit-diamantschliff-3\/","og_locale":"de_DE","og_type":"article","og_title":"22ct Gold Diamond-Cut Bead Cascade Necklace | PureJewels","og_description":"Graceful 22ct gold necklace with diamond-cut beads and layered strands. A timeless cascade design that radiates elegance and fine craftsmanship.","og_url":"https:\/\/www.purejewels.com\/de\/produkt-2\/halskette-mit-diamantschliff-3\/","og_site_name":"PureJewels UK","article_modified_time":"2025-11-25T08:40:34+00:00","og_image":[{"width":1000,"height":1000,"url":"https:\/\/www.purejewels.com\/wp-content\/uploads\/2017\/09\/26368-1X.png","type":"image\/png"}],"twitter_card":"summary_large_image","twitter_misc":{"Gesch\u00e4tzte Lesezeit":"2\u00a0Minuten"},"schema":{"@context":"https:\/\/schema.org","@graph":[{"@type":["WebPage","ItemPage"],"@id":"https:\/\/www.purejewels.com\/product\/diamond-cut-necklace-3\/","url":"https:\/\/www.purejewels.com\/product\/diamond-cut-necklace-3\/","name":"22 Karat Gold-Halskette mit diamantgeschliffenen Perlen | PureJewels","isPartOf":{"@id":"https:\/\/www.purejewels.com\/#website"},"primaryImageOfPage":{"@id":"https:\/\/www.purejewels.com\/product\/diamond-cut-necklace-3\/#primaryimage"},"image":{"@id":"https:\/\/www.purejewels.com\/product\/diamond-cut-necklace-3\/#primaryimage"},"thumbnailUrl":"https:\/\/static.purejewels.com\/wp-content\/uploads\/2017\/09\/26368-1X.png","datePublished":"2017-09-13T16:03:21+00:00","dateModified":"2025-11-25T08:40:34+00:00","description":"Anmutige Halskette aus 22 Karat Gold mit diamantgeschliffenen Perlen und mehrreihigen Str\u00e4ngen. Ein zeitloses Kaskadendesign, das Eleganz und feine Handwerkskunst ausstrahlt.","breadcrumb":{"@id":"https:\/\/www.purejewels.com\/product\/diamond-cut-necklace-3\/#breadcrumb"},"inLanguage":"de","potentialAction":[{"@type":"ReadAction","target":["https:\/\/www.purejewels.com\/product\/diamond-cut-necklace-3\/"]}]},{"@type":"ImageObject","inLanguage":"de","@id":"https:\/\/www.purejewels.com\/product\/diamond-cut-necklace-3\/#primaryimage","url":"https:\/\/static.purejewels.com\/wp-content\/uploads\/2017\/09\/26368-1X.png","contentUrl":"https:\/\/static.purejewels.com\/wp-content\/uploads\/2017\/09\/26368-1X.png","width":1000,"height":1000,"caption":"26368-1X"},{"@type":"BreadcrumbList","@id":"https:\/\/www.purejewels.com\/product\/diamond-cut-necklace-3\/#breadcrumb","itemListElement":[{"@type":"ListItem","position":1,"name":"Home","item":"https:\/\/www.purejewels.com\/"},{"@type":"ListItem","position":2,"name":"Shop","item":"https:\/\/www.purejewels.com\/shop\/"},{"@type":"ListItem","position":3,"name":"22ct Gold Diamond-Cut Bead Cascade Necklace"}]},{"@type":"WebSite","@id":"https:\/\/www.purejewels.com\/#website","url":"https:\/\/www.purejewels.com\/","name":"PureJewels UK","description":"Teile die Liebe","publisher":{"@id":"https:\/\/www.purejewels.com\/#organization"},"potentialAction":[{"@type":"SearchAction","target":{"@type":"EntryPoint","urlTemplate":"https:\/\/www.purejewels.com\/?s={search_term_string}"},"query-input":{"@type":"PropertyValueSpecification","valueRequired":true,"valueName":"search_term_string"}}],"inLanguage":"de"},{"@type":"Organization","@id":"https:\/\/www.purejewels.com\/#organization","name":"PureJewels UK","url":"https:\/\/www.purejewels.com\/","logo":{"@type":"ImageObject","inLanguage":"de","@id":"https:\/\/www.purejewels.com\/#\/schema\/logo\/image\/","url":"https:\/\/static.purejewels.com\/wp-content\/uploads\/2020\/11\/Logo-PJ-New-1.png","contentUrl":"https:\/\/static.purejewels.com\/wp-content\/uploads\/2020\/11\/Logo-PJ-New-1.png","width":150,"height":80,"caption":"PureJewels UK"},"image":{"@id":"https:\/\/www.purejewels.com\/#\/schema\/logo\/image\/"}}]}},"_links":{"self":[{"href":"https:\/\/www.purejewels.com\/de\/wp-json\/wp\/v2\/product\/118274","targetHints":{"allow":["GET"]}}],"collection":[{"href":"https:\/\/www.purejewels.com\/de\/wp-json\/wp\/v2\/product"}],"about":[{"href":"https:\/\/www.purejewels.com\/de\/wp-json\/wp\/v2\/types\/product"}],"replies":[{"embeddable":true,"href":"https:\/\/www.purejewels.com\/de\/wp-json\/wp\/v2\/comments?post=118274"}],"version-history":[{"count":3,"href":"https:\/\/www.purejewels.com\/de\/wp-json\/wp\/v2\/product\/118274\/revisions"}],"predecessor-version":[{"id":421811,"href":"https:\/\/www.purejewels.com\/de\/wp-json\/wp\/v2\/product\/118274\/revisions\/421811"}],"wp:featuredmedia":[{"embeddable":true,"href":"https:\/\/www.purejewels.com\/de\/wp-json\/wp\/v2\/media\/198804"}],"wp:attachment":[{"href":"https:\/\/www.purejewels.com\/de\/wp-json\/wp\/v2\/media?parent=118274"}],"wp:term":[{"taxonomy":"product_brand","embeddable":true,"href":"https:\/\/www.purejewels.com\/de\/wp-json\/wp\/v2\/product_brand?post=118274"},{"taxonomy":"product_cat","embeddable":true,"href":"https:\/\/www.purejewels.com\/de\/wp-json\/wp\/v2\/product_cat?post=118274"},{"taxonomy":"product_tag","embeddable":true,"href":"https:\/\/www.purejewels.com\/de\/wp-json\/wp\/v2\/product_tag?post=118274"}],"curies":[{"name":"wp","href":"https:\/\/api.w.org\/{rel}","templated":true}]}}