{"id":118278,"date":"2017-09-13T17:03:21","date_gmt":"2017-09-13T16:03:21","guid":{"rendered":"https:\/\/www.purejewels.com\/product\/18ct-diamond-pendant-4\/"},"modified":"2026-01-06T08:08:47","modified_gmt":"2026-01-06T08:08:47","slug":"18ct-diamant-anhanger-4","status":"publish","type":"product","link":"https:\/\/www.purejewels.com\/de\/product\/18ct-diamond-pendant-4\/","title":{"rendered":"DIYA 18ct Diamant-Anh\u00e4nger"},"content":{"rendered":"<p>&nbsp;<\/p>\n<ul>\n<li>Wt. 3.7grms<\/li>\n<li>SKU 26704<\/li>\n<\/ul>","protected":false},"excerpt":{"rendered":"<table style=\"width: 669px;\" width=\"702\">\n<tbody>\n<tr>\n<td style=\"width: 669px;\" width=\"702\">W\u00e4hlen Sie eine Galaxie aus Diamanten f\u00fcr ein Geschenk, an das sie sich immer erinnern wird.  Unser Diamantanh\u00e4nger Diya Polki ist ein luxuri\u00f6ser Ausdruck der reinen Liebe.  Er ist mit ungeschliffenen Diamanten (Polki) besetzt, die in ihrem nat\u00fcrlichen Zustand voller Pers\u00f6nlichkeit und Glanz sind.  Dieser sehr begehrenswerte Anh\u00e4nger wird von modebewussten Frauen und Pinterest-S\u00fcchtigen geliebt werden.  *Die Diya-Kollektion ist fast vollst\u00e4ndig ausverkauft, bitte bestellen Sie jetzt, um Entt\u00e4uschungen zu vermeiden.<\/p>\n<ul>\n<li>\u00a03.7gm<\/li>\n<li>\u00a01,68 ct<\/li>\n<li>Kette nicht enthalten.<\/li>\n<\/ul>\n<\/td>\n<\/tr>\n<\/tbody>\n<\/table>\n<ul>\n<li>Diamant-Brautanh\u00e4nger aus 18 Karat Gold mit ungeschliffenen Polki-Diamanten<\/li>\n<li>Wt. 3.7grms<\/li>\n<li>Diamant Gewicht 1.68Ct.<\/li>\n<li>Die Kette ist nicht enthalten.<\/li>\n<li>Gepunzt von London Assay Office<\/li>\n<li>Alle Sets werden mit Pr\u00e4sentationsbox geliefert<\/li>\n<li>Lieferung inbegriffen<\/li>\n<li>Alle Preise inklusive Mehrwertsteuer<\/li>\n<\/ul>\n<p>Live-Chat mit uns f\u00fcr die Verf\u00fcgbarkeit und mehr Bilder von \u00e4hnlichen Designs derzeit auf Lager<\/p>","protected":false},"featured_media":198774,"comment_status":"closed","ping_status":"closed","template":"","meta":{"_eb_attr":"","_crsspst_to_jayantr4sg-hostcom":false},"product_brand":[],"product_cat":[1559,1533,254,1770,1255,1767,1573,1574],"product_tag":[],"class_list":{"0":"post-118278","1":"product","2":"type-product","3":"status-publish","4":"has-post-thumbnail","6":"product_cat-birthday-gifts","7":"product_cat-diamond-jewellery-set","8":"product_cat-diya-collections","9":"product_cat-fancy-pendants","10":"product_cat-gold-pendants","11":"product_cat-ladies-pendants","12":"product_cat-wedding-gifts","13":"product_cat-womens-jewellery","15":"first","16":"outofstock","17":"sale","18":"taxable","19":"shipping-taxable","20":"product-type-simple","21":"add-to-wishlist-before_image"},"yoast_head":"<!-- This site is optimized with the Yoast SEO plugin v27.3 - https:\/\/yoast.com\/product\/yoast-seo-wordpress\/ -->\n<title>DIYA 18ct Diamond Pendant - PureJewels UK<\/title>\n<meta name=\"robots\" content=\"index, follow, max-snippet:-1, max-image-preview:large, max-video-preview:-1\" \/>\n<link rel=\"canonical\" href=\"https:\/\/www.purejewels.com\/de\/produkt-2\/18ct-diamant-anhanger-4\/\" \/>\n<meta property=\"og:locale\" content=\"de_DE\" \/>\n<meta property=\"og:type\" content=\"article\" \/>\n<meta property=\"og:title\" content=\"DIYA 18ct Diamond Pendant - PureJewels UK\" \/>\n<meta property=\"og:description\" content=\"For a gift she&#039;ll remember forever, choose a galaxy of diamonds.\u00a0 Our Diya Polki diamond pendant is a luxurious expression of pure love.\u00a0 It is positively loaded with uncut diamonds (polki), which, in their natural state, are full of personality and lustre.\u00a0 This highly covetable pendant will be adored by fashion-forward women and Pinterest addicts.\u00a0 *The Diya collection has almost entirely sold out, so please order now to avoid disappointment   \u00a03.7gm  \u00a01.68 ct  Chain not included.        18ct Gold Bridal Diamond Pendant With Uncut Polki Diamonds  Wt. 3.7grms  Diamond Wt. 1.68Cts  Chain is not included.  Hallmarked by London Assay Office  All Sets Comes With Presentation Box  Delivery Included  All prices include VAT  Live chat with us for availability and more images of similar designs currently in stock\" \/>\n<meta property=\"og:url\" content=\"https:\/\/www.purejewels.com\/de\/produkt-2\/18ct-diamant-anhanger-4\/\" \/>\n<meta property=\"og:site_name\" content=\"PureJewels UK\" \/>\n<meta property=\"article:modified_time\" content=\"2026-01-06T08:08:47+00:00\" \/>\n<meta property=\"og:image\" content=\"https:\/\/www.purejewels.com\/wp-content\/uploads\/2017\/09\/26704-1X.png\" \/>\n\t<meta property=\"og:image:width\" content=\"1000\" \/>\n\t<meta property=\"og:image:height\" content=\"1000\" \/>\n\t<meta property=\"og:image:type\" content=\"image\/png\" \/>\n<meta name=\"twitter:card\" content=\"summary_large_image\" \/>\n<script type=\"application\/ld+json\" class=\"yoast-schema-graph\">{\"@context\":\"https:\\\/\\\/schema.org\",\"@graph\":[{\"@type\":[\"WebPage\",\"ItemPage\"],\"@id\":\"https:\\\/\\\/www.purejewels.com\\\/product\\\/18ct-diamond-pendant-4\\\/\",\"url\":\"https:\\\/\\\/www.purejewels.com\\\/product\\\/18ct-diamond-pendant-4\\\/\",\"name\":\"DIYA 18ct Diamond Pendant - PureJewels UK\",\"isPartOf\":{\"@id\":\"https:\\\/\\\/www.purejewels.com\\\/#website\"},\"primaryImageOfPage\":{\"@id\":\"https:\\\/\\\/www.purejewels.com\\\/product\\\/18ct-diamond-pendant-4\\\/#primaryimage\"},\"image\":{\"@id\":\"https:\\\/\\\/www.purejewels.com\\\/product\\\/18ct-diamond-pendant-4\\\/#primaryimage\"},\"thumbnailUrl\":\"https:\\\/\\\/static.purejewels.com\\\/wp-content\\\/uploads\\\/2017\\\/09\\\/26704-1X.png\",\"datePublished\":\"2017-09-13T16:03:21+00:00\",\"dateModified\":\"2026-01-06T08:08:47+00:00\",\"breadcrumb\":{\"@id\":\"https:\\\/\\\/www.purejewels.com\\\/product\\\/18ct-diamond-pendant-4\\\/#breadcrumb\"},\"inLanguage\":\"de\",\"potentialAction\":[{\"@type\":\"ReadAction\",\"target\":[\"https:\\\/\\\/www.purejewels.com\\\/product\\\/18ct-diamond-pendant-4\\\/\"]}]},{\"@type\":\"ImageObject\",\"inLanguage\":\"de\",\"@id\":\"https:\\\/\\\/www.purejewels.com\\\/product\\\/18ct-diamond-pendant-4\\\/#primaryimage\",\"url\":\"https:\\\/\\\/static.purejewels.com\\\/wp-content\\\/uploads\\\/2017\\\/09\\\/26704-1X.png\",\"contentUrl\":\"https:\\\/\\\/static.purejewels.com\\\/wp-content\\\/uploads\\\/2017\\\/09\\\/26704-1X.png\",\"width\":1000,\"height\":1000,\"caption\":\"26704-1X\"},{\"@type\":\"BreadcrumbList\",\"@id\":\"https:\\\/\\\/www.purejewels.com\\\/product\\\/18ct-diamond-pendant-4\\\/#breadcrumb\",\"itemListElement\":[{\"@type\":\"ListItem\",\"position\":1,\"name\":\"Home\",\"item\":\"https:\\\/\\\/www.purejewels.com\\\/\"},{\"@type\":\"ListItem\",\"position\":2,\"name\":\"Shop\",\"item\":\"https:\\\/\\\/www.purejewels.com\\\/shop\\\/\"},{\"@type\":\"ListItem\",\"position\":3,\"name\":\"DIYA 18ct Diamond Pendant\"}]},{\"@type\":\"WebSite\",\"@id\":\"https:\\\/\\\/www.purejewels.com\\\/#website\",\"url\":\"https:\\\/\\\/www.purejewels.com\\\/\",\"name\":\"PureJewels UK\",\"description\":\"Share the Love\",\"publisher\":{\"@id\":\"https:\\\/\\\/www.purejewels.com\\\/#organization\"},\"potentialAction\":[{\"@type\":\"SearchAction\",\"target\":{\"@type\":\"EntryPoint\",\"urlTemplate\":\"https:\\\/\\\/www.purejewels.com\\\/?s={search_term_string}\"},\"query-input\":{\"@type\":\"PropertyValueSpecification\",\"valueRequired\":true,\"valueName\":\"search_term_string\"}}],\"inLanguage\":\"de\"},{\"@type\":\"Organization\",\"@id\":\"https:\\\/\\\/www.purejewels.com\\\/#organization\",\"name\":\"PureJewels UK\",\"url\":\"https:\\\/\\\/www.purejewels.com\\\/\",\"logo\":{\"@type\":\"ImageObject\",\"inLanguage\":\"de\",\"@id\":\"https:\\\/\\\/www.purejewels.com\\\/#\\\/schema\\\/logo\\\/image\\\/\",\"url\":\"https:\\\/\\\/static.purejewels.com\\\/wp-content\\\/uploads\\\/2020\\\/11\\\/Logo-PJ-New-1.png\",\"contentUrl\":\"https:\\\/\\\/static.purejewels.com\\\/wp-content\\\/uploads\\\/2020\\\/11\\\/Logo-PJ-New-1.png\",\"width\":150,\"height\":80,\"caption\":\"PureJewels UK\"},\"image\":{\"@id\":\"https:\\\/\\\/www.purejewels.com\\\/#\\\/schema\\\/logo\\\/image\\\/\"}}]}<\/script>\n<!-- \/ Yoast SEO plugin. -->","yoast_head_json":{"title":"DIYA 18ct Diamant-Anh\u00e4nger - PureJewels UK","robots":{"index":"index","follow":"follow","max-snippet":"max-snippet:-1","max-image-preview":"max-image-preview:large","max-video-preview":"max-video-preview:-1"},"canonical":"https:\/\/www.purejewels.com\/de\/produkt-2\/18ct-diamant-anhanger-4\/","og_locale":"de_DE","og_type":"article","og_title":"DIYA 18ct Diamond Pendant - PureJewels UK","og_description":"For a gift she'll remember forever, choose a galaxy of diamonds.\u00a0 Our Diya Polki diamond pendant is a luxurious expression of pure love.\u00a0 It is positively loaded with uncut diamonds (polki), which, in their natural state, are full of personality and lustre.\u00a0 This highly covetable pendant will be adored by fashion-forward women and Pinterest addicts.\u00a0 *The Diya collection has almost entirely sold out, so please order now to avoid disappointment   \u00a03.7gm  \u00a01.68 ct  Chain not included.        18ct Gold Bridal Diamond Pendant With Uncut Polki Diamonds  Wt. 3.7grms  Diamond Wt. 1.68Cts  Chain is not included.  Hallmarked by London Assay Office  All Sets Comes With Presentation Box  Delivery Included  All prices include VAT  Live chat with us for availability and more images of similar designs currently in stock","og_url":"https:\/\/www.purejewels.com\/de\/produkt-2\/18ct-diamant-anhanger-4\/","og_site_name":"PureJewels UK","article_modified_time":"2026-01-06T08:08:47+00:00","og_image":[{"width":1000,"height":1000,"url":"https:\/\/www.purejewels.com\/wp-content\/uploads\/2017\/09\/26704-1X.png","type":"image\/png"}],"twitter_card":"summary_large_image","schema":{"@context":"https:\/\/schema.org","@graph":[{"@type":["WebPage","ItemPage"],"@id":"https:\/\/www.purejewels.com\/product\/18ct-diamond-pendant-4\/","url":"https:\/\/www.purejewels.com\/product\/18ct-diamond-pendant-4\/","name":"DIYA 18ct Diamant-Anh\u00e4nger - PureJewels UK","isPartOf":{"@id":"https:\/\/www.purejewels.com\/#website"},"primaryImageOfPage":{"@id":"https:\/\/www.purejewels.com\/product\/18ct-diamond-pendant-4\/#primaryimage"},"image":{"@id":"https:\/\/www.purejewels.com\/product\/18ct-diamond-pendant-4\/#primaryimage"},"thumbnailUrl":"https:\/\/static.purejewels.com\/wp-content\/uploads\/2017\/09\/26704-1X.png","datePublished":"2017-09-13T16:03:21+00:00","dateModified":"2026-01-06T08:08:47+00:00","breadcrumb":{"@id":"https:\/\/www.purejewels.com\/product\/18ct-diamond-pendant-4\/#breadcrumb"},"inLanguage":"de","potentialAction":[{"@type":"ReadAction","target":["https:\/\/www.purejewels.com\/product\/18ct-diamond-pendant-4\/"]}]},{"@type":"ImageObject","inLanguage":"de","@id":"https:\/\/www.purejewels.com\/product\/18ct-diamond-pendant-4\/#primaryimage","url":"https:\/\/static.purejewels.com\/wp-content\/uploads\/2017\/09\/26704-1X.png","contentUrl":"https:\/\/static.purejewels.com\/wp-content\/uploads\/2017\/09\/26704-1X.png","width":1000,"height":1000,"caption":"26704-1X"},{"@type":"BreadcrumbList","@id":"https:\/\/www.purejewels.com\/product\/18ct-diamond-pendant-4\/#breadcrumb","itemListElement":[{"@type":"ListItem","position":1,"name":"Home","item":"https:\/\/www.purejewels.com\/"},{"@type":"ListItem","position":2,"name":"Shop","item":"https:\/\/www.purejewels.com\/shop\/"},{"@type":"ListItem","position":3,"name":"DIYA 18ct Diamond Pendant"}]},{"@type":"WebSite","@id":"https:\/\/www.purejewels.com\/#website","url":"https:\/\/www.purejewels.com\/","name":"PureJewels UK","description":"Teile die Liebe","publisher":{"@id":"https:\/\/www.purejewels.com\/#organization"},"potentialAction":[{"@type":"SearchAction","target":{"@type":"EntryPoint","urlTemplate":"https:\/\/www.purejewels.com\/?s={search_term_string}"},"query-input":{"@type":"PropertyValueSpecification","valueRequired":true,"valueName":"search_term_string"}}],"inLanguage":"de"},{"@type":"Organization","@id":"https:\/\/www.purejewels.com\/#organization","name":"PureJewels UK","url":"https:\/\/www.purejewels.com\/","logo":{"@type":"ImageObject","inLanguage":"de","@id":"https:\/\/www.purejewels.com\/#\/schema\/logo\/image\/","url":"https:\/\/static.purejewels.com\/wp-content\/uploads\/2020\/11\/Logo-PJ-New-1.png","contentUrl":"https:\/\/static.purejewels.com\/wp-content\/uploads\/2020\/11\/Logo-PJ-New-1.png","width":150,"height":80,"caption":"PureJewels UK"},"image":{"@id":"https:\/\/www.purejewels.com\/#\/schema\/logo\/image\/"}}]}},"_links":{"self":[{"href":"https:\/\/www.purejewels.com\/de\/wp-json\/wp\/v2\/product\/118278","targetHints":{"allow":["GET"]}}],"collection":[{"href":"https:\/\/www.purejewels.com\/de\/wp-json\/wp\/v2\/product"}],"about":[{"href":"https:\/\/www.purejewels.com\/de\/wp-json\/wp\/v2\/types\/product"}],"replies":[{"embeddable":true,"href":"https:\/\/www.purejewels.com\/de\/wp-json\/wp\/v2\/comments?post=118278"}],"version-history":[{"count":0,"href":"https:\/\/www.purejewels.com\/de\/wp-json\/wp\/v2\/product\/118278\/revisions"}],"wp:featuredmedia":[{"embeddable":true,"href":"https:\/\/www.purejewels.com\/de\/wp-json\/wp\/v2\/media\/198774"}],"wp:attachment":[{"href":"https:\/\/www.purejewels.com\/de\/wp-json\/wp\/v2\/media?parent=118278"}],"wp:term":[{"taxonomy":"product_brand","embeddable":true,"href":"https:\/\/www.purejewels.com\/de\/wp-json\/wp\/v2\/product_brand?post=118278"},{"taxonomy":"product_cat","embeddable":true,"href":"https:\/\/www.purejewels.com\/de\/wp-json\/wp\/v2\/product_cat?post=118278"},{"taxonomy":"product_tag","embeddable":true,"href":"https:\/\/www.purejewels.com\/de\/wp-json\/wp\/v2\/product_tag?post=118278"}],"curies":[{"name":"wp","href":"https:\/\/api.w.org\/{rel}","templated":true}]}}