{"id":212200,"date":"2017-10-16T22:40:40","date_gmt":"2017-10-16T21:40:40","guid":{"rendered":"https:\/\/www.purejewels.com\/?post_type=product&#038;p=212200"},"modified":"2026-02-26T05:12:45","modified_gmt":"2026-02-26T05:12:45","slug":"purejewels-krishna-silber-tola","status":"publish","type":"product","link":"https:\/\/www.purejewels.com\/de\/product\/purejewels-krishna-silver-tola\/","title":{"rendered":"PureJewels' Krishna Silber Tola"},"content":{"rendered":"<p>SKU 27133krish<\/p>","protected":false},"excerpt":{"rendered":"<p>Die Legende besagt, dass, als Krishna in den Govardhan-H\u00fcgeln auf seiner Fl\u00f6te spielte, die s\u00fc\u00dfe Melodie die Pfauen zum Tanzen brachte. Die Pfauenfeder wurde Krishna als Opfergabe gegeben, die er gn\u00e4dig annahm. Krishna, der achte Avatar des Herrn Vishnu, ist der Gott des Mitgef\u00fchls, der Z\u00e4rtlichkeit und der Liebe. Wenn man Krishna mit den Pfauenfedern auf seiner Krone verehrt, wird man mit Reichtum, Gesundheit und transzendentem Wissen gesegnet.<\/p>\n<p>&nbsp;<\/p>\n<p>PureJewels garantiert hiermit das Gewicht und den Silbergehalt als eine Tola mit einem Reinheitsgrad von 0,9999 und h\u00f6chster Silberqualit\u00e4t.<\/p>\n<p>Jahr ausgestellt: 2017<br \/>\nLegierung: 0,9999 Ag<br \/>\nGewicht: 1 Tola, 3\/8 Feinunze, 11,7 Gramm<br \/>\nDurchmesser: 27 mm<br \/>\nAusf\u00fchrung: Unzirkuliert<br \/>\nEntwurf: PureJewels<br \/>\nGestempelt: London, England<\/p>","protected":false},"featured_media":318633,"comment_status":"closed","ping_status":"closed","template":"","meta":{"_eb_attr":"","_crsspst_to_jayantr4sg-hostcom":false},"product_brand":[],"product_cat":[1473,1269,1647],"product_tag":[],"class_list":{"0":"post-212200","1":"product","2":"type-product","3":"status-publish","4":"has-post-thumbnail","6":"product_cat-bars-coins","7":"product_cat-purejewels-silver-tola","8":"product_cat-silver-coins","10":"first","11":"instock","12":"taxable","13":"shipping-taxable","14":"purchasable","15":"product-type-simple","16":"add-to-wishlist-before_image"},"yoast_head":"<!-- This site is optimized with the Yoast SEO plugin v27.3 - https:\/\/yoast.com\/product\/yoast-seo-wordpress\/ -->\n<title>Fevestival Season: Silver Krishna Tola Coin by PureJewels<\/title>\n<meta name=\"description\" content=\"Celebrate Janmashtami with a beautiful silver Krishna coin. Order Krishna silver tola online this festive season for fast and free delivery\" \/>\n<meta name=\"robots\" content=\"index, follow, max-snippet:-1, max-image-preview:large, max-video-preview:-1\" \/>\n<link rel=\"canonical\" href=\"https:\/\/www.purejewels.com\/de\/produkt-2\/purejewels-krishna-silber-tola\/\" \/>\n<meta property=\"og:locale\" content=\"de_DE\" \/>\n<meta property=\"og:type\" content=\"article\" \/>\n<meta property=\"og:title\" content=\"Fevestival Season: Silver Krishna Tola Coin by PureJewels\" \/>\n<meta property=\"og:description\" content=\"Celebrate Janmashtami with a beautiful silver Krishna coin. Order Krishna silver tola online this festive season for fast and free delivery\" \/>\n<meta property=\"og:url\" content=\"https:\/\/www.purejewels.com\/de\/produkt-2\/purejewels-krishna-silber-tola\/\" \/>\n<meta property=\"og:site_name\" content=\"PureJewels UK\" \/>\n<meta property=\"article:modified_time\" content=\"2026-02-26T05:12:45+00:00\" \/>\n<meta property=\"og:image\" content=\"https:\/\/static.purejewels.com\/wp-content\/uploads\/2017\/10\/ONE-TOLA-KRISHNA-front-1.jpg\" \/>\n\t<meta property=\"og:image:width\" content=\"1000\" \/>\n\t<meta property=\"og:image:height\" content=\"1000\" \/>\n\t<meta property=\"og:image:type\" content=\"image\/jpeg\" \/>\n<meta name=\"twitter:card\" content=\"summary_large_image\" \/>\n<script type=\"application\/ld+json\" class=\"yoast-schema-graph\">{\"@context\":\"https:\\\/\\\/schema.org\",\"@graph\":[{\"@type\":[\"WebPage\",\"ItemPage\"],\"@id\":\"https:\\\/\\\/www.purejewels.com\\\/product\\\/purejewels-krishna-silver-tola\\\/\",\"url\":\"https:\\\/\\\/www.purejewels.com\\\/product\\\/purejewels-krishna-silver-tola\\\/\",\"name\":\"Fevestival Season: Silver Krishna Tola Coin by PureJewels\",\"isPartOf\":{\"@id\":\"https:\\\/\\\/www.purejewels.com\\\/#website\"},\"primaryImageOfPage\":{\"@id\":\"https:\\\/\\\/www.purejewels.com\\\/product\\\/purejewels-krishna-silver-tola\\\/#primaryimage\"},\"image\":{\"@id\":\"https:\\\/\\\/www.purejewels.com\\\/product\\\/purejewels-krishna-silver-tola\\\/#primaryimage\"},\"thumbnailUrl\":\"https:\\\/\\\/static.purejewels.com\\\/wp-content\\\/uploads\\\/2017\\\/10\\\/ONE-TOLA-KRISHNA-front-1.jpg\",\"datePublished\":\"2017-10-16T21:40:40+00:00\",\"dateModified\":\"2026-02-26T05:12:45+00:00\",\"description\":\"Celebrate Janmashtami with a beautiful silver Krishna coin. Order Krishna silver tola online this festive season for fast and free delivery\",\"breadcrumb\":{\"@id\":\"https:\\\/\\\/www.purejewels.com\\\/product\\\/purejewels-krishna-silver-tola\\\/#breadcrumb\"},\"inLanguage\":\"de\",\"potentialAction\":[{\"@type\":\"ReadAction\",\"target\":[\"https:\\\/\\\/www.purejewels.com\\\/product\\\/purejewels-krishna-silver-tola\\\/\"]}]},{\"@type\":\"ImageObject\",\"inLanguage\":\"de\",\"@id\":\"https:\\\/\\\/www.purejewels.com\\\/product\\\/purejewels-krishna-silver-tola\\\/#primaryimage\",\"url\":\"https:\\\/\\\/static.purejewels.com\\\/wp-content\\\/uploads\\\/2017\\\/10\\\/ONE-TOLA-KRISHNA-front-1.jpg\",\"contentUrl\":\"https:\\\/\\\/static.purejewels.com\\\/wp-content\\\/uploads\\\/2017\\\/10\\\/ONE-TOLA-KRISHNA-front-1.jpg\",\"width\":1000,\"height\":1000,\"caption\":\"Silver Krishna Coin\"},{\"@type\":\"BreadcrumbList\",\"@id\":\"https:\\\/\\\/www.purejewels.com\\\/product\\\/purejewels-krishna-silver-tola\\\/#breadcrumb\",\"itemListElement\":[{\"@type\":\"ListItem\",\"position\":1,\"name\":\"Home\",\"item\":\"https:\\\/\\\/www.purejewels.com\\\/\"},{\"@type\":\"ListItem\",\"position\":2,\"name\":\"Shop\",\"item\":\"https:\\\/\\\/www.purejewels.com\\\/shop\\\/\"},{\"@type\":\"ListItem\",\"position\":3,\"name\":\"PureJewels&#8217; Krishna Silver Tola\"}]},{\"@type\":\"WebSite\",\"@id\":\"https:\\\/\\\/www.purejewels.com\\\/#website\",\"url\":\"https:\\\/\\\/www.purejewels.com\\\/\",\"name\":\"PureJewels UK\",\"description\":\"Share the Love\",\"publisher\":{\"@id\":\"https:\\\/\\\/www.purejewels.com\\\/#organization\"},\"potentialAction\":[{\"@type\":\"SearchAction\",\"target\":{\"@type\":\"EntryPoint\",\"urlTemplate\":\"https:\\\/\\\/www.purejewels.com\\\/?s={search_term_string}\"},\"query-input\":{\"@type\":\"PropertyValueSpecification\",\"valueRequired\":true,\"valueName\":\"search_term_string\"}}],\"inLanguage\":\"de\"},{\"@type\":\"Organization\",\"@id\":\"https:\\\/\\\/www.purejewels.com\\\/#organization\",\"name\":\"PureJewels UK\",\"url\":\"https:\\\/\\\/www.purejewels.com\\\/\",\"logo\":{\"@type\":\"ImageObject\",\"inLanguage\":\"de\",\"@id\":\"https:\\\/\\\/www.purejewels.com\\\/#\\\/schema\\\/logo\\\/image\\\/\",\"url\":\"https:\\\/\\\/static.purejewels.com\\\/wp-content\\\/uploads\\\/2020\\\/11\\\/Logo-PJ-New-1.png\",\"contentUrl\":\"https:\\\/\\\/static.purejewels.com\\\/wp-content\\\/uploads\\\/2020\\\/11\\\/Logo-PJ-New-1.png\",\"width\":150,\"height\":80,\"caption\":\"PureJewels UK\"},\"image\":{\"@id\":\"https:\\\/\\\/www.purejewels.com\\\/#\\\/schema\\\/logo\\\/image\\\/\"}}]}<\/script>\n<!-- \/ Yoast SEO plugin. -->","yoast_head_json":{"title":"Festtagssaison: Silberne Krishna Tola M\u00fcnze von PureJewels","description":"Feiern Sie Janmashtami mit einer sch\u00f6nen silbernen Krishna-M\u00fcnze. Bestellen Sie Krishna Silber tola online diese festliche Jahreszeit f\u00fcr schnelle und kostenlose Lieferung","robots":{"index":"index","follow":"follow","max-snippet":"max-snippet:-1","max-image-preview":"max-image-preview:large","max-video-preview":"max-video-preview:-1"},"canonical":"https:\/\/www.purejewels.com\/de\/produkt-2\/purejewels-krishna-silber-tola\/","og_locale":"de_DE","og_type":"article","og_title":"Fevestival Season: Silver Krishna Tola Coin by PureJewels","og_description":"Celebrate Janmashtami with a beautiful silver Krishna coin. Order Krishna silver tola online this festive season for fast and free delivery","og_url":"https:\/\/www.purejewels.com\/de\/produkt-2\/purejewels-krishna-silber-tola\/","og_site_name":"PureJewels UK","article_modified_time":"2026-02-26T05:12:45+00:00","og_image":[{"width":1000,"height":1000,"url":"https:\/\/static.purejewels.com\/wp-content\/uploads\/2017\/10\/ONE-TOLA-KRISHNA-front-1.jpg","type":"image\/jpeg"}],"twitter_card":"summary_large_image","schema":{"@context":"https:\/\/schema.org","@graph":[{"@type":["WebPage","ItemPage"],"@id":"https:\/\/www.purejewels.com\/product\/purejewels-krishna-silver-tola\/","url":"https:\/\/www.purejewels.com\/product\/purejewels-krishna-silver-tola\/","name":"Festtagssaison: Silberne Krishna Tola M\u00fcnze von PureJewels","isPartOf":{"@id":"https:\/\/www.purejewels.com\/#website"},"primaryImageOfPage":{"@id":"https:\/\/www.purejewels.com\/product\/purejewels-krishna-silver-tola\/#primaryimage"},"image":{"@id":"https:\/\/www.purejewels.com\/product\/purejewels-krishna-silver-tola\/#primaryimage"},"thumbnailUrl":"https:\/\/static.purejewels.com\/wp-content\/uploads\/2017\/10\/ONE-TOLA-KRISHNA-front-1.jpg","datePublished":"2017-10-16T21:40:40+00:00","dateModified":"2026-02-26T05:12:45+00:00","description":"Feiern Sie Janmashtami mit einer sch\u00f6nen silbernen Krishna-M\u00fcnze. Bestellen Sie Krishna Silber tola online diese festliche Jahreszeit f\u00fcr schnelle und kostenlose Lieferung","breadcrumb":{"@id":"https:\/\/www.purejewels.com\/product\/purejewels-krishna-silver-tola\/#breadcrumb"},"inLanguage":"de","potentialAction":[{"@type":"ReadAction","target":["https:\/\/www.purejewels.com\/product\/purejewels-krishna-silver-tola\/"]}]},{"@type":"ImageObject","inLanguage":"de","@id":"https:\/\/www.purejewels.com\/product\/purejewels-krishna-silver-tola\/#primaryimage","url":"https:\/\/static.purejewels.com\/wp-content\/uploads\/2017\/10\/ONE-TOLA-KRISHNA-front-1.jpg","contentUrl":"https:\/\/static.purejewels.com\/wp-content\/uploads\/2017\/10\/ONE-TOLA-KRISHNA-front-1.jpg","width":1000,"height":1000,"caption":"Silver Krishna Coin"},{"@type":"BreadcrumbList","@id":"https:\/\/www.purejewels.com\/product\/purejewels-krishna-silver-tola\/#breadcrumb","itemListElement":[{"@type":"ListItem","position":1,"name":"Home","item":"https:\/\/www.purejewels.com\/"},{"@type":"ListItem","position":2,"name":"Shop","item":"https:\/\/www.purejewels.com\/shop\/"},{"@type":"ListItem","position":3,"name":"PureJewels&#8217; Krishna Silver Tola"}]},{"@type":"WebSite","@id":"https:\/\/www.purejewels.com\/#website","url":"https:\/\/www.purejewels.com\/","name":"PureJewels UK","description":"Teile die Liebe","publisher":{"@id":"https:\/\/www.purejewels.com\/#organization"},"potentialAction":[{"@type":"SearchAction","target":{"@type":"EntryPoint","urlTemplate":"https:\/\/www.purejewels.com\/?s={search_term_string}"},"query-input":{"@type":"PropertyValueSpecification","valueRequired":true,"valueName":"search_term_string"}}],"inLanguage":"de"},{"@type":"Organization","@id":"https:\/\/www.purejewels.com\/#organization","name":"PureJewels UK","url":"https:\/\/www.purejewels.com\/","logo":{"@type":"ImageObject","inLanguage":"de","@id":"https:\/\/www.purejewels.com\/#\/schema\/logo\/image\/","url":"https:\/\/static.purejewels.com\/wp-content\/uploads\/2020\/11\/Logo-PJ-New-1.png","contentUrl":"https:\/\/static.purejewels.com\/wp-content\/uploads\/2020\/11\/Logo-PJ-New-1.png","width":150,"height":80,"caption":"PureJewels UK"},"image":{"@id":"https:\/\/www.purejewels.com\/#\/schema\/logo\/image\/"}}]}},"_links":{"self":[{"href":"https:\/\/www.purejewels.com\/de\/wp-json\/wp\/v2\/product\/212200","targetHints":{"allow":["GET"]}}],"collection":[{"href":"https:\/\/www.purejewels.com\/de\/wp-json\/wp\/v2\/product"}],"about":[{"href":"https:\/\/www.purejewels.com\/de\/wp-json\/wp\/v2\/types\/product"}],"replies":[{"embeddable":true,"href":"https:\/\/www.purejewels.com\/de\/wp-json\/wp\/v2\/comments?post=212200"}],"version-history":[{"count":1,"href":"https:\/\/www.purejewels.com\/de\/wp-json\/wp\/v2\/product\/212200\/revisions"}],"predecessor-version":[{"id":373035,"href":"https:\/\/www.purejewels.com\/de\/wp-json\/wp\/v2\/product\/212200\/revisions\/373035"}],"wp:featuredmedia":[{"embeddable":true,"href":"https:\/\/www.purejewels.com\/de\/wp-json\/wp\/v2\/media\/318633"}],"wp:attachment":[{"href":"https:\/\/www.purejewels.com\/de\/wp-json\/wp\/v2\/media?parent=212200"}],"wp:term":[{"taxonomy":"product_brand","embeddable":true,"href":"https:\/\/www.purejewels.com\/de\/wp-json\/wp\/v2\/product_brand?post=212200"},{"taxonomy":"product_cat","embeddable":true,"href":"https:\/\/www.purejewels.com\/de\/wp-json\/wp\/v2\/product_cat?post=212200"},{"taxonomy":"product_tag","embeddable":true,"href":"https:\/\/www.purejewels.com\/de\/wp-json\/wp\/v2\/product_tag?post=212200"}],"curies":[{"name":"wp","href":"https:\/\/api.w.org\/{rel}","templated":true}]}}