{"id":245086,"date":"2017-10-27T11:15:36","date_gmt":"2017-10-27T10:15:36","guid":{"rendered":"https:\/\/www.purejewels.com\/product\/22ct-gold-star-filigree-pendant\/"},"modified":"2026-03-17T05:30:50","modified_gmt":"2026-03-17T05:30:50","slug":"filigraner-stern-anhanger-aus-22-karat-gold","status":"publish","type":"product","link":"https:\/\/www.purejewels.com\/de\/product\/22ct-gold-star-filigree-pendant\/","title":{"rendered":"22ct Gold Gitter-Design-Anh\u00e4nger"},"content":{"rendered":"<p><strong>Designkonzept<\/strong><\/p>\n<p>Die Lattice Design Pendelleuchte l\u00e4sst sich von strukturierter Geometrie und gewebten Mustern inspirieren und schafft ein harmonisches Gleichgewicht zwischen Form und Textur. Das kreuz und quer verlaufende Design bildet ein zartes Gitter, das St\u00e4rke und Verbundenheit widerspiegelt, w\u00e4hrend die facettierten Oberfl\u00e4chen einen subtilen Glanz verleihen. Seine kompakte Silhouette macht ihn sowohl modern als auch vielseitig und bietet eine raffinierte Interpretation des allt\u00e4glichen Goldschmucks.<\/p>\n<p><strong>Handwerkliches K\u00f6nnen<\/strong><\/p>\n<p>Dieser aus hochreinem 22-kar\u00e4tigem Gold gefertigte Anh\u00e4nger zeichnet sich durch pr\u00e4zise Details und fachm\u00e4nnische Verarbeitung aus. Die Gitterstruktur ist sorgf\u00e4ltig geformt, um die Symmetrie zu erhalten, w\u00e4hrend die facettierten Strukturen die Lichtreflexion verst\u00e4rken und dem St\u00fcck ein sanftes Funkeln verleihen. Der polierte B\u00fcgel erg\u00e4nzt das Design und sorgt f\u00fcr ein nahtloses und elegantes Finish, das PureJewels\u2019 Engagement f\u00fcr hochwertige Handwerkskunst widerspiegelt.<\/p>\n<p><strong>Styling-Ideen<\/strong><\/p>\n<p>Der Anh\u00e4nger im Gitterdesign ist ideal f\u00fcr die Eleganz des Alltags. Kombinieren Sie ihn mit einer feinen Goldkette f\u00fcr einen minimalen, polierten Look, oder mit anderen <a href=\"https:\/\/www.purejewels.com\/de\/product-category\/22ct-gold-jewellery\/gold-pendants\/\">Anh\u00e4nger<\/a> um einen modernen, pers\u00f6nlichen Stil zu kreieren. Sein geometrisches Design passt sowohl zu legeren als auch zu formellen Outfits und macht ihn zu einer vielseitigen Erg\u00e4nzung jeder Schmucksammlung.<\/p>","protected":false},"excerpt":{"rendered":"<p>Der 22-kar\u00e4tige Goldanh\u00e4nger im Gitterdesign zeigt ein strukturiertes Kreuzmuster in einer kompakten, geometrischen Form. Der Anh\u00e4nger ist aus strahlendem 22-kar\u00e4tigem Gold gefertigt und bietet einen modernen und doch zeitlosen Look f\u00fcr das t\u00e4gliche Tragen.<\/p>\n<ul>\n<li><strong>Metall.<\/strong> 22ct Gold<\/li>\n<li><strong>SKU.<\/strong> 26720<\/li>\n<li><strong>Wt.<\/strong> 1.1 g<\/li>\n<li>Kette nicht enthalten.<\/li>\n<\/ul>","protected":false},"featured_media":245145,"comment_status":"closed","ping_status":"closed","template":"","meta":{"_eb_attr":"","_crsspst_to_jayantr4sg-hostcom":false},"product_brand":[],"product_cat":[1576,1767,1574],"product_tag":[],"class_list":{"0":"post-245086","1":"product","2":"type-product","3":"status-publish","4":"has-post-thumbnail","6":"product_cat-childrens-jewellery","7":"product_cat-ladies-pendants","8":"product_cat-womens-jewellery","10":"first","11":"outofstock","12":"taxable","13":"shipping-taxable","14":"product-type-simple","15":"add-to-wishlist-before_image"},"yoast_head":"<!-- This site is optimized with the Yoast SEO plugin v27.3 - https:\/\/yoast.com\/product\/yoast-seo-wordpress\/ -->\n<title>Discover the 22ct Gold Lattice Design Pendant | PureJewels UK<\/title>\n<meta name=\"description\" content=\"Shop the 22ct Gold Lattice Design Pendant featuring a textured criss-cross pattern. Crafted in radiant 22ct gold, perfect for everyday elegance and modern styling.\" \/>\n<meta name=\"robots\" content=\"index, follow, max-snippet:-1, max-image-preview:large, max-video-preview:-1\" \/>\n<link rel=\"canonical\" href=\"https:\/\/www.purejewels.com\/de\/produkt-2\/filigraner-stern-anhanger-aus-22-karat-gold\/\" \/>\n<meta property=\"og:locale\" content=\"de_DE\" \/>\n<meta property=\"og:type\" content=\"article\" \/>\n<meta property=\"og:title\" content=\"Discover the 22ct Gold Lattice Design Pendant | PureJewels UK\" \/>\n<meta property=\"og:description\" content=\"Shop the 22ct Gold Lattice Design Pendant featuring a textured criss-cross pattern. Crafted in radiant 22ct gold, perfect for everyday elegance and modern styling.\" \/>\n<meta property=\"og:url\" content=\"https:\/\/www.purejewels.com\/de\/produkt-2\/filigraner-stern-anhanger-aus-22-karat-gold\/\" \/>\n<meta property=\"og:site_name\" content=\"PureJewels UK\" \/>\n<meta property=\"article:modified_time\" content=\"2026-03-17T05:30:50+00:00\" \/>\n<meta property=\"og:image\" content=\"https:\/\/static.purejewels.com\/wp-content\/uploads\/2017\/10\/PURE-JEWELS-04.10-068.png\" \/>\n\t<meta property=\"og:image:width\" content=\"1000\" \/>\n\t<meta property=\"og:image:height\" content=\"1000\" \/>\n\t<meta property=\"og:image:type\" content=\"image\/png\" \/>\n<meta name=\"twitter:card\" content=\"summary_large_image\" \/>\n<meta name=\"twitter:label1\" content=\"Gesch\u00e4tzte Lesezeit\" \/>\n\t<meta name=\"twitter:data1\" content=\"1\u00a0Minute\" \/>\n<script type=\"application\/ld+json\" class=\"yoast-schema-graph\">{\"@context\":\"https:\\\/\\\/schema.org\",\"@graph\":[{\"@type\":[\"WebPage\",\"ItemPage\"],\"@id\":\"https:\\\/\\\/www.purejewels.com\\\/product\\\/22ct-gold-star-filigree-pendant\\\/\",\"url\":\"https:\\\/\\\/www.purejewels.com\\\/product\\\/22ct-gold-star-filigree-pendant\\\/\",\"name\":\"Discover the 22ct Gold Lattice Design Pendant | PureJewels UK\",\"isPartOf\":{\"@id\":\"https:\\\/\\\/www.purejewels.com\\\/#website\"},\"primaryImageOfPage\":{\"@id\":\"https:\\\/\\\/www.purejewels.com\\\/product\\\/22ct-gold-star-filigree-pendant\\\/#primaryimage\"},\"image\":{\"@id\":\"https:\\\/\\\/www.purejewels.com\\\/product\\\/22ct-gold-star-filigree-pendant\\\/#primaryimage\"},\"thumbnailUrl\":\"https:\\\/\\\/static.purejewels.com\\\/wp-content\\\/uploads\\\/2017\\\/10\\\/PURE-JEWELS-04.10-068.png\",\"datePublished\":\"2017-10-27T10:15:36+00:00\",\"dateModified\":\"2026-03-17T05:30:50+00:00\",\"description\":\"Shop the 22ct Gold Lattice Design Pendant featuring a textured criss-cross pattern. Crafted in radiant 22ct gold, perfect for everyday elegance and modern styling.\",\"breadcrumb\":{\"@id\":\"https:\\\/\\\/www.purejewels.com\\\/product\\\/22ct-gold-star-filigree-pendant\\\/#breadcrumb\"},\"inLanguage\":\"de\",\"potentialAction\":[{\"@type\":\"ReadAction\",\"target\":[\"https:\\\/\\\/www.purejewels.com\\\/product\\\/22ct-gold-star-filigree-pendant\\\/\"]}]},{\"@type\":\"ImageObject\",\"inLanguage\":\"de\",\"@id\":\"https:\\\/\\\/www.purejewels.com\\\/product\\\/22ct-gold-star-filigree-pendant\\\/#primaryimage\",\"url\":\"https:\\\/\\\/static.purejewels.com\\\/wp-content\\\/uploads\\\/2017\\\/10\\\/PURE-JEWELS-04.10-068.png\",\"contentUrl\":\"https:\\\/\\\/static.purejewels.com\\\/wp-content\\\/uploads\\\/2017\\\/10\\\/PURE-JEWELS-04.10-068.png\",\"width\":1000,\"height\":1000,\"caption\":\"PURE JEWELS 04.10-068\"},{\"@type\":\"BreadcrumbList\",\"@id\":\"https:\\\/\\\/www.purejewels.com\\\/product\\\/22ct-gold-star-filigree-pendant\\\/#breadcrumb\",\"itemListElement\":[{\"@type\":\"ListItem\",\"position\":1,\"name\":\"Home\",\"item\":\"https:\\\/\\\/www.purejewels.com\\\/\"},{\"@type\":\"ListItem\",\"position\":2,\"name\":\"Shop\",\"item\":\"https:\\\/\\\/www.purejewels.com\\\/shop\\\/\"},{\"@type\":\"ListItem\",\"position\":3,\"name\":\"22ct Gold Lattice Design Pendant\"}]},{\"@type\":\"WebSite\",\"@id\":\"https:\\\/\\\/www.purejewels.com\\\/#website\",\"url\":\"https:\\\/\\\/www.purejewels.com\\\/\",\"name\":\"PureJewels UK\",\"description\":\"Share the Love\",\"publisher\":{\"@id\":\"https:\\\/\\\/www.purejewels.com\\\/#organization\"},\"potentialAction\":[{\"@type\":\"SearchAction\",\"target\":{\"@type\":\"EntryPoint\",\"urlTemplate\":\"https:\\\/\\\/www.purejewels.com\\\/?s={search_term_string}\"},\"query-input\":{\"@type\":\"PropertyValueSpecification\",\"valueRequired\":true,\"valueName\":\"search_term_string\"}}],\"inLanguage\":\"de\"},{\"@type\":\"Organization\",\"@id\":\"https:\\\/\\\/www.purejewels.com\\\/#organization\",\"name\":\"PureJewels UK\",\"url\":\"https:\\\/\\\/www.purejewels.com\\\/\",\"logo\":{\"@type\":\"ImageObject\",\"inLanguage\":\"de\",\"@id\":\"https:\\\/\\\/www.purejewels.com\\\/#\\\/schema\\\/logo\\\/image\\\/\",\"url\":\"https:\\\/\\\/static.purejewels.com\\\/wp-content\\\/uploads\\\/2020\\\/11\\\/Logo-PJ-New-1.png\",\"contentUrl\":\"https:\\\/\\\/static.purejewels.com\\\/wp-content\\\/uploads\\\/2020\\\/11\\\/Logo-PJ-New-1.png\",\"width\":150,\"height\":80,\"caption\":\"PureJewels UK\"},\"image\":{\"@id\":\"https:\\\/\\\/www.purejewels.com\\\/#\\\/schema\\\/logo\\\/image\\\/\"}}]}<\/script>\n<!-- \/ Yoast SEO plugin. -->","yoast_head_json":{"title":"Entdecken Sie die 22ct Gold Lattice Design Anh\u00e4nger | PureJewels UK","description":"Shoppen Sie den 22ct Gold Lattice Design Anh\u00e4nger mit einem strukturierten Kreuzmuster. Der Anh\u00e4nger ist aus strahlendem 22-kar\u00e4tigem Gold gefertigt und eignet sich perfekt f\u00fcr den eleganten und modernen Alltag.","robots":{"index":"index","follow":"follow","max-snippet":"max-snippet:-1","max-image-preview":"max-image-preview:large","max-video-preview":"max-video-preview:-1"},"canonical":"https:\/\/www.purejewels.com\/de\/produkt-2\/filigraner-stern-anhanger-aus-22-karat-gold\/","og_locale":"de_DE","og_type":"article","og_title":"Discover the 22ct Gold Lattice Design Pendant | PureJewels UK","og_description":"Shop the 22ct Gold Lattice Design Pendant featuring a textured criss-cross pattern. Crafted in radiant 22ct gold, perfect for everyday elegance and modern styling.","og_url":"https:\/\/www.purejewels.com\/de\/produkt-2\/filigraner-stern-anhanger-aus-22-karat-gold\/","og_site_name":"PureJewels UK","article_modified_time":"2026-03-17T05:30:50+00:00","og_image":[{"width":1000,"height":1000,"url":"https:\/\/static.purejewels.com\/wp-content\/uploads\/2017\/10\/PURE-JEWELS-04.10-068.png","type":"image\/png"}],"twitter_card":"summary_large_image","twitter_misc":{"Gesch\u00e4tzte Lesezeit":"1\u00a0Minute"},"schema":{"@context":"https:\/\/schema.org","@graph":[{"@type":["WebPage","ItemPage"],"@id":"https:\/\/www.purejewels.com\/product\/22ct-gold-star-filigree-pendant\/","url":"https:\/\/www.purejewels.com\/product\/22ct-gold-star-filigree-pendant\/","name":"Entdecken Sie die 22ct Gold Lattice Design Anh\u00e4nger | PureJewels UK","isPartOf":{"@id":"https:\/\/www.purejewels.com\/#website"},"primaryImageOfPage":{"@id":"https:\/\/www.purejewels.com\/product\/22ct-gold-star-filigree-pendant\/#primaryimage"},"image":{"@id":"https:\/\/www.purejewels.com\/product\/22ct-gold-star-filigree-pendant\/#primaryimage"},"thumbnailUrl":"https:\/\/static.purejewels.com\/wp-content\/uploads\/2017\/10\/PURE-JEWELS-04.10-068.png","datePublished":"2017-10-27T10:15:36+00:00","dateModified":"2026-03-17T05:30:50+00:00","description":"Shoppen Sie den 22ct Gold Lattice Design Anh\u00e4nger mit einem strukturierten Kreuzmuster. Der Anh\u00e4nger ist aus strahlendem 22-kar\u00e4tigem Gold gefertigt und eignet sich perfekt f\u00fcr den eleganten und modernen Alltag.","breadcrumb":{"@id":"https:\/\/www.purejewels.com\/product\/22ct-gold-star-filigree-pendant\/#breadcrumb"},"inLanguage":"de","potentialAction":[{"@type":"ReadAction","target":["https:\/\/www.purejewels.com\/product\/22ct-gold-star-filigree-pendant\/"]}]},{"@type":"ImageObject","inLanguage":"de","@id":"https:\/\/www.purejewels.com\/product\/22ct-gold-star-filigree-pendant\/#primaryimage","url":"https:\/\/static.purejewels.com\/wp-content\/uploads\/2017\/10\/PURE-JEWELS-04.10-068.png","contentUrl":"https:\/\/static.purejewels.com\/wp-content\/uploads\/2017\/10\/PURE-JEWELS-04.10-068.png","width":1000,"height":1000,"caption":"PURE JEWELS 04.10-068"},{"@type":"BreadcrumbList","@id":"https:\/\/www.purejewels.com\/product\/22ct-gold-star-filigree-pendant\/#breadcrumb","itemListElement":[{"@type":"ListItem","position":1,"name":"Home","item":"https:\/\/www.purejewels.com\/"},{"@type":"ListItem","position":2,"name":"Shop","item":"https:\/\/www.purejewels.com\/shop\/"},{"@type":"ListItem","position":3,"name":"22ct Gold Lattice Design Pendant"}]},{"@type":"WebSite","@id":"https:\/\/www.purejewels.com\/#website","url":"https:\/\/www.purejewels.com\/","name":"PureJewels UK","description":"Teile die Liebe","publisher":{"@id":"https:\/\/www.purejewels.com\/#organization"},"potentialAction":[{"@type":"SearchAction","target":{"@type":"EntryPoint","urlTemplate":"https:\/\/www.purejewels.com\/?s={search_term_string}"},"query-input":{"@type":"PropertyValueSpecification","valueRequired":true,"valueName":"search_term_string"}}],"inLanguage":"de"},{"@type":"Organization","@id":"https:\/\/www.purejewels.com\/#organization","name":"PureJewels UK","url":"https:\/\/www.purejewels.com\/","logo":{"@type":"ImageObject","inLanguage":"de","@id":"https:\/\/www.purejewels.com\/#\/schema\/logo\/image\/","url":"https:\/\/static.purejewels.com\/wp-content\/uploads\/2020\/11\/Logo-PJ-New-1.png","contentUrl":"https:\/\/static.purejewels.com\/wp-content\/uploads\/2020\/11\/Logo-PJ-New-1.png","width":150,"height":80,"caption":"PureJewels UK"},"image":{"@id":"https:\/\/www.purejewels.com\/#\/schema\/logo\/image\/"}}]}},"_links":{"self":[{"href":"https:\/\/www.purejewels.com\/de\/wp-json\/wp\/v2\/product\/245086","targetHints":{"allow":["GET"]}}],"collection":[{"href":"https:\/\/www.purejewels.com\/de\/wp-json\/wp\/v2\/product"}],"about":[{"href":"https:\/\/www.purejewels.com\/de\/wp-json\/wp\/v2\/types\/product"}],"replies":[{"embeddable":true,"href":"https:\/\/www.purejewels.com\/de\/wp-json\/wp\/v2\/comments?post=245086"}],"version-history":[{"count":2,"href":"https:\/\/www.purejewels.com\/de\/wp-json\/wp\/v2\/product\/245086\/revisions"}],"predecessor-version":[{"id":427213,"href":"https:\/\/www.purejewels.com\/de\/wp-json\/wp\/v2\/product\/245086\/revisions\/427213"}],"wp:featuredmedia":[{"embeddable":true,"href":"https:\/\/www.purejewels.com\/de\/wp-json\/wp\/v2\/media\/245145"}],"wp:attachment":[{"href":"https:\/\/www.purejewels.com\/de\/wp-json\/wp\/v2\/media?parent=245086"}],"wp:term":[{"taxonomy":"product_brand","embeddable":true,"href":"https:\/\/www.purejewels.com\/de\/wp-json\/wp\/v2\/product_brand?post=245086"},{"taxonomy":"product_cat","embeddable":true,"href":"https:\/\/www.purejewels.com\/de\/wp-json\/wp\/v2\/product_cat?post=245086"},{"taxonomy":"product_tag","embeddable":true,"href":"https:\/\/www.purejewels.com\/de\/wp-json\/wp\/v2\/product_tag?post=245086"}],"curies":[{"name":"wp","href":"https:\/\/api.w.org\/{rel}","templated":true}]}}