{"id":264877,"date":"2017-11-04T12:26:13","date_gmt":"2017-11-04T12:26:13","guid":{"rendered":"https:\/\/www.purejewels.com\/product\/22ct-gold-sparkle-bangle-10\/"},"modified":"2026-01-10T16:15:27","modified_gmt":"2026-01-10T16:15:27","slug":"22-kt-gold-funkelnder-armreif-10","status":"publish","type":"product","link":"https:\/\/www.purejewels.com\/de\/product\/22ct-gold-sparkle-bangle-10\/","title":{"rendered":"Armreif mit 22 Karat Gold-Polka-Perlen"},"content":{"rendered":"<p><strong>Entwurf:<\/strong><br \/>\nDieser Armreif aus 22 Karat Gold ist auff\u00e4llig und raffiniert. <a href=\"https:\/\/www.purejewels.com\/de\/product-category\/22ct-gold-jewellery\/gold-bracelet\/\">Armband<\/a> pr\u00e4sentiert eine Reihe von kugelf\u00f6rmigen Perlen in verschiedenen Gr\u00f6\u00dfen, die jeweils einzigartig mit erhabenen und vertieften Polka-Dot-Strukturen verziert sind. Die abwechselnd matten und gl\u00e4nzenden Oberfl\u00e4chen verleihen dem St\u00fcck Tiefe und Dimension.<\/p>\n<p><strong>Handwerkliches K\u00f6nnen:<\/strong><br \/>\nJede Perle ist sorgf\u00e4ltig gefertigt, um einen gleichm\u00e4\u00dfigen und harmonischen Rhythmus im gesamten Armband zu erzielen. Die filigranen Punktmuster sind pr\u00e4zise graviert, w\u00e4hrend die polierten Elemente auf Hochglanz gebracht wurden, um den Kontrast und die Lichtreflexion zu verst\u00e4rken.<\/p>\n<p><strong>Stil:<\/strong><br \/>\nDieses Armband ist ein Statement-St\u00fcck, das zeitgen\u00f6ssisches Flair mit traditioneller indischer Goldschmiedekunst verbindet. Es eignet sich ideal f\u00fcr festliche Anl\u00e4sse, Hochzeiten oder gehobene Freizeitkleidung und verleiht jedem Outfit eine auff\u00e4llige Eleganz. Tragen Sie es solo oder kombinieren Sie es mit anderen Schmuckst\u00fccken f\u00fcr einen dramatischen Look mit mehreren Goldarmb\u00e4ndern.<\/p>","protected":false},"excerpt":{"rendered":"<p>Dieses Armband aus 22 Karat Gold ist mit einer Reihe aufwendig gemusterter und hochglanzpolierter Perlen verziert und bietet eine perfekte Mischung aus Glanz und Handwerkskunst.<\/p>\n<ul>\n<li>22ct Gold Sparkle Armspange Armband<\/li>\n<li>\u00a0Gold gestempelt von London Assay Office<\/li>\n<li>SKU: 26716<\/li>\n<li>Gewicht:24,9<\/li>\n<li>Rhodium-Finish<\/li>\n<li>Alle Armreifen werden mit Geschenkbox geliefert<\/li>\n<li>Lieferung inbegriffen<\/li>\n<li>Alle Preise inklusive Mehrwertsteuer<\/li>\n<li>Live-Chat mit uns f\u00fcr die Verf\u00fcgbarkeit und mehr Bilder von \u00e4hnlichen Designs derzeit auf Lager<\/li>\n<\/ul>","protected":false},"featured_media":264961,"comment_status":"closed","ping_status":"closed","template":"","meta":{"_eb_attr":"","_crsspst_to_jayantr4sg-hostcom":false},"product_brand":[],"product_cat":[1657],"product_tag":[1514,63,1521],"class_list":{"0":"post-264877","1":"product","2":"type-product","3":"status-publish","4":"has-post-thumbnail","6":"product_cat-single-bangle","7":"product_tag-bangles","8":"product_tag-gold","9":"product_tag-kada","11":"first","12":"outofstock","13":"taxable","14":"shipping-taxable","15":"product-type-simple","16":"add-to-wishlist-before_image"},"yoast_head":"<!-- This site is optimized with the Yoast SEO plugin v27.3 - https:\/\/yoast.com\/product\/yoast-seo-wordpress\/ -->\n<title>22ct Gold Beaded Bangle | Textured &amp; High-Polish Bracelet in UK<\/title>\n<meta name=\"description\" content=\"Add brilliance to your jewelry collection with this 22ct gold bracelet, featuring alternating high-polish and textured polka-dot beadwork in a bold, elegant design.\" \/>\n<meta name=\"robots\" content=\"index, follow, max-snippet:-1, max-image-preview:large, max-video-preview:-1\" \/>\n<link rel=\"canonical\" href=\"https:\/\/www.purejewels.com\/de\/produkt-2\/22-kt-gold-funkelnder-armreif-10\/\" \/>\n<meta property=\"og:locale\" content=\"de_DE\" \/>\n<meta property=\"og:type\" content=\"article\" \/>\n<meta property=\"og:title\" content=\"22ct Gold Beaded Bangle | Textured &amp; High-Polish Bracelet in UK\" \/>\n<meta property=\"og:description\" content=\"Add brilliance to your jewelry collection with this 22ct gold bracelet, featuring alternating high-polish and textured polka-dot beadwork in a bold, elegant design.\" \/>\n<meta property=\"og:url\" content=\"https:\/\/www.purejewels.com\/de\/produkt-2\/22-kt-gold-funkelnder-armreif-10\/\" \/>\n<meta property=\"og:site_name\" content=\"PureJewels UK\" \/>\n<meta property=\"article:modified_time\" content=\"2026-01-10T16:15:27+00:00\" \/>\n<meta property=\"og:image\" content=\"https:\/\/static.purejewels.com\/wp-content\/uploads\/2017\/11\/26716_1.png\" \/>\n\t<meta property=\"og:image:width\" content=\"1000\" \/>\n\t<meta property=\"og:image:height\" content=\"1000\" \/>\n\t<meta property=\"og:image:type\" content=\"image\/png\" \/>\n<meta name=\"twitter:card\" content=\"summary_large_image\" \/>\n<meta name=\"twitter:label1\" content=\"Gesch\u00e4tzte Lesezeit\" \/>\n\t<meta name=\"twitter:data1\" content=\"1\u00a0Minute\" \/>\n<script type=\"application\/ld+json\" class=\"yoast-schema-graph\">{\"@context\":\"https:\\\/\\\/schema.org\",\"@graph\":[{\"@type\":[\"WebPage\",\"ItemPage\"],\"@id\":\"https:\\\/\\\/www.purejewels.com\\\/product\\\/22ct-gold-sparkle-bangle-10\\\/\",\"url\":\"https:\\\/\\\/www.purejewels.com\\\/product\\\/22ct-gold-sparkle-bangle-10\\\/\",\"name\":\"22ct Gold Beaded Bangle | Textured & High-Polish Bracelet in UK\",\"isPartOf\":{\"@id\":\"https:\\\/\\\/www.purejewels.com\\\/#website\"},\"primaryImageOfPage\":{\"@id\":\"https:\\\/\\\/www.purejewels.com\\\/product\\\/22ct-gold-sparkle-bangle-10\\\/#primaryimage\"},\"image\":{\"@id\":\"https:\\\/\\\/www.purejewels.com\\\/product\\\/22ct-gold-sparkle-bangle-10\\\/#primaryimage\"},\"thumbnailUrl\":\"https:\\\/\\\/static.purejewels.com\\\/wp-content\\\/uploads\\\/2017\\\/11\\\/26716_1.png\",\"datePublished\":\"2017-11-04T12:26:13+00:00\",\"dateModified\":\"2026-01-10T16:15:27+00:00\",\"description\":\"Add brilliance to your jewelry collection with this 22ct gold bracelet, featuring alternating high-polish and textured polka-dot beadwork in a bold, elegant design.\",\"breadcrumb\":{\"@id\":\"https:\\\/\\\/www.purejewels.com\\\/product\\\/22ct-gold-sparkle-bangle-10\\\/#breadcrumb\"},\"inLanguage\":\"de\",\"potentialAction\":[{\"@type\":\"ReadAction\",\"target\":[\"https:\\\/\\\/www.purejewels.com\\\/product\\\/22ct-gold-sparkle-bangle-10\\\/\"]}]},{\"@type\":\"ImageObject\",\"inLanguage\":\"de\",\"@id\":\"https:\\\/\\\/www.purejewels.com\\\/product\\\/22ct-gold-sparkle-bangle-10\\\/#primaryimage\",\"url\":\"https:\\\/\\\/static.purejewels.com\\\/wp-content\\\/uploads\\\/2017\\\/11\\\/26716_1.png\",\"contentUrl\":\"https:\\\/\\\/static.purejewels.com\\\/wp-content\\\/uploads\\\/2017\\\/11\\\/26716_1.png\",\"width\":1000,\"height\":1000,\"caption\":\"26716_1\"},{\"@type\":\"BreadcrumbList\",\"@id\":\"https:\\\/\\\/www.purejewels.com\\\/product\\\/22ct-gold-sparkle-bangle-10\\\/#breadcrumb\",\"itemListElement\":[{\"@type\":\"ListItem\",\"position\":1,\"name\":\"Home\",\"item\":\"https:\\\/\\\/www.purejewels.com\\\/\"},{\"@type\":\"ListItem\",\"position\":2,\"name\":\"Shop\",\"item\":\"https:\\\/\\\/www.purejewels.com\\\/shop\\\/\"},{\"@type\":\"ListItem\",\"position\":3,\"name\":\"22ct Gold Polka Bead Bangle Bracelet\"}]},{\"@type\":\"WebSite\",\"@id\":\"https:\\\/\\\/www.purejewels.com\\\/#website\",\"url\":\"https:\\\/\\\/www.purejewels.com\\\/\",\"name\":\"PureJewels UK\",\"description\":\"Share the Love\",\"publisher\":{\"@id\":\"https:\\\/\\\/www.purejewels.com\\\/#organization\"},\"potentialAction\":[{\"@type\":\"SearchAction\",\"target\":{\"@type\":\"EntryPoint\",\"urlTemplate\":\"https:\\\/\\\/www.purejewels.com\\\/?s={search_term_string}\"},\"query-input\":{\"@type\":\"PropertyValueSpecification\",\"valueRequired\":true,\"valueName\":\"search_term_string\"}}],\"inLanguage\":\"de\"},{\"@type\":\"Organization\",\"@id\":\"https:\\\/\\\/www.purejewels.com\\\/#organization\",\"name\":\"PureJewels UK\",\"url\":\"https:\\\/\\\/www.purejewels.com\\\/\",\"logo\":{\"@type\":\"ImageObject\",\"inLanguage\":\"de\",\"@id\":\"https:\\\/\\\/www.purejewels.com\\\/#\\\/schema\\\/logo\\\/image\\\/\",\"url\":\"https:\\\/\\\/static.purejewels.com\\\/wp-content\\\/uploads\\\/2020\\\/11\\\/Logo-PJ-New-1.png\",\"contentUrl\":\"https:\\\/\\\/static.purejewels.com\\\/wp-content\\\/uploads\\\/2020\\\/11\\\/Logo-PJ-New-1.png\",\"width\":150,\"height\":80,\"caption\":\"PureJewels UK\"},\"image\":{\"@id\":\"https:\\\/\\\/www.purejewels.com\\\/#\\\/schema\\\/logo\\\/image\\\/\"}}]}<\/script>\n<!-- \/ Yoast SEO plugin. -->","yoast_head_json":{"title":"22 Karat Gold-Perlenarmband | Strukturiertes und hochglanzpoliertes Armband in Gro\u00dfbritannien","description":"Verleihen Sie Ihrer Schmuckkollektion mit diesem Armband aus 22 Karat Gold neuen Glanz. Es besticht durch ein auff\u00e4lliges, elegantes Design mit abwechselnd hochglanzpolierten und strukturierten Perlen in Polka-Dot-Optik.","robots":{"index":"index","follow":"follow","max-snippet":"max-snippet:-1","max-image-preview":"max-image-preview:large","max-video-preview":"max-video-preview:-1"},"canonical":"https:\/\/www.purejewels.com\/de\/produkt-2\/22-kt-gold-funkelnder-armreif-10\/","og_locale":"de_DE","og_type":"article","og_title":"22ct Gold Beaded Bangle | Textured & High-Polish Bracelet in UK","og_description":"Add brilliance to your jewelry collection with this 22ct gold bracelet, featuring alternating high-polish and textured polka-dot beadwork in a bold, elegant design.","og_url":"https:\/\/www.purejewels.com\/de\/produkt-2\/22-kt-gold-funkelnder-armreif-10\/","og_site_name":"PureJewels UK","article_modified_time":"2026-01-10T16:15:27+00:00","og_image":[{"width":1000,"height":1000,"url":"https:\/\/static.purejewels.com\/wp-content\/uploads\/2017\/11\/26716_1.png","type":"image\/png"}],"twitter_card":"summary_large_image","twitter_misc":{"Gesch\u00e4tzte Lesezeit":"1\u00a0Minute"},"schema":{"@context":"https:\/\/schema.org","@graph":[{"@type":["WebPage","ItemPage"],"@id":"https:\/\/www.purejewels.com\/product\/22ct-gold-sparkle-bangle-10\/","url":"https:\/\/www.purejewels.com\/product\/22ct-gold-sparkle-bangle-10\/","name":"22 Karat Gold-Perlenarmband | Strukturiertes und hochglanzpoliertes Armband in Gro\u00dfbritannien","isPartOf":{"@id":"https:\/\/www.purejewels.com\/#website"},"primaryImageOfPage":{"@id":"https:\/\/www.purejewels.com\/product\/22ct-gold-sparkle-bangle-10\/#primaryimage"},"image":{"@id":"https:\/\/www.purejewels.com\/product\/22ct-gold-sparkle-bangle-10\/#primaryimage"},"thumbnailUrl":"https:\/\/static.purejewels.com\/wp-content\/uploads\/2017\/11\/26716_1.png","datePublished":"2017-11-04T12:26:13+00:00","dateModified":"2026-01-10T16:15:27+00:00","description":"Verleihen Sie Ihrer Schmuckkollektion mit diesem Armband aus 22 Karat Gold neuen Glanz. Es besticht durch ein auff\u00e4lliges, elegantes Design mit abwechselnd hochglanzpolierten und strukturierten Perlen in Polka-Dot-Optik.","breadcrumb":{"@id":"https:\/\/www.purejewels.com\/product\/22ct-gold-sparkle-bangle-10\/#breadcrumb"},"inLanguage":"de","potentialAction":[{"@type":"ReadAction","target":["https:\/\/www.purejewels.com\/product\/22ct-gold-sparkle-bangle-10\/"]}]},{"@type":"ImageObject","inLanguage":"de","@id":"https:\/\/www.purejewels.com\/product\/22ct-gold-sparkle-bangle-10\/#primaryimage","url":"https:\/\/static.purejewels.com\/wp-content\/uploads\/2017\/11\/26716_1.png","contentUrl":"https:\/\/static.purejewels.com\/wp-content\/uploads\/2017\/11\/26716_1.png","width":1000,"height":1000,"caption":"26716_1"},{"@type":"BreadcrumbList","@id":"https:\/\/www.purejewels.com\/product\/22ct-gold-sparkle-bangle-10\/#breadcrumb","itemListElement":[{"@type":"ListItem","position":1,"name":"Home","item":"https:\/\/www.purejewels.com\/"},{"@type":"ListItem","position":2,"name":"Shop","item":"https:\/\/www.purejewels.com\/shop\/"},{"@type":"ListItem","position":3,"name":"22ct Gold Polka Bead Bangle Bracelet"}]},{"@type":"WebSite","@id":"https:\/\/www.purejewels.com\/#website","url":"https:\/\/www.purejewels.com\/","name":"PureJewels UK","description":"Teile die Liebe","publisher":{"@id":"https:\/\/www.purejewels.com\/#organization"},"potentialAction":[{"@type":"SearchAction","target":{"@type":"EntryPoint","urlTemplate":"https:\/\/www.purejewels.com\/?s={search_term_string}"},"query-input":{"@type":"PropertyValueSpecification","valueRequired":true,"valueName":"search_term_string"}}],"inLanguage":"de"},{"@type":"Organization","@id":"https:\/\/www.purejewels.com\/#organization","name":"PureJewels UK","url":"https:\/\/www.purejewels.com\/","logo":{"@type":"ImageObject","inLanguage":"de","@id":"https:\/\/www.purejewels.com\/#\/schema\/logo\/image\/","url":"https:\/\/static.purejewels.com\/wp-content\/uploads\/2020\/11\/Logo-PJ-New-1.png","contentUrl":"https:\/\/static.purejewels.com\/wp-content\/uploads\/2020\/11\/Logo-PJ-New-1.png","width":150,"height":80,"caption":"PureJewels UK"},"image":{"@id":"https:\/\/www.purejewels.com\/#\/schema\/logo\/image\/"}}]}},"_links":{"self":[{"href":"https:\/\/www.purejewels.com\/de\/wp-json\/wp\/v2\/product\/264877","targetHints":{"allow":["GET"]}}],"collection":[{"href":"https:\/\/www.purejewels.com\/de\/wp-json\/wp\/v2\/product"}],"about":[{"href":"https:\/\/www.purejewels.com\/de\/wp-json\/wp\/v2\/types\/product"}],"replies":[{"embeddable":true,"href":"https:\/\/www.purejewels.com\/de\/wp-json\/wp\/v2\/comments?post=264877"}],"version-history":[{"count":2,"href":"https:\/\/www.purejewels.com\/de\/wp-json\/wp\/v2\/product\/264877\/revisions"}],"predecessor-version":[{"id":424066,"href":"https:\/\/www.purejewels.com\/de\/wp-json\/wp\/v2\/product\/264877\/revisions\/424066"}],"wp:featuredmedia":[{"embeddable":true,"href":"https:\/\/www.purejewels.com\/de\/wp-json\/wp\/v2\/media\/264961"}],"wp:attachment":[{"href":"https:\/\/www.purejewels.com\/de\/wp-json\/wp\/v2\/media?parent=264877"}],"wp:term":[{"taxonomy":"product_brand","embeddable":true,"href":"https:\/\/www.purejewels.com\/de\/wp-json\/wp\/v2\/product_brand?post=264877"},{"taxonomy":"product_cat","embeddable":true,"href":"https:\/\/www.purejewels.com\/de\/wp-json\/wp\/v2\/product_cat?post=264877"},{"taxonomy":"product_tag","embeddable":true,"href":"https:\/\/www.purejewels.com\/de\/wp-json\/wp\/v2\/product_tag?post=264877"}],"curies":[{"name":"wp","href":"https:\/\/api.w.org\/{rel}","templated":true}]}}