{"id":265055,"date":"2017-11-04T13:47:07","date_gmt":"2017-11-04T13:47:07","guid":{"rendered":"https:\/\/www.purejewels.com\/product\/22ct-gold-jali-pendant\/"},"modified":"2025-12-26T08:14:39","modified_gmt":"2025-12-26T08:14:39","slug":"22ct-gold-jali-anhanger","status":"publish","type":"product","link":"https:\/\/www.purejewels.com\/de\/product\/22ct-gold-jali-pendant\/","title":{"rendered":"22ct Gold Jali Herzform Anh\u00e4nger"},"content":{"rendered":"<p><strong>Entwurf:<\/strong><\/p>\n<p>Dieser einzigartige Anh\u00e4nger aus 22 Karat Gold besticht durch sein herzf\u00f6rmiges Design mit einem auff\u00e4lligen, strukturierten Kreuzmuster, das ihm Volumen und Lebendigkeit verleiht. Die gitterartige Struktur sorgt f\u00fcr ein wundersch\u00f6nes Zusammenspiel von Licht und Form, wodurch der Anh\u00e4nger auff\u00e4llig und dennoch geschmackvoll wirkt.<\/p>\n<p><strong>Handwerkliches K\u00f6nnen:<\/strong><\/p>\n<p>Der Anh\u00e4nger wurde fachm\u00e4nnisch aus hochglanzpoliertem 22-kar\u00e4tigem Gold gefertigt und zeichnet sich durch pr\u00e4zise diamantgeschliffene Strukturen und eine skulpturale Oberfl\u00e4che aus. Seine lichtreflektierende Oberfl\u00e4che verst\u00e4rkt die Tiefe und bewahrt gleichzeitig den Charme traditioneller Goldschmiedekunst.<\/p>\n<p><strong>Stil:<\/strong><\/p>\n<p>Dieser goldene Herzanh\u00e4nger ist perfekt, um Liebe und Individualit\u00e4t auszudr\u00fccken, und eignet sich ideal als Geschenk oder als sentimentales St\u00fcck f\u00fcr Ihre pers\u00f6nliche Sammlung. Kombinieren Sie ihn mit einer feinen Kette f\u00fcr einen eleganten Alltagslook oder tragen Sie ihn zusammen mit anderen Anh\u00e4ngern f\u00fcr einen auff\u00e4lligeren Look.<\/p>","protected":false},"excerpt":{"rendered":"<p>Fein gearbeiteter Herzanh\u00e4nger aus 22 Karat Gold mit strukturierter Gitteroberfl\u00e4che f\u00fcr einen auff\u00e4lligen, romantischen Touch.<\/p>\n<ul>\n<li>Herzf\u00f6rmiger Anh\u00e4nger<\/li>\n<li>Gewicht:1.4gm<\/li>\n<li>Kette nicht enthalten.<\/li>\n<li>22ct Gold gestempelt von London Assay Office<\/li>\n<li>Mit Pr\u00e4sentationsbox<\/li>\n<li>Lieferung inbegriffen<\/li>\n<li>Alle Preise inklusive Mehrwertsteuer<\/li>\n<li>Live-Chat mit uns f\u00fcr die Verf\u00fcgbarkeit und mehr Bilder von \u00e4hnlichen Designs derzeit auf Lager<\/li>\n<li><\/li>\n<\/ul>","protected":false},"featured_media":265080,"comment_status":"closed","ping_status":"closed","template":"","meta":{"_eb_attr":"","_crsspst_to_jayantr4sg-hostcom":false},"product_brand":[],"product_cat":[1767],"product_tag":[1502],"class_list":{"0":"post-265055","1":"product","2":"type-product","3":"status-publish","4":"has-post-thumbnail","6":"product_cat-ladies-pendants","7":"product_tag-filigree","9":"first","10":"outofstock","11":"taxable","12":"shipping-taxable","13":"product-type-simple","14":"add-to-wishlist-before_image"},"yoast_head":"<!-- This site is optimized with the Yoast SEO plugin v27.3 - https:\/\/yoast.com\/product\/yoast-seo-wordpress\/ -->\n<title>22ct Gold Textured Heart Pendant | PureJewels UK<\/title>\n<meta name=\"description\" content=\"Discover the charm of this 22ct gold heart pendant, featuring a textured criss-cross pattern. A radiant piece from PureJewels UK for everyday elegance.\" \/>\n<meta name=\"robots\" content=\"index, follow, max-snippet:-1, max-image-preview:large, max-video-preview:-1\" \/>\n<link rel=\"canonical\" href=\"https:\/\/www.purejewels.com\/de\/produkt-2\/22ct-gold-jali-anhanger\/\" \/>\n<meta property=\"og:locale\" content=\"de_DE\" \/>\n<meta property=\"og:type\" content=\"article\" \/>\n<meta property=\"og:title\" content=\"22ct Gold Textured Heart Pendant | PureJewels UK\" \/>\n<meta property=\"og:description\" content=\"Discover the charm of this 22ct gold heart pendant, featuring a textured criss-cross pattern. A radiant piece from PureJewels UK for everyday elegance.\" \/>\n<meta property=\"og:url\" content=\"https:\/\/www.purejewels.com\/de\/produkt-2\/22ct-gold-jali-anhanger\/\" \/>\n<meta property=\"og:site_name\" content=\"PureJewels UK\" \/>\n<meta property=\"article:modified_time\" content=\"2025-12-26T08:14:39+00:00\" \/>\n<meta property=\"og:image\" content=\"https:\/\/static.purejewels.com\/wp-content\/uploads\/2017\/11\/26723.png\" \/>\n\t<meta property=\"og:image:width\" content=\"1000\" \/>\n\t<meta property=\"og:image:height\" content=\"1000\" \/>\n\t<meta property=\"og:image:type\" content=\"image\/png\" \/>\n<meta name=\"twitter:card\" content=\"summary_large_image\" \/>\n<meta name=\"twitter:label1\" content=\"Gesch\u00e4tzte Lesezeit\" \/>\n\t<meta name=\"twitter:data1\" content=\"1\u00a0Minute\" \/>\n<script type=\"application\/ld+json\" class=\"yoast-schema-graph\">{\"@context\":\"https:\\\/\\\/schema.org\",\"@graph\":[{\"@type\":[\"WebPage\",\"ItemPage\"],\"@id\":\"https:\\\/\\\/www.purejewels.com\\\/product\\\/22ct-gold-jali-pendant\\\/\",\"url\":\"https:\\\/\\\/www.purejewels.com\\\/product\\\/22ct-gold-jali-pendant\\\/\",\"name\":\"22ct Gold Textured Heart Pendant | PureJewels UK\",\"isPartOf\":{\"@id\":\"https:\\\/\\\/www.purejewels.com\\\/#website\"},\"primaryImageOfPage\":{\"@id\":\"https:\\\/\\\/www.purejewels.com\\\/product\\\/22ct-gold-jali-pendant\\\/#primaryimage\"},\"image\":{\"@id\":\"https:\\\/\\\/www.purejewels.com\\\/product\\\/22ct-gold-jali-pendant\\\/#primaryimage\"},\"thumbnailUrl\":\"https:\\\/\\\/static.purejewels.com\\\/wp-content\\\/uploads\\\/2017\\\/11\\\/26723.png\",\"datePublished\":\"2017-11-04T13:47:07+00:00\",\"dateModified\":\"2025-12-26T08:14:39+00:00\",\"description\":\"Discover the charm of this 22ct gold heart pendant, featuring a textured criss-cross pattern. A radiant piece from PureJewels UK for everyday elegance.\",\"breadcrumb\":{\"@id\":\"https:\\\/\\\/www.purejewels.com\\\/product\\\/22ct-gold-jali-pendant\\\/#breadcrumb\"},\"inLanguage\":\"de\",\"potentialAction\":[{\"@type\":\"ReadAction\",\"target\":[\"https:\\\/\\\/www.purejewels.com\\\/product\\\/22ct-gold-jali-pendant\\\/\"]}]},{\"@type\":\"ImageObject\",\"inLanguage\":\"de\",\"@id\":\"https:\\\/\\\/www.purejewels.com\\\/product\\\/22ct-gold-jali-pendant\\\/#primaryimage\",\"url\":\"https:\\\/\\\/static.purejewels.com\\\/wp-content\\\/uploads\\\/2017\\\/11\\\/26723.png\",\"contentUrl\":\"https:\\\/\\\/static.purejewels.com\\\/wp-content\\\/uploads\\\/2017\\\/11\\\/26723.png\",\"width\":1000,\"height\":1000,\"caption\":\"26723\"},{\"@type\":\"BreadcrumbList\",\"@id\":\"https:\\\/\\\/www.purejewels.com\\\/product\\\/22ct-gold-jali-pendant\\\/#breadcrumb\",\"itemListElement\":[{\"@type\":\"ListItem\",\"position\":1,\"name\":\"Home\",\"item\":\"https:\\\/\\\/www.purejewels.com\\\/\"},{\"@type\":\"ListItem\",\"position\":2,\"name\":\"Shop\",\"item\":\"https:\\\/\\\/www.purejewels.com\\\/shop\\\/\"},{\"@type\":\"ListItem\",\"position\":3,\"name\":\"22ct Gold Jali Heart Shape Pendant\"}]},{\"@type\":\"WebSite\",\"@id\":\"https:\\\/\\\/www.purejewels.com\\\/#website\",\"url\":\"https:\\\/\\\/www.purejewels.com\\\/\",\"name\":\"PureJewels UK\",\"description\":\"Share the Love\",\"publisher\":{\"@id\":\"https:\\\/\\\/www.purejewels.com\\\/#organization\"},\"potentialAction\":[{\"@type\":\"SearchAction\",\"target\":{\"@type\":\"EntryPoint\",\"urlTemplate\":\"https:\\\/\\\/www.purejewels.com\\\/?s={search_term_string}\"},\"query-input\":{\"@type\":\"PropertyValueSpecification\",\"valueRequired\":true,\"valueName\":\"search_term_string\"}}],\"inLanguage\":\"de\"},{\"@type\":\"Organization\",\"@id\":\"https:\\\/\\\/www.purejewels.com\\\/#organization\",\"name\":\"PureJewels UK\",\"url\":\"https:\\\/\\\/www.purejewels.com\\\/\",\"logo\":{\"@type\":\"ImageObject\",\"inLanguage\":\"de\",\"@id\":\"https:\\\/\\\/www.purejewels.com\\\/#\\\/schema\\\/logo\\\/image\\\/\",\"url\":\"https:\\\/\\\/static.purejewels.com\\\/wp-content\\\/uploads\\\/2020\\\/11\\\/Logo-PJ-New-1.png\",\"contentUrl\":\"https:\\\/\\\/static.purejewels.com\\\/wp-content\\\/uploads\\\/2020\\\/11\\\/Logo-PJ-New-1.png\",\"width\":150,\"height\":80,\"caption\":\"PureJewels UK\"},\"image\":{\"@id\":\"https:\\\/\\\/www.purejewels.com\\\/#\\\/schema\\\/logo\\\/image\\\/\"}}]}<\/script>\n<!-- \/ Yoast SEO plugin. -->","yoast_head_json":{"title":"Anh\u00e4nger mit strukturiertem Herz aus 22 Karat Gold | PureJewels UK","description":"Entdecken Sie den Charme dieses Herzanh\u00e4ngers aus 22 Karat Gold mit seinem strukturierten Kreuzmuster. Ein strahlendes Schmuckst\u00fcck von PureJewels UK f\u00fcr Eleganz im Alltag.","robots":{"index":"index","follow":"follow","max-snippet":"max-snippet:-1","max-image-preview":"max-image-preview:large","max-video-preview":"max-video-preview:-1"},"canonical":"https:\/\/www.purejewels.com\/de\/produkt-2\/22ct-gold-jali-anhanger\/","og_locale":"de_DE","og_type":"article","og_title":"22ct Gold Textured Heart Pendant | PureJewels UK","og_description":"Discover the charm of this 22ct gold heart pendant, featuring a textured criss-cross pattern. A radiant piece from PureJewels UK for everyday elegance.","og_url":"https:\/\/www.purejewels.com\/de\/produkt-2\/22ct-gold-jali-anhanger\/","og_site_name":"PureJewels UK","article_modified_time":"2025-12-26T08:14:39+00:00","og_image":[{"width":1000,"height":1000,"url":"https:\/\/static.purejewels.com\/wp-content\/uploads\/2017\/11\/26723.png","type":"image\/png"}],"twitter_card":"summary_large_image","twitter_misc":{"Gesch\u00e4tzte Lesezeit":"1\u00a0Minute"},"schema":{"@context":"https:\/\/schema.org","@graph":[{"@type":["WebPage","ItemPage"],"@id":"https:\/\/www.purejewels.com\/product\/22ct-gold-jali-pendant\/","url":"https:\/\/www.purejewels.com\/product\/22ct-gold-jali-pendant\/","name":"Anh\u00e4nger mit strukturiertem Herz aus 22 Karat Gold | PureJewels UK","isPartOf":{"@id":"https:\/\/www.purejewels.com\/#website"},"primaryImageOfPage":{"@id":"https:\/\/www.purejewels.com\/product\/22ct-gold-jali-pendant\/#primaryimage"},"image":{"@id":"https:\/\/www.purejewels.com\/product\/22ct-gold-jali-pendant\/#primaryimage"},"thumbnailUrl":"https:\/\/static.purejewels.com\/wp-content\/uploads\/2017\/11\/26723.png","datePublished":"2017-11-04T13:47:07+00:00","dateModified":"2025-12-26T08:14:39+00:00","description":"Entdecken Sie den Charme dieses Herzanh\u00e4ngers aus 22 Karat Gold mit seinem strukturierten Kreuzmuster. Ein strahlendes Schmuckst\u00fcck von PureJewels UK f\u00fcr Eleganz im Alltag.","breadcrumb":{"@id":"https:\/\/www.purejewels.com\/product\/22ct-gold-jali-pendant\/#breadcrumb"},"inLanguage":"de","potentialAction":[{"@type":"ReadAction","target":["https:\/\/www.purejewels.com\/product\/22ct-gold-jali-pendant\/"]}]},{"@type":"ImageObject","inLanguage":"de","@id":"https:\/\/www.purejewels.com\/product\/22ct-gold-jali-pendant\/#primaryimage","url":"https:\/\/static.purejewels.com\/wp-content\/uploads\/2017\/11\/26723.png","contentUrl":"https:\/\/static.purejewels.com\/wp-content\/uploads\/2017\/11\/26723.png","width":1000,"height":1000,"caption":"26723"},{"@type":"BreadcrumbList","@id":"https:\/\/www.purejewels.com\/product\/22ct-gold-jali-pendant\/#breadcrumb","itemListElement":[{"@type":"ListItem","position":1,"name":"Home","item":"https:\/\/www.purejewels.com\/"},{"@type":"ListItem","position":2,"name":"Shop","item":"https:\/\/www.purejewels.com\/shop\/"},{"@type":"ListItem","position":3,"name":"22ct Gold Jali Heart Shape Pendant"}]},{"@type":"WebSite","@id":"https:\/\/www.purejewels.com\/#website","url":"https:\/\/www.purejewels.com\/","name":"PureJewels UK","description":"Teile die Liebe","publisher":{"@id":"https:\/\/www.purejewels.com\/#organization"},"potentialAction":[{"@type":"SearchAction","target":{"@type":"EntryPoint","urlTemplate":"https:\/\/www.purejewels.com\/?s={search_term_string}"},"query-input":{"@type":"PropertyValueSpecification","valueRequired":true,"valueName":"search_term_string"}}],"inLanguage":"de"},{"@type":"Organization","@id":"https:\/\/www.purejewels.com\/#organization","name":"PureJewels UK","url":"https:\/\/www.purejewels.com\/","logo":{"@type":"ImageObject","inLanguage":"de","@id":"https:\/\/www.purejewels.com\/#\/schema\/logo\/image\/","url":"https:\/\/static.purejewels.com\/wp-content\/uploads\/2020\/11\/Logo-PJ-New-1.png","contentUrl":"https:\/\/static.purejewels.com\/wp-content\/uploads\/2020\/11\/Logo-PJ-New-1.png","width":150,"height":80,"caption":"PureJewels UK"},"image":{"@id":"https:\/\/www.purejewels.com\/#\/schema\/logo\/image\/"}}]}},"_links":{"self":[{"href":"https:\/\/www.purejewels.com\/de\/wp-json\/wp\/v2\/product\/265055","targetHints":{"allow":["GET"]}}],"collection":[{"href":"https:\/\/www.purejewels.com\/de\/wp-json\/wp\/v2\/product"}],"about":[{"href":"https:\/\/www.purejewels.com\/de\/wp-json\/wp\/v2\/types\/product"}],"replies":[{"embeddable":true,"href":"https:\/\/www.purejewels.com\/de\/wp-json\/wp\/v2\/comments?post=265055"}],"version-history":[{"count":2,"href":"https:\/\/www.purejewels.com\/de\/wp-json\/wp\/v2\/product\/265055\/revisions"}],"predecessor-version":[{"id":423879,"href":"https:\/\/www.purejewels.com\/de\/wp-json\/wp\/v2\/product\/265055\/revisions\/423879"}],"wp:featuredmedia":[{"embeddable":true,"href":"https:\/\/www.purejewels.com\/de\/wp-json\/wp\/v2\/media\/265080"}],"wp:attachment":[{"href":"https:\/\/www.purejewels.com\/de\/wp-json\/wp\/v2\/media?parent=265055"}],"wp:term":[{"taxonomy":"product_brand","embeddable":true,"href":"https:\/\/www.purejewels.com\/de\/wp-json\/wp\/v2\/product_brand?post=265055"},{"taxonomy":"product_cat","embeddable":true,"href":"https:\/\/www.purejewels.com\/de\/wp-json\/wp\/v2\/product_cat?post=265055"},{"taxonomy":"product_tag","embeddable":true,"href":"https:\/\/www.purejewels.com\/de\/wp-json\/wp\/v2\/product_tag?post=265055"}],"curies":[{"name":"wp","href":"https:\/\/api.w.org\/{rel}","templated":true}]}}