{"id":291364,"date":"2017-11-18T15:04:48","date_gmt":"2017-11-18T15:04:48","guid":{"rendered":"https:\/\/www.purejewels.com\/product\/22ct-gold-diamond-teardrop-necklace\/"},"modified":"2026-01-06T08:42:53","modified_gmt":"2026-01-06T08:42:53","slug":"diamant-tranenhalskette-aus-22-karat-gold","status":"publish","type":"product","link":"https:\/\/www.purejewels.com\/de\/product\/22ct-gold-diamond-teardrop-necklace\/","title":{"rendered":"22ct Gold Teardrop Glow Halskette"},"content":{"rendered":"<p>Wenn Sie hier sind, dann sind Sie entweder in Schwierigkeiten, oder Sie kaufen f\u00fcr jemanden, der etwas ganz Besonderes ist.  Nehmen wir an, es ist letzteres und fragen uns, ob dies die richtige Wahl f\u00fcr sie ist.  Gefertigt aus <a href=\"https:\/\/www.purejewels.com\/de\/product\/22ct-gold-jali-filigree-ring-jali-collection-31926\/\">22ct<\/a> Diese klassisch indische Halskette aus Gold mit rhodinierten Akzenten hat einen modernen, schrulligen Touch.  Die rhodinierten Wirbel und die eingearbeiteten Glieder verleihen ihr einen echten Designer-Look.   Die Zirkonia sind nur schwer von Diamanten zu unterscheiden, vor allem, wenn sie in 22-kar\u00e4tigem Gold gefasst sind - deshalb ist diese Halskette so gro\u00dfartig und luxuri\u00f6s.  Sie ist ideal f\u00fcr alle, denen ein besonderer Anlass bevorsteht, vor allem, wenn sie ihre Schmuckst\u00fccke zart, authentisch und ungew\u00f6hnlich m\u00f6gen.  Wenn du sie kennst, dann schnapp sie dir...<\/p>\n<p><span style=\"float: none;background-color: transparent;color: #333333;cursor: text;font-family: Georgia,'Times New Roman','Bitstream Charter',Times,serif;font-size: 16px;font-style: normal;font-variant: normal;font-weight: 400;letter-spacing: normal;text-align: left;text-decoration: none;text-indent: 0px\">Einzigartiges Kettendesign<\/span><\/p>\n<ul>\n<li>Tr\u00e4nenf\u00f6rmiger Anh\u00e4nger Detail<\/li>\n<li>22 Karat Gold Hochzeitskette mit kubischen Zirkonia<\/li>\n<li>22.4gm<\/li>\n<li>Alle Preise inklusive Mehrwertsteuer<\/li>\n<li>22ct Gold gestempelt von London Assay Office<\/li>\n<li>Alle Sets werden mit Pr\u00e4sentationsbox geliefert<\/li>\n<li>Lieferung inbegriffen<\/li>\n<li>Live-Chat mit uns f\u00fcr die Verf\u00fcgbarkeit und mehr Bilder von \u00e4hnlichen Designs derzeit auf Lager<\/li>\n<\/ul>","protected":false},"excerpt":{"rendered":"<p>Wenn Sie hier sind, dann sind Sie entweder in Schwierigkeiten, oder Sie kaufen f\u00fcr jemanden, der etwas ganz Besonderes ist.  Nehmen wir an, es ist letzteres und fragen uns, ob dies die richtige Wahl f\u00fcr sie ist.  Diese klassische Halskette im indischen Stil besteht aus 22-kar\u00e4tigem Gold mit rhodinierten Akzenten und hat einige moderne, skurrile Akzente.  Die rhodinierten Wirbel und die eingearbeiteten Glieder verleihen ihr einen echten Designer-Look.   Es ist schwierig, die Zirkonia von den Diamanten zu unterscheiden, vor allem, wenn sie in 22-kar\u00e4tigem Gold gefasst sind - deshalb ist diese Halskette so gro\u00dfartig und luxuri\u00f6s.  Sie ist ideal f\u00fcr alle, denen ein besonderer Anlass bevorsteht, vor allem, wenn sie ihre Schmuckst\u00fccke zart, authentisch und ungew\u00f6hnlich m\u00f6gen.  Wenn Sie sie kennen, dann schnappen Sie sich dieses Schmuckst\u00fcck...<\/p>\n<ul>\n<li>Einzigartiges Kettendesign<\/li>\n<li>Tr\u00e4nenf\u00f6rmiger Anh\u00e4nger Detail<\/li>\n<li>22ct Gold mit kubischen Zirkonen<\/li>\n<li>22.4gm<\/li>\n<\/ul>","protected":false},"featured_media":291195,"comment_status":"closed","ping_status":"closed","template":"","meta":{"_eb_attr":"","_crsspst_to_jayantr4sg-hostcom":false},"product_brand":[],"product_cat":[1782],"product_tag":[],"class_list":{"0":"post-291364","1":"product","2":"type-product","3":"status-publish","4":"has-post-thumbnail","6":"product_cat-choker-necklaces","8":"first","9":"outofstock","10":"taxable","11":"shipping-taxable","12":"product-type-simple","13":"add-to-wishlist-before_image"},"yoast_head":"<!-- This site is optimized with the Yoast SEO plugin v27.3 - https:\/\/yoast.com\/product\/yoast-seo-wordpress\/ -->\n<title>22ct Gold Teardrop Glow Necklace - PureJewels UK<\/title>\n<meta name=\"robots\" content=\"index, follow, max-snippet:-1, max-image-preview:large, max-video-preview:-1\" \/>\n<link rel=\"canonical\" href=\"https:\/\/www.purejewels.com\/de\/produkt-2\/diamant-tranenhalskette-aus-22-karat-gold\/\" \/>\n<meta property=\"og:locale\" content=\"de_DE\" \/>\n<meta property=\"og:type\" content=\"article\" \/>\n<meta property=\"og:title\" content=\"22ct Gold Teardrop Glow Necklace - PureJewels UK\" \/>\n<meta property=\"og:description\" content=\"If you&#039;re here then you&#039;re either in trouble, or you&#039;re buying for someone who is very, very special. \u00a0Let&#039;s assume it&#039;s the latter and wonder whether this is the right choice for her. \u00a0Fashioned from 22ct gold with rhodium-plated highlights, this classically Indian-styled necklace has some modern, quirky touches. \u00a0The rhodium swirls and integrated pave links give it a real designer look. \u00a0 It&#039;s difficult to tell the zirconia apart from diamond, especially when they&#039;re set into 22ct gold - that&#039;s why this necklace is so grand and luxurious. \u00a0It would be ideal for anyone with a special occasion on the horizon, particularly if they like their jewels to be delicate, authentic, and unusual. \u00a0If you know her, then snap this up...   Unique Chain Design  Teardrop shaped pendant detail  22ct Gold with Cubic Zirconia  22.4gm\" \/>\n<meta property=\"og:url\" content=\"https:\/\/www.purejewels.com\/de\/produkt-2\/diamant-tranenhalskette-aus-22-karat-gold\/\" \/>\n<meta property=\"og:site_name\" content=\"PureJewels UK\" \/>\n<meta property=\"article:modified_time\" content=\"2026-01-06T08:42:53+00:00\" \/>\n<meta property=\"og:image\" content=\"https:\/\/www.purejewels.com\/wp-content\/uploads\/2017\/11\/27017-1.png\" \/>\n\t<meta property=\"og:image:width\" content=\"1000\" \/>\n\t<meta property=\"og:image:height\" content=\"1000\" \/>\n\t<meta property=\"og:image:type\" content=\"image\/png\" \/>\n<meta name=\"twitter:card\" content=\"summary_large_image\" \/>\n<meta name=\"twitter:label1\" content=\"Gesch\u00e4tzte Lesezeit\" \/>\n\t<meta name=\"twitter:data1\" content=\"1\u00a0Minute\" \/>\n<script type=\"application\/ld+json\" class=\"yoast-schema-graph\">{\"@context\":\"https:\\\/\\\/schema.org\",\"@graph\":[{\"@type\":[\"WebPage\",\"ItemPage\"],\"@id\":\"https:\\\/\\\/www.purejewels.com\\\/product\\\/22ct-gold-diamond-teardrop-necklace\\\/\",\"url\":\"https:\\\/\\\/www.purejewels.com\\\/product\\\/22ct-gold-diamond-teardrop-necklace\\\/\",\"name\":\"22ct Gold Teardrop Glow Necklace - PureJewels UK\",\"isPartOf\":{\"@id\":\"https:\\\/\\\/www.purejewels.com\\\/#website\"},\"primaryImageOfPage\":{\"@id\":\"https:\\\/\\\/www.purejewels.com\\\/product\\\/22ct-gold-diamond-teardrop-necklace\\\/#primaryimage\"},\"image\":{\"@id\":\"https:\\\/\\\/www.purejewels.com\\\/product\\\/22ct-gold-diamond-teardrop-necklace\\\/#primaryimage\"},\"thumbnailUrl\":\"https:\\\/\\\/static.purejewels.com\\\/wp-content\\\/uploads\\\/2017\\\/11\\\/27017-1.png\",\"datePublished\":\"2017-11-18T15:04:48+00:00\",\"dateModified\":\"2026-01-06T08:42:53+00:00\",\"breadcrumb\":{\"@id\":\"https:\\\/\\\/www.purejewels.com\\\/product\\\/22ct-gold-diamond-teardrop-necklace\\\/#breadcrumb\"},\"inLanguage\":\"de\",\"potentialAction\":[{\"@type\":\"ReadAction\",\"target\":[\"https:\\\/\\\/www.purejewels.com\\\/product\\\/22ct-gold-diamond-teardrop-necklace\\\/\"]}]},{\"@type\":\"ImageObject\",\"inLanguage\":\"de\",\"@id\":\"https:\\\/\\\/www.purejewels.com\\\/product\\\/22ct-gold-diamond-teardrop-necklace\\\/#primaryimage\",\"url\":\"https:\\\/\\\/static.purejewels.com\\\/wp-content\\\/uploads\\\/2017\\\/11\\\/27017-1.png\",\"contentUrl\":\"https:\\\/\\\/static.purejewels.com\\\/wp-content\\\/uploads\\\/2017\\\/11\\\/27017-1.png\",\"width\":1000,\"height\":1000,\"caption\":\"27017-1\"},{\"@type\":\"BreadcrumbList\",\"@id\":\"https:\\\/\\\/www.purejewels.com\\\/product\\\/22ct-gold-diamond-teardrop-necklace\\\/#breadcrumb\",\"itemListElement\":[{\"@type\":\"ListItem\",\"position\":1,\"name\":\"Home\",\"item\":\"https:\\\/\\\/www.purejewels.com\\\/\"},{\"@type\":\"ListItem\",\"position\":2,\"name\":\"Shop\",\"item\":\"https:\\\/\\\/www.purejewels.com\\\/shop\\\/\"},{\"@type\":\"ListItem\",\"position\":3,\"name\":\"22ct Gold Teardrop Glow Necklace\"}]},{\"@type\":\"WebSite\",\"@id\":\"https:\\\/\\\/www.purejewels.com\\\/#website\",\"url\":\"https:\\\/\\\/www.purejewels.com\\\/\",\"name\":\"PureJewels UK\",\"description\":\"Share the Love\",\"publisher\":{\"@id\":\"https:\\\/\\\/www.purejewels.com\\\/#organization\"},\"potentialAction\":[{\"@type\":\"SearchAction\",\"target\":{\"@type\":\"EntryPoint\",\"urlTemplate\":\"https:\\\/\\\/www.purejewels.com\\\/?s={search_term_string}\"},\"query-input\":{\"@type\":\"PropertyValueSpecification\",\"valueRequired\":true,\"valueName\":\"search_term_string\"}}],\"inLanguage\":\"de\"},{\"@type\":\"Organization\",\"@id\":\"https:\\\/\\\/www.purejewels.com\\\/#organization\",\"name\":\"PureJewels UK\",\"url\":\"https:\\\/\\\/www.purejewels.com\\\/\",\"logo\":{\"@type\":\"ImageObject\",\"inLanguage\":\"de\",\"@id\":\"https:\\\/\\\/www.purejewels.com\\\/#\\\/schema\\\/logo\\\/image\\\/\",\"url\":\"https:\\\/\\\/static.purejewels.com\\\/wp-content\\\/uploads\\\/2020\\\/11\\\/Logo-PJ-New-1.png\",\"contentUrl\":\"https:\\\/\\\/static.purejewels.com\\\/wp-content\\\/uploads\\\/2020\\\/11\\\/Logo-PJ-New-1.png\",\"width\":150,\"height\":80,\"caption\":\"PureJewels UK\"},\"image\":{\"@id\":\"https:\\\/\\\/www.purejewels.com\\\/#\\\/schema\\\/logo\\\/image\\\/\"}}]}<\/script>\n<!-- \/ Yoast SEO plugin. -->","yoast_head_json":{"title":"22ct Gold Teardrop Glow Halskette - PureJewels UK","robots":{"index":"index","follow":"follow","max-snippet":"max-snippet:-1","max-image-preview":"max-image-preview:large","max-video-preview":"max-video-preview:-1"},"canonical":"https:\/\/www.purejewels.com\/de\/produkt-2\/diamant-tranenhalskette-aus-22-karat-gold\/","og_locale":"de_DE","og_type":"article","og_title":"22ct Gold Teardrop Glow Necklace - PureJewels UK","og_description":"If you're here then you're either in trouble, or you're buying for someone who is very, very special. \u00a0Let's assume it's the latter and wonder whether this is the right choice for her. \u00a0Fashioned from 22ct gold with rhodium-plated highlights, this classically Indian-styled necklace has some modern, quirky touches. \u00a0The rhodium swirls and integrated pave links give it a real designer look. \u00a0 It's difficult to tell the zirconia apart from diamond, especially when they're set into 22ct gold - that's why this necklace is so grand and luxurious. \u00a0It would be ideal for anyone with a special occasion on the horizon, particularly if they like their jewels to be delicate, authentic, and unusual. \u00a0If you know her, then snap this up...   Unique Chain Design  Teardrop shaped pendant detail  22ct Gold with Cubic Zirconia  22.4gm","og_url":"https:\/\/www.purejewels.com\/de\/produkt-2\/diamant-tranenhalskette-aus-22-karat-gold\/","og_site_name":"PureJewels UK","article_modified_time":"2026-01-06T08:42:53+00:00","og_image":[{"width":1000,"height":1000,"url":"https:\/\/www.purejewels.com\/wp-content\/uploads\/2017\/11\/27017-1.png","type":"image\/png"}],"twitter_card":"summary_large_image","twitter_misc":{"Gesch\u00e4tzte Lesezeit":"1\u00a0Minute"},"schema":{"@context":"https:\/\/schema.org","@graph":[{"@type":["WebPage","ItemPage"],"@id":"https:\/\/www.purejewels.com\/product\/22ct-gold-diamond-teardrop-necklace\/","url":"https:\/\/www.purejewels.com\/product\/22ct-gold-diamond-teardrop-necklace\/","name":"22ct Gold Teardrop Glow Halskette - PureJewels UK","isPartOf":{"@id":"https:\/\/www.purejewels.com\/#website"},"primaryImageOfPage":{"@id":"https:\/\/www.purejewels.com\/product\/22ct-gold-diamond-teardrop-necklace\/#primaryimage"},"image":{"@id":"https:\/\/www.purejewels.com\/product\/22ct-gold-diamond-teardrop-necklace\/#primaryimage"},"thumbnailUrl":"https:\/\/static.purejewels.com\/wp-content\/uploads\/2017\/11\/27017-1.png","datePublished":"2017-11-18T15:04:48+00:00","dateModified":"2026-01-06T08:42:53+00:00","breadcrumb":{"@id":"https:\/\/www.purejewels.com\/product\/22ct-gold-diamond-teardrop-necklace\/#breadcrumb"},"inLanguage":"de","potentialAction":[{"@type":"ReadAction","target":["https:\/\/www.purejewels.com\/product\/22ct-gold-diamond-teardrop-necklace\/"]}]},{"@type":"ImageObject","inLanguage":"de","@id":"https:\/\/www.purejewels.com\/product\/22ct-gold-diamond-teardrop-necklace\/#primaryimage","url":"https:\/\/static.purejewels.com\/wp-content\/uploads\/2017\/11\/27017-1.png","contentUrl":"https:\/\/static.purejewels.com\/wp-content\/uploads\/2017\/11\/27017-1.png","width":1000,"height":1000,"caption":"27017-1"},{"@type":"BreadcrumbList","@id":"https:\/\/www.purejewels.com\/product\/22ct-gold-diamond-teardrop-necklace\/#breadcrumb","itemListElement":[{"@type":"ListItem","position":1,"name":"Home","item":"https:\/\/www.purejewels.com\/"},{"@type":"ListItem","position":2,"name":"Shop","item":"https:\/\/www.purejewels.com\/shop\/"},{"@type":"ListItem","position":3,"name":"22ct Gold Teardrop Glow Necklace"}]},{"@type":"WebSite","@id":"https:\/\/www.purejewels.com\/#website","url":"https:\/\/www.purejewels.com\/","name":"PureJewels UK","description":"Teile die Liebe","publisher":{"@id":"https:\/\/www.purejewels.com\/#organization"},"potentialAction":[{"@type":"SearchAction","target":{"@type":"EntryPoint","urlTemplate":"https:\/\/www.purejewels.com\/?s={search_term_string}"},"query-input":{"@type":"PropertyValueSpecification","valueRequired":true,"valueName":"search_term_string"}}],"inLanguage":"de"},{"@type":"Organization","@id":"https:\/\/www.purejewels.com\/#organization","name":"PureJewels UK","url":"https:\/\/www.purejewels.com\/","logo":{"@type":"ImageObject","inLanguage":"de","@id":"https:\/\/www.purejewels.com\/#\/schema\/logo\/image\/","url":"https:\/\/static.purejewels.com\/wp-content\/uploads\/2020\/11\/Logo-PJ-New-1.png","contentUrl":"https:\/\/static.purejewels.com\/wp-content\/uploads\/2020\/11\/Logo-PJ-New-1.png","width":150,"height":80,"caption":"PureJewels UK"},"image":{"@id":"https:\/\/www.purejewels.com\/#\/schema\/logo\/image\/"}}]}},"_links":{"self":[{"href":"https:\/\/www.purejewels.com\/de\/wp-json\/wp\/v2\/product\/291364","targetHints":{"allow":["GET"]}}],"collection":[{"href":"https:\/\/www.purejewels.com\/de\/wp-json\/wp\/v2\/product"}],"about":[{"href":"https:\/\/www.purejewels.com\/de\/wp-json\/wp\/v2\/types\/product"}],"replies":[{"embeddable":true,"href":"https:\/\/www.purejewels.com\/de\/wp-json\/wp\/v2\/comments?post=291364"}],"version-history":[{"count":0,"href":"https:\/\/www.purejewels.com\/de\/wp-json\/wp\/v2\/product\/291364\/revisions"}],"wp:featuredmedia":[{"embeddable":true,"href":"https:\/\/www.purejewels.com\/de\/wp-json\/wp\/v2\/media\/291195"}],"wp:attachment":[{"href":"https:\/\/www.purejewels.com\/de\/wp-json\/wp\/v2\/media?parent=291364"}],"wp:term":[{"taxonomy":"product_brand","embeddable":true,"href":"https:\/\/www.purejewels.com\/de\/wp-json\/wp\/v2\/product_brand?post=291364"},{"taxonomy":"product_cat","embeddable":true,"href":"https:\/\/www.purejewels.com\/de\/wp-json\/wp\/v2\/product_cat?post=291364"},{"taxonomy":"product_tag","embeddable":true,"href":"https:\/\/www.purejewels.com\/de\/wp-json\/wp\/v2\/product_tag?post=291364"}],"curies":[{"name":"wp","href":"https:\/\/api.w.org\/{rel}","templated":true}]}}