{"id":291755,"date":"2017-11-18T17:47:18","date_gmt":"2017-11-18T17:47:18","guid":{"rendered":"https:\/\/www.purejewels.com\/product\/integral\/"},"modified":"2022-05-20T14:08:00","modified_gmt":"2022-05-20T13:08:00","slug":"integral","status":"publish","type":"product","link":"https:\/\/www.purejewels.com\/de\/product\/integral\/","title":{"rendered":"Rado Integral Damenuhr"},"content":{"rendered":"<p>Autorisierter Rado-H\u00e4ndler in London<\/p>\n<p>Modell Nr. R20759759<\/p>\n<p>Kontaktieren Sie uns \/ chatten Sie mit uns, um mehr Rado Integraluhren zu entdecken.<\/p>","protected":false},"excerpt":{"rendered":"<div class=\"col-xs-12 col-md-6\">\n<p>Autorisierter Rado-H\u00e4ndler in London<\/p>\n<p>Modell Nr. R20759759<\/p>\n<table>\n<tbody>\n<tr>\n<td colspan=\"2\">\n<h4 class=\"head\">CASE<\/h4>\n<\/td>\n<\/tr>\n<tr>\n<td class=\"name\">Die Form:<\/td>\n<td class=\"value\">Rechteckig<\/td>\n<\/tr>\n<tr>\n<td class=\"name\">Beenden:<\/td>\n<td class=\"value\">Poliert<\/td>\n<\/tr>\n<tr>\n<td class=\"name\">Material:<\/td>\n<td class=\"value\">Rostfreier Stahl<\/td>\n<\/tr>\n<tr>\n<td class=\"name\">Breite:<\/td>\n<td class=\"value\">19 mm ohne Krone<\/td>\n<\/tr>\n<tr>\n<td class=\"name\">Geh\u00e4usel\u00e4nge mit \u00d6sen:<\/td>\n<td class=\"value\">30 mm<\/td>\n<\/tr>\n<tr>\n<td class=\"name\">Wasserbest\u00e4ndigkeit:<\/td>\n<td class=\"value\">30 m (100 Fu\u00df)<\/td>\n<\/tr>\n<tr>\n<td class=\"name\">Kristall:<\/td>\n<td class=\"value\">Kratzfestes Saphirglas<\/td>\n<\/tr>\n<tr>\n<td class=\"name\">Die Dicke:<\/td>\n<td class=\"value\">6 mm<\/td>\n<\/tr>\n<tr>\n<td class=\"name\">Fall zur\u00fcck:<\/td>\n<td class=\"value\">Einschraubbar Geschlossen<\/td>\n<\/tr>\n<tr>\n<td class=\"space\" colspan=\"2\"><\/td>\n<\/tr>\n<tr>\n<td colspan=\"2\">\n<h4 class=\"head\">DIAL<\/h4>\n<\/td>\n<\/tr>\n<tr>\n<td class=\"name\">Farbe:<\/td>\n<td class=\"value\">Schwarz<\/td>\n<\/tr>\n<tr>\n<td class=\"name\">Die H\u00e4nde:<\/td>\n<td class=\"value\">Silberfarbene Zeiger<\/td>\n<\/tr>\n<tr>\n<td class=\"name\">Markierungen:<\/td>\n<td class=\"value\">Diamant-Stundenmarker<\/td>\n<\/tr>\n<tr>\n<td class=\"name\">Edelsteine:<\/td>\n<td class=\"value\">Wei\u00dfe Diamanten<\/td>\n<\/tr>\n<tr>\n<td class=\"name\">Anzahl der Edelsteine:<\/td>\n<td class=\"value\">6<\/td>\n<\/tr>\n<tr>\n<td class=\"name\">Edelsteine Gewicht:<\/td>\n<td class=\"value\">.017 ct.<\/td>\n<\/tr>\n<tr>\n<td class=\"space\" colspan=\"2\"><\/td>\n<\/tr>\n<tr>\n<td colspan=\"2\">\n<h4 class=\"head\">BEZEL<\/h4>\n<\/td>\n<\/tr>\n<tr>\n<td class=\"name\">Attribute:<\/td>\n<td class=\"value\">Spiegeleffekt<\/td>\n<\/tr>\n<tr>\n<td class=\"name\">Material:<\/td>\n<td class=\"value\">Rostfreier Stahl<\/td>\n<\/tr>\n<tr>\n<td class=\"name\">Art:<\/td>\n<td class=\"value\">Diamant-L\u00fcnette<\/td>\n<\/tr>\n<tr>\n<td class=\"name\">Edelsteine:<\/td>\n<td class=\"value\">Wei\u00dfe Diamanten<\/td>\n<\/tr>\n<tr>\n<td class=\"name\">Edelsteine z\u00e4hlen:<\/td>\n<td class=\"value\">46<\/td>\n<\/tr>\n<tr>\n<td class=\"name\">Edelsteine Gewicht:<\/td>\n<td class=\"value\">.133 ct.<\/td>\n<\/tr>\n<tr>\n<td class=\"space\" colspan=\"2\"><\/td>\n<\/tr>\n<\/tbody>\n<\/table>\n<\/div>\n<div class=\"col-xs-12 col-md-6\">\n<table>\n<tbody>\n<tr>\n<td colspan=\"2\">\n<h4 class=\"head\">BEWEGUNG<\/h4>\n<\/td>\n<\/tr>\n<tr>\n<td class=\"name\">Art:<\/td>\n<td class=\"value\">Schweizer Quartz (batteriebetrieben)<\/td>\n<\/tr>\n<tr>\n<td class=\"name\">Kaliber:<\/td>\n<td class=\"value\">153<\/td>\n<\/tr>\n<tr>\n<td class=\"name\">Herkunftsland:<\/td>\n<td class=\"value\">Hergestellt in der Schweiz<\/td>\n<\/tr>\n<tr>\n<td class=\"name\">Die Krone:<\/td>\n<td class=\"value\">Ziehen und Dr\u00fccken der Krone<\/td>\n<\/tr>\n<tr>\n<td class=\"space\" colspan=\"2\"><\/td>\n<\/tr>\n<tr>\n<td colspan=\"2\">\n<h4 class=\"head\">BAND<\/h4>\n<\/td>\n<\/tr>\n<tr>\n<td class=\"name\">Band-Typ:<\/td>\n<td class=\"value\">Armb\u00e4nder<\/td>\n<\/tr>\n<tr>\n<td class=\"name\">Band-Finish:<\/td>\n<td class=\"value\">Poliert<\/td>\n<\/tr>\n<tr>\n<td class=\"name\">Material des Bandes:<\/td>\n<td class=\"value\">Rostfreier Stahl und Keramik<\/td>\n<\/tr>\n<tr>\n<td class=\"name\">Farbe des Bandes:<\/td>\n<td class=\"value\">Schwarz und Silber<\/td>\n<\/tr>\n<tr>\n<td class=\"name\">Breite:<\/td>\n<td class=\"value\">19 mm<\/td>\n<\/tr>\n<tr>\n<td class=\"name\">L\u00e4nge:<\/td>\n<td class=\"value\">6,5 Zoll<\/td>\n<\/tr>\n<tr>\n<td class=\"name\">Schlie\u00dfe:<\/td>\n<td class=\"value\">Doppelfaltschlie\u00dfe aus Titan mit Druckknopf<\/td>\n<\/tr>\n<tr>\n<td class=\"space\" colspan=\"2\"><\/td>\n<\/tr>\n<tr>\n<td colspan=\"2\">\n<h4 class=\"head\">GEMSTONE<\/h4>\n<\/td>\n<\/tr>\n<tr>\n<td class=\"name\">Edelsteine:<\/td>\n<td class=\"value\">Wei\u00dfe Diamanten<\/td>\n<\/tr>\n<tr>\n<td class=\"name\">Gesamtmenge:<\/td>\n<td class=\"value\">52<\/td>\n<\/tr>\n<tr>\n<td class=\"name\">Karat Gesamtgewicht:<\/td>\n<td class=\"value\">.15 ctw.<\/td>\n<\/tr>\n<\/tbody>\n<\/table>\n<\/div>","protected":false},"featured_media":297630,"comment_status":"closed","ping_status":"closed","template":"","meta":{"_eb_attr":"","_crsspst_to_jayantr4sg-hostcom":false},"product_brand":[],"product_cat":[1559,1788,1207,1574],"product_tag":[],"class_list":{"0":"post-291755","1":"product","2":"type-product","3":"status-publish","4":"has-post-thumbnail","6":"product_cat-birthday-gifts","7":"product_cat-ladies-watches","8":"product_cat-watches","9":"product_cat-womens-jewellery","11":"first","12":"outofstock","13":"sale","14":"taxable","15":"shipping-taxable","16":"product-type-simple","17":"add-to-wishlist-before_image"},"yoast_head":"<!-- This site is optimized with the Yoast SEO plugin v27.3 - https:\/\/yoast.com\/product\/yoast-seo-wordpress\/ -->\n<title>Rado Integral Ladies Watch - PureJewels UK<\/title>\n<meta name=\"robots\" content=\"noindex, follow\" \/>\n<meta property=\"og:locale\" content=\"de_DE\" \/>\n<meta property=\"og:type\" content=\"article\" \/>\n<meta property=\"og:title\" content=\"Rado Integral Ladies Watch - PureJewels UK\" \/>\n<meta property=\"og:description\" content=\"Authorised Rado London Stockist  Model No\u00a0 R20759759     CASE    Shape: Rectangular   Finish: Polished   Material: Stainless Steel   Width: 19 mm without crown   Case Length with Lugs: 30 mm   Water Resistance: 30 m (100 feet)   Crystal: Sapphire Crystal Scratch Resistant   Thickness: 6 mm   Case Back: Screw-In Closed       DIAL    Color: Black   Hands: Silver Tone Hands   Markers: Diamond Hour Markers   Gems: White Diamonds   Gemstone Count: 6   Gems Weight: .017 ct.       BEZEL    Attributes: Mirror Effect   Material: Stainless Steel   Type: Diamond Bezel   Gems: White Diamonds   Gems Count: 46   Gems Weight: .133 ct.             MOVEMENT    Type: Swiss Quartz (Battery-Powered)   Caliber: 153   Country Of Origin: Made in Switzerland   Crown: Pull and Push Crown       BAND    Band Type: Bracelet   Band Finish: Polished   Band Material: Stainless Steel and Ceramic   Band Color: Black and Silver   Width: 19 mm   Length: 6.5 inches   Clasp: Titanium Double Folding Clasp with Push Button       GEMSTONE    Gemstones: White Diamonds   Total Quantity: 52   Total Carat Weight: .15 ctw.\" \/>\n<meta property=\"og:url\" content=\"https:\/\/www.purejewels.com\/de\/produkt-2\/integral\/\" \/>\n<meta property=\"og:site_name\" content=\"PureJewels UK\" \/>\n<meta property=\"article:modified_time\" content=\"2022-05-20T13:08:00+00:00\" \/>\n<meta property=\"og:image\" content=\"https:\/\/www.purejewels.com\/wp-content\/uploads\/2017\/12\/xR20759759.png\" \/>\n\t<meta property=\"og:image:width\" content=\"1000\" \/>\n\t<meta property=\"og:image:height\" content=\"1000\" \/>\n\t<meta property=\"og:image:type\" content=\"image\/png\" \/>\n<meta name=\"twitter:card\" content=\"summary_large_image\" \/>\n<script type=\"application\/ld+json\" class=\"yoast-schema-graph\">{\"@context\":\"https:\\\/\\\/schema.org\",\"@graph\":[{\"@type\":[\"WebPage\",\"ItemPage\"],\"@id\":\"https:\\\/\\\/www.purejewels.com\\\/product\\\/integral\\\/\",\"url\":\"https:\\\/\\\/www.purejewels.com\\\/product\\\/integral\\\/\",\"name\":\"Rado Integral Ladies Watch - PureJewels UK\",\"isPartOf\":{\"@id\":\"https:\\\/\\\/www.purejewels.com\\\/#website\"},\"primaryImageOfPage\":{\"@id\":\"https:\\\/\\\/www.purejewels.com\\\/product\\\/integral\\\/#primaryimage\"},\"image\":{\"@id\":\"https:\\\/\\\/www.purejewels.com\\\/product\\\/integral\\\/#primaryimage\"},\"thumbnailUrl\":\"https:\\\/\\\/static.purejewels.com\\\/wp-content\\\/uploads\\\/2017\\\/12\\\/xR20759759.png\",\"datePublished\":\"2017-11-18T17:47:18+00:00\",\"dateModified\":\"2022-05-20T13:08:00+00:00\",\"breadcrumb\":{\"@id\":\"https:\\\/\\\/www.purejewels.com\\\/product\\\/integral\\\/#breadcrumb\"},\"inLanguage\":\"de\",\"potentialAction\":[{\"@type\":\"ReadAction\",\"target\":[\"https:\\\/\\\/www.purejewels.com\\\/product\\\/integral\\\/\"]}]},{\"@type\":\"ImageObject\",\"inLanguage\":\"de\",\"@id\":\"https:\\\/\\\/www.purejewels.com\\\/product\\\/integral\\\/#primaryimage\",\"url\":\"https:\\\/\\\/static.purejewels.com\\\/wp-content\\\/uploads\\\/2017\\\/12\\\/xR20759759.png\",\"contentUrl\":\"https:\\\/\\\/static.purejewels.com\\\/wp-content\\\/uploads\\\/2017\\\/12\\\/xR20759759.png\",\"width\":1000,\"height\":1000,\"caption\":\"xR20759759\"},{\"@type\":\"BreadcrumbList\",\"@id\":\"https:\\\/\\\/www.purejewels.com\\\/product\\\/integral\\\/#breadcrumb\",\"itemListElement\":[{\"@type\":\"ListItem\",\"position\":1,\"name\":\"Home\",\"item\":\"https:\\\/\\\/www.purejewels.com\\\/\"},{\"@type\":\"ListItem\",\"position\":2,\"name\":\"Shop\",\"item\":\"https:\\\/\\\/www.purejewels.com\\\/shop\\\/\"},{\"@type\":\"ListItem\",\"position\":3,\"name\":\"Rado Integral Ladies Watch\"}]},{\"@type\":\"WebSite\",\"@id\":\"https:\\\/\\\/www.purejewels.com\\\/#website\",\"url\":\"https:\\\/\\\/www.purejewels.com\\\/\",\"name\":\"PureJewels UK\",\"description\":\"Share the Love\",\"publisher\":{\"@id\":\"https:\\\/\\\/www.purejewels.com\\\/#organization\"},\"potentialAction\":[{\"@type\":\"SearchAction\",\"target\":{\"@type\":\"EntryPoint\",\"urlTemplate\":\"https:\\\/\\\/www.purejewels.com\\\/?s={search_term_string}\"},\"query-input\":{\"@type\":\"PropertyValueSpecification\",\"valueRequired\":true,\"valueName\":\"search_term_string\"}}],\"inLanguage\":\"de\"},{\"@type\":\"Organization\",\"@id\":\"https:\\\/\\\/www.purejewels.com\\\/#organization\",\"name\":\"PureJewels UK\",\"url\":\"https:\\\/\\\/www.purejewels.com\\\/\",\"logo\":{\"@type\":\"ImageObject\",\"inLanguage\":\"de\",\"@id\":\"https:\\\/\\\/www.purejewels.com\\\/#\\\/schema\\\/logo\\\/image\\\/\",\"url\":\"https:\\\/\\\/static.purejewels.com\\\/wp-content\\\/uploads\\\/2020\\\/11\\\/Logo-PJ-New-1.png\",\"contentUrl\":\"https:\\\/\\\/static.purejewels.com\\\/wp-content\\\/uploads\\\/2020\\\/11\\\/Logo-PJ-New-1.png\",\"width\":150,\"height\":80,\"caption\":\"PureJewels UK\"},\"image\":{\"@id\":\"https:\\\/\\\/www.purejewels.com\\\/#\\\/schema\\\/logo\\\/image\\\/\"}}]}<\/script>\n<!-- \/ Yoast SEO plugin. -->","yoast_head_json":{"title":"Rado Integral Damenuhr - PureJewels UK","robots":{"index":"noindex","follow":"follow"},"og_locale":"de_DE","og_type":"article","og_title":"Rado Integral Ladies Watch - PureJewels UK","og_description":"Authorised Rado London Stockist  Model No\u00a0 R20759759     CASE    Shape: Rectangular   Finish: Polished   Material: Stainless Steel   Width: 19 mm without crown   Case Length with Lugs: 30 mm   Water Resistance: 30 m (100 feet)   Crystal: Sapphire Crystal Scratch Resistant   Thickness: 6 mm   Case Back: Screw-In Closed       DIAL    Color: Black   Hands: Silver Tone Hands   Markers: Diamond Hour Markers   Gems: White Diamonds   Gemstone Count: 6   Gems Weight: .017 ct.       BEZEL    Attributes: Mirror Effect   Material: Stainless Steel   Type: Diamond Bezel   Gems: White Diamonds   Gems Count: 46   Gems Weight: .133 ct.             MOVEMENT    Type: Swiss Quartz (Battery-Powered)   Caliber: 153   Country Of Origin: Made in Switzerland   Crown: Pull and Push Crown       BAND    Band Type: Bracelet   Band Finish: Polished   Band Material: Stainless Steel and Ceramic   Band Color: Black and Silver   Width: 19 mm   Length: 6.5 inches   Clasp: Titanium Double Folding Clasp with Push Button       GEMSTONE    Gemstones: White Diamonds   Total Quantity: 52   Total Carat Weight: .15 ctw.","og_url":"https:\/\/www.purejewels.com\/de\/produkt-2\/integral\/","og_site_name":"PureJewels UK","article_modified_time":"2022-05-20T13:08:00+00:00","og_image":[{"width":1000,"height":1000,"url":"https:\/\/www.purejewels.com\/wp-content\/uploads\/2017\/12\/xR20759759.png","type":"image\/png"}],"twitter_card":"summary_large_image","schema":{"@context":"https:\/\/schema.org","@graph":[{"@type":["WebPage","ItemPage"],"@id":"https:\/\/www.purejewels.com\/product\/integral\/","url":"https:\/\/www.purejewels.com\/product\/integral\/","name":"Rado Integral Damenuhr - PureJewels UK","isPartOf":{"@id":"https:\/\/www.purejewels.com\/#website"},"primaryImageOfPage":{"@id":"https:\/\/www.purejewels.com\/product\/integral\/#primaryimage"},"image":{"@id":"https:\/\/www.purejewels.com\/product\/integral\/#primaryimage"},"thumbnailUrl":"https:\/\/static.purejewels.com\/wp-content\/uploads\/2017\/12\/xR20759759.png","datePublished":"2017-11-18T17:47:18+00:00","dateModified":"2022-05-20T13:08:00+00:00","breadcrumb":{"@id":"https:\/\/www.purejewels.com\/product\/integral\/#breadcrumb"},"inLanguage":"de","potentialAction":[{"@type":"ReadAction","target":["https:\/\/www.purejewels.com\/product\/integral\/"]}]},{"@type":"ImageObject","inLanguage":"de","@id":"https:\/\/www.purejewels.com\/product\/integral\/#primaryimage","url":"https:\/\/static.purejewels.com\/wp-content\/uploads\/2017\/12\/xR20759759.png","contentUrl":"https:\/\/static.purejewels.com\/wp-content\/uploads\/2017\/12\/xR20759759.png","width":1000,"height":1000,"caption":"xR20759759"},{"@type":"BreadcrumbList","@id":"https:\/\/www.purejewels.com\/product\/integral\/#breadcrumb","itemListElement":[{"@type":"ListItem","position":1,"name":"Home","item":"https:\/\/www.purejewels.com\/"},{"@type":"ListItem","position":2,"name":"Shop","item":"https:\/\/www.purejewels.com\/shop\/"},{"@type":"ListItem","position":3,"name":"Rado Integral Ladies Watch"}]},{"@type":"WebSite","@id":"https:\/\/www.purejewels.com\/#website","url":"https:\/\/www.purejewels.com\/","name":"PureJewels UK","description":"Teile die Liebe","publisher":{"@id":"https:\/\/www.purejewels.com\/#organization"},"potentialAction":[{"@type":"SearchAction","target":{"@type":"EntryPoint","urlTemplate":"https:\/\/www.purejewels.com\/?s={search_term_string}"},"query-input":{"@type":"PropertyValueSpecification","valueRequired":true,"valueName":"search_term_string"}}],"inLanguage":"de"},{"@type":"Organization","@id":"https:\/\/www.purejewels.com\/#organization","name":"PureJewels UK","url":"https:\/\/www.purejewels.com\/","logo":{"@type":"ImageObject","inLanguage":"de","@id":"https:\/\/www.purejewels.com\/#\/schema\/logo\/image\/","url":"https:\/\/static.purejewels.com\/wp-content\/uploads\/2020\/11\/Logo-PJ-New-1.png","contentUrl":"https:\/\/static.purejewels.com\/wp-content\/uploads\/2020\/11\/Logo-PJ-New-1.png","width":150,"height":80,"caption":"PureJewels UK"},"image":{"@id":"https:\/\/www.purejewels.com\/#\/schema\/logo\/image\/"}}]}},"_links":{"self":[{"href":"https:\/\/www.purejewels.com\/de\/wp-json\/wp\/v2\/product\/291755","targetHints":{"allow":["GET"]}}],"collection":[{"href":"https:\/\/www.purejewels.com\/de\/wp-json\/wp\/v2\/product"}],"about":[{"href":"https:\/\/www.purejewels.com\/de\/wp-json\/wp\/v2\/types\/product"}],"replies":[{"embeddable":true,"href":"https:\/\/www.purejewels.com\/de\/wp-json\/wp\/v2\/comments?post=291755"}],"version-history":[{"count":0,"href":"https:\/\/www.purejewels.com\/de\/wp-json\/wp\/v2\/product\/291755\/revisions"}],"wp:featuredmedia":[{"embeddable":true,"href":"https:\/\/www.purejewels.com\/de\/wp-json\/wp\/v2\/media\/297630"}],"wp:attachment":[{"href":"https:\/\/www.purejewels.com\/de\/wp-json\/wp\/v2\/media?parent=291755"}],"wp:term":[{"taxonomy":"product_brand","embeddable":true,"href":"https:\/\/www.purejewels.com\/de\/wp-json\/wp\/v2\/product_brand?post=291755"},{"taxonomy":"product_cat","embeddable":true,"href":"https:\/\/www.purejewels.com\/de\/wp-json\/wp\/v2\/product_cat?post=291755"},{"taxonomy":"product_tag","embeddable":true,"href":"https:\/\/www.purejewels.com\/de\/wp-json\/wp\/v2\/product_tag?post=291755"}],"curies":[{"name":"wp","href":"https:\/\/api.w.org\/{rel}","templated":true}]}}