{"id":297599,"date":"2017-11-25T16:42:18","date_gmt":"2017-11-25T16:42:18","guid":{"rendered":"https:\/\/www.purejewels.com\/product\/22ct-gold-cz-pendant-5\/"},"modified":"2025-12-22T12:36:32","modified_gmt":"2025-12-22T12:36:32","slug":"22ct-gold-cz-anhanger-5","status":"publish","type":"product","link":"https:\/\/www.purejewels.com\/de\/product\/22ct-gold-cz-pendant-5\/","title":{"rendered":"22 Karat Gold Filigran-Tropfenanh\u00e4nger mit Zirkonia"},"content":{"rendered":"<p><strong>Entwurf:<\/strong><br \/>\nDieser Anh\u00e4nger besticht durch ein filigranes Muster im Wabenstil, das zu einem modernen Tropfenmotiv geformt ist. Der obere Wirbel ist mit funkelnden Zirkonia-Steinen besetzt, die einen gl\u00e4nzenden Kontrast zur matt wirkenden Basis bilden.<\/p>\n<p><strong>Handwerkliches K\u00f6nnen:<\/strong><br \/>\nDieser Anh\u00e4nger aus 22 Karat Gold ist handgefertigt und zeugt von raffinierter Pr\u00e4zision. Das durchbrochene Filigran-Design sorgt f\u00fcr eine leichte und dennoch markante Optik. Jeder Zirkonia-Stein ist sorgf\u00e4ltig gefasst, um die Brillanz zu unterstreichen, ohne die Zartheit des Goldmusters zu \u00fcberdecken.<\/p>\n<p><strong>Stil:<\/strong><br \/>\nEin ideales Accessoire f\u00fcr formelle Anl\u00e4sse, festliche Feierlichkeiten oder elegante Alltagskleidung. Dieser Anh\u00e4nger verbindet traditionelle Goldschmiedekunst mit zeitgen\u00f6ssischem Minimalismus und eignet sich somit perfekt als Geschenk oder f\u00fcr den pers\u00f6nlichen Stil.<\/p>","protected":false},"excerpt":{"rendered":"<p>Dieser filigrane Tropfenanh\u00e4nger aus 22 Karat Gold ist mit funkelnden Zirkonia-Steinen verziert. Ideal, um Ihrem Outfit eine elegante Note zu verleihen.<\/p>\n<ul>\n<li>22ct Anh\u00e4nger mit Gittermuster<\/li>\n<li>2.7g<\/li>\n<li>Kette nicht enthalten.<\/li>\n<li>Alle Preise inklusive Mehrwertsteuer<\/li>\n<li>22ct Gold gestempelt von London Assay Office<\/li>\n<li>Alle Sets werden mit Pr\u00e4sentationsbox geliefert<\/li>\n<li>Lieferung inbegriffen<\/li>\n<li>Live-Chat mit uns f\u00fcr die Verf\u00fcgbarkeit und mehr Bilder von \u00e4hnlichen Designs derzeit auf Lager<\/li>\n<\/ul>","protected":false},"featured_media":245155,"comment_status":"closed","ping_status":"closed","template":"","meta":{"_eb_attr":"","_crsspst_to_jayantr4sg-hostcom":false},"product_brand":[],"product_cat":[1767,1574],"product_tag":[],"class_list":{"0":"post-297599","1":"product","2":"type-product","3":"status-publish","4":"has-post-thumbnail","6":"product_cat-ladies-pendants","7":"product_cat-womens-jewellery","9":"first","10":"outofstock","11":"taxable","12":"shipping-taxable","13":"product-type-simple","14":"add-to-wishlist-before_image"},"yoast_head":"<!-- This site is optimized with the Yoast SEO plugin v27.3 - https:\/\/yoast.com\/product\/yoast-seo-wordpress\/ -->\n<title>22ct Gold Teardrop Pendant | Elegant Filigree with CZ Stones<\/title>\n<meta name=\"description\" content=\"Discover elegance with this 22ct gold teardrop pendant featuring delicate filigree design and CZ accents. A perfect blend of tradition and modern luxury.\" \/>\n<meta name=\"robots\" content=\"index, follow, max-snippet:-1, max-image-preview:large, max-video-preview:-1\" \/>\n<link rel=\"canonical\" href=\"https:\/\/www.purejewels.com\/de\/produkt-2\/22ct-gold-cz-anhanger-5\/\" \/>\n<meta property=\"og:locale\" content=\"de_DE\" \/>\n<meta property=\"og:type\" content=\"article\" \/>\n<meta property=\"og:title\" content=\"22ct Gold Teardrop Pendant | Elegant Filigree with CZ Stones\" \/>\n<meta property=\"og:description\" content=\"Discover elegance with this 22ct gold teardrop pendant featuring delicate filigree design and CZ accents. A perfect blend of tradition and modern luxury.\" \/>\n<meta property=\"og:url\" content=\"https:\/\/www.purejewels.com\/de\/produkt-2\/22ct-gold-cz-anhanger-5\/\" \/>\n<meta property=\"og:site_name\" content=\"PureJewels UK\" \/>\n<meta property=\"article:modified_time\" content=\"2025-12-22T12:36:32+00:00\" \/>\n<meta property=\"og:image\" content=\"https:\/\/static.purejewels.com\/wp-content\/uploads\/2017\/10\/PURE-JEWELS-04.10-053.png\" \/>\n\t<meta property=\"og:image:width\" content=\"1000\" \/>\n\t<meta property=\"og:image:height\" content=\"1000\" \/>\n\t<meta property=\"og:image:type\" content=\"image\/png\" \/>\n<meta name=\"twitter:card\" content=\"summary_large_image\" \/>\n<meta name=\"twitter:label1\" content=\"Gesch\u00e4tzte Lesezeit\" \/>\n\t<meta name=\"twitter:data1\" content=\"1\u00a0Minute\" \/>\n<script type=\"application\/ld+json\" class=\"yoast-schema-graph\">{\"@context\":\"https:\\\/\\\/schema.org\",\"@graph\":[{\"@type\":[\"WebPage\",\"ItemPage\"],\"@id\":\"https:\\\/\\\/www.purejewels.com\\\/product\\\/22ct-gold-cz-pendant-5\\\/\",\"url\":\"https:\\\/\\\/www.purejewels.com\\\/product\\\/22ct-gold-cz-pendant-5\\\/\",\"name\":\"22ct Gold Teardrop Pendant | Elegant Filigree with CZ Stones\",\"isPartOf\":{\"@id\":\"https:\\\/\\\/www.purejewels.com\\\/#website\"},\"primaryImageOfPage\":{\"@id\":\"https:\\\/\\\/www.purejewels.com\\\/product\\\/22ct-gold-cz-pendant-5\\\/#primaryimage\"},\"image\":{\"@id\":\"https:\\\/\\\/www.purejewels.com\\\/product\\\/22ct-gold-cz-pendant-5\\\/#primaryimage\"},\"thumbnailUrl\":\"https:\\\/\\\/static.purejewels.com\\\/wp-content\\\/uploads\\\/2017\\\/10\\\/PURE-JEWELS-04.10-053.png\",\"datePublished\":\"2017-11-25T16:42:18+00:00\",\"dateModified\":\"2025-12-22T12:36:32+00:00\",\"description\":\"Discover elegance with this 22ct gold teardrop pendant featuring delicate filigree design and CZ accents. A perfect blend of tradition and modern luxury.\",\"breadcrumb\":{\"@id\":\"https:\\\/\\\/www.purejewels.com\\\/product\\\/22ct-gold-cz-pendant-5\\\/#breadcrumb\"},\"inLanguage\":\"de\",\"potentialAction\":[{\"@type\":\"ReadAction\",\"target\":[\"https:\\\/\\\/www.purejewels.com\\\/product\\\/22ct-gold-cz-pendant-5\\\/\"]}]},{\"@type\":\"ImageObject\",\"inLanguage\":\"de\",\"@id\":\"https:\\\/\\\/www.purejewels.com\\\/product\\\/22ct-gold-cz-pendant-5\\\/#primaryimage\",\"url\":\"https:\\\/\\\/static.purejewels.com\\\/wp-content\\\/uploads\\\/2017\\\/10\\\/PURE-JEWELS-04.10-053.png\",\"contentUrl\":\"https:\\\/\\\/static.purejewels.com\\\/wp-content\\\/uploads\\\/2017\\\/10\\\/PURE-JEWELS-04.10-053.png\",\"width\":1000,\"height\":1000,\"caption\":\"PURE JEWELS 04.10-053\"},{\"@type\":\"BreadcrumbList\",\"@id\":\"https:\\\/\\\/www.purejewels.com\\\/product\\\/22ct-gold-cz-pendant-5\\\/#breadcrumb\",\"itemListElement\":[{\"@type\":\"ListItem\",\"position\":1,\"name\":\"Home\",\"item\":\"https:\\\/\\\/www.purejewels.com\\\/\"},{\"@type\":\"ListItem\",\"position\":2,\"name\":\"Shop\",\"item\":\"https:\\\/\\\/www.purejewels.com\\\/shop\\\/\"},{\"@type\":\"ListItem\",\"position\":3,\"name\":\"22ct Gold Filigree Teardrop Pendant with CZ\"}]},{\"@type\":\"WebSite\",\"@id\":\"https:\\\/\\\/www.purejewels.com\\\/#website\",\"url\":\"https:\\\/\\\/www.purejewels.com\\\/\",\"name\":\"PureJewels UK\",\"description\":\"Share the Love\",\"publisher\":{\"@id\":\"https:\\\/\\\/www.purejewels.com\\\/#organization\"},\"potentialAction\":[{\"@type\":\"SearchAction\",\"target\":{\"@type\":\"EntryPoint\",\"urlTemplate\":\"https:\\\/\\\/www.purejewels.com\\\/?s={search_term_string}\"},\"query-input\":{\"@type\":\"PropertyValueSpecification\",\"valueRequired\":true,\"valueName\":\"search_term_string\"}}],\"inLanguage\":\"de\"},{\"@type\":\"Organization\",\"@id\":\"https:\\\/\\\/www.purejewels.com\\\/#organization\",\"name\":\"PureJewels UK\",\"url\":\"https:\\\/\\\/www.purejewels.com\\\/\",\"logo\":{\"@type\":\"ImageObject\",\"inLanguage\":\"de\",\"@id\":\"https:\\\/\\\/www.purejewels.com\\\/#\\\/schema\\\/logo\\\/image\\\/\",\"url\":\"https:\\\/\\\/static.purejewels.com\\\/wp-content\\\/uploads\\\/2020\\\/11\\\/Logo-PJ-New-1.png\",\"contentUrl\":\"https:\\\/\\\/static.purejewels.com\\\/wp-content\\\/uploads\\\/2020\\\/11\\\/Logo-PJ-New-1.png\",\"width\":150,\"height\":80,\"caption\":\"PureJewels UK\"},\"image\":{\"@id\":\"https:\\\/\\\/www.purejewels.com\\\/#\\\/schema\\\/logo\\\/image\\\/\"}}]}<\/script>\n<!-- \/ Yoast SEO plugin. -->","yoast_head_json":{"title":"22 Karat Gold-Tropfenanh\u00e4nger | Elegante Filigranarbeit mit Zirkonia-Steinen","description":"Entdecken Sie Eleganz mit diesem tropfenf\u00f6rmigen Anh\u00e4nger aus 22 Karat Gold mit filigranem Design und Zirkonia-Akzenten. Eine perfekte Mischung aus Tradition und modernem Luxus.","robots":{"index":"index","follow":"follow","max-snippet":"max-snippet:-1","max-image-preview":"max-image-preview:large","max-video-preview":"max-video-preview:-1"},"canonical":"https:\/\/www.purejewels.com\/de\/produkt-2\/22ct-gold-cz-anhanger-5\/","og_locale":"de_DE","og_type":"article","og_title":"22ct Gold Teardrop Pendant | Elegant Filigree with CZ Stones","og_description":"Discover elegance with this 22ct gold teardrop pendant featuring delicate filigree design and CZ accents. A perfect blend of tradition and modern luxury.","og_url":"https:\/\/www.purejewels.com\/de\/produkt-2\/22ct-gold-cz-anhanger-5\/","og_site_name":"PureJewels UK","article_modified_time":"2025-12-22T12:36:32+00:00","og_image":[{"width":1000,"height":1000,"url":"https:\/\/static.purejewels.com\/wp-content\/uploads\/2017\/10\/PURE-JEWELS-04.10-053.png","type":"image\/png"}],"twitter_card":"summary_large_image","twitter_misc":{"Gesch\u00e4tzte Lesezeit":"1\u00a0Minute"},"schema":{"@context":"https:\/\/schema.org","@graph":[{"@type":["WebPage","ItemPage"],"@id":"https:\/\/www.purejewels.com\/product\/22ct-gold-cz-pendant-5\/","url":"https:\/\/www.purejewels.com\/product\/22ct-gold-cz-pendant-5\/","name":"22 Karat Gold-Tropfenanh\u00e4nger | Elegante Filigranarbeit mit Zirkonia-Steinen","isPartOf":{"@id":"https:\/\/www.purejewels.com\/#website"},"primaryImageOfPage":{"@id":"https:\/\/www.purejewels.com\/product\/22ct-gold-cz-pendant-5\/#primaryimage"},"image":{"@id":"https:\/\/www.purejewels.com\/product\/22ct-gold-cz-pendant-5\/#primaryimage"},"thumbnailUrl":"https:\/\/static.purejewels.com\/wp-content\/uploads\/2017\/10\/PURE-JEWELS-04.10-053.png","datePublished":"2017-11-25T16:42:18+00:00","dateModified":"2025-12-22T12:36:32+00:00","description":"Entdecken Sie Eleganz mit diesem tropfenf\u00f6rmigen Anh\u00e4nger aus 22 Karat Gold mit filigranem Design und Zirkonia-Akzenten. Eine perfekte Mischung aus Tradition und modernem Luxus.","breadcrumb":{"@id":"https:\/\/www.purejewels.com\/product\/22ct-gold-cz-pendant-5\/#breadcrumb"},"inLanguage":"de","potentialAction":[{"@type":"ReadAction","target":["https:\/\/www.purejewels.com\/product\/22ct-gold-cz-pendant-5\/"]}]},{"@type":"ImageObject","inLanguage":"de","@id":"https:\/\/www.purejewels.com\/product\/22ct-gold-cz-pendant-5\/#primaryimage","url":"https:\/\/static.purejewels.com\/wp-content\/uploads\/2017\/10\/PURE-JEWELS-04.10-053.png","contentUrl":"https:\/\/static.purejewels.com\/wp-content\/uploads\/2017\/10\/PURE-JEWELS-04.10-053.png","width":1000,"height":1000,"caption":"PURE JEWELS 04.10-053"},{"@type":"BreadcrumbList","@id":"https:\/\/www.purejewels.com\/product\/22ct-gold-cz-pendant-5\/#breadcrumb","itemListElement":[{"@type":"ListItem","position":1,"name":"Home","item":"https:\/\/www.purejewels.com\/"},{"@type":"ListItem","position":2,"name":"Shop","item":"https:\/\/www.purejewels.com\/shop\/"},{"@type":"ListItem","position":3,"name":"22ct Gold Filigree Teardrop Pendant with CZ"}]},{"@type":"WebSite","@id":"https:\/\/www.purejewels.com\/#website","url":"https:\/\/www.purejewels.com\/","name":"PureJewels UK","description":"Teile die Liebe","publisher":{"@id":"https:\/\/www.purejewels.com\/#organization"},"potentialAction":[{"@type":"SearchAction","target":{"@type":"EntryPoint","urlTemplate":"https:\/\/www.purejewels.com\/?s={search_term_string}"},"query-input":{"@type":"PropertyValueSpecification","valueRequired":true,"valueName":"search_term_string"}}],"inLanguage":"de"},{"@type":"Organization","@id":"https:\/\/www.purejewels.com\/#organization","name":"PureJewels UK","url":"https:\/\/www.purejewels.com\/","logo":{"@type":"ImageObject","inLanguage":"de","@id":"https:\/\/www.purejewels.com\/#\/schema\/logo\/image\/","url":"https:\/\/static.purejewels.com\/wp-content\/uploads\/2020\/11\/Logo-PJ-New-1.png","contentUrl":"https:\/\/static.purejewels.com\/wp-content\/uploads\/2020\/11\/Logo-PJ-New-1.png","width":150,"height":80,"caption":"PureJewels UK"},"image":{"@id":"https:\/\/www.purejewels.com\/#\/schema\/logo\/image\/"}}]}},"_links":{"self":[{"href":"https:\/\/www.purejewels.com\/de\/wp-json\/wp\/v2\/product\/297599","targetHints":{"allow":["GET"]}}],"collection":[{"href":"https:\/\/www.purejewels.com\/de\/wp-json\/wp\/v2\/product"}],"about":[{"href":"https:\/\/www.purejewels.com\/de\/wp-json\/wp\/v2\/types\/product"}],"replies":[{"embeddable":true,"href":"https:\/\/www.purejewels.com\/de\/wp-json\/wp\/v2\/comments?post=297599"}],"version-history":[{"count":2,"href":"https:\/\/www.purejewels.com\/de\/wp-json\/wp\/v2\/product\/297599\/revisions"}],"predecessor-version":[{"id":423701,"href":"https:\/\/www.purejewels.com\/de\/wp-json\/wp\/v2\/product\/297599\/revisions\/423701"}],"wp:featuredmedia":[{"embeddable":true,"href":"https:\/\/www.purejewels.com\/de\/wp-json\/wp\/v2\/media\/245155"}],"wp:attachment":[{"href":"https:\/\/www.purejewels.com\/de\/wp-json\/wp\/v2\/media?parent=297599"}],"wp:term":[{"taxonomy":"product_brand","embeddable":true,"href":"https:\/\/www.purejewels.com\/de\/wp-json\/wp\/v2\/product_brand?post=297599"},{"taxonomy":"product_cat","embeddable":true,"href":"https:\/\/www.purejewels.com\/de\/wp-json\/wp\/v2\/product_cat?post=297599"},{"taxonomy":"product_tag","embeddable":true,"href":"https:\/\/www.purejewels.com\/de\/wp-json\/wp\/v2\/product_tag?post=297599"}],"curies":[{"name":"wp","href":"https:\/\/api.w.org\/{rel}","templated":true}]}}