{"id":297641,"date":"2017-12-02T14:35:33","date_gmt":"2017-12-02T14:35:33","guid":{"rendered":"https:\/\/www.purejewels.com\/product\/pear-earstud\/"},"modified":"2025-12-18T04:46:39","modified_gmt":"2025-12-18T04:46:39","slug":"birnenohrstecker","status":"publish","type":"product","link":"https:\/\/www.purejewels.com\/de\/product\/pear-earstud\/","title":{"rendered":"18 Karat Gold Ohrstecker mit dunkelgrauer Tahitiperle"},"content":{"rendered":"<p data-start=\"616\" data-end=\"934\">Inspiriert vom Geheimnis des Ozeans und der Reinheit der Form, zelebrieren diese Ohrstecker aus 18 Karat Gold mit dunkelgrauen Tahitiperlen zur\u00fcckhaltende Selbstsicherheit und moderne Weiblichkeit. Das Design besticht durch eine Solit\u00e4r-Silhouette \u2013 minimalistisch und doch auff\u00e4llig \u2013, die die nat\u00fcrliche Tiefe und das Schillern der Perle in den Vordergrund r\u00fcckt.<\/p>\n<p data-start=\"936\" data-end=\"1219\">Jede Tahitiperle wird aufgrund ihrer glatten, nahezu runden Form und ihrer seltenen Graut\u00f6ne, die von silbrigem Graphit bis zu rauchigem Anthrazit reichen, von Hand ausgew\u00e4hlt. Die Fassung aus hochglanzpoliertem 18-kar\u00e4tigem Gold unterstreicht die k\u00fchle Leuchtkraft der Perle und sorgt gleichzeitig f\u00fcr einen sicheren und nahtlosen Sitz am Ohr.<\/p>\n<p data-start=\"1221\" data-end=\"1543\">Diese von Meisterhandwerkern sorgf\u00e4ltig gefertigten Ohrstecker spiegeln das Bekenntnis von PureJewels zu intelligentem Design und traditioneller Handwerkskunst wider. Dank ihrer Schlichtheit lassen sie sich m\u00fchelos von morgens bis abends tragen \u2013 allein f\u00fcr einen Hauch von zur\u00fcckhaltendem Glamour oder zusammen mit einem Perlenanh\u00e4nger oder einer eleganten Goldkette f\u00fcr einen vielschichtigen, zeitgem\u00e4\u00dfen Look.<\/p>\n<p data-start=\"1545\" data-end=\"1689\">Ob als Geschenk oder selbst ausgesucht \u2013 diese Ohrringe sind eine Hommage an Individualit\u00e4t, Ausgewogenheit und Eleganz und wurden entworfen, um Zeit und Trends zu \u00fcberdauern.<\/p>","protected":false},"excerpt":{"rendered":"<p data-start=\"1545\" data-end=\"1689\">Diese eleganten und dezenten Ohrstecker sind mit handverlesenen dunkelgrauen Tahitiperlen besetzt, die in poliertes 18-kar\u00e4tiges Gold gefasst sind. Ihr nat\u00fcrlicher Glanz und ihr minimalistisches Design machen sie zu einer zeitlosen Wahl f\u00fcr m\u00fchelose, allt\u00e4gliche Eleganz.<\/p>\n<ul>\n<li>18-Karat-Schmuck<\/li>\n<li>Perlenohrstecker im Solit\u00e4r-Stil<\/li>\n<li>Dunkelgraue Tahiti-Perle<\/li>\n<li>SKU 19981<\/li>\n<li>Alle Preise inklusive Mehrwertsteuer<\/li>\n<li>Alle unsere Produkte sind vom London Assay Office gestempelt.<\/li>\n<li>Alle Sets werden mit Pr\u00e4sentationsbox geliefert<\/li>\n<li>Lieferung inbegriffen<\/li>\n<li>Kontaktieren Sie uns \/ Live-Chat mit uns f\u00fcr das Video dieses Produkts<\/li>\n<\/ul>","protected":false},"featured_media":298070,"comment_status":"closed","ping_status":"closed","template":"","meta":{"_eb_attr":"","_crsspst_to_jayantr4sg-hostcom":false},"product_brand":[],"product_cat":[6086,5679,1791,1559,5456,1569,1574],"product_tag":[],"class_list":{"0":"post-297641","1":"product","2":"type-product","3":"status-publish","4":"has-post-thumbnail","6":"product_cat-18ct-gold-earring","7":"product_cat-18ct-gold-jewellery","8":"product_cat-anniversary-gifts","9":"product_cat-birthday-gifts","10":"product_cat-pearl-collection","11":"product_cat-valentine-day-gifts","12":"product_cat-womens-jewellery","14":"first","15":"instock","16":"taxable","17":"shipping-taxable","18":"purchasable","19":"product-type-simple","20":"add-to-wishlist-before_image"},"yoast_head":"<!-- This site is optimized with the Yoast SEO plugin v27.5 - https:\/\/yoast.com\/product\/yoast-seo-wordpress\/ -->\n<title>Luxury Tahitian Pearl Earrings in 18ct Gold \u2013 PureJewels<\/title>\n<meta name=\"description\" content=\"Explore bold elegance with dark grey Tahitian pearl stud earrings set in 18ct gold. Shop timeless luxury at PureJewels with free UK delivery and gift packaging.\" \/>\n<meta name=\"robots\" content=\"index, follow, max-snippet:-1, max-image-preview:large, max-video-preview:-1\" \/>\n<link rel=\"canonical\" href=\"https:\/\/www.purejewels.com\/de\/produkt-2\/birnenohrstecker\/\" \/>\n<meta property=\"og:locale\" content=\"de_DE\" \/>\n<meta property=\"og:type\" content=\"article\" \/>\n<meta property=\"og:title\" content=\"Luxury Tahitian Pearl Earrings in 18ct Gold \u2013 PureJewels\" \/>\n<meta property=\"og:description\" content=\"Explore bold elegance with dark grey Tahitian pearl stud earrings set in 18ct gold. Shop timeless luxury at PureJewels with free UK delivery and gift packaging.\" \/>\n<meta property=\"og:url\" content=\"https:\/\/www.purejewels.com\/de\/produkt-2\/birnenohrstecker\/\" \/>\n<meta property=\"og:site_name\" content=\"PureJewels UK\" \/>\n<meta property=\"article:modified_time\" content=\"2025-12-18T04:46:39+00:00\" \/>\n<meta property=\"og:image\" content=\"https:\/\/static.purejewels.com\/wp-content\/uploads\/2017\/12\/19981-1-1.png\" \/>\n\t<meta property=\"og:image:width\" content=\"1000\" \/>\n\t<meta property=\"og:image:height\" content=\"1000\" \/>\n\t<meta property=\"og:image:type\" content=\"image\/png\" \/>\n<meta name=\"twitter:card\" content=\"summary_large_image\" \/>\n<meta name=\"twitter:label1\" content=\"Gesch\u00e4tzte Lesezeit\" \/>\n\t<meta name=\"twitter:data1\" content=\"1\u00a0Minute\" \/>\n<script type=\"application\/ld+json\" class=\"yoast-schema-graph\">{\"@context\":\"https:\\\/\\\/schema.org\",\"@graph\":[{\"@type\":[\"WebPage\",\"ItemPage\"],\"@id\":\"https:\\\/\\\/www.purejewels.com\\\/product\\\/pear-earstud\\\/\",\"url\":\"https:\\\/\\\/www.purejewels.com\\\/product\\\/pear-earstud\\\/\",\"name\":\"Luxury Tahitian Pearl Earrings in 18ct Gold \u2013 PureJewels\",\"isPartOf\":{\"@id\":\"https:\\\/\\\/www.purejewels.com\\\/#website\"},\"primaryImageOfPage\":{\"@id\":\"https:\\\/\\\/www.purejewels.com\\\/product\\\/pear-earstud\\\/#primaryimage\"},\"image\":{\"@id\":\"https:\\\/\\\/www.purejewels.com\\\/product\\\/pear-earstud\\\/#primaryimage\"},\"thumbnailUrl\":\"https:\\\/\\\/static.purejewels.com\\\/wp-content\\\/uploads\\\/2017\\\/12\\\/19981-1-1.png\",\"datePublished\":\"2017-12-02T14:35:33+00:00\",\"dateModified\":\"2025-12-18T04:46:39+00:00\",\"description\":\"Explore bold elegance with dark grey Tahitian pearl stud earrings set in 18ct gold. Shop timeless luxury at PureJewels with free UK delivery and gift packaging.\",\"breadcrumb\":{\"@id\":\"https:\\\/\\\/www.purejewels.com\\\/product\\\/pear-earstud\\\/#breadcrumb\"},\"inLanguage\":\"de\",\"potentialAction\":[{\"@type\":\"ReadAction\",\"target\":[\"https:\\\/\\\/www.purejewels.com\\\/product\\\/pear-earstud\\\/\"]}]},{\"@type\":\"ImageObject\",\"inLanguage\":\"de\",\"@id\":\"https:\\\/\\\/www.purejewels.com\\\/product\\\/pear-earstud\\\/#primaryimage\",\"url\":\"https:\\\/\\\/static.purejewels.com\\\/wp-content\\\/uploads\\\/2017\\\/12\\\/19981-1-1.png\",\"contentUrl\":\"https:\\\/\\\/static.purejewels.com\\\/wp-content\\\/uploads\\\/2017\\\/12\\\/19981-1-1.png\",\"width\":1000,\"height\":1000,\"caption\":\"19981-1\"},{\"@type\":\"BreadcrumbList\",\"@id\":\"https:\\\/\\\/www.purejewels.com\\\/product\\\/pear-earstud\\\/#breadcrumb\",\"itemListElement\":[{\"@type\":\"ListItem\",\"position\":1,\"name\":\"Home\",\"item\":\"https:\\\/\\\/www.purejewels.com\\\/\"},{\"@type\":\"ListItem\",\"position\":2,\"name\":\"Shop\",\"item\":\"https:\\\/\\\/www.purejewels.com\\\/shop\\\/\"},{\"@type\":\"ListItem\",\"position\":3,\"name\":\"18ct Gold Dark Grey Tahitian Pearl Stud Earrings\"}]},{\"@type\":\"WebSite\",\"@id\":\"https:\\\/\\\/www.purejewels.com\\\/#website\",\"url\":\"https:\\\/\\\/www.purejewels.com\\\/\",\"name\":\"PureJewels UK\",\"description\":\"Share the Love\",\"publisher\":{\"@id\":\"https:\\\/\\\/www.purejewels.com\\\/#organization\"},\"potentialAction\":[{\"@type\":\"SearchAction\",\"target\":{\"@type\":\"EntryPoint\",\"urlTemplate\":\"https:\\\/\\\/www.purejewels.com\\\/?s={search_term_string}\"},\"query-input\":{\"@type\":\"PropertyValueSpecification\",\"valueRequired\":true,\"valueName\":\"search_term_string\"}}],\"inLanguage\":\"de\"},{\"@type\":\"Organization\",\"@id\":\"https:\\\/\\\/www.purejewels.com\\\/#organization\",\"name\":\"PureJewels UK\",\"url\":\"https:\\\/\\\/www.purejewels.com\\\/\",\"logo\":{\"@type\":\"ImageObject\",\"inLanguage\":\"de\",\"@id\":\"https:\\\/\\\/www.purejewels.com\\\/#\\\/schema\\\/logo\\\/image\\\/\",\"url\":\"https:\\\/\\\/static.purejewels.com\\\/wp-content\\\/uploads\\\/2020\\\/11\\\/Logo-PJ-New-1.png\",\"contentUrl\":\"https:\\\/\\\/static.purejewels.com\\\/wp-content\\\/uploads\\\/2020\\\/11\\\/Logo-PJ-New-1.png\",\"width\":150,\"height\":80,\"caption\":\"PureJewels UK\"},\"image\":{\"@id\":\"https:\\\/\\\/www.purejewels.com\\\/#\\\/schema\\\/logo\\\/image\\\/\"}}]}<\/script>\n<!-- \/ Yoast SEO plugin. -->","yoast_head_json":{"title":"Luxuri\u00f6se Tahiti-Perlenohrringe aus 18 Karat Gold \u2013 PureJewels","description":"Entdecken Sie k\u00fchne Eleganz mit dunkelgrauen Tahitiperlen-Ohrsteckern in 18 Karat Gold. Kaufen Sie zeitlosen Luxus bei PureJewels mit kostenlosem Versand innerhalb Gro\u00dfbritanniens und Geschenkverpackung.","robots":{"index":"index","follow":"follow","max-snippet":"max-snippet:-1","max-image-preview":"max-image-preview:large","max-video-preview":"max-video-preview:-1"},"canonical":"https:\/\/www.purejewels.com\/de\/produkt-2\/birnenohrstecker\/","og_locale":"de_DE","og_type":"article","og_title":"Luxury Tahitian Pearl Earrings in 18ct Gold \u2013 PureJewels","og_description":"Explore bold elegance with dark grey Tahitian pearl stud earrings set in 18ct gold. Shop timeless luxury at PureJewels with free UK delivery and gift packaging.","og_url":"https:\/\/www.purejewels.com\/de\/produkt-2\/birnenohrstecker\/","og_site_name":"PureJewels UK","article_modified_time":"2025-12-18T04:46:39+00:00","og_image":[{"width":1000,"height":1000,"url":"https:\/\/static.purejewels.com\/wp-content\/uploads\/2017\/12\/19981-1-1.png","type":"image\/png"}],"twitter_card":"summary_large_image","twitter_misc":{"Gesch\u00e4tzte Lesezeit":"1\u00a0Minute"},"schema":{"@context":"https:\/\/schema.org","@graph":[{"@type":["WebPage","ItemPage"],"@id":"https:\/\/www.purejewels.com\/product\/pear-earstud\/","url":"https:\/\/www.purejewels.com\/product\/pear-earstud\/","name":"Luxuri\u00f6se Tahiti-Perlenohrringe aus 18 Karat Gold \u2013 PureJewels","isPartOf":{"@id":"https:\/\/www.purejewels.com\/#website"},"primaryImageOfPage":{"@id":"https:\/\/www.purejewels.com\/product\/pear-earstud\/#primaryimage"},"image":{"@id":"https:\/\/www.purejewels.com\/product\/pear-earstud\/#primaryimage"},"thumbnailUrl":"https:\/\/static.purejewels.com\/wp-content\/uploads\/2017\/12\/19981-1-1.png","datePublished":"2017-12-02T14:35:33+00:00","dateModified":"2025-12-18T04:46:39+00:00","description":"Entdecken Sie k\u00fchne Eleganz mit dunkelgrauen Tahitiperlen-Ohrsteckern in 18 Karat Gold. Kaufen Sie zeitlosen Luxus bei PureJewels mit kostenlosem Versand innerhalb Gro\u00dfbritanniens und Geschenkverpackung.","breadcrumb":{"@id":"https:\/\/www.purejewels.com\/product\/pear-earstud\/#breadcrumb"},"inLanguage":"de","potentialAction":[{"@type":"ReadAction","target":["https:\/\/www.purejewels.com\/product\/pear-earstud\/"]}]},{"@type":"ImageObject","inLanguage":"de","@id":"https:\/\/www.purejewels.com\/product\/pear-earstud\/#primaryimage","url":"https:\/\/static.purejewels.com\/wp-content\/uploads\/2017\/12\/19981-1-1.png","contentUrl":"https:\/\/static.purejewels.com\/wp-content\/uploads\/2017\/12\/19981-1-1.png","width":1000,"height":1000,"caption":"19981-1"},{"@type":"BreadcrumbList","@id":"https:\/\/www.purejewels.com\/product\/pear-earstud\/#breadcrumb","itemListElement":[{"@type":"ListItem","position":1,"name":"Home","item":"https:\/\/www.purejewels.com\/"},{"@type":"ListItem","position":2,"name":"Shop","item":"https:\/\/www.purejewels.com\/shop\/"},{"@type":"ListItem","position":3,"name":"18ct Gold Dark Grey Tahitian Pearl Stud Earrings"}]},{"@type":"WebSite","@id":"https:\/\/www.purejewels.com\/#website","url":"https:\/\/www.purejewels.com\/","name":"PureJewels UK","description":"Teile die Liebe","publisher":{"@id":"https:\/\/www.purejewels.com\/#organization"},"potentialAction":[{"@type":"SearchAction","target":{"@type":"EntryPoint","urlTemplate":"https:\/\/www.purejewels.com\/?s={search_term_string}"},"query-input":{"@type":"PropertyValueSpecification","valueRequired":true,"valueName":"search_term_string"}}],"inLanguage":"de"},{"@type":"Organization","@id":"https:\/\/www.purejewels.com\/#organization","name":"PureJewels UK","url":"https:\/\/www.purejewels.com\/","logo":{"@type":"ImageObject","inLanguage":"de","@id":"https:\/\/www.purejewels.com\/#\/schema\/logo\/image\/","url":"https:\/\/static.purejewels.com\/wp-content\/uploads\/2020\/11\/Logo-PJ-New-1.png","contentUrl":"https:\/\/static.purejewels.com\/wp-content\/uploads\/2020\/11\/Logo-PJ-New-1.png","width":150,"height":80,"caption":"PureJewels UK"},"image":{"@id":"https:\/\/www.purejewels.com\/#\/schema\/logo\/image\/"}}]}},"_links":{"self":[{"href":"https:\/\/www.purejewels.com\/de\/wp-json\/wp\/v2\/product\/297641","targetHints":{"allow":["GET"]}}],"collection":[{"href":"https:\/\/www.purejewels.com\/de\/wp-json\/wp\/v2\/product"}],"about":[{"href":"https:\/\/www.purejewels.com\/de\/wp-json\/wp\/v2\/types\/product"}],"replies":[{"embeddable":true,"href":"https:\/\/www.purejewels.com\/de\/wp-json\/wp\/v2\/comments?post=297641"}],"version-history":[{"count":4,"href":"https:\/\/www.purejewels.com\/de\/wp-json\/wp\/v2\/product\/297641\/revisions"}],"predecessor-version":[{"id":423358,"href":"https:\/\/www.purejewels.com\/de\/wp-json\/wp\/v2\/product\/297641\/revisions\/423358"}],"wp:featuredmedia":[{"embeddable":true,"href":"https:\/\/www.purejewels.com\/de\/wp-json\/wp\/v2\/media\/298070"}],"wp:attachment":[{"href":"https:\/\/www.purejewels.com\/de\/wp-json\/wp\/v2\/media?parent=297641"}],"wp:term":[{"taxonomy":"product_brand","embeddable":true,"href":"https:\/\/www.purejewels.com\/de\/wp-json\/wp\/v2\/product_brand?post=297641"},{"taxonomy":"product_cat","embeddable":true,"href":"https:\/\/www.purejewels.com\/de\/wp-json\/wp\/v2\/product_cat?post=297641"},{"taxonomy":"product_tag","embeddable":true,"href":"https:\/\/www.purejewels.com\/de\/wp-json\/wp\/v2\/product_tag?post=297641"}],"curies":[{"name":"wp","href":"https:\/\/api.w.org\/{rel}","templated":true}]}}