{"id":297652,"date":"2017-12-02T14:35:35","date_gmt":"2017-12-02T14:35:35","guid":{"rendered":"https:\/\/www.purejewels.com\/product\/22ct-gold-cz-earrings-3\/"},"modified":"2026-01-06T06:58:18","modified_gmt":"2026-01-06T06:58:18","slug":"22ct-gold-cz-ohrringe-3","status":"publish","type":"product","link":"https:\/\/www.purejewels.com\/de\/product\/22ct-gold-cz-earrings-3\/","title":{"rendered":"22 Karat Gold Smaragdgr\u00fcne Tropfen-CZ-Ohrringe"},"content":{"rendered":"<p><strong>Entwurf:<\/strong><br \/>\nEleganz trifft auf k\u00f6niglichen Charme in diesen tropfenf\u00f6rmigen Ohrringen. Ein leuchtend smaragdgr\u00fcner Stein steht im Mittelpunkt, umgeben von einem Heiligenschein aus funkelnden Zirkonia-Steinen. Der runde, mit Zirkonia besetzte Stecker \u00fcber dem Tropfen unterstreicht den luxuri\u00f6sen Charme.<\/p>\n<p><strong>Handwerkliches K\u00f6nnen:<\/strong><br \/>\nDiese Ohrringe wurden mit Liebe zum traditionellen Detail gefertigt und zeichnen sich durch ein antikes Goldfinish aus, das ihnen ein zeitloses, edles Aussehen verleiht. Die feine Fassung und das symmetrische Design spiegeln die handwerkliche Kunstfertigkeit wider.<\/p>\n<p><strong>Stil:<\/strong><br \/>\nDiese Ohrringe sind der perfekte Begleiter f\u00fcr ethnische und formelle Kleidung und eignen sich ideal f\u00fcr Hochzeiten, festliche Anl\u00e4sse oder auff\u00e4llige Abendlooks. Ihr Vintage-Flair verleiht jedem Outfit Charakter und Raffinesse.<\/p>","protected":false},"excerpt":{"rendered":"<p>Diese Vintage-inspirierten Tropfenohrringe sind mit smaragdgr\u00fcnen Steinen besetzt, die von brillanten Zirkonia-Steinen umgeben sind, und haben ein antikes Goldfinish. Sie bieten eine perfekte Mischung aus Tradition und Glamour.<\/p>\n<ul>\n<li>Teardrop-Ohrring aus 22-kar\u00e4tigem Gold mit gr\u00fcnen Zirkonia verziert<\/li>\n<li>Gewicht: 2,7 Gramm<\/li>\n<li>Alle Preise inklusive Mehrwertsteuer<\/li>\n<li>22ct Gold gestempelt von London Assay Office<\/li>\n<li>Mit Pr\u00e4sentationsbox<\/li>\n<li>Lieferung inbegriffen<\/li>\n<li>Live-Chat mit uns f\u00fcr die Verf\u00fcgbarkeit und mehr Bilder von \u00e4hnlichen Designs derzeit auf Lager<\/li>\n<\/ul>","protected":false},"featured_media":309518,"comment_status":"closed","ping_status":"closed","template":"","meta":{"_eb_attr":"","_crsspst_to_jayantr4sg-hostcom":false},"product_brand":[],"product_cat":[1685,1229,1574],"product_tag":[],"class_list":{"0":"post-297652","1":"product","2":"type-product","3":"status-publish","4":"has-post-thumbnail","6":"product_cat-drop-earrings","7":"product_cat-22ct-gold-jewellery","8":"product_cat-womens-jewellery","10":"first","11":"outofstock","12":"taxable","13":"shipping-taxable","14":"product-type-simple","15":"add-to-wishlist-before_image"},"yoast_head":"<!-- This site is optimized with the Yoast SEO plugin v27.3 - https:\/\/yoast.com\/product\/yoast-seo-wordpress\/ -->\n<title>Vintage Emerald Teardrop Earrings | Drop Earrings with CZ<\/title>\n<meta name=\"description\" content=\"Add timeless elegance to your look with emerald green teardrop earrings, framed in cubic zirconia and antique gold finish. Perfect for weddings or evening glam.\" \/>\n<meta name=\"robots\" content=\"index, follow, max-snippet:-1, max-image-preview:large, max-video-preview:-1\" \/>\n<link rel=\"canonical\" href=\"https:\/\/www.purejewels.com\/de\/produkt-2\/22ct-gold-cz-ohrringe-3\/\" \/>\n<meta property=\"og:locale\" content=\"de_DE\" \/>\n<meta property=\"og:type\" content=\"article\" \/>\n<meta property=\"og:title\" content=\"Vintage Emerald Teardrop Earrings | Drop Earrings with CZ\" \/>\n<meta property=\"og:description\" content=\"Add timeless elegance to your look with emerald green teardrop earrings, framed in cubic zirconia and antique gold finish. Perfect for weddings or evening glam.\" \/>\n<meta property=\"og:url\" content=\"https:\/\/www.purejewels.com\/de\/produkt-2\/22ct-gold-cz-ohrringe-3\/\" \/>\n<meta property=\"og:site_name\" content=\"PureJewels UK\" \/>\n<meta property=\"article:modified_time\" content=\"2026-01-06T06:58:18+00:00\" \/>\n<meta property=\"og:image\" content=\"https:\/\/static.purejewels.com\/wp-content\/uploads\/2017\/12\/27038_1.png\" \/>\n\t<meta property=\"og:image:width\" content=\"1000\" \/>\n\t<meta property=\"og:image:height\" content=\"1000\" \/>\n\t<meta property=\"og:image:type\" content=\"image\/png\" \/>\n<meta name=\"twitter:card\" content=\"summary_large_image\" \/>\n<meta name=\"twitter:label1\" content=\"Gesch\u00e4tzte Lesezeit\" \/>\n\t<meta name=\"twitter:data1\" content=\"1\u00a0Minute\" \/>\n<script type=\"application\/ld+json\" class=\"yoast-schema-graph\">{\"@context\":\"https:\\\/\\\/schema.org\",\"@graph\":[{\"@type\":[\"WebPage\",\"ItemPage\"],\"@id\":\"https:\\\/\\\/www.purejewels.com\\\/product\\\/22ct-gold-cz-earrings-3\\\/\",\"url\":\"https:\\\/\\\/www.purejewels.com\\\/product\\\/22ct-gold-cz-earrings-3\\\/\",\"name\":\"Vintage Emerald Teardrop Earrings | Drop Earrings with CZ\",\"isPartOf\":{\"@id\":\"https:\\\/\\\/www.purejewels.com\\\/#website\"},\"primaryImageOfPage\":{\"@id\":\"https:\\\/\\\/www.purejewels.com\\\/product\\\/22ct-gold-cz-earrings-3\\\/#primaryimage\"},\"image\":{\"@id\":\"https:\\\/\\\/www.purejewels.com\\\/product\\\/22ct-gold-cz-earrings-3\\\/#primaryimage\"},\"thumbnailUrl\":\"https:\\\/\\\/static.purejewels.com\\\/wp-content\\\/uploads\\\/2017\\\/12\\\/27038_1.png\",\"datePublished\":\"2017-12-02T14:35:35+00:00\",\"dateModified\":\"2026-01-06T06:58:18+00:00\",\"description\":\"Add timeless elegance to your look with emerald green teardrop earrings, framed in cubic zirconia and antique gold finish. Perfect for weddings or evening glam.\",\"breadcrumb\":{\"@id\":\"https:\\\/\\\/www.purejewels.com\\\/product\\\/22ct-gold-cz-earrings-3\\\/#breadcrumb\"},\"inLanguage\":\"de\",\"potentialAction\":[{\"@type\":\"ReadAction\",\"target\":[\"https:\\\/\\\/www.purejewels.com\\\/product\\\/22ct-gold-cz-earrings-3\\\/\"]}]},{\"@type\":\"ImageObject\",\"inLanguage\":\"de\",\"@id\":\"https:\\\/\\\/www.purejewels.com\\\/product\\\/22ct-gold-cz-earrings-3\\\/#primaryimage\",\"url\":\"https:\\\/\\\/static.purejewels.com\\\/wp-content\\\/uploads\\\/2017\\\/12\\\/27038_1.png\",\"contentUrl\":\"https:\\\/\\\/static.purejewels.com\\\/wp-content\\\/uploads\\\/2017\\\/12\\\/27038_1.png\",\"width\":1000,\"height\":1000,\"caption\":\"27038_1\"},{\"@type\":\"BreadcrumbList\",\"@id\":\"https:\\\/\\\/www.purejewels.com\\\/product\\\/22ct-gold-cz-earrings-3\\\/#breadcrumb\",\"itemListElement\":[{\"@type\":\"ListItem\",\"position\":1,\"name\":\"Home\",\"item\":\"https:\\\/\\\/www.purejewels.com\\\/\"},{\"@type\":\"ListItem\",\"position\":2,\"name\":\"Shop\",\"item\":\"https:\\\/\\\/www.purejewels.com\\\/shop\\\/\"},{\"@type\":\"ListItem\",\"position\":3,\"name\":\"22ct Gold Emerald Green Teardrop CZ Drop Earrings\"}]},{\"@type\":\"WebSite\",\"@id\":\"https:\\\/\\\/www.purejewels.com\\\/#website\",\"url\":\"https:\\\/\\\/www.purejewels.com\\\/\",\"name\":\"PureJewels UK\",\"description\":\"Share the Love\",\"publisher\":{\"@id\":\"https:\\\/\\\/www.purejewels.com\\\/#organization\"},\"potentialAction\":[{\"@type\":\"SearchAction\",\"target\":{\"@type\":\"EntryPoint\",\"urlTemplate\":\"https:\\\/\\\/www.purejewels.com\\\/?s={search_term_string}\"},\"query-input\":{\"@type\":\"PropertyValueSpecification\",\"valueRequired\":true,\"valueName\":\"search_term_string\"}}],\"inLanguage\":\"de\"},{\"@type\":\"Organization\",\"@id\":\"https:\\\/\\\/www.purejewels.com\\\/#organization\",\"name\":\"PureJewels UK\",\"url\":\"https:\\\/\\\/www.purejewels.com\\\/\",\"logo\":{\"@type\":\"ImageObject\",\"inLanguage\":\"de\",\"@id\":\"https:\\\/\\\/www.purejewels.com\\\/#\\\/schema\\\/logo\\\/image\\\/\",\"url\":\"https:\\\/\\\/static.purejewels.com\\\/wp-content\\\/uploads\\\/2020\\\/11\\\/Logo-PJ-New-1.png\",\"contentUrl\":\"https:\\\/\\\/static.purejewels.com\\\/wp-content\\\/uploads\\\/2020\\\/11\\\/Logo-PJ-New-1.png\",\"width\":150,\"height\":80,\"caption\":\"PureJewels UK\"},\"image\":{\"@id\":\"https:\\\/\\\/www.purejewels.com\\\/#\\\/schema\\\/logo\\\/image\\\/\"}}]}<\/script>\n<!-- \/ Yoast SEO plugin. -->","yoast_head_json":{"title":"Vintage-Ohrringe mit smaragdgr\u00fcnen Tropfen | Ohrh\u00e4nger mit Zirkonia","description":"Verleihen Sie Ihrem Look zeitlose Eleganz mit smaragdgr\u00fcnen Tropfenohrringen, umrahmt von Zirkonia und antikgoldenem Finish. Perfekt f\u00fcr Hochzeiten oder glamour\u00f6se Abendveranstaltungen.","robots":{"index":"index","follow":"follow","max-snippet":"max-snippet:-1","max-image-preview":"max-image-preview:large","max-video-preview":"max-video-preview:-1"},"canonical":"https:\/\/www.purejewels.com\/de\/produkt-2\/22ct-gold-cz-ohrringe-3\/","og_locale":"de_DE","og_type":"article","og_title":"Vintage Emerald Teardrop Earrings | Drop Earrings with CZ","og_description":"Add timeless elegance to your look with emerald green teardrop earrings, framed in cubic zirconia and antique gold finish. Perfect for weddings or evening glam.","og_url":"https:\/\/www.purejewels.com\/de\/produkt-2\/22ct-gold-cz-ohrringe-3\/","og_site_name":"PureJewels UK","article_modified_time":"2026-01-06T06:58:18+00:00","og_image":[{"width":1000,"height":1000,"url":"https:\/\/static.purejewels.com\/wp-content\/uploads\/2017\/12\/27038_1.png","type":"image\/png"}],"twitter_card":"summary_large_image","twitter_misc":{"Gesch\u00e4tzte Lesezeit":"1\u00a0Minute"},"schema":{"@context":"https:\/\/schema.org","@graph":[{"@type":["WebPage","ItemPage"],"@id":"https:\/\/www.purejewels.com\/product\/22ct-gold-cz-earrings-3\/","url":"https:\/\/www.purejewels.com\/product\/22ct-gold-cz-earrings-3\/","name":"Vintage-Ohrringe mit smaragdgr\u00fcnen Tropfen | Ohrh\u00e4nger mit Zirkonia","isPartOf":{"@id":"https:\/\/www.purejewels.com\/#website"},"primaryImageOfPage":{"@id":"https:\/\/www.purejewels.com\/product\/22ct-gold-cz-earrings-3\/#primaryimage"},"image":{"@id":"https:\/\/www.purejewels.com\/product\/22ct-gold-cz-earrings-3\/#primaryimage"},"thumbnailUrl":"https:\/\/static.purejewels.com\/wp-content\/uploads\/2017\/12\/27038_1.png","datePublished":"2017-12-02T14:35:35+00:00","dateModified":"2026-01-06T06:58:18+00:00","description":"Verleihen Sie Ihrem Look zeitlose Eleganz mit smaragdgr\u00fcnen Tropfenohrringen, umrahmt von Zirkonia und antikgoldenem Finish. Perfekt f\u00fcr Hochzeiten oder glamour\u00f6se Abendveranstaltungen.","breadcrumb":{"@id":"https:\/\/www.purejewels.com\/product\/22ct-gold-cz-earrings-3\/#breadcrumb"},"inLanguage":"de","potentialAction":[{"@type":"ReadAction","target":["https:\/\/www.purejewels.com\/product\/22ct-gold-cz-earrings-3\/"]}]},{"@type":"ImageObject","inLanguage":"de","@id":"https:\/\/www.purejewels.com\/product\/22ct-gold-cz-earrings-3\/#primaryimage","url":"https:\/\/static.purejewels.com\/wp-content\/uploads\/2017\/12\/27038_1.png","contentUrl":"https:\/\/static.purejewels.com\/wp-content\/uploads\/2017\/12\/27038_1.png","width":1000,"height":1000,"caption":"27038_1"},{"@type":"BreadcrumbList","@id":"https:\/\/www.purejewels.com\/product\/22ct-gold-cz-earrings-3\/#breadcrumb","itemListElement":[{"@type":"ListItem","position":1,"name":"Home","item":"https:\/\/www.purejewels.com\/"},{"@type":"ListItem","position":2,"name":"Shop","item":"https:\/\/www.purejewels.com\/shop\/"},{"@type":"ListItem","position":3,"name":"22ct Gold Emerald Green Teardrop CZ Drop Earrings"}]},{"@type":"WebSite","@id":"https:\/\/www.purejewels.com\/#website","url":"https:\/\/www.purejewels.com\/","name":"PureJewels UK","description":"Teile die Liebe","publisher":{"@id":"https:\/\/www.purejewels.com\/#organization"},"potentialAction":[{"@type":"SearchAction","target":{"@type":"EntryPoint","urlTemplate":"https:\/\/www.purejewels.com\/?s={search_term_string}"},"query-input":{"@type":"PropertyValueSpecification","valueRequired":true,"valueName":"search_term_string"}}],"inLanguage":"de"},{"@type":"Organization","@id":"https:\/\/www.purejewels.com\/#organization","name":"PureJewels UK","url":"https:\/\/www.purejewels.com\/","logo":{"@type":"ImageObject","inLanguage":"de","@id":"https:\/\/www.purejewels.com\/#\/schema\/logo\/image\/","url":"https:\/\/static.purejewels.com\/wp-content\/uploads\/2020\/11\/Logo-PJ-New-1.png","contentUrl":"https:\/\/static.purejewels.com\/wp-content\/uploads\/2020\/11\/Logo-PJ-New-1.png","width":150,"height":80,"caption":"PureJewels UK"},"image":{"@id":"https:\/\/www.purejewels.com\/#\/schema\/logo\/image\/"}}]}},"_links":{"self":[{"href":"https:\/\/www.purejewels.com\/de\/wp-json\/wp\/v2\/product\/297652","targetHints":{"allow":["GET"]}}],"collection":[{"href":"https:\/\/www.purejewels.com\/de\/wp-json\/wp\/v2\/product"}],"about":[{"href":"https:\/\/www.purejewels.com\/de\/wp-json\/wp\/v2\/types\/product"}],"replies":[{"embeddable":true,"href":"https:\/\/www.purejewels.com\/de\/wp-json\/wp\/v2\/comments?post=297652"}],"version-history":[{"count":2,"href":"https:\/\/www.purejewels.com\/de\/wp-json\/wp\/v2\/product\/297652\/revisions"}],"predecessor-version":[{"id":423690,"href":"https:\/\/www.purejewels.com\/de\/wp-json\/wp\/v2\/product\/297652\/revisions\/423690"}],"wp:featuredmedia":[{"embeddable":true,"href":"https:\/\/www.purejewels.com\/de\/wp-json\/wp\/v2\/media\/309518"}],"wp:attachment":[{"href":"https:\/\/www.purejewels.com\/de\/wp-json\/wp\/v2\/media?parent=297652"}],"wp:term":[{"taxonomy":"product_brand","embeddable":true,"href":"https:\/\/www.purejewels.com\/de\/wp-json\/wp\/v2\/product_brand?post=297652"},{"taxonomy":"product_cat","embeddable":true,"href":"https:\/\/www.purejewels.com\/de\/wp-json\/wp\/v2\/product_cat?post=297652"},{"taxonomy":"product_tag","embeddable":true,"href":"https:\/\/www.purejewels.com\/de\/wp-json\/wp\/v2\/product_tag?post=297652"}],"curies":[{"name":"wp","href":"https:\/\/api.w.org\/{rel}","templated":true}]}}