{"id":298031,"date":"2017-12-16T13:31:41","date_gmt":"2017-12-16T13:31:41","guid":{"rendered":"https:\/\/www.purejewels.com\/product\/22ct-gold-filigree-earrings-2\/"},"modified":"2026-01-06T06:58:19","modified_gmt":"2026-01-06T06:58:19","slug":"filigrane-ohrringe-aus-22-karat-gold-2","status":"publish","type":"product","link":"https:\/\/www.purejewels.com\/de\/product\/22ct-gold-filigree-earrings-2\/","title":{"rendered":"22 Karat Gold Filigran-Ohrringe"},"content":{"rendered":"<p><strong>Entwurf:<\/strong><\/p>\n<p>Diese Ohrringe zeichnen sich durch eine traditionelle Pendelform aus, die durch ein filigranes Muster aus feinen Golddr\u00e4hten unterstrichen wird, die zu floralen und geometrischen Motiven verdreht und gewellt sind. Ihre symmetrische Form und die Tropfenperlen an der Basis verleihen dem Design eine anmutige Bewegung und Ausgewogenheit.<\/p>\n<p><strong>Handwerkliches K\u00f6nnen:<\/strong><\/p>\n<p>Die Ohrringe sind sorgf\u00e4ltig aus reinem 22-kar\u00e4tigem Gold handgefertigt und zeigen klassische Filigranarbeit, eine Technik, die au\u00dfergew\u00f6hnliche Pr\u00e4zision und ruhige H\u00e4nde erfordert. Die Drahtarbeit ist sauber, dicht gewebt und mit feinen K\u00f6rnern versehen, die die dreidimensionale Tiefe des St\u00fccks unterstreichen und die handwerkliche Exzellenz unterstreichen.<\/p>\n<p><strong>Stil:<\/strong><\/p>\n<p>Diese Ohrringe eignen sich perfekt f\u00fcr festliche Anl\u00e4sse, Hochzeiten und traditionelle Anl\u00e4sse. Ihre leichte Struktur bietet Komfort, w\u00e4hrend die kunstvollen Details daf\u00fcr sorgen, dass sie ein Statement-St\u00fcck bleiben. Kombinieren Sie sie mit ethnischen Outfits wie Saris, Lehengas oder Salwar-Anz\u00fcgen, um Ihren traditionellen Look mit k\u00f6niglichem Charme zu unterstreichen.<\/p>","protected":false},"excerpt":{"rendered":"<p>Diese traditionellen Filigran-Ohrringe sind aus 22 Karat Gold handgefertigt und zeichnen sich durch feine Drahtarbeit und ein anmutiges ethnisches Design aus, das zeitlose Eleganz ausstrahlt.<\/p>\n<ul>\n<li>\u00a0Filigraner Ohrring aus 22 Karat Gold<\/li>\n<li>Gewicht: 7,5 Gramm<\/li>\n<li>Gepunzt von London Assay Office<\/li>\n<li>Mit Pr\u00e4sentationsbox<\/li>\n<li>Lieferung inbegriffen<\/li>\n<li>Alle Preise inklusive Mehrwertsteuer<\/li>\n<li>Live-Chat mit uns f\u00fcr die Verf\u00fcgbarkeit und mehr Bilder von \u00e4hnlichen Designs derzeit auf Lager<\/li>\n<\/ul>","protected":false},"featured_media":298025,"comment_status":"closed","ping_status":"closed","template":"","meta":{"_eb_attr":"","_crsspst_to_jayantr4sg-hostcom":true},"product_brand":[],"product_cat":[1685],"product_tag":[],"class_list":{"0":"post-298031","1":"product","2":"type-product","3":"status-publish","4":"has-post-thumbnail","6":"product_cat-drop-earrings","8":"first","9":"outofstock","10":"taxable","11":"shipping-taxable","12":"product-type-simple","13":"add-to-wishlist-before_image"},"yoast_head":"<!-- This site is optimized with the Yoast SEO plugin v27.5 - https:\/\/yoast.com\/product\/yoast-seo-wordpress\/ -->\n<title>22ct Gold Filigree Earrings | Traditional Dangle Design online at UK<\/title>\n<meta name=\"description\" content=\"Discover handcrafted 22ct gold filigree earrings with classic dangle style and ornate detailing. Perfect for cultural elegance and festive charm.\" \/>\n<meta name=\"robots\" content=\"index, follow, max-snippet:-1, max-image-preview:large, max-video-preview:-1\" \/>\n<link rel=\"canonical\" href=\"https:\/\/www.purejewels.com\/de\/produkt-2\/filigrane-ohrringe-aus-22-karat-gold-2\/\" \/>\n<meta property=\"og:locale\" content=\"de_DE\" \/>\n<meta property=\"og:type\" content=\"article\" \/>\n<meta property=\"og:title\" content=\"22ct Gold Filigree Earrings | Traditional Dangle Design online at UK\" \/>\n<meta property=\"og:description\" content=\"Discover handcrafted 22ct gold filigree earrings with classic dangle style and ornate detailing. Perfect for cultural elegance and festive charm.\" \/>\n<meta property=\"og:url\" content=\"https:\/\/www.purejewels.com\/de\/produkt-2\/filigrane-ohrringe-aus-22-karat-gold-2\/\" \/>\n<meta property=\"og:site_name\" content=\"PureJewels UK\" \/>\n<meta property=\"article:modified_time\" content=\"2026-01-06T06:58:19+00:00\" \/>\n<meta property=\"og:image\" content=\"https:\/\/static.purejewels.com\/wp-content\/uploads\/2017\/12\/26274_1-copy-1.png\" \/>\n\t<meta property=\"og:image:width\" content=\"1000\" \/>\n\t<meta property=\"og:image:height\" content=\"1000\" \/>\n\t<meta property=\"og:image:type\" content=\"image\/png\" \/>\n<meta name=\"twitter:card\" content=\"summary_large_image\" \/>\n<meta name=\"twitter:label1\" content=\"Gesch\u00e4tzte Lesezeit\" \/>\n\t<meta name=\"twitter:data1\" content=\"1\u00a0Minute\" \/>\n<script type=\"application\/ld+json\" class=\"yoast-schema-graph\">{\"@context\":\"https:\\\/\\\/schema.org\",\"@graph\":[{\"@type\":[\"WebPage\",\"ItemPage\"],\"@id\":\"https:\\\/\\\/www.purejewels.com\\\/product\\\/22ct-gold-filigree-earrings-2\\\/\",\"url\":\"https:\\\/\\\/www.purejewels.com\\\/product\\\/22ct-gold-filigree-earrings-2\\\/\",\"name\":\"22ct Gold Filigree Earrings | Traditional Dangle Design online at UK\",\"isPartOf\":{\"@id\":\"https:\\\/\\\/www.purejewels.com\\\/#website\"},\"primaryImageOfPage\":{\"@id\":\"https:\\\/\\\/www.purejewels.com\\\/product\\\/22ct-gold-filigree-earrings-2\\\/#primaryimage\"},\"image\":{\"@id\":\"https:\\\/\\\/www.purejewels.com\\\/product\\\/22ct-gold-filigree-earrings-2\\\/#primaryimage\"},\"thumbnailUrl\":\"https:\\\/\\\/static.purejewels.com\\\/wp-content\\\/uploads\\\/2017\\\/12\\\/26274_1-copy-1.png\",\"datePublished\":\"2017-12-16T13:31:41+00:00\",\"dateModified\":\"2026-01-06T06:58:19+00:00\",\"description\":\"Discover handcrafted 22ct gold filigree earrings with classic dangle style and ornate detailing. Perfect for cultural elegance and festive charm.\",\"breadcrumb\":{\"@id\":\"https:\\\/\\\/www.purejewels.com\\\/product\\\/22ct-gold-filigree-earrings-2\\\/#breadcrumb\"},\"inLanguage\":\"de\",\"potentialAction\":[{\"@type\":\"ReadAction\",\"target\":[\"https:\\\/\\\/www.purejewels.com\\\/product\\\/22ct-gold-filigree-earrings-2\\\/\"]}]},{\"@type\":\"ImageObject\",\"inLanguage\":\"de\",\"@id\":\"https:\\\/\\\/www.purejewels.com\\\/product\\\/22ct-gold-filigree-earrings-2\\\/#primaryimage\",\"url\":\"https:\\\/\\\/static.purejewels.com\\\/wp-content\\\/uploads\\\/2017\\\/12\\\/26274_1-copy-1.png\",\"contentUrl\":\"https:\\\/\\\/static.purejewels.com\\\/wp-content\\\/uploads\\\/2017\\\/12\\\/26274_1-copy-1.png\",\"width\":1000,\"height\":1000,\"caption\":\"26274_1 copy\"},{\"@type\":\"BreadcrumbList\",\"@id\":\"https:\\\/\\\/www.purejewels.com\\\/product\\\/22ct-gold-filigree-earrings-2\\\/#breadcrumb\",\"itemListElement\":[{\"@type\":\"ListItem\",\"position\":1,\"name\":\"Home\",\"item\":\"https:\\\/\\\/www.purejewels.com\\\/\"},{\"@type\":\"ListItem\",\"position\":2,\"name\":\"Shop\",\"item\":\"https:\\\/\\\/www.purejewels.com\\\/shop\\\/\"},{\"@type\":\"ListItem\",\"position\":3,\"name\":\"22ct Gold Filigree Dangle Earrings\"}]},{\"@type\":\"WebSite\",\"@id\":\"https:\\\/\\\/www.purejewels.com\\\/#website\",\"url\":\"https:\\\/\\\/www.purejewels.com\\\/\",\"name\":\"PureJewels UK\",\"description\":\"Share the Love\",\"publisher\":{\"@id\":\"https:\\\/\\\/www.purejewels.com\\\/#organization\"},\"potentialAction\":[{\"@type\":\"SearchAction\",\"target\":{\"@type\":\"EntryPoint\",\"urlTemplate\":\"https:\\\/\\\/www.purejewels.com\\\/?s={search_term_string}\"},\"query-input\":{\"@type\":\"PropertyValueSpecification\",\"valueRequired\":true,\"valueName\":\"search_term_string\"}}],\"inLanguage\":\"de\"},{\"@type\":\"Organization\",\"@id\":\"https:\\\/\\\/www.purejewels.com\\\/#organization\",\"name\":\"PureJewels UK\",\"url\":\"https:\\\/\\\/www.purejewels.com\\\/\",\"logo\":{\"@type\":\"ImageObject\",\"inLanguage\":\"de\",\"@id\":\"https:\\\/\\\/www.purejewels.com\\\/#\\\/schema\\\/logo\\\/image\\\/\",\"url\":\"https:\\\/\\\/static.purejewels.com\\\/wp-content\\\/uploads\\\/2020\\\/11\\\/Logo-PJ-New-1.png\",\"contentUrl\":\"https:\\\/\\\/static.purejewels.com\\\/wp-content\\\/uploads\\\/2020\\\/11\\\/Logo-PJ-New-1.png\",\"width\":150,\"height\":80,\"caption\":\"PureJewels UK\"},\"image\":{\"@id\":\"https:\\\/\\\/www.purejewels.com\\\/#\\\/schema\\\/logo\\\/image\\\/\"}}]}<\/script>\n<!-- \/ Yoast SEO plugin. -->","yoast_head_json":{"title":"22 Karat Gold-Filigran-Ohrringe | Traditionelles Dangle-Design online in Gro\u00dfbritannien","description":"Entdecken Sie handgefertigte Ohrringe aus 22 Karat Goldfiligran im klassischen Dangle-Stil mit kunstvollen Details. Perfekt f\u00fcr kulturelle Eleganz und festlichen Charme.","robots":{"index":"index","follow":"follow","max-snippet":"max-snippet:-1","max-image-preview":"max-image-preview:large","max-video-preview":"max-video-preview:-1"},"canonical":"https:\/\/www.purejewels.com\/de\/produkt-2\/filigrane-ohrringe-aus-22-karat-gold-2\/","og_locale":"de_DE","og_type":"article","og_title":"22ct Gold Filigree Earrings | Traditional Dangle Design online at UK","og_description":"Discover handcrafted 22ct gold filigree earrings with classic dangle style and ornate detailing. Perfect for cultural elegance and festive charm.","og_url":"https:\/\/www.purejewels.com\/de\/produkt-2\/filigrane-ohrringe-aus-22-karat-gold-2\/","og_site_name":"PureJewels UK","article_modified_time":"2026-01-06T06:58:19+00:00","og_image":[{"width":1000,"height":1000,"url":"https:\/\/static.purejewels.com\/wp-content\/uploads\/2017\/12\/26274_1-copy-1.png","type":"image\/png"}],"twitter_card":"summary_large_image","twitter_misc":{"Gesch\u00e4tzte Lesezeit":"1\u00a0Minute"},"schema":{"@context":"https:\/\/schema.org","@graph":[{"@type":["WebPage","ItemPage"],"@id":"https:\/\/www.purejewels.com\/product\/22ct-gold-filigree-earrings-2\/","url":"https:\/\/www.purejewels.com\/product\/22ct-gold-filigree-earrings-2\/","name":"22 Karat Gold-Filigran-Ohrringe | Traditionelles Dangle-Design online in Gro\u00dfbritannien","isPartOf":{"@id":"https:\/\/www.purejewels.com\/#website"},"primaryImageOfPage":{"@id":"https:\/\/www.purejewels.com\/product\/22ct-gold-filigree-earrings-2\/#primaryimage"},"image":{"@id":"https:\/\/www.purejewels.com\/product\/22ct-gold-filigree-earrings-2\/#primaryimage"},"thumbnailUrl":"https:\/\/static.purejewels.com\/wp-content\/uploads\/2017\/12\/26274_1-copy-1.png","datePublished":"2017-12-16T13:31:41+00:00","dateModified":"2026-01-06T06:58:19+00:00","description":"Entdecken Sie handgefertigte Ohrringe aus 22 Karat Goldfiligran im klassischen Dangle-Stil mit kunstvollen Details. Perfekt f\u00fcr kulturelle Eleganz und festlichen Charme.","breadcrumb":{"@id":"https:\/\/www.purejewels.com\/product\/22ct-gold-filigree-earrings-2\/#breadcrumb"},"inLanguage":"de","potentialAction":[{"@type":"ReadAction","target":["https:\/\/www.purejewels.com\/product\/22ct-gold-filigree-earrings-2\/"]}]},{"@type":"ImageObject","inLanguage":"de","@id":"https:\/\/www.purejewels.com\/product\/22ct-gold-filigree-earrings-2\/#primaryimage","url":"https:\/\/static.purejewels.com\/wp-content\/uploads\/2017\/12\/26274_1-copy-1.png","contentUrl":"https:\/\/static.purejewels.com\/wp-content\/uploads\/2017\/12\/26274_1-copy-1.png","width":1000,"height":1000,"caption":"26274_1 copy"},{"@type":"BreadcrumbList","@id":"https:\/\/www.purejewels.com\/product\/22ct-gold-filigree-earrings-2\/#breadcrumb","itemListElement":[{"@type":"ListItem","position":1,"name":"Home","item":"https:\/\/www.purejewels.com\/"},{"@type":"ListItem","position":2,"name":"Shop","item":"https:\/\/www.purejewels.com\/shop\/"},{"@type":"ListItem","position":3,"name":"22ct Gold Filigree Dangle Earrings"}]},{"@type":"WebSite","@id":"https:\/\/www.purejewels.com\/#website","url":"https:\/\/www.purejewels.com\/","name":"PureJewels UK","description":"Teile die Liebe","publisher":{"@id":"https:\/\/www.purejewels.com\/#organization"},"potentialAction":[{"@type":"SearchAction","target":{"@type":"EntryPoint","urlTemplate":"https:\/\/www.purejewels.com\/?s={search_term_string}"},"query-input":{"@type":"PropertyValueSpecification","valueRequired":true,"valueName":"search_term_string"}}],"inLanguage":"de"},{"@type":"Organization","@id":"https:\/\/www.purejewels.com\/#organization","name":"PureJewels UK","url":"https:\/\/www.purejewels.com\/","logo":{"@type":"ImageObject","inLanguage":"de","@id":"https:\/\/www.purejewels.com\/#\/schema\/logo\/image\/","url":"https:\/\/static.purejewels.com\/wp-content\/uploads\/2020\/11\/Logo-PJ-New-1.png","contentUrl":"https:\/\/static.purejewels.com\/wp-content\/uploads\/2020\/11\/Logo-PJ-New-1.png","width":150,"height":80,"caption":"PureJewels UK"},"image":{"@id":"https:\/\/www.purejewels.com\/#\/schema\/logo\/image\/"}}]}},"_links":{"self":[{"href":"https:\/\/www.purejewels.com\/de\/wp-json\/wp\/v2\/product\/298031","targetHints":{"allow":["GET"]}}],"collection":[{"href":"https:\/\/www.purejewels.com\/de\/wp-json\/wp\/v2\/product"}],"about":[{"href":"https:\/\/www.purejewels.com\/de\/wp-json\/wp\/v2\/types\/product"}],"replies":[{"embeddable":true,"href":"https:\/\/www.purejewels.com\/de\/wp-json\/wp\/v2\/comments?post=298031"}],"version-history":[{"count":3,"href":"https:\/\/www.purejewels.com\/de\/wp-json\/wp\/v2\/product\/298031\/revisions"}],"predecessor-version":[{"id":423819,"href":"https:\/\/www.purejewels.com\/de\/wp-json\/wp\/v2\/product\/298031\/revisions\/423819"}],"wp:featuredmedia":[{"embeddable":true,"href":"https:\/\/www.purejewels.com\/de\/wp-json\/wp\/v2\/media\/298025"}],"wp:attachment":[{"href":"https:\/\/www.purejewels.com\/de\/wp-json\/wp\/v2\/media?parent=298031"}],"wp:term":[{"taxonomy":"product_brand","embeddable":true,"href":"https:\/\/www.purejewels.com\/de\/wp-json\/wp\/v2\/product_brand?post=298031"},{"taxonomy":"product_cat","embeddable":true,"href":"https:\/\/www.purejewels.com\/de\/wp-json\/wp\/v2\/product_cat?post=298031"},{"taxonomy":"product_tag","embeddable":true,"href":"https:\/\/www.purejewels.com\/de\/wp-json\/wp\/v2\/product_tag?post=298031"}],"curies":[{"name":"wp","href":"https:\/\/api.w.org\/{rel}","templated":true}]}}