{"id":298034,"date":"2017-12-16T13:31:42","date_gmt":"2017-12-16T13:31:42","guid":{"rendered":"https:\/\/www.purejewels.com\/product\/22ct-gold-filigree-earrings-5\/"},"modified":"2026-01-06T06:58:20","modified_gmt":"2026-01-06T06:58:20","slug":"filigrane-ohrringe-aus-22-karat-gold-5","status":"publish","type":"product","link":"https:\/\/www.purejewels.com\/de\/product\/22ct-gold-filigree-earrings-5\/","title":{"rendered":"22 Karat Gold Filigran-Ohrringe mit Rhodium-Polierung"},"content":{"rendered":"<p><strong>Entwurf:<\/strong><\/p>\n<p>Diese <a href=\"https:\/\/www.purejewels.com\/de\/product-category\/22ct-gold-jewellery\/gold-earrings\/\">Ohrringe<\/a> zeichnen sich durch ein einzigartiges und kunstvolles filigranes Blumenmuster aus, dessen offenes Ger\u00fcst mit aufwendigen Goldperlen verziert ist. Die Struktur wird durch einen tropfenf\u00f6rmigen Anh\u00e4nger und eine dekorative runde Oberseite erg\u00e4nzt, wodurch ein ausgewogenes und elegantes Profil entsteht. Rhodiumpolierte Akzente verleihen dem Design Kontrast und Tiefe und fangen das Licht aus jedem Winkel ein.<\/p>\n<p><strong>Handwerkliches K\u00f6nnen:<\/strong><\/p>\n<p>Handgefertigt aus reinem <a href=\"https:\/\/www.purejewels.com\/de\/product\/22ct-gold-jali-filigree-ring-jali-collection-31926\/\">22ct<\/a> Diese Ohrringe aus Gelbgold zeigen traditionelle Filigranarbeit \u2013 eine arbeitsintensive Technik, bei der feine Golddr\u00e4hte zu spitzenartigen Mustern verdreht werden. Rhodiumakzente werden pr\u00e4zise auf ausgew\u00e4hlte Bereiche aufgetragen, um eine auff\u00e4llige visuelle Textur und einen modernen Kontrast zum Gold zu schaffen.<\/p>\n<p><strong>Stil:<\/strong><\/p>\n<p>Diese Ohrringe lassen sich ideal mit ethnischen Outfits wie Saris, Lehengas oder Anarkalis kombinieren. Dank ihrer zeitlosen Handwerkskunst und ihrer zus\u00e4tzlichen Brillanz eignen sie sich f\u00fcr festliche Anl\u00e4sse, Hochzeiten oder elegante Abendveranstaltungen. Trotz ihres aufwendigen Designs sind sie durchdacht gestaltet, sodass sie leicht und bequem sind und auch \u00fcber l\u00e4ngere Zeit getragen werden k\u00f6nnen.<\/p>","protected":false},"excerpt":{"rendered":"<p>Wundersch\u00f6n gearbeitete Ohrringe aus 22 Karat Goldfiligran mit zarten Rhodiumdetails. Ideal f\u00fcr traditionelle Anl\u00e4sse mit einem Hauch von Glanz.<\/p>\n<ul>\n<li>22 Karat Gold Filigran-Ohrringe mit Rhodium-Polierung<\/li>\n<li>Wt. 8.1 g<\/li>\n<li>SKU. 22760<\/li>\n<li>Alle Produkte sind vom London Assay Office gestempelt.<\/li>\n<li>Mit Pr\u00e4sentationsbox<\/li>\n<li>Lieferung inbegriffen<\/li>\n<li>Alle Preise inklusive Mehrwertsteuer<\/li>\n<li>Live-Chat mit uns auf Whatsapp f\u00fcr mehr Bilder und Video von diesem Produkt<\/li>\n<\/ul>","protected":false},"featured_media":298022,"comment_status":"closed","ping_status":"closed","template":"","meta":{"_eb_attr":"","_crsspst_to_jayantr4sg-hostcom":true},"product_brand":[],"product_cat":[1685,1229,1573,1574],"product_tag":[],"class_list":{"0":"post-298034","1":"product","2":"type-product","3":"status-publish","4":"has-post-thumbnail","6":"product_cat-drop-earrings","7":"product_cat-22ct-gold-jewellery","8":"product_cat-wedding-gifts","9":"product_cat-womens-jewellery","11":"first","12":"outofstock","13":"taxable","14":"shipping-taxable","15":"product-type-simple","16":"add-to-wishlist-before_image"},"yoast_head":"<!-- This site is optimized with the Yoast SEO plugin v27.5 - https:\/\/yoast.com\/product\/yoast-seo-wordpress\/ -->\n<title>22ct Gold Filigree Earrings with Rhodium Polish | PureJewels UK<\/title>\n<meta name=\"description\" content=\"Shop handcrafted 22ct gold filigree earrings with rhodium finish. A perfect blend of traditional Indian craftsmanship and modern elegance.\" \/>\n<meta name=\"robots\" content=\"index, follow, max-snippet:-1, max-image-preview:large, max-video-preview:-1\" \/>\n<link rel=\"canonical\" href=\"https:\/\/www.purejewels.com\/de\/produkt-2\/filigrane-ohrringe-aus-22-karat-gold-5\/\" \/>\n<meta property=\"og:locale\" content=\"de_DE\" \/>\n<meta property=\"og:type\" content=\"article\" \/>\n<meta property=\"og:title\" content=\"22ct Gold Filigree Earrings with Rhodium Polish | PureJewels UK\" \/>\n<meta property=\"og:description\" content=\"Shop handcrafted 22ct gold filigree earrings with rhodium finish. A perfect blend of traditional Indian craftsmanship and modern elegance.\" \/>\n<meta property=\"og:url\" content=\"https:\/\/www.purejewels.com\/de\/produkt-2\/filigrane-ohrringe-aus-22-karat-gold-5\/\" \/>\n<meta property=\"og:site_name\" content=\"PureJewels UK\" \/>\n<meta property=\"article:modified_time\" content=\"2026-01-06T06:58:20+00:00\" \/>\n<meta property=\"og:image\" content=\"https:\/\/static.purejewels.com\/wp-content\/uploads\/2017\/12\/22760_1-copy-1.png\" \/>\n\t<meta property=\"og:image:width\" content=\"1000\" \/>\n\t<meta property=\"og:image:height\" content=\"1000\" \/>\n\t<meta property=\"og:image:type\" content=\"image\/png\" \/>\n<meta name=\"twitter:card\" content=\"summary_large_image\" \/>\n<meta name=\"twitter:label1\" content=\"Gesch\u00e4tzte Lesezeit\" \/>\n\t<meta name=\"twitter:data1\" content=\"1\u00a0Minute\" \/>\n<script type=\"application\/ld+json\" class=\"yoast-schema-graph\">{\"@context\":\"https:\\\/\\\/schema.org\",\"@graph\":[{\"@type\":[\"WebPage\",\"ItemPage\"],\"@id\":\"https:\\\/\\\/www.purejewels.com\\\/product\\\/22ct-gold-filigree-earrings-5\\\/\",\"url\":\"https:\\\/\\\/www.purejewels.com\\\/product\\\/22ct-gold-filigree-earrings-5\\\/\",\"name\":\"22ct Gold Filigree Earrings with Rhodium Polish | PureJewels UK\",\"isPartOf\":{\"@id\":\"https:\\\/\\\/www.purejewels.com\\\/#website\"},\"primaryImageOfPage\":{\"@id\":\"https:\\\/\\\/www.purejewels.com\\\/product\\\/22ct-gold-filigree-earrings-5\\\/#primaryimage\"},\"image\":{\"@id\":\"https:\\\/\\\/www.purejewels.com\\\/product\\\/22ct-gold-filigree-earrings-5\\\/#primaryimage\"},\"thumbnailUrl\":\"https:\\\/\\\/static.purejewels.com\\\/wp-content\\\/uploads\\\/2017\\\/12\\\/22760_1-copy-1.png\",\"datePublished\":\"2017-12-16T13:31:42+00:00\",\"dateModified\":\"2026-01-06T06:58:20+00:00\",\"description\":\"Shop handcrafted 22ct gold filigree earrings with rhodium finish. A perfect blend of traditional Indian craftsmanship and modern elegance.\",\"breadcrumb\":{\"@id\":\"https:\\\/\\\/www.purejewels.com\\\/product\\\/22ct-gold-filigree-earrings-5\\\/#breadcrumb\"},\"inLanguage\":\"de\",\"potentialAction\":[{\"@type\":\"ReadAction\",\"target\":[\"https:\\\/\\\/www.purejewels.com\\\/product\\\/22ct-gold-filigree-earrings-5\\\/\"]}]},{\"@type\":\"ImageObject\",\"inLanguage\":\"de\",\"@id\":\"https:\\\/\\\/www.purejewels.com\\\/product\\\/22ct-gold-filigree-earrings-5\\\/#primaryimage\",\"url\":\"https:\\\/\\\/static.purejewels.com\\\/wp-content\\\/uploads\\\/2017\\\/12\\\/22760_1-copy-1.png\",\"contentUrl\":\"https:\\\/\\\/static.purejewels.com\\\/wp-content\\\/uploads\\\/2017\\\/12\\\/22760_1-copy-1.png\",\"width\":1000,\"height\":1000,\"caption\":\"22760_1 copy\"},{\"@type\":\"BreadcrumbList\",\"@id\":\"https:\\\/\\\/www.purejewels.com\\\/product\\\/22ct-gold-filigree-earrings-5\\\/#breadcrumb\",\"itemListElement\":[{\"@type\":\"ListItem\",\"position\":1,\"name\":\"Home\",\"item\":\"https:\\\/\\\/www.purejewels.com\\\/\"},{\"@type\":\"ListItem\",\"position\":2,\"name\":\"Shop\",\"item\":\"https:\\\/\\\/www.purejewels.com\\\/shop\\\/\"},{\"@type\":\"ListItem\",\"position\":3,\"name\":\"22ct Gold Filigree Earrings with Rhodium Polish\"}]},{\"@type\":\"WebSite\",\"@id\":\"https:\\\/\\\/www.purejewels.com\\\/#website\",\"url\":\"https:\\\/\\\/www.purejewels.com\\\/\",\"name\":\"PureJewels UK\",\"description\":\"Share the Love\",\"publisher\":{\"@id\":\"https:\\\/\\\/www.purejewels.com\\\/#organization\"},\"potentialAction\":[{\"@type\":\"SearchAction\",\"target\":{\"@type\":\"EntryPoint\",\"urlTemplate\":\"https:\\\/\\\/www.purejewels.com\\\/?s={search_term_string}\"},\"query-input\":{\"@type\":\"PropertyValueSpecification\",\"valueRequired\":true,\"valueName\":\"search_term_string\"}}],\"inLanguage\":\"de\"},{\"@type\":\"Organization\",\"@id\":\"https:\\\/\\\/www.purejewels.com\\\/#organization\",\"name\":\"PureJewels UK\",\"url\":\"https:\\\/\\\/www.purejewels.com\\\/\",\"logo\":{\"@type\":\"ImageObject\",\"inLanguage\":\"de\",\"@id\":\"https:\\\/\\\/www.purejewels.com\\\/#\\\/schema\\\/logo\\\/image\\\/\",\"url\":\"https:\\\/\\\/static.purejewels.com\\\/wp-content\\\/uploads\\\/2020\\\/11\\\/Logo-PJ-New-1.png\",\"contentUrl\":\"https:\\\/\\\/static.purejewels.com\\\/wp-content\\\/uploads\\\/2020\\\/11\\\/Logo-PJ-New-1.png\",\"width\":150,\"height\":80,\"caption\":\"PureJewels UK\"},\"image\":{\"@id\":\"https:\\\/\\\/www.purejewels.com\\\/#\\\/schema\\\/logo\\\/image\\\/\"}}]}<\/script>\n<!-- \/ Yoast SEO plugin. -->","yoast_head_json":{"title":"22 Karat Gold-Filigran-Ohrringe mit Rhodium-Polierung | PureJewels UK","description":"Entdecken Sie handgefertigte Ohrringe aus 22 Karat Goldfiligran mit Rhodiumbeschichtung. Eine perfekte Mischung aus traditioneller indischer Handwerkskunst und moderner Eleganz.","robots":{"index":"index","follow":"follow","max-snippet":"max-snippet:-1","max-image-preview":"max-image-preview:large","max-video-preview":"max-video-preview:-1"},"canonical":"https:\/\/www.purejewels.com\/de\/produkt-2\/filigrane-ohrringe-aus-22-karat-gold-5\/","og_locale":"de_DE","og_type":"article","og_title":"22ct Gold Filigree Earrings with Rhodium Polish | PureJewels UK","og_description":"Shop handcrafted 22ct gold filigree earrings with rhodium finish. A perfect blend of traditional Indian craftsmanship and modern elegance.","og_url":"https:\/\/www.purejewels.com\/de\/produkt-2\/filigrane-ohrringe-aus-22-karat-gold-5\/","og_site_name":"PureJewels UK","article_modified_time":"2026-01-06T06:58:20+00:00","og_image":[{"width":1000,"height":1000,"url":"https:\/\/static.purejewels.com\/wp-content\/uploads\/2017\/12\/22760_1-copy-1.png","type":"image\/png"}],"twitter_card":"summary_large_image","twitter_misc":{"Gesch\u00e4tzte Lesezeit":"1\u00a0Minute"},"schema":{"@context":"https:\/\/schema.org","@graph":[{"@type":["WebPage","ItemPage"],"@id":"https:\/\/www.purejewels.com\/product\/22ct-gold-filigree-earrings-5\/","url":"https:\/\/www.purejewels.com\/product\/22ct-gold-filigree-earrings-5\/","name":"22 Karat Gold-Filigran-Ohrringe mit Rhodium-Polierung | PureJewels UK","isPartOf":{"@id":"https:\/\/www.purejewels.com\/#website"},"primaryImageOfPage":{"@id":"https:\/\/www.purejewels.com\/product\/22ct-gold-filigree-earrings-5\/#primaryimage"},"image":{"@id":"https:\/\/www.purejewels.com\/product\/22ct-gold-filigree-earrings-5\/#primaryimage"},"thumbnailUrl":"https:\/\/static.purejewels.com\/wp-content\/uploads\/2017\/12\/22760_1-copy-1.png","datePublished":"2017-12-16T13:31:42+00:00","dateModified":"2026-01-06T06:58:20+00:00","description":"Entdecken Sie handgefertigte Ohrringe aus 22 Karat Goldfiligran mit Rhodiumbeschichtung. Eine perfekte Mischung aus traditioneller indischer Handwerkskunst und moderner Eleganz.","breadcrumb":{"@id":"https:\/\/www.purejewels.com\/product\/22ct-gold-filigree-earrings-5\/#breadcrumb"},"inLanguage":"de","potentialAction":[{"@type":"ReadAction","target":["https:\/\/www.purejewels.com\/product\/22ct-gold-filigree-earrings-5\/"]}]},{"@type":"ImageObject","inLanguage":"de","@id":"https:\/\/www.purejewels.com\/product\/22ct-gold-filigree-earrings-5\/#primaryimage","url":"https:\/\/static.purejewels.com\/wp-content\/uploads\/2017\/12\/22760_1-copy-1.png","contentUrl":"https:\/\/static.purejewels.com\/wp-content\/uploads\/2017\/12\/22760_1-copy-1.png","width":1000,"height":1000,"caption":"22760_1 copy"},{"@type":"BreadcrumbList","@id":"https:\/\/www.purejewels.com\/product\/22ct-gold-filigree-earrings-5\/#breadcrumb","itemListElement":[{"@type":"ListItem","position":1,"name":"Home","item":"https:\/\/www.purejewels.com\/"},{"@type":"ListItem","position":2,"name":"Shop","item":"https:\/\/www.purejewels.com\/shop\/"},{"@type":"ListItem","position":3,"name":"22ct Gold Filigree Earrings with Rhodium Polish"}]},{"@type":"WebSite","@id":"https:\/\/www.purejewels.com\/#website","url":"https:\/\/www.purejewels.com\/","name":"PureJewels UK","description":"Teile die Liebe","publisher":{"@id":"https:\/\/www.purejewels.com\/#organization"},"potentialAction":[{"@type":"SearchAction","target":{"@type":"EntryPoint","urlTemplate":"https:\/\/www.purejewels.com\/?s={search_term_string}"},"query-input":{"@type":"PropertyValueSpecification","valueRequired":true,"valueName":"search_term_string"}}],"inLanguage":"de"},{"@type":"Organization","@id":"https:\/\/www.purejewels.com\/#organization","name":"PureJewels UK","url":"https:\/\/www.purejewels.com\/","logo":{"@type":"ImageObject","inLanguage":"de","@id":"https:\/\/www.purejewels.com\/#\/schema\/logo\/image\/","url":"https:\/\/static.purejewels.com\/wp-content\/uploads\/2020\/11\/Logo-PJ-New-1.png","contentUrl":"https:\/\/static.purejewels.com\/wp-content\/uploads\/2020\/11\/Logo-PJ-New-1.png","width":150,"height":80,"caption":"PureJewels UK"},"image":{"@id":"https:\/\/www.purejewels.com\/#\/schema\/logo\/image\/"}}]}},"_links":{"self":[{"href":"https:\/\/www.purejewels.com\/de\/wp-json\/wp\/v2\/product\/298034","targetHints":{"allow":["GET"]}}],"collection":[{"href":"https:\/\/www.purejewels.com\/de\/wp-json\/wp\/v2\/product"}],"about":[{"href":"https:\/\/www.purejewels.com\/de\/wp-json\/wp\/v2\/types\/product"}],"replies":[{"embeddable":true,"href":"https:\/\/www.purejewels.com\/de\/wp-json\/wp\/v2\/comments?post=298034"}],"version-history":[{"count":3,"href":"https:\/\/www.purejewels.com\/de\/wp-json\/wp\/v2\/product\/298034\/revisions"}],"predecessor-version":[{"id":423825,"href":"https:\/\/www.purejewels.com\/de\/wp-json\/wp\/v2\/product\/298034\/revisions\/423825"}],"wp:featuredmedia":[{"embeddable":true,"href":"https:\/\/www.purejewels.com\/de\/wp-json\/wp\/v2\/media\/298022"}],"wp:attachment":[{"href":"https:\/\/www.purejewels.com\/de\/wp-json\/wp\/v2\/media?parent=298034"}],"wp:term":[{"taxonomy":"product_brand","embeddable":true,"href":"https:\/\/www.purejewels.com\/de\/wp-json\/wp\/v2\/product_brand?post=298034"},{"taxonomy":"product_cat","embeddable":true,"href":"https:\/\/www.purejewels.com\/de\/wp-json\/wp\/v2\/product_cat?post=298034"},{"taxonomy":"product_tag","embeddable":true,"href":"https:\/\/www.purejewels.com\/de\/wp-json\/wp\/v2\/product_tag?post=298034"}],"curies":[{"name":"wp","href":"https:\/\/api.w.org\/{rel}","templated":true}]}}