{"id":298042,"date":"2017-12-16T13:38:29","date_gmt":"2017-12-16T13:38:29","guid":{"rendered":"https:\/\/www.purejewels.com\/product\/christian-bauer-wedding-ring-4\/"},"modified":"2025-03-26T12:48:57","modified_gmt":"2025-03-26T12:48:57","slug":"christian-bauer-trauring-4","status":"publish","type":"product","link":"https:\/\/www.purejewels.com\/de\/product\/christian-bauer-wedding-ring-4\/","title":{"rendered":"Christian Bauer Ehering Ring"},"content":{"rendered":"<p>Ihre Hochzeit mag so gestaltet sein, dass sie allen gef\u00e4llt, aber Ihr Ring muss es nicht.  Probieren Sie dieses sandgestrahlte Band - ein Beispiel f\u00fcr eine der unverwechselbaren strukturierten Hochzeiten von Christian Bauer <a href=\"https:\/\/www.purejewels.com\/de\/product-category\/22ct-gold-jewellery\/gold-rings\/\">Ringe<\/a> f\u00fcr M\u00e4nner.  Mit Sitz in der N\u00e4he des Welzheimer Waldes in Deutschland ist das <a href=\"https:\/\/www.purejewels.com\/de\/product-category\/wedding-rings-bands\/wedding-bands\/christian-bauer-brands\/\">Christian Bauer<\/a> Das Label l\u00e4sst sich von organischen Strukturen inspirieren.  Dieser markante Platinring hat einen sandgestrahlten Effekt mit gerillter Kante.  Er wurde von den erfahrenen Juwelieren in der CB-Werkstatt gefertigt, die Technologie und traditionelle Handarbeit einsetzen, um jedes Trauringdesign zu realisieren.   Bemerkenswert ist auch, dass die Trauringe von Christian Bauer aus zuvor abgebauten Metallen hergestellt werden, wodurch die Umweltbelastung minimiert wird.  *Nicht auf Lager?  Christian Bauer Trauringe werden auf Ma\u00df bestellt.  Bitte kontaktieren Sie uns \u00fcber den Live Chat.<\/p>\n<p>&nbsp;<\/p>\n<ul>\n<li style=\"list-style-type: none\">\n<ul>\n<li>Autorisierter Christian Bauer Londoner Fachh\u00e4ndler<\/li>\n<\/ul>\n<\/li>\n<\/ul>\n<p>&nbsp;<\/p>\n<ul>\n<li style=\"list-style-type: none\">\n<ul>\n<li>Ehering aus Platin f\u00fcr M\u00e4nner<\/li>\n<\/ul>\n<\/li>\n<\/ul>\n<p>&nbsp;<\/p>\n<ul>\n<li style=\"list-style-type: none\">\n<ul>\n<li>Ringnummer 274468<\/li>\n<\/ul>\n<\/li>\n<\/ul>\n<p>&nbsp;<\/p>\n<ul>\n<li style=\"list-style-type: none\">\n<ul>\n<li>Metall: Platin<\/li>\n<\/ul>\n<\/li>\n<\/ul>\n<p>&nbsp;<\/p>\n<ul>\n<li style=\"list-style-type: none\">\n<ul>\n<li>Breite: 7,0 mm<\/li>\n<\/ul>\n<\/li>\n<\/ul>\n<p>&nbsp;<\/p>\n<ul>\n<li style=\"list-style-type: none\">\n<ul>\n<li>*\u00d6ffnen Sie den Live Chat, um zu bestellen.<\/li>\n<\/ul>\n<\/li>\n<\/ul>\n<p>&nbsp;<\/p>\n<p>&nbsp;<\/p>\n<h2><strong>Die Wahl eines Christian Bauer Traurings<br \/>\n<\/strong><\/h2>\n<p>&nbsp;<\/p>\n<p>Christian Bauer Trauringe sind au\u00dfergew\u00f6hnlich.  Deshalb haben wir sie seit vielen Jahren im Sortiment.  Sie werden mit Erfahrung und Gesp\u00fcr entworfen und bieten Ihnen Komfort, Passform und Stil.  Die Marke hat ihren Sitz im l\u00e4ndlichen Deutschland und arbeitet in einem hochmodernen, umweltfreundlichen Betrieb.  Obwohl das Unternehmen bei der Schmuckherstellung auf Technologie setzt, machen die Juweliere immer noch einen Gro\u00dfteil der Arbeit von Hand.  Wir sind der Meinung, dass ein Trauring von Christian Bauer jeden Cent wert ist, denn er ist eine Investition f\u00fcrs Leben.  Wenn Sie auf der Suche nach einem Christian Bauer Trauring zu einem guten Preis sind, fragen Sie uns, was wir f\u00fcr Sie tun k\u00f6nnen...<\/p>\n<p>&nbsp;<\/p>\n<p>&nbsp;<\/p>\n<p>&nbsp;<\/p>","protected":false},"excerpt":{"rendered":"<ul>\n<li>Autorisierter Christian Bauer Londoner Fachh\u00e4ndler<\/li>\n<li>Ehering aus Platin f\u00fcr M\u00e4nner<\/li>\n<li>Ringnummer 274468<\/li>\n<li>Metall: Platin<\/li>\n<li>Breite: 7,0 mm<\/li>\n<li>*\u00d6ffnen Sie den Live Chat, um zu bestellen.<\/li>\n<\/ul>","protected":false},"featured_media":315611,"comment_status":"closed","ping_status":"closed","template":"","meta":{"_eb_attr":"","_crsspst_to_jayantr4sg-hostcom":false},"product_brand":[],"product_cat":[238,1572,1800,5293,5294,229],"product_tag":[],"class_list":{"0":"post-298042","1":"product","2":"type-product","3":"status-publish","4":"has-post-thumbnail","6":"product_cat-christian-bauer-brands","7":"product_cat-mens-jewellery","8":"product_cat-platinum-bands","9":"product_cat-platinum-wedding-bands-2","10":"product_cat-platinum-wedding-bands-for-men","11":"product_cat-wedding-bands","13":"first","14":"instock","15":"taxable","16":"shipping-taxable","17":"purchasable","18":"product-type-simple","19":"add-to-wishlist-before_image"},"yoast_head":"<!-- This site is optimized with the Yoast SEO plugin v27.5 - https:\/\/yoast.com\/product\/yoast-seo-wordpress\/ -->\n<title>Plain Platinum Wedding Band | Purejewels.Com<\/title>\n<meta name=\"description\" content=\"Platinum Wedding Bands His And Hers | Shop Latest Platinum Wedding Bands | Certified Jewellery In London | Fast Shipping\" \/>\n<meta name=\"robots\" content=\"index, follow, max-snippet:-1, max-image-preview:large, max-video-preview:-1\" \/>\n<link rel=\"canonical\" href=\"https:\/\/www.purejewels.com\/de\/produkt-2\/christian-bauer-trauring-4\/\" \/>\n<meta property=\"og:locale\" content=\"de_DE\" \/>\n<meta property=\"og:type\" content=\"article\" \/>\n<meta property=\"og:title\" content=\"Plain Platinum Wedding Band | Purejewels.Com\" \/>\n<meta property=\"og:description\" content=\"Platinum Wedding Bands His And Hers | Shop Latest Platinum Wedding Bands | Certified Jewellery In London | Fast Shipping\" \/>\n<meta property=\"og:url\" content=\"https:\/\/www.purejewels.com\/de\/produkt-2\/christian-bauer-trauring-4\/\" \/>\n<meta property=\"og:site_name\" content=\"PureJewels UK\" \/>\n<meta property=\"article:modified_time\" content=\"2025-03-26T12:48:57+00:00\" \/>\n<meta property=\"og:image\" content=\"https:\/\/www.purejewels.com\/wp-content\/uploads\/2020\/07\/137217214.jpg\" \/>\n\t<meta property=\"og:image:width\" content=\"960\" \/>\n\t<meta property=\"og:image:height\" content=\"960\" \/>\n\t<meta property=\"og:image:type\" content=\"image\/jpeg\" \/>\n<meta name=\"twitter:card\" content=\"summary_large_image\" \/>\n<meta name=\"twitter:label1\" content=\"Gesch\u00e4tzte Lesezeit\" \/>\n\t<meta name=\"twitter:data1\" content=\"1\u00a0Minute\" \/>\n<script type=\"application\/ld+json\" class=\"yoast-schema-graph\">{\"@context\":\"https:\\\/\\\/schema.org\",\"@graph\":[{\"@type\":[\"WebPage\",\"ItemPage\"],\"@id\":\"https:\\\/\\\/www.purejewels.com\\\/product\\\/christian-bauer-wedding-ring-4\\\/\",\"url\":\"https:\\\/\\\/www.purejewels.com\\\/product\\\/christian-bauer-wedding-ring-4\\\/\",\"name\":\"Plain Platinum Wedding Band | Purejewels.Com\",\"isPartOf\":{\"@id\":\"https:\\\/\\\/www.purejewels.com\\\/#website\"},\"primaryImageOfPage\":{\"@id\":\"https:\\\/\\\/www.purejewels.com\\\/product\\\/christian-bauer-wedding-ring-4\\\/#primaryimage\"},\"image\":{\"@id\":\"https:\\\/\\\/www.purejewels.com\\\/product\\\/christian-bauer-wedding-ring-4\\\/#primaryimage\"},\"thumbnailUrl\":\"https:\\\/\\\/static.purejewels.com\\\/wp-content\\\/uploads\\\/2020\\\/07\\\/137217214.jpg\",\"datePublished\":\"2017-12-16T13:38:29+00:00\",\"dateModified\":\"2025-03-26T12:48:57+00:00\",\"description\":\"Platinum Wedding Bands His And Hers | Shop Latest Platinum Wedding Bands | Certified Jewellery In London | Fast Shipping\",\"breadcrumb\":{\"@id\":\"https:\\\/\\\/www.purejewels.com\\\/product\\\/christian-bauer-wedding-ring-4\\\/#breadcrumb\"},\"inLanguage\":\"de\",\"potentialAction\":[{\"@type\":\"ReadAction\",\"target\":[\"https:\\\/\\\/www.purejewels.com\\\/product\\\/christian-bauer-wedding-ring-4\\\/\"]}]},{\"@type\":\"ImageObject\",\"inLanguage\":\"de\",\"@id\":\"https:\\\/\\\/www.purejewels.com\\\/product\\\/christian-bauer-wedding-ring-4\\\/#primaryimage\",\"url\":\"https:\\\/\\\/static.purejewels.com\\\/wp-content\\\/uploads\\\/2020\\\/07\\\/137217214.jpg\",\"contentUrl\":\"https:\\\/\\\/static.purejewels.com\\\/wp-content\\\/uploads\\\/2020\\\/07\\\/137217214.jpg\",\"width\":960,\"height\":960,\"caption\":\"Your wedding may be designed to please everybody, but your ring needn\u2019t be.\u00a0 Try this sandblasted band \u2013 an example of one of Christian Bauer\u2019s distinctive textured weddings rings for men.\u00a0 Based near the Welzheim Forest in Germany, the Christian Bauer label draws inspiration from organic textures.\u00a0 This striking platinum band has a sandblasted effect with grooved edge.\u00a0 It has been crafted by the skilled jewellers at the CB workshop, who use technology and old-fashioned handiwork to realise each wedding ring design.\u00a0\u00a0 It\u2019s also worth noting that Christian Bauer wedding rings are made using previously-mined metals, minimising the environmental impact.\u00a0 *Out of stock?\u00a0 Christian Bauer wedding rings are ordered to size.\u00a0 Please contact us via Live Chat.Authorised Christian Bauer London StockistMen\u2019s platinum wedding ringRing number 274468Metal: PlatinumWidth: 7.0 mm*Open Live Chat to order.Choosing a Christian Bauer wedding ringChristian Bauer wedding rings are exceptional.\u00a0 That\u2019s why we have been stocking them for many years.\u00a0 They\u2019re designed with experience and flair; bringing you comfort, fit, and style.\u00a0 The brand is based in rural Germany, operating from a state-of-the-art, eco-friendly premises.\u00a0 Although they\u2019ve embraced technology in jewellery-making, their jewellers still do a lot of the work by hand.\u00a0 Because it\u2019s a lifetime investment, we think that a Christian Bauer wedding ring is worth every penny.\u00a0 If you\u2019re looking for a Christian Bauer wedding ring at a good price, ask us what we can do\u2026&nbsp;\"},{\"@type\":\"BreadcrumbList\",\"@id\":\"https:\\\/\\\/www.purejewels.com\\\/product\\\/christian-bauer-wedding-ring-4\\\/#breadcrumb\",\"itemListElement\":[{\"@type\":\"ListItem\",\"position\":1,\"name\":\"Home\",\"item\":\"https:\\\/\\\/www.purejewels.com\\\/\"},{\"@type\":\"ListItem\",\"position\":2,\"name\":\"Shop\",\"item\":\"https:\\\/\\\/www.purejewels.com\\\/shop\\\/\"},{\"@type\":\"ListItem\",\"position\":3,\"name\":\"Christian Bauer Wedding Band Ring\"}]},{\"@type\":\"WebSite\",\"@id\":\"https:\\\/\\\/www.purejewels.com\\\/#website\",\"url\":\"https:\\\/\\\/www.purejewels.com\\\/\",\"name\":\"PureJewels UK\",\"description\":\"Share the Love\",\"publisher\":{\"@id\":\"https:\\\/\\\/www.purejewels.com\\\/#organization\"},\"potentialAction\":[{\"@type\":\"SearchAction\",\"target\":{\"@type\":\"EntryPoint\",\"urlTemplate\":\"https:\\\/\\\/www.purejewels.com\\\/?s={search_term_string}\"},\"query-input\":{\"@type\":\"PropertyValueSpecification\",\"valueRequired\":true,\"valueName\":\"search_term_string\"}}],\"inLanguage\":\"de\"},{\"@type\":\"Organization\",\"@id\":\"https:\\\/\\\/www.purejewels.com\\\/#organization\",\"name\":\"PureJewels UK\",\"url\":\"https:\\\/\\\/www.purejewels.com\\\/\",\"logo\":{\"@type\":\"ImageObject\",\"inLanguage\":\"de\",\"@id\":\"https:\\\/\\\/www.purejewels.com\\\/#\\\/schema\\\/logo\\\/image\\\/\",\"url\":\"https:\\\/\\\/static.purejewels.com\\\/wp-content\\\/uploads\\\/2020\\\/11\\\/Logo-PJ-New-1.png\",\"contentUrl\":\"https:\\\/\\\/static.purejewels.com\\\/wp-content\\\/uploads\\\/2020\\\/11\\\/Logo-PJ-New-1.png\",\"width\":150,\"height\":80,\"caption\":\"PureJewels UK\"},\"image\":{\"@id\":\"https:\\\/\\\/www.purejewels.com\\\/#\\\/schema\\\/logo\\\/image\\\/\"}}]}<\/script>\n<!-- \/ Yoast SEO plugin. -->","yoast_head_json":{"title":"Einfarbiges Platin-Eherzband | Purejewels.Com","description":"Platin-Hochzeitsarmb\u00e4nder f\u00fcr Sie und Ihn | Neueste Platin-Hochzeitsarmb\u00e4nder einkaufen | Zertifizierter Schmuck in London | Schneller Versand","robots":{"index":"index","follow":"follow","max-snippet":"max-snippet:-1","max-image-preview":"max-image-preview:large","max-video-preview":"max-video-preview:-1"},"canonical":"https:\/\/www.purejewels.com\/de\/produkt-2\/christian-bauer-trauring-4\/","og_locale":"de_DE","og_type":"article","og_title":"Plain Platinum Wedding Band | Purejewels.Com","og_description":"Platinum Wedding Bands His And Hers | Shop Latest Platinum Wedding Bands | Certified Jewellery In London | Fast Shipping","og_url":"https:\/\/www.purejewels.com\/de\/produkt-2\/christian-bauer-trauring-4\/","og_site_name":"PureJewels UK","article_modified_time":"2025-03-26T12:48:57+00:00","og_image":[{"width":960,"height":960,"url":"https:\/\/www.purejewels.com\/wp-content\/uploads\/2020\/07\/137217214.jpg","type":"image\/jpeg"}],"twitter_card":"summary_large_image","twitter_misc":{"Gesch\u00e4tzte Lesezeit":"1\u00a0Minute"},"schema":{"@context":"https:\/\/schema.org","@graph":[{"@type":["WebPage","ItemPage"],"@id":"https:\/\/www.purejewels.com\/product\/christian-bauer-wedding-ring-4\/","url":"https:\/\/www.purejewels.com\/product\/christian-bauer-wedding-ring-4\/","name":"Einfarbiges Platin-Eherzband | Purejewels.Com","isPartOf":{"@id":"https:\/\/www.purejewels.com\/#website"},"primaryImageOfPage":{"@id":"https:\/\/www.purejewels.com\/product\/christian-bauer-wedding-ring-4\/#primaryimage"},"image":{"@id":"https:\/\/www.purejewels.com\/product\/christian-bauer-wedding-ring-4\/#primaryimage"},"thumbnailUrl":"https:\/\/static.purejewels.com\/wp-content\/uploads\/2020\/07\/137217214.jpg","datePublished":"2017-12-16T13:38:29+00:00","dateModified":"2025-03-26T12:48:57+00:00","description":"Platin-Hochzeitsarmb\u00e4nder f\u00fcr Sie und Ihn | Neueste Platin-Hochzeitsarmb\u00e4nder einkaufen | Zertifizierter Schmuck in London | Schneller Versand","breadcrumb":{"@id":"https:\/\/www.purejewels.com\/product\/christian-bauer-wedding-ring-4\/#breadcrumb"},"inLanguage":"de","potentialAction":[{"@type":"ReadAction","target":["https:\/\/www.purejewels.com\/product\/christian-bauer-wedding-ring-4\/"]}]},{"@type":"ImageObject","inLanguage":"de","@id":"https:\/\/www.purejewels.com\/product\/christian-bauer-wedding-ring-4\/#primaryimage","url":"https:\/\/static.purejewels.com\/wp-content\/uploads\/2020\/07\/137217214.jpg","contentUrl":"https:\/\/static.purejewels.com\/wp-content\/uploads\/2020\/07\/137217214.jpg","width":960,"height":960,"caption":"Your wedding may be designed to please everybody, but your ring needn\u2019t be.\u00a0 Try this sandblasted band \u2013 an example of one of Christian Bauer\u2019s distinctive textured weddings rings for men.\u00a0 Based near the Welzheim Forest in Germany, the Christian Bauer label draws inspiration from organic textures.\u00a0 This striking platinum band has a sandblasted effect with grooved edge.\u00a0 It has been crafted by the skilled jewellers at the CB workshop, who use technology and old-fashioned handiwork to realise each wedding ring design.\u00a0\u00a0 It\u2019s also worth noting that Christian Bauer wedding rings are made using previously-mined metals, minimising the environmental impact.\u00a0 *Out of stock?\u00a0 Christian Bauer wedding rings are ordered to size.\u00a0 Please contact us via Live Chat.Authorised Christian Bauer London StockistMen\u2019s platinum wedding ringRing number 274468Metal: PlatinumWidth: 7.0 mm*Open Live Chat to order.Choosing a Christian Bauer wedding ringChristian Bauer wedding rings are exceptional.\u00a0 That\u2019s why we have been stocking them for many years.\u00a0 They\u2019re designed with experience and flair; bringing you comfort, fit, and style.\u00a0 The brand is based in rural Germany, operating from a state-of-the-art, eco-friendly premises.\u00a0 Although they\u2019ve embraced technology in jewellery-making, their jewellers still do a lot of the work by hand.\u00a0 Because it\u2019s a lifetime investment, we think that a Christian Bauer wedding ring is worth every penny.\u00a0 If you\u2019re looking for a Christian Bauer wedding ring at a good price, ask us what we can do\u2026&nbsp;"},{"@type":"BreadcrumbList","@id":"https:\/\/www.purejewels.com\/product\/christian-bauer-wedding-ring-4\/#breadcrumb","itemListElement":[{"@type":"ListItem","position":1,"name":"Home","item":"https:\/\/www.purejewels.com\/"},{"@type":"ListItem","position":2,"name":"Shop","item":"https:\/\/www.purejewels.com\/shop\/"},{"@type":"ListItem","position":3,"name":"Christian Bauer Wedding Band Ring"}]},{"@type":"WebSite","@id":"https:\/\/www.purejewels.com\/#website","url":"https:\/\/www.purejewels.com\/","name":"PureJewels UK","description":"Teile die Liebe","publisher":{"@id":"https:\/\/www.purejewels.com\/#organization"},"potentialAction":[{"@type":"SearchAction","target":{"@type":"EntryPoint","urlTemplate":"https:\/\/www.purejewels.com\/?s={search_term_string}"},"query-input":{"@type":"PropertyValueSpecification","valueRequired":true,"valueName":"search_term_string"}}],"inLanguage":"de"},{"@type":"Organization","@id":"https:\/\/www.purejewels.com\/#organization","name":"PureJewels UK","url":"https:\/\/www.purejewels.com\/","logo":{"@type":"ImageObject","inLanguage":"de","@id":"https:\/\/www.purejewels.com\/#\/schema\/logo\/image\/","url":"https:\/\/static.purejewels.com\/wp-content\/uploads\/2020\/11\/Logo-PJ-New-1.png","contentUrl":"https:\/\/static.purejewels.com\/wp-content\/uploads\/2020\/11\/Logo-PJ-New-1.png","width":150,"height":80,"caption":"PureJewels UK"},"image":{"@id":"https:\/\/www.purejewels.com\/#\/schema\/logo\/image\/"}}]}},"_links":{"self":[{"href":"https:\/\/www.purejewels.com\/de\/wp-json\/wp\/v2\/product\/298042","targetHints":{"allow":["GET"]}}],"collection":[{"href":"https:\/\/www.purejewels.com\/de\/wp-json\/wp\/v2\/product"}],"about":[{"href":"https:\/\/www.purejewels.com\/de\/wp-json\/wp\/v2\/types\/product"}],"replies":[{"embeddable":true,"href":"https:\/\/www.purejewels.com\/de\/wp-json\/wp\/v2\/comments?post=298042"}],"version-history":[{"count":1,"href":"https:\/\/www.purejewels.com\/de\/wp-json\/wp\/v2\/product\/298042\/revisions"}],"predecessor-version":[{"id":390332,"href":"https:\/\/www.purejewels.com\/de\/wp-json\/wp\/v2\/product\/298042\/revisions\/390332"}],"wp:featuredmedia":[{"embeddable":true,"href":"https:\/\/www.purejewels.com\/de\/wp-json\/wp\/v2\/media\/315611"}],"wp:attachment":[{"href":"https:\/\/www.purejewels.com\/de\/wp-json\/wp\/v2\/media?parent=298042"}],"wp:term":[{"taxonomy":"product_brand","embeddable":true,"href":"https:\/\/www.purejewels.com\/de\/wp-json\/wp\/v2\/product_brand?post=298042"},{"taxonomy":"product_cat","embeddable":true,"href":"https:\/\/www.purejewels.com\/de\/wp-json\/wp\/v2\/product_cat?post=298042"},{"taxonomy":"product_tag","embeddable":true,"href":"https:\/\/www.purejewels.com\/de\/wp-json\/wp\/v2\/product_tag?post=298042"}],"curies":[{"name":"wp","href":"https:\/\/api.w.org\/{rel}","templated":true}]}}