{"id":298175,"date":"2017-12-19T15:39:19","date_gmt":"2017-12-19T15:39:19","guid":{"rendered":"https:\/\/www.purejewels.com\/?post_type=product&#038;p=298175"},"modified":"2026-01-19T07:58:08","modified_gmt":"2026-01-19T07:58:08","slug":"1-0-gramm-feingoldbarren","status":"publish","type":"product","link":"https:\/\/www.purejewels.com\/de\/product\/1-0-gram-fine-gold-bar\/","title":{"rendered":"1,0 Gramm Feingoldbarren aus 24 Karat Gold"},"content":{"rendered":"<p>Wir stellen Ihnen den exquisiten 1,0-Gramm-Feingoldbarren in 24 Karat vor, der von PureJewels UK pr\u00e4sentiert wird. Dieser atemberaubende Goldbarren ist ein wahres Symbol f\u00fcr Luxus und Eleganz, gefertigt mit der feinsten Qualit\u00e4t <a href=\"https:\/\/www.purejewels.com\/de\/product\/24ct-gold-minted-bar-in-5grm\/\">24 Karat Gold<\/a>. Jeder Barren wiegt 1,0 Gramm und ist damit eine perfekte Erg\u00e4nzung f\u00fcr jedes Anlageportfolio oder ein aufmerksames Geschenk f\u00fcr einen lieben Menschen.<\/p>\n<p>Wir bei PureJewels UK sind stolz darauf, nur Goldbarren von h\u00f6chster Qualit\u00e4t anbieten zu k\u00f6nnen. Wir stellen sicher, dass jedes St\u00fcck unseren strengen Standards f\u00fcr Reinheit und Handwerkskunst entspricht.<\/p>\n<p>Unser 1,0-Gramm-Feingoldbarren ist nicht nur eine wertvolle Investition, sondern auch ein zeitloses St\u00fcck Sch\u00f6nheit, das \u00fcber Jahre hinweg gesch\u00e4tzt werden wird. Mit kostenloser Lieferung und sicheren Online-Zahlungen, ist das Einkaufen bei PureJewels UK einfach und bequem. Verpassen Sie nicht<\/p>","protected":false},"excerpt":{"rendered":"<ul>\n<li>Ein Ein-Gramm-Barren aus feinem 24-kar\u00e4tigem Gold des f\u00fchrenden Unternehmens Argor-Heraeus, geliefert mit Seriennummer und Zertifikat in einer praktischen Verpackung im Kreditkartenformat.<\/li>\n<li class=\"field_weight\">\n<div>GEWICHT: 1 g<\/div>\n<\/li>\n<li class=\"field_metal\">\n<div>METALL: Feingold<\/div>\n<\/li>\n<li class=\"field_finish\">\n<div>FERTIGUNG: 999,9<\/div>\n<\/li>\n<li class=\"field_collection\">ABMESSUNGEN: 15,0 mm x 8,7 mm x 0,5 mm<\/li>\n<li>VERPACKUNGSABMESSUNG: 85,0 mm x 54,0 mm<\/li>\n<li>LIEFERUNG: Sichere Lieferung am n\u00e4chsten Werktag inklusive<\/li>\n<li>R\u00dcCKGABE: 14 Tage R\u00fcckgaberecht.<\/li>\n<li>VERPACKUNG: Kommt mit einer Geschenkbox<\/li>\n<li>Kontaktieren Sie uns, um 24ct Goldbarren in verschiedenen Gewichtsklassen zu kaufen.<\/li>\n<\/ul>","protected":false},"featured_media":311679,"comment_status":"closed","ping_status":"closed","template":"","meta":{"_eb_attr":"","_crsspst_to_jayantr4sg-hostcom":false},"product_brand":[],"product_cat":[1646],"product_tag":[],"class_list":{"0":"post-298175","1":"product","2":"type-product","3":"status-publish","4":"has-post-thumbnail","6":"product_cat-gold-bars","8":"first","9":"outofstock","10":"taxable","11":"shipping-taxable","12":"product-type-simple","13":"add-to-wishlist-before_image"},"yoast_head":"<!-- This site is optimized with the Yoast SEO plugin v27.5 - https:\/\/yoast.com\/product\/yoast-seo-wordpress\/ -->\n<title>1.0 Gram Fine Gold Bar in 24ct Gold - PureJewels UK<\/title>\n<meta name=\"robots\" content=\"index, follow, max-snippet:-1, max-image-preview:large, max-video-preview:-1\" \/>\n<link rel=\"canonical\" href=\"https:\/\/www.purejewels.com\/de\/produkt-2\/1-0-gramm-feingoldbarren\/\" \/>\n<meta property=\"og:locale\" content=\"de_DE\" \/>\n<meta property=\"og:type\" content=\"article\" \/>\n<meta property=\"og:title\" content=\"1.0 Gram Fine Gold Bar in 24ct Gold - PureJewels UK\" \/>\n<meta property=\"og:description\" content=\"A One Gram bullion bar of fine 24-karat Gold by leading Argor-Heraeus, supplied with serial number and certificate in a handy credit card sized package.   WEIGHT: 1 g   METAL: Fine gold   FINISH: 999.9  DIMENSIONS: 15.0mm x 8.7mm x 0.5mm  PACKAGING DIMENSION: 85.0mm x 54.0mm  DELIVERY: Secure next working day delivery included  RETURNS: 14 days returns policy.  PACKAGING: Comes with a gift box  Contact us to buy 24ct Gold bar in different weight-band.\" \/>\n<meta property=\"og:url\" content=\"https:\/\/www.purejewels.com\/de\/produkt-2\/1-0-gramm-feingoldbarren\/\" \/>\n<meta property=\"og:site_name\" content=\"PureJewels UK\" \/>\n<meta property=\"article:modified_time\" content=\"2026-01-19T07:58:08+00:00\" \/>\n<meta property=\"og:image\" content=\"https:\/\/static.purejewels.com\/wp-content\/uploads\/2017\/12\/1gmgoldbar.png\" \/>\n\t<meta property=\"og:image:width\" content=\"470\" \/>\n\t<meta property=\"og:image:height\" content=\"470\" \/>\n\t<meta property=\"og:image:type\" content=\"image\/png\" \/>\n<meta name=\"twitter:card\" content=\"summary_large_image\" \/>\n<meta name=\"twitter:label1\" content=\"Gesch\u00e4tzte Lesezeit\" \/>\n\t<meta name=\"twitter:data1\" content=\"1\u00a0Minute\" \/>\n<script type=\"application\/ld+json\" class=\"yoast-schema-graph\">{\"@context\":\"https:\\\/\\\/schema.org\",\"@graph\":[{\"@type\":[\"WebPage\",\"ItemPage\"],\"@id\":\"https:\\\/\\\/www.purejewels.com\\\/product\\\/1-0-gram-fine-gold-bar\\\/\",\"url\":\"https:\\\/\\\/www.purejewels.com\\\/product\\\/1-0-gram-fine-gold-bar\\\/\",\"name\":\"1.0 Gram Fine Gold Bar in 24ct Gold - PureJewels UK\",\"isPartOf\":{\"@id\":\"https:\\\/\\\/www.purejewels.com\\\/#website\"},\"primaryImageOfPage\":{\"@id\":\"https:\\\/\\\/www.purejewels.com\\\/product\\\/1-0-gram-fine-gold-bar\\\/#primaryimage\"},\"image\":{\"@id\":\"https:\\\/\\\/www.purejewels.com\\\/product\\\/1-0-gram-fine-gold-bar\\\/#primaryimage\"},\"thumbnailUrl\":\"https:\\\/\\\/static.purejewels.com\\\/wp-content\\\/uploads\\\/2017\\\/12\\\/1gmgoldbar.png\",\"datePublished\":\"2017-12-19T15:39:19+00:00\",\"dateModified\":\"2026-01-19T07:58:08+00:00\",\"breadcrumb\":{\"@id\":\"https:\\\/\\\/www.purejewels.com\\\/product\\\/1-0-gram-fine-gold-bar\\\/#breadcrumb\"},\"inLanguage\":\"de\",\"potentialAction\":[{\"@type\":\"ReadAction\",\"target\":[\"https:\\\/\\\/www.purejewels.com\\\/product\\\/1-0-gram-fine-gold-bar\\\/\"]}]},{\"@type\":\"ImageObject\",\"inLanguage\":\"de\",\"@id\":\"https:\\\/\\\/www.purejewels.com\\\/product\\\/1-0-gram-fine-gold-bar\\\/#primaryimage\",\"url\":\"https:\\\/\\\/static.purejewels.com\\\/wp-content\\\/uploads\\\/2017\\\/12\\\/1gmgoldbar.png\",\"contentUrl\":\"https:\\\/\\\/static.purejewels.com\\\/wp-content\\\/uploads\\\/2017\\\/12\\\/1gmgoldbar.png\",\"width\":470,\"height\":470,\"caption\":\"1gm Gold 999.9 Bar\"},{\"@type\":\"BreadcrumbList\",\"@id\":\"https:\\\/\\\/www.purejewels.com\\\/product\\\/1-0-gram-fine-gold-bar\\\/#breadcrumb\",\"itemListElement\":[{\"@type\":\"ListItem\",\"position\":1,\"name\":\"Home\",\"item\":\"https:\\\/\\\/www.purejewels.com\\\/\"},{\"@type\":\"ListItem\",\"position\":2,\"name\":\"Shop\",\"item\":\"https:\\\/\\\/www.purejewels.com\\\/shop\\\/\"},{\"@type\":\"ListItem\",\"position\":3,\"name\":\"1.0 Gram Fine Gold Bar in 24ct Gold\"}]},{\"@type\":\"WebSite\",\"@id\":\"https:\\\/\\\/www.purejewels.com\\\/#website\",\"url\":\"https:\\\/\\\/www.purejewels.com\\\/\",\"name\":\"PureJewels UK\",\"description\":\"Share the Love\",\"publisher\":{\"@id\":\"https:\\\/\\\/www.purejewels.com\\\/#organization\"},\"potentialAction\":[{\"@type\":\"SearchAction\",\"target\":{\"@type\":\"EntryPoint\",\"urlTemplate\":\"https:\\\/\\\/www.purejewels.com\\\/?s={search_term_string}\"},\"query-input\":{\"@type\":\"PropertyValueSpecification\",\"valueRequired\":true,\"valueName\":\"search_term_string\"}}],\"inLanguage\":\"de\"},{\"@type\":\"Organization\",\"@id\":\"https:\\\/\\\/www.purejewels.com\\\/#organization\",\"name\":\"PureJewels UK\",\"url\":\"https:\\\/\\\/www.purejewels.com\\\/\",\"logo\":{\"@type\":\"ImageObject\",\"inLanguage\":\"de\",\"@id\":\"https:\\\/\\\/www.purejewels.com\\\/#\\\/schema\\\/logo\\\/image\\\/\",\"url\":\"https:\\\/\\\/static.purejewels.com\\\/wp-content\\\/uploads\\\/2020\\\/11\\\/Logo-PJ-New-1.png\",\"contentUrl\":\"https:\\\/\\\/static.purejewels.com\\\/wp-content\\\/uploads\\\/2020\\\/11\\\/Logo-PJ-New-1.png\",\"width\":150,\"height\":80,\"caption\":\"PureJewels UK\"},\"image\":{\"@id\":\"https:\\\/\\\/www.purejewels.com\\\/#\\\/schema\\\/logo\\\/image\\\/\"}}]}<\/script>\n<!-- \/ Yoast SEO plugin. -->","yoast_head_json":{"title":"1,0 Gramm Feingold Barren in 24ct Gold - PureJewels UK","robots":{"index":"index","follow":"follow","max-snippet":"max-snippet:-1","max-image-preview":"max-image-preview:large","max-video-preview":"max-video-preview:-1"},"canonical":"https:\/\/www.purejewels.com\/de\/produkt-2\/1-0-gramm-feingoldbarren\/","og_locale":"de_DE","og_type":"article","og_title":"1.0 Gram Fine Gold Bar in 24ct Gold - PureJewels UK","og_description":"A One Gram bullion bar of fine 24-karat Gold by leading Argor-Heraeus, supplied with serial number and certificate in a handy credit card sized package.   WEIGHT: 1 g   METAL: Fine gold   FINISH: 999.9  DIMENSIONS: 15.0mm x 8.7mm x 0.5mm  PACKAGING DIMENSION: 85.0mm x 54.0mm  DELIVERY: Secure next working day delivery included  RETURNS: 14 days returns policy.  PACKAGING: Comes with a gift box  Contact us to buy 24ct Gold bar in different weight-band.","og_url":"https:\/\/www.purejewels.com\/de\/produkt-2\/1-0-gramm-feingoldbarren\/","og_site_name":"PureJewels UK","article_modified_time":"2026-01-19T07:58:08+00:00","og_image":[{"width":470,"height":470,"url":"https:\/\/static.purejewels.com\/wp-content\/uploads\/2017\/12\/1gmgoldbar.png","type":"image\/png"}],"twitter_card":"summary_large_image","twitter_misc":{"Gesch\u00e4tzte Lesezeit":"1\u00a0Minute"},"schema":{"@context":"https:\/\/schema.org","@graph":[{"@type":["WebPage","ItemPage"],"@id":"https:\/\/www.purejewels.com\/product\/1-0-gram-fine-gold-bar\/","url":"https:\/\/www.purejewels.com\/product\/1-0-gram-fine-gold-bar\/","name":"1,0 Gramm Feingold Barren in 24ct Gold - PureJewels UK","isPartOf":{"@id":"https:\/\/www.purejewels.com\/#website"},"primaryImageOfPage":{"@id":"https:\/\/www.purejewels.com\/product\/1-0-gram-fine-gold-bar\/#primaryimage"},"image":{"@id":"https:\/\/www.purejewels.com\/product\/1-0-gram-fine-gold-bar\/#primaryimage"},"thumbnailUrl":"https:\/\/static.purejewels.com\/wp-content\/uploads\/2017\/12\/1gmgoldbar.png","datePublished":"2017-12-19T15:39:19+00:00","dateModified":"2026-01-19T07:58:08+00:00","breadcrumb":{"@id":"https:\/\/www.purejewels.com\/product\/1-0-gram-fine-gold-bar\/#breadcrumb"},"inLanguage":"de","potentialAction":[{"@type":"ReadAction","target":["https:\/\/www.purejewels.com\/product\/1-0-gram-fine-gold-bar\/"]}]},{"@type":"ImageObject","inLanguage":"de","@id":"https:\/\/www.purejewels.com\/product\/1-0-gram-fine-gold-bar\/#primaryimage","url":"https:\/\/static.purejewels.com\/wp-content\/uploads\/2017\/12\/1gmgoldbar.png","contentUrl":"https:\/\/static.purejewels.com\/wp-content\/uploads\/2017\/12\/1gmgoldbar.png","width":470,"height":470,"caption":"1gm Gold 999.9 Bar"},{"@type":"BreadcrumbList","@id":"https:\/\/www.purejewels.com\/product\/1-0-gram-fine-gold-bar\/#breadcrumb","itemListElement":[{"@type":"ListItem","position":1,"name":"Home","item":"https:\/\/www.purejewels.com\/"},{"@type":"ListItem","position":2,"name":"Shop","item":"https:\/\/www.purejewels.com\/shop\/"},{"@type":"ListItem","position":3,"name":"1.0 Gram Fine Gold Bar in 24ct Gold"}]},{"@type":"WebSite","@id":"https:\/\/www.purejewels.com\/#website","url":"https:\/\/www.purejewels.com\/","name":"PureJewels UK","description":"Teile die Liebe","publisher":{"@id":"https:\/\/www.purejewels.com\/#organization"},"potentialAction":[{"@type":"SearchAction","target":{"@type":"EntryPoint","urlTemplate":"https:\/\/www.purejewels.com\/?s={search_term_string}"},"query-input":{"@type":"PropertyValueSpecification","valueRequired":true,"valueName":"search_term_string"}}],"inLanguage":"de"},{"@type":"Organization","@id":"https:\/\/www.purejewels.com\/#organization","name":"PureJewels UK","url":"https:\/\/www.purejewels.com\/","logo":{"@type":"ImageObject","inLanguage":"de","@id":"https:\/\/www.purejewels.com\/#\/schema\/logo\/image\/","url":"https:\/\/static.purejewels.com\/wp-content\/uploads\/2020\/11\/Logo-PJ-New-1.png","contentUrl":"https:\/\/static.purejewels.com\/wp-content\/uploads\/2020\/11\/Logo-PJ-New-1.png","width":150,"height":80,"caption":"PureJewels UK"},"image":{"@id":"https:\/\/www.purejewels.com\/#\/schema\/logo\/image\/"}}]}},"_links":{"self":[{"href":"https:\/\/www.purejewels.com\/de\/wp-json\/wp\/v2\/product\/298175","targetHints":{"allow":["GET"]}}],"collection":[{"href":"https:\/\/www.purejewels.com\/de\/wp-json\/wp\/v2\/product"}],"about":[{"href":"https:\/\/www.purejewels.com\/de\/wp-json\/wp\/v2\/types\/product"}],"replies":[{"embeddable":true,"href":"https:\/\/www.purejewels.com\/de\/wp-json\/wp\/v2\/comments?post=298175"}],"version-history":[{"count":3,"href":"https:\/\/www.purejewels.com\/de\/wp-json\/wp\/v2\/product\/298175\/revisions"}],"predecessor-version":[{"id":424980,"href":"https:\/\/www.purejewels.com\/de\/wp-json\/wp\/v2\/product\/298175\/revisions\/424980"}],"wp:featuredmedia":[{"embeddable":true,"href":"https:\/\/www.purejewels.com\/de\/wp-json\/wp\/v2\/media\/311679"}],"wp:attachment":[{"href":"https:\/\/www.purejewels.com\/de\/wp-json\/wp\/v2\/media?parent=298175"}],"wp:term":[{"taxonomy":"product_brand","embeddable":true,"href":"https:\/\/www.purejewels.com\/de\/wp-json\/wp\/v2\/product_brand?post=298175"},{"taxonomy":"product_cat","embeddable":true,"href":"https:\/\/www.purejewels.com\/de\/wp-json\/wp\/v2\/product_cat?post=298175"},{"taxonomy":"product_tag","embeddable":true,"href":"https:\/\/www.purejewels.com\/de\/wp-json\/wp\/v2\/product_tag?post=298175"}],"curies":[{"name":"wp","href":"https:\/\/api.w.org\/{rel}","templated":true}]}}