{"id":298178,"date":"2024-11-07T14:56:18","date_gmt":"2024-11-07T14:56:18","guid":{"rendered":"https:\/\/www.purejewels.com\/?post_type=product&#038;p=298178"},"modified":"2026-05-12T15:54:08","modified_gmt":"2026-05-12T14:54:08","slug":"2-0-gramm-feingoldbarren","status":"publish","type":"product","link":"https:\/\/www.purejewels.com\/de\/product\/2-0-gram-fine-gold-bar\/","title":{"rendered":"2,0 Gramm Feingoldbarren"},"content":{"rendered":"<p><strong>Zu unseren LBMA-zertifizierten Marken geh\u00f6ren Umicore, Metalor, Heraeus, Valcambi, C. Hafner, PAMP Suisse und Baird &amp; Co \u2013 Namen, die weltweit f\u00fcr ihre herausragende Kompetenz in der Edelmetallveredelung bekannt sind.<\/strong><\/p>\n<p>Die gelieferte Marke h\u00e4ngt vom aktuellen Lagerbestand zum Zeitpunkt des Versands ab, aber jeder Barren ist vollst\u00e4ndig LBMA-zertifiziert, als Anlagequalit\u00e4t eingestuft und weltweit f\u00fcr den Wiederverkauf anerkannt.<\/p>\n<p>Zur Einhaltung von <strong>HMRC<\/strong> Vorschriften \u00fcber den Kauf von Goldbarren m\u00fcssen die Kunden zwei Ausweise vorlegen: einen f\u00fcr <strong>Adressennachweis<\/strong> und eine weitere f\u00fcr <strong>Foto-Identifikation<\/strong>.<\/p>\n<p>Investieren Sie in diesen 2-Gramm-Goldbarren, ein edles 24-Karat-St\u00fcck von Purejewels, das online erh\u00e4ltlich ist und dessen Qualit\u00e4t und Echtheit durch eine Seriennummer und ein Zertifikat garantiert werden. Die kompakte Verpackung im Kreditkartenformat eignet sich ideal zur Aufbewahrung oder als Geschenk.<\/p>\n<p>Mit einem Gewicht von 2 g und einem Reinheitsgrad von 999,9 ist dieser Goldbarren eine wertvolle Erg\u00e4nzung f\u00fcr jedes Anlageportfolio.<\/p>\n<p>&nbsp;<\/p>\n<p>&nbsp;<\/p>","protected":false},"excerpt":{"rendered":"<p>Zwei-Gramm-Barren aus feinem 24-kar\u00e4tigem Gold des f\u00fchrenden Unternehmens Argor-Heraeus, geliefert mit Seriennummer und Zertifikat in einer praktischen Verpackung im Kreditkartenformat.<\/p>\n<p><strong>Zu unseren LBMA-zugelassenen Marken geh\u00f6ren Umicore, Metalor, Heraeus, Valcambi, C. Hafner, PAMP Suisse und Baird &amp; Co.<\/strong> \u2014 Namen, die weltweit f\u00fcr ihre herausragende Kompetenz in der Edelmetallveredelung bekannt sind.<br \/>\n<strong>Die gelieferte Marke h\u00e4ngt vom aktuellen Lagerbestand zum Zeitpunkt des Versands ab.<\/strong>, aber jeder Barren ist vollst\u00e4ndig LBMA-zertifiziert, als Anlagequalit\u00e4t eingestuft und weltweit f\u00fcr den Wiederverkauf anerkannt.<\/p>\n<div class=\"field_weight\">\n<div class=\"field_weight\">\n<div>GEWICHT: 2g<\/div>\n<\/div>\n<div class=\"field_metal\">\n<div>METALL: Feingold<\/div>\n<div>FERTIGUNG: 999,9<\/div>\n<\/div>\n<div class=\"field_collection\">ABMESSUNGEN: 19,1mm x 11,5mm x 0,6mm<\/div>\n<div>VERPACKUNGSABMESSUNG: 85,0 mm x 54,0 mm<\/div>\n<p>LIEFERUNG: Sichere Lieferung innerhalb von 2-3 Werktagen<\/p>\n<div>\n<div>R\u00dcCKGABE: Kostenlose R\u00fccksendung per Sonderversand<\/div>\n<div>VERPACKUNG: Kommt mit einer Geschenkbox<\/div>\n<p>Kontaktieren Sie uns oder besuchen Sie unser Goldgesch\u00e4ft in London, um \u00e4hnliche Produkte zu entdecken.<\/p>\n<p>&nbsp;<\/p>\n<\/div>\n<\/div>","protected":false},"featured_media":298191,"comment_status":"closed","ping_status":"closed","template":"","meta":{"_eb_attr":"","_crsspst_to_jayantr4sg-hostcom":false},"product_brand":[],"product_cat":[1473,1646],"product_tag":[],"class_list":{"0":"post-298178","1":"product","2":"type-product","3":"status-publish","4":"has-post-thumbnail","6":"product_cat-bars-coins","7":"product_cat-gold-bars","9":"first","10":"outofstock","11":"sold-individually","12":"product-type-simple","13":"add-to-wishlist-before_image"},"yoast_head":"<!-- This site is optimized with the Yoast SEO plugin v27.5 - https:\/\/yoast.com\/product\/yoast-seo-wordpress\/ -->\n<title>2gm bullion bar of fine 24ct Gold is available online at Purejewels<\/title>\n<meta name=\"description\" content=\"Buy 24ct Pure Gold bars online at the best price. Free and safe delivery within the UK. Order online. Best for gold investment.\" \/>\n<meta name=\"robots\" content=\"index, follow, max-snippet:-1, max-image-preview:large, max-video-preview:-1\" \/>\n<link rel=\"canonical\" href=\"https:\/\/www.purejewels.com\/de\/produkt-2\/2-0-gramm-feingoldbarren\/\" \/>\n<meta property=\"og:locale\" content=\"de_DE\" \/>\n<meta property=\"og:type\" content=\"article\" \/>\n<meta property=\"og:title\" content=\"2gm bullion bar of fine 24ct Gold is available online at Purejewels\" \/>\n<meta property=\"og:description\" content=\"Buy 24ct Pure Gold bars online at the best price. Free and safe delivery within the UK. Order online. Best for gold investment.\" \/>\n<meta property=\"og:url\" content=\"https:\/\/www.purejewels.com\/de\/produkt-2\/2-0-gramm-feingoldbarren\/\" \/>\n<meta property=\"og:site_name\" content=\"PureJewels UK\" \/>\n<meta property=\"article:modified_time\" content=\"2026-05-12T14:54:08+00:00\" \/>\n<meta property=\"og:image\" content=\"https:\/\/static.purejewels.com\/wp-content\/uploads\/2017\/12\/2gm-999.9-Classic_fronte.png\" \/>\n\t<meta property=\"og:image:width\" content=\"950\" \/>\n\t<meta property=\"og:image:height\" content=\"950\" \/>\n\t<meta property=\"og:image:type\" content=\"image\/png\" \/>\n<meta name=\"twitter:card\" content=\"summary_large_image\" \/>\n<meta name=\"twitter:label1\" content=\"Gesch\u00e4tzte Lesezeit\" \/>\n\t<meta name=\"twitter:data1\" content=\"1\u00a0Minute\" \/>\n<script type=\"application\/ld+json\" class=\"yoast-schema-graph\">{\"@context\":\"https:\\\/\\\/schema.org\",\"@graph\":[{\"@type\":[\"WebPage\",\"ItemPage\"],\"@id\":\"https:\\\/\\\/www.purejewels.com\\\/product\\\/2-0-gram-fine-gold-bar\\\/\",\"url\":\"https:\\\/\\\/www.purejewels.com\\\/product\\\/2-0-gram-fine-gold-bar\\\/\",\"name\":\"2gm bullion bar of fine 24ct Gold is available online at Purejewels\",\"isPartOf\":{\"@id\":\"https:\\\/\\\/www.purejewels.com\\\/#website\"},\"primaryImageOfPage\":{\"@id\":\"https:\\\/\\\/www.purejewels.com\\\/product\\\/2-0-gram-fine-gold-bar\\\/#primaryimage\"},\"image\":{\"@id\":\"https:\\\/\\\/www.purejewels.com\\\/product\\\/2-0-gram-fine-gold-bar\\\/#primaryimage\"},\"thumbnailUrl\":\"https:\\\/\\\/static.purejewels.com\\\/wp-content\\\/uploads\\\/2017\\\/12\\\/2gm-999.9-Classic_fronte.png\",\"datePublished\":\"2024-11-07T14:56:18+00:00\",\"dateModified\":\"2026-05-12T14:54:08+00:00\",\"description\":\"Buy 24ct Pure Gold bars online at the best price. Free and safe delivery within the UK. Order online. Best for gold investment.\",\"breadcrumb\":{\"@id\":\"https:\\\/\\\/www.purejewels.com\\\/product\\\/2-0-gram-fine-gold-bar\\\/#breadcrumb\"},\"inLanguage\":\"de\",\"potentialAction\":[{\"@type\":\"ReadAction\",\"target\":[\"https:\\\/\\\/www.purejewels.com\\\/product\\\/2-0-gram-fine-gold-bar\\\/\"]}]},{\"@type\":\"ImageObject\",\"inLanguage\":\"de\",\"@id\":\"https:\\\/\\\/www.purejewels.com\\\/product\\\/2-0-gram-fine-gold-bar\\\/#primaryimage\",\"url\":\"https:\\\/\\\/static.purejewels.com\\\/wp-content\\\/uploads\\\/2017\\\/12\\\/2gm-999.9-Classic_fronte.png\",\"contentUrl\":\"https:\\\/\\\/static.purejewels.com\\\/wp-content\\\/uploads\\\/2017\\\/12\\\/2gm-999.9-Classic_fronte.png\",\"width\":950,\"height\":950,\"caption\":\"2gm gold bar\"},{\"@type\":\"BreadcrumbList\",\"@id\":\"https:\\\/\\\/www.purejewels.com\\\/product\\\/2-0-gram-fine-gold-bar\\\/#breadcrumb\",\"itemListElement\":[{\"@type\":\"ListItem\",\"position\":1,\"name\":\"Home\",\"item\":\"https:\\\/\\\/www.purejewels.com\\\/\"},{\"@type\":\"ListItem\",\"position\":2,\"name\":\"Shop\",\"item\":\"https:\\\/\\\/www.purejewels.com\\\/shop\\\/\"},{\"@type\":\"ListItem\",\"position\":3,\"name\":\"2.0 Gram Fine Gold Bar\"}]},{\"@type\":\"WebSite\",\"@id\":\"https:\\\/\\\/www.purejewels.com\\\/#website\",\"url\":\"https:\\\/\\\/www.purejewels.com\\\/\",\"name\":\"PureJewels UK\",\"description\":\"Share the Love\",\"publisher\":{\"@id\":\"https:\\\/\\\/www.purejewels.com\\\/#organization\"},\"potentialAction\":[{\"@type\":\"SearchAction\",\"target\":{\"@type\":\"EntryPoint\",\"urlTemplate\":\"https:\\\/\\\/www.purejewels.com\\\/?s={search_term_string}\"},\"query-input\":{\"@type\":\"PropertyValueSpecification\",\"valueRequired\":true,\"valueName\":\"search_term_string\"}}],\"inLanguage\":\"de\"},{\"@type\":\"Organization\",\"@id\":\"https:\\\/\\\/www.purejewels.com\\\/#organization\",\"name\":\"PureJewels UK\",\"url\":\"https:\\\/\\\/www.purejewels.com\\\/\",\"logo\":{\"@type\":\"ImageObject\",\"inLanguage\":\"de\",\"@id\":\"https:\\\/\\\/www.purejewels.com\\\/#\\\/schema\\\/logo\\\/image\\\/\",\"url\":\"https:\\\/\\\/static.purejewels.com\\\/wp-content\\\/uploads\\\/2020\\\/11\\\/Logo-PJ-New-1.png\",\"contentUrl\":\"https:\\\/\\\/static.purejewels.com\\\/wp-content\\\/uploads\\\/2020\\\/11\\\/Logo-PJ-New-1.png\",\"width\":150,\"height\":80,\"caption\":\"PureJewels UK\"},\"image\":{\"@id\":\"https:\\\/\\\/www.purejewels.com\\\/#\\\/schema\\\/logo\\\/image\\\/\"}}]}<\/script>\n<!-- \/ Yoast SEO plugin. -->","yoast_head_json":{"title":"2g Barren aus feinem 24ct Gold sind online bei Purejewels erh\u00e4ltlich.","description":"24ct Pure Goldbarren online zum besten Preis kaufen. Kostenlose und sichere Lieferung innerhalb des Vereinigten K\u00f6nigreichs. Bestellen Sie online. Am besten f\u00fcr Goldinvestitionen geeignet.","robots":{"index":"index","follow":"follow","max-snippet":"max-snippet:-1","max-image-preview":"max-image-preview:large","max-video-preview":"max-video-preview:-1"},"canonical":"https:\/\/www.purejewels.com\/de\/produkt-2\/2-0-gramm-feingoldbarren\/","og_locale":"de_DE","og_type":"article","og_title":"2gm bullion bar of fine 24ct Gold is available online at Purejewels","og_description":"Buy 24ct Pure Gold bars online at the best price. Free and safe delivery within the UK. Order online. Best for gold investment.","og_url":"https:\/\/www.purejewels.com\/de\/produkt-2\/2-0-gramm-feingoldbarren\/","og_site_name":"PureJewels UK","article_modified_time":"2026-05-12T14:54:08+00:00","og_image":[{"width":950,"height":950,"url":"https:\/\/static.purejewels.com\/wp-content\/uploads\/2017\/12\/2gm-999.9-Classic_fronte.png","type":"image\/png"}],"twitter_card":"summary_large_image","twitter_misc":{"Gesch\u00e4tzte Lesezeit":"1\u00a0Minute"},"schema":{"@context":"https:\/\/schema.org","@graph":[{"@type":["WebPage","ItemPage"],"@id":"https:\/\/www.purejewels.com\/product\/2-0-gram-fine-gold-bar\/","url":"https:\/\/www.purejewels.com\/product\/2-0-gram-fine-gold-bar\/","name":"2g Barren aus feinem 24ct Gold sind online bei Purejewels erh\u00e4ltlich.","isPartOf":{"@id":"https:\/\/www.purejewels.com\/#website"},"primaryImageOfPage":{"@id":"https:\/\/www.purejewels.com\/product\/2-0-gram-fine-gold-bar\/#primaryimage"},"image":{"@id":"https:\/\/www.purejewels.com\/product\/2-0-gram-fine-gold-bar\/#primaryimage"},"thumbnailUrl":"https:\/\/static.purejewels.com\/wp-content\/uploads\/2017\/12\/2gm-999.9-Classic_fronte.png","datePublished":"2024-11-07T14:56:18+00:00","dateModified":"2026-05-12T14:54:08+00:00","description":"24ct Pure Goldbarren online zum besten Preis kaufen. Kostenlose und sichere Lieferung innerhalb des Vereinigten K\u00f6nigreichs. Bestellen Sie online. Am besten f\u00fcr Goldinvestitionen geeignet.","breadcrumb":{"@id":"https:\/\/www.purejewels.com\/product\/2-0-gram-fine-gold-bar\/#breadcrumb"},"inLanguage":"de","potentialAction":[{"@type":"ReadAction","target":["https:\/\/www.purejewels.com\/product\/2-0-gram-fine-gold-bar\/"]}]},{"@type":"ImageObject","inLanguage":"de","@id":"https:\/\/www.purejewels.com\/product\/2-0-gram-fine-gold-bar\/#primaryimage","url":"https:\/\/static.purejewels.com\/wp-content\/uploads\/2017\/12\/2gm-999.9-Classic_fronte.png","contentUrl":"https:\/\/static.purejewels.com\/wp-content\/uploads\/2017\/12\/2gm-999.9-Classic_fronte.png","width":950,"height":950,"caption":"2gm gold bar"},{"@type":"BreadcrumbList","@id":"https:\/\/www.purejewels.com\/product\/2-0-gram-fine-gold-bar\/#breadcrumb","itemListElement":[{"@type":"ListItem","position":1,"name":"Home","item":"https:\/\/www.purejewels.com\/"},{"@type":"ListItem","position":2,"name":"Shop","item":"https:\/\/www.purejewels.com\/shop\/"},{"@type":"ListItem","position":3,"name":"2.0 Gram Fine Gold Bar"}]},{"@type":"WebSite","@id":"https:\/\/www.purejewels.com\/#website","url":"https:\/\/www.purejewels.com\/","name":"PureJewels UK","description":"Teile die Liebe","publisher":{"@id":"https:\/\/www.purejewels.com\/#organization"},"potentialAction":[{"@type":"SearchAction","target":{"@type":"EntryPoint","urlTemplate":"https:\/\/www.purejewels.com\/?s={search_term_string}"},"query-input":{"@type":"PropertyValueSpecification","valueRequired":true,"valueName":"search_term_string"}}],"inLanguage":"de"},{"@type":"Organization","@id":"https:\/\/www.purejewels.com\/#organization","name":"PureJewels UK","url":"https:\/\/www.purejewels.com\/","logo":{"@type":"ImageObject","inLanguage":"de","@id":"https:\/\/www.purejewels.com\/#\/schema\/logo\/image\/","url":"https:\/\/static.purejewels.com\/wp-content\/uploads\/2020\/11\/Logo-PJ-New-1.png","contentUrl":"https:\/\/static.purejewels.com\/wp-content\/uploads\/2020\/11\/Logo-PJ-New-1.png","width":150,"height":80,"caption":"PureJewels UK"},"image":{"@id":"https:\/\/www.purejewels.com\/#\/schema\/logo\/image\/"}}]}},"_links":{"self":[{"href":"https:\/\/www.purejewels.com\/de\/wp-json\/wp\/v2\/product\/298178","targetHints":{"allow":["GET"]}}],"collection":[{"href":"https:\/\/www.purejewels.com\/de\/wp-json\/wp\/v2\/product"}],"about":[{"href":"https:\/\/www.purejewels.com\/de\/wp-json\/wp\/v2\/types\/product"}],"replies":[{"embeddable":true,"href":"https:\/\/www.purejewels.com\/de\/wp-json\/wp\/v2\/comments?post=298178"}],"version-history":[{"count":6,"href":"https:\/\/www.purejewels.com\/de\/wp-json\/wp\/v2\/product\/298178\/revisions"}],"predecessor-version":[{"id":421048,"href":"https:\/\/www.purejewels.com\/de\/wp-json\/wp\/v2\/product\/298178\/revisions\/421048"}],"wp:featuredmedia":[{"embeddable":true,"href":"https:\/\/www.purejewels.com\/de\/wp-json\/wp\/v2\/media\/298191"}],"wp:attachment":[{"href":"https:\/\/www.purejewels.com\/de\/wp-json\/wp\/v2\/media?parent=298178"}],"wp:term":[{"taxonomy":"product_brand","embeddable":true,"href":"https:\/\/www.purejewels.com\/de\/wp-json\/wp\/v2\/product_brand?post=298178"},{"taxonomy":"product_cat","embeddable":true,"href":"https:\/\/www.purejewels.com\/de\/wp-json\/wp\/v2\/product_cat?post=298178"},{"taxonomy":"product_tag","embeddable":true,"href":"https:\/\/www.purejewels.com\/de\/wp-json\/wp\/v2\/product_tag?post=298178"}],"curies":[{"name":"wp","href":"https:\/\/api.w.org\/{rel}","templated":true}]}}