{"id":298195,"date":"2017-12-20T15:52:48","date_gmt":"2017-12-20T15:52:48","guid":{"rendered":"https:\/\/www.purejewels.com\/?post_type=product&#038;p=298195"},"modified":"2026-04-06T10:09:38","modified_gmt":"2026-04-06T09:09:38","slug":"2-goldbarren-a-5-g","status":"publish","type":"product","link":"https:\/\/www.purejewels.com\/de\/product\/2-5-gm-gold-bar\/","title":{"rendered":"2,5 Gm Goldbarren"},"content":{"rendered":"<p>Sie suchen nach einer bequemen M\u00f6glichkeit, in Gold zu investieren? Unser 2,5-Gramm-Goldbarren ist die perfekte Wahl f\u00fcr Sie. Dieser Goldbarren aus 24-kar\u00e4tigem Feingold des renommierten Unternehmens Argor-Heraeus wird mit einer Seriennummer und einem Echtheitszertifikat geliefert. Mit den Ma\u00dfen 19,1 mm x 11,5 mm x 0,7 mm und verpackt in einer kreditkartengro\u00dfen Verpackung ist dieser Goldbarren leicht zu lagern und zu transportieren.<\/p>\n<p>Bei PureJewels UK bieten wir Ihnen eine sichere Lieferung am n\u00e4chsten Werktag und eine kostenlose R\u00fccksendung per Sonderversand. Ihr Goldbarren wird in einer Geschenkbox geliefert und ist somit ein ideales Geschenk oder Investitionsobjekt. Um diesen 24-kar\u00e4tigen Goldbarren zu kaufen, sprechen Sie einfach mit unserem Team oder besuchen Sie unser Upton Park Goldgesch\u00e4ft in London, UK.<\/p>\n<p>Investieren Sie noch heute in Gold und sichern Sie Ihre finanzielle Zukunft mit unserem 2,5-Gramm-Goldbarren.<\/p>","protected":false},"excerpt":{"rendered":"<p>2,5-Gramm-Barren aus feinem 24-kar\u00e4tigem Gold von Argor-Heraeus, geliefert mit Seriennummer und Zertifikat in einer praktischen Verpackung im Kreditkartenformat.<\/p>\n<div class=\"field_weight\">\n<div>Gewicht : 2.5g<\/div>\n<\/div>\n<div class=\"field_metal\">\n<div>METALL : Feingold<\/div>\n<\/div>\n<div class=\"field_finish\">\n<div>FERTIGUNG : 999.9<\/div>\n<\/div>\n<div class=\"field_dimensions\">\n<div>ABMESSUNGEN: 19,1 mm x 11,5 mm x 0,7 mm<\/div>\n<div>\n<div>VERPACKUNGSABMESSUNG: 85,0 mm x 54,0 mm<\/div>\n<div>\n<div>LIEFERUNG: Sichere Lieferung am n\u00e4chsten Werktag inklusive<\/div>\n<div>R\u00dcCKGABE: Kostenlose R\u00fccksendung per Sonderversand<\/div>\n<div>VERPACKUNG: Kommt mit einer Geschenkbox<\/div>\n<ul>\n<li>Um 24-kar\u00e4tige Goldbarren zu kaufen, sprechen Sie mit unserem Teammitglied oder besuchen Sie den Upton Park Gold Shop, London, UK<\/li>\n<\/ul>\n<\/div>\n<\/div>\n<\/div>","protected":false},"featured_media":311678,"comment_status":"closed","ping_status":"closed","template":"","meta":{"_eb_attr":"","_crsspst_to_jayantr4sg-hostcom":false},"product_brand":[],"product_cat":[1482],"product_tag":[],"class_list":{"0":"post-298195","1":"product","2":"type-product","3":"status-publish","4":"has-post-thumbnail","6":"product_cat-uncategorized","8":"first","9":"outofstock","10":"taxable","11":"shipping-taxable","12":"product-type-simple","13":"add-to-wishlist-before_image"},"yoast_head":"<!-- This site is optimized with the Yoast SEO plugin v27.3 - https:\/\/yoast.com\/product\/yoast-seo-wordpress\/ -->\n<title>2.5 Gm Gold Bar - PureJewels UK<\/title>\n<meta name=\"robots\" content=\"index, follow, max-snippet:-1, max-image-preview:large, max-video-preview:-1\" \/>\n<link rel=\"canonical\" href=\"https:\/\/www.purejewels.com\/de\/produkt-2\/2-goldbarren-a-5-g\/\" \/>\n<meta property=\"og:locale\" content=\"de_DE\" \/>\n<meta property=\"og:type\" content=\"article\" \/>\n<meta property=\"og:title\" content=\"2.5 Gm Gold Bar - PureJewels UK\" \/>\n<meta property=\"og:description\" content=\"2.5 Gram bullion bar of fine 24-karat Gold by leading Argor-Heraeus, supplied with serial number and certificate in a handy credit card sized package.  WEIGHT : 2.5g   METAL : Fine gold   FINISH : 999.9   DIMENSIONS : 19.1mm x 11.5mm x 0.7mm  PACKAGING DIMENSION : 85.0mm x 54.0mm  DELIVERY: Secure next working day delivery included RETURNS: Free returns by special delivery PACKAGING: Comes with a gift box   To buy 24-karat gold bar , do chat with our team member or visit Upton Park gold shop , London , UK\" \/>\n<meta property=\"og:url\" content=\"https:\/\/www.purejewels.com\/de\/produkt-2\/2-goldbarren-a-5-g\/\" \/>\n<meta property=\"og:site_name\" content=\"PureJewels UK\" \/>\n<meta property=\"article:modified_time\" content=\"2026-04-06T09:09:38+00:00\" \/>\n<meta property=\"og:image\" content=\"https:\/\/www.purejewels.com\/wp-content\/uploads\/2017\/12\/25gmbar-scaled.jpg\" \/>\n\t<meta property=\"og:image:width\" content=\"2048\" \/>\n\t<meta property=\"og:image:height\" content=\"2560\" \/>\n\t<meta property=\"og:image:type\" content=\"image\/jpeg\" \/>\n<meta name=\"twitter:card\" content=\"summary_large_image\" \/>\n<meta name=\"twitter:label1\" content=\"Gesch\u00e4tzte Lesezeit\" \/>\n\t<meta name=\"twitter:data1\" content=\"1\u00a0Minute\" \/>\n<script type=\"application\/ld+json\" class=\"yoast-schema-graph\">{\"@context\":\"https:\\\/\\\/schema.org\",\"@graph\":[{\"@type\":[\"WebPage\",\"ItemPage\"],\"@id\":\"https:\\\/\\\/www.purejewels.com\\\/product\\\/2-5-gm-gold-bar\\\/\",\"url\":\"https:\\\/\\\/www.purejewels.com\\\/product\\\/2-5-gm-gold-bar\\\/\",\"name\":\"2.5 Gm Gold Bar - PureJewels UK\",\"isPartOf\":{\"@id\":\"https:\\\/\\\/www.purejewels.com\\\/#website\"},\"primaryImageOfPage\":{\"@id\":\"https:\\\/\\\/www.purejewels.com\\\/product\\\/2-5-gm-gold-bar\\\/#primaryimage\"},\"image\":{\"@id\":\"https:\\\/\\\/www.purejewels.com\\\/product\\\/2-5-gm-gold-bar\\\/#primaryimage\"},\"thumbnailUrl\":\"https:\\\/\\\/static.purejewels.com\\\/wp-content\\\/uploads\\\/2017\\\/12\\\/25gmbar-scaled.jpg\",\"datePublished\":\"2017-12-20T15:52:48+00:00\",\"dateModified\":\"2026-04-06T09:09:38+00:00\",\"breadcrumb\":{\"@id\":\"https:\\\/\\\/www.purejewels.com\\\/product\\\/2-5-gm-gold-bar\\\/#breadcrumb\"},\"inLanguage\":\"de\",\"potentialAction\":[{\"@type\":\"ReadAction\",\"target\":[\"https:\\\/\\\/www.purejewels.com\\\/product\\\/2-5-gm-gold-bar\\\/\"]}]},{\"@type\":\"ImageObject\",\"inLanguage\":\"de\",\"@id\":\"https:\\\/\\\/www.purejewels.com\\\/product\\\/2-5-gm-gold-bar\\\/#primaryimage\",\"url\":\"https:\\\/\\\/static.purejewels.com\\\/wp-content\\\/uploads\\\/2017\\\/12\\\/25gmbar-scaled.jpg\",\"contentUrl\":\"https:\\\/\\\/static.purejewels.com\\\/wp-content\\\/uploads\\\/2017\\\/12\\\/25gmbar-scaled.jpg\",\"width\":2048,\"height\":2560,\"caption\":\"2.5gm Gold Bar\"},{\"@type\":\"BreadcrumbList\",\"@id\":\"https:\\\/\\\/www.purejewels.com\\\/product\\\/2-5-gm-gold-bar\\\/#breadcrumb\",\"itemListElement\":[{\"@type\":\"ListItem\",\"position\":1,\"name\":\"Home\",\"item\":\"https:\\\/\\\/www.purejewels.com\\\/\"},{\"@type\":\"ListItem\",\"position\":2,\"name\":\"Shop\",\"item\":\"https:\\\/\\\/www.purejewels.com\\\/shop\\\/\"},{\"@type\":\"ListItem\",\"position\":3,\"name\":\"2.5 Gm Gold Bar\"}]},{\"@type\":\"WebSite\",\"@id\":\"https:\\\/\\\/www.purejewels.com\\\/#website\",\"url\":\"https:\\\/\\\/www.purejewels.com\\\/\",\"name\":\"PureJewels UK\",\"description\":\"Share the Love\",\"publisher\":{\"@id\":\"https:\\\/\\\/www.purejewels.com\\\/#organization\"},\"potentialAction\":[{\"@type\":\"SearchAction\",\"target\":{\"@type\":\"EntryPoint\",\"urlTemplate\":\"https:\\\/\\\/www.purejewels.com\\\/?s={search_term_string}\"},\"query-input\":{\"@type\":\"PropertyValueSpecification\",\"valueRequired\":true,\"valueName\":\"search_term_string\"}}],\"inLanguage\":\"de\"},{\"@type\":\"Organization\",\"@id\":\"https:\\\/\\\/www.purejewels.com\\\/#organization\",\"name\":\"PureJewels UK\",\"url\":\"https:\\\/\\\/www.purejewels.com\\\/\",\"logo\":{\"@type\":\"ImageObject\",\"inLanguage\":\"de\",\"@id\":\"https:\\\/\\\/www.purejewels.com\\\/#\\\/schema\\\/logo\\\/image\\\/\",\"url\":\"https:\\\/\\\/static.purejewels.com\\\/wp-content\\\/uploads\\\/2020\\\/11\\\/Logo-PJ-New-1.png\",\"contentUrl\":\"https:\\\/\\\/static.purejewels.com\\\/wp-content\\\/uploads\\\/2020\\\/11\\\/Logo-PJ-New-1.png\",\"width\":150,\"height\":80,\"caption\":\"PureJewels UK\"},\"image\":{\"@id\":\"https:\\\/\\\/www.purejewels.com\\\/#\\\/schema\\\/logo\\\/image\\\/\"}}]}<\/script>\n<!-- \/ Yoast SEO plugin. -->","yoast_head_json":{"title":"2,5 Gm Goldbarren - PureJewels UK","robots":{"index":"index","follow":"follow","max-snippet":"max-snippet:-1","max-image-preview":"max-image-preview:large","max-video-preview":"max-video-preview:-1"},"canonical":"https:\/\/www.purejewels.com\/de\/produkt-2\/2-goldbarren-a-5-g\/","og_locale":"de_DE","og_type":"article","og_title":"2.5 Gm Gold Bar - PureJewels UK","og_description":"2.5 Gram bullion bar of fine 24-karat Gold by leading Argor-Heraeus, supplied with serial number and certificate in a handy credit card sized package.  WEIGHT : 2.5g   METAL : Fine gold   FINISH : 999.9   DIMENSIONS : 19.1mm x 11.5mm x 0.7mm  PACKAGING DIMENSION : 85.0mm x 54.0mm  DELIVERY: Secure next working day delivery included RETURNS: Free returns by special delivery PACKAGING: Comes with a gift box   To buy 24-karat gold bar , do chat with our team member or visit Upton Park gold shop , London , UK","og_url":"https:\/\/www.purejewels.com\/de\/produkt-2\/2-goldbarren-a-5-g\/","og_site_name":"PureJewels UK","article_modified_time":"2026-04-06T09:09:38+00:00","og_image":[{"width":2048,"height":2560,"url":"https:\/\/www.purejewels.com\/wp-content\/uploads\/2017\/12\/25gmbar-scaled.jpg","type":"image\/jpeg"}],"twitter_card":"summary_large_image","twitter_misc":{"Gesch\u00e4tzte Lesezeit":"1\u00a0Minute"},"schema":{"@context":"https:\/\/schema.org","@graph":[{"@type":["WebPage","ItemPage"],"@id":"https:\/\/www.purejewels.com\/product\/2-5-gm-gold-bar\/","url":"https:\/\/www.purejewels.com\/product\/2-5-gm-gold-bar\/","name":"2,5 Gm Goldbarren - PureJewels UK","isPartOf":{"@id":"https:\/\/www.purejewels.com\/#website"},"primaryImageOfPage":{"@id":"https:\/\/www.purejewels.com\/product\/2-5-gm-gold-bar\/#primaryimage"},"image":{"@id":"https:\/\/www.purejewels.com\/product\/2-5-gm-gold-bar\/#primaryimage"},"thumbnailUrl":"https:\/\/static.purejewels.com\/wp-content\/uploads\/2017\/12\/25gmbar-scaled.jpg","datePublished":"2017-12-20T15:52:48+00:00","dateModified":"2026-04-06T09:09:38+00:00","breadcrumb":{"@id":"https:\/\/www.purejewels.com\/product\/2-5-gm-gold-bar\/#breadcrumb"},"inLanguage":"de","potentialAction":[{"@type":"ReadAction","target":["https:\/\/www.purejewels.com\/product\/2-5-gm-gold-bar\/"]}]},{"@type":"ImageObject","inLanguage":"de","@id":"https:\/\/www.purejewels.com\/product\/2-5-gm-gold-bar\/#primaryimage","url":"https:\/\/static.purejewels.com\/wp-content\/uploads\/2017\/12\/25gmbar-scaled.jpg","contentUrl":"https:\/\/static.purejewels.com\/wp-content\/uploads\/2017\/12\/25gmbar-scaled.jpg","width":2048,"height":2560,"caption":"2.5gm Gold Bar"},{"@type":"BreadcrumbList","@id":"https:\/\/www.purejewels.com\/product\/2-5-gm-gold-bar\/#breadcrumb","itemListElement":[{"@type":"ListItem","position":1,"name":"Home","item":"https:\/\/www.purejewels.com\/"},{"@type":"ListItem","position":2,"name":"Shop","item":"https:\/\/www.purejewels.com\/shop\/"},{"@type":"ListItem","position":3,"name":"2.5 Gm Gold Bar"}]},{"@type":"WebSite","@id":"https:\/\/www.purejewels.com\/#website","url":"https:\/\/www.purejewels.com\/","name":"PureJewels UK","description":"Teile die Liebe","publisher":{"@id":"https:\/\/www.purejewels.com\/#organization"},"potentialAction":[{"@type":"SearchAction","target":{"@type":"EntryPoint","urlTemplate":"https:\/\/www.purejewels.com\/?s={search_term_string}"},"query-input":{"@type":"PropertyValueSpecification","valueRequired":true,"valueName":"search_term_string"}}],"inLanguage":"de"},{"@type":"Organization","@id":"https:\/\/www.purejewels.com\/#organization","name":"PureJewels UK","url":"https:\/\/www.purejewels.com\/","logo":{"@type":"ImageObject","inLanguage":"de","@id":"https:\/\/www.purejewels.com\/#\/schema\/logo\/image\/","url":"https:\/\/static.purejewels.com\/wp-content\/uploads\/2020\/11\/Logo-PJ-New-1.png","contentUrl":"https:\/\/static.purejewels.com\/wp-content\/uploads\/2020\/11\/Logo-PJ-New-1.png","width":150,"height":80,"caption":"PureJewels UK"},"image":{"@id":"https:\/\/www.purejewels.com\/#\/schema\/logo\/image\/"}}]}},"_links":{"self":[{"href":"https:\/\/www.purejewels.com\/de\/wp-json\/wp\/v2\/product\/298195","targetHints":{"allow":["GET"]}}],"collection":[{"href":"https:\/\/www.purejewels.com\/de\/wp-json\/wp\/v2\/product"}],"about":[{"href":"https:\/\/www.purejewels.com\/de\/wp-json\/wp\/v2\/types\/product"}],"replies":[{"embeddable":true,"href":"https:\/\/www.purejewels.com\/de\/wp-json\/wp\/v2\/comments?post=298195"}],"version-history":[{"count":1,"href":"https:\/\/www.purejewels.com\/de\/wp-json\/wp\/v2\/product\/298195\/revisions"}],"predecessor-version":[{"id":420323,"href":"https:\/\/www.purejewels.com\/de\/wp-json\/wp\/v2\/product\/298195\/revisions\/420323"}],"wp:featuredmedia":[{"embeddable":true,"href":"https:\/\/www.purejewels.com\/de\/wp-json\/wp\/v2\/media\/311678"}],"wp:attachment":[{"href":"https:\/\/www.purejewels.com\/de\/wp-json\/wp\/v2\/media?parent=298195"}],"wp:term":[{"taxonomy":"product_brand","embeddable":true,"href":"https:\/\/www.purejewels.com\/de\/wp-json\/wp\/v2\/product_brand?post=298195"},{"taxonomy":"product_cat","embeddable":true,"href":"https:\/\/www.purejewels.com\/de\/wp-json\/wp\/v2\/product_cat?post=298195"},{"taxonomy":"product_tag","embeddable":true,"href":"https:\/\/www.purejewels.com\/de\/wp-json\/wp\/v2\/product_tag?post=298195"}],"curies":[{"name":"wp","href":"https:\/\/api.w.org\/{rel}","templated":true}]}}