{"id":298215,"date":"2017-12-23T12:39:22","date_gmt":"2017-12-23T12:39:22","guid":{"rendered":"https:\/\/www.purejewels.com\/product\/18ct-diamond-nose-pin-6\/"},"modified":"2025-12-15T11:56:03","modified_gmt":"2025-12-15T11:56:03","slug":"18ct-diamant-nasenstecker-6","status":"publish","type":"product","link":"https:\/\/www.purejewels.com\/de\/product\/18ct-diamond-nose-pin-6\/","title":{"rendered":"18 Karat Wei\u00dfgold-Diamant-Nasenpiercing"},"content":{"rendered":"<p><strong>Gestaltung<\/strong><\/p>\n<p>Minimalistisch und raffiniert pr\u00e4sentiert sich der Solit\u00e4rdiamant in einer klassischen Krappenfassung, die maximale Brillanz bietet und gleichzeitig eine leichte, elegante Ausstrahlung bewahrt.<\/p>\n<p><strong>Handwerkliches K\u00f6nnen<\/strong><\/p>\n<p>Fachm\u00e4nnisch handgefertigt in <a href=\"https:\/\/www.purejewels.com\/de\/product\/18ct-white-gold-diamond-ring-for-ladies-8775\/\">18 Karat Wei\u00dfgold<\/a>, Jedes St\u00fcck spiegelt das Bekenntnis von PureJewels zu Pr\u00e4zision und dauerhafter Qualit\u00e4t wider. Der Diamant wird sorgf\u00e4ltig ausgew\u00e4hlt und sicher gefasst, um dauerhafte Sch\u00f6nheit und Tragekomfort zu gew\u00e4hrleisten.<\/p>\n<p><strong>Stil<\/strong><\/p>\n<p>Perfekt f\u00fcr alle, die ruhigen Luxus sch\u00e4tzen, dieses Wei\u00dfgold <a href=\"https:\/\/www.purejewels.com\/de\/product\/18ct-white-gold-diamond-nose-stud-uk-34153\/\">Diamant-Nasenstecker<\/a> Passt m\u00fchelos sowohl zu traditionellem als auch zu modernem Schmuck. Eine vielseitige Wahl f\u00fcr allt\u00e4gliche Eleganz oder raffinierte Kombinationen.<\/p>","protected":false},"excerpt":{"rendered":"<p>Ein wundersch\u00f6n dezenter Nasenpiercing aus 18 Karat Wei\u00dfgold, besetzt mit einem einzigen Brillanten f\u00fcr m\u00fchelose, alltagstaugliche Eleganz.<\/p>\n<ul>\n<li>Diamant-Nasenstecker<\/li>\n<li>Aus 18 Karat Wei\u00dfgold<\/li>\n<li>Diamant-Gewicht 0,04 ct<\/li>\n<li>Mit Drahtspule Spindel<\/li>\n<li>Diamant in Vier-Zacken-Fassung<\/li>\n<li>Sehr gut f\u00fcr den t\u00e4glichen Gebrauch.<\/li>\n<li>Mit Pr\u00e4sentationsbox<\/li>\n<li>Kostenlose Lieferung in ganz UK<\/li>\n<li>Alle Preise inklusive Mehrwertsteuer<\/li>\n<li>Entdecken Sie unsere Kollektion von Diamant-Nasensteckern<\/li>\n<li>Dieses Produkt ist derzeit nicht auf Lager, Live-Chat zu bestellen oder Sehen Sie Bilder von \u00e4hnlichen Produkten.<\/li>\n<\/ul>","protected":false},"featured_media":298223,"comment_status":"closed","ping_status":"closed","template":"","meta":{"_eb_attr":"","_crsspst_to_jayantr4sg-hostcom":false},"product_brand":[],"product_cat":[1530,1574],"product_tag":[],"class_list":{"0":"post-298215","1":"product","2":"type-product","3":"status-publish","4":"has-post-thumbnail","6":"product_cat-diamond-nose-pin","7":"product_cat-womens-jewellery","9":"first","10":"outofstock","11":"taxable","12":"shipping-taxable","13":"product-type-simple","14":"add-to-wishlist-before_image"},"yoast_head":"<!-- This site is optimized with the Yoast SEO plugin v27.3 - https:\/\/yoast.com\/product\/yoast-seo-wordpress\/ -->\n<title>18ct White Gold Diamond Nose Stud | PureJewels London<\/title>\n<meta name=\"description\" content=\"A timeless 18ct white gold diamond nose stud, delicately crafted for refined everyday elegance. A classic fine jewellery essential by PureJewels London.\" \/>\n<meta name=\"robots\" content=\"index, follow, max-snippet:-1, max-image-preview:large, max-video-preview:-1\" \/>\n<link rel=\"canonical\" href=\"https:\/\/www.purejewels.com\/de\/produkt-2\/18ct-diamant-nasenstecker-6\/\" \/>\n<meta property=\"og:locale\" content=\"de_DE\" \/>\n<meta property=\"og:type\" content=\"article\" \/>\n<meta property=\"og:title\" content=\"18ct White Gold Diamond Nose Stud | PureJewels London\" \/>\n<meta property=\"og:description\" content=\"A timeless 18ct white gold diamond nose stud, delicately crafted for refined everyday elegance. A classic fine jewellery essential by PureJewels London.\" \/>\n<meta property=\"og:url\" content=\"https:\/\/www.purejewels.com\/de\/produkt-2\/18ct-diamant-nasenstecker-6\/\" \/>\n<meta property=\"og:site_name\" content=\"PureJewels UK\" \/>\n<meta property=\"article:modified_time\" content=\"2025-12-15T11:56:03+00:00\" \/>\n<meta property=\"og:image\" content=\"https:\/\/static.purejewels.com\/wp-content\/uploads\/2017\/12\/24243_1.png\" \/>\n\t<meta property=\"og:image:width\" content=\"1000\" \/>\n\t<meta property=\"og:image:height\" content=\"1000\" \/>\n\t<meta property=\"og:image:type\" content=\"image\/png\" \/>\n<meta name=\"twitter:card\" content=\"summary_large_image\" \/>\n<meta name=\"twitter:label1\" content=\"Gesch\u00e4tzte Lesezeit\" \/>\n\t<meta name=\"twitter:data1\" content=\"1\u00a0Minute\" \/>\n<script type=\"application\/ld+json\" class=\"yoast-schema-graph\">{\"@context\":\"https:\\\/\\\/schema.org\",\"@graph\":[{\"@type\":[\"WebPage\",\"ItemPage\"],\"@id\":\"https:\\\/\\\/www.purejewels.com\\\/product\\\/18ct-diamond-nose-pin-6\\\/\",\"url\":\"https:\\\/\\\/www.purejewels.com\\\/product\\\/18ct-diamond-nose-pin-6\\\/\",\"name\":\"18ct White Gold Diamond Nose Stud | PureJewels London\",\"isPartOf\":{\"@id\":\"https:\\\/\\\/www.purejewels.com\\\/#website\"},\"primaryImageOfPage\":{\"@id\":\"https:\\\/\\\/www.purejewels.com\\\/product\\\/18ct-diamond-nose-pin-6\\\/#primaryimage\"},\"image\":{\"@id\":\"https:\\\/\\\/www.purejewels.com\\\/product\\\/18ct-diamond-nose-pin-6\\\/#primaryimage\"},\"thumbnailUrl\":\"https:\\\/\\\/static.purejewels.com\\\/wp-content\\\/uploads\\\/2017\\\/12\\\/24243_1.png\",\"datePublished\":\"2017-12-23T12:39:22+00:00\",\"dateModified\":\"2025-12-15T11:56:03+00:00\",\"description\":\"A timeless 18ct white gold diamond nose stud, delicately crafted for refined everyday elegance. A classic fine jewellery essential by PureJewels London.\",\"breadcrumb\":{\"@id\":\"https:\\\/\\\/www.purejewels.com\\\/product\\\/18ct-diamond-nose-pin-6\\\/#breadcrumb\"},\"inLanguage\":\"de\",\"potentialAction\":[{\"@type\":\"ReadAction\",\"target\":[\"https:\\\/\\\/www.purejewels.com\\\/product\\\/18ct-diamond-nose-pin-6\\\/\"]}]},{\"@type\":\"ImageObject\",\"inLanguage\":\"de\",\"@id\":\"https:\\\/\\\/www.purejewels.com\\\/product\\\/18ct-diamond-nose-pin-6\\\/#primaryimage\",\"url\":\"https:\\\/\\\/static.purejewels.com\\\/wp-content\\\/uploads\\\/2017\\\/12\\\/24243_1.png\",\"contentUrl\":\"https:\\\/\\\/static.purejewels.com\\\/wp-content\\\/uploads\\\/2017\\\/12\\\/24243_1.png\",\"width\":1000,\"height\":1000,\"caption\":\"24243_1\"},{\"@type\":\"BreadcrumbList\",\"@id\":\"https:\\\/\\\/www.purejewels.com\\\/product\\\/18ct-diamond-nose-pin-6\\\/#breadcrumb\",\"itemListElement\":[{\"@type\":\"ListItem\",\"position\":1,\"name\":\"Home\",\"item\":\"https:\\\/\\\/www.purejewels.com\\\/\"},{\"@type\":\"ListItem\",\"position\":2,\"name\":\"Shop\",\"item\":\"https:\\\/\\\/www.purejewels.com\\\/shop\\\/\"},{\"@type\":\"ListItem\",\"position\":3,\"name\":\"18ct White Gold Diamond Nose Stud\"}]},{\"@type\":\"WebSite\",\"@id\":\"https:\\\/\\\/www.purejewels.com\\\/#website\",\"url\":\"https:\\\/\\\/www.purejewels.com\\\/\",\"name\":\"PureJewels UK\",\"description\":\"Share the Love\",\"publisher\":{\"@id\":\"https:\\\/\\\/www.purejewels.com\\\/#organization\"},\"potentialAction\":[{\"@type\":\"SearchAction\",\"target\":{\"@type\":\"EntryPoint\",\"urlTemplate\":\"https:\\\/\\\/www.purejewels.com\\\/?s={search_term_string}\"},\"query-input\":{\"@type\":\"PropertyValueSpecification\",\"valueRequired\":true,\"valueName\":\"search_term_string\"}}],\"inLanguage\":\"de\"},{\"@type\":\"Organization\",\"@id\":\"https:\\\/\\\/www.purejewels.com\\\/#organization\",\"name\":\"PureJewels UK\",\"url\":\"https:\\\/\\\/www.purejewels.com\\\/\",\"logo\":{\"@type\":\"ImageObject\",\"inLanguage\":\"de\",\"@id\":\"https:\\\/\\\/www.purejewels.com\\\/#\\\/schema\\\/logo\\\/image\\\/\",\"url\":\"https:\\\/\\\/static.purejewels.com\\\/wp-content\\\/uploads\\\/2020\\\/11\\\/Logo-PJ-New-1.png\",\"contentUrl\":\"https:\\\/\\\/static.purejewels.com\\\/wp-content\\\/uploads\\\/2020\\\/11\\\/Logo-PJ-New-1.png\",\"width\":150,\"height\":80,\"caption\":\"PureJewels UK\"},\"image\":{\"@id\":\"https:\\\/\\\/www.purejewels.com\\\/#\\\/schema\\\/logo\\\/image\\\/\"}}]}<\/script>\n<!-- \/ Yoast SEO plugin. -->","yoast_head_json":{"title":"18 Karat Wei\u00dfgold-Diamant-Nasenpiercing | PureJewels London","description":"Ein zeitloser Nasenstecker aus 18 Karat Wei\u00dfgold mit Diamant, filigran gearbeitet f\u00fcr raffinierte Eleganz im Alltag. Ein klassisches Schmuckst\u00fcck von PureJewels London, das in keiner Schmucksammlung fehlen darf.","robots":{"index":"index","follow":"follow","max-snippet":"max-snippet:-1","max-image-preview":"max-image-preview:large","max-video-preview":"max-video-preview:-1"},"canonical":"https:\/\/www.purejewels.com\/de\/produkt-2\/18ct-diamant-nasenstecker-6\/","og_locale":"de_DE","og_type":"article","og_title":"18ct White Gold Diamond Nose Stud | PureJewels London","og_description":"A timeless 18ct white gold diamond nose stud, delicately crafted for refined everyday elegance. A classic fine jewellery essential by PureJewels London.","og_url":"https:\/\/www.purejewels.com\/de\/produkt-2\/18ct-diamant-nasenstecker-6\/","og_site_name":"PureJewels UK","article_modified_time":"2025-12-15T11:56:03+00:00","og_image":[{"width":1000,"height":1000,"url":"https:\/\/static.purejewels.com\/wp-content\/uploads\/2017\/12\/24243_1.png","type":"image\/png"}],"twitter_card":"summary_large_image","twitter_misc":{"Gesch\u00e4tzte Lesezeit":"1\u00a0Minute"},"schema":{"@context":"https:\/\/schema.org","@graph":[{"@type":["WebPage","ItemPage"],"@id":"https:\/\/www.purejewels.com\/product\/18ct-diamond-nose-pin-6\/","url":"https:\/\/www.purejewels.com\/product\/18ct-diamond-nose-pin-6\/","name":"18 Karat Wei\u00dfgold-Diamant-Nasenpiercing | PureJewels London","isPartOf":{"@id":"https:\/\/www.purejewels.com\/#website"},"primaryImageOfPage":{"@id":"https:\/\/www.purejewels.com\/product\/18ct-diamond-nose-pin-6\/#primaryimage"},"image":{"@id":"https:\/\/www.purejewels.com\/product\/18ct-diamond-nose-pin-6\/#primaryimage"},"thumbnailUrl":"https:\/\/static.purejewels.com\/wp-content\/uploads\/2017\/12\/24243_1.png","datePublished":"2017-12-23T12:39:22+00:00","dateModified":"2025-12-15T11:56:03+00:00","description":"Ein zeitloser Nasenstecker aus 18 Karat Wei\u00dfgold mit Diamant, filigran gearbeitet f\u00fcr raffinierte Eleganz im Alltag. Ein klassisches Schmuckst\u00fcck von PureJewels London, das in keiner Schmucksammlung fehlen darf.","breadcrumb":{"@id":"https:\/\/www.purejewels.com\/product\/18ct-diamond-nose-pin-6\/#breadcrumb"},"inLanguage":"de","potentialAction":[{"@type":"ReadAction","target":["https:\/\/www.purejewels.com\/product\/18ct-diamond-nose-pin-6\/"]}]},{"@type":"ImageObject","inLanguage":"de","@id":"https:\/\/www.purejewels.com\/product\/18ct-diamond-nose-pin-6\/#primaryimage","url":"https:\/\/static.purejewels.com\/wp-content\/uploads\/2017\/12\/24243_1.png","contentUrl":"https:\/\/static.purejewels.com\/wp-content\/uploads\/2017\/12\/24243_1.png","width":1000,"height":1000,"caption":"24243_1"},{"@type":"BreadcrumbList","@id":"https:\/\/www.purejewels.com\/product\/18ct-diamond-nose-pin-6\/#breadcrumb","itemListElement":[{"@type":"ListItem","position":1,"name":"Home","item":"https:\/\/www.purejewels.com\/"},{"@type":"ListItem","position":2,"name":"Shop","item":"https:\/\/www.purejewels.com\/shop\/"},{"@type":"ListItem","position":3,"name":"18ct White Gold Diamond Nose Stud"}]},{"@type":"WebSite","@id":"https:\/\/www.purejewels.com\/#website","url":"https:\/\/www.purejewels.com\/","name":"PureJewels UK","description":"Teile die Liebe","publisher":{"@id":"https:\/\/www.purejewels.com\/#organization"},"potentialAction":[{"@type":"SearchAction","target":{"@type":"EntryPoint","urlTemplate":"https:\/\/www.purejewels.com\/?s={search_term_string}"},"query-input":{"@type":"PropertyValueSpecification","valueRequired":true,"valueName":"search_term_string"}}],"inLanguage":"de"},{"@type":"Organization","@id":"https:\/\/www.purejewels.com\/#organization","name":"PureJewels UK","url":"https:\/\/www.purejewels.com\/","logo":{"@type":"ImageObject","inLanguage":"de","@id":"https:\/\/www.purejewels.com\/#\/schema\/logo\/image\/","url":"https:\/\/static.purejewels.com\/wp-content\/uploads\/2020\/11\/Logo-PJ-New-1.png","contentUrl":"https:\/\/static.purejewels.com\/wp-content\/uploads\/2020\/11\/Logo-PJ-New-1.png","width":150,"height":80,"caption":"PureJewels UK"},"image":{"@id":"https:\/\/www.purejewels.com\/#\/schema\/logo\/image\/"}}]}},"_links":{"self":[{"href":"https:\/\/www.purejewels.com\/de\/wp-json\/wp\/v2\/product\/298215","targetHints":{"allow":["GET"]}}],"collection":[{"href":"https:\/\/www.purejewels.com\/de\/wp-json\/wp\/v2\/product"}],"about":[{"href":"https:\/\/www.purejewels.com\/de\/wp-json\/wp\/v2\/types\/product"}],"replies":[{"embeddable":true,"href":"https:\/\/www.purejewels.com\/de\/wp-json\/wp\/v2\/comments?post=298215"}],"version-history":[{"count":3,"href":"https:\/\/www.purejewels.com\/de\/wp-json\/wp\/v2\/product\/298215\/revisions"}],"predecessor-version":[{"id":423153,"href":"https:\/\/www.purejewels.com\/de\/wp-json\/wp\/v2\/product\/298215\/revisions\/423153"}],"wp:featuredmedia":[{"embeddable":true,"href":"https:\/\/www.purejewels.com\/de\/wp-json\/wp\/v2\/media\/298223"}],"wp:attachment":[{"href":"https:\/\/www.purejewels.com\/de\/wp-json\/wp\/v2\/media?parent=298215"}],"wp:term":[{"taxonomy":"product_brand","embeddable":true,"href":"https:\/\/www.purejewels.com\/de\/wp-json\/wp\/v2\/product_brand?post=298215"},{"taxonomy":"product_cat","embeddable":true,"href":"https:\/\/www.purejewels.com\/de\/wp-json\/wp\/v2\/product_cat?post=298215"},{"taxonomy":"product_tag","embeddable":true,"href":"https:\/\/www.purejewels.com\/de\/wp-json\/wp\/v2\/product_tag?post=298215"}],"curies":[{"name":"wp","href":"https:\/\/api.w.org\/{rel}","templated":true}]}}