{"id":298343,"date":"2018-01-05T16:27:11","date_gmt":"2018-01-05T16:27:11","guid":{"rendered":"https:\/\/www.purejewels.com\/?post_type=product&#038;p=298343"},"modified":"2026-01-10T16:15:43","modified_gmt":"2026-01-10T16:15:43","slug":"armreifen-aus-22-karat-gold-4","status":"publish","type":"product","link":"https:\/\/www.purejewels.com\/de\/product\/22ct-gold-bangles-4\/","title":{"rendered":"22ct Gold Rhodium plattierte Armreifen"},"content":{"rendered":"<p>Erweitern Sie Ihre Schmucksammlung mit diesen exquisiten <a href=\"https:\/\/www.purejewels.com\/de\/product\/22ct-gold-jali-filigree-ring-jali-collection-31926\/\">22ct<\/a> Gold Rhodium plattiert <a href=\"https:\/\/www.purejewels.com\/de\/how-to-measure-bangle-size-2\/\">Armreifen<\/a> von PureJewels UK. Perfekt f\u00fcr den t\u00e4glichen Gebrauch oder besondere Anl\u00e4sse. Diese Armreifen werden als Paar geliefert und sind mit schwarzem Rhodium beschichtet, um einen einzigartigen und stilvollen Look zu erzielen. Jeder Armreif wiegt ca. 13,1 g, was ein Gesamtgewicht von 26,3 g f\u00fcr das Set ergibt.<\/p>\n<p>Diese Armreifen k\u00f6nnen auf Bestellung in allen Gr\u00f6\u00dfen hergestellt werden, mit einer Standardgr\u00f6\u00dfe von 2,6 Zoll Innendurchmesser. Wenn Sie eine andere Gr\u00f6\u00dfe ben\u00f6tigen, kontaktieren Sie uns bitte f\u00fcr Hilfe. Jedes Set wird in einer Pr\u00e4sentationsbox geliefert, was einen bequemen und problemlosen Kauf erm\u00f6glicht.<\/p>\n<p>Vom London Assay Office gestempelt, sind diese Armreifen von h\u00f6chster Qualit\u00e4t und Handwerkskunst. Ob Sie sich selbst verw\u00f6hnen oder ein besonderes Geschenk suchen, diese Armreifen werden Sie sicher beeindrucken. Bestellen Sie jetzt und genie\u00dfen Sie eine kostenlose Lieferung, sichere Online-Zahlungen und eine 15-t\u00e4gige Geld-zur\u00fcck-Garantie f\u00fcr ein sorgenfreies Einkaufserlebnis. Erh\u00f6hen Sie Ihren Stil mit diesen atemberaubenden, vergoldeten Armreifen noch heute.<\/p>","protected":false},"excerpt":{"rendered":"<ul>\n<li>Paar (zwei Armreifen) Armreifen aus 22 Karat Gold f\u00fcr den t\u00e4glichen oder gelegentlichen Gebrauch -<\/li>\n<li>(Wenn Sie einen Armreif m\u00f6chten, fragen Sie bitte im Chat nach - der hier angegebene Preis gilt f\u00fcr zwei Armreifen)<\/li>\n<li>Mit schwarzer Rhodium-Beschichtung<\/li>\n<li>Armreif 1 Gewicht : 13.1 g<\/li>\n<li>Armreif 2 Gewicht : 13.2 g<\/li>\n<li>Gesamtgewicht: 26,3 g<\/li>\n<li>Sku 7528, 7530<\/li>\n<li>Kann auf Bestellung in allen Gr\u00f6\u00dfen hergestellt werden<\/li>\n<li>Gr\u00f6\u00dfe: 2,6 Zoll Innendurchmesser. F\u00fcr weitere Gr\u00f6\u00dfen bitte anfragen<\/li>\n<li>Mit Pr\u00e4sentationsbox<\/li>\n<li>Lieferung inbegriffen<\/li>\n<li>Alle Preise inklusive Mehrwertsteuer<\/li>\n<li>22ct Gold gestempelt von London Assay Office<\/li>\n<li>Kontaktieren Sie uns \/ Live-Chat mit uns f\u00fcr Video des Produkts\n<div id=\"wrap_all\">\n<div id=\"main\" class=\"all_colors\">\n<div class=\"container_wrap container_wrap_first main_color sidebar_right template-shop shop_columns_3\">\n<div class=\"container\">\n<div id=\"product-298361\" class=\"post-298361 product type-product status-publish has-post-thumbnail product_cat-gold-festival product_cat-upto-1000-off product_cat-christmas product_cat-super-luxe-best-day-ever product_cat-jewellery product_cat-bangles product_cat-22ct-gold product_cat-collections product_cat-jali first instock sale shipping-taxable purchasable product-type-simple\">\n<div class=\"single-product-summary\">\n<div class=\"summary entry-summary\">\n<div class=\"woocommerce-product-details__short-description\"><\/div>\n<\/div>\n<\/div>\n<\/div>\n<\/div>\n<\/div>\n<\/div>\n<\/div>\n<\/li>\n<li><\/li>\n<\/ul>","protected":false},"featured_media":298344,"comment_status":"closed","ping_status":"closed","template":"","meta":{"_eb_attr":"","_crsspst_to_jayantr4sg-hostcom":false},"product_brand":[],"product_cat":[1658,1559,1573,1574],"product_tag":[1514,63,1521],"class_list":{"0":"post-298343","1":"product","2":"type-product","3":"status-publish","4":"has-post-thumbnail","6":"product_cat-bangle-sets","7":"product_cat-birthday-gifts","8":"product_cat-wedding-gifts","9":"product_cat-womens-jewellery","10":"product_tag-bangles","11":"product_tag-gold","12":"product_tag-kada","14":"first","15":"outofstock","16":"taxable","17":"shipping-taxable","18":"product-type-simple","19":"add-to-wishlist-before_image"},"yoast_head":"<!-- This site is optimized with the Yoast SEO plugin v27.3 - https:\/\/yoast.com\/product\/yoast-seo-wordpress\/ -->\n<title>22ct Gold Rhodium Plated Bangles - PureJewels UK<\/title>\n<meta name=\"robots\" content=\"index, follow, max-snippet:-1, max-image-preview:large, max-video-preview:-1\" \/>\n<link rel=\"canonical\" href=\"https:\/\/www.purejewels.com\/de\/produkt-2\/armreifen-aus-22-karat-gold-4\/\" \/>\n<meta property=\"og:locale\" content=\"de_DE\" \/>\n<meta property=\"og:type\" content=\"article\" \/>\n<meta property=\"og:title\" content=\"22ct Gold Rhodium Plated Bangles - PureJewels UK\" \/>\n<meta property=\"og:description\" content=\"Pair (two bangles) of 22ct gold daily or occasional wear bangles \u2013  (If you want one bangle please enquire on chat \u2013 the price shown here is for two bangles)  With Black Rhodium Plating  Bangle 1\u00a0 Wt : 13.1 g  Bangle 2\u00a0 Wt : 13.2 g  Total Wt . 26.3 g  Sku 7528, 7530  Can be Made to order in all Sizes  Size : 2.6 inch inside diameter. Please enquire for additional sizes  Comes With Presentation Box  Delivery Included  All prices include VAT  22ct Gold\u00a0Hallmarked by London Assay Office  Contact us \/ Live chat with us for Video of Product\" \/>\n<meta property=\"og:url\" content=\"https:\/\/www.purejewels.com\/de\/produkt-2\/armreifen-aus-22-karat-gold-4\/\" \/>\n<meta property=\"og:site_name\" content=\"PureJewels UK\" \/>\n<meta property=\"article:modified_time\" content=\"2026-01-10T16:15:43+00:00\" \/>\n<meta property=\"og:image\" content=\"https:\/\/www.purejewels.com\/wp-content\/uploads\/2018\/01\/7528_7530.png\" \/>\n\t<meta property=\"og:image:width\" content=\"1000\" \/>\n\t<meta property=\"og:image:height\" content=\"1000\" \/>\n\t<meta property=\"og:image:type\" content=\"image\/png\" \/>\n<meta name=\"twitter:card\" content=\"summary_large_image\" \/>\n<meta name=\"twitter:label1\" content=\"Gesch\u00e4tzte Lesezeit\" \/>\n\t<meta name=\"twitter:data1\" content=\"1\u00a0Minute\" \/>\n<script type=\"application\/ld+json\" class=\"yoast-schema-graph\">{\"@context\":\"https:\\\/\\\/schema.org\",\"@graph\":[{\"@type\":[\"WebPage\",\"ItemPage\"],\"@id\":\"https:\\\/\\\/www.purejewels.com\\\/product\\\/22ct-gold-bangles-4\\\/\",\"url\":\"https:\\\/\\\/www.purejewels.com\\\/product\\\/22ct-gold-bangles-4\\\/\",\"name\":\"22ct Gold Rhodium Plated Bangles - PureJewels UK\",\"isPartOf\":{\"@id\":\"https:\\\/\\\/www.purejewels.com\\\/#website\"},\"primaryImageOfPage\":{\"@id\":\"https:\\\/\\\/www.purejewels.com\\\/product\\\/22ct-gold-bangles-4\\\/#primaryimage\"},\"image\":{\"@id\":\"https:\\\/\\\/www.purejewels.com\\\/product\\\/22ct-gold-bangles-4\\\/#primaryimage\"},\"thumbnailUrl\":\"https:\\\/\\\/static.purejewels.com\\\/wp-content\\\/uploads\\\/2018\\\/01\\\/7528_7530.png\",\"datePublished\":\"2018-01-05T16:27:11+00:00\",\"dateModified\":\"2026-01-10T16:15:43+00:00\",\"breadcrumb\":{\"@id\":\"https:\\\/\\\/www.purejewels.com\\\/product\\\/22ct-gold-bangles-4\\\/#breadcrumb\"},\"inLanguage\":\"de\",\"potentialAction\":[{\"@type\":\"ReadAction\",\"target\":[\"https:\\\/\\\/www.purejewels.com\\\/product\\\/22ct-gold-bangles-4\\\/\"]}]},{\"@type\":\"ImageObject\",\"inLanguage\":\"de\",\"@id\":\"https:\\\/\\\/www.purejewels.com\\\/product\\\/22ct-gold-bangles-4\\\/#primaryimage\",\"url\":\"https:\\\/\\\/static.purejewels.com\\\/wp-content\\\/uploads\\\/2018\\\/01\\\/7528_7530.png\",\"contentUrl\":\"https:\\\/\\\/static.purejewels.com\\\/wp-content\\\/uploads\\\/2018\\\/01\\\/7528_7530.png\",\"width\":1000,\"height\":1000,\"caption\":\"22ct gold bangles\"},{\"@type\":\"BreadcrumbList\",\"@id\":\"https:\\\/\\\/www.purejewels.com\\\/product\\\/22ct-gold-bangles-4\\\/#breadcrumb\",\"itemListElement\":[{\"@type\":\"ListItem\",\"position\":1,\"name\":\"Home\",\"item\":\"https:\\\/\\\/www.purejewels.com\\\/\"},{\"@type\":\"ListItem\",\"position\":2,\"name\":\"Shop\",\"item\":\"https:\\\/\\\/www.purejewels.com\\\/shop\\\/\"},{\"@type\":\"ListItem\",\"position\":3,\"name\":\"22ct Gold Rhodium Plated Bangles\"}]},{\"@type\":\"WebSite\",\"@id\":\"https:\\\/\\\/www.purejewels.com\\\/#website\",\"url\":\"https:\\\/\\\/www.purejewels.com\\\/\",\"name\":\"PureJewels UK\",\"description\":\"Share the Love\",\"publisher\":{\"@id\":\"https:\\\/\\\/www.purejewels.com\\\/#organization\"},\"potentialAction\":[{\"@type\":\"SearchAction\",\"target\":{\"@type\":\"EntryPoint\",\"urlTemplate\":\"https:\\\/\\\/www.purejewels.com\\\/?s={search_term_string}\"},\"query-input\":{\"@type\":\"PropertyValueSpecification\",\"valueRequired\":true,\"valueName\":\"search_term_string\"}}],\"inLanguage\":\"de\"},{\"@type\":\"Organization\",\"@id\":\"https:\\\/\\\/www.purejewels.com\\\/#organization\",\"name\":\"PureJewels UK\",\"url\":\"https:\\\/\\\/www.purejewels.com\\\/\",\"logo\":{\"@type\":\"ImageObject\",\"inLanguage\":\"de\",\"@id\":\"https:\\\/\\\/www.purejewels.com\\\/#\\\/schema\\\/logo\\\/image\\\/\",\"url\":\"https:\\\/\\\/static.purejewels.com\\\/wp-content\\\/uploads\\\/2020\\\/11\\\/Logo-PJ-New-1.png\",\"contentUrl\":\"https:\\\/\\\/static.purejewels.com\\\/wp-content\\\/uploads\\\/2020\\\/11\\\/Logo-PJ-New-1.png\",\"width\":150,\"height\":80,\"caption\":\"PureJewels UK\"},\"image\":{\"@id\":\"https:\\\/\\\/www.purejewels.com\\\/#\\\/schema\\\/logo\\\/image\\\/\"}}]}<\/script>\n<!-- \/ Yoast SEO plugin. -->","yoast_head_json":{"title":"22ct Gold Rhodium plattiert Armreifen - PureJewels UK","robots":{"index":"index","follow":"follow","max-snippet":"max-snippet:-1","max-image-preview":"max-image-preview:large","max-video-preview":"max-video-preview:-1"},"canonical":"https:\/\/www.purejewels.com\/de\/produkt-2\/armreifen-aus-22-karat-gold-4\/","og_locale":"de_DE","og_type":"article","og_title":"22ct Gold Rhodium Plated Bangles - PureJewels UK","og_description":"Pair (two bangles) of 22ct gold daily or occasional wear bangles \u2013  (If you want one bangle please enquire on chat \u2013 the price shown here is for two bangles)  With Black Rhodium Plating  Bangle 1\u00a0 Wt : 13.1 g  Bangle 2\u00a0 Wt : 13.2 g  Total Wt . 26.3 g  Sku 7528, 7530  Can be Made to order in all Sizes  Size : 2.6 inch inside diameter. Please enquire for additional sizes  Comes With Presentation Box  Delivery Included  All prices include VAT  22ct Gold\u00a0Hallmarked by London Assay Office  Contact us \/ Live chat with us for Video of Product","og_url":"https:\/\/www.purejewels.com\/de\/produkt-2\/armreifen-aus-22-karat-gold-4\/","og_site_name":"PureJewels UK","article_modified_time":"2026-01-10T16:15:43+00:00","og_image":[{"width":1000,"height":1000,"url":"https:\/\/www.purejewels.com\/wp-content\/uploads\/2018\/01\/7528_7530.png","type":"image\/png"}],"twitter_card":"summary_large_image","twitter_misc":{"Gesch\u00e4tzte Lesezeit":"1\u00a0Minute"},"schema":{"@context":"https:\/\/schema.org","@graph":[{"@type":["WebPage","ItemPage"],"@id":"https:\/\/www.purejewels.com\/product\/22ct-gold-bangles-4\/","url":"https:\/\/www.purejewels.com\/product\/22ct-gold-bangles-4\/","name":"22ct Gold Rhodium plattiert Armreifen - PureJewels UK","isPartOf":{"@id":"https:\/\/www.purejewels.com\/#website"},"primaryImageOfPage":{"@id":"https:\/\/www.purejewels.com\/product\/22ct-gold-bangles-4\/#primaryimage"},"image":{"@id":"https:\/\/www.purejewels.com\/product\/22ct-gold-bangles-4\/#primaryimage"},"thumbnailUrl":"https:\/\/static.purejewels.com\/wp-content\/uploads\/2018\/01\/7528_7530.png","datePublished":"2018-01-05T16:27:11+00:00","dateModified":"2026-01-10T16:15:43+00:00","breadcrumb":{"@id":"https:\/\/www.purejewels.com\/product\/22ct-gold-bangles-4\/#breadcrumb"},"inLanguage":"de","potentialAction":[{"@type":"ReadAction","target":["https:\/\/www.purejewels.com\/product\/22ct-gold-bangles-4\/"]}]},{"@type":"ImageObject","inLanguage":"de","@id":"https:\/\/www.purejewels.com\/product\/22ct-gold-bangles-4\/#primaryimage","url":"https:\/\/static.purejewels.com\/wp-content\/uploads\/2018\/01\/7528_7530.png","contentUrl":"https:\/\/static.purejewels.com\/wp-content\/uploads\/2018\/01\/7528_7530.png","width":1000,"height":1000,"caption":"22ct gold bangles"},{"@type":"BreadcrumbList","@id":"https:\/\/www.purejewels.com\/product\/22ct-gold-bangles-4\/#breadcrumb","itemListElement":[{"@type":"ListItem","position":1,"name":"Home","item":"https:\/\/www.purejewels.com\/"},{"@type":"ListItem","position":2,"name":"Shop","item":"https:\/\/www.purejewels.com\/shop\/"},{"@type":"ListItem","position":3,"name":"22ct Gold Rhodium Plated Bangles"}]},{"@type":"WebSite","@id":"https:\/\/www.purejewels.com\/#website","url":"https:\/\/www.purejewels.com\/","name":"PureJewels UK","description":"Teile die Liebe","publisher":{"@id":"https:\/\/www.purejewels.com\/#organization"},"potentialAction":[{"@type":"SearchAction","target":{"@type":"EntryPoint","urlTemplate":"https:\/\/www.purejewels.com\/?s={search_term_string}"},"query-input":{"@type":"PropertyValueSpecification","valueRequired":true,"valueName":"search_term_string"}}],"inLanguage":"de"},{"@type":"Organization","@id":"https:\/\/www.purejewels.com\/#organization","name":"PureJewels UK","url":"https:\/\/www.purejewels.com\/","logo":{"@type":"ImageObject","inLanguage":"de","@id":"https:\/\/www.purejewels.com\/#\/schema\/logo\/image\/","url":"https:\/\/static.purejewels.com\/wp-content\/uploads\/2020\/11\/Logo-PJ-New-1.png","contentUrl":"https:\/\/static.purejewels.com\/wp-content\/uploads\/2020\/11\/Logo-PJ-New-1.png","width":150,"height":80,"caption":"PureJewels UK"},"image":{"@id":"https:\/\/www.purejewels.com\/#\/schema\/logo\/image\/"}}]}},"_links":{"self":[{"href":"https:\/\/www.purejewels.com\/de\/wp-json\/wp\/v2\/product\/298343","targetHints":{"allow":["GET"]}}],"collection":[{"href":"https:\/\/www.purejewels.com\/de\/wp-json\/wp\/v2\/product"}],"about":[{"href":"https:\/\/www.purejewels.com\/de\/wp-json\/wp\/v2\/types\/product"}],"replies":[{"embeddable":true,"href":"https:\/\/www.purejewels.com\/de\/wp-json\/wp\/v2\/comments?post=298343"}],"version-history":[{"count":2,"href":"https:\/\/www.purejewels.com\/de\/wp-json\/wp\/v2\/product\/298343\/revisions"}],"predecessor-version":[{"id":420284,"href":"https:\/\/www.purejewels.com\/de\/wp-json\/wp\/v2\/product\/298343\/revisions\/420284"}],"wp:featuredmedia":[{"embeddable":true,"href":"https:\/\/www.purejewels.com\/de\/wp-json\/wp\/v2\/media\/298344"}],"wp:attachment":[{"href":"https:\/\/www.purejewels.com\/de\/wp-json\/wp\/v2\/media?parent=298343"}],"wp:term":[{"taxonomy":"product_brand","embeddable":true,"href":"https:\/\/www.purejewels.com\/de\/wp-json\/wp\/v2\/product_brand?post=298343"},{"taxonomy":"product_cat","embeddable":true,"href":"https:\/\/www.purejewels.com\/de\/wp-json\/wp\/v2\/product_cat?post=298343"},{"taxonomy":"product_tag","embeddable":true,"href":"https:\/\/www.purejewels.com\/de\/wp-json\/wp\/v2\/product_tag?post=298343"}],"curies":[{"name":"wp","href":"https:\/\/api.w.org\/{rel}","templated":true}]}}