{"id":298347,"date":"2018-01-06T15:30:37","date_gmt":"2018-01-06T15:30:37","guid":{"rendered":"https:\/\/www.purejewels.com\/?post_type=product&#038;p=298347"},"modified":"2026-01-23T06:09:53","modified_gmt":"2026-01-23T06:09:53","slug":"22-kt-gold-jali-kada-armbander24131-24132","status":"publish","type":"product","link":"https:\/\/www.purejewels.com\/de\/product\/22ct-gold-jali-kada-bangles24131-24132\/","title":{"rendered":"22ct Gold Verschn\u00f6rkelte Jali Charm Armreifen (Paar)"},"content":{"rendered":"<p>Gestaltung<\/p>\n<p>Diese Armreifen sind reich an Details mit geschichteten Jali-Mustern, die Tiefe, Textur und visuellen Rhythmus auf der Oberfl\u00e4che erzeugen. Das durchbrochene Design wird durch skulpturale Motive unterstrichen und mit eleganten Goldanh\u00e4ngern abgeschlossen, die sich sanft mit der Tr\u00e4gerin bewegen. Das ausgewogene und ausdrucksstarke Design wirkt feierlich und doch raffiniert.<\/p>\n<p>Handwerkliches K\u00f6nnen<\/p>\n<p>Jeder Armreif wird in Handarbeit aus leuchtendem 22-kar\u00e4tigem Gold gefertigt und zeigt fein ausgef\u00fchrte Jali-Arbeiten, die das Licht durch die Oberfl\u00e4che dringen lassen und so die Dimensionen des Armreifs hervorheben. Die Innenseite ist f\u00fcr ein angenehmes Tragegef\u00fchl glatt poliert, w\u00e4hrend die \u00e4u\u00dfere Verzierung traditionelle Handwerkskunst widerspiegelt. Jedes St\u00fcck ist im Vereinigten K\u00f6nigreich f\u00fcr die Reinheitspr\u00fcfung gepunzt.<\/p>\n<p>Styling &amp; Geschenkartikel<\/p>\n<p>Diese Armreifen, die als Paar getragen werden k\u00f6nnen, sind ein auff\u00e4lliger Blickfang f\u00fcr Hochzeiten, festliche Anl\u00e4sse und Familienfeiern. Ihr verschn\u00f6rkelter Charakter macht sie auch zu einem bedeutungsvollen Geschenk f\u00fcr Meilensteine wie Jahrestage oder besondere Leistungen, da sie sowohl Sch\u00f6nheit als auch kulturelle Bedeutung bieten.<\/p>","protected":false},"excerpt":{"rendered":"<ul>\n<li>22ct Gold Jali Filigrane Armreifen<\/li>\n<li>Armreif 1 SKU.   24131 Gew. 28,0 g<\/li>\n<li>Armreif 2 SKU.  24132 Gew. 28,4 g<\/li>\n<li>Gesamtgewicht . 56.4 g<\/li>\n<li>Gr\u00f6\u00dfe: 2,4 Zoll Innendurchmesser. Bitte fragen Sie nach weiteren Gr\u00f6\u00dfen<\/li>\n<li>Alle unsere Produkte sind vom London Assay Office gestempelt.<\/li>\n<li>Mit Pr\u00e4sentationsbox<\/li>\n<li>Lieferung inbegriffen<\/li>\n<li>Alle Preise inklusive Mehrwertsteuer<\/li>\n<li>Kontaktieren Sie uns \/ chatten Sie mit uns f\u00fcr ein Live-Video des Produkts<\/li>\n<\/ul>","protected":false},"featured_media":314410,"comment_status":"closed","ping_status":"closed","template":"","meta":{"_eb_attr":"","_crsspst_to_jayantr4sg-hostcom":false},"product_brand":[],"product_cat":[1659,252,1574],"product_tag":[],"class_list":{"0":"post-298347","1":"product","2":"type-product","3":"status-publish","4":"has-post-thumbnail","6":"product_cat-bridal-and-party-wear-gold-kada-bangle","7":"product_cat-jali-collections","8":"product_cat-womens-jewellery","10":"first","11":"outofstock","12":"featured","13":"taxable","14":"shipping-taxable","15":"product-type-grouped","16":"add-to-wishlist-before_image"},"yoast_head":"<!-- This site is optimized with the Yoast SEO plugin v27.3 - https:\/\/yoast.com\/product\/yoast-seo-wordpress\/ -->\n<title>22ct Gold Ornate Jali Charm Bangles | PureJewels UK<\/title>\n<meta name=\"description\" content=\"Shop the 22ct Gold Ornate Jali Charm Bangles from PureJewels UK. Featuring intricate jali detailing and decorative gold charms, this handcrafted pair celebrates tradition with graceful movement.\" \/>\n<meta name=\"robots\" content=\"index, follow, max-snippet:-1, max-image-preview:large, max-video-preview:-1\" \/>\n<link rel=\"canonical\" href=\"https:\/\/www.purejewels.com\/de\/produkt-2\/22-kt-gold-jali-kada-armbander24131-24132\/\" \/>\n<meta property=\"og:locale\" content=\"de_DE\" \/>\n<meta property=\"og:type\" content=\"article\" \/>\n<meta property=\"og:title\" content=\"22ct Gold Ornate Jali Charm Bangles | PureJewels UK\" \/>\n<meta property=\"og:description\" content=\"Shop the 22ct Gold Ornate Jali Charm Bangles from PureJewels UK. Featuring intricate jali detailing and decorative gold charms, this handcrafted pair celebrates tradition with graceful movement.\" \/>\n<meta property=\"og:url\" content=\"https:\/\/www.purejewels.com\/de\/produkt-2\/22-kt-gold-jali-kada-armbander24131-24132\/\" \/>\n<meta property=\"og:site_name\" content=\"PureJewels UK\" \/>\n<meta property=\"article:modified_time\" content=\"2026-01-23T06:09:53+00:00\" \/>\n<meta property=\"og:image\" content=\"https:\/\/static.purejewels.com\/wp-content\/uploads\/2020\/06\/136817150.png\" \/>\n\t<meta property=\"og:image:width\" content=\"1000\" \/>\n\t<meta property=\"og:image:height\" content=\"1000\" \/>\n\t<meta property=\"og:image:type\" content=\"image\/png\" \/>\n<meta name=\"twitter:card\" content=\"summary_large_image\" \/>\n<meta name=\"twitter:label1\" content=\"Gesch\u00e4tzte Lesezeit\" \/>\n\t<meta name=\"twitter:data1\" content=\"1\u00a0Minute\" \/>\n<script type=\"application\/ld+json\" class=\"yoast-schema-graph\">{\"@context\":\"https:\\\/\\\/schema.org\",\"@graph\":[{\"@type\":[\"WebPage\",\"ItemPage\"],\"@id\":\"https:\\\/\\\/www.purejewels.com\\\/product\\\/22ct-gold-jali-kada-bangles24131-24132\\\/\",\"url\":\"https:\\\/\\\/www.purejewels.com\\\/product\\\/22ct-gold-jali-kada-bangles24131-24132\\\/\",\"name\":\"22ct Gold Ornate Jali Charm Bangles | PureJewels UK\",\"isPartOf\":{\"@id\":\"https:\\\/\\\/www.purejewels.com\\\/#website\"},\"primaryImageOfPage\":{\"@id\":\"https:\\\/\\\/www.purejewels.com\\\/product\\\/22ct-gold-jali-kada-bangles24131-24132\\\/#primaryimage\"},\"image\":{\"@id\":\"https:\\\/\\\/www.purejewels.com\\\/product\\\/22ct-gold-jali-kada-bangles24131-24132\\\/#primaryimage\"},\"thumbnailUrl\":\"https:\\\/\\\/static.purejewels.com\\\/wp-content\\\/uploads\\\/2020\\\/06\\\/136817150.png\",\"datePublished\":\"2018-01-06T15:30:37+00:00\",\"dateModified\":\"2026-01-23T06:09:53+00:00\",\"description\":\"Shop the 22ct Gold Ornate Jali Charm Bangles from PureJewels UK. Featuring intricate jali detailing and decorative gold charms, this handcrafted pair celebrates tradition with graceful movement.\",\"breadcrumb\":{\"@id\":\"https:\\\/\\\/www.purejewels.com\\\/product\\\/22ct-gold-jali-kada-bangles24131-24132\\\/#breadcrumb\"},\"inLanguage\":\"de\",\"potentialAction\":[{\"@type\":\"ReadAction\",\"target\":[\"https:\\\/\\\/www.purejewels.com\\\/product\\\/22ct-gold-jali-kada-bangles24131-24132\\\/\"]}]},{\"@type\":\"ImageObject\",\"inLanguage\":\"de\",\"@id\":\"https:\\\/\\\/www.purejewels.com\\\/product\\\/22ct-gold-jali-kada-bangles24131-24132\\\/#primaryimage\",\"url\":\"https:\\\/\\\/static.purejewels.com\\\/wp-content\\\/uploads\\\/2020\\\/06\\\/136817150.png\",\"contentUrl\":\"https:\\\/\\\/static.purejewels.com\\\/wp-content\\\/uploads\\\/2020\\\/06\\\/136817150.png\",\"width\":1000,\"height\":1000,\"caption\":\"Jali 22ct Heavy Flat Filligree Kada JLKD269\"},{\"@type\":\"BreadcrumbList\",\"@id\":\"https:\\\/\\\/www.purejewels.com\\\/product\\\/22ct-gold-jali-kada-bangles24131-24132\\\/#breadcrumb\",\"itemListElement\":[{\"@type\":\"ListItem\",\"position\":1,\"name\":\"Home\",\"item\":\"https:\\\/\\\/www.purejewels.com\\\/\"},{\"@type\":\"ListItem\",\"position\":2,\"name\":\"Shop\",\"item\":\"https:\\\/\\\/www.purejewels.com\\\/shop\\\/\"},{\"@type\":\"ListItem\",\"position\":3,\"name\":\"22ct Gold Ornate Jali Charm Bangles (Pair)\"}]},{\"@type\":\"WebSite\",\"@id\":\"https:\\\/\\\/www.purejewels.com\\\/#website\",\"url\":\"https:\\\/\\\/www.purejewels.com\\\/\",\"name\":\"PureJewels UK\",\"description\":\"Share the Love\",\"publisher\":{\"@id\":\"https:\\\/\\\/www.purejewels.com\\\/#organization\"},\"potentialAction\":[{\"@type\":\"SearchAction\",\"target\":{\"@type\":\"EntryPoint\",\"urlTemplate\":\"https:\\\/\\\/www.purejewels.com\\\/?s={search_term_string}\"},\"query-input\":{\"@type\":\"PropertyValueSpecification\",\"valueRequired\":true,\"valueName\":\"search_term_string\"}}],\"inLanguage\":\"de\"},{\"@type\":\"Organization\",\"@id\":\"https:\\\/\\\/www.purejewels.com\\\/#organization\",\"name\":\"PureJewels UK\",\"url\":\"https:\\\/\\\/www.purejewels.com\\\/\",\"logo\":{\"@type\":\"ImageObject\",\"inLanguage\":\"de\",\"@id\":\"https:\\\/\\\/www.purejewels.com\\\/#\\\/schema\\\/logo\\\/image\\\/\",\"url\":\"https:\\\/\\\/static.purejewels.com\\\/wp-content\\\/uploads\\\/2020\\\/11\\\/Logo-PJ-New-1.png\",\"contentUrl\":\"https:\\\/\\\/static.purejewels.com\\\/wp-content\\\/uploads\\\/2020\\\/11\\\/Logo-PJ-New-1.png\",\"width\":150,\"height\":80,\"caption\":\"PureJewels UK\"},\"image\":{\"@id\":\"https:\\\/\\\/www.purejewels.com\\\/#\\\/schema\\\/logo\\\/image\\\/\"}}]}<\/script>\n<!-- \/ Yoast SEO plugin. -->","yoast_head_json":{"title":"22ct Gold verziert Jali Charme Armreifen | PureJewels UK","description":"Kaufen Sie die 22ct Gold Ornate Jali Charm Bangles von PureJewels UK. Mit komplizierten Jali-Details und dekorativen Goldanh\u00e4ngern zelebriert dieses handgefertigte Paar Tradition mit anmutiger Bewegung.","robots":{"index":"index","follow":"follow","max-snippet":"max-snippet:-1","max-image-preview":"max-image-preview:large","max-video-preview":"max-video-preview:-1"},"canonical":"https:\/\/www.purejewels.com\/de\/produkt-2\/22-kt-gold-jali-kada-armbander24131-24132\/","og_locale":"de_DE","og_type":"article","og_title":"22ct Gold Ornate Jali Charm Bangles | PureJewels UK","og_description":"Shop the 22ct Gold Ornate Jali Charm Bangles from PureJewels UK. Featuring intricate jali detailing and decorative gold charms, this handcrafted pair celebrates tradition with graceful movement.","og_url":"https:\/\/www.purejewels.com\/de\/produkt-2\/22-kt-gold-jali-kada-armbander24131-24132\/","og_site_name":"PureJewels UK","article_modified_time":"2026-01-23T06:09:53+00:00","og_image":[{"width":1000,"height":1000,"url":"https:\/\/static.purejewels.com\/wp-content\/uploads\/2020\/06\/136817150.png","type":"image\/png"}],"twitter_card":"summary_large_image","twitter_misc":{"Gesch\u00e4tzte Lesezeit":"1\u00a0Minute"},"schema":{"@context":"https:\/\/schema.org","@graph":[{"@type":["WebPage","ItemPage"],"@id":"https:\/\/www.purejewels.com\/product\/22ct-gold-jali-kada-bangles24131-24132\/","url":"https:\/\/www.purejewels.com\/product\/22ct-gold-jali-kada-bangles24131-24132\/","name":"22ct Gold verziert Jali Charme Armreifen | PureJewels UK","isPartOf":{"@id":"https:\/\/www.purejewels.com\/#website"},"primaryImageOfPage":{"@id":"https:\/\/www.purejewels.com\/product\/22ct-gold-jali-kada-bangles24131-24132\/#primaryimage"},"image":{"@id":"https:\/\/www.purejewels.com\/product\/22ct-gold-jali-kada-bangles24131-24132\/#primaryimage"},"thumbnailUrl":"https:\/\/static.purejewels.com\/wp-content\/uploads\/2020\/06\/136817150.png","datePublished":"2018-01-06T15:30:37+00:00","dateModified":"2026-01-23T06:09:53+00:00","description":"Kaufen Sie die 22ct Gold Ornate Jali Charm Bangles von PureJewels UK. Mit komplizierten Jali-Details und dekorativen Goldanh\u00e4ngern zelebriert dieses handgefertigte Paar Tradition mit anmutiger Bewegung.","breadcrumb":{"@id":"https:\/\/www.purejewels.com\/product\/22ct-gold-jali-kada-bangles24131-24132\/#breadcrumb"},"inLanguage":"de","potentialAction":[{"@type":"ReadAction","target":["https:\/\/www.purejewels.com\/product\/22ct-gold-jali-kada-bangles24131-24132\/"]}]},{"@type":"ImageObject","inLanguage":"de","@id":"https:\/\/www.purejewels.com\/product\/22ct-gold-jali-kada-bangles24131-24132\/#primaryimage","url":"https:\/\/static.purejewels.com\/wp-content\/uploads\/2020\/06\/136817150.png","contentUrl":"https:\/\/static.purejewels.com\/wp-content\/uploads\/2020\/06\/136817150.png","width":1000,"height":1000,"caption":"Jali 22ct Heavy Flat Filligree Kada JLKD269"},{"@type":"BreadcrumbList","@id":"https:\/\/www.purejewels.com\/product\/22ct-gold-jali-kada-bangles24131-24132\/#breadcrumb","itemListElement":[{"@type":"ListItem","position":1,"name":"Home","item":"https:\/\/www.purejewels.com\/"},{"@type":"ListItem","position":2,"name":"Shop","item":"https:\/\/www.purejewels.com\/shop\/"},{"@type":"ListItem","position":3,"name":"22ct Gold Ornate Jali Charm Bangles (Pair)"}]},{"@type":"WebSite","@id":"https:\/\/www.purejewels.com\/#website","url":"https:\/\/www.purejewels.com\/","name":"PureJewels UK","description":"Teile die Liebe","publisher":{"@id":"https:\/\/www.purejewels.com\/#organization"},"potentialAction":[{"@type":"SearchAction","target":{"@type":"EntryPoint","urlTemplate":"https:\/\/www.purejewels.com\/?s={search_term_string}"},"query-input":{"@type":"PropertyValueSpecification","valueRequired":true,"valueName":"search_term_string"}}],"inLanguage":"de"},{"@type":"Organization","@id":"https:\/\/www.purejewels.com\/#organization","name":"PureJewels UK","url":"https:\/\/www.purejewels.com\/","logo":{"@type":"ImageObject","inLanguage":"de","@id":"https:\/\/www.purejewels.com\/#\/schema\/logo\/image\/","url":"https:\/\/static.purejewels.com\/wp-content\/uploads\/2020\/11\/Logo-PJ-New-1.png","contentUrl":"https:\/\/static.purejewels.com\/wp-content\/uploads\/2020\/11\/Logo-PJ-New-1.png","width":150,"height":80,"caption":"PureJewels UK"},"image":{"@id":"https:\/\/www.purejewels.com\/#\/schema\/logo\/image\/"}}]}},"_links":{"self":[{"href":"https:\/\/www.purejewels.com\/de\/wp-json\/wp\/v2\/product\/298347","targetHints":{"allow":["GET"]}}],"collection":[{"href":"https:\/\/www.purejewels.com\/de\/wp-json\/wp\/v2\/product"}],"about":[{"href":"https:\/\/www.purejewels.com\/de\/wp-json\/wp\/v2\/types\/product"}],"replies":[{"embeddable":true,"href":"https:\/\/www.purejewels.com\/de\/wp-json\/wp\/v2\/comments?post=298347"}],"version-history":[{"count":3,"href":"https:\/\/www.purejewels.com\/de\/wp-json\/wp\/v2\/product\/298347\/revisions"}],"predecessor-version":[{"id":425143,"href":"https:\/\/www.purejewels.com\/de\/wp-json\/wp\/v2\/product\/298347\/revisions\/425143"}],"wp:featuredmedia":[{"embeddable":true,"href":"https:\/\/www.purejewels.com\/de\/wp-json\/wp\/v2\/media\/314410"}],"wp:attachment":[{"href":"https:\/\/www.purejewels.com\/de\/wp-json\/wp\/v2\/media?parent=298347"}],"wp:term":[{"taxonomy":"product_brand","embeddable":true,"href":"https:\/\/www.purejewels.com\/de\/wp-json\/wp\/v2\/product_brand?post=298347"},{"taxonomy":"product_cat","embeddable":true,"href":"https:\/\/www.purejewels.com\/de\/wp-json\/wp\/v2\/product_cat?post=298347"},{"taxonomy":"product_tag","embeddable":true,"href":"https:\/\/www.purejewels.com\/de\/wp-json\/wp\/v2\/product_tag?post=298347"}],"curies":[{"name":"wp","href":"https:\/\/api.w.org\/{rel}","templated":true}]}}