{"id":298349,"date":"2018-01-06T15:47:55","date_gmt":"2018-01-06T15:47:55","guid":{"rendered":"https:\/\/www.purejewels.com\/?post_type=product&#038;p=298349"},"modified":"2026-01-23T05:46:21","modified_gmt":"2026-01-23T05:46:21","slug":"22-kt-gold-jali-armbander","status":"publish","type":"product","link":"https:\/\/www.purejewels.com\/de\/product\/22ct-gold-jali-bangles\/","title":{"rendered":"22ct Gold Klassischer Jali Edge Armreif"},"content":{"rendered":"<p>Gestaltung<\/p>\n<p>Dieser Armreif zeichnet sich durch seine klare, runde Form und die fein gegliederte Jali-Bord\u00fcre aus, die zart entlang der Au\u00dfenfl\u00e4che verl\u00e4uft. Das strukturierte Muster sorgt f\u00fcr Textur und Rhythmus und bewahrt gleichzeitig ein ruhiges, zur\u00fcckhaltendes Profil. Der Armreif ist ausgewogen und raffiniert gestaltet und bietet einen ruhigen Ausdruck traditionellen Designs in einer modernen Silhouette.<\/p>\n<p>Handwerkliches K\u00f6nnen<\/p>\n<p>Der handgefertigte Armreif aus reichem 22-kar\u00e4tigem Gold zeigt pr\u00e4zise Jali-Arbeiten, die f\u00fcr Klarheit und Kontrast von polierten Goldr\u00e4ndern eingerahmt werden. Die Innenseite ist glatt verarbeitet, um den Komfort beim t\u00e4glichen Tragen zu gew\u00e4hrleisten. Jedes St\u00fcck ist in Gro\u00dfbritannien mit einem Feingehaltsstempel versehen, der das Engagement von PureJewels f\u00fcr Qualit\u00e4t und Authentizit\u00e4t widerspiegelt.<\/p>\n<p>Styling &amp; Geschenkartikel<\/p>\n<p>Ob allein oder in Kombination mit anderen Armreifen, dieses Schmuckst\u00fcck l\u00e4sst sich m\u00fchelos im Alltag oder bei festlichen Anl\u00e4ssen tragen. Sein zeitloser Charakter macht ihn zu einem durchdachten Geschenk f\u00fcr Geburtstage, Jubil\u00e4en oder pers\u00f6nliche Meilensteine, denn er bietet ein bedeutungsvolles Design, das dennoch leicht zu tragen ist.<\/p>","protected":false},"excerpt":{"rendered":"<ul>\n<li>Paar (zwei Armreifen) 22ct Gold Braut oder Party tragen Armreifen -<\/li>\n<li>(Wenn Sie einen Armreif m\u00f6chten, fragen Sie bitte im Chat nach - der hier angegebene Preis gilt f\u00fcr zwei Armreifen)<\/li>\n<li>Kada 1 Gewicht . 20,0 g<\/li>\n<li>Kada 2 Gewicht . 20.7 g<\/li>\n<li>Gesamtgewicht . 40.7 gms<\/li>\n<li>Gr\u00f6\u00dfe: 2,6 Zoll Innendurchmesser. F\u00fcr weitere Gr\u00f6\u00dfen bitte anfragen<\/li>\n<li>Sku 26087, 26090<\/li>\n<li>Alle unsere Produkte sind vom London Assay Office gestempelt.<\/li>\n<li>Mit Pr\u00e4sentationsbox<\/li>\n<li>Lieferung inbegriffen<\/li>\n<li>Alle Preise inklusive Mehrwertsteuer<\/li>\n<li>Kontaktieren Sie uns \/ chatten Sie mit uns f\u00fcr ein Live-Video des Produkts<\/li>\n<\/ul>","protected":false},"featured_media":317479,"comment_status":"closed","ping_status":"closed","template":"","meta":{"_eb_attr":"","_crsspst_to_jayantr4sg-hostcom":true},"product_brand":[],"product_cat":[1658,1559,1659,252,1574],"product_tag":[1514,1502,63,1521],"class_list":{"0":"post-298349","1":"product","2":"type-product","3":"status-publish","4":"has-post-thumbnail","6":"product_cat-bangle-sets","7":"product_cat-birthday-gifts","8":"product_cat-bridal-and-party-wear-gold-kada-bangle","9":"product_cat-jali-collections","10":"product_cat-womens-jewellery","11":"product_tag-bangles","12":"product_tag-filigree","13":"product_tag-gold","14":"product_tag-kada","16":"first","17":"outofstock","18":"featured","19":"taxable","20":"shipping-taxable","21":"product-type-grouped","22":"add-to-wishlist-before_image"},"yoast_head":"<!-- This site is optimized with the Yoast SEO plugin v27.3 - https:\/\/yoast.com\/product\/yoast-seo-wordpress\/ -->\n<title>22ct Gold Classic Jali Edge Bangle | Online at PureJewels UK<\/title>\n<meta name=\"description\" content=\"Shop the 22ct Gold Classic Jali Edge Bangle from PureJewels UK. Featuring refined jali detailing and polished gold borders, this handcrafted bangle balances tradition with everyday elegance.\" \/>\n<meta name=\"robots\" content=\"index, follow, max-snippet:-1, max-image-preview:large, max-video-preview:-1\" \/>\n<link rel=\"canonical\" href=\"https:\/\/www.purejewels.com\/de\/produkt-2\/22-kt-gold-jali-armbander\/\" \/>\n<meta property=\"og:locale\" content=\"de_DE\" \/>\n<meta property=\"og:type\" content=\"article\" \/>\n<meta property=\"og:title\" content=\"22ct Gold Classic Jali Edge Bangle | Online at PureJewels UK\" \/>\n<meta property=\"og:description\" content=\"Shop the 22ct Gold Classic Jali Edge Bangle from PureJewels UK. Featuring refined jali detailing and polished gold borders, this handcrafted bangle balances tradition with everyday elegance.\" \/>\n<meta property=\"og:url\" content=\"https:\/\/www.purejewels.com\/de\/produkt-2\/22-kt-gold-jali-armbander\/\" \/>\n<meta property=\"og:site_name\" content=\"PureJewels UK\" \/>\n<meta property=\"article:modified_time\" content=\"2026-01-23T05:46:21+00:00\" \/>\n<meta property=\"og:image\" content=\"https:\/\/static.purejewels.com\/wp-content\/uploads\/2020\/09\/image186536677.jpg\" \/>\n\t<meta property=\"og:image:width\" content=\"1000\" \/>\n\t<meta property=\"og:image:height\" content=\"1000\" \/>\n\t<meta property=\"og:image:type\" content=\"image\/jpeg\" \/>\n<meta name=\"twitter:card\" content=\"summary_large_image\" \/>\n<meta name=\"twitter:label1\" content=\"Gesch\u00e4tzte Lesezeit\" \/>\n\t<meta name=\"twitter:data1\" content=\"1\u00a0Minute\" \/>\n<script type=\"application\/ld+json\" class=\"yoast-schema-graph\">{\"@context\":\"https:\\\/\\\/schema.org\",\"@graph\":[{\"@type\":[\"WebPage\",\"ItemPage\"],\"@id\":\"https:\\\/\\\/www.purejewels.com\\\/product\\\/22ct-gold-jali-bangles\\\/\",\"url\":\"https:\\\/\\\/www.purejewels.com\\\/product\\\/22ct-gold-jali-bangles\\\/\",\"name\":\"22ct Gold Classic Jali Edge Bangle | Online at PureJewels UK\",\"isPartOf\":{\"@id\":\"https:\\\/\\\/www.purejewels.com\\\/#website\"},\"primaryImageOfPage\":{\"@id\":\"https:\\\/\\\/www.purejewels.com\\\/product\\\/22ct-gold-jali-bangles\\\/#primaryimage\"},\"image\":{\"@id\":\"https:\\\/\\\/www.purejewels.com\\\/product\\\/22ct-gold-jali-bangles\\\/#primaryimage\"},\"thumbnailUrl\":\"https:\\\/\\\/static.purejewels.com\\\/wp-content\\\/uploads\\\/2020\\\/09\\\/image186536677.jpg\",\"datePublished\":\"2018-01-06T15:47:55+00:00\",\"dateModified\":\"2026-01-23T05:46:21+00:00\",\"description\":\"Shop the 22ct Gold Classic Jali Edge Bangle from PureJewels UK. Featuring refined jali detailing and polished gold borders, this handcrafted bangle balances tradition with everyday elegance.\",\"breadcrumb\":{\"@id\":\"https:\\\/\\\/www.purejewels.com\\\/product\\\/22ct-gold-jali-bangles\\\/#breadcrumb\"},\"inLanguage\":\"de\",\"potentialAction\":[{\"@type\":\"ReadAction\",\"target\":[\"https:\\\/\\\/www.purejewels.com\\\/product\\\/22ct-gold-jali-bangles\\\/\"]}]},{\"@type\":\"ImageObject\",\"inLanguage\":\"de\",\"@id\":\"https:\\\/\\\/www.purejewels.com\\\/product\\\/22ct-gold-jali-bangles\\\/#primaryimage\",\"url\":\"https:\\\/\\\/static.purejewels.com\\\/wp-content\\\/uploads\\\/2020\\\/09\\\/image186536677.jpg\",\"contentUrl\":\"https:\\\/\\\/static.purejewels.com\\\/wp-content\\\/uploads\\\/2020\\\/09\\\/image186536677.jpg\",\"width\":1000,\"height\":1000},{\"@type\":\"BreadcrumbList\",\"@id\":\"https:\\\/\\\/www.purejewels.com\\\/product\\\/22ct-gold-jali-bangles\\\/#breadcrumb\",\"itemListElement\":[{\"@type\":\"ListItem\",\"position\":1,\"name\":\"Home\",\"item\":\"https:\\\/\\\/www.purejewels.com\\\/\"},{\"@type\":\"ListItem\",\"position\":2,\"name\":\"Shop\",\"item\":\"https:\\\/\\\/www.purejewels.com\\\/shop\\\/\"},{\"@type\":\"ListItem\",\"position\":3,\"name\":\"22ct Gold Classic Jali Edge Bangle\"}]},{\"@type\":\"WebSite\",\"@id\":\"https:\\\/\\\/www.purejewels.com\\\/#website\",\"url\":\"https:\\\/\\\/www.purejewels.com\\\/\",\"name\":\"PureJewels UK\",\"description\":\"Share the Love\",\"publisher\":{\"@id\":\"https:\\\/\\\/www.purejewels.com\\\/#organization\"},\"potentialAction\":[{\"@type\":\"SearchAction\",\"target\":{\"@type\":\"EntryPoint\",\"urlTemplate\":\"https:\\\/\\\/www.purejewels.com\\\/?s={search_term_string}\"},\"query-input\":{\"@type\":\"PropertyValueSpecification\",\"valueRequired\":true,\"valueName\":\"search_term_string\"}}],\"inLanguage\":\"de\"},{\"@type\":\"Organization\",\"@id\":\"https:\\\/\\\/www.purejewels.com\\\/#organization\",\"name\":\"PureJewels UK\",\"url\":\"https:\\\/\\\/www.purejewels.com\\\/\",\"logo\":{\"@type\":\"ImageObject\",\"inLanguage\":\"de\",\"@id\":\"https:\\\/\\\/www.purejewels.com\\\/#\\\/schema\\\/logo\\\/image\\\/\",\"url\":\"https:\\\/\\\/static.purejewels.com\\\/wp-content\\\/uploads\\\/2020\\\/11\\\/Logo-PJ-New-1.png\",\"contentUrl\":\"https:\\\/\\\/static.purejewels.com\\\/wp-content\\\/uploads\\\/2020\\\/11\\\/Logo-PJ-New-1.png\",\"width\":150,\"height\":80,\"caption\":\"PureJewels UK\"},\"image\":{\"@id\":\"https:\\\/\\\/www.purejewels.com\\\/#\\\/schema\\\/logo\\\/image\\\/\"}}]}<\/script>\n<!-- \/ Yoast SEO plugin. -->","yoast_head_json":{"title":"22ct Gold Klassische Jali Rand Armreif | Online bei PureJewels UK","description":"Kaufen Sie den 22ct Gold Classic Jali Edge Armreif von PureJewels UK. Mit raffinierten Jali-Details und polierten Goldr\u00e4ndern balanciert dieser handgefertigte Armreif Tradition mit allt\u00e4glicher Eleganz.","robots":{"index":"index","follow":"follow","max-snippet":"max-snippet:-1","max-image-preview":"max-image-preview:large","max-video-preview":"max-video-preview:-1"},"canonical":"https:\/\/www.purejewels.com\/de\/produkt-2\/22-kt-gold-jali-armbander\/","og_locale":"de_DE","og_type":"article","og_title":"22ct Gold Classic Jali Edge Bangle | Online at PureJewels UK","og_description":"Shop the 22ct Gold Classic Jali Edge Bangle from PureJewels UK. Featuring refined jali detailing and polished gold borders, this handcrafted bangle balances tradition with everyday elegance.","og_url":"https:\/\/www.purejewels.com\/de\/produkt-2\/22-kt-gold-jali-armbander\/","og_site_name":"PureJewels UK","article_modified_time":"2026-01-23T05:46:21+00:00","og_image":[{"width":1000,"height":1000,"url":"https:\/\/static.purejewels.com\/wp-content\/uploads\/2020\/09\/image186536677.jpg","type":"image\/jpeg"}],"twitter_card":"summary_large_image","twitter_misc":{"Gesch\u00e4tzte Lesezeit":"1\u00a0Minute"},"schema":{"@context":"https:\/\/schema.org","@graph":[{"@type":["WebPage","ItemPage"],"@id":"https:\/\/www.purejewels.com\/product\/22ct-gold-jali-bangles\/","url":"https:\/\/www.purejewels.com\/product\/22ct-gold-jali-bangles\/","name":"22ct Gold Klassische Jali Rand Armreif | Online bei PureJewels UK","isPartOf":{"@id":"https:\/\/www.purejewels.com\/#website"},"primaryImageOfPage":{"@id":"https:\/\/www.purejewels.com\/product\/22ct-gold-jali-bangles\/#primaryimage"},"image":{"@id":"https:\/\/www.purejewels.com\/product\/22ct-gold-jali-bangles\/#primaryimage"},"thumbnailUrl":"https:\/\/static.purejewels.com\/wp-content\/uploads\/2020\/09\/image186536677.jpg","datePublished":"2018-01-06T15:47:55+00:00","dateModified":"2026-01-23T05:46:21+00:00","description":"Kaufen Sie den 22ct Gold Classic Jali Edge Armreif von PureJewels UK. Mit raffinierten Jali-Details und polierten Goldr\u00e4ndern balanciert dieser handgefertigte Armreif Tradition mit allt\u00e4glicher Eleganz.","breadcrumb":{"@id":"https:\/\/www.purejewels.com\/product\/22ct-gold-jali-bangles\/#breadcrumb"},"inLanguage":"de","potentialAction":[{"@type":"ReadAction","target":["https:\/\/www.purejewels.com\/product\/22ct-gold-jali-bangles\/"]}]},{"@type":"ImageObject","inLanguage":"de","@id":"https:\/\/www.purejewels.com\/product\/22ct-gold-jali-bangles\/#primaryimage","url":"https:\/\/static.purejewels.com\/wp-content\/uploads\/2020\/09\/image186536677.jpg","contentUrl":"https:\/\/static.purejewels.com\/wp-content\/uploads\/2020\/09\/image186536677.jpg","width":1000,"height":1000},{"@type":"BreadcrumbList","@id":"https:\/\/www.purejewels.com\/product\/22ct-gold-jali-bangles\/#breadcrumb","itemListElement":[{"@type":"ListItem","position":1,"name":"Home","item":"https:\/\/www.purejewels.com\/"},{"@type":"ListItem","position":2,"name":"Shop","item":"https:\/\/www.purejewels.com\/shop\/"},{"@type":"ListItem","position":3,"name":"22ct Gold Classic Jali Edge Bangle"}]},{"@type":"WebSite","@id":"https:\/\/www.purejewels.com\/#website","url":"https:\/\/www.purejewels.com\/","name":"PureJewels UK","description":"Teile die Liebe","publisher":{"@id":"https:\/\/www.purejewels.com\/#organization"},"potentialAction":[{"@type":"SearchAction","target":{"@type":"EntryPoint","urlTemplate":"https:\/\/www.purejewels.com\/?s={search_term_string}"},"query-input":{"@type":"PropertyValueSpecification","valueRequired":true,"valueName":"search_term_string"}}],"inLanguage":"de"},{"@type":"Organization","@id":"https:\/\/www.purejewels.com\/#organization","name":"PureJewels UK","url":"https:\/\/www.purejewels.com\/","logo":{"@type":"ImageObject","inLanguage":"de","@id":"https:\/\/www.purejewels.com\/#\/schema\/logo\/image\/","url":"https:\/\/static.purejewels.com\/wp-content\/uploads\/2020\/11\/Logo-PJ-New-1.png","contentUrl":"https:\/\/static.purejewels.com\/wp-content\/uploads\/2020\/11\/Logo-PJ-New-1.png","width":150,"height":80,"caption":"PureJewels UK"},"image":{"@id":"https:\/\/www.purejewels.com\/#\/schema\/logo\/image\/"}}]}},"_links":{"self":[{"href":"https:\/\/www.purejewels.com\/de\/wp-json\/wp\/v2\/product\/298349","targetHints":{"allow":["GET"]}}],"collection":[{"href":"https:\/\/www.purejewels.com\/de\/wp-json\/wp\/v2\/product"}],"about":[{"href":"https:\/\/www.purejewels.com\/de\/wp-json\/wp\/v2\/types\/product"}],"replies":[{"embeddable":true,"href":"https:\/\/www.purejewels.com\/de\/wp-json\/wp\/v2\/comments?post=298349"}],"version-history":[{"count":2,"href":"https:\/\/www.purejewels.com\/de\/wp-json\/wp\/v2\/product\/298349\/revisions"}],"predecessor-version":[{"id":425139,"href":"https:\/\/www.purejewels.com\/de\/wp-json\/wp\/v2\/product\/298349\/revisions\/425139"}],"wp:featuredmedia":[{"embeddable":true,"href":"https:\/\/www.purejewels.com\/de\/wp-json\/wp\/v2\/media\/317479"}],"wp:attachment":[{"href":"https:\/\/www.purejewels.com\/de\/wp-json\/wp\/v2\/media?parent=298349"}],"wp:term":[{"taxonomy":"product_brand","embeddable":true,"href":"https:\/\/www.purejewels.com\/de\/wp-json\/wp\/v2\/product_brand?post=298349"},{"taxonomy":"product_cat","embeddable":true,"href":"https:\/\/www.purejewels.com\/de\/wp-json\/wp\/v2\/product_cat?post=298349"},{"taxonomy":"product_tag","embeddable":true,"href":"https:\/\/www.purejewels.com\/de\/wp-json\/wp\/v2\/product_tag?post=298349"}],"curies":[{"name":"wp","href":"https:\/\/api.w.org\/{rel}","templated":true}]}}