{"id":298355,"date":"2018-01-07T13:05:31","date_gmt":"2018-01-07T13:05:31","guid":{"rendered":"https:\/\/www.purejewels.com\/?post_type=product&#038;p=298355"},"modified":"2026-01-22T13:04:36","modified_gmt":"2026-01-22T13:04:36","slug":"22-kt-gold-jali-armbander-3","status":"publish","type":"product","link":"https:\/\/www.purejewels.com\/de\/product\/22ct-gold-jali-bangles-3\/","title":{"rendered":"22ct Gold Ornate Beaded Jali Armreifen"},"content":{"rendered":"<p>Gestaltung<\/p>\n<p>Diese Armreifen werden durch eine kontinuierliche Abfolge skulpturaler Perlenformen definiert, die jeweils von einer zarten Gravur und feinen Strukturdetails eingerahmt werden. Die rhythmische Wiederholung schafft Bewegung und visuellen Reichtum, w\u00e4hrend die ausgewogenen Proportionen daf\u00fcr sorgen, dass die Armreifen anmutig am Handgelenk sitzen. Das verschn\u00f6rkelte, aber dennoch ruhige Design entspringt der traditionellen indischen Schmucksprache mit einem raffinierten, modernen Finish.<\/p>\n<p>Handwerkliches K\u00f6nnen<\/p>\n<p>Jeder Armreif wird in Handarbeit aus 22-kar\u00e4tigem Gold gefertigt und zeichnet sich durch eine sorgf\u00e4ltige Oberfl\u00e4chenbearbeitung aus, die durch traditionelle Techniken und sorgf\u00e4ltige Handarbeit erreicht wird. Die eingravierten Motive und erhabenen Perlenelemente werden mit Pr\u00e4zision ausgef\u00fchrt, um Tiefe zu erzeugen, ohne \u00fcberm\u00e4\u00dfig schwer zu sein. Die auf einen warmen Glanz polierten Armreifen sind f\u00fcr Komfort, Langlebigkeit und Vertrauen im Alltag konzipiert. Jedes St\u00fcck ist im Vereinigten K\u00f6nigreich f\u00fcr die Reinheitszertifizierung gepunzt.<\/p>\n<p>Styling &amp; Geschenkartikel<\/p>\n<p>Tragen Sie dieses Paar zusammen f\u00fcr ein komplettes Statement oder kombinieren Sie es mit schlichten goldenen Armreifen f\u00fcr einen mehrschichtigen Look. Sie sind ideal f\u00fcr Hochzeiten, Feste und bedeutende Feiern, lassen sich aber auch wunderbar im Alltag tragen. Diese Armreifen sind ein zeitloses Geschenk f\u00fcr Jubil\u00e4en, Meilensteine oder Hochzeitsfeiern und w\u00fcrdigen Handwerkskunst, Erbe und pers\u00f6nliche Reisen.<\/p>","protected":false},"excerpt":{"rendered":"<ul>\n<li>Ein Paar 22ct Gold Jali Filigree Kada<\/li>\n<li>SKU. 26386<\/li>\n<li>Das Gewicht pro Kada betr\u00e4gt 23,3 g.<\/li>\n<li>Gr\u00f6\u00dfe: 2,5 Zoll Innendurchmesser. Bitte fragen Sie nach weiteren Gr\u00f6\u00dfen<\/li>\n<li>Alle unsere Produkte sind vom London Assay Office gestempelt.<\/li>\n<li>Mit Pr\u00e4sentationsbox<\/li>\n<li>Lieferung inbegriffen<\/li>\n<li>Alle Preise inklusive Mehrwertsteuer<\/li>\n<li>Kontaktieren Sie uns \/ chatten Sie mit uns f\u00fcr ein Live-Video des Produkts<\/li>\n<li><\/li>\n<\/ul>","protected":false},"featured_media":298356,"comment_status":"closed","ping_status":"closed","template":"","meta":{"_eb_attr":"","_crsspst_to_jayantr4sg-hostcom":true},"product_brand":[],"product_cat":[1659,252],"product_tag":[1514,1502,63,1521],"class_list":{"0":"post-298355","1":"product","2":"type-product","3":"status-publish","4":"has-post-thumbnail","6":"product_cat-bridal-and-party-wear-gold-kada-bangle","7":"product_cat-jali-collections","8":"product_tag-bangles","9":"product_tag-filigree","10":"product_tag-gold","11":"product_tag-kada","13":"first","14":"outofstock","15":"featured","16":"taxable","17":"shipping-taxable","18":"product-type-simple","19":"add-to-wishlist-before_image"},"yoast_head":"<!-- This site is optimized with the Yoast SEO plugin v27.3 - https:\/\/yoast.com\/product\/yoast-seo-wordpress\/ -->\n<title>22ct Gold Ornate Beaded Bangles \u2013 Pair | PureJewels UK<\/title>\n<meta name=\"description\" content=\"Shop the 22ct Gold Ornate Beaded Bangles from PureJewels UK. Featuring intricate bead detailing and handcrafted texture, this elegant pair celebrates heritage craftsmanship in radiant gold.\" \/>\n<meta name=\"robots\" content=\"index, follow, max-snippet:-1, max-image-preview:large, max-video-preview:-1\" \/>\n<link rel=\"canonical\" href=\"https:\/\/www.purejewels.com\/de\/produkt-2\/22-kt-gold-jali-armbander-3\/\" \/>\n<meta property=\"og:locale\" content=\"de_DE\" \/>\n<meta property=\"og:type\" content=\"article\" \/>\n<meta property=\"og:title\" content=\"22ct Gold Ornate Beaded Bangles \u2013 Pair | PureJewels UK\" \/>\n<meta property=\"og:description\" content=\"Shop the 22ct Gold Ornate Beaded Bangles from PureJewels UK. Featuring intricate bead detailing and handcrafted texture, this elegant pair celebrates heritage craftsmanship in radiant gold.\" \/>\n<meta property=\"og:url\" content=\"https:\/\/www.purejewels.com\/de\/produkt-2\/22-kt-gold-jali-armbander-3\/\" \/>\n<meta property=\"og:site_name\" content=\"PureJewels UK\" \/>\n<meta property=\"article:modified_time\" content=\"2026-01-22T13:04:36+00:00\" \/>\n<meta property=\"og:image\" content=\"https:\/\/static.purejewels.com\/wp-content\/uploads\/2018\/01\/26386_26387.png\" \/>\n\t<meta property=\"og:image:width\" content=\"1000\" \/>\n\t<meta property=\"og:image:height\" content=\"1000\" \/>\n\t<meta property=\"og:image:type\" content=\"image\/png\" \/>\n<meta name=\"twitter:card\" content=\"summary_large_image\" \/>\n<meta name=\"twitter:label1\" content=\"Gesch\u00e4tzte Lesezeit\" \/>\n\t<meta name=\"twitter:data1\" content=\"1\u00a0Minute\" \/>\n<script type=\"application\/ld+json\" class=\"yoast-schema-graph\">{\"@context\":\"https:\\\/\\\/schema.org\",\"@graph\":[{\"@type\":[\"WebPage\",\"ItemPage\"],\"@id\":\"https:\\\/\\\/www.purejewels.com\\\/product\\\/22ct-gold-jali-bangles-3\\\/\",\"url\":\"https:\\\/\\\/www.purejewels.com\\\/product\\\/22ct-gold-jali-bangles-3\\\/\",\"name\":\"22ct Gold Ornate Beaded Bangles \u2013 Pair | PureJewels UK\",\"isPartOf\":{\"@id\":\"https:\\\/\\\/www.purejewels.com\\\/#website\"},\"primaryImageOfPage\":{\"@id\":\"https:\\\/\\\/www.purejewels.com\\\/product\\\/22ct-gold-jali-bangles-3\\\/#primaryimage\"},\"image\":{\"@id\":\"https:\\\/\\\/www.purejewels.com\\\/product\\\/22ct-gold-jali-bangles-3\\\/#primaryimage\"},\"thumbnailUrl\":\"https:\\\/\\\/static.purejewels.com\\\/wp-content\\\/uploads\\\/2018\\\/01\\\/26386_26387.png\",\"datePublished\":\"2018-01-07T13:05:31+00:00\",\"dateModified\":\"2026-01-22T13:04:36+00:00\",\"description\":\"Shop the 22ct Gold Ornate Beaded Bangles from PureJewels UK. Featuring intricate bead detailing and handcrafted texture, this elegant pair celebrates heritage craftsmanship in radiant gold.\",\"breadcrumb\":{\"@id\":\"https:\\\/\\\/www.purejewels.com\\\/product\\\/22ct-gold-jali-bangles-3\\\/#breadcrumb\"},\"inLanguage\":\"de\",\"potentialAction\":[{\"@type\":\"ReadAction\",\"target\":[\"https:\\\/\\\/www.purejewels.com\\\/product\\\/22ct-gold-jali-bangles-3\\\/\"]}]},{\"@type\":\"ImageObject\",\"inLanguage\":\"de\",\"@id\":\"https:\\\/\\\/www.purejewels.com\\\/product\\\/22ct-gold-jali-bangles-3\\\/#primaryimage\",\"url\":\"https:\\\/\\\/static.purejewels.com\\\/wp-content\\\/uploads\\\/2018\\\/01\\\/26386_26387.png\",\"contentUrl\":\"https:\\\/\\\/static.purejewels.com\\\/wp-content\\\/uploads\\\/2018\\\/01\\\/26386_26387.png\",\"width\":1000,\"height\":1000,\"caption\":\"26386_26387 22ct gold bangles\"},{\"@type\":\"BreadcrumbList\",\"@id\":\"https:\\\/\\\/www.purejewels.com\\\/product\\\/22ct-gold-jali-bangles-3\\\/#breadcrumb\",\"itemListElement\":[{\"@type\":\"ListItem\",\"position\":1,\"name\":\"Home\",\"item\":\"https:\\\/\\\/www.purejewels.com\\\/\"},{\"@type\":\"ListItem\",\"position\":2,\"name\":\"Shop\",\"item\":\"https:\\\/\\\/www.purejewels.com\\\/shop\\\/\"},{\"@type\":\"ListItem\",\"position\":3,\"name\":\"22ct Gold Ornate Beaded Jali Bangles\"}]},{\"@type\":\"WebSite\",\"@id\":\"https:\\\/\\\/www.purejewels.com\\\/#website\",\"url\":\"https:\\\/\\\/www.purejewels.com\\\/\",\"name\":\"PureJewels UK\",\"description\":\"Share the Love\",\"publisher\":{\"@id\":\"https:\\\/\\\/www.purejewels.com\\\/#organization\"},\"potentialAction\":[{\"@type\":\"SearchAction\",\"target\":{\"@type\":\"EntryPoint\",\"urlTemplate\":\"https:\\\/\\\/www.purejewels.com\\\/?s={search_term_string}\"},\"query-input\":{\"@type\":\"PropertyValueSpecification\",\"valueRequired\":true,\"valueName\":\"search_term_string\"}}],\"inLanguage\":\"de\"},{\"@type\":\"Organization\",\"@id\":\"https:\\\/\\\/www.purejewels.com\\\/#organization\",\"name\":\"PureJewels UK\",\"url\":\"https:\\\/\\\/www.purejewels.com\\\/\",\"logo\":{\"@type\":\"ImageObject\",\"inLanguage\":\"de\",\"@id\":\"https:\\\/\\\/www.purejewels.com\\\/#\\\/schema\\\/logo\\\/image\\\/\",\"url\":\"https:\\\/\\\/static.purejewels.com\\\/wp-content\\\/uploads\\\/2020\\\/11\\\/Logo-PJ-New-1.png\",\"contentUrl\":\"https:\\\/\\\/static.purejewels.com\\\/wp-content\\\/uploads\\\/2020\\\/11\\\/Logo-PJ-New-1.png\",\"width\":150,\"height\":80,\"caption\":\"PureJewels UK\"},\"image\":{\"@id\":\"https:\\\/\\\/www.purejewels.com\\\/#\\\/schema\\\/logo\\\/image\\\/\"}}]}<\/script>\n<!-- \/ Yoast SEO plugin. -->","yoast_head_json":{"title":"22ct Gold Ornate Beaded Bangles - Paar | PureJewels UK","description":"Kaufen Sie die 22ct Gold Ornate Beaded Bangles von PureJewels UK. Mit aufwendigen Perlen Details und handgefertigte Textur, feiert dieses elegante Paar Erbe Handwerkskunst in strahlendem Gold.","robots":{"index":"index","follow":"follow","max-snippet":"max-snippet:-1","max-image-preview":"max-image-preview:large","max-video-preview":"max-video-preview:-1"},"canonical":"https:\/\/www.purejewels.com\/de\/produkt-2\/22-kt-gold-jali-armbander-3\/","og_locale":"de_DE","og_type":"article","og_title":"22ct Gold Ornate Beaded Bangles \u2013 Pair | PureJewels UK","og_description":"Shop the 22ct Gold Ornate Beaded Bangles from PureJewels UK. Featuring intricate bead detailing and handcrafted texture, this elegant pair celebrates heritage craftsmanship in radiant gold.","og_url":"https:\/\/www.purejewels.com\/de\/produkt-2\/22-kt-gold-jali-armbander-3\/","og_site_name":"PureJewels UK","article_modified_time":"2026-01-22T13:04:36+00:00","og_image":[{"width":1000,"height":1000,"url":"https:\/\/static.purejewels.com\/wp-content\/uploads\/2018\/01\/26386_26387.png","type":"image\/png"}],"twitter_card":"summary_large_image","twitter_misc":{"Gesch\u00e4tzte Lesezeit":"1\u00a0Minute"},"schema":{"@context":"https:\/\/schema.org","@graph":[{"@type":["WebPage","ItemPage"],"@id":"https:\/\/www.purejewels.com\/product\/22ct-gold-jali-bangles-3\/","url":"https:\/\/www.purejewels.com\/product\/22ct-gold-jali-bangles-3\/","name":"22ct Gold Ornate Beaded Bangles - Paar | PureJewels UK","isPartOf":{"@id":"https:\/\/www.purejewels.com\/#website"},"primaryImageOfPage":{"@id":"https:\/\/www.purejewels.com\/product\/22ct-gold-jali-bangles-3\/#primaryimage"},"image":{"@id":"https:\/\/www.purejewels.com\/product\/22ct-gold-jali-bangles-3\/#primaryimage"},"thumbnailUrl":"https:\/\/static.purejewels.com\/wp-content\/uploads\/2018\/01\/26386_26387.png","datePublished":"2018-01-07T13:05:31+00:00","dateModified":"2026-01-22T13:04:36+00:00","description":"Kaufen Sie die 22ct Gold Ornate Beaded Bangles von PureJewels UK. Mit aufwendigen Perlen Details und handgefertigte Textur, feiert dieses elegante Paar Erbe Handwerkskunst in strahlendem Gold.","breadcrumb":{"@id":"https:\/\/www.purejewels.com\/product\/22ct-gold-jali-bangles-3\/#breadcrumb"},"inLanguage":"de","potentialAction":[{"@type":"ReadAction","target":["https:\/\/www.purejewels.com\/product\/22ct-gold-jali-bangles-3\/"]}]},{"@type":"ImageObject","inLanguage":"de","@id":"https:\/\/www.purejewels.com\/product\/22ct-gold-jali-bangles-3\/#primaryimage","url":"https:\/\/static.purejewels.com\/wp-content\/uploads\/2018\/01\/26386_26387.png","contentUrl":"https:\/\/static.purejewels.com\/wp-content\/uploads\/2018\/01\/26386_26387.png","width":1000,"height":1000,"caption":"26386_26387 22ct gold bangles"},{"@type":"BreadcrumbList","@id":"https:\/\/www.purejewels.com\/product\/22ct-gold-jali-bangles-3\/#breadcrumb","itemListElement":[{"@type":"ListItem","position":1,"name":"Home","item":"https:\/\/www.purejewels.com\/"},{"@type":"ListItem","position":2,"name":"Shop","item":"https:\/\/www.purejewels.com\/shop\/"},{"@type":"ListItem","position":3,"name":"22ct Gold Ornate Beaded Jali Bangles"}]},{"@type":"WebSite","@id":"https:\/\/www.purejewels.com\/#website","url":"https:\/\/www.purejewels.com\/","name":"PureJewels UK","description":"Teile die Liebe","publisher":{"@id":"https:\/\/www.purejewels.com\/#organization"},"potentialAction":[{"@type":"SearchAction","target":{"@type":"EntryPoint","urlTemplate":"https:\/\/www.purejewels.com\/?s={search_term_string}"},"query-input":{"@type":"PropertyValueSpecification","valueRequired":true,"valueName":"search_term_string"}}],"inLanguage":"de"},{"@type":"Organization","@id":"https:\/\/www.purejewels.com\/#organization","name":"PureJewels UK","url":"https:\/\/www.purejewels.com\/","logo":{"@type":"ImageObject","inLanguage":"de","@id":"https:\/\/www.purejewels.com\/#\/schema\/logo\/image\/","url":"https:\/\/static.purejewels.com\/wp-content\/uploads\/2020\/11\/Logo-PJ-New-1.png","contentUrl":"https:\/\/static.purejewels.com\/wp-content\/uploads\/2020\/11\/Logo-PJ-New-1.png","width":150,"height":80,"caption":"PureJewels UK"},"image":{"@id":"https:\/\/www.purejewels.com\/#\/schema\/logo\/image\/"}}]}},"_links":{"self":[{"href":"https:\/\/www.purejewels.com\/de\/wp-json\/wp\/v2\/product\/298355","targetHints":{"allow":["GET"]}}],"collection":[{"href":"https:\/\/www.purejewels.com\/de\/wp-json\/wp\/v2\/product"}],"about":[{"href":"https:\/\/www.purejewels.com\/de\/wp-json\/wp\/v2\/types\/product"}],"replies":[{"embeddable":true,"href":"https:\/\/www.purejewels.com\/de\/wp-json\/wp\/v2\/comments?post=298355"}],"version-history":[{"count":3,"href":"https:\/\/www.purejewels.com\/de\/wp-json\/wp\/v2\/product\/298355\/revisions"}],"predecessor-version":[{"id":425129,"href":"https:\/\/www.purejewels.com\/de\/wp-json\/wp\/v2\/product\/298355\/revisions\/425129"}],"wp:featuredmedia":[{"embeddable":true,"href":"https:\/\/www.purejewels.com\/de\/wp-json\/wp\/v2\/media\/298356"}],"wp:attachment":[{"href":"https:\/\/www.purejewels.com\/de\/wp-json\/wp\/v2\/media?parent=298355"}],"wp:term":[{"taxonomy":"product_brand","embeddable":true,"href":"https:\/\/www.purejewels.com\/de\/wp-json\/wp\/v2\/product_brand?post=298355"},{"taxonomy":"product_cat","embeddable":true,"href":"https:\/\/www.purejewels.com\/de\/wp-json\/wp\/v2\/product_cat?post=298355"},{"taxonomy":"product_tag","embeddable":true,"href":"https:\/\/www.purejewels.com\/de\/wp-json\/wp\/v2\/product_tag?post=298355"}],"curies":[{"name":"wp","href":"https:\/\/api.w.org\/{rel}","templated":true}]}}