{"id":298910,"date":"2018-02-16T15:17:03","date_gmt":"2018-02-16T15:17:03","guid":{"rendered":"https:\/\/www.purejewels.com\/product\/platinum-and-diamond-vinyasasa-peacock-eye-engagement-ring\/"},"modified":"2020-12-21T17:54:30","modified_gmt":"2020-12-21T17:54:30","slug":"verlobungsring-aus-platin-und-diamanten-vinyasasa-pfauenauge","status":"publish","type":"product","link":"https:\/\/www.purejewels.com\/de\/product\/platinum-and-diamond-vinyasasa-peacock-eye-engagement-ring\/","title":{"rendered":"Vinyasa Verlobungsring aus Platin und Diamant mit Pfauenauge"},"content":{"rendered":"<p>Vom ersten sch\u00fcchternen Blick bis zum bewundernden Blick... die Liebe zeigt sich in Ihren Augen.  Inspiriert vom faszinierenden Blick des eleganten Pfaus, ist dieser Ring mit einem birnenf\u00f6rmigen Diamanten versehen, der nicht zu \u00fcbersehen ist.  Unsere Juweliere w\u00e4hlen Ihren Stein sorgf\u00e4ltig aus, um ihm die ultimative Brillanz zu verleihen, und vollenden den Ring von Hand mit korngefassten Diamanten.  Ihre Liebe ist einzigartig: Hier ist Ihr Moment, sie zu feiern.<\/p>\n<ul>\n<li><a href=\"https:\/\/www.purejewels.com\/de\/product\/18ct-white-gold-khanda-sikh-religious-pendant-6226\/\">18ct<\/a> Gold<\/li>\n<li>Alle Preise inklusive Mehrwertsteuer<\/li>\n<li>18ct Gold gestempelt von London Assay Office<\/li>\n<li>Mit Pr\u00e4sentationsbox<\/li>\n<li>Lieferung inbegriffen<\/li>\n<li>Live-Chat mit uns f\u00fcr die Verf\u00fcgbarkeit und mehr Bilder von \u00e4hnlichen Designs derzeit auf Lager<\/li>\n<\/ul>","protected":false},"excerpt":{"rendered":"<p>Vom ersten sch\u00fcchternen Blick bis zum bewundernden Blick... die Liebe zeigt sich in Ihren Augen.  Inspiriert vom faszinierenden Blick des eleganten Pfaus, ist dieser Ring mit einem birnenf\u00f6rmigen Diamanten versehen, der nicht zu \u00fcbersehen ist.  Unsere Juweliere w\u00e4hlen Ihren Stein sorgf\u00e4ltig aus, um ihm die ultimative Brillanz zu verleihen, und vollenden den Ring von Hand mit korngefassten Diamanten.  Ihre Liebe ist einzigartig: Hier ist Ihr Moment, sie zu feiern.<\/p>\n<ul>\n<li>18ct Gold<\/li>\n<li>Alle Preise inklusive Mehrwertsteuer<\/li>\n<li>18ct Gold gestempelt von London Assay Office<\/li>\n<li>Mit Pr\u00e4sentationsbox<\/li>\n<li>Lieferung inbegriffen<\/li>\n<li>Live-Chat mit uns f\u00fcr die Verf\u00fcgbarkeit und mehr Bilder von \u00e4hnlichen Designs derzeit auf Lager<\/li>\n<\/ul>","protected":false},"featured_media":300281,"comment_status":"closed","ping_status":"closed","template":"","meta":{"_eb_attr":"","_crsspst_to_jayantr4sg-hostcom":false},"product_brand":[],"product_cat":[1679,1559,1533,1569,1480,1573,1574],"product_tag":[],"class_list":{"0":"post-298910","1":"product","2":"type-product","3":"status-publish","4":"has-post-thumbnail","6":"product_cat-18ct-gold-rings","7":"product_cat-birthday-gifts","8":"product_cat-diamond-jewellery-set","9":"product_cat-valentine-day-gifts","10":"product_cat-vinyasa-collections","11":"product_cat-wedding-gifts","12":"product_cat-womens-jewellery","14":"first","15":"outofstock","16":"taxable","17":"shipping-taxable","18":"product-type-simple","19":"add-to-wishlist-before_image"},"yoast_head":"<!-- This site is optimized with the Yoast SEO plugin v27.3 - https:\/\/yoast.com\/product\/yoast-seo-wordpress\/ -->\n<title>Vinyasa Platinum and Diamond Peacock Eye Engagement Ring.<\/title>\n<meta name=\"robots\" content=\"index, follow, max-snippet:-1, max-image-preview:large, max-video-preview:-1\" \/>\n<link rel=\"canonical\" href=\"https:\/\/www.purejewels.com\/de\/produkt-2\/verlobungsring-aus-platin-und-diamanten-vinyasasa-pfauenauge\/\" \/>\n<meta property=\"og:locale\" content=\"de_DE\" \/>\n<meta property=\"og:type\" content=\"article\" \/>\n<meta property=\"og:title\" content=\"Vinyasa Platinum and Diamond Peacock Eye Engagement Ring.\" \/>\n<meta property=\"og:description\" content=\"From that first shy glance to an adoring gaze... love shows in your eyes. \u00a0Inspired by the captivating gaze of the elegant peacock, this ring features a pear-shaped diamond that&#039;s impossible to ignore. \u00a0Our jewellers will carefully select your stone for ultimate brilliance, and hand-finish the ring with grain-set diamonds. \u00a0Your love is unique: here&#039;s your moment to celebrate it.   18ct Gold  All prices include VAT  18ct Gold\u00a0Hallmarked by London Assay Office  Comes With Presentation Box  Delivery Included  Live chat with us for availability and more images of similar designs currently in stock\" \/>\n<meta property=\"og:url\" content=\"https:\/\/www.purejewels.com\/de\/produkt-2\/verlobungsring-aus-platin-und-diamanten-vinyasasa-pfauenauge\/\" \/>\n<meta property=\"og:site_name\" content=\"PureJewels UK\" \/>\n<meta property=\"article:modified_time\" content=\"2020-12-21T17:54:30+00:00\" \/>\n<meta property=\"og:image\" content=\"https:\/\/www.purejewels.com\/wp-content\/uploads\/2018\/02\/Peacock-Eye.png\" \/>\n\t<meta property=\"og:image:width\" content=\"2000\" \/>\n\t<meta property=\"og:image:height\" content=\"2000\" \/>\n\t<meta property=\"og:image:type\" content=\"image\/png\" \/>\n<meta name=\"twitter:card\" content=\"summary_large_image\" \/>\n<script type=\"application\/ld+json\" class=\"yoast-schema-graph\">{\"@context\":\"https:\\\/\\\/schema.org\",\"@graph\":[{\"@type\":[\"WebPage\",\"ItemPage\"],\"@id\":\"https:\\\/\\\/www.purejewels.com\\\/product\\\/platinum-and-diamond-vinyasasa-peacock-eye-engagement-ring\\\/\",\"url\":\"https:\\\/\\\/www.purejewels.com\\\/product\\\/platinum-and-diamond-vinyasasa-peacock-eye-engagement-ring\\\/\",\"name\":\"Vinyasa Platinum and Diamond Peacock Eye Engagement Ring.\",\"isPartOf\":{\"@id\":\"https:\\\/\\\/www.purejewels.com\\\/#website\"},\"primaryImageOfPage\":{\"@id\":\"https:\\\/\\\/www.purejewels.com\\\/product\\\/platinum-and-diamond-vinyasasa-peacock-eye-engagement-ring\\\/#primaryimage\"},\"image\":{\"@id\":\"https:\\\/\\\/www.purejewels.com\\\/product\\\/platinum-and-diamond-vinyasasa-peacock-eye-engagement-ring\\\/#primaryimage\"},\"thumbnailUrl\":\"https:\\\/\\\/static.purejewels.com\\\/wp-content\\\/uploads\\\/2018\\\/02\\\/Peacock-Eye.png\",\"datePublished\":\"2018-02-16T15:17:03+00:00\",\"dateModified\":\"2020-12-21T17:54:30+00:00\",\"breadcrumb\":{\"@id\":\"https:\\\/\\\/www.purejewels.com\\\/product\\\/platinum-and-diamond-vinyasasa-peacock-eye-engagement-ring\\\/#breadcrumb\"},\"inLanguage\":\"de\",\"potentialAction\":[{\"@type\":\"ReadAction\",\"target\":[\"https:\\\/\\\/www.purejewels.com\\\/product\\\/platinum-and-diamond-vinyasasa-peacock-eye-engagement-ring\\\/\"]}]},{\"@type\":\"ImageObject\",\"inLanguage\":\"de\",\"@id\":\"https:\\\/\\\/www.purejewels.com\\\/product\\\/platinum-and-diamond-vinyasasa-peacock-eye-engagement-ring\\\/#primaryimage\",\"url\":\"https:\\\/\\\/static.purejewels.com\\\/wp-content\\\/uploads\\\/2018\\\/02\\\/Peacock-Eye.png\",\"contentUrl\":\"https:\\\/\\\/static.purejewels.com\\\/wp-content\\\/uploads\\\/2018\\\/02\\\/Peacock-Eye.png\",\"width\":2000,\"height\":2000,\"caption\":\"Peacock Eye\"},{\"@type\":\"BreadcrumbList\",\"@id\":\"https:\\\/\\\/www.purejewels.com\\\/product\\\/platinum-and-diamond-vinyasasa-peacock-eye-engagement-ring\\\/#breadcrumb\",\"itemListElement\":[{\"@type\":\"ListItem\",\"position\":1,\"name\":\"Home\",\"item\":\"https:\\\/\\\/www.purejewels.com\\\/\"},{\"@type\":\"ListItem\",\"position\":2,\"name\":\"Shop\",\"item\":\"https:\\\/\\\/www.purejewels.com\\\/shop\\\/\"},{\"@type\":\"ListItem\",\"position\":3,\"name\":\"Vinyasa Platinum and Diamond Peacock Eye Engagement Ring\"}]},{\"@type\":\"WebSite\",\"@id\":\"https:\\\/\\\/www.purejewels.com\\\/#website\",\"url\":\"https:\\\/\\\/www.purejewels.com\\\/\",\"name\":\"PureJewels UK\",\"description\":\"Share the Love\",\"publisher\":{\"@id\":\"https:\\\/\\\/www.purejewels.com\\\/#organization\"},\"potentialAction\":[{\"@type\":\"SearchAction\",\"target\":{\"@type\":\"EntryPoint\",\"urlTemplate\":\"https:\\\/\\\/www.purejewels.com\\\/?s={search_term_string}\"},\"query-input\":{\"@type\":\"PropertyValueSpecification\",\"valueRequired\":true,\"valueName\":\"search_term_string\"}}],\"inLanguage\":\"de\"},{\"@type\":\"Organization\",\"@id\":\"https:\\\/\\\/www.purejewels.com\\\/#organization\",\"name\":\"PureJewels UK\",\"url\":\"https:\\\/\\\/www.purejewels.com\\\/\",\"logo\":{\"@type\":\"ImageObject\",\"inLanguage\":\"de\",\"@id\":\"https:\\\/\\\/www.purejewels.com\\\/#\\\/schema\\\/logo\\\/image\\\/\",\"url\":\"https:\\\/\\\/static.purejewels.com\\\/wp-content\\\/uploads\\\/2020\\\/11\\\/Logo-PJ-New-1.png\",\"contentUrl\":\"https:\\\/\\\/static.purejewels.com\\\/wp-content\\\/uploads\\\/2020\\\/11\\\/Logo-PJ-New-1.png\",\"width\":150,\"height\":80,\"caption\":\"PureJewels UK\"},\"image\":{\"@id\":\"https:\\\/\\\/www.purejewels.com\\\/#\\\/schema\\\/logo\\\/image\\\/\"}}]}<\/script>\n<!-- \/ Yoast SEO plugin. -->","yoast_head_json":{"title":"Vinyasa Verlobungsring aus Platin und Diamant mit Pfauenauge.","robots":{"index":"index","follow":"follow","max-snippet":"max-snippet:-1","max-image-preview":"max-image-preview:large","max-video-preview":"max-video-preview:-1"},"canonical":"https:\/\/www.purejewels.com\/de\/produkt-2\/verlobungsring-aus-platin-und-diamanten-vinyasasa-pfauenauge\/","og_locale":"de_DE","og_type":"article","og_title":"Vinyasa Platinum and Diamond Peacock Eye Engagement Ring.","og_description":"From that first shy glance to an adoring gaze... love shows in your eyes. \u00a0Inspired by the captivating gaze of the elegant peacock, this ring features a pear-shaped diamond that's impossible to ignore. \u00a0Our jewellers will carefully select your stone for ultimate brilliance, and hand-finish the ring with grain-set diamonds. \u00a0Your love is unique: here's your moment to celebrate it.   18ct Gold  All prices include VAT  18ct Gold\u00a0Hallmarked by London Assay Office  Comes With Presentation Box  Delivery Included  Live chat with us for availability and more images of similar designs currently in stock","og_url":"https:\/\/www.purejewels.com\/de\/produkt-2\/verlobungsring-aus-platin-und-diamanten-vinyasasa-pfauenauge\/","og_site_name":"PureJewels UK","article_modified_time":"2020-12-21T17:54:30+00:00","og_image":[{"width":2000,"height":2000,"url":"https:\/\/www.purejewels.com\/wp-content\/uploads\/2018\/02\/Peacock-Eye.png","type":"image\/png"}],"twitter_card":"summary_large_image","schema":{"@context":"https:\/\/schema.org","@graph":[{"@type":["WebPage","ItemPage"],"@id":"https:\/\/www.purejewels.com\/product\/platinum-and-diamond-vinyasasa-peacock-eye-engagement-ring\/","url":"https:\/\/www.purejewels.com\/product\/platinum-and-diamond-vinyasasa-peacock-eye-engagement-ring\/","name":"Vinyasa Verlobungsring aus Platin und Diamant mit Pfauenauge.","isPartOf":{"@id":"https:\/\/www.purejewels.com\/#website"},"primaryImageOfPage":{"@id":"https:\/\/www.purejewels.com\/product\/platinum-and-diamond-vinyasasa-peacock-eye-engagement-ring\/#primaryimage"},"image":{"@id":"https:\/\/www.purejewels.com\/product\/platinum-and-diamond-vinyasasa-peacock-eye-engagement-ring\/#primaryimage"},"thumbnailUrl":"https:\/\/static.purejewels.com\/wp-content\/uploads\/2018\/02\/Peacock-Eye.png","datePublished":"2018-02-16T15:17:03+00:00","dateModified":"2020-12-21T17:54:30+00:00","breadcrumb":{"@id":"https:\/\/www.purejewels.com\/product\/platinum-and-diamond-vinyasasa-peacock-eye-engagement-ring\/#breadcrumb"},"inLanguage":"de","potentialAction":[{"@type":"ReadAction","target":["https:\/\/www.purejewels.com\/product\/platinum-and-diamond-vinyasasa-peacock-eye-engagement-ring\/"]}]},{"@type":"ImageObject","inLanguage":"de","@id":"https:\/\/www.purejewels.com\/product\/platinum-and-diamond-vinyasasa-peacock-eye-engagement-ring\/#primaryimage","url":"https:\/\/static.purejewels.com\/wp-content\/uploads\/2018\/02\/Peacock-Eye.png","contentUrl":"https:\/\/static.purejewels.com\/wp-content\/uploads\/2018\/02\/Peacock-Eye.png","width":2000,"height":2000,"caption":"Peacock Eye"},{"@type":"BreadcrumbList","@id":"https:\/\/www.purejewels.com\/product\/platinum-and-diamond-vinyasasa-peacock-eye-engagement-ring\/#breadcrumb","itemListElement":[{"@type":"ListItem","position":1,"name":"Home","item":"https:\/\/www.purejewels.com\/"},{"@type":"ListItem","position":2,"name":"Shop","item":"https:\/\/www.purejewels.com\/shop\/"},{"@type":"ListItem","position":3,"name":"Vinyasa Platinum and Diamond Peacock Eye Engagement Ring"}]},{"@type":"WebSite","@id":"https:\/\/www.purejewels.com\/#website","url":"https:\/\/www.purejewels.com\/","name":"PureJewels UK","description":"Teile die Liebe","publisher":{"@id":"https:\/\/www.purejewels.com\/#organization"},"potentialAction":[{"@type":"SearchAction","target":{"@type":"EntryPoint","urlTemplate":"https:\/\/www.purejewels.com\/?s={search_term_string}"},"query-input":{"@type":"PropertyValueSpecification","valueRequired":true,"valueName":"search_term_string"}}],"inLanguage":"de"},{"@type":"Organization","@id":"https:\/\/www.purejewels.com\/#organization","name":"PureJewels UK","url":"https:\/\/www.purejewels.com\/","logo":{"@type":"ImageObject","inLanguage":"de","@id":"https:\/\/www.purejewels.com\/#\/schema\/logo\/image\/","url":"https:\/\/static.purejewels.com\/wp-content\/uploads\/2020\/11\/Logo-PJ-New-1.png","contentUrl":"https:\/\/static.purejewels.com\/wp-content\/uploads\/2020\/11\/Logo-PJ-New-1.png","width":150,"height":80,"caption":"PureJewels UK"},"image":{"@id":"https:\/\/www.purejewels.com\/#\/schema\/logo\/image\/"}}]}},"_links":{"self":[{"href":"https:\/\/www.purejewels.com\/de\/wp-json\/wp\/v2\/product\/298910","targetHints":{"allow":["GET"]}}],"collection":[{"href":"https:\/\/www.purejewels.com\/de\/wp-json\/wp\/v2\/product"}],"about":[{"href":"https:\/\/www.purejewels.com\/de\/wp-json\/wp\/v2\/types\/product"}],"replies":[{"embeddable":true,"href":"https:\/\/www.purejewels.com\/de\/wp-json\/wp\/v2\/comments?post=298910"}],"version-history":[{"count":0,"href":"https:\/\/www.purejewels.com\/de\/wp-json\/wp\/v2\/product\/298910\/revisions"}],"wp:featuredmedia":[{"embeddable":true,"href":"https:\/\/www.purejewels.com\/de\/wp-json\/wp\/v2\/media\/300281"}],"wp:attachment":[{"href":"https:\/\/www.purejewels.com\/de\/wp-json\/wp\/v2\/media?parent=298910"}],"wp:term":[{"taxonomy":"product_brand","embeddable":true,"href":"https:\/\/www.purejewels.com\/de\/wp-json\/wp\/v2\/product_brand?post=298910"},{"taxonomy":"product_cat","embeddable":true,"href":"https:\/\/www.purejewels.com\/de\/wp-json\/wp\/v2\/product_cat?post=298910"},{"taxonomy":"product_tag","embeddable":true,"href":"https:\/\/www.purejewels.com\/de\/wp-json\/wp\/v2\/product_tag?post=298910"}],"curies":[{"name":"wp","href":"https:\/\/api.w.org\/{rel}","templated":true}]}}