{"id":298916,"date":"2018-02-16T15:17:05","date_gmt":"2018-02-16T15:17:05","guid":{"rendered":"https:\/\/www.purejewels.com\/product\/natural-white-gold-and-diamond-vinyasa-twin-peacock-pendant\/"},"modified":"2026-02-09T06:38:34","modified_gmt":"2026-02-09T06:38:34","slug":"anhanger-mit-zwillings-pfau-aus-naturlichem-weisgold-und-diamanten","status":"publish","type":"product","link":"https:\/\/www.purejewels.com\/de\/product\/natural-white-gold-and-diamond-vinyasa-twin-peacock-pendant\/","title":{"rendered":"Vinyasa Zwillingspfau-Anh\u00e4nger aus Wei\u00dfgold und Diamanten"},"content":{"rendered":"<ul>\n<li><a href=\"https:\/\/www.purejewels.com\/de\/product\/18ct-white-gold-diamond-ring-for-ladies-8775\/\">18ct Wei\u00dfgold<\/a> Anh\u00e4nger<\/li>\n<li>Mit rundem Brillant\/ 0,01ct \/Farbe F-G \/ Reinheit VS<\/li>\n<li>BESCHEINIGUNGSNUMMER: SGLJL57472J<\/li>\n<li>Sku 27757<\/li>\n<\/ul>","protected":false},"excerpt":{"rendered":"<p>Erkl\u00e4ren Sie Ihre Liebe auf spektakul\u00e4re Weise.  Dieses Pfauenpaar wurde aus einem einzigen St\u00fcck Wei\u00dfgold geformt und ist ein sensationeller Anh\u00e4nger.  Mit den charakteristischen Vinyasa-Federn, die f\u00fcr Bewegung sorgen, und den feurig funkelnden Diamantaugen ist es ein fesselndes St\u00fcck, um ein gut gelebtes Leben zu feiern.<\/p>\n<ul>\n<li><strong>18ct Wei\u00dfgold<\/strong><\/li>\n<li><strong>Diamant Wt 0.01cts<\/strong><\/li>\n<li><strong>Gewicht: 11,0 Gramm<\/strong><\/li>\n<li><strong>Sku 27757<\/strong><\/li>\n<li><strong>Alle Preise inklusive Mehrwertsteuer<\/strong><\/li>\n<li><strong>18ct Gold gestempelt von London Assay Office<\/strong><\/li>\n<li><strong>Mit Pr\u00e4sentationsbox<\/strong><\/li>\n<li><strong>Lieferung inbegriffen<\/strong><\/li>\n<li><strong>Live-Chat mit uns f\u00fcr die Verf\u00fcgbarkeit und mehr Bilder von \u00e4hnlichen Designs derzeit auf Lager<\/strong><\/li>\n<\/ul>","protected":false},"featured_media":312611,"comment_status":"closed","ping_status":"closed","template":"","meta":{"_eb_attr":"","_crsspst_to_jayantr4sg-hostcom":false},"product_brand":[],"product_cat":[5679,5951,5457,1533,5459,1770,1569,1480,1573,1537,1574],"product_tag":[1461,5612],"class_list":{"0":"post-298916","1":"product","2":"type-product","3":"status-publish","4":"has-post-thumbnail","6":"product_cat-18ct-gold-jewellery","7":"product_cat-18ct-gold-pendant","8":"product_cat-diamond-jewellery","9":"product_cat-diamond-jewellery-set","10":"product_cat-diamond-pendant","11":"product_cat-fancy-pendants","12":"product_cat-valentine-day-gifts","13":"product_cat-vinyasa-collections","14":"product_cat-wedding-gifts","15":"product_cat-white-gold-jewellery-set","16":"product_cat-womens-jewellery","17":"product_tag-diamond-necklace","18":"product_tag-diamond-pendant","20":"first","21":"instock","22":"taxable","23":"shipping-taxable","24":"purchasable","25":"product-type-simple","26":"add-to-wishlist-before_image"},"yoast_head":"<!-- This site is optimized with the Yoast SEO plugin v27.5 - https:\/\/yoast.com\/product\/yoast-seo-wordpress\/ -->\n<title>Vinyasa Natural White Gold and Diamond Twin Peacock Pendant.<\/title>\n<meta name=\"robots\" content=\"index, follow, max-snippet:-1, max-image-preview:large, max-video-preview:-1\" \/>\n<link rel=\"canonical\" href=\"https:\/\/www.purejewels.com\/de\/produkt-2\/anhanger-mit-zwillings-pfau-aus-naturlichem-weisgold-und-diamanten\/\" \/>\n<meta property=\"og:locale\" content=\"de_DE\" \/>\n<meta property=\"og:type\" content=\"article\" \/>\n<meta property=\"og:title\" content=\"Vinyasa Natural White Gold and Diamond Twin Peacock Pendant.\" \/>\n<meta property=\"og:description\" content=\"Declare your love in spectacular style. \u00a0Sculpted from just one piece of white gold, this pair of peacocks makes a sensational pendant. \u00a0With the signature Vinyasa feathers adding movement, and the diamond eyes sparkling with fire, it&#039;s a captivating piece to celebrate a well-lived life.   18ct White Gold  Diamond Wt 0.01cts  Weight: 11.0 Gms  Sku 27757  All prices include VAT  18ct Gold\u00a0Hallmarked by London Assay Office  Comes With Presentation Box  Delivery Included  Live chat with us for availability and more images of similar designs currently in stock\" \/>\n<meta property=\"og:url\" content=\"https:\/\/www.purejewels.com\/de\/produkt-2\/anhanger-mit-zwillings-pfau-aus-naturlichem-weisgold-und-diamanten\/\" \/>\n<meta property=\"og:site_name\" content=\"PureJewels UK\" \/>\n<meta property=\"article:modified_time\" content=\"2026-02-09T06:38:34+00:00\" \/>\n<meta property=\"og:image\" content=\"https:\/\/static.purejewels.com\/wp-content\/uploads\/2018\/02\/27757-1.jpg\" \/>\n\t<meta property=\"og:image:width\" content=\"1000\" \/>\n\t<meta property=\"og:image:height\" content=\"1000\" \/>\n\t<meta property=\"og:image:type\" content=\"image\/jpeg\" \/>\n<meta name=\"twitter:card\" content=\"summary_large_image\" \/>\n<meta name=\"twitter:label1\" content=\"Gesch\u00e4tzte Lesezeit\" \/>\n\t<meta name=\"twitter:data1\" content=\"1\u00a0Minute\" \/>\n<script type=\"application\/ld+json\" class=\"yoast-schema-graph\">{\"@context\":\"https:\\\/\\\/schema.org\",\"@graph\":[{\"@type\":[\"WebPage\",\"ItemPage\"],\"@id\":\"https:\\\/\\\/www.purejewels.com\\\/product\\\/natural-white-gold-and-diamond-vinyasa-twin-peacock-pendant\\\/\",\"url\":\"https:\\\/\\\/www.purejewels.com\\\/product\\\/natural-white-gold-and-diamond-vinyasa-twin-peacock-pendant\\\/\",\"name\":\"Vinyasa Natural White Gold and Diamond Twin Peacock Pendant.\",\"isPartOf\":{\"@id\":\"https:\\\/\\\/www.purejewels.com\\\/#website\"},\"primaryImageOfPage\":{\"@id\":\"https:\\\/\\\/www.purejewels.com\\\/product\\\/natural-white-gold-and-diamond-vinyasa-twin-peacock-pendant\\\/#primaryimage\"},\"image\":{\"@id\":\"https:\\\/\\\/www.purejewels.com\\\/product\\\/natural-white-gold-and-diamond-vinyasa-twin-peacock-pendant\\\/#primaryimage\"},\"thumbnailUrl\":\"https:\\\/\\\/static.purejewels.com\\\/wp-content\\\/uploads\\\/2018\\\/02\\\/27757-1.jpg\",\"datePublished\":\"2018-02-16T15:17:05+00:00\",\"dateModified\":\"2026-02-09T06:38:34+00:00\",\"breadcrumb\":{\"@id\":\"https:\\\/\\\/www.purejewels.com\\\/product\\\/natural-white-gold-and-diamond-vinyasa-twin-peacock-pendant\\\/#breadcrumb\"},\"inLanguage\":\"de\",\"potentialAction\":[{\"@type\":\"ReadAction\",\"target\":[\"https:\\\/\\\/www.purejewels.com\\\/product\\\/natural-white-gold-and-diamond-vinyasa-twin-peacock-pendant\\\/\"]}]},{\"@type\":\"ImageObject\",\"inLanguage\":\"de\",\"@id\":\"https:\\\/\\\/www.purejewels.com\\\/product\\\/natural-white-gold-and-diamond-vinyasa-twin-peacock-pendant\\\/#primaryimage\",\"url\":\"https:\\\/\\\/static.purejewels.com\\\/wp-content\\\/uploads\\\/2018\\\/02\\\/27757-1.jpg\",\"contentUrl\":\"https:\\\/\\\/static.purejewels.com\\\/wp-content\\\/uploads\\\/2018\\\/02\\\/27757-1.jpg\",\"width\":1000,\"height\":1000,\"caption\":\"27757-1\"},{\"@type\":\"BreadcrumbList\",\"@id\":\"https:\\\/\\\/www.purejewels.com\\\/product\\\/natural-white-gold-and-diamond-vinyasa-twin-peacock-pendant\\\/#breadcrumb\",\"itemListElement\":[{\"@type\":\"ListItem\",\"position\":1,\"name\":\"Home\",\"item\":\"https:\\\/\\\/www.purejewels.com\\\/\"},{\"@type\":\"ListItem\",\"position\":2,\"name\":\"Shop\",\"item\":\"https:\\\/\\\/www.purejewels.com\\\/shop\\\/\"},{\"@type\":\"ListItem\",\"position\":3,\"name\":\"Vinyasa Natural White Gold and Diamond Twin Peacock Pendant\"}]},{\"@type\":\"WebSite\",\"@id\":\"https:\\\/\\\/www.purejewels.com\\\/#website\",\"url\":\"https:\\\/\\\/www.purejewels.com\\\/\",\"name\":\"PureJewels UK\",\"description\":\"Share the Love\",\"publisher\":{\"@id\":\"https:\\\/\\\/www.purejewels.com\\\/#organization\"},\"potentialAction\":[{\"@type\":\"SearchAction\",\"target\":{\"@type\":\"EntryPoint\",\"urlTemplate\":\"https:\\\/\\\/www.purejewels.com\\\/?s={search_term_string}\"},\"query-input\":{\"@type\":\"PropertyValueSpecification\",\"valueRequired\":true,\"valueName\":\"search_term_string\"}}],\"inLanguage\":\"de\"},{\"@type\":\"Organization\",\"@id\":\"https:\\\/\\\/www.purejewels.com\\\/#organization\",\"name\":\"PureJewels UK\",\"url\":\"https:\\\/\\\/www.purejewels.com\\\/\",\"logo\":{\"@type\":\"ImageObject\",\"inLanguage\":\"de\",\"@id\":\"https:\\\/\\\/www.purejewels.com\\\/#\\\/schema\\\/logo\\\/image\\\/\",\"url\":\"https:\\\/\\\/static.purejewels.com\\\/wp-content\\\/uploads\\\/2020\\\/11\\\/Logo-PJ-New-1.png\",\"contentUrl\":\"https:\\\/\\\/static.purejewels.com\\\/wp-content\\\/uploads\\\/2020\\\/11\\\/Logo-PJ-New-1.png\",\"width\":150,\"height\":80,\"caption\":\"PureJewels UK\"},\"image\":{\"@id\":\"https:\\\/\\\/www.purejewels.com\\\/#\\\/schema\\\/logo\\\/image\\\/\"}}]}<\/script>\n<!-- \/ Yoast SEO plugin. -->","yoast_head_json":{"title":"Vinyasa Anh\u00e4nger aus nat\u00fcrlichem Wei\u00dfgold und Diamant mit zwei Pfauen.","robots":{"index":"index","follow":"follow","max-snippet":"max-snippet:-1","max-image-preview":"max-image-preview:large","max-video-preview":"max-video-preview:-1"},"canonical":"https:\/\/www.purejewels.com\/de\/produkt-2\/anhanger-mit-zwillings-pfau-aus-naturlichem-weisgold-und-diamanten\/","og_locale":"de_DE","og_type":"article","og_title":"Vinyasa Natural White Gold and Diamond Twin Peacock Pendant.","og_description":"Declare your love in spectacular style. \u00a0Sculpted from just one piece of white gold, this pair of peacocks makes a sensational pendant. \u00a0With the signature Vinyasa feathers adding movement, and the diamond eyes sparkling with fire, it's a captivating piece to celebrate a well-lived life.   18ct White Gold  Diamond Wt 0.01cts  Weight: 11.0 Gms  Sku 27757  All prices include VAT  18ct Gold\u00a0Hallmarked by London Assay Office  Comes With Presentation Box  Delivery Included  Live chat with us for availability and more images of similar designs currently in stock","og_url":"https:\/\/www.purejewels.com\/de\/produkt-2\/anhanger-mit-zwillings-pfau-aus-naturlichem-weisgold-und-diamanten\/","og_site_name":"PureJewels UK","article_modified_time":"2026-02-09T06:38:34+00:00","og_image":[{"width":1000,"height":1000,"url":"https:\/\/static.purejewels.com\/wp-content\/uploads\/2018\/02\/27757-1.jpg","type":"image\/jpeg"}],"twitter_card":"summary_large_image","twitter_misc":{"Gesch\u00e4tzte Lesezeit":"1\u00a0Minute"},"schema":{"@context":"https:\/\/schema.org","@graph":[{"@type":["WebPage","ItemPage"],"@id":"https:\/\/www.purejewels.com\/product\/natural-white-gold-and-diamond-vinyasa-twin-peacock-pendant\/","url":"https:\/\/www.purejewels.com\/product\/natural-white-gold-and-diamond-vinyasa-twin-peacock-pendant\/","name":"Vinyasa Anh\u00e4nger aus nat\u00fcrlichem Wei\u00dfgold und Diamant mit zwei Pfauen.","isPartOf":{"@id":"https:\/\/www.purejewels.com\/#website"},"primaryImageOfPage":{"@id":"https:\/\/www.purejewels.com\/product\/natural-white-gold-and-diamond-vinyasa-twin-peacock-pendant\/#primaryimage"},"image":{"@id":"https:\/\/www.purejewels.com\/product\/natural-white-gold-and-diamond-vinyasa-twin-peacock-pendant\/#primaryimage"},"thumbnailUrl":"https:\/\/static.purejewels.com\/wp-content\/uploads\/2018\/02\/27757-1.jpg","datePublished":"2018-02-16T15:17:05+00:00","dateModified":"2026-02-09T06:38:34+00:00","breadcrumb":{"@id":"https:\/\/www.purejewels.com\/product\/natural-white-gold-and-diamond-vinyasa-twin-peacock-pendant\/#breadcrumb"},"inLanguage":"de","potentialAction":[{"@type":"ReadAction","target":["https:\/\/www.purejewels.com\/product\/natural-white-gold-and-diamond-vinyasa-twin-peacock-pendant\/"]}]},{"@type":"ImageObject","inLanguage":"de","@id":"https:\/\/www.purejewels.com\/product\/natural-white-gold-and-diamond-vinyasa-twin-peacock-pendant\/#primaryimage","url":"https:\/\/static.purejewels.com\/wp-content\/uploads\/2018\/02\/27757-1.jpg","contentUrl":"https:\/\/static.purejewels.com\/wp-content\/uploads\/2018\/02\/27757-1.jpg","width":1000,"height":1000,"caption":"27757-1"},{"@type":"BreadcrumbList","@id":"https:\/\/www.purejewels.com\/product\/natural-white-gold-and-diamond-vinyasa-twin-peacock-pendant\/#breadcrumb","itemListElement":[{"@type":"ListItem","position":1,"name":"Home","item":"https:\/\/www.purejewels.com\/"},{"@type":"ListItem","position":2,"name":"Shop","item":"https:\/\/www.purejewels.com\/shop\/"},{"@type":"ListItem","position":3,"name":"Vinyasa Natural White Gold and Diamond Twin Peacock Pendant"}]},{"@type":"WebSite","@id":"https:\/\/www.purejewels.com\/#website","url":"https:\/\/www.purejewels.com\/","name":"PureJewels UK","description":"Teile die Liebe","publisher":{"@id":"https:\/\/www.purejewels.com\/#organization"},"potentialAction":[{"@type":"SearchAction","target":{"@type":"EntryPoint","urlTemplate":"https:\/\/www.purejewels.com\/?s={search_term_string}"},"query-input":{"@type":"PropertyValueSpecification","valueRequired":true,"valueName":"search_term_string"}}],"inLanguage":"de"},{"@type":"Organization","@id":"https:\/\/www.purejewels.com\/#organization","name":"PureJewels UK","url":"https:\/\/www.purejewels.com\/","logo":{"@type":"ImageObject","inLanguage":"de","@id":"https:\/\/www.purejewels.com\/#\/schema\/logo\/image\/","url":"https:\/\/static.purejewels.com\/wp-content\/uploads\/2020\/11\/Logo-PJ-New-1.png","contentUrl":"https:\/\/static.purejewels.com\/wp-content\/uploads\/2020\/11\/Logo-PJ-New-1.png","width":150,"height":80,"caption":"PureJewels UK"},"image":{"@id":"https:\/\/www.purejewels.com\/#\/schema\/logo\/image\/"}}]}},"_links":{"self":[{"href":"https:\/\/www.purejewels.com\/de\/wp-json\/wp\/v2\/product\/298916","targetHints":{"allow":["GET"]}}],"collection":[{"href":"https:\/\/www.purejewels.com\/de\/wp-json\/wp\/v2\/product"}],"about":[{"href":"https:\/\/www.purejewels.com\/de\/wp-json\/wp\/v2\/types\/product"}],"replies":[{"embeddable":true,"href":"https:\/\/www.purejewels.com\/de\/wp-json\/wp\/v2\/comments?post=298916"}],"version-history":[{"count":2,"href":"https:\/\/www.purejewels.com\/de\/wp-json\/wp\/v2\/product\/298916\/revisions"}],"predecessor-version":[{"id":416463,"href":"https:\/\/www.purejewels.com\/de\/wp-json\/wp\/v2\/product\/298916\/revisions\/416463"}],"wp:featuredmedia":[{"embeddable":true,"href":"https:\/\/www.purejewels.com\/de\/wp-json\/wp\/v2\/media\/312611"}],"wp:attachment":[{"href":"https:\/\/www.purejewels.com\/de\/wp-json\/wp\/v2\/media?parent=298916"}],"wp:term":[{"taxonomy":"product_brand","embeddable":true,"href":"https:\/\/www.purejewels.com\/de\/wp-json\/wp\/v2\/product_brand?post=298916"},{"taxonomy":"product_cat","embeddable":true,"href":"https:\/\/www.purejewels.com\/de\/wp-json\/wp\/v2\/product_cat?post=298916"},{"taxonomy":"product_tag","embeddable":true,"href":"https:\/\/www.purejewels.com\/de\/wp-json\/wp\/v2\/product_tag?post=298916"}],"curies":[{"name":"wp","href":"https:\/\/api.w.org\/{rel}","templated":true}]}}