{"id":299090,"date":"2018-02-23T12:18:48","date_gmt":"2018-02-23T12:18:48","guid":{"rendered":"https:\/\/www.purejewels.com\/product\/22ct-gold-bracelet-5\/"},"modified":"2026-03-11T04:34:20","modified_gmt":"2026-03-11T04:34:20","slug":"22-kt-gold-armband-5","status":"publish","type":"product","link":"https:\/\/www.purejewels.com\/de\/product\/22ct-gold-bracelet-5\/","title":{"rendered":"22ct Gold Minimal Perlenarmband"},"content":{"rendered":"<p><strong>Designkonzept<\/strong><\/p>\n<p>Das 22ct Gold Minimal Beaded Bracelet ist inspiriert von der Sch\u00f6nheit eines schlichten Designs. Die gleichm\u00e4\u00dfig verteilten Goldperlen erzeugen einen sanften Rhythmus entlang der Kette und bilden eine ausgewogene und anmutige Komposition. Jede Perle reflektiert das Licht sanft durch ihre matte Textur, die eher einen warmen, satinierten Schimmer erzeugt als einen hohen Glanz. Dieser Designansatz unterstreicht die Reinheit und den Reichtum von 22-kar\u00e4tigem Gold und bewahrt gleichzeitig eine moderne, minimalistische \u00c4sthetik.<\/p>\n<p><strong>Handwerkliches K\u00f6nnen<\/strong><\/p>\n<p>Jedes Armband wird mit viel Liebe zum Detail angefertigt. Die Goldperlen werden einzeln geformt und bearbeitet, um eine glatte, matte Oberfl\u00e4che zu erhalten, die die nat\u00fcrliche W\u00e4rme des Goldes hervorhebt.<\/p>\n<p>Die filigranen Kettenglieder sind so zusammengesetzt, dass sie Flexibilit\u00e4t, Haltbarkeit und Komfort am Handgelenk gew\u00e4hrleisten. Der Verschluss ist so konzipiert, dass das Armband sicher getragen werden kann und gleichzeitig sein elegantes und minimalistisches Aussehen beibeh\u00e4lt.<\/p>\n<p><strong>Styling-Ideen<\/strong><\/p>\n<p>Die Vielseitigkeit dieses Armbands macht es zu einem m\u00fchelosen Styling-Teil.<\/p>\n<p>Wie man es tragen kann:<\/p>\n<p>- Tragen Sie es allein f\u00fcr ein klares, minimalistisches Statement<br \/>\n- Kombinieren Sie es mit anderen goldenen Armb\u00e4ndern f\u00fcr einen mehrschichtigen Stapel am Handgelenk<br \/>\n- Kombinieren Sie ihn mit Armreifen f\u00fcr einen modernen Look mit gemischter Textur<br \/>\n- Passt sowohl zu legeren Outfits als auch zu eleganter Abendgarderobe<\/p>\n<p>Sein dezentes Design erm\u00f6glicht es, andere Schmuckst\u00fccke zu erg\u00e4nzen, w\u00e4hrend er sich gleichzeitig durch seine raffinierte Goldtextur auszeichnet.<\/p>","protected":false},"excerpt":{"rendered":"<p>Das 22ct Gold Minimal Beaded Bracelet ist ein zarter Ausdruck moderner Schlichtheit. Mit gleichm\u00e4\u00dfig verteilten, mattierten Goldperlen, die mit einer feinen Kette verbunden sind, verleiht dieses Armband dem Handgelenk eine subtile und doch unverwechselbare Textur.<\/p>\n<ul>\n<li><strong>Material:<\/strong>\u00a022ct Gold (91,6% reines Gold)<\/li>\n<li><strong>Wahrzeichen:\u00a0<\/strong>Britisches G\u00fctesiegel<\/li>\n<li><strong>Bruttogewicht: <\/strong>4.6 Gms<\/li>\n<li><strong>SKU: <\/strong>26749<\/li>\n<\/ul>\n<p><strong><br \/>\nPreis und Lieferung:\u00a0<\/strong>Inklusive Mehrwertsteuer und Lieferkosten<\/p>\n<p><strong><a href=\"https:\/\/www.purejewels.com\/de\/ruckgabepolitik\/\">R\u00fcckgabepolitik<\/a><\/strong><\/p>\n<p>&nbsp;<\/p>","protected":false},"featured_media":299121,"comment_status":"closed","ping_status":"closed","template":"","meta":{"_eb_attr":"","_crsspst_to_jayantr4sg-hostcom":false},"product_brand":[],"product_cat":[1627,1574],"product_tag":[],"class_list":{"0":"post-299090","1":"product","2":"type-product","3":"status-publish","4":"has-post-thumbnail","6":"product_cat-ladies-bracelet","7":"product_cat-womens-jewellery","9":"first","10":"outofstock","11":"taxable","12":"shipping-taxable","13":"product-type-simple","14":"add-to-wishlist-before_image"},"yoast_head":"<!-- This site is optimized with the Yoast SEO plugin v27.3 - https:\/\/yoast.com\/product\/yoast-seo-wordpress\/ -->\n<title>Shop Minimal 22ct Gold Beaded Bracelet | Modern Gold Bracelet<\/title>\n<meta name=\"description\" content=\"Discover a minimal 22ct gold beaded bracelet crafted with delicate matte gold beads. A refined everyday gold bracelet designed for effortless styling and timeless wear.\" \/>\n<meta name=\"robots\" content=\"index, follow, max-snippet:-1, max-image-preview:large, max-video-preview:-1\" \/>\n<link rel=\"canonical\" href=\"https:\/\/www.purejewels.com\/de\/produkt-2\/22-kt-gold-armband-5\/\" \/>\n<meta property=\"og:locale\" content=\"de_DE\" \/>\n<meta property=\"og:type\" content=\"article\" \/>\n<meta property=\"og:title\" content=\"Shop Minimal 22ct Gold Beaded Bracelet | Modern Gold Bracelet\" \/>\n<meta property=\"og:description\" content=\"Discover a minimal 22ct gold beaded bracelet crafted with delicate matte gold beads. A refined everyday gold bracelet designed for effortless styling and timeless wear.\" \/>\n<meta property=\"og:url\" content=\"https:\/\/www.purejewels.com\/de\/produkt-2\/22-kt-gold-armband-5\/\" \/>\n<meta property=\"og:site_name\" content=\"PureJewels UK\" \/>\n<meta property=\"article:modified_time\" content=\"2026-03-11T04:34:20+00:00\" \/>\n<meta property=\"og:image\" content=\"https:\/\/static.purejewels.com\/wp-content\/uploads\/2018\/02\/26749_1.png\" \/>\n\t<meta property=\"og:image:width\" content=\"1000\" \/>\n\t<meta property=\"og:image:height\" content=\"1000\" \/>\n\t<meta property=\"og:image:type\" content=\"image\/png\" \/>\n<meta name=\"twitter:card\" content=\"summary_large_image\" \/>\n<meta name=\"twitter:label1\" content=\"Gesch\u00e4tzte Lesezeit\" \/>\n\t<meta name=\"twitter:data1\" content=\"2\u00a0Minuten\" \/>\n<script type=\"application\/ld+json\" class=\"yoast-schema-graph\">{\"@context\":\"https:\\\/\\\/schema.org\",\"@graph\":[{\"@type\":[\"WebPage\",\"ItemPage\"],\"@id\":\"https:\\\/\\\/www.purejewels.com\\\/product\\\/22ct-gold-bracelet-5\\\/\",\"url\":\"https:\\\/\\\/www.purejewels.com\\\/product\\\/22ct-gold-bracelet-5\\\/\",\"name\":\"Shop Minimal 22ct Gold Beaded Bracelet | Modern Gold Bracelet\",\"isPartOf\":{\"@id\":\"https:\\\/\\\/www.purejewels.com\\\/#website\"},\"primaryImageOfPage\":{\"@id\":\"https:\\\/\\\/www.purejewels.com\\\/product\\\/22ct-gold-bracelet-5\\\/#primaryimage\"},\"image\":{\"@id\":\"https:\\\/\\\/www.purejewels.com\\\/product\\\/22ct-gold-bracelet-5\\\/#primaryimage\"},\"thumbnailUrl\":\"https:\\\/\\\/static.purejewels.com\\\/wp-content\\\/uploads\\\/2018\\\/02\\\/26749_1.png\",\"datePublished\":\"2018-02-23T12:18:48+00:00\",\"dateModified\":\"2026-03-11T04:34:20+00:00\",\"description\":\"Discover a minimal 22ct gold beaded bracelet crafted with delicate matte gold beads. A refined everyday gold bracelet designed for effortless styling and timeless wear.\",\"breadcrumb\":{\"@id\":\"https:\\\/\\\/www.purejewels.com\\\/product\\\/22ct-gold-bracelet-5\\\/#breadcrumb\"},\"inLanguage\":\"de\",\"potentialAction\":[{\"@type\":\"ReadAction\",\"target\":[\"https:\\\/\\\/www.purejewels.com\\\/product\\\/22ct-gold-bracelet-5\\\/\"]}]},{\"@type\":\"ImageObject\",\"inLanguage\":\"de\",\"@id\":\"https:\\\/\\\/www.purejewels.com\\\/product\\\/22ct-gold-bracelet-5\\\/#primaryimage\",\"url\":\"https:\\\/\\\/static.purejewels.com\\\/wp-content\\\/uploads\\\/2018\\\/02\\\/26749_1.png\",\"contentUrl\":\"https:\\\/\\\/static.purejewels.com\\\/wp-content\\\/uploads\\\/2018\\\/02\\\/26749_1.png\",\"width\":1000,\"height\":1000,\"caption\":\"26749_1\"},{\"@type\":\"BreadcrumbList\",\"@id\":\"https:\\\/\\\/www.purejewels.com\\\/product\\\/22ct-gold-bracelet-5\\\/#breadcrumb\",\"itemListElement\":[{\"@type\":\"ListItem\",\"position\":1,\"name\":\"Home\",\"item\":\"https:\\\/\\\/www.purejewels.com\\\/\"},{\"@type\":\"ListItem\",\"position\":2,\"name\":\"Shop\",\"item\":\"https:\\\/\\\/www.purejewels.com\\\/shop\\\/\"},{\"@type\":\"ListItem\",\"position\":3,\"name\":\"22ct Gold Minimal Beaded Bracelet\"}]},{\"@type\":\"WebSite\",\"@id\":\"https:\\\/\\\/www.purejewels.com\\\/#website\",\"url\":\"https:\\\/\\\/www.purejewels.com\\\/\",\"name\":\"PureJewels UK\",\"description\":\"Share the Love\",\"publisher\":{\"@id\":\"https:\\\/\\\/www.purejewels.com\\\/#organization\"},\"potentialAction\":[{\"@type\":\"SearchAction\",\"target\":{\"@type\":\"EntryPoint\",\"urlTemplate\":\"https:\\\/\\\/www.purejewels.com\\\/?s={search_term_string}\"},\"query-input\":{\"@type\":\"PropertyValueSpecification\",\"valueRequired\":true,\"valueName\":\"search_term_string\"}}],\"inLanguage\":\"de\"},{\"@type\":\"Organization\",\"@id\":\"https:\\\/\\\/www.purejewels.com\\\/#organization\",\"name\":\"PureJewels UK\",\"url\":\"https:\\\/\\\/www.purejewels.com\\\/\",\"logo\":{\"@type\":\"ImageObject\",\"inLanguage\":\"de\",\"@id\":\"https:\\\/\\\/www.purejewels.com\\\/#\\\/schema\\\/logo\\\/image\\\/\",\"url\":\"https:\\\/\\\/static.purejewels.com\\\/wp-content\\\/uploads\\\/2020\\\/11\\\/Logo-PJ-New-1.png\",\"contentUrl\":\"https:\\\/\\\/static.purejewels.com\\\/wp-content\\\/uploads\\\/2020\\\/11\\\/Logo-PJ-New-1.png\",\"width\":150,\"height\":80,\"caption\":\"PureJewels UK\"},\"image\":{\"@id\":\"https:\\\/\\\/www.purejewels.com\\\/#\\\/schema\\\/logo\\\/image\\\/\"}}]}<\/script>\n<!-- \/ Yoast SEO plugin. -->","yoast_head_json":{"title":"Shop Minimal 22ct Gold Perlenarmband | Modernes Goldarmband","description":"Entdecken Sie ein minimalistisches Armband aus 22-kar\u00e4tigem Gold, das mit zarten, mattierten Goldperlen gefertigt ist. Ein raffiniertes, allt\u00e4gliches Goldarmband f\u00fcr m\u00fcheloses Styling und zeitloses Tragen.","robots":{"index":"index","follow":"follow","max-snippet":"max-snippet:-1","max-image-preview":"max-image-preview:large","max-video-preview":"max-video-preview:-1"},"canonical":"https:\/\/www.purejewels.com\/de\/produkt-2\/22-kt-gold-armband-5\/","og_locale":"de_DE","og_type":"article","og_title":"Shop Minimal 22ct Gold Beaded Bracelet | Modern Gold Bracelet","og_description":"Discover a minimal 22ct gold beaded bracelet crafted with delicate matte gold beads. A refined everyday gold bracelet designed for effortless styling and timeless wear.","og_url":"https:\/\/www.purejewels.com\/de\/produkt-2\/22-kt-gold-armband-5\/","og_site_name":"PureJewels UK","article_modified_time":"2026-03-11T04:34:20+00:00","og_image":[{"width":1000,"height":1000,"url":"https:\/\/static.purejewels.com\/wp-content\/uploads\/2018\/02\/26749_1.png","type":"image\/png"}],"twitter_card":"summary_large_image","twitter_misc":{"Gesch\u00e4tzte Lesezeit":"2\u00a0Minuten"},"schema":{"@context":"https:\/\/schema.org","@graph":[{"@type":["WebPage","ItemPage"],"@id":"https:\/\/www.purejewels.com\/product\/22ct-gold-bracelet-5\/","url":"https:\/\/www.purejewels.com\/product\/22ct-gold-bracelet-5\/","name":"Shop Minimal 22ct Gold Perlenarmband | Modernes Goldarmband","isPartOf":{"@id":"https:\/\/www.purejewels.com\/#website"},"primaryImageOfPage":{"@id":"https:\/\/www.purejewels.com\/product\/22ct-gold-bracelet-5\/#primaryimage"},"image":{"@id":"https:\/\/www.purejewels.com\/product\/22ct-gold-bracelet-5\/#primaryimage"},"thumbnailUrl":"https:\/\/static.purejewels.com\/wp-content\/uploads\/2018\/02\/26749_1.png","datePublished":"2018-02-23T12:18:48+00:00","dateModified":"2026-03-11T04:34:20+00:00","description":"Entdecken Sie ein minimalistisches Armband aus 22-kar\u00e4tigem Gold, das mit zarten, mattierten Goldperlen gefertigt ist. Ein raffiniertes, allt\u00e4gliches Goldarmband f\u00fcr m\u00fcheloses Styling und zeitloses Tragen.","breadcrumb":{"@id":"https:\/\/www.purejewels.com\/product\/22ct-gold-bracelet-5\/#breadcrumb"},"inLanguage":"de","potentialAction":[{"@type":"ReadAction","target":["https:\/\/www.purejewels.com\/product\/22ct-gold-bracelet-5\/"]}]},{"@type":"ImageObject","inLanguage":"de","@id":"https:\/\/www.purejewels.com\/product\/22ct-gold-bracelet-5\/#primaryimage","url":"https:\/\/static.purejewels.com\/wp-content\/uploads\/2018\/02\/26749_1.png","contentUrl":"https:\/\/static.purejewels.com\/wp-content\/uploads\/2018\/02\/26749_1.png","width":1000,"height":1000,"caption":"26749_1"},{"@type":"BreadcrumbList","@id":"https:\/\/www.purejewels.com\/product\/22ct-gold-bracelet-5\/#breadcrumb","itemListElement":[{"@type":"ListItem","position":1,"name":"Home","item":"https:\/\/www.purejewels.com\/"},{"@type":"ListItem","position":2,"name":"Shop","item":"https:\/\/www.purejewels.com\/shop\/"},{"@type":"ListItem","position":3,"name":"22ct Gold Minimal Beaded Bracelet"}]},{"@type":"WebSite","@id":"https:\/\/www.purejewels.com\/#website","url":"https:\/\/www.purejewels.com\/","name":"PureJewels UK","description":"Teile die Liebe","publisher":{"@id":"https:\/\/www.purejewels.com\/#organization"},"potentialAction":[{"@type":"SearchAction","target":{"@type":"EntryPoint","urlTemplate":"https:\/\/www.purejewels.com\/?s={search_term_string}"},"query-input":{"@type":"PropertyValueSpecification","valueRequired":true,"valueName":"search_term_string"}}],"inLanguage":"de"},{"@type":"Organization","@id":"https:\/\/www.purejewels.com\/#organization","name":"PureJewels UK","url":"https:\/\/www.purejewels.com\/","logo":{"@type":"ImageObject","inLanguage":"de","@id":"https:\/\/www.purejewels.com\/#\/schema\/logo\/image\/","url":"https:\/\/static.purejewels.com\/wp-content\/uploads\/2020\/11\/Logo-PJ-New-1.png","contentUrl":"https:\/\/static.purejewels.com\/wp-content\/uploads\/2020\/11\/Logo-PJ-New-1.png","width":150,"height":80,"caption":"PureJewels UK"},"image":{"@id":"https:\/\/www.purejewels.com\/#\/schema\/logo\/image\/"}}]}},"_links":{"self":[{"href":"https:\/\/www.purejewels.com\/de\/wp-json\/wp\/v2\/product\/299090","targetHints":{"allow":["GET"]}}],"collection":[{"href":"https:\/\/www.purejewels.com\/de\/wp-json\/wp\/v2\/product"}],"about":[{"href":"https:\/\/www.purejewels.com\/de\/wp-json\/wp\/v2\/types\/product"}],"replies":[{"embeddable":true,"href":"https:\/\/www.purejewels.com\/de\/wp-json\/wp\/v2\/comments?post=299090"}],"version-history":[{"count":4,"href":"https:\/\/www.purejewels.com\/de\/wp-json\/wp\/v2\/product\/299090\/revisions"}],"predecessor-version":[{"id":426927,"href":"https:\/\/www.purejewels.com\/de\/wp-json\/wp\/v2\/product\/299090\/revisions\/426927"}],"wp:featuredmedia":[{"embeddable":true,"href":"https:\/\/www.purejewels.com\/de\/wp-json\/wp\/v2\/media\/299121"}],"wp:attachment":[{"href":"https:\/\/www.purejewels.com\/de\/wp-json\/wp\/v2\/media?parent=299090"}],"wp:term":[{"taxonomy":"product_brand","embeddable":true,"href":"https:\/\/www.purejewels.com\/de\/wp-json\/wp\/v2\/product_brand?post=299090"},{"taxonomy":"product_cat","embeddable":true,"href":"https:\/\/www.purejewels.com\/de\/wp-json\/wp\/v2\/product_cat?post=299090"},{"taxonomy":"product_tag","embeddable":true,"href":"https:\/\/www.purejewels.com\/de\/wp-json\/wp\/v2\/product_tag?post=299090"}],"curies":[{"name":"wp","href":"https:\/\/api.w.org\/{rel}","templated":true}]}}