{"id":299371,"date":"2018-03-02T15:34:35","date_gmt":"2018-03-02T15:34:35","guid":{"rendered":"https:\/\/www.purejewels.com\/product\/22ct-gold-bauble-bangles-2\/"},"modified":"2026-03-24T09:22:20","modified_gmt":"2026-03-24T09:22:20","slug":"22-karat-goldkugeln-armreifen-2","status":"publish","type":"product","link":"https:\/\/www.purejewels.com\/de\/product\/22ct-gold-bauble-bangles-2\/","title":{"rendered":"22ct Gold Heritage Jali Detail Kada Paar Armreifen"},"content":{"rendered":"<p>Gestaltung<br \/>\nDieses Kada-Paar zeichnet sich durch eine reiche Komposition detaillierter Motive aus, die von der traditionellen Goldschmiedekunst inspiriert sind. Geschichtete Elemente und skulpturale Akzente verleihen der Oberfl\u00e4che Tiefe, w\u00e4hrend die zentralen Highlights f\u00fcr Struktur und Fokus sorgen. Das Design vermittelt einen starken Sinn f\u00fcr das Erbe und bewahrt gleichzeitig eine ausgewogene und raffinierte Silhouette.<\/p>\n<p>Handwerkliches K\u00f6nnen<br \/>\nJedes Kada ist aus 22-kar\u00e4tigem Gold gefertigt und wird mit Hilfe von Techniken wie Granulation, Gravur und Pr\u00e4zisionsformung sorgf\u00e4ltig ausgearbeitet. Die Struktur ist auf Langlebigkeit ausgelegt und gew\u00e4hrleistet gleichzeitig einen bequemen Sitz am Handgelenk. Jedes Element wird sorgf\u00e4ltig zusammengesetzt, um ein koh\u00e4rentes und erhabenes Finish zu erzielen. Jedes St\u00fcck ist im Vereinigten K\u00f6nigreich gepunzt und garantiert zertifizierte Goldreinheit und Handwerkskunst.<\/p>\n<p>Styling &amp; Geschenkartikel<br \/>\nDieses Kada-Paar ist ideal f\u00fcr Hochzeiten, festliche Anl\u00e4sse und Feiern und verleiht jedem Ensemble Reichtum und Pr\u00e4senz. Es l\u00e4sst sich wunderbar mit traditioneller Kleidung kombinieren und kann auch als Statement-St\u00fcck mit modernen Looks gestylt werden. Ein sinnvolles Geschenk f\u00fcr Jubil\u00e4en oder besondere Momente, die nach etwas Zeitlosem und Ausdrucksstarkem verlangen.<\/p>","protected":false},"excerpt":{"rendered":"<ul>\n<li>22ct Gold Kugel Armreifen<\/li>\n<li>Armreif 1: SKU. 27235 , Gewicht. 27.1 g<\/li>\n<li>Armreif 2: SKU. 27236 , Gewicht. 27.4 g<\/li>\n<li>Gr\u00f6\u00dfe: 2,6 Zoll Innendurchmesser. F\u00fcr weitere Gr\u00f6\u00dfen bitte anfragen<\/li>\n<li>Alle unsere Produkte sind vom London Assay Office gestempelt.<\/li>\n<li>Mit Pr\u00e4sentationsbox<\/li>\n<li>Lieferung inbegriffen<\/li>\n<li>Alle Preise inklusive Mehrwertsteuer<\/li>\n<li>Diese Bangels sind derzeit ausverkauft und k\u00f6nnen auf Bestellung gefertigt werden (4 bis 6 Wochen Lieferzeit).<\/li>\n<li>Kontaktieren Sie uns \/ chatten Sie mit uns, um \u00e4hnliche Bridal Kada zu sehen<\/li>\n<\/ul>","protected":false},"featured_media":299407,"comment_status":"closed","ping_status":"closed","template":"","meta":{"_eb_attr":"","_crsspst_to_jayantr4sg-hostcom":false},"product_brand":[],"product_cat":[1659,1574],"product_tag":[1514,63,1521],"class_list":{"0":"post-299371","1":"product","2":"type-product","3":"status-publish","4":"has-post-thumbnail","6":"product_cat-bridal-and-party-wear-gold-kada-bangle","7":"product_cat-womens-jewellery","8":"product_tag-bangles","9":"product_tag-gold","10":"product_tag-kada","12":"first","13":"outofstock","14":"taxable","15":"shipping-taxable","16":"product-type-simple","17":"add-to-wishlist-before_image"},"yoast_head":"<!-- This site is optimized with the Yoast SEO plugin v27.3 - https:\/\/yoast.com\/product\/yoast-seo-wordpress\/ -->\n<title>22ct Gold Heritage Kada Pair Intricate Design | PureJewels UK<\/title>\n<meta name=\"description\" content=\"Shop a pair of 22ct gold kadas with intricate heritage detailing and layered motifs. Handcrafted and UK hallmarked for purity and occasion wear.\" \/>\n<meta name=\"robots\" content=\"index, follow, max-snippet:-1, max-image-preview:large, max-video-preview:-1\" \/>\n<link rel=\"canonical\" href=\"https:\/\/www.purejewels.com\/de\/produkt-2\/22-karat-goldkugeln-armreifen-2\/\" \/>\n<meta property=\"og:locale\" content=\"de_DE\" \/>\n<meta property=\"og:type\" content=\"article\" \/>\n<meta property=\"og:title\" content=\"22ct Gold Heritage Kada Pair Intricate Design | PureJewels UK\" \/>\n<meta property=\"og:description\" content=\"Shop a pair of 22ct gold kadas with intricate heritage detailing and layered motifs. Handcrafted and UK hallmarked for purity and occasion wear.\" \/>\n<meta property=\"og:url\" content=\"https:\/\/www.purejewels.com\/de\/produkt-2\/22-karat-goldkugeln-armreifen-2\/\" \/>\n<meta property=\"og:site_name\" content=\"PureJewels UK\" \/>\n<meta property=\"article:modified_time\" content=\"2026-03-24T09:22:20+00:00\" \/>\n<meta property=\"og:image\" content=\"https:\/\/static.purejewels.com\/wp-content\/uploads\/2018\/03\/27235_36_1.png\" \/>\n\t<meta property=\"og:image:width\" content=\"1000\" \/>\n\t<meta property=\"og:image:height\" content=\"1000\" \/>\n\t<meta property=\"og:image:type\" content=\"image\/png\" \/>\n<meta name=\"twitter:card\" content=\"summary_large_image\" \/>\n<meta name=\"twitter:label1\" content=\"Gesch\u00e4tzte Lesezeit\" \/>\n\t<meta name=\"twitter:data1\" content=\"1\u00a0Minute\" \/>\n<script type=\"application\/ld+json\" class=\"yoast-schema-graph\">{\"@context\":\"https:\\\/\\\/schema.org\",\"@graph\":[{\"@type\":[\"WebPage\",\"ItemPage\"],\"@id\":\"https:\\\/\\\/www.purejewels.com\\\/product\\\/22ct-gold-bauble-bangles-2\\\/\",\"url\":\"https:\\\/\\\/www.purejewels.com\\\/product\\\/22ct-gold-bauble-bangles-2\\\/\",\"name\":\"22ct Gold Heritage Kada Pair Intricate Design | PureJewels UK\",\"isPartOf\":{\"@id\":\"https:\\\/\\\/www.purejewels.com\\\/#website\"},\"primaryImageOfPage\":{\"@id\":\"https:\\\/\\\/www.purejewels.com\\\/product\\\/22ct-gold-bauble-bangles-2\\\/#primaryimage\"},\"image\":{\"@id\":\"https:\\\/\\\/www.purejewels.com\\\/product\\\/22ct-gold-bauble-bangles-2\\\/#primaryimage\"},\"thumbnailUrl\":\"https:\\\/\\\/static.purejewels.com\\\/wp-content\\\/uploads\\\/2018\\\/03\\\/27235_36_1.png\",\"datePublished\":\"2018-03-02T15:34:35+00:00\",\"dateModified\":\"2026-03-24T09:22:20+00:00\",\"description\":\"Shop a pair of 22ct gold kadas with intricate heritage detailing and layered motifs. Handcrafted and UK hallmarked for purity and occasion wear.\",\"breadcrumb\":{\"@id\":\"https:\\\/\\\/www.purejewels.com\\\/product\\\/22ct-gold-bauble-bangles-2\\\/#breadcrumb\"},\"inLanguage\":\"de\",\"potentialAction\":[{\"@type\":\"ReadAction\",\"target\":[\"https:\\\/\\\/www.purejewels.com\\\/product\\\/22ct-gold-bauble-bangles-2\\\/\"]}]},{\"@type\":\"ImageObject\",\"inLanguage\":\"de\",\"@id\":\"https:\\\/\\\/www.purejewels.com\\\/product\\\/22ct-gold-bauble-bangles-2\\\/#primaryimage\",\"url\":\"https:\\\/\\\/static.purejewels.com\\\/wp-content\\\/uploads\\\/2018\\\/03\\\/27235_36_1.png\",\"contentUrl\":\"https:\\\/\\\/static.purejewels.com\\\/wp-content\\\/uploads\\\/2018\\\/03\\\/27235_36_1.png\",\"width\":1000,\"height\":1000,\"caption\":\"27235_36_1\"},{\"@type\":\"BreadcrumbList\",\"@id\":\"https:\\\/\\\/www.purejewels.com\\\/product\\\/22ct-gold-bauble-bangles-2\\\/#breadcrumb\",\"itemListElement\":[{\"@type\":\"ListItem\",\"position\":1,\"name\":\"Home\",\"item\":\"https:\\\/\\\/www.purejewels.com\\\/\"},{\"@type\":\"ListItem\",\"position\":2,\"name\":\"Shop\",\"item\":\"https:\\\/\\\/www.purejewels.com\\\/shop\\\/\"},{\"@type\":\"ListItem\",\"position\":3,\"name\":\"22ct Gold Heritage Jali Detail Kada Pair Bangles\"}]},{\"@type\":\"WebSite\",\"@id\":\"https:\\\/\\\/www.purejewels.com\\\/#website\",\"url\":\"https:\\\/\\\/www.purejewels.com\\\/\",\"name\":\"PureJewels UK\",\"description\":\"Share the Love\",\"publisher\":{\"@id\":\"https:\\\/\\\/www.purejewels.com\\\/#organization\"},\"potentialAction\":[{\"@type\":\"SearchAction\",\"target\":{\"@type\":\"EntryPoint\",\"urlTemplate\":\"https:\\\/\\\/www.purejewels.com\\\/?s={search_term_string}\"},\"query-input\":{\"@type\":\"PropertyValueSpecification\",\"valueRequired\":true,\"valueName\":\"search_term_string\"}}],\"inLanguage\":\"de\"},{\"@type\":\"Organization\",\"@id\":\"https:\\\/\\\/www.purejewels.com\\\/#organization\",\"name\":\"PureJewels UK\",\"url\":\"https:\\\/\\\/www.purejewels.com\\\/\",\"logo\":{\"@type\":\"ImageObject\",\"inLanguage\":\"de\",\"@id\":\"https:\\\/\\\/www.purejewels.com\\\/#\\\/schema\\\/logo\\\/image\\\/\",\"url\":\"https:\\\/\\\/static.purejewels.com\\\/wp-content\\\/uploads\\\/2020\\\/11\\\/Logo-PJ-New-1.png\",\"contentUrl\":\"https:\\\/\\\/static.purejewels.com\\\/wp-content\\\/uploads\\\/2020\\\/11\\\/Logo-PJ-New-1.png\",\"width\":150,\"height\":80,\"caption\":\"PureJewels UK\"},\"image\":{\"@id\":\"https:\\\/\\\/www.purejewels.com\\\/#\\\/schema\\\/logo\\\/image\\\/\"}}]}<\/script>\n<!-- \/ Yoast SEO plugin. -->","yoast_head_json":{"title":"22ct Gold Heritage Kada Paar komplizierte Design | PureJewels UK","description":"Shoppen Sie ein Paar Kadas aus 22-kar\u00e4tigem Gold mit aufwendigen Heritage-Details und mehrschichtigen Motiven. Handgefertigt und UK-gepunzt f\u00fcr Reinheit und Anlass tragen.","robots":{"index":"index","follow":"follow","max-snippet":"max-snippet:-1","max-image-preview":"max-image-preview:large","max-video-preview":"max-video-preview:-1"},"canonical":"https:\/\/www.purejewels.com\/de\/produkt-2\/22-karat-goldkugeln-armreifen-2\/","og_locale":"de_DE","og_type":"article","og_title":"22ct Gold Heritage Kada Pair Intricate Design | PureJewels UK","og_description":"Shop a pair of 22ct gold kadas with intricate heritage detailing and layered motifs. Handcrafted and UK hallmarked for purity and occasion wear.","og_url":"https:\/\/www.purejewels.com\/de\/produkt-2\/22-karat-goldkugeln-armreifen-2\/","og_site_name":"PureJewels UK","article_modified_time":"2026-03-24T09:22:20+00:00","og_image":[{"width":1000,"height":1000,"url":"https:\/\/static.purejewels.com\/wp-content\/uploads\/2018\/03\/27235_36_1.png","type":"image\/png"}],"twitter_card":"summary_large_image","twitter_misc":{"Gesch\u00e4tzte Lesezeit":"1\u00a0Minute"},"schema":{"@context":"https:\/\/schema.org","@graph":[{"@type":["WebPage","ItemPage"],"@id":"https:\/\/www.purejewels.com\/product\/22ct-gold-bauble-bangles-2\/","url":"https:\/\/www.purejewels.com\/product\/22ct-gold-bauble-bangles-2\/","name":"22ct Gold Heritage Kada Paar komplizierte Design | PureJewels UK","isPartOf":{"@id":"https:\/\/www.purejewels.com\/#website"},"primaryImageOfPage":{"@id":"https:\/\/www.purejewels.com\/product\/22ct-gold-bauble-bangles-2\/#primaryimage"},"image":{"@id":"https:\/\/www.purejewels.com\/product\/22ct-gold-bauble-bangles-2\/#primaryimage"},"thumbnailUrl":"https:\/\/static.purejewels.com\/wp-content\/uploads\/2018\/03\/27235_36_1.png","datePublished":"2018-03-02T15:34:35+00:00","dateModified":"2026-03-24T09:22:20+00:00","description":"Shoppen Sie ein Paar Kadas aus 22-kar\u00e4tigem Gold mit aufwendigen Heritage-Details und mehrschichtigen Motiven. Handgefertigt und UK-gepunzt f\u00fcr Reinheit und Anlass tragen.","breadcrumb":{"@id":"https:\/\/www.purejewels.com\/product\/22ct-gold-bauble-bangles-2\/#breadcrumb"},"inLanguage":"de","potentialAction":[{"@type":"ReadAction","target":["https:\/\/www.purejewels.com\/product\/22ct-gold-bauble-bangles-2\/"]}]},{"@type":"ImageObject","inLanguage":"de","@id":"https:\/\/www.purejewels.com\/product\/22ct-gold-bauble-bangles-2\/#primaryimage","url":"https:\/\/static.purejewels.com\/wp-content\/uploads\/2018\/03\/27235_36_1.png","contentUrl":"https:\/\/static.purejewels.com\/wp-content\/uploads\/2018\/03\/27235_36_1.png","width":1000,"height":1000,"caption":"27235_36_1"},{"@type":"BreadcrumbList","@id":"https:\/\/www.purejewels.com\/product\/22ct-gold-bauble-bangles-2\/#breadcrumb","itemListElement":[{"@type":"ListItem","position":1,"name":"Home","item":"https:\/\/www.purejewels.com\/"},{"@type":"ListItem","position":2,"name":"Shop","item":"https:\/\/www.purejewels.com\/shop\/"},{"@type":"ListItem","position":3,"name":"22ct Gold Heritage Jali Detail Kada Pair Bangles"}]},{"@type":"WebSite","@id":"https:\/\/www.purejewels.com\/#website","url":"https:\/\/www.purejewels.com\/","name":"PureJewels UK","description":"Teile die Liebe","publisher":{"@id":"https:\/\/www.purejewels.com\/#organization"},"potentialAction":[{"@type":"SearchAction","target":{"@type":"EntryPoint","urlTemplate":"https:\/\/www.purejewels.com\/?s={search_term_string}"},"query-input":{"@type":"PropertyValueSpecification","valueRequired":true,"valueName":"search_term_string"}}],"inLanguage":"de"},{"@type":"Organization","@id":"https:\/\/www.purejewels.com\/#organization","name":"PureJewels UK","url":"https:\/\/www.purejewels.com\/","logo":{"@type":"ImageObject","inLanguage":"de","@id":"https:\/\/www.purejewels.com\/#\/schema\/logo\/image\/","url":"https:\/\/static.purejewels.com\/wp-content\/uploads\/2020\/11\/Logo-PJ-New-1.png","contentUrl":"https:\/\/static.purejewels.com\/wp-content\/uploads\/2020\/11\/Logo-PJ-New-1.png","width":150,"height":80,"caption":"PureJewels UK"},"image":{"@id":"https:\/\/www.purejewels.com\/#\/schema\/logo\/image\/"}}]}},"_links":{"self":[{"href":"https:\/\/www.purejewels.com\/de\/wp-json\/wp\/v2\/product\/299371","targetHints":{"allow":["GET"]}}],"collection":[{"href":"https:\/\/www.purejewels.com\/de\/wp-json\/wp\/v2\/product"}],"about":[{"href":"https:\/\/www.purejewels.com\/de\/wp-json\/wp\/v2\/types\/product"}],"replies":[{"embeddable":true,"href":"https:\/\/www.purejewels.com\/de\/wp-json\/wp\/v2\/comments?post=299371"}],"version-history":[{"count":1,"href":"https:\/\/www.purejewels.com\/de\/wp-json\/wp\/v2\/product\/299371\/revisions"}],"predecessor-version":[{"id":427524,"href":"https:\/\/www.purejewels.com\/de\/wp-json\/wp\/v2\/product\/299371\/revisions\/427524"}],"wp:featuredmedia":[{"embeddable":true,"href":"https:\/\/www.purejewels.com\/de\/wp-json\/wp\/v2\/media\/299407"}],"wp:attachment":[{"href":"https:\/\/www.purejewels.com\/de\/wp-json\/wp\/v2\/media?parent=299371"}],"wp:term":[{"taxonomy":"product_brand","embeddable":true,"href":"https:\/\/www.purejewels.com\/de\/wp-json\/wp\/v2\/product_brand?post=299371"},{"taxonomy":"product_cat","embeddable":true,"href":"https:\/\/www.purejewels.com\/de\/wp-json\/wp\/v2\/product_cat?post=299371"},{"taxonomy":"product_tag","embeddable":true,"href":"https:\/\/www.purejewels.com\/de\/wp-json\/wp\/v2\/product_tag?post=299371"}],"curies":[{"name":"wp","href":"https:\/\/api.w.org\/{rel}","templated":true}]}}