{"id":299942,"date":"2018-03-16T13:33:57","date_gmt":"2018-03-16T13:33:57","guid":{"rendered":"https:\/\/www.purejewels.com\/product\/22ct-gold-polki-earring\/"},"modified":"2026-03-10T07:58:08","modified_gmt":"2026-03-10T07:58:08","slug":"polka-ohrring-aus-22-karat-gold","status":"publish","type":"product","link":"https:\/\/www.purejewels.com\/de\/product\/22ct-gold-polki-earring\/","title":{"rendered":"Polki-Ohrring aus 22 Karat Gold"},"content":{"rendered":"<p><strong>Designkonzept<\/strong><\/p>\n<p>Diese Ohrringe im Polki-Stil aus 22 Karat Gold sind von traditionellem indischem Schmuck inspiriert. Das Design besteht aus einem floralen Ohrstecker, der in ein wundersch\u00f6n detailliertes Tropfenmotiv \u00fcbergeht. Zarte filigrane Muster und geschichtete Goldelemente umrahmen die Polki-Steine und verleihen ihnen Tiefe und Charakter. Die kleinen goldenen Perlentropfen sorgen f\u00fcr eine sanfte Bewegung und verleihen den Ohrringen eine anmutige und festliche Ausstrahlung.<\/p>\n<p><strong>Handwerkliches K\u00f6nnen<\/strong><\/p>\n<p>Diese aus 22-kar\u00e4tigem Gold gefertigten Ohrringe zeichnen sich durch raffinierte Details und traditionelle Designelemente aus. Synthetische Polki-Steine sind sorgf\u00e4ltig in den Goldrahmen eingefasst, um sanften Glanz zu reflektieren und gleichzeitig die antik inspirierte \u00c4sthetik zu erhalten. Feine Texturen und skulpturale Motive unterstreichen die Handwerkskunst. Jedes Paar ist in Gro\u00dfbritannien zur Reinheitszertifizierung gepunzt, um Authentizit\u00e4t und Qualit\u00e4t zu gew\u00e4hrleisten.<\/p>\n<p><strong>Styling-Ideen<\/strong><\/p>\n<p>Diese Polki-Ohrringe aus 22 Karat Gold sind ideal f\u00fcr festliche Anl\u00e4sse, Hochzeiten und kulturelle Feiern. Kombinieren Sie sie mit traditionellen Outfits wie Sarees, Lehengas oder eleganter Abendgarderobe, um ihre vom Erbe inspirierte Sch\u00f6nheit zu unterstreichen. Sie k\u00f6nnen auch mit einer passenden goldenen Halskette gestylt werden oder allein als Statement-St\u00fcck getragen werden, um einen raffinierten Schmuck-Look zu unterstreichen.<\/p>","protected":false},"excerpt":{"rendered":"<p>Aufwendig gearbeitete Ohrringe aus 22-kar\u00e4tigem Gold mit synthetischen Polki-Steinen und detaillierten Goldmotiven, die von der traditionellen indischen Schmuckkunst inspiriert sind.<\/p>\n<ul>\n<li><strong>Material:<\/strong>\u00a022ct Gold (91,6% reines Gold)<\/li>\n<li><strong>Wahrzeichen:\u00a0<\/strong>Britisches G\u00fctesiegel<\/li>\n<li><strong>Bruttogewicht: <\/strong>8.4 Gms<\/li>\n<li><strong>SKU: <\/strong>27092<\/li>\n<\/ul>\n<p><strong><br \/>\nPreis und Lieferung:\u00a0<\/strong>Inklusive Mehrwertsteuer und Lieferkosten<\/p>\n<p><strong><a href=\"https:\/\/www.purejewels.com\/de\/ruckgabepolitik\/\">R\u00fcckgabepolitik<\/a><\/strong><\/p>\n<p>&nbsp;<\/p>","protected":false},"featured_media":314360,"comment_status":"closed","ping_status":"closed","template":"","meta":{"_eb_attr":"","_crsspst_to_jayantr4sg-hostcom":false},"product_brand":[],"product_cat":[245,1685,1254,1574],"product_tag":[4122],"class_list":{"0":"post-299942","1":"product","2":"type-product","3":"status-publish","4":"has-post-thumbnail","6":"product_cat-armari-collections","7":"product_cat-drop-earrings","8":"product_cat-gold-earrings","9":"product_cat-womens-jewellery","10":"product_tag-earrings-for-sale","12":"first","13":"outofstock","14":"sale","15":"taxable","16":"shipping-taxable","17":"product-type-simple","18":"add-to-wishlist-before_image"},"yoast_head":"<!-- This site is optimized with the Yoast SEO plugin v27.3 - https:\/\/yoast.com\/product\/yoast-seo-wordpress\/ -->\n<title>Shop Traditional Polki Style Gold Drop Earrings in 22ct Gold<\/title>\n<meta name=\"description\" content=\"Elegant 22ct gold drop earrings featuring synthetic polki stones and intricate detailing. A traditional gold earring design inspired by classic Indian jewellery artistry.\" \/>\n<meta name=\"robots\" content=\"index, follow, max-snippet:-1, max-image-preview:large, max-video-preview:-1\" \/>\n<link rel=\"canonical\" href=\"https:\/\/www.purejewels.com\/de\/produkt-2\/polka-ohrring-aus-22-karat-gold\/\" \/>\n<meta property=\"og:locale\" content=\"de_DE\" \/>\n<meta property=\"og:type\" content=\"article\" \/>\n<meta property=\"og:title\" content=\"Shop Traditional Polki Style Gold Drop Earrings in 22ct Gold\" \/>\n<meta property=\"og:description\" content=\"Elegant 22ct gold drop earrings featuring synthetic polki stones and intricate detailing. A traditional gold earring design inspired by classic Indian jewellery artistry.\" \/>\n<meta property=\"og:url\" content=\"https:\/\/www.purejewels.com\/de\/produkt-2\/polka-ohrring-aus-22-karat-gold\/\" \/>\n<meta property=\"og:site_name\" content=\"PureJewels UK\" \/>\n<meta property=\"article:modified_time\" content=\"2026-03-10T07:58:08+00:00\" \/>\n<meta property=\"og:image\" content=\"https:\/\/static.purejewels.com\/wp-content\/uploads\/2020\/05\/133378648.png\" \/>\n\t<meta property=\"og:image:width\" content=\"1000\" \/>\n\t<meta property=\"og:image:height\" content=\"1000\" \/>\n\t<meta property=\"og:image:type\" content=\"image\/png\" \/>\n<meta name=\"twitter:card\" content=\"summary_large_image\" \/>\n<meta name=\"twitter:label1\" content=\"Gesch\u00e4tzte Lesezeit\" \/>\n\t<meta name=\"twitter:data1\" content=\"1\u00a0Minute\" \/>\n<script type=\"application\/ld+json\" class=\"yoast-schema-graph\">{\"@context\":\"https:\\\/\\\/schema.org\",\"@graph\":[{\"@type\":[\"WebPage\",\"ItemPage\"],\"@id\":\"https:\\\/\\\/www.purejewels.com\\\/product\\\/22ct-gold-polki-earring\\\/\",\"url\":\"https:\\\/\\\/www.purejewels.com\\\/product\\\/22ct-gold-polki-earring\\\/\",\"name\":\"Shop Traditional Polki Style Gold Drop Earrings in 22ct Gold\",\"isPartOf\":{\"@id\":\"https:\\\/\\\/www.purejewels.com\\\/#website\"},\"primaryImageOfPage\":{\"@id\":\"https:\\\/\\\/www.purejewels.com\\\/product\\\/22ct-gold-polki-earring\\\/#primaryimage\"},\"image\":{\"@id\":\"https:\\\/\\\/www.purejewels.com\\\/product\\\/22ct-gold-polki-earring\\\/#primaryimage\"},\"thumbnailUrl\":\"https:\\\/\\\/static.purejewels.com\\\/wp-content\\\/uploads\\\/2020\\\/05\\\/133378648.png\",\"datePublished\":\"2018-03-16T13:33:57+00:00\",\"dateModified\":\"2026-03-10T07:58:08+00:00\",\"description\":\"Elegant 22ct gold drop earrings featuring synthetic polki stones and intricate detailing. A traditional gold earring design inspired by classic Indian jewellery artistry.\",\"breadcrumb\":{\"@id\":\"https:\\\/\\\/www.purejewels.com\\\/product\\\/22ct-gold-polki-earring\\\/#breadcrumb\"},\"inLanguage\":\"de\",\"potentialAction\":[{\"@type\":\"ReadAction\",\"target\":[\"https:\\\/\\\/www.purejewels.com\\\/product\\\/22ct-gold-polki-earring\\\/\"]}]},{\"@type\":\"ImageObject\",\"inLanguage\":\"de\",\"@id\":\"https:\\\/\\\/www.purejewels.com\\\/product\\\/22ct-gold-polki-earring\\\/#primaryimage\",\"url\":\"https:\\\/\\\/static.purejewels.com\\\/wp-content\\\/uploads\\\/2020\\\/05\\\/133378648.png\",\"contentUrl\":\"https:\\\/\\\/static.purejewels.com\\\/wp-content\\\/uploads\\\/2020\\\/05\\\/133378648.png\",\"width\":1000,\"height\":1000,\"caption\":\"22ct Gold Earrings with Polki StonesWt : 8.4gmAll prices include VAT22ct Gold\u00a0Hallmarked by London Assay OfficeComes With Presentation BoxDelivery IncludedLive Chat with us on Whatsapp to get more Images And Videos of This Product\"},{\"@type\":\"BreadcrumbList\",\"@id\":\"https:\\\/\\\/www.purejewels.com\\\/product\\\/22ct-gold-polki-earring\\\/#breadcrumb\",\"itemListElement\":[{\"@type\":\"ListItem\",\"position\":1,\"name\":\"Home\",\"item\":\"https:\\\/\\\/www.purejewels.com\\\/\"},{\"@type\":\"ListItem\",\"position\":2,\"name\":\"Shop\",\"item\":\"https:\\\/\\\/www.purejewels.com\\\/shop\\\/\"},{\"@type\":\"ListItem\",\"position\":3,\"name\":\"22ct Gold Polki Earring\"}]},{\"@type\":\"WebSite\",\"@id\":\"https:\\\/\\\/www.purejewels.com\\\/#website\",\"url\":\"https:\\\/\\\/www.purejewels.com\\\/\",\"name\":\"PureJewels UK\",\"description\":\"Share the Love\",\"publisher\":{\"@id\":\"https:\\\/\\\/www.purejewels.com\\\/#organization\"},\"potentialAction\":[{\"@type\":\"SearchAction\",\"target\":{\"@type\":\"EntryPoint\",\"urlTemplate\":\"https:\\\/\\\/www.purejewels.com\\\/?s={search_term_string}\"},\"query-input\":{\"@type\":\"PropertyValueSpecification\",\"valueRequired\":true,\"valueName\":\"search_term_string\"}}],\"inLanguage\":\"de\"},{\"@type\":\"Organization\",\"@id\":\"https:\\\/\\\/www.purejewels.com\\\/#organization\",\"name\":\"PureJewels UK\",\"url\":\"https:\\\/\\\/www.purejewels.com\\\/\",\"logo\":{\"@type\":\"ImageObject\",\"inLanguage\":\"de\",\"@id\":\"https:\\\/\\\/www.purejewels.com\\\/#\\\/schema\\\/logo\\\/image\\\/\",\"url\":\"https:\\\/\\\/static.purejewels.com\\\/wp-content\\\/uploads\\\/2020\\\/11\\\/Logo-PJ-New-1.png\",\"contentUrl\":\"https:\\\/\\\/static.purejewels.com\\\/wp-content\\\/uploads\\\/2020\\\/11\\\/Logo-PJ-New-1.png\",\"width\":150,\"height\":80,\"caption\":\"PureJewels UK\"},\"image\":{\"@id\":\"https:\\\/\\\/www.purejewels.com\\\/#\\\/schema\\\/logo\\\/image\\\/\"}}]}<\/script>\n<!-- \/ Yoast SEO plugin. -->","yoast_head_json":{"title":"Traditionelle Goldtropfen-Ohrringe im Polki-Stil aus 22 Karat Gold kaufen","description":"Elegante Ohrringe aus 22-kar\u00e4tigem Gold mit synthetischen Polki-Steinen und aufw\u00e4ndigen Details. Ein traditionelles Goldohrring-Design, inspiriert von klassischer indischer Schmuckkunst.","robots":{"index":"index","follow":"follow","max-snippet":"max-snippet:-1","max-image-preview":"max-image-preview:large","max-video-preview":"max-video-preview:-1"},"canonical":"https:\/\/www.purejewels.com\/de\/produkt-2\/polka-ohrring-aus-22-karat-gold\/","og_locale":"de_DE","og_type":"article","og_title":"Shop Traditional Polki Style Gold Drop Earrings in 22ct Gold","og_description":"Elegant 22ct gold drop earrings featuring synthetic polki stones and intricate detailing. A traditional gold earring design inspired by classic Indian jewellery artistry.","og_url":"https:\/\/www.purejewels.com\/de\/produkt-2\/polka-ohrring-aus-22-karat-gold\/","og_site_name":"PureJewels UK","article_modified_time":"2026-03-10T07:58:08+00:00","og_image":[{"width":1000,"height":1000,"url":"https:\/\/static.purejewels.com\/wp-content\/uploads\/2020\/05\/133378648.png","type":"image\/png"}],"twitter_card":"summary_large_image","twitter_misc":{"Gesch\u00e4tzte Lesezeit":"1\u00a0Minute"},"schema":{"@context":"https:\/\/schema.org","@graph":[{"@type":["WebPage","ItemPage"],"@id":"https:\/\/www.purejewels.com\/product\/22ct-gold-polki-earring\/","url":"https:\/\/www.purejewels.com\/product\/22ct-gold-polki-earring\/","name":"Traditionelle Goldtropfen-Ohrringe im Polki-Stil aus 22 Karat Gold kaufen","isPartOf":{"@id":"https:\/\/www.purejewels.com\/#website"},"primaryImageOfPage":{"@id":"https:\/\/www.purejewels.com\/product\/22ct-gold-polki-earring\/#primaryimage"},"image":{"@id":"https:\/\/www.purejewels.com\/product\/22ct-gold-polki-earring\/#primaryimage"},"thumbnailUrl":"https:\/\/static.purejewels.com\/wp-content\/uploads\/2020\/05\/133378648.png","datePublished":"2018-03-16T13:33:57+00:00","dateModified":"2026-03-10T07:58:08+00:00","description":"Elegante Ohrringe aus 22-kar\u00e4tigem Gold mit synthetischen Polki-Steinen und aufw\u00e4ndigen Details. Ein traditionelles Goldohrring-Design, inspiriert von klassischer indischer Schmuckkunst.","breadcrumb":{"@id":"https:\/\/www.purejewels.com\/product\/22ct-gold-polki-earring\/#breadcrumb"},"inLanguage":"de","potentialAction":[{"@type":"ReadAction","target":["https:\/\/www.purejewels.com\/product\/22ct-gold-polki-earring\/"]}]},{"@type":"ImageObject","inLanguage":"de","@id":"https:\/\/www.purejewels.com\/product\/22ct-gold-polki-earring\/#primaryimage","url":"https:\/\/static.purejewels.com\/wp-content\/uploads\/2020\/05\/133378648.png","contentUrl":"https:\/\/static.purejewels.com\/wp-content\/uploads\/2020\/05\/133378648.png","width":1000,"height":1000,"caption":"22ct Gold Earrings with Polki StonesWt : 8.4gmAll prices include VAT22ct Gold\u00a0Hallmarked by London Assay OfficeComes With Presentation BoxDelivery IncludedLive Chat with us on Whatsapp to get more Images And Videos of This Product"},{"@type":"BreadcrumbList","@id":"https:\/\/www.purejewels.com\/product\/22ct-gold-polki-earring\/#breadcrumb","itemListElement":[{"@type":"ListItem","position":1,"name":"Home","item":"https:\/\/www.purejewels.com\/"},{"@type":"ListItem","position":2,"name":"Shop","item":"https:\/\/www.purejewels.com\/shop\/"},{"@type":"ListItem","position":3,"name":"22ct Gold Polki Earring"}]},{"@type":"WebSite","@id":"https:\/\/www.purejewels.com\/#website","url":"https:\/\/www.purejewels.com\/","name":"PureJewels UK","description":"Teile die Liebe","publisher":{"@id":"https:\/\/www.purejewels.com\/#organization"},"potentialAction":[{"@type":"SearchAction","target":{"@type":"EntryPoint","urlTemplate":"https:\/\/www.purejewels.com\/?s={search_term_string}"},"query-input":{"@type":"PropertyValueSpecification","valueRequired":true,"valueName":"search_term_string"}}],"inLanguage":"de"},{"@type":"Organization","@id":"https:\/\/www.purejewels.com\/#organization","name":"PureJewels UK","url":"https:\/\/www.purejewels.com\/","logo":{"@type":"ImageObject","inLanguage":"de","@id":"https:\/\/www.purejewels.com\/#\/schema\/logo\/image\/","url":"https:\/\/static.purejewels.com\/wp-content\/uploads\/2020\/11\/Logo-PJ-New-1.png","contentUrl":"https:\/\/static.purejewels.com\/wp-content\/uploads\/2020\/11\/Logo-PJ-New-1.png","width":150,"height":80,"caption":"PureJewels UK"},"image":{"@id":"https:\/\/www.purejewels.com\/#\/schema\/logo\/image\/"}}]}},"_links":{"self":[{"href":"https:\/\/www.purejewels.com\/de\/wp-json\/wp\/v2\/product\/299942","targetHints":{"allow":["GET"]}}],"collection":[{"href":"https:\/\/www.purejewels.com\/de\/wp-json\/wp\/v2\/product"}],"about":[{"href":"https:\/\/www.purejewels.com\/de\/wp-json\/wp\/v2\/types\/product"}],"replies":[{"embeddable":true,"href":"https:\/\/www.purejewels.com\/de\/wp-json\/wp\/v2\/comments?post=299942"}],"version-history":[{"count":3,"href":"https:\/\/www.purejewels.com\/de\/wp-json\/wp\/v2\/product\/299942\/revisions"}],"predecessor-version":[{"id":426878,"href":"https:\/\/www.purejewels.com\/de\/wp-json\/wp\/v2\/product\/299942\/revisions\/426878"}],"wp:featuredmedia":[{"embeddable":true,"href":"https:\/\/www.purejewels.com\/de\/wp-json\/wp\/v2\/media\/314360"}],"wp:attachment":[{"href":"https:\/\/www.purejewels.com\/de\/wp-json\/wp\/v2\/media?parent=299942"}],"wp:term":[{"taxonomy":"product_brand","embeddable":true,"href":"https:\/\/www.purejewels.com\/de\/wp-json\/wp\/v2\/product_brand?post=299942"},{"taxonomy":"product_cat","embeddable":true,"href":"https:\/\/www.purejewels.com\/de\/wp-json\/wp\/v2\/product_cat?post=299942"},{"taxonomy":"product_tag","embeddable":true,"href":"https:\/\/www.purejewels.com\/de\/wp-json\/wp\/v2\/product_tag?post=299942"}],"curies":[{"name":"wp","href":"https:\/\/api.w.org\/{rel}","templated":true}]}}