{"id":300307,"date":"2018-05-02T16:13:34","date_gmt":"2018-05-02T15:13:34","guid":{"rendered":"https:\/\/www.purejewels.com\/?post_type=product&#038;p=300307"},"modified":"2026-03-09T07:57:14","modified_gmt":"2026-03-09T07:57:14","slug":"22-kt-gold-funkelnder-armreif-14","status":"publish","type":"product","link":"https:\/\/www.purejewels.com\/de\/product\/22ct-gold-sparkle-bangle-14\/","title":{"rendered":"22ct Gold Sparkle Armreif"},"content":{"rendered":"<p><strong>Designkonzept<\/strong><\/p>\n<p>Diese <a href=\"https:\/\/www.purejewels.com\/de\/product\/22ct-gold-jali-filigree-ring-jali-collection-31926\/\">22ct<\/a> Goldarmreif zelebriert die Sch\u00f6nheit von Gleichgewicht und Textur. Das schlanke, geschwungene Band wird durch ein Trio dekorativer Goldperlen hervorgehoben, die das Herzst\u00fcck des Designs bilden. Jede einzelne Perle ist mit komplizierten Oberfl\u00e4chendetails versehen, die ein sanftes Glitzern erzeugen, das f\u00fcr Tiefe und visuelles Interesse sorgt und gleichzeitig eine klare und elegante Silhouette bewahrt.<\/p>\n<p><strong>Handwerkliches K\u00f6nnen<\/strong><\/p>\n<p>Dieser aus strahlendem 22-kar\u00e4tigem Gold gefertigte Armreif besticht durch seine pr\u00e4zise Verarbeitung und sorgf\u00e4ltig ausgearbeitete Perlenarbeit. Die strukturierten Perlen in der Mitte sind so geformt, dass sie das Licht sanft reflektieren, w\u00e4hrend das polierte Band f\u00fcr ein angenehmes Tragegef\u00fchl am Handgelenk sorgt. Der sichere Verschluss und die ausgewogene Struktur zeugen von feinem Schmuckhandwerk, das auf Haltbarkeit und dauerhafte Sch\u00f6nheit ausgelegt ist.<\/p>\n<p><strong>Styling-Ideen<\/strong><\/p>\n<p>Dieser vielseitige Armreif aus 22-kar\u00e4tigem Gold kann als zartes Einzelst\u00fcck mit dezenter Eleganz getragen oder mit anderen goldenen Armreifen zu einem modernen, gestapelten Stil kombiniert werden. Kombinieren Sie es mit schlichten goldenen Ohrsteckern oder einer feinen Halskette, um einen koordinierten Schmuck-Look f\u00fcr jeden Tag zu kreieren, der sowohl f\u00fcr Freizeitkleidung als auch f\u00fcr besondere Anl\u00e4sse geeignet ist.<\/p>","protected":false},"excerpt":{"rendered":"<p>Eleganter Armreif aus 22-kar\u00e4tigem Gold mit strukturierten Goldperlen auf einem glatten, polierten Band. Ein raffiniertes Goldarmband f\u00fcr zeitlose Eleganz im Alltag.<\/p>\n<ul>\n<li><strong>Material:<\/strong>\u00a022ct Gold (91,6% reines Gold)<\/li>\n<li><strong>Wahrzeichen:\u00a0<\/strong>Britisches G\u00fctesiegel<\/li>\n<li><strong>Bruttogewicht: <\/strong>17.0 Gms<\/li>\n<li><strong>SKU: <\/strong>27437<\/li>\n<\/ul>\n<p>&nbsp;<\/p>\n<p><strong>Preis und Lieferung:\u00a0<\/strong>Inklusive Mehrwertsteuer und Lieferkosten<\/p>\n<p><strong><a href=\"https:\/\/www.purejewels.com\/de\/ruckgabepolitik\/\">R\u00fcckgabepolitik<\/a><\/strong><\/p>\n<p>&nbsp;<\/p>","protected":false},"featured_media":300308,"comment_status":"closed","ping_status":"closed","template":"","meta":{"_eb_attr":"","_crsspst_to_jayantr4sg-hostcom":false},"product_brand":[],"product_cat":[1657,248,1574],"product_tag":[1514,63,1521],"class_list":{"0":"post-300307","1":"product","2":"type-product","3":"status-publish","4":"has-post-thumbnail","6":"product_cat-single-bangle","7":"product_cat-sparkle-collections","8":"product_cat-womens-jewellery","9":"product_tag-bangles","10":"product_tag-gold","11":"product_tag-kada","13":"first","14":"outofstock","15":"taxable","16":"shipping-taxable","17":"product-type-simple","18":"add-to-wishlist-before_image"},"yoast_head":"<!-- This site is optimized with the Yoast SEO plugin v27.3 - https:\/\/yoast.com\/product\/yoast-seo-wordpress\/ -->\n<title>22ct Gold Sparkle Bead Bangle | Textured Gold Statement Bangle<\/title>\n<meta name=\"description\" content=\"Discover a 22ct gold bangle featuring textured gold beads and a sleek polished band. A refined gold bangle designed to add radiant elegance to everyday wear.\" \/>\n<meta name=\"robots\" content=\"index, follow, max-snippet:-1, max-image-preview:large, max-video-preview:-1\" \/>\n<link rel=\"canonical\" href=\"https:\/\/www.purejewels.com\/de\/produkt-2\/22-kt-gold-funkelnder-armreif-14\/\" \/>\n<meta property=\"og:locale\" content=\"de_DE\" \/>\n<meta property=\"og:type\" content=\"article\" \/>\n<meta property=\"og:title\" content=\"22ct Gold Sparkle Bead Bangle | Textured Gold Statement Bangle\" \/>\n<meta property=\"og:description\" content=\"Discover a 22ct gold bangle featuring textured gold beads and a sleek polished band. A refined gold bangle designed to add radiant elegance to everyday wear.\" \/>\n<meta property=\"og:url\" content=\"https:\/\/www.purejewels.com\/de\/produkt-2\/22-kt-gold-funkelnder-armreif-14\/\" \/>\n<meta property=\"og:site_name\" content=\"PureJewels UK\" \/>\n<meta property=\"article:modified_time\" content=\"2026-03-09T07:57:14+00:00\" \/>\n<meta property=\"og:image\" content=\"https:\/\/static.purejewels.com\/wp-content\/uploads\/2018\/05\/27437_1.png\" \/>\n\t<meta property=\"og:image:width\" content=\"1000\" \/>\n\t<meta property=\"og:image:height\" content=\"1000\" \/>\n\t<meta property=\"og:image:type\" content=\"image\/png\" \/>\n<meta name=\"twitter:card\" content=\"summary_large_image\" \/>\n<meta name=\"twitter:label1\" content=\"Gesch\u00e4tzte Lesezeit\" \/>\n\t<meta name=\"twitter:data1\" content=\"1\u00a0Minute\" \/>\n<script type=\"application\/ld+json\" class=\"yoast-schema-graph\">{\"@context\":\"https:\\\/\\\/schema.org\",\"@graph\":[{\"@type\":[\"WebPage\",\"ItemPage\"],\"@id\":\"https:\\\/\\\/www.purejewels.com\\\/product\\\/22ct-gold-sparkle-bangle-14\\\/\",\"url\":\"https:\\\/\\\/www.purejewels.com\\\/product\\\/22ct-gold-sparkle-bangle-14\\\/\",\"name\":\"22ct Gold Sparkle Bead Bangle | Textured Gold Statement Bangle\",\"isPartOf\":{\"@id\":\"https:\\\/\\\/www.purejewels.com\\\/#website\"},\"primaryImageOfPage\":{\"@id\":\"https:\\\/\\\/www.purejewels.com\\\/product\\\/22ct-gold-sparkle-bangle-14\\\/#primaryimage\"},\"image\":{\"@id\":\"https:\\\/\\\/www.purejewels.com\\\/product\\\/22ct-gold-sparkle-bangle-14\\\/#primaryimage\"},\"thumbnailUrl\":\"https:\\\/\\\/static.purejewels.com\\\/wp-content\\\/uploads\\\/2018\\\/05\\\/27437_1.png\",\"datePublished\":\"2018-05-02T15:13:34+00:00\",\"dateModified\":\"2026-03-09T07:57:14+00:00\",\"description\":\"Discover a 22ct gold bangle featuring textured gold beads and a sleek polished band. A refined gold bangle designed to add radiant elegance to everyday wear.\",\"breadcrumb\":{\"@id\":\"https:\\\/\\\/www.purejewels.com\\\/product\\\/22ct-gold-sparkle-bangle-14\\\/#breadcrumb\"},\"inLanguage\":\"de\",\"potentialAction\":[{\"@type\":\"ReadAction\",\"target\":[\"https:\\\/\\\/www.purejewels.com\\\/product\\\/22ct-gold-sparkle-bangle-14\\\/\"]}]},{\"@type\":\"ImageObject\",\"inLanguage\":\"de\",\"@id\":\"https:\\\/\\\/www.purejewels.com\\\/product\\\/22ct-gold-sparkle-bangle-14\\\/#primaryimage\",\"url\":\"https:\\\/\\\/static.purejewels.com\\\/wp-content\\\/uploads\\\/2018\\\/05\\\/27437_1.png\",\"contentUrl\":\"https:\\\/\\\/static.purejewels.com\\\/wp-content\\\/uploads\\\/2018\\\/05\\\/27437_1.png\",\"width\":1000,\"height\":1000,\"caption\":\"27437_22ct gold bangle\"},{\"@type\":\"BreadcrumbList\",\"@id\":\"https:\\\/\\\/www.purejewels.com\\\/product\\\/22ct-gold-sparkle-bangle-14\\\/#breadcrumb\",\"itemListElement\":[{\"@type\":\"ListItem\",\"position\":1,\"name\":\"Home\",\"item\":\"https:\\\/\\\/www.purejewels.com\\\/\"},{\"@type\":\"ListItem\",\"position\":2,\"name\":\"Shop\",\"item\":\"https:\\\/\\\/www.purejewels.com\\\/shop\\\/\"},{\"@type\":\"ListItem\",\"position\":3,\"name\":\"22ct Gold Sparkle Bangle\"}]},{\"@type\":\"WebSite\",\"@id\":\"https:\\\/\\\/www.purejewels.com\\\/#website\",\"url\":\"https:\\\/\\\/www.purejewels.com\\\/\",\"name\":\"PureJewels UK\",\"description\":\"Share the Love\",\"publisher\":{\"@id\":\"https:\\\/\\\/www.purejewels.com\\\/#organization\"},\"potentialAction\":[{\"@type\":\"SearchAction\",\"target\":{\"@type\":\"EntryPoint\",\"urlTemplate\":\"https:\\\/\\\/www.purejewels.com\\\/?s={search_term_string}\"},\"query-input\":{\"@type\":\"PropertyValueSpecification\",\"valueRequired\":true,\"valueName\":\"search_term_string\"}}],\"inLanguage\":\"de\"},{\"@type\":\"Organization\",\"@id\":\"https:\\\/\\\/www.purejewels.com\\\/#organization\",\"name\":\"PureJewels UK\",\"url\":\"https:\\\/\\\/www.purejewels.com\\\/\",\"logo\":{\"@type\":\"ImageObject\",\"inLanguage\":\"de\",\"@id\":\"https:\\\/\\\/www.purejewels.com\\\/#\\\/schema\\\/logo\\\/image\\\/\",\"url\":\"https:\\\/\\\/static.purejewels.com\\\/wp-content\\\/uploads\\\/2020\\\/11\\\/Logo-PJ-New-1.png\",\"contentUrl\":\"https:\\\/\\\/static.purejewels.com\\\/wp-content\\\/uploads\\\/2020\\\/11\\\/Logo-PJ-New-1.png\",\"width\":150,\"height\":80,\"caption\":\"PureJewels UK\"},\"image\":{\"@id\":\"https:\\\/\\\/www.purejewels.com\\\/#\\\/schema\\\/logo\\\/image\\\/\"}}]}<\/script>\n<!-- \/ Yoast SEO plugin. -->","yoast_head_json":{"title":"22ct Gold Sparkle Bead Armreif | Textured Gold Statement Armreif","description":"Entdecken Sie einen Armreif aus 22 Karat Gold mit strukturierten Goldperlen und einem glatten, polierten Band. Ein raffinierter goldener Armreif, der dem t\u00e4glichen Tragen strahlende Eleganz verleiht.","robots":{"index":"index","follow":"follow","max-snippet":"max-snippet:-1","max-image-preview":"max-image-preview:large","max-video-preview":"max-video-preview:-1"},"canonical":"https:\/\/www.purejewels.com\/de\/produkt-2\/22-kt-gold-funkelnder-armreif-14\/","og_locale":"de_DE","og_type":"article","og_title":"22ct Gold Sparkle Bead Bangle | Textured Gold Statement Bangle","og_description":"Discover a 22ct gold bangle featuring textured gold beads and a sleek polished band. A refined gold bangle designed to add radiant elegance to everyday wear.","og_url":"https:\/\/www.purejewels.com\/de\/produkt-2\/22-kt-gold-funkelnder-armreif-14\/","og_site_name":"PureJewels UK","article_modified_time":"2026-03-09T07:57:14+00:00","og_image":[{"width":1000,"height":1000,"url":"https:\/\/static.purejewels.com\/wp-content\/uploads\/2018\/05\/27437_1.png","type":"image\/png"}],"twitter_card":"summary_large_image","twitter_misc":{"Gesch\u00e4tzte Lesezeit":"1\u00a0Minute"},"schema":{"@context":"https:\/\/schema.org","@graph":[{"@type":["WebPage","ItemPage"],"@id":"https:\/\/www.purejewels.com\/product\/22ct-gold-sparkle-bangle-14\/","url":"https:\/\/www.purejewels.com\/product\/22ct-gold-sparkle-bangle-14\/","name":"22ct Gold Sparkle Bead Armreif | Textured Gold Statement Armreif","isPartOf":{"@id":"https:\/\/www.purejewels.com\/#website"},"primaryImageOfPage":{"@id":"https:\/\/www.purejewels.com\/product\/22ct-gold-sparkle-bangle-14\/#primaryimage"},"image":{"@id":"https:\/\/www.purejewels.com\/product\/22ct-gold-sparkle-bangle-14\/#primaryimage"},"thumbnailUrl":"https:\/\/static.purejewels.com\/wp-content\/uploads\/2018\/05\/27437_1.png","datePublished":"2018-05-02T15:13:34+00:00","dateModified":"2026-03-09T07:57:14+00:00","description":"Entdecken Sie einen Armreif aus 22 Karat Gold mit strukturierten Goldperlen und einem glatten, polierten Band. Ein raffinierter goldener Armreif, der dem t\u00e4glichen Tragen strahlende Eleganz verleiht.","breadcrumb":{"@id":"https:\/\/www.purejewels.com\/product\/22ct-gold-sparkle-bangle-14\/#breadcrumb"},"inLanguage":"de","potentialAction":[{"@type":"ReadAction","target":["https:\/\/www.purejewels.com\/product\/22ct-gold-sparkle-bangle-14\/"]}]},{"@type":"ImageObject","inLanguage":"de","@id":"https:\/\/www.purejewels.com\/product\/22ct-gold-sparkle-bangle-14\/#primaryimage","url":"https:\/\/static.purejewels.com\/wp-content\/uploads\/2018\/05\/27437_1.png","contentUrl":"https:\/\/static.purejewels.com\/wp-content\/uploads\/2018\/05\/27437_1.png","width":1000,"height":1000,"caption":"27437_22ct gold bangle"},{"@type":"BreadcrumbList","@id":"https:\/\/www.purejewels.com\/product\/22ct-gold-sparkle-bangle-14\/#breadcrumb","itemListElement":[{"@type":"ListItem","position":1,"name":"Home","item":"https:\/\/www.purejewels.com\/"},{"@type":"ListItem","position":2,"name":"Shop","item":"https:\/\/www.purejewels.com\/shop\/"},{"@type":"ListItem","position":3,"name":"22ct Gold Sparkle Bangle"}]},{"@type":"WebSite","@id":"https:\/\/www.purejewels.com\/#website","url":"https:\/\/www.purejewels.com\/","name":"PureJewels UK","description":"Teile die Liebe","publisher":{"@id":"https:\/\/www.purejewels.com\/#organization"},"potentialAction":[{"@type":"SearchAction","target":{"@type":"EntryPoint","urlTemplate":"https:\/\/www.purejewels.com\/?s={search_term_string}"},"query-input":{"@type":"PropertyValueSpecification","valueRequired":true,"valueName":"search_term_string"}}],"inLanguage":"de"},{"@type":"Organization","@id":"https:\/\/www.purejewels.com\/#organization","name":"PureJewels UK","url":"https:\/\/www.purejewels.com\/","logo":{"@type":"ImageObject","inLanguage":"de","@id":"https:\/\/www.purejewels.com\/#\/schema\/logo\/image\/","url":"https:\/\/static.purejewels.com\/wp-content\/uploads\/2020\/11\/Logo-PJ-New-1.png","contentUrl":"https:\/\/static.purejewels.com\/wp-content\/uploads\/2020\/11\/Logo-PJ-New-1.png","width":150,"height":80,"caption":"PureJewels UK"},"image":{"@id":"https:\/\/www.purejewels.com\/#\/schema\/logo\/image\/"}}]}},"_links":{"self":[{"href":"https:\/\/www.purejewels.com\/de\/wp-json\/wp\/v2\/product\/300307","targetHints":{"allow":["GET"]}}],"collection":[{"href":"https:\/\/www.purejewels.com\/de\/wp-json\/wp\/v2\/product"}],"about":[{"href":"https:\/\/www.purejewels.com\/de\/wp-json\/wp\/v2\/types\/product"}],"replies":[{"embeddable":true,"href":"https:\/\/www.purejewels.com\/de\/wp-json\/wp\/v2\/comments?post=300307"}],"version-history":[{"count":3,"href":"https:\/\/www.purejewels.com\/de\/wp-json\/wp\/v2\/product\/300307\/revisions"}],"predecessor-version":[{"id":426828,"href":"https:\/\/www.purejewels.com\/de\/wp-json\/wp\/v2\/product\/300307\/revisions\/426828"}],"wp:featuredmedia":[{"embeddable":true,"href":"https:\/\/www.purejewels.com\/de\/wp-json\/wp\/v2\/media\/300308"}],"wp:attachment":[{"href":"https:\/\/www.purejewels.com\/de\/wp-json\/wp\/v2\/media?parent=300307"}],"wp:term":[{"taxonomy":"product_brand","embeddable":true,"href":"https:\/\/www.purejewels.com\/de\/wp-json\/wp\/v2\/product_brand?post=300307"},{"taxonomy":"product_cat","embeddable":true,"href":"https:\/\/www.purejewels.com\/de\/wp-json\/wp\/v2\/product_cat?post=300307"},{"taxonomy":"product_tag","embeddable":true,"href":"https:\/\/www.purejewels.com\/de\/wp-json\/wp\/v2\/product_tag?post=300307"}],"curies":[{"name":"wp","href":"https:\/\/api.w.org\/{rel}","templated":true}]}}