{"id":300316,"date":"2018-05-02T17:04:12","date_gmt":"2018-05-02T16:04:12","guid":{"rendered":"https:\/\/www.purejewels.com\/?post_type=product&#038;p=300316"},"modified":"2026-02-03T10:02:00","modified_gmt":"2026-02-03T10:02:00","slug":"22-kt-gold-glitzernde-halskette-8","status":"publish","type":"product","link":"https:\/\/www.purejewels.com\/de\/product\/22ct-gold-sparkle-necklace-8\/","title":{"rendered":"22ct Gold Facettierte Perlenkette mit Rose Gold Rhodium Finish"},"content":{"rendered":"<p>Gestaltung<\/p>\n<p>Diese Halskette besteht aus einer rhythmischen Abfolge von facettierten, kugelf\u00f6rmigen Perlen, die in gleichm\u00e4\u00dfigen Abst\u00e4nden entlang einer feinen Goldkette angeordnet sind. Ausgew\u00e4hlte Perlen sind mit ros\u00e9goldenem Rhodium veredelt, was einen sanften Farbkontrast erzeugt, der das Gesamtbild abmildert und f\u00fcr ein ruhiges visuelles Interesse sorgt. Das Design ist ausgewogen, flie\u00dfend und absichtlich zur\u00fcckhaltend.<\/p>\n<p>Handwerkliches K\u00f6nnen<\/p>\n<p>Jede handgefertigte Perle aus massivem 22-kar\u00e4tigem Gold hat eine Pr\u00e4zisionsfacette, die das Licht subtil einf\u00e4ngt und nicht \u00fcberm\u00e4\u00dfig funkelt. Die Ros\u00e9gold-Rhodium-Beschichtung wird sorgf\u00e4ltig aufgetragen, um die Haltbarkeit und die Farbtiefe zu verbessern und gleichzeitig die W\u00e4rme des hochkar\u00e4tigen Goldes zu bewahren. Jedes St\u00fcck wird im Vereinigten K\u00f6nigreich mit dem Feingehaltsstempel versehen.<\/p>\n<p>Styling &amp; Geschenkartikel<\/p>\n<p>Diese Halskette eignet sich perfekt f\u00fcr den Alltag und l\u00e4sst sich wunderbar allein tragen oder mit feineren Ketten f\u00fcr einen modernen, entspannten Look kombinieren. Der weiche Kontrast und die zeitlose Form machen sie ideal f\u00fcr Geburtstage, Jahrestage oder einen bedeutungsvollen Selbstkauf - ein St\u00fcck, das dazu bestimmt ist, oft getragen zu werden und \u00fcber einen langen Zeitraum hinweg gesch\u00e4tzt zu werden.<\/p>","protected":false},"excerpt":{"rendered":"<ul>\n<li>22ct Gold Funkeln Halskette<\/li>\n<li>Gewicht : 26.5 g<\/li>\n<li>Sku-Nr. 27441<\/li>\n<li>Alle Preise inklusive Mehrwertsteuer<\/li>\n<li>22ct Gold gestempelt von London Assay Office<\/li>\n<li>Mit Pr\u00e4sentationsbox<\/li>\n<li>Lieferung inbegriffen<\/li>\n<li>Live-Chat mit uns f\u00fcr die Verf\u00fcgbarkeit und mehr Bilder von \u00e4hnlichen Designs derzeit auf Lager<\/li>\n<\/ul>","protected":false},"featured_media":304416,"comment_status":"closed","ping_status":"closed","template":"","meta":{"_eb_attr":"","_crsspst_to_jayantr4sg-hostcom":false},"product_brand":[],"product_cat":[1617,1779,248,1574],"product_tag":[],"class_list":{"0":"post-300316","1":"product","2":"type-product","3":"status-publish","4":"has-post-thumbnail","6":"product_cat-fancy-mala-chains","7":"product_cat-mala-style-necklaces","8":"product_cat-sparkle-collections","9":"product_cat-womens-jewellery","11":"first","12":"outofstock","13":"taxable","14":"shipping-taxable","15":"product-type-simple","16":"add-to-wishlist-before_image"},"yoast_head":"<!-- This site is optimized with the Yoast SEO plugin v27.3 - https:\/\/yoast.com\/product\/yoast-seo-wordpress\/ -->\n<title>22ct Bead Necklace | Rose Gold Rhodium Finish | PureJewels<\/title>\n<meta name=\"description\" content=\"Shop the 22ct Gold Faceted Bead Necklace from PureJewels. Finished with rose gold rhodium highlights, this handcrafted design is UK hallmarked for purity.\" \/>\n<meta name=\"robots\" content=\"index, follow, max-snippet:-1, max-image-preview:large, max-video-preview:-1\" \/>\n<link rel=\"canonical\" href=\"https:\/\/www.purejewels.com\/de\/produkt-2\/22-kt-gold-glitzernde-halskette-8\/\" \/>\n<meta property=\"og:locale\" content=\"de_DE\" \/>\n<meta property=\"og:type\" content=\"article\" \/>\n<meta property=\"og:title\" content=\"22ct Bead Necklace | Rose Gold Rhodium Finish | PureJewels\" \/>\n<meta property=\"og:description\" content=\"Shop the 22ct Gold Faceted Bead Necklace from PureJewels. Finished with rose gold rhodium highlights, this handcrafted design is UK hallmarked for purity.\" \/>\n<meta property=\"og:url\" content=\"https:\/\/www.purejewels.com\/de\/produkt-2\/22-kt-gold-glitzernde-halskette-8\/\" \/>\n<meta property=\"og:site_name\" content=\"PureJewels UK\" \/>\n<meta property=\"article:modified_time\" content=\"2026-02-03T10:02:00+00:00\" \/>\n<meta property=\"og:image\" content=\"https:\/\/static.purejewels.com\/wp-content\/uploads\/2018\/05\/27441_11.png\" \/>\n\t<meta property=\"og:image:width\" content=\"1000\" \/>\n\t<meta property=\"og:image:height\" content=\"1000\" \/>\n\t<meta property=\"og:image:type\" content=\"image\/png\" \/>\n<meta name=\"twitter:card\" content=\"summary_large_image\" \/>\n<meta name=\"twitter:label1\" content=\"Gesch\u00e4tzte Lesezeit\" \/>\n\t<meta name=\"twitter:data1\" content=\"1\u00a0Minute\" \/>\n<script type=\"application\/ld+json\" class=\"yoast-schema-graph\">{\"@context\":\"https:\\\/\\\/schema.org\",\"@graph\":[{\"@type\":[\"WebPage\",\"ItemPage\"],\"@id\":\"https:\\\/\\\/www.purejewels.com\\\/product\\\/22ct-gold-sparkle-necklace-8\\\/\",\"url\":\"https:\\\/\\\/www.purejewels.com\\\/product\\\/22ct-gold-sparkle-necklace-8\\\/\",\"name\":\"22ct Bead Necklace | Rose Gold Rhodium Finish | PureJewels\",\"isPartOf\":{\"@id\":\"https:\\\/\\\/www.purejewels.com\\\/#website\"},\"primaryImageOfPage\":{\"@id\":\"https:\\\/\\\/www.purejewels.com\\\/product\\\/22ct-gold-sparkle-necklace-8\\\/#primaryimage\"},\"image\":{\"@id\":\"https:\\\/\\\/www.purejewels.com\\\/product\\\/22ct-gold-sparkle-necklace-8\\\/#primaryimage\"},\"thumbnailUrl\":\"https:\\\/\\\/static.purejewels.com\\\/wp-content\\\/uploads\\\/2018\\\/05\\\/27441_11.png\",\"datePublished\":\"2018-05-02T16:04:12+00:00\",\"dateModified\":\"2026-02-03T10:02:00+00:00\",\"description\":\"Shop the 22ct Gold Faceted Bead Necklace from PureJewels. Finished with rose gold rhodium highlights, this handcrafted design is UK hallmarked for purity.\",\"breadcrumb\":{\"@id\":\"https:\\\/\\\/www.purejewels.com\\\/product\\\/22ct-gold-sparkle-necklace-8\\\/#breadcrumb\"},\"inLanguage\":\"de\",\"potentialAction\":[{\"@type\":\"ReadAction\",\"target\":[\"https:\\\/\\\/www.purejewels.com\\\/product\\\/22ct-gold-sparkle-necklace-8\\\/\"]}]},{\"@type\":\"ImageObject\",\"inLanguage\":\"de\",\"@id\":\"https:\\\/\\\/www.purejewels.com\\\/product\\\/22ct-gold-sparkle-necklace-8\\\/#primaryimage\",\"url\":\"https:\\\/\\\/static.purejewels.com\\\/wp-content\\\/uploads\\\/2018\\\/05\\\/27441_11.png\",\"contentUrl\":\"https:\\\/\\\/static.purejewels.com\\\/wp-content\\\/uploads\\\/2018\\\/05\\\/27441_11.png\",\"width\":1000,\"height\":1000,\"caption\":\"27441_11\"},{\"@type\":\"BreadcrumbList\",\"@id\":\"https:\\\/\\\/www.purejewels.com\\\/product\\\/22ct-gold-sparkle-necklace-8\\\/#breadcrumb\",\"itemListElement\":[{\"@type\":\"ListItem\",\"position\":1,\"name\":\"Home\",\"item\":\"https:\\\/\\\/www.purejewels.com\\\/\"},{\"@type\":\"ListItem\",\"position\":2,\"name\":\"Shop\",\"item\":\"https:\\\/\\\/www.purejewels.com\\\/shop\\\/\"},{\"@type\":\"ListItem\",\"position\":3,\"name\":\"22ct Gold Faceted Bead Necklace with Rose Gold Rhodium Finish\"}]},{\"@type\":\"WebSite\",\"@id\":\"https:\\\/\\\/www.purejewels.com\\\/#website\",\"url\":\"https:\\\/\\\/www.purejewels.com\\\/\",\"name\":\"PureJewels UK\",\"description\":\"Share the Love\",\"publisher\":{\"@id\":\"https:\\\/\\\/www.purejewels.com\\\/#organization\"},\"potentialAction\":[{\"@type\":\"SearchAction\",\"target\":{\"@type\":\"EntryPoint\",\"urlTemplate\":\"https:\\\/\\\/www.purejewels.com\\\/?s={search_term_string}\"},\"query-input\":{\"@type\":\"PropertyValueSpecification\",\"valueRequired\":true,\"valueName\":\"search_term_string\"}}],\"inLanguage\":\"de\"},{\"@type\":\"Organization\",\"@id\":\"https:\\\/\\\/www.purejewels.com\\\/#organization\",\"name\":\"PureJewels UK\",\"url\":\"https:\\\/\\\/www.purejewels.com\\\/\",\"logo\":{\"@type\":\"ImageObject\",\"inLanguage\":\"de\",\"@id\":\"https:\\\/\\\/www.purejewels.com\\\/#\\\/schema\\\/logo\\\/image\\\/\",\"url\":\"https:\\\/\\\/static.purejewels.com\\\/wp-content\\\/uploads\\\/2020\\\/11\\\/Logo-PJ-New-1.png\",\"contentUrl\":\"https:\\\/\\\/static.purejewels.com\\\/wp-content\\\/uploads\\\/2020\\\/11\\\/Logo-PJ-New-1.png\",\"width\":150,\"height\":80,\"caption\":\"PureJewels UK\"},\"image\":{\"@id\":\"https:\\\/\\\/www.purejewels.com\\\/#\\\/schema\\\/logo\\\/image\\\/\"}}]}<\/script>\n<!-- \/ Yoast SEO plugin. -->","yoast_head_json":{"title":"22ct Perlenkette | Rose Gold Rhodium Finish | PureJewels","description":"Kaufen Sie die 22ct Gold Facettierte Perlenkette von PureJewels. Abgeschlossen mit Ros\u00e9gold Rhodium Highlights, ist dieses handgefertigte Design UK f\u00fcr Reinheit gestempelt.","robots":{"index":"index","follow":"follow","max-snippet":"max-snippet:-1","max-image-preview":"max-image-preview:large","max-video-preview":"max-video-preview:-1"},"canonical":"https:\/\/www.purejewels.com\/de\/produkt-2\/22-kt-gold-glitzernde-halskette-8\/","og_locale":"de_DE","og_type":"article","og_title":"22ct Bead Necklace | Rose Gold Rhodium Finish | PureJewels","og_description":"Shop the 22ct Gold Faceted Bead Necklace from PureJewels. Finished with rose gold rhodium highlights, this handcrafted design is UK hallmarked for purity.","og_url":"https:\/\/www.purejewels.com\/de\/produkt-2\/22-kt-gold-glitzernde-halskette-8\/","og_site_name":"PureJewels UK","article_modified_time":"2026-02-03T10:02:00+00:00","og_image":[{"width":1000,"height":1000,"url":"https:\/\/static.purejewels.com\/wp-content\/uploads\/2018\/05\/27441_11.png","type":"image\/png"}],"twitter_card":"summary_large_image","twitter_misc":{"Gesch\u00e4tzte Lesezeit":"1\u00a0Minute"},"schema":{"@context":"https:\/\/schema.org","@graph":[{"@type":["WebPage","ItemPage"],"@id":"https:\/\/www.purejewels.com\/product\/22ct-gold-sparkle-necklace-8\/","url":"https:\/\/www.purejewels.com\/product\/22ct-gold-sparkle-necklace-8\/","name":"22ct Perlenkette | Rose Gold Rhodium Finish | PureJewels","isPartOf":{"@id":"https:\/\/www.purejewels.com\/#website"},"primaryImageOfPage":{"@id":"https:\/\/www.purejewels.com\/product\/22ct-gold-sparkle-necklace-8\/#primaryimage"},"image":{"@id":"https:\/\/www.purejewels.com\/product\/22ct-gold-sparkle-necklace-8\/#primaryimage"},"thumbnailUrl":"https:\/\/static.purejewels.com\/wp-content\/uploads\/2018\/05\/27441_11.png","datePublished":"2018-05-02T16:04:12+00:00","dateModified":"2026-02-03T10:02:00+00:00","description":"Kaufen Sie die 22ct Gold Facettierte Perlenkette von PureJewels. Abgeschlossen mit Ros\u00e9gold Rhodium Highlights, ist dieses handgefertigte Design UK f\u00fcr Reinheit gestempelt.","breadcrumb":{"@id":"https:\/\/www.purejewels.com\/product\/22ct-gold-sparkle-necklace-8\/#breadcrumb"},"inLanguage":"de","potentialAction":[{"@type":"ReadAction","target":["https:\/\/www.purejewels.com\/product\/22ct-gold-sparkle-necklace-8\/"]}]},{"@type":"ImageObject","inLanguage":"de","@id":"https:\/\/www.purejewels.com\/product\/22ct-gold-sparkle-necklace-8\/#primaryimage","url":"https:\/\/static.purejewels.com\/wp-content\/uploads\/2018\/05\/27441_11.png","contentUrl":"https:\/\/static.purejewels.com\/wp-content\/uploads\/2018\/05\/27441_11.png","width":1000,"height":1000,"caption":"27441_11"},{"@type":"BreadcrumbList","@id":"https:\/\/www.purejewels.com\/product\/22ct-gold-sparkle-necklace-8\/#breadcrumb","itemListElement":[{"@type":"ListItem","position":1,"name":"Home","item":"https:\/\/www.purejewels.com\/"},{"@type":"ListItem","position":2,"name":"Shop","item":"https:\/\/www.purejewels.com\/shop\/"},{"@type":"ListItem","position":3,"name":"22ct Gold Faceted Bead Necklace with Rose Gold Rhodium Finish"}]},{"@type":"WebSite","@id":"https:\/\/www.purejewels.com\/#website","url":"https:\/\/www.purejewels.com\/","name":"PureJewels UK","description":"Teile die Liebe","publisher":{"@id":"https:\/\/www.purejewels.com\/#organization"},"potentialAction":[{"@type":"SearchAction","target":{"@type":"EntryPoint","urlTemplate":"https:\/\/www.purejewels.com\/?s={search_term_string}"},"query-input":{"@type":"PropertyValueSpecification","valueRequired":true,"valueName":"search_term_string"}}],"inLanguage":"de"},{"@type":"Organization","@id":"https:\/\/www.purejewels.com\/#organization","name":"PureJewels UK","url":"https:\/\/www.purejewels.com\/","logo":{"@type":"ImageObject","inLanguage":"de","@id":"https:\/\/www.purejewels.com\/#\/schema\/logo\/image\/","url":"https:\/\/static.purejewels.com\/wp-content\/uploads\/2020\/11\/Logo-PJ-New-1.png","contentUrl":"https:\/\/static.purejewels.com\/wp-content\/uploads\/2020\/11\/Logo-PJ-New-1.png","width":150,"height":80,"caption":"PureJewels UK"},"image":{"@id":"https:\/\/www.purejewels.com\/#\/schema\/logo\/image\/"}}]}},"_links":{"self":[{"href":"https:\/\/www.purejewels.com\/de\/wp-json\/wp\/v2\/product\/300316","targetHints":{"allow":["GET"]}}],"collection":[{"href":"https:\/\/www.purejewels.com\/de\/wp-json\/wp\/v2\/product"}],"about":[{"href":"https:\/\/www.purejewels.com\/de\/wp-json\/wp\/v2\/types\/product"}],"replies":[{"embeddable":true,"href":"https:\/\/www.purejewels.com\/de\/wp-json\/wp\/v2\/comments?post=300316"}],"version-history":[{"count":2,"href":"https:\/\/www.purejewels.com\/de\/wp-json\/wp\/v2\/product\/300316\/revisions"}],"predecessor-version":[{"id":425602,"href":"https:\/\/www.purejewels.com\/de\/wp-json\/wp\/v2\/product\/300316\/revisions\/425602"}],"wp:featuredmedia":[{"embeddable":true,"href":"https:\/\/www.purejewels.com\/de\/wp-json\/wp\/v2\/media\/304416"}],"wp:attachment":[{"href":"https:\/\/www.purejewels.com\/de\/wp-json\/wp\/v2\/media?parent=300316"}],"wp:term":[{"taxonomy":"product_brand","embeddable":true,"href":"https:\/\/www.purejewels.com\/de\/wp-json\/wp\/v2\/product_brand?post=300316"},{"taxonomy":"product_cat","embeddable":true,"href":"https:\/\/www.purejewels.com\/de\/wp-json\/wp\/v2\/product_cat?post=300316"},{"taxonomy":"product_tag","embeddable":true,"href":"https:\/\/www.purejewels.com\/de\/wp-json\/wp\/v2\/product_tag?post=300316"}],"curies":[{"name":"wp","href":"https:\/\/api.w.org\/{rel}","templated":true}]}}