{"id":301082,"date":"2018-05-21T16:11:10","date_gmt":"2018-05-21T15:11:10","guid":{"rendered":"https:\/\/www.purejewels.com\/?post_type=product&#038;p=301082"},"modified":"2026-01-06T08:42:54","modified_gmt":"2026-01-06T08:42:54","slug":"halskette-aus-22-karat-gold-17","status":"publish","type":"product","link":"https:\/\/www.purejewels.com\/de\/product\/22ct-gold-necklace-17\/","title":{"rendered":"22 Karat Gold Tempel-Tropfen-Halskette"},"content":{"rendered":"<p data-start=\"236\" data-end=\"554\">Inspiriert von der Pracht s\u00fcdindischer Tempelschmuckst\u00fccke, ist dieses <a href=\"https:\/\/www.purejewels.com\/de\/product\/22ct-gold-jali-filigree-ring-jali-collection-31926\/\">22ct<\/a> Die Gold Temple Drop Halskette verbindet traditionelle Kunstfertigkeit mit g\u00f6ttlicher Symbolik. Die Halskette zeichnet sich durch aufwendige Details, kunstvolle Granulation und filigrane Emaillearbeiten in erdigen Rot- und Gr\u00fcnt\u00f6nen aus \u2013 sie erinnert an heilige Rituale und k\u00f6nigliche Schmuckst\u00fccke.<\/p>\n<p data-start=\"556\" data-end=\"831\">Ein zentrales Medaillon thront majest\u00e4tisch inmitten sanft schwingender Goldtropfen, die dem Schmuckst\u00fcck anmutige Bewegung und zeitlose Sch\u00f6nheit verleihen. Ob zu einer Hochzeit, einer religi\u00f6sen Feier oder als Erbst\u00fcck \u2013 diese Halskette steht f\u00fcr Hingabe, Eleganz und Tradition.<\/p>","protected":false},"excerpt":{"rendered":"<ul>\n<li>22ct Gold Halskette mit antikem Finish<\/li>\n<li>Gewicht : 60.4 g<\/li>\n<li>Alle Preise inklusive Mehrwertsteuer<\/li>\n<li>22ct Gold gestempelt von London Assay Office<\/li>\n<li>Mit Pr\u00e4sentationsbox<\/li>\n<li>Lieferung inbegriffen<\/li>\n<li>Live-Chat mit uns f\u00fcr die Verf\u00fcgbarkeit und mehr Bilder von \u00e4hnlichen Designs derzeit auf Lager<\/li>\n<\/ul>","protected":false},"featured_media":301083,"comment_status":"closed","ping_status":"closed","template":"","meta":{"_eb_attr":"","_crsspst_to_jayantr4sg-hostcom":false},"product_brand":[],"product_cat":[1782],"product_tag":[],"class_list":{"0":"post-301082","1":"product","2":"type-product","3":"status-publish","4":"has-post-thumbnail","6":"product_cat-choker-necklaces","8":"first","9":"outofstock","10":"taxable","11":"shipping-taxable","12":"product-type-simple","13":"add-to-wishlist-before_image"},"yoast_head":"<!-- This site is optimized with the Yoast SEO plugin v27.3 - https:\/\/yoast.com\/product\/yoast-seo-wordpress\/ -->\n<title>Temple-Inspired 22ct Gold Necklace with Drop Pendant UK<\/title>\n<meta name=\"description\" content=\"Celebrate tradition with our 22ct Gold Temple Drop Necklace. Handcrafted with heritage detailing and elegant drops \u2013 a timeless PureJewels classic.\" \/>\n<meta name=\"robots\" content=\"index, follow, max-snippet:-1, max-image-preview:large, max-video-preview:-1\" \/>\n<link rel=\"canonical\" href=\"https:\/\/www.purejewels.com\/de\/produkt-2\/halskette-aus-22-karat-gold-17\/\" \/>\n<meta property=\"og:locale\" content=\"de_DE\" \/>\n<meta property=\"og:type\" content=\"article\" \/>\n<meta property=\"og:title\" content=\"Temple-Inspired 22ct Gold Necklace with Drop Pendant UK\" \/>\n<meta property=\"og:description\" content=\"Celebrate tradition with our 22ct Gold Temple Drop Necklace. Handcrafted with heritage detailing and elegant drops \u2013 a timeless PureJewels classic.\" \/>\n<meta property=\"og:url\" content=\"https:\/\/www.purejewels.com\/de\/produkt-2\/halskette-aus-22-karat-gold-17\/\" \/>\n<meta property=\"og:site_name\" content=\"PureJewels UK\" \/>\n<meta property=\"article:modified_time\" content=\"2026-01-06T08:42:54+00:00\" \/>\n<meta property=\"og:image\" content=\"https:\/\/static.purejewels.com\/wp-content\/uploads\/2018\/05\/27607.png\" \/>\n\t<meta property=\"og:image:width\" content=\"1000\" \/>\n\t<meta property=\"og:image:height\" content=\"1000\" \/>\n\t<meta property=\"og:image:type\" content=\"image\/png\" \/>\n<meta name=\"twitter:card\" content=\"summary_large_image\" \/>\n<meta name=\"twitter:label1\" content=\"Gesch\u00e4tzte Lesezeit\" \/>\n\t<meta name=\"twitter:data1\" content=\"1\u00a0Minute\" \/>\n<script type=\"application\/ld+json\" class=\"yoast-schema-graph\">{\"@context\":\"https:\\\/\\\/schema.org\",\"@graph\":[{\"@type\":[\"WebPage\",\"ItemPage\"],\"@id\":\"https:\\\/\\\/www.purejewels.com\\\/product\\\/22ct-gold-necklace-17\\\/\",\"url\":\"https:\\\/\\\/www.purejewels.com\\\/product\\\/22ct-gold-necklace-17\\\/\",\"name\":\"Temple-Inspired 22ct Gold Necklace with Drop Pendant UK\",\"isPartOf\":{\"@id\":\"https:\\\/\\\/www.purejewels.com\\\/#website\"},\"primaryImageOfPage\":{\"@id\":\"https:\\\/\\\/www.purejewels.com\\\/product\\\/22ct-gold-necklace-17\\\/#primaryimage\"},\"image\":{\"@id\":\"https:\\\/\\\/www.purejewels.com\\\/product\\\/22ct-gold-necklace-17\\\/#primaryimage\"},\"thumbnailUrl\":\"https:\\\/\\\/static.purejewels.com\\\/wp-content\\\/uploads\\\/2018\\\/05\\\/27607.png\",\"datePublished\":\"2018-05-21T15:11:10+00:00\",\"dateModified\":\"2026-01-06T08:42:54+00:00\",\"description\":\"Celebrate tradition with our 22ct Gold Temple Drop Necklace. Handcrafted with heritage detailing and elegant drops \u2013 a timeless PureJewels classic.\",\"breadcrumb\":{\"@id\":\"https:\\\/\\\/www.purejewels.com\\\/product\\\/22ct-gold-necklace-17\\\/#breadcrumb\"},\"inLanguage\":\"de\",\"potentialAction\":[{\"@type\":\"ReadAction\",\"target\":[\"https:\\\/\\\/www.purejewels.com\\\/product\\\/22ct-gold-necklace-17\\\/\"]}]},{\"@type\":\"ImageObject\",\"inLanguage\":\"de\",\"@id\":\"https:\\\/\\\/www.purejewels.com\\\/product\\\/22ct-gold-necklace-17\\\/#primaryimage\",\"url\":\"https:\\\/\\\/static.purejewels.com\\\/wp-content\\\/uploads\\\/2018\\\/05\\\/27607.png\",\"contentUrl\":\"https:\\\/\\\/static.purejewels.com\\\/wp-content\\\/uploads\\\/2018\\\/05\\\/27607.png\",\"width\":1000,\"height\":1000,\"caption\":\"27607_22ct gold necklace\"},{\"@type\":\"BreadcrumbList\",\"@id\":\"https:\\\/\\\/www.purejewels.com\\\/product\\\/22ct-gold-necklace-17\\\/#breadcrumb\",\"itemListElement\":[{\"@type\":\"ListItem\",\"position\":1,\"name\":\"Home\",\"item\":\"https:\\\/\\\/www.purejewels.com\\\/\"},{\"@type\":\"ListItem\",\"position\":2,\"name\":\"Shop\",\"item\":\"https:\\\/\\\/www.purejewels.com\\\/shop\\\/\"},{\"@type\":\"ListItem\",\"position\":3,\"name\":\"22ct Gold Temple Drop Necklace\"}]},{\"@type\":\"WebSite\",\"@id\":\"https:\\\/\\\/www.purejewels.com\\\/#website\",\"url\":\"https:\\\/\\\/www.purejewels.com\\\/\",\"name\":\"PureJewels UK\",\"description\":\"Share the Love\",\"publisher\":{\"@id\":\"https:\\\/\\\/www.purejewels.com\\\/#organization\"},\"potentialAction\":[{\"@type\":\"SearchAction\",\"target\":{\"@type\":\"EntryPoint\",\"urlTemplate\":\"https:\\\/\\\/www.purejewels.com\\\/?s={search_term_string}\"},\"query-input\":{\"@type\":\"PropertyValueSpecification\",\"valueRequired\":true,\"valueName\":\"search_term_string\"}}],\"inLanguage\":\"de\"},{\"@type\":\"Organization\",\"@id\":\"https:\\\/\\\/www.purejewels.com\\\/#organization\",\"name\":\"PureJewels UK\",\"url\":\"https:\\\/\\\/www.purejewels.com\\\/\",\"logo\":{\"@type\":\"ImageObject\",\"inLanguage\":\"de\",\"@id\":\"https:\\\/\\\/www.purejewels.com\\\/#\\\/schema\\\/logo\\\/image\\\/\",\"url\":\"https:\\\/\\\/static.purejewels.com\\\/wp-content\\\/uploads\\\/2020\\\/11\\\/Logo-PJ-New-1.png\",\"contentUrl\":\"https:\\\/\\\/static.purejewels.com\\\/wp-content\\\/uploads\\\/2020\\\/11\\\/Logo-PJ-New-1.png\",\"width\":150,\"height\":80,\"caption\":\"PureJewels UK\"},\"image\":{\"@id\":\"https:\\\/\\\/www.purejewels.com\\\/#\\\/schema\\\/logo\\\/image\\\/\"}}]}<\/script>\n<!-- \/ Yoast SEO plugin. -->","yoast_head_json":{"title":"Von Tempeln inspirierte Halskette aus 22 Karat Gold mit Tropfenanh\u00e4nger UK","description":"Feiern Sie Tradition mit unserer 22-kar\u00e4tigen Gold-Tempel-Tropfenkette. Handgefertigt mit traditionellen Details und eleganten Tropfen \u2013 ein zeitloser Klassiker von PureJewels.","robots":{"index":"index","follow":"follow","max-snippet":"max-snippet:-1","max-image-preview":"max-image-preview:large","max-video-preview":"max-video-preview:-1"},"canonical":"https:\/\/www.purejewels.com\/de\/produkt-2\/halskette-aus-22-karat-gold-17\/","og_locale":"de_DE","og_type":"article","og_title":"Temple-Inspired 22ct Gold Necklace with Drop Pendant UK","og_description":"Celebrate tradition with our 22ct Gold Temple Drop Necklace. Handcrafted with heritage detailing and elegant drops \u2013 a timeless PureJewels classic.","og_url":"https:\/\/www.purejewels.com\/de\/produkt-2\/halskette-aus-22-karat-gold-17\/","og_site_name":"PureJewels UK","article_modified_time":"2026-01-06T08:42:54+00:00","og_image":[{"width":1000,"height":1000,"url":"https:\/\/static.purejewels.com\/wp-content\/uploads\/2018\/05\/27607.png","type":"image\/png"}],"twitter_card":"summary_large_image","twitter_misc":{"Gesch\u00e4tzte Lesezeit":"1\u00a0Minute"},"schema":{"@context":"https:\/\/schema.org","@graph":[{"@type":["WebPage","ItemPage"],"@id":"https:\/\/www.purejewels.com\/product\/22ct-gold-necklace-17\/","url":"https:\/\/www.purejewels.com\/product\/22ct-gold-necklace-17\/","name":"Von Tempeln inspirierte Halskette aus 22 Karat Gold mit Tropfenanh\u00e4nger UK","isPartOf":{"@id":"https:\/\/www.purejewels.com\/#website"},"primaryImageOfPage":{"@id":"https:\/\/www.purejewels.com\/product\/22ct-gold-necklace-17\/#primaryimage"},"image":{"@id":"https:\/\/www.purejewels.com\/product\/22ct-gold-necklace-17\/#primaryimage"},"thumbnailUrl":"https:\/\/static.purejewels.com\/wp-content\/uploads\/2018\/05\/27607.png","datePublished":"2018-05-21T15:11:10+00:00","dateModified":"2026-01-06T08:42:54+00:00","description":"Feiern Sie Tradition mit unserer 22-kar\u00e4tigen Gold-Tempel-Tropfenkette. Handgefertigt mit traditionellen Details und eleganten Tropfen \u2013 ein zeitloser Klassiker von PureJewels.","breadcrumb":{"@id":"https:\/\/www.purejewels.com\/product\/22ct-gold-necklace-17\/#breadcrumb"},"inLanguage":"de","potentialAction":[{"@type":"ReadAction","target":["https:\/\/www.purejewels.com\/product\/22ct-gold-necklace-17\/"]}]},{"@type":"ImageObject","inLanguage":"de","@id":"https:\/\/www.purejewels.com\/product\/22ct-gold-necklace-17\/#primaryimage","url":"https:\/\/static.purejewels.com\/wp-content\/uploads\/2018\/05\/27607.png","contentUrl":"https:\/\/static.purejewels.com\/wp-content\/uploads\/2018\/05\/27607.png","width":1000,"height":1000,"caption":"27607_22ct gold necklace"},{"@type":"BreadcrumbList","@id":"https:\/\/www.purejewels.com\/product\/22ct-gold-necklace-17\/#breadcrumb","itemListElement":[{"@type":"ListItem","position":1,"name":"Home","item":"https:\/\/www.purejewels.com\/"},{"@type":"ListItem","position":2,"name":"Shop","item":"https:\/\/www.purejewels.com\/shop\/"},{"@type":"ListItem","position":3,"name":"22ct Gold Temple Drop Necklace"}]},{"@type":"WebSite","@id":"https:\/\/www.purejewels.com\/#website","url":"https:\/\/www.purejewels.com\/","name":"PureJewels UK","description":"Teile die Liebe","publisher":{"@id":"https:\/\/www.purejewels.com\/#organization"},"potentialAction":[{"@type":"SearchAction","target":{"@type":"EntryPoint","urlTemplate":"https:\/\/www.purejewels.com\/?s={search_term_string}"},"query-input":{"@type":"PropertyValueSpecification","valueRequired":true,"valueName":"search_term_string"}}],"inLanguage":"de"},{"@type":"Organization","@id":"https:\/\/www.purejewels.com\/#organization","name":"PureJewels UK","url":"https:\/\/www.purejewels.com\/","logo":{"@type":"ImageObject","inLanguage":"de","@id":"https:\/\/www.purejewels.com\/#\/schema\/logo\/image\/","url":"https:\/\/static.purejewels.com\/wp-content\/uploads\/2020\/11\/Logo-PJ-New-1.png","contentUrl":"https:\/\/static.purejewels.com\/wp-content\/uploads\/2020\/11\/Logo-PJ-New-1.png","width":150,"height":80,"caption":"PureJewels UK"},"image":{"@id":"https:\/\/www.purejewels.com\/#\/schema\/logo\/image\/"}}]}},"_links":{"self":[{"href":"https:\/\/www.purejewels.com\/de\/wp-json\/wp\/v2\/product\/301082","targetHints":{"allow":["GET"]}}],"collection":[{"href":"https:\/\/www.purejewels.com\/de\/wp-json\/wp\/v2\/product"}],"about":[{"href":"https:\/\/www.purejewels.com\/de\/wp-json\/wp\/v2\/types\/product"}],"replies":[{"embeddable":true,"href":"https:\/\/www.purejewels.com\/de\/wp-json\/wp\/v2\/comments?post=301082"}],"version-history":[{"count":2,"href":"https:\/\/www.purejewels.com\/de\/wp-json\/wp\/v2\/product\/301082\/revisions"}],"predecessor-version":[{"id":422139,"href":"https:\/\/www.purejewels.com\/de\/wp-json\/wp\/v2\/product\/301082\/revisions\/422139"}],"wp:featuredmedia":[{"embeddable":true,"href":"https:\/\/www.purejewels.com\/de\/wp-json\/wp\/v2\/media\/301083"}],"wp:attachment":[{"href":"https:\/\/www.purejewels.com\/de\/wp-json\/wp\/v2\/media?parent=301082"}],"wp:term":[{"taxonomy":"product_brand","embeddable":true,"href":"https:\/\/www.purejewels.com\/de\/wp-json\/wp\/v2\/product_brand?post=301082"},{"taxonomy":"product_cat","embeddable":true,"href":"https:\/\/www.purejewels.com\/de\/wp-json\/wp\/v2\/product_cat?post=301082"},{"taxonomy":"product_tag","embeddable":true,"href":"https:\/\/www.purejewels.com\/de\/wp-json\/wp\/v2\/product_tag?post=301082"}],"curies":[{"name":"wp","href":"https:\/\/api.w.org\/{rel}","templated":true}]}}