{"id":301085,"date":"2018-05-21T16:29:12","date_gmt":"2018-05-21T15:29:12","guid":{"rendered":"https:\/\/www.purejewels.com\/?post_type=product&#038;p=301085"},"modified":"2025-12-01T05:02:46","modified_gmt":"2025-12-01T05:02:46","slug":"22-karat-gold-halskette-20","status":"publish","type":"product","link":"https:\/\/www.purejewels.com\/de\/product\/22ct-gold-necklace-20\/","title":{"rendered":"22 Karat Gold antike Brautkette"},"content":{"rendered":"<p data-start=\"509\" data-end=\"803\">Diese zeitlose Hommage an Tradition und Eleganz ist eine 22-kar\u00e4tige antike Brautkette, die f\u00fcr Br\u00e4ute entworfen wurde, die Wert auf Tradition legen. Mit ihrer exquisiten Granulation, dem kunstvollen zentralen Anh\u00e4nger und den antik anmutenden Texturen spiegelt diese Kette die Kunstfertigkeit majest\u00e4tischer indischer Schmuckst\u00fccke wider.<\/p>\n<p data-start=\"805\" data-end=\"1052\">Die sanft polierte Oberfl\u00e4che und die aufwendigen Details verspr\u00fchen einen Vintage-Charme, w\u00e4hrend das edle 22-kar\u00e4tige Gold f\u00fcr strahlende W\u00e4rme sorgt. Diese Halskette eignet sich ideal f\u00fcr Hochzeiten oder als Erbst\u00fcck und ist nicht nur ein Schmuckst\u00fcck, sondern auch ein Symbol f\u00fcr Hingabe und Tradition.<\/p>","protected":false},"excerpt":{"rendered":"<ul>\n<li>22ct Gold Halskette mit antikem Finish<\/li>\n<li>Wt: 111,3 g<\/li>\n<li>Alle Preise inklusive Mehrwertsteuer<\/li>\n<li>22ct Gold gestempelt von London Assay Office<\/li>\n<li>Mit Pr\u00e4sentationsbox<\/li>\n<li>Lieferung inbegriffen<\/li>\n<li>Live-Chat mit uns f\u00fcr die Verf\u00fcgbarkeit und mehr Bilder von \u00e4hnlichen Designs derzeit auf Lager<\/li>\n<\/ul>","protected":false},"featured_media":304440,"comment_status":"closed","ping_status":"closed","template":"","meta":{"_eb_attr":"","_crsspst_to_jayantr4sg-hostcom":false},"product_brand":[],"product_cat":[1777],"product_tag":[],"class_list":{"0":"post-301085","1":"product","2":"type-product","3":"status-publish","4":"has-post-thumbnail","6":"product_cat-long-necklaces","8":"first","9":"outofstock","10":"taxable","11":"shipping-taxable","12":"product-type-simple","13":"add-to-wishlist-before_image"},"yoast_head":"<!-- This site is optimized with the Yoast SEO plugin v27.3 - https:\/\/yoast.com\/product\/yoast-seo-wordpress\/ -->\n<title>22ct Gold Antique Bridal Necklace | PureJewels London<\/title>\n<meta name=\"description\" content=\"Adorn your wedding day with this 22ct Gold Antique Bridal Necklace. Handcrafted with heritage detailing and timeless charm. Hallmarked and heirloom-worthy.\" \/>\n<meta name=\"robots\" content=\"index, follow, max-snippet:-1, max-image-preview:large, max-video-preview:-1\" \/>\n<link rel=\"canonical\" href=\"https:\/\/www.purejewels.com\/de\/produkt-2\/22-karat-gold-halskette-20\/\" \/>\n<meta property=\"og:locale\" content=\"de_DE\" \/>\n<meta property=\"og:type\" content=\"article\" \/>\n<meta property=\"og:title\" content=\"22ct Gold Antique Bridal Necklace | PureJewels London\" \/>\n<meta property=\"og:description\" content=\"Adorn your wedding day with this 22ct Gold Antique Bridal Necklace. Handcrafted with heritage detailing and timeless charm. Hallmarked and heirloom-worthy.\" \/>\n<meta property=\"og:url\" content=\"https:\/\/www.purejewels.com\/de\/produkt-2\/22-karat-gold-halskette-20\/\" \/>\n<meta property=\"og:site_name\" content=\"PureJewels UK\" \/>\n<meta property=\"article:modified_time\" content=\"2025-12-01T05:02:46+00:00\" \/>\n<meta property=\"og:image\" content=\"https:\/\/static.purejewels.com\/wp-content\/uploads\/2018\/05\/27609_11.png\" \/>\n\t<meta property=\"og:image:width\" content=\"1000\" \/>\n\t<meta property=\"og:image:height\" content=\"1000\" \/>\n\t<meta property=\"og:image:type\" content=\"image\/png\" \/>\n<meta name=\"twitter:card\" content=\"summary_large_image\" \/>\n<meta name=\"twitter:label1\" content=\"Gesch\u00e4tzte Lesezeit\" \/>\n\t<meta name=\"twitter:data1\" content=\"1\u00a0Minute\" \/>\n<script type=\"application\/ld+json\" class=\"yoast-schema-graph\">{\"@context\":\"https:\\\/\\\/schema.org\",\"@graph\":[{\"@type\":[\"WebPage\",\"ItemPage\"],\"@id\":\"https:\\\/\\\/www.purejewels.com\\\/product\\\/22ct-gold-necklace-20\\\/\",\"url\":\"https:\\\/\\\/www.purejewels.com\\\/product\\\/22ct-gold-necklace-20\\\/\",\"name\":\"22ct Gold Antique Bridal Necklace | PureJewels London\",\"isPartOf\":{\"@id\":\"https:\\\/\\\/www.purejewels.com\\\/#website\"},\"primaryImageOfPage\":{\"@id\":\"https:\\\/\\\/www.purejewels.com\\\/product\\\/22ct-gold-necklace-20\\\/#primaryimage\"},\"image\":{\"@id\":\"https:\\\/\\\/www.purejewels.com\\\/product\\\/22ct-gold-necklace-20\\\/#primaryimage\"},\"thumbnailUrl\":\"https:\\\/\\\/static.purejewels.com\\\/wp-content\\\/uploads\\\/2018\\\/05\\\/27609_11.png\",\"datePublished\":\"2018-05-21T15:29:12+00:00\",\"dateModified\":\"2025-12-01T05:02:46+00:00\",\"description\":\"Adorn your wedding day with this 22ct Gold Antique Bridal Necklace. Handcrafted with heritage detailing and timeless charm. Hallmarked and heirloom-worthy.\",\"breadcrumb\":{\"@id\":\"https:\\\/\\\/www.purejewels.com\\\/product\\\/22ct-gold-necklace-20\\\/#breadcrumb\"},\"inLanguage\":\"de\",\"potentialAction\":[{\"@type\":\"ReadAction\",\"target\":[\"https:\\\/\\\/www.purejewels.com\\\/product\\\/22ct-gold-necklace-20\\\/\"]}]},{\"@type\":\"ImageObject\",\"inLanguage\":\"de\",\"@id\":\"https:\\\/\\\/www.purejewels.com\\\/product\\\/22ct-gold-necklace-20\\\/#primaryimage\",\"url\":\"https:\\\/\\\/static.purejewels.com\\\/wp-content\\\/uploads\\\/2018\\\/05\\\/27609_11.png\",\"contentUrl\":\"https:\\\/\\\/static.purejewels.com\\\/wp-content\\\/uploads\\\/2018\\\/05\\\/27609_11.png\",\"width\":1000,\"height\":1000,\"caption\":\"27609_11\"},{\"@type\":\"BreadcrumbList\",\"@id\":\"https:\\\/\\\/www.purejewels.com\\\/product\\\/22ct-gold-necklace-20\\\/#breadcrumb\",\"itemListElement\":[{\"@type\":\"ListItem\",\"position\":1,\"name\":\"Home\",\"item\":\"https:\\\/\\\/www.purejewels.com\\\/\"},{\"@type\":\"ListItem\",\"position\":2,\"name\":\"Shop\",\"item\":\"https:\\\/\\\/www.purejewels.com\\\/shop\\\/\"},{\"@type\":\"ListItem\",\"position\":3,\"name\":\"22ct Gold Antique Bridal Necklace\"}]},{\"@type\":\"WebSite\",\"@id\":\"https:\\\/\\\/www.purejewels.com\\\/#website\",\"url\":\"https:\\\/\\\/www.purejewels.com\\\/\",\"name\":\"PureJewels UK\",\"description\":\"Share the Love\",\"publisher\":{\"@id\":\"https:\\\/\\\/www.purejewels.com\\\/#organization\"},\"potentialAction\":[{\"@type\":\"SearchAction\",\"target\":{\"@type\":\"EntryPoint\",\"urlTemplate\":\"https:\\\/\\\/www.purejewels.com\\\/?s={search_term_string}\"},\"query-input\":{\"@type\":\"PropertyValueSpecification\",\"valueRequired\":true,\"valueName\":\"search_term_string\"}}],\"inLanguage\":\"de\"},{\"@type\":\"Organization\",\"@id\":\"https:\\\/\\\/www.purejewels.com\\\/#organization\",\"name\":\"PureJewels UK\",\"url\":\"https:\\\/\\\/www.purejewels.com\\\/\",\"logo\":{\"@type\":\"ImageObject\",\"inLanguage\":\"de\",\"@id\":\"https:\\\/\\\/www.purejewels.com\\\/#\\\/schema\\\/logo\\\/image\\\/\",\"url\":\"https:\\\/\\\/static.purejewels.com\\\/wp-content\\\/uploads\\\/2020\\\/11\\\/Logo-PJ-New-1.png\",\"contentUrl\":\"https:\\\/\\\/static.purejewels.com\\\/wp-content\\\/uploads\\\/2020\\\/11\\\/Logo-PJ-New-1.png\",\"width\":150,\"height\":80,\"caption\":\"PureJewels UK\"},\"image\":{\"@id\":\"https:\\\/\\\/www.purejewels.com\\\/#\\\/schema\\\/logo\\\/image\\\/\"}}]}<\/script>\n<!-- \/ Yoast SEO plugin. -->","yoast_head_json":{"title":"22 Karat Gold Antike Braut Halskette | PureJewels London","description":"Versch\u00f6nern Sie Ihren Hochzeitstag mit dieser antiken Brautkette aus 22 Karat Gold. Handgefertigt mit traditionellen Details und zeitlosem Charme. Mit Punzierung und als Erbst\u00fcck geeignet.","robots":{"index":"index","follow":"follow","max-snippet":"max-snippet:-1","max-image-preview":"max-image-preview:large","max-video-preview":"max-video-preview:-1"},"canonical":"https:\/\/www.purejewels.com\/de\/produkt-2\/22-karat-gold-halskette-20\/","og_locale":"de_DE","og_type":"article","og_title":"22ct Gold Antique Bridal Necklace | PureJewels London","og_description":"Adorn your wedding day with this 22ct Gold Antique Bridal Necklace. Handcrafted with heritage detailing and timeless charm. Hallmarked and heirloom-worthy.","og_url":"https:\/\/www.purejewels.com\/de\/produkt-2\/22-karat-gold-halskette-20\/","og_site_name":"PureJewels UK","article_modified_time":"2025-12-01T05:02:46+00:00","og_image":[{"width":1000,"height":1000,"url":"https:\/\/static.purejewels.com\/wp-content\/uploads\/2018\/05\/27609_11.png","type":"image\/png"}],"twitter_card":"summary_large_image","twitter_misc":{"Gesch\u00e4tzte Lesezeit":"1\u00a0Minute"},"schema":{"@context":"https:\/\/schema.org","@graph":[{"@type":["WebPage","ItemPage"],"@id":"https:\/\/www.purejewels.com\/product\/22ct-gold-necklace-20\/","url":"https:\/\/www.purejewels.com\/product\/22ct-gold-necklace-20\/","name":"22 Karat Gold Antike Braut Halskette | PureJewels London","isPartOf":{"@id":"https:\/\/www.purejewels.com\/#website"},"primaryImageOfPage":{"@id":"https:\/\/www.purejewels.com\/product\/22ct-gold-necklace-20\/#primaryimage"},"image":{"@id":"https:\/\/www.purejewels.com\/product\/22ct-gold-necklace-20\/#primaryimage"},"thumbnailUrl":"https:\/\/static.purejewels.com\/wp-content\/uploads\/2018\/05\/27609_11.png","datePublished":"2018-05-21T15:29:12+00:00","dateModified":"2025-12-01T05:02:46+00:00","description":"Versch\u00f6nern Sie Ihren Hochzeitstag mit dieser antiken Brautkette aus 22 Karat Gold. Handgefertigt mit traditionellen Details und zeitlosem Charme. Mit Punzierung und als Erbst\u00fcck geeignet.","breadcrumb":{"@id":"https:\/\/www.purejewels.com\/product\/22ct-gold-necklace-20\/#breadcrumb"},"inLanguage":"de","potentialAction":[{"@type":"ReadAction","target":["https:\/\/www.purejewels.com\/product\/22ct-gold-necklace-20\/"]}]},{"@type":"ImageObject","inLanguage":"de","@id":"https:\/\/www.purejewels.com\/product\/22ct-gold-necklace-20\/#primaryimage","url":"https:\/\/static.purejewels.com\/wp-content\/uploads\/2018\/05\/27609_11.png","contentUrl":"https:\/\/static.purejewels.com\/wp-content\/uploads\/2018\/05\/27609_11.png","width":1000,"height":1000,"caption":"27609_11"},{"@type":"BreadcrumbList","@id":"https:\/\/www.purejewels.com\/product\/22ct-gold-necklace-20\/#breadcrumb","itemListElement":[{"@type":"ListItem","position":1,"name":"Home","item":"https:\/\/www.purejewels.com\/"},{"@type":"ListItem","position":2,"name":"Shop","item":"https:\/\/www.purejewels.com\/shop\/"},{"@type":"ListItem","position":3,"name":"22ct Gold Antique Bridal Necklace"}]},{"@type":"WebSite","@id":"https:\/\/www.purejewels.com\/#website","url":"https:\/\/www.purejewels.com\/","name":"PureJewels UK","description":"Teile die Liebe","publisher":{"@id":"https:\/\/www.purejewels.com\/#organization"},"potentialAction":[{"@type":"SearchAction","target":{"@type":"EntryPoint","urlTemplate":"https:\/\/www.purejewels.com\/?s={search_term_string}"},"query-input":{"@type":"PropertyValueSpecification","valueRequired":true,"valueName":"search_term_string"}}],"inLanguage":"de"},{"@type":"Organization","@id":"https:\/\/www.purejewels.com\/#organization","name":"PureJewels UK","url":"https:\/\/www.purejewels.com\/","logo":{"@type":"ImageObject","inLanguage":"de","@id":"https:\/\/www.purejewels.com\/#\/schema\/logo\/image\/","url":"https:\/\/static.purejewels.com\/wp-content\/uploads\/2020\/11\/Logo-PJ-New-1.png","contentUrl":"https:\/\/static.purejewels.com\/wp-content\/uploads\/2020\/11\/Logo-PJ-New-1.png","width":150,"height":80,"caption":"PureJewels UK"},"image":{"@id":"https:\/\/www.purejewels.com\/#\/schema\/logo\/image\/"}}]}},"_links":{"self":[{"href":"https:\/\/www.purejewels.com\/de\/wp-json\/wp\/v2\/product\/301085","targetHints":{"allow":["GET"]}}],"collection":[{"href":"https:\/\/www.purejewels.com\/de\/wp-json\/wp\/v2\/product"}],"about":[{"href":"https:\/\/www.purejewels.com\/de\/wp-json\/wp\/v2\/types\/product"}],"replies":[{"embeddable":true,"href":"https:\/\/www.purejewels.com\/de\/wp-json\/wp\/v2\/comments?post=301085"}],"version-history":[{"count":2,"href":"https:\/\/www.purejewels.com\/de\/wp-json\/wp\/v2\/product\/301085\/revisions"}],"predecessor-version":[{"id":422142,"href":"https:\/\/www.purejewels.com\/de\/wp-json\/wp\/v2\/product\/301085\/revisions\/422142"}],"wp:featuredmedia":[{"embeddable":true,"href":"https:\/\/www.purejewels.com\/de\/wp-json\/wp\/v2\/media\/304440"}],"wp:attachment":[{"href":"https:\/\/www.purejewels.com\/de\/wp-json\/wp\/v2\/media?parent=301085"}],"wp:term":[{"taxonomy":"product_brand","embeddable":true,"href":"https:\/\/www.purejewels.com\/de\/wp-json\/wp\/v2\/product_brand?post=301085"},{"taxonomy":"product_cat","embeddable":true,"href":"https:\/\/www.purejewels.com\/de\/wp-json\/wp\/v2\/product_cat?post=301085"},{"taxonomy":"product_tag","embeddable":true,"href":"https:\/\/www.purejewels.com\/de\/wp-json\/wp\/v2\/product_tag?post=301085"}],"curies":[{"name":"wp","href":"https:\/\/api.w.org\/{rel}","templated":true}]}}