{"id":301128,"date":"2018-05-31T16:23:28","date_gmt":"2018-05-31T15:23:28","guid":{"rendered":"https:\/\/www.purejewels.com\/?post_type=product&#038;p=301128"},"modified":"2025-11-06T07:10:50","modified_gmt":"2025-11-06T07:10:50","slug":"22k-gold-panzerkette-27602","status":"publish","type":"product","link":"https:\/\/www.purejewels.com\/de\/product\/22k-gold-curb-chain-27602\/","title":{"rendered":"22k Gold Kandare Kette 20 Zoll"},"content":{"rendered":"<h3>Inspiration<\/h3>\n<p>Genau so, wie Sie es sich w\u00fcnschen! Diese feine und hochglanzpolierte 22K Panzerkette von Purejewels ist inspiriert von den minimalistischen Lebensstilen von heute. Im Einklang mit dem minimalen Lebensstil, der an Popularit\u00e4t gewinnt und von Menschen angenommen wird, die glauben, dass \"weniger mehr ist\".<\/p>\n<h3>Stil<\/h3>\n<p>Der schimmernde Glanz von reinem 22-kar\u00e4tigem Gold ist verlockend, aber die Silhouette dieser dramatischen Panzerkette ist faszinierend, und die unwiderstehliche Sch\u00f6nheit ihrer Handwerkskunst hat die F\u00e4higkeit, die Aufmerksamkeit aller auf sich zu ziehen. Die Schlichtheit des Designs und seine Vielseitigkeit passen sowohl zu formellen als auch zu informellen Anl\u00e4ssen. Unsere zarte 22K-Halskette ist \u00e4u\u00dferst dynamisch und verstellbar und kann allein oder mit anderen Halsketten getragen werden.<\/p>\n<h3>Gestaltung<\/h3>\n<p>Geben Sie sich nicht mit weniger zufrieden. Werfen Sie einen Blick auf diese sinnvolle Erg\u00e4nzung Ihres Schmuckk\u00e4stchens und unserer Kollektion. Diese Kette aus 22-kar\u00e4tigem Gold ist mit viel Liebe zum Detail und Design gefertigt. Jedes Glied unserer asiatischen Goldkette wird in feinster Handarbeit hergestellt, so dass jedes von ihnen unvollkommen perfekt ist, w\u00e4hrend die komplizierte Verflechtung dieser Glieder untereinander die Kette zu einem Kunstwerk macht.<\/p>","protected":false},"excerpt":{"rendered":"<ul>\n<li>22k Gold Kandare Kette 20 Zoll<\/li>\n<li>SKU 44251<\/li>\n<li>Wt: 13.9 gms<\/li>\n<li>Kontaktieren Sie uns f\u00fcr verschiedene Optionen f\u00fcr Ketten.<\/li>\n<li>Alle Preise inklusive Mehrwertsteuer<\/li>\n<li>22ct Gold gestempelt von London Assay Office<\/li>\n<li>Mit Pr\u00e4sentationsbox<\/li>\n<li>Lieferung inbegriffen<\/li>\n<li>Live-Chat mit uns f\u00fcr die Verf\u00fcgbarkeit und mehr Bilder von \u00e4hnlichen Designs derzeit auf Lager<\/li>\n<\/ul>","protected":false},"featured_media":317272,"comment_status":"closed","ping_status":"closed","template":"","meta":{"_eb_attr":"","_crsspst_to_jayantr4sg-hostcom":false},"product_brand":[],"product_cat":[1475,1773,1572,1774,1574],"product_tag":[3990,4121],"class_list":{"0":"post-301128","1":"product","2":"type-product","3":"status-publish","4":"has-post-thumbnail","6":"product_cat-gold-chains","7":"product_cat-ladies-chains","8":"product_cat-mens-jewellery","9":"product_cat-mens-chains","10":"product_cat-womens-jewellery","11":"product_tag-22-carat-gold-chain","12":"product_tag-chains-for-sale","14":"first","15":"outofstock","16":"taxable","17":"shipping-taxable","18":"product-type-simple","19":"add-to-wishlist-before_image"},"yoast_head":"<!-- This site is optimized with the Yoast SEO plugin v27.3 - https:\/\/yoast.com\/product\/yoast-seo-wordpress\/ -->\n<title>Real Gold Chain | 22k Gold Curb Chain 20 inches | PureJewels<\/title>\n<meta name=\"description\" content=\"Looking for gold curb chain online in UK? Shop for the best gold curb chain from our collection of exclusive, customized &amp; handmade Jewellery.\" \/>\n<meta name=\"robots\" content=\"index, follow, max-snippet:-1, max-image-preview:large, max-video-preview:-1\" \/>\n<link rel=\"canonical\" href=\"https:\/\/www.purejewels.com\/de\/produkt-2\/22k-gold-panzerkette-27602\/\" \/>\n<meta property=\"og:locale\" content=\"de_DE\" \/>\n<meta property=\"og:type\" content=\"article\" \/>\n<meta property=\"og:title\" content=\"Real Gold Chain | 22k Gold Curb Chain 20 inches | PureJewels\" \/>\n<meta property=\"og:description\" content=\"Looking for gold curb chain online in UK? Shop for the best gold curb chain from our collection of exclusive, customized &amp; handmade Jewellery.\" \/>\n<meta property=\"og:url\" content=\"https:\/\/www.purejewels.com\/de\/produkt-2\/22k-gold-panzerkette-27602\/\" \/>\n<meta property=\"og:site_name\" content=\"PureJewels UK\" \/>\n<meta property=\"article:modified_time\" content=\"2025-11-06T07:10:50+00:00\" \/>\n<meta property=\"og:image\" content=\"https:\/\/www.purejewels.com\/wp-content\/uploads\/2020\/09\/image185591212.jpg\" \/>\n\t<meta property=\"og:image:width\" content=\"1000\" \/>\n\t<meta property=\"og:image:height\" content=\"1000\" \/>\n\t<meta property=\"og:image:type\" content=\"image\/jpeg\" \/>\n<meta name=\"twitter:card\" content=\"summary_large_image\" \/>\n<meta name=\"twitter:label1\" content=\"Gesch\u00e4tzte Lesezeit\" \/>\n\t<meta name=\"twitter:data1\" content=\"2\u00a0Minuten\" \/>\n<script type=\"application\/ld+json\" class=\"yoast-schema-graph\">{\"@context\":\"https:\\\/\\\/schema.org\",\"@graph\":[{\"@type\":[\"WebPage\",\"ItemPage\"],\"@id\":\"https:\\\/\\\/www.purejewels.com\\\/product\\\/22k-gold-curb-chain-27602\\\/\",\"url\":\"https:\\\/\\\/www.purejewels.com\\\/product\\\/22k-gold-curb-chain-27602\\\/\",\"name\":\"Real Gold Chain | 22k Gold Curb Chain 20 inches | PureJewels\",\"isPartOf\":{\"@id\":\"https:\\\/\\\/www.purejewels.com\\\/#website\"},\"primaryImageOfPage\":{\"@id\":\"https:\\\/\\\/www.purejewels.com\\\/product\\\/22k-gold-curb-chain-27602\\\/#primaryimage\"},\"image\":{\"@id\":\"https:\\\/\\\/www.purejewels.com\\\/product\\\/22k-gold-curb-chain-27602\\\/#primaryimage\"},\"thumbnailUrl\":\"https:\\\/\\\/static.purejewels.com\\\/wp-content\\\/uploads\\\/2020\\\/09\\\/image185591212.jpg\",\"datePublished\":\"2018-05-31T15:23:28+00:00\",\"dateModified\":\"2025-11-06T07:10:50+00:00\",\"description\":\"Looking for gold curb chain online in UK? Shop for the best gold curb chain from our collection of exclusive, customized & handmade Jewellery.\",\"breadcrumb\":{\"@id\":\"https:\\\/\\\/www.purejewels.com\\\/product\\\/22k-gold-curb-chain-27602\\\/#breadcrumb\"},\"inLanguage\":\"de\",\"potentialAction\":[{\"@type\":\"ReadAction\",\"target\":[\"https:\\\/\\\/www.purejewels.com\\\/product\\\/22k-gold-curb-chain-27602\\\/\"]}]},{\"@type\":\"ImageObject\",\"inLanguage\":\"de\",\"@id\":\"https:\\\/\\\/www.purejewels.com\\\/product\\\/22k-gold-curb-chain-27602\\\/#primaryimage\",\"url\":\"https:\\\/\\\/static.purejewels.com\\\/wp-content\\\/uploads\\\/2020\\\/09\\\/image185591212.jpg\",\"contentUrl\":\"https:\\\/\\\/static.purejewels.com\\\/wp-content\\\/uploads\\\/2020\\\/09\\\/image185591212.jpg\",\"width\":1000,\"height\":1000,\"caption\":\"22ct gold Curb chain\"},{\"@type\":\"BreadcrumbList\",\"@id\":\"https:\\\/\\\/www.purejewels.com\\\/product\\\/22k-gold-curb-chain-27602\\\/#breadcrumb\",\"itemListElement\":[{\"@type\":\"ListItem\",\"position\":1,\"name\":\"Home\",\"item\":\"https:\\\/\\\/www.purejewels.com\\\/\"},{\"@type\":\"ListItem\",\"position\":2,\"name\":\"Shop\",\"item\":\"https:\\\/\\\/www.purejewels.com\\\/shop\\\/\"},{\"@type\":\"ListItem\",\"position\":3,\"name\":\"22k Gold Curb Chain 20 inches\"}]},{\"@type\":\"WebSite\",\"@id\":\"https:\\\/\\\/www.purejewels.com\\\/#website\",\"url\":\"https:\\\/\\\/www.purejewels.com\\\/\",\"name\":\"PureJewels UK\",\"description\":\"Share the Love\",\"publisher\":{\"@id\":\"https:\\\/\\\/www.purejewels.com\\\/#organization\"},\"potentialAction\":[{\"@type\":\"SearchAction\",\"target\":{\"@type\":\"EntryPoint\",\"urlTemplate\":\"https:\\\/\\\/www.purejewels.com\\\/?s={search_term_string}\"},\"query-input\":{\"@type\":\"PropertyValueSpecification\",\"valueRequired\":true,\"valueName\":\"search_term_string\"}}],\"inLanguage\":\"de\"},{\"@type\":\"Organization\",\"@id\":\"https:\\\/\\\/www.purejewels.com\\\/#organization\",\"name\":\"PureJewels UK\",\"url\":\"https:\\\/\\\/www.purejewels.com\\\/\",\"logo\":{\"@type\":\"ImageObject\",\"inLanguage\":\"de\",\"@id\":\"https:\\\/\\\/www.purejewels.com\\\/#\\\/schema\\\/logo\\\/image\\\/\",\"url\":\"https:\\\/\\\/static.purejewels.com\\\/wp-content\\\/uploads\\\/2020\\\/11\\\/Logo-PJ-New-1.png\",\"contentUrl\":\"https:\\\/\\\/static.purejewels.com\\\/wp-content\\\/uploads\\\/2020\\\/11\\\/Logo-PJ-New-1.png\",\"width\":150,\"height\":80,\"caption\":\"PureJewels UK\"},\"image\":{\"@id\":\"https:\\\/\\\/www.purejewels.com\\\/#\\\/schema\\\/logo\\\/image\\\/\"}}]}<\/script>\n<!-- \/ Yoast SEO plugin. -->","yoast_head_json":{"title":"Echtes Gold Kette | 22k Gold Kandare Kette 20 Zoll | PureJewels","description":"Suchen Sie nach Gold Panzerkette online in UK? Shop f\u00fcr die besten Gold Panzerkette aus unserer Sammlung von exklusiven, ma\u00dfgeschneiderte &amp; handgefertigten Schmuck.","robots":{"index":"index","follow":"follow","max-snippet":"max-snippet:-1","max-image-preview":"max-image-preview:large","max-video-preview":"max-video-preview:-1"},"canonical":"https:\/\/www.purejewels.com\/de\/produkt-2\/22k-gold-panzerkette-27602\/","og_locale":"de_DE","og_type":"article","og_title":"Real Gold Chain | 22k Gold Curb Chain 20 inches | PureJewels","og_description":"Looking for gold curb chain online in UK? Shop for the best gold curb chain from our collection of exclusive, customized & handmade Jewellery.","og_url":"https:\/\/www.purejewels.com\/de\/produkt-2\/22k-gold-panzerkette-27602\/","og_site_name":"PureJewels UK","article_modified_time":"2025-11-06T07:10:50+00:00","og_image":[{"width":1000,"height":1000,"url":"https:\/\/www.purejewels.com\/wp-content\/uploads\/2020\/09\/image185591212.jpg","type":"image\/jpeg"}],"twitter_card":"summary_large_image","twitter_misc":{"Gesch\u00e4tzte Lesezeit":"2\u00a0Minuten"},"schema":{"@context":"https:\/\/schema.org","@graph":[{"@type":["WebPage","ItemPage"],"@id":"https:\/\/www.purejewels.com\/product\/22k-gold-curb-chain-27602\/","url":"https:\/\/www.purejewels.com\/product\/22k-gold-curb-chain-27602\/","name":"Echtes Gold Kette | 22k Gold Kandare Kette 20 Zoll | PureJewels","isPartOf":{"@id":"https:\/\/www.purejewels.com\/#website"},"primaryImageOfPage":{"@id":"https:\/\/www.purejewels.com\/product\/22k-gold-curb-chain-27602\/#primaryimage"},"image":{"@id":"https:\/\/www.purejewels.com\/product\/22k-gold-curb-chain-27602\/#primaryimage"},"thumbnailUrl":"https:\/\/static.purejewels.com\/wp-content\/uploads\/2020\/09\/image185591212.jpg","datePublished":"2018-05-31T15:23:28+00:00","dateModified":"2025-11-06T07:10:50+00:00","description":"Suchen Sie nach Gold Panzerkette online in UK? Shop f\u00fcr die besten Gold Panzerkette aus unserer Sammlung von exklusiven, ma\u00dfgeschneiderte &amp; handgefertigten Schmuck.","breadcrumb":{"@id":"https:\/\/www.purejewels.com\/product\/22k-gold-curb-chain-27602\/#breadcrumb"},"inLanguage":"de","potentialAction":[{"@type":"ReadAction","target":["https:\/\/www.purejewels.com\/product\/22k-gold-curb-chain-27602\/"]}]},{"@type":"ImageObject","inLanguage":"de","@id":"https:\/\/www.purejewels.com\/product\/22k-gold-curb-chain-27602\/#primaryimage","url":"https:\/\/static.purejewels.com\/wp-content\/uploads\/2020\/09\/image185591212.jpg","contentUrl":"https:\/\/static.purejewels.com\/wp-content\/uploads\/2020\/09\/image185591212.jpg","width":1000,"height":1000,"caption":"22ct gold Curb chain"},{"@type":"BreadcrumbList","@id":"https:\/\/www.purejewels.com\/product\/22k-gold-curb-chain-27602\/#breadcrumb","itemListElement":[{"@type":"ListItem","position":1,"name":"Home","item":"https:\/\/www.purejewels.com\/"},{"@type":"ListItem","position":2,"name":"Shop","item":"https:\/\/www.purejewels.com\/shop\/"},{"@type":"ListItem","position":3,"name":"22k Gold Curb Chain 20 inches"}]},{"@type":"WebSite","@id":"https:\/\/www.purejewels.com\/#website","url":"https:\/\/www.purejewels.com\/","name":"PureJewels UK","description":"Teile die Liebe","publisher":{"@id":"https:\/\/www.purejewels.com\/#organization"},"potentialAction":[{"@type":"SearchAction","target":{"@type":"EntryPoint","urlTemplate":"https:\/\/www.purejewels.com\/?s={search_term_string}"},"query-input":{"@type":"PropertyValueSpecification","valueRequired":true,"valueName":"search_term_string"}}],"inLanguage":"de"},{"@type":"Organization","@id":"https:\/\/www.purejewels.com\/#organization","name":"PureJewels UK","url":"https:\/\/www.purejewels.com\/","logo":{"@type":"ImageObject","inLanguage":"de","@id":"https:\/\/www.purejewels.com\/#\/schema\/logo\/image\/","url":"https:\/\/static.purejewels.com\/wp-content\/uploads\/2020\/11\/Logo-PJ-New-1.png","contentUrl":"https:\/\/static.purejewels.com\/wp-content\/uploads\/2020\/11\/Logo-PJ-New-1.png","width":150,"height":80,"caption":"PureJewels UK"},"image":{"@id":"https:\/\/www.purejewels.com\/#\/schema\/logo\/image\/"}}]}},"_links":{"self":[{"href":"https:\/\/www.purejewels.com\/de\/wp-json\/wp\/v2\/product\/301128","targetHints":{"allow":["GET"]}}],"collection":[{"href":"https:\/\/www.purejewels.com\/de\/wp-json\/wp\/v2\/product"}],"about":[{"href":"https:\/\/www.purejewels.com\/de\/wp-json\/wp\/v2\/types\/product"}],"replies":[{"embeddable":true,"href":"https:\/\/www.purejewels.com\/de\/wp-json\/wp\/v2\/comments?post=301128"}],"version-history":[{"count":1,"href":"https:\/\/www.purejewels.com\/de\/wp-json\/wp\/v2\/product\/301128\/revisions"}],"predecessor-version":[{"id":420344,"href":"https:\/\/www.purejewels.com\/de\/wp-json\/wp\/v2\/product\/301128\/revisions\/420344"}],"wp:featuredmedia":[{"embeddable":true,"href":"https:\/\/www.purejewels.com\/de\/wp-json\/wp\/v2\/media\/317272"}],"wp:attachment":[{"href":"https:\/\/www.purejewels.com\/de\/wp-json\/wp\/v2\/media?parent=301128"}],"wp:term":[{"taxonomy":"product_brand","embeddable":true,"href":"https:\/\/www.purejewels.com\/de\/wp-json\/wp\/v2\/product_brand?post=301128"},{"taxonomy":"product_cat","embeddable":true,"href":"https:\/\/www.purejewels.com\/de\/wp-json\/wp\/v2\/product_cat?post=301128"},{"taxonomy":"product_tag","embeddable":true,"href":"https:\/\/www.purejewels.com\/de\/wp-json\/wp\/v2\/product_tag?post=301128"}],"curies":[{"name":"wp","href":"https:\/\/api.w.org\/{rel}","templated":true}]}}