{"id":301139,"date":"2018-06-02T14:41:03","date_gmt":"2018-06-02T13:41:03","guid":{"rendered":"https:\/\/www.purejewels.com\/?post_type=product&#038;p=301139"},"modified":"2025-12-18T09:00:45","modified_gmt":"2025-12-18T09:00:45","slug":"armari-ohrstecker-aus-22-karat-gold-27616","status":"publish","type":"product","link":"https:\/\/www.purejewels.com\/de\/product\/22ct-gold-armari-stud-earring-27616\/","title":{"rendered":"22 Karat Gold Kundan Ohrstecker \u2013 Armari Kollektion"},"content":{"rendered":"<p>Feiern Sie traditionelle Handwerkskunst mit diesen auff\u00e4lligen Ohrsteckern aus 22 Karat Gold, die Teil unserer Armari-Kollektion sind und von der k\u00f6niglichen indischen Kunst inspiriert wurden.<\/p>\n<p>Jeder Ohrring ist mit einem auff\u00e4lligen Blumenmotiv verziert und verf\u00fcgt \u00fcber einen einzelnen polierten Kundan-Stein in der Mitte, der von fein strukturierten, bl\u00fctenblattartigen Golddetails umgeben ist und mit einem antiken Touch veredelt wurde. Das strahlende Design erinnert an die Pracht einer bl\u00fchenden Ringelblume und macht ihn zu einem Statement-St\u00fcck, das in kultureller Eleganz verwurzelt ist.<\/p>\n<p>Das antike Goldfinish unterstreicht den zeitlosen Charme, w\u00e4hrend das gro\u00dfe Kundan-Element in der Mitte einen funkelnden Blickfang bildet. Diese Ohrringe passen wunderbar zu festlicher oder Brautmode und bieten eine perfekte Mischung aus Vintage-Pracht und raffinierter Eleganz.<\/p>","protected":false},"excerpt":{"rendered":"<p>Auff\u00e4llige und wundersch\u00f6ne Ohrstecker aus 22 Karat Gold mit Blumenmotiv, Kundan-Mittelst\u00fcck und Antik-Finish \u2013 aus der edlen Armari-Kollektion.<\/p>\n<ul>\n<li>22ct Gold Armari Ohrstecker<\/li>\n<li>mit Kundan und antiker Oberfl\u00e4che<\/li>\n<li>Wt.  7.6 gms<\/li>\n<li>SKU. 27616<\/li>\n<li>Alle Preise inklusive Mehrwertsteuer<\/li>\n<li>Alle unsere Produkte sind vom London Assay Office gestempelt.<\/li>\n<li>Mit Pr\u00e4sentationsbox<\/li>\n<li>Lieferung inbegriffen<\/li>\n<li>Kontaktieren Sie uns per Whatsapp, um unsere neueste Kollektion von Ohrringen aus 22 Karat Gold zu entdecken<\/li>\n<\/ul>","protected":false},"featured_media":323995,"comment_status":"closed","ping_status":"closed","template":"","meta":{"_eb_attr":"","_crsspst_to_jayantr4sg-hostcom":false},"product_brand":[],"product_cat":[1791,245,1559,1254,1570,1577,1574],"product_tag":[],"class_list":{"0":"post-301139","1":"product","2":"type-product","3":"status-publish","4":"has-post-thumbnail","6":"product_cat-anniversary-gifts","7":"product_cat-armari-collections","8":"product_cat-birthday-gifts","9":"product_cat-gold-earrings","10":"product_cat-mothers-day-gifts","11":"product_cat-stud-earrings","12":"product_cat-womens-jewellery","14":"first","15":"outofstock","16":"taxable","17":"shipping-taxable","18":"product-type-simple","19":"add-to-wishlist-before_image"},"yoast_head":"<!-- This site is optimized with the Yoast SEO plugin v27.3 - https:\/\/yoast.com\/product\/yoast-seo-wordpress\/ -->\n<title>22ct Gold Kundan Stud Earrings | Antique Finish | Armari Collection<\/title>\n<meta name=\"description\" content=\"Shop exquisite 22ct gold stud earrings with kundan stone and antique floral design. A signature piece from the Armari Collection, celebrating timeless heritage.\" \/>\n<meta name=\"robots\" content=\"index, follow, max-snippet:-1, max-image-preview:large, max-video-preview:-1\" \/>\n<link rel=\"canonical\" href=\"https:\/\/www.purejewels.com\/de\/produkt-2\/armari-ohrstecker-aus-22-karat-gold-27616\/\" \/>\n<meta property=\"og:locale\" content=\"de_DE\" \/>\n<meta property=\"og:type\" content=\"article\" \/>\n<meta property=\"og:title\" content=\"22ct Gold Kundan Stud Earrings | Antique Finish | Armari Collection\" \/>\n<meta property=\"og:description\" content=\"Shop exquisite 22ct gold stud earrings with kundan stone and antique floral design. A signature piece from the Armari Collection, celebrating timeless heritage.\" \/>\n<meta property=\"og:url\" content=\"https:\/\/www.purejewels.com\/de\/produkt-2\/armari-ohrstecker-aus-22-karat-gold-27616\/\" \/>\n<meta property=\"og:site_name\" content=\"PureJewels UK\" \/>\n<meta property=\"article:modified_time\" content=\"2025-12-18T09:00:45+00:00\" \/>\n<meta property=\"og:image\" content=\"https:\/\/static.purejewels.com\/wp-content\/uploads\/2018\/06\/27616.jpg\" \/>\n\t<meta property=\"og:image:width\" content=\"1000\" \/>\n\t<meta property=\"og:image:height\" content=\"1000\" \/>\n\t<meta property=\"og:image:type\" content=\"image\/jpeg\" \/>\n<meta name=\"twitter:card\" content=\"summary_large_image\" \/>\n<meta name=\"twitter:label1\" content=\"Gesch\u00e4tzte Lesezeit\" \/>\n\t<meta name=\"twitter:data1\" content=\"1\u00a0Minute\" \/>\n<script type=\"application\/ld+json\" class=\"yoast-schema-graph\">{\"@context\":\"https:\\\/\\\/schema.org\",\"@graph\":[{\"@type\":[\"WebPage\",\"ItemPage\"],\"@id\":\"https:\\\/\\\/www.purejewels.com\\\/product\\\/22ct-gold-armari-stud-earring-27616\\\/\",\"url\":\"https:\\\/\\\/www.purejewels.com\\\/product\\\/22ct-gold-armari-stud-earring-27616\\\/\",\"name\":\"22ct Gold Kundan Stud Earrings | Antique Finish | Armari Collection\",\"isPartOf\":{\"@id\":\"https:\\\/\\\/www.purejewels.com\\\/#website\"},\"primaryImageOfPage\":{\"@id\":\"https:\\\/\\\/www.purejewels.com\\\/product\\\/22ct-gold-armari-stud-earring-27616\\\/#primaryimage\"},\"image\":{\"@id\":\"https:\\\/\\\/www.purejewels.com\\\/product\\\/22ct-gold-armari-stud-earring-27616\\\/#primaryimage\"},\"thumbnailUrl\":\"https:\\\/\\\/static.purejewels.com\\\/wp-content\\\/uploads\\\/2018\\\/06\\\/27616.jpg\",\"datePublished\":\"2018-06-02T13:41:03+00:00\",\"dateModified\":\"2025-12-18T09:00:45+00:00\",\"description\":\"Shop exquisite 22ct gold stud earrings with kundan stone and antique floral design. A signature piece from the Armari Collection, celebrating timeless heritage.\",\"breadcrumb\":{\"@id\":\"https:\\\/\\\/www.purejewels.com\\\/product\\\/22ct-gold-armari-stud-earring-27616\\\/#breadcrumb\"},\"inLanguage\":\"de\",\"potentialAction\":[{\"@type\":\"ReadAction\",\"target\":[\"https:\\\/\\\/www.purejewels.com\\\/product\\\/22ct-gold-armari-stud-earring-27616\\\/\"]}]},{\"@type\":\"ImageObject\",\"inLanguage\":\"de\",\"@id\":\"https:\\\/\\\/www.purejewels.com\\\/product\\\/22ct-gold-armari-stud-earring-27616\\\/#primaryimage\",\"url\":\"https:\\\/\\\/static.purejewels.com\\\/wp-content\\\/uploads\\\/2018\\\/06\\\/27616.jpg\",\"contentUrl\":\"https:\\\/\\\/static.purejewels.com\\\/wp-content\\\/uploads\\\/2018\\\/06\\\/27616.jpg\",\"width\":1000,\"height\":1000,\"caption\":\"22ct Gold Earrings\"},{\"@type\":\"BreadcrumbList\",\"@id\":\"https:\\\/\\\/www.purejewels.com\\\/product\\\/22ct-gold-armari-stud-earring-27616\\\/#breadcrumb\",\"itemListElement\":[{\"@type\":\"ListItem\",\"position\":1,\"name\":\"Home\",\"item\":\"https:\\\/\\\/www.purejewels.com\\\/\"},{\"@type\":\"ListItem\",\"position\":2,\"name\":\"Shop\",\"item\":\"https:\\\/\\\/www.purejewels.com\\\/shop\\\/\"},{\"@type\":\"ListItem\",\"position\":3,\"name\":\"22ct Gold Kundan Stud Earrings \u2013 Armari Collection\"}]},{\"@type\":\"WebSite\",\"@id\":\"https:\\\/\\\/www.purejewels.com\\\/#website\",\"url\":\"https:\\\/\\\/www.purejewels.com\\\/\",\"name\":\"PureJewels UK\",\"description\":\"Share the Love\",\"publisher\":{\"@id\":\"https:\\\/\\\/www.purejewels.com\\\/#organization\"},\"potentialAction\":[{\"@type\":\"SearchAction\",\"target\":{\"@type\":\"EntryPoint\",\"urlTemplate\":\"https:\\\/\\\/www.purejewels.com\\\/?s={search_term_string}\"},\"query-input\":{\"@type\":\"PropertyValueSpecification\",\"valueRequired\":true,\"valueName\":\"search_term_string\"}}],\"inLanguage\":\"de\"},{\"@type\":\"Organization\",\"@id\":\"https:\\\/\\\/www.purejewels.com\\\/#organization\",\"name\":\"PureJewels UK\",\"url\":\"https:\\\/\\\/www.purejewels.com\\\/\",\"logo\":{\"@type\":\"ImageObject\",\"inLanguage\":\"de\",\"@id\":\"https:\\\/\\\/www.purejewels.com\\\/#\\\/schema\\\/logo\\\/image\\\/\",\"url\":\"https:\\\/\\\/static.purejewels.com\\\/wp-content\\\/uploads\\\/2020\\\/11\\\/Logo-PJ-New-1.png\",\"contentUrl\":\"https:\\\/\\\/static.purejewels.com\\\/wp-content\\\/uploads\\\/2020\\\/11\\\/Logo-PJ-New-1.png\",\"width\":150,\"height\":80,\"caption\":\"PureJewels UK\"},\"image\":{\"@id\":\"https:\\\/\\\/www.purejewels.com\\\/#\\\/schema\\\/logo\\\/image\\\/\"}}]}<\/script>\n<!-- \/ Yoast SEO plugin. -->","yoast_head_json":{"title":"22 Karat Gold Kundan Ohrstecker | Antik-Finish | Armari Kollektion","description":"Entdecken Sie exquisite Ohrstecker aus 22 Karat Gold mit Kundan-Steinen und antikem Blumenmuster. Ein charakteristisches St\u00fcck aus der Armari-Kollektion, das zeitlose Tradition zelebriert.","robots":{"index":"index","follow":"follow","max-snippet":"max-snippet:-1","max-image-preview":"max-image-preview:large","max-video-preview":"max-video-preview:-1"},"canonical":"https:\/\/www.purejewels.com\/de\/produkt-2\/armari-ohrstecker-aus-22-karat-gold-27616\/","og_locale":"de_DE","og_type":"article","og_title":"22ct Gold Kundan Stud Earrings | Antique Finish | Armari Collection","og_description":"Shop exquisite 22ct gold stud earrings with kundan stone and antique floral design. A signature piece from the Armari Collection, celebrating timeless heritage.","og_url":"https:\/\/www.purejewels.com\/de\/produkt-2\/armari-ohrstecker-aus-22-karat-gold-27616\/","og_site_name":"PureJewels UK","article_modified_time":"2025-12-18T09:00:45+00:00","og_image":[{"width":1000,"height":1000,"url":"https:\/\/static.purejewels.com\/wp-content\/uploads\/2018\/06\/27616.jpg","type":"image\/jpeg"}],"twitter_card":"summary_large_image","twitter_misc":{"Gesch\u00e4tzte Lesezeit":"1\u00a0Minute"},"schema":{"@context":"https:\/\/schema.org","@graph":[{"@type":["WebPage","ItemPage"],"@id":"https:\/\/www.purejewels.com\/product\/22ct-gold-armari-stud-earring-27616\/","url":"https:\/\/www.purejewels.com\/product\/22ct-gold-armari-stud-earring-27616\/","name":"22 Karat Gold Kundan Ohrstecker | Antik-Finish | Armari Kollektion","isPartOf":{"@id":"https:\/\/www.purejewels.com\/#website"},"primaryImageOfPage":{"@id":"https:\/\/www.purejewels.com\/product\/22ct-gold-armari-stud-earring-27616\/#primaryimage"},"image":{"@id":"https:\/\/www.purejewels.com\/product\/22ct-gold-armari-stud-earring-27616\/#primaryimage"},"thumbnailUrl":"https:\/\/static.purejewels.com\/wp-content\/uploads\/2018\/06\/27616.jpg","datePublished":"2018-06-02T13:41:03+00:00","dateModified":"2025-12-18T09:00:45+00:00","description":"Entdecken Sie exquisite Ohrstecker aus 22 Karat Gold mit Kundan-Steinen und antikem Blumenmuster. Ein charakteristisches St\u00fcck aus der Armari-Kollektion, das zeitlose Tradition zelebriert.","breadcrumb":{"@id":"https:\/\/www.purejewels.com\/product\/22ct-gold-armari-stud-earring-27616\/#breadcrumb"},"inLanguage":"de","potentialAction":[{"@type":"ReadAction","target":["https:\/\/www.purejewels.com\/product\/22ct-gold-armari-stud-earring-27616\/"]}]},{"@type":"ImageObject","inLanguage":"de","@id":"https:\/\/www.purejewels.com\/product\/22ct-gold-armari-stud-earring-27616\/#primaryimage","url":"https:\/\/static.purejewels.com\/wp-content\/uploads\/2018\/06\/27616.jpg","contentUrl":"https:\/\/static.purejewels.com\/wp-content\/uploads\/2018\/06\/27616.jpg","width":1000,"height":1000,"caption":"22ct Gold Earrings"},{"@type":"BreadcrumbList","@id":"https:\/\/www.purejewels.com\/product\/22ct-gold-armari-stud-earring-27616\/#breadcrumb","itemListElement":[{"@type":"ListItem","position":1,"name":"Home","item":"https:\/\/www.purejewels.com\/"},{"@type":"ListItem","position":2,"name":"Shop","item":"https:\/\/www.purejewels.com\/shop\/"},{"@type":"ListItem","position":3,"name":"22ct Gold Kundan Stud Earrings \u2013 Armari Collection"}]},{"@type":"WebSite","@id":"https:\/\/www.purejewels.com\/#website","url":"https:\/\/www.purejewels.com\/","name":"PureJewels UK","description":"Teile die Liebe","publisher":{"@id":"https:\/\/www.purejewels.com\/#organization"},"potentialAction":[{"@type":"SearchAction","target":{"@type":"EntryPoint","urlTemplate":"https:\/\/www.purejewels.com\/?s={search_term_string}"},"query-input":{"@type":"PropertyValueSpecification","valueRequired":true,"valueName":"search_term_string"}}],"inLanguage":"de"},{"@type":"Organization","@id":"https:\/\/www.purejewels.com\/#organization","name":"PureJewels UK","url":"https:\/\/www.purejewels.com\/","logo":{"@type":"ImageObject","inLanguage":"de","@id":"https:\/\/www.purejewels.com\/#\/schema\/logo\/image\/","url":"https:\/\/static.purejewels.com\/wp-content\/uploads\/2020\/11\/Logo-PJ-New-1.png","contentUrl":"https:\/\/static.purejewels.com\/wp-content\/uploads\/2020\/11\/Logo-PJ-New-1.png","width":150,"height":80,"caption":"PureJewels UK"},"image":{"@id":"https:\/\/www.purejewels.com\/#\/schema\/logo\/image\/"}}]}},"_links":{"self":[{"href":"https:\/\/www.purejewels.com\/de\/wp-json\/wp\/v2\/product\/301139","targetHints":{"allow":["GET"]}}],"collection":[{"href":"https:\/\/www.purejewels.com\/de\/wp-json\/wp\/v2\/product"}],"about":[{"href":"https:\/\/www.purejewels.com\/de\/wp-json\/wp\/v2\/types\/product"}],"replies":[{"embeddable":true,"href":"https:\/\/www.purejewels.com\/de\/wp-json\/wp\/v2\/comments?post=301139"}],"version-history":[{"count":3,"href":"https:\/\/www.purejewels.com\/de\/wp-json\/wp\/v2\/product\/301139\/revisions"}],"predecessor-version":[{"id":423426,"href":"https:\/\/www.purejewels.com\/de\/wp-json\/wp\/v2\/product\/301139\/revisions\/423426"}],"wp:featuredmedia":[{"embeddable":true,"href":"https:\/\/www.purejewels.com\/de\/wp-json\/wp\/v2\/media\/323995"}],"wp:attachment":[{"href":"https:\/\/www.purejewels.com\/de\/wp-json\/wp\/v2\/media?parent=301139"}],"wp:term":[{"taxonomy":"product_brand","embeddable":true,"href":"https:\/\/www.purejewels.com\/de\/wp-json\/wp\/v2\/product_brand?post=301139"},{"taxonomy":"product_cat","embeddable":true,"href":"https:\/\/www.purejewels.com\/de\/wp-json\/wp\/v2\/product_cat?post=301139"},{"taxonomy":"product_tag","embeddable":true,"href":"https:\/\/www.purejewels.com\/de\/wp-json\/wp\/v2\/product_tag?post=301139"}],"curies":[{"name":"wp","href":"https:\/\/api.w.org\/{rel}","templated":true}]}}