{"id":301142,"date":"2018-06-02T14:53:37","date_gmt":"2018-06-02T13:53:37","guid":{"rendered":"https:\/\/www.purejewels.com\/?post_type=product&#038;p=301142"},"modified":"2025-12-18T08:58:48","modified_gmt":"2025-12-18T08:58:48","slug":"armari-ohrstecker-aus-22-karat-gold-27576","status":"publish","type":"product","link":"https:\/\/www.purejewels.com\/de\/product\/22ct-gold-armari-stud-earring-27576\/","title":{"rendered":"22 Karat Gold Antike Polki Ohrstecker"},"content":{"rendered":"<p>Treten Sie ein in die Welt der raffinierten Tradition mit unseren 22-kar\u00e4tigen Gold-Ohrsteckern aus der Armari-Kollektion, die Vintage-Eleganz und handwerkliches K\u00f6nnen verk\u00f6rpern.<\/p>\n<p>Jeder Ohrring hat ein kreisf\u00f6rmiges Design und ist mit einem zentralen Polki-Stein verziert, der von konzentrischen Schichten kleinerer ungeschliffener Diamanten (Polkis) umgeben ist, die in einem Bett aus kunstvoller Goldarbeit gefasst sind. Zu den feinen Details geh\u00f6ren Blattmotive und seilartige Texturen, die die Finesse der alten Goldschmiedekunst zelebrieren.<\/p>\n<p>Das antike Finish verleiht ihnen einen edlen, traditionellen Look \u2013 ein perfekter Akzent f\u00fcr Hochzeiten, festliche Anl\u00e4sse oder formelle Feierlichkeiten. Trotz ihres aufwendigen Designs sind diese Ohrringe kompakt und somit eine hervorragende Wahl f\u00fcr alle, die zeitlose Eleganz mit dezenter Grandezza bevorzugen.<\/p>","protected":false},"excerpt":{"rendered":"<p>Traditionelle Ohrstecker aus 22 Karat Gold mit aufwendigen antiken Details und funkelnden Polki-Steinen \u2013 aus der k\u00f6niglichen Armari-Kollektion.<\/p>\n<ul>\n<li>22ct Gold Ohrstecker mit antikem Finish und Polki-Steinen<\/li>\n<li>Wt: 16.3 gms<\/li>\n<li>SKU 27576<\/li>\n<li>Alle Preise inklusive Mehrwertsteuer<\/li>\n<li>22ct Gold gestempelt von London Assay Office<\/li>\n<li>Mit Pr\u00e4sentationsbox<\/li>\n<li>Lieferung inbegriffen<\/li>\n<li>Live-Chat mit uns f\u00fcr die Verf\u00fcgbarkeit und mehr Bilder von \u00e4hnlichen Designs derzeit auf Lager<\/li>\n<\/ul>","protected":false},"featured_media":301146,"comment_status":"closed","ping_status":"closed","template":"","meta":{"_eb_attr":"","_crsspst_to_jayantr4sg-hostcom":false},"product_brand":[],"product_cat":[245,1559,1254,1577,1573,1574],"product_tag":[4122],"class_list":{"0":"post-301142","1":"product","2":"type-product","3":"status-publish","4":"has-post-thumbnail","6":"product_cat-armari-collections","7":"product_cat-birthday-gifts","8":"product_cat-gold-earrings","9":"product_cat-stud-earrings","10":"product_cat-wedding-gifts","11":"product_cat-womens-jewellery","12":"product_tag-earrings-for-sale","14":"first","15":"outofstock","16":"sale","17":"taxable","18":"shipping-taxable","19":"product-type-simple","20":"add-to-wishlist-before_image"},"yoast_head":"<!-- This site is optimized with the Yoast SEO plugin v27.3 - https:\/\/yoast.com\/product\/yoast-seo-wordpress\/ -->\n<title>22ct Gold Round Stud Earrings with Polki Stones | PureJewels UK<\/title>\n<meta name=\"description\" content=\"Elegant 22ct gold stud earrings with antique finish and polki stones from the Armari Collection. A timeless heritage design for classic elegance.\" \/>\n<meta name=\"robots\" content=\"index, follow, max-snippet:-1, max-image-preview:large, max-video-preview:-1\" \/>\n<link rel=\"canonical\" href=\"https:\/\/www.purejewels.com\/de\/produkt-2\/armari-ohrstecker-aus-22-karat-gold-27576\/\" \/>\n<meta property=\"og:locale\" content=\"de_DE\" \/>\n<meta property=\"og:type\" content=\"article\" \/>\n<meta property=\"og:title\" content=\"22ct Gold Round Stud Earrings with Polki Stones | PureJewels UK\" \/>\n<meta property=\"og:description\" content=\"Elegant 22ct gold stud earrings with antique finish and polki stones from the Armari Collection. A timeless heritage design for classic elegance.\" \/>\n<meta property=\"og:url\" content=\"https:\/\/www.purejewels.com\/de\/produkt-2\/armari-ohrstecker-aus-22-karat-gold-27576\/\" \/>\n<meta property=\"og:site_name\" content=\"PureJewels UK\" \/>\n<meta property=\"article:modified_time\" content=\"2025-12-18T08:58:48+00:00\" \/>\n<meta property=\"og:image\" content=\"https:\/\/static.purejewels.com\/wp-content\/uploads\/2018\/06\/27576_1-copy.png\" \/>\n\t<meta property=\"og:image:width\" content=\"1000\" \/>\n\t<meta property=\"og:image:height\" content=\"1000\" \/>\n\t<meta property=\"og:image:type\" content=\"image\/png\" \/>\n<meta name=\"twitter:card\" content=\"summary_large_image\" \/>\n<meta name=\"twitter:label1\" content=\"Gesch\u00e4tzte Lesezeit\" \/>\n\t<meta name=\"twitter:data1\" content=\"1\u00a0Minute\" \/>\n<script type=\"application\/ld+json\" class=\"yoast-schema-graph\">{\"@context\":\"https:\\\/\\\/schema.org\",\"@graph\":[{\"@type\":[\"WebPage\",\"ItemPage\"],\"@id\":\"https:\\\/\\\/www.purejewels.com\\\/product\\\/22ct-gold-armari-stud-earring-27576\\\/\",\"url\":\"https:\\\/\\\/www.purejewels.com\\\/product\\\/22ct-gold-armari-stud-earring-27576\\\/\",\"name\":\"22ct Gold Round Stud Earrings with Polki Stones | PureJewels UK\",\"isPartOf\":{\"@id\":\"https:\\\/\\\/www.purejewels.com\\\/#website\"},\"primaryImageOfPage\":{\"@id\":\"https:\\\/\\\/www.purejewels.com\\\/product\\\/22ct-gold-armari-stud-earring-27576\\\/#primaryimage\"},\"image\":{\"@id\":\"https:\\\/\\\/www.purejewels.com\\\/product\\\/22ct-gold-armari-stud-earring-27576\\\/#primaryimage\"},\"thumbnailUrl\":\"https:\\\/\\\/static.purejewels.com\\\/wp-content\\\/uploads\\\/2018\\\/06\\\/27576_1-copy.png\",\"datePublished\":\"2018-06-02T13:53:37+00:00\",\"dateModified\":\"2025-12-18T08:58:48+00:00\",\"description\":\"Elegant 22ct gold stud earrings with antique finish and polki stones from the Armari Collection. A timeless heritage design for classic elegance.\",\"breadcrumb\":{\"@id\":\"https:\\\/\\\/www.purejewels.com\\\/product\\\/22ct-gold-armari-stud-earring-27576\\\/#breadcrumb\"},\"inLanguage\":\"de\",\"potentialAction\":[{\"@type\":\"ReadAction\",\"target\":[\"https:\\\/\\\/www.purejewels.com\\\/product\\\/22ct-gold-armari-stud-earring-27576\\\/\"]}]},{\"@type\":\"ImageObject\",\"inLanguage\":\"de\",\"@id\":\"https:\\\/\\\/www.purejewels.com\\\/product\\\/22ct-gold-armari-stud-earring-27576\\\/#primaryimage\",\"url\":\"https:\\\/\\\/static.purejewels.com\\\/wp-content\\\/uploads\\\/2018\\\/06\\\/27576_1-copy.png\",\"contentUrl\":\"https:\\\/\\\/static.purejewels.com\\\/wp-content\\\/uploads\\\/2018\\\/06\\\/27576_1-copy.png\",\"width\":1000,\"height\":1000,\"caption\":\"27576_22ct gold stud\"},{\"@type\":\"BreadcrumbList\",\"@id\":\"https:\\\/\\\/www.purejewels.com\\\/product\\\/22ct-gold-armari-stud-earring-27576\\\/#breadcrumb\",\"itemListElement\":[{\"@type\":\"ListItem\",\"position\":1,\"name\":\"Home\",\"item\":\"https:\\\/\\\/www.purejewels.com\\\/\"},{\"@type\":\"ListItem\",\"position\":2,\"name\":\"Shop\",\"item\":\"https:\\\/\\\/www.purejewels.com\\\/shop\\\/\"},{\"@type\":\"ListItem\",\"position\":3,\"name\":\"22ct Gold Antique Polki Stud Earrings\"}]},{\"@type\":\"WebSite\",\"@id\":\"https:\\\/\\\/www.purejewels.com\\\/#website\",\"url\":\"https:\\\/\\\/www.purejewels.com\\\/\",\"name\":\"PureJewels UK\",\"description\":\"Share the Love\",\"publisher\":{\"@id\":\"https:\\\/\\\/www.purejewels.com\\\/#organization\"},\"potentialAction\":[{\"@type\":\"SearchAction\",\"target\":{\"@type\":\"EntryPoint\",\"urlTemplate\":\"https:\\\/\\\/www.purejewels.com\\\/?s={search_term_string}\"},\"query-input\":{\"@type\":\"PropertyValueSpecification\",\"valueRequired\":true,\"valueName\":\"search_term_string\"}}],\"inLanguage\":\"de\"},{\"@type\":\"Organization\",\"@id\":\"https:\\\/\\\/www.purejewels.com\\\/#organization\",\"name\":\"PureJewels UK\",\"url\":\"https:\\\/\\\/www.purejewels.com\\\/\",\"logo\":{\"@type\":\"ImageObject\",\"inLanguage\":\"de\",\"@id\":\"https:\\\/\\\/www.purejewels.com\\\/#\\\/schema\\\/logo\\\/image\\\/\",\"url\":\"https:\\\/\\\/static.purejewels.com\\\/wp-content\\\/uploads\\\/2020\\\/11\\\/Logo-PJ-New-1.png\",\"contentUrl\":\"https:\\\/\\\/static.purejewels.com\\\/wp-content\\\/uploads\\\/2020\\\/11\\\/Logo-PJ-New-1.png\",\"width\":150,\"height\":80,\"caption\":\"PureJewels UK\"},\"image\":{\"@id\":\"https:\\\/\\\/www.purejewels.com\\\/#\\\/schema\\\/logo\\\/image\\\/\"}}]}<\/script>\n<!-- \/ Yoast SEO plugin. -->","yoast_head_json":{"title":"22 Karat Gold runde Ohrstecker mit Polki-Steinen | PureJewels UK","description":"Elegante Ohrstecker aus 22 Karat Gold mit Antik-Finish und Polki-Steinen aus der Armari-Kollektion. Ein zeitloses Heritage-Design f\u00fcr klassische Eleganz.","robots":{"index":"index","follow":"follow","max-snippet":"max-snippet:-1","max-image-preview":"max-image-preview:large","max-video-preview":"max-video-preview:-1"},"canonical":"https:\/\/www.purejewels.com\/de\/produkt-2\/armari-ohrstecker-aus-22-karat-gold-27576\/","og_locale":"de_DE","og_type":"article","og_title":"22ct Gold Round Stud Earrings with Polki Stones | PureJewels UK","og_description":"Elegant 22ct gold stud earrings with antique finish and polki stones from the Armari Collection. A timeless heritage design for classic elegance.","og_url":"https:\/\/www.purejewels.com\/de\/produkt-2\/armari-ohrstecker-aus-22-karat-gold-27576\/","og_site_name":"PureJewels UK","article_modified_time":"2025-12-18T08:58:48+00:00","og_image":[{"width":1000,"height":1000,"url":"https:\/\/static.purejewels.com\/wp-content\/uploads\/2018\/06\/27576_1-copy.png","type":"image\/png"}],"twitter_card":"summary_large_image","twitter_misc":{"Gesch\u00e4tzte Lesezeit":"1\u00a0Minute"},"schema":{"@context":"https:\/\/schema.org","@graph":[{"@type":["WebPage","ItemPage"],"@id":"https:\/\/www.purejewels.com\/product\/22ct-gold-armari-stud-earring-27576\/","url":"https:\/\/www.purejewels.com\/product\/22ct-gold-armari-stud-earring-27576\/","name":"22 Karat Gold runde Ohrstecker mit Polki-Steinen | PureJewels UK","isPartOf":{"@id":"https:\/\/www.purejewels.com\/#website"},"primaryImageOfPage":{"@id":"https:\/\/www.purejewels.com\/product\/22ct-gold-armari-stud-earring-27576\/#primaryimage"},"image":{"@id":"https:\/\/www.purejewels.com\/product\/22ct-gold-armari-stud-earring-27576\/#primaryimage"},"thumbnailUrl":"https:\/\/static.purejewels.com\/wp-content\/uploads\/2018\/06\/27576_1-copy.png","datePublished":"2018-06-02T13:53:37+00:00","dateModified":"2025-12-18T08:58:48+00:00","description":"Elegante Ohrstecker aus 22 Karat Gold mit Antik-Finish und Polki-Steinen aus der Armari-Kollektion. Ein zeitloses Heritage-Design f\u00fcr klassische Eleganz.","breadcrumb":{"@id":"https:\/\/www.purejewels.com\/product\/22ct-gold-armari-stud-earring-27576\/#breadcrumb"},"inLanguage":"de","potentialAction":[{"@type":"ReadAction","target":["https:\/\/www.purejewels.com\/product\/22ct-gold-armari-stud-earring-27576\/"]}]},{"@type":"ImageObject","inLanguage":"de","@id":"https:\/\/www.purejewels.com\/product\/22ct-gold-armari-stud-earring-27576\/#primaryimage","url":"https:\/\/static.purejewels.com\/wp-content\/uploads\/2018\/06\/27576_1-copy.png","contentUrl":"https:\/\/static.purejewels.com\/wp-content\/uploads\/2018\/06\/27576_1-copy.png","width":1000,"height":1000,"caption":"27576_22ct gold stud"},{"@type":"BreadcrumbList","@id":"https:\/\/www.purejewels.com\/product\/22ct-gold-armari-stud-earring-27576\/#breadcrumb","itemListElement":[{"@type":"ListItem","position":1,"name":"Home","item":"https:\/\/www.purejewels.com\/"},{"@type":"ListItem","position":2,"name":"Shop","item":"https:\/\/www.purejewels.com\/shop\/"},{"@type":"ListItem","position":3,"name":"22ct Gold Antique Polki Stud Earrings"}]},{"@type":"WebSite","@id":"https:\/\/www.purejewels.com\/#website","url":"https:\/\/www.purejewels.com\/","name":"PureJewels UK","description":"Teile die Liebe","publisher":{"@id":"https:\/\/www.purejewels.com\/#organization"},"potentialAction":[{"@type":"SearchAction","target":{"@type":"EntryPoint","urlTemplate":"https:\/\/www.purejewels.com\/?s={search_term_string}"},"query-input":{"@type":"PropertyValueSpecification","valueRequired":true,"valueName":"search_term_string"}}],"inLanguage":"de"},{"@type":"Organization","@id":"https:\/\/www.purejewels.com\/#organization","name":"PureJewels UK","url":"https:\/\/www.purejewels.com\/","logo":{"@type":"ImageObject","inLanguage":"de","@id":"https:\/\/www.purejewels.com\/#\/schema\/logo\/image\/","url":"https:\/\/static.purejewels.com\/wp-content\/uploads\/2020\/11\/Logo-PJ-New-1.png","contentUrl":"https:\/\/static.purejewels.com\/wp-content\/uploads\/2020\/11\/Logo-PJ-New-1.png","width":150,"height":80,"caption":"PureJewels UK"},"image":{"@id":"https:\/\/www.purejewels.com\/#\/schema\/logo\/image\/"}}]}},"_links":{"self":[{"href":"https:\/\/www.purejewels.com\/de\/wp-json\/wp\/v2\/product\/301142","targetHints":{"allow":["GET"]}}],"collection":[{"href":"https:\/\/www.purejewels.com\/de\/wp-json\/wp\/v2\/product"}],"about":[{"href":"https:\/\/www.purejewels.com\/de\/wp-json\/wp\/v2\/types\/product"}],"replies":[{"embeddable":true,"href":"https:\/\/www.purejewels.com\/de\/wp-json\/wp\/v2\/comments?post=301142"}],"version-history":[{"count":3,"href":"https:\/\/www.purejewels.com\/de\/wp-json\/wp\/v2\/product\/301142\/revisions"}],"predecessor-version":[{"id":423425,"href":"https:\/\/www.purejewels.com\/de\/wp-json\/wp\/v2\/product\/301142\/revisions\/423425"}],"wp:featuredmedia":[{"embeddable":true,"href":"https:\/\/www.purejewels.com\/de\/wp-json\/wp\/v2\/media\/301146"}],"wp:attachment":[{"href":"https:\/\/www.purejewels.com\/de\/wp-json\/wp\/v2\/media?parent=301142"}],"wp:term":[{"taxonomy":"product_brand","embeddable":true,"href":"https:\/\/www.purejewels.com\/de\/wp-json\/wp\/v2\/product_brand?post=301142"},{"taxonomy":"product_cat","embeddable":true,"href":"https:\/\/www.purejewels.com\/de\/wp-json\/wp\/v2\/product_cat?post=301142"},{"taxonomy":"product_tag","embeddable":true,"href":"https:\/\/www.purejewels.com\/de\/wp-json\/wp\/v2\/product_tag?post=301142"}],"curies":[{"name":"wp","href":"https:\/\/api.w.org\/{rel}","templated":true}]}}