{"id":301239,"date":"2018-06-14T15:36:09","date_gmt":"2018-06-14T14:36:09","guid":{"rendered":"https:\/\/www.purejewels.com\/?post_type=product&#038;p=301239"},"modified":"2025-11-28T06:38:45","modified_gmt":"2025-11-28T06:38:45","slug":"armari-halskette-aus-22-karat-gold-3","status":"publish","type":"product","link":"https:\/\/www.purejewels.com\/de\/product\/22ct-gold-armari-necklace-3\/","title":{"rendered":"22 Karat Gold Kundan Polki Brautkette"},"content":{"rendered":"<p>Der 22-kar\u00e4tige Gold-Kundan-Polki <a href=\"https:\/\/www.purejewels.com\/de\/product\/22ct-gold-bridal-necklace-46262\/\">Halskette f\u00fcr Br\u00e4ute<\/a> ist f\u00fcr die kostbarsten Momente konzipiert. Seine kunstvolle Struktur zeichnet sich durch eine Kaskade aus Steinen im Kundan- und Polki-Stil aus, die durch Reihen aus polierten Goldperlen und filigranen Kurven hervorgehoben werden und eine anmutige Braut-Silhouette schaffen. Die <a href=\"https:\/\/www.purejewels.com\/de\/armari-collection\/\">antikes Finish<\/a> bereichert jedes Detail, verleiht Tiefe und einen edlen Glanz auf der Haut. Ein auff\u00e4lliger Anh\u00e4nger rundet das Design mit traditionellem Charme und faszinierender Bewegung ab. Diese Halskette wurde aus hochreinem Gold handgefertigt und in Gro\u00dfbritannien punziert. Sie ist dazu bestimmt, ein Erbst\u00fcck zu werden, das \u00fcber Generationen hinweg und bei Feierlichkeiten gesch\u00e4tzt wird.<\/p>","protected":false},"excerpt":{"rendered":"<ul>\n<li>22ct Gold Braut Halskette mit antikem Finish, Kundan und Polki Steinen<\/li>\n<li>Wt. 50.9 g<\/li>\n<li>SKU. 27562<\/li>\n<li>Alle Preise inklusive Mehrwertsteuer<\/li>\n<li>Alle unsere Produkte sind vom London Assay Office gestempelt.<\/li>\n<li>Alle Sets werden mit Pr\u00e4sentationsbox geliefert<\/li>\n<li>Lieferung inbegriffen<\/li>\n<li>Live-Chat mit uns f\u00fcr die Verf\u00fcgbarkeit und mehr Bilder von \u00e4hnlichen Designs derzeit auf Lager<\/li>\n<\/ul>","protected":false},"featured_media":301240,"comment_status":"closed","ping_status":"closed","template":"","meta":{"_eb_attr":"","_crsspst_to_jayantr4sg-hostcom":false},"product_brand":[],"product_cat":[245,1625,1574],"product_tag":[],"class_list":{"0":"post-301239","1":"product","2":"type-product","3":"status-publish","4":"has-post-thumbnail","6":"product_cat-armari-collections","7":"product_cat-bridal-set","8":"product_cat-womens-jewellery","10":"first","11":"outofstock","12":"taxable","13":"shipping-taxable","14":"product-type-simple","15":"add-to-wishlist-before_image"},"yoast_head":"<!-- This site is optimized with the Yoast SEO plugin v27.3 - https:\/\/yoast.com\/product\/yoast-seo-wordpress\/ -->\n<title>Kundan Necklace in 22ct Gold with Polki Details | PureJewels UK<\/title>\n<meta name=\"description\" content=\"A handcrafted 22ct gold bridal necklace with Kundan and polki-inspired detailing, finished in a warm antique glow. Perfect for weddings and grand celebrations.\" \/>\n<meta name=\"robots\" content=\"index, follow, max-snippet:-1, max-image-preview:large, max-video-preview:-1\" \/>\n<link rel=\"canonical\" href=\"https:\/\/www.purejewels.com\/de\/produkt-2\/armari-halskette-aus-22-karat-gold-3\/\" \/>\n<meta property=\"og:locale\" content=\"de_DE\" \/>\n<meta property=\"og:type\" content=\"article\" \/>\n<meta property=\"og:title\" content=\"Kundan Necklace in 22ct Gold with Polki Details | PureJewels UK\" \/>\n<meta property=\"og:description\" content=\"A handcrafted 22ct gold bridal necklace with Kundan and polki-inspired detailing, finished in a warm antique glow. Perfect for weddings and grand celebrations.\" \/>\n<meta property=\"og:url\" content=\"https:\/\/www.purejewels.com\/de\/produkt-2\/armari-halskette-aus-22-karat-gold-3\/\" \/>\n<meta property=\"og:site_name\" content=\"PureJewels UK\" \/>\n<meta property=\"article:modified_time\" content=\"2025-11-28T06:38:45+00:00\" \/>\n<meta property=\"og:image\" content=\"https:\/\/www.purejewels.com\/wp-content\/uploads\/2018\/06\/27562_1-copy.png\" \/>\n\t<meta property=\"og:image:width\" content=\"1000\" \/>\n\t<meta property=\"og:image:height\" content=\"1000\" \/>\n\t<meta property=\"og:image:type\" content=\"image\/png\" \/>\n<meta name=\"twitter:card\" content=\"summary_large_image\" \/>\n<meta name=\"twitter:label1\" content=\"Gesch\u00e4tzte Lesezeit\" \/>\n\t<meta name=\"twitter:data1\" content=\"1\u00a0Minute\" \/>\n<script type=\"application\/ld+json\" class=\"yoast-schema-graph\">{\"@context\":\"https:\\\/\\\/schema.org\",\"@graph\":[{\"@type\":[\"WebPage\",\"ItemPage\"],\"@id\":\"https:\\\/\\\/www.purejewels.com\\\/product\\\/22ct-gold-armari-necklace-3\\\/\",\"url\":\"https:\\\/\\\/www.purejewels.com\\\/product\\\/22ct-gold-armari-necklace-3\\\/\",\"name\":\"Kundan Necklace in 22ct Gold with Polki Details | PureJewels UK\",\"isPartOf\":{\"@id\":\"https:\\\/\\\/www.purejewels.com\\\/#website\"},\"primaryImageOfPage\":{\"@id\":\"https:\\\/\\\/www.purejewels.com\\\/product\\\/22ct-gold-armari-necklace-3\\\/#primaryimage\"},\"image\":{\"@id\":\"https:\\\/\\\/www.purejewels.com\\\/product\\\/22ct-gold-armari-necklace-3\\\/#primaryimage\"},\"thumbnailUrl\":\"https:\\\/\\\/static.purejewels.com\\\/wp-content\\\/uploads\\\/2018\\\/06\\\/27562_1-copy.png\",\"datePublished\":\"2018-06-14T14:36:09+00:00\",\"dateModified\":\"2025-11-28T06:38:45+00:00\",\"description\":\"A handcrafted 22ct gold bridal necklace with Kundan and polki-inspired detailing, finished in a warm antique glow. Perfect for weddings and grand celebrations.\",\"breadcrumb\":{\"@id\":\"https:\\\/\\\/www.purejewels.com\\\/product\\\/22ct-gold-armari-necklace-3\\\/#breadcrumb\"},\"inLanguage\":\"de\",\"potentialAction\":[{\"@type\":\"ReadAction\",\"target\":[\"https:\\\/\\\/www.purejewels.com\\\/product\\\/22ct-gold-armari-necklace-3\\\/\"]}]},{\"@type\":\"ImageObject\",\"inLanguage\":\"de\",\"@id\":\"https:\\\/\\\/www.purejewels.com\\\/product\\\/22ct-gold-armari-necklace-3\\\/#primaryimage\",\"url\":\"https:\\\/\\\/static.purejewels.com\\\/wp-content\\\/uploads\\\/2018\\\/06\\\/27562_1-copy.png\",\"contentUrl\":\"https:\\\/\\\/static.purejewels.com\\\/wp-content\\\/uploads\\\/2018\\\/06\\\/27562_1-copy.png\",\"width\":1000,\"height\":1000,\"caption\":\"27562_22ct gold necklace\"},{\"@type\":\"BreadcrumbList\",\"@id\":\"https:\\\/\\\/www.purejewels.com\\\/product\\\/22ct-gold-armari-necklace-3\\\/#breadcrumb\",\"itemListElement\":[{\"@type\":\"ListItem\",\"position\":1,\"name\":\"Home\",\"item\":\"https:\\\/\\\/www.purejewels.com\\\/\"},{\"@type\":\"ListItem\",\"position\":2,\"name\":\"Shop\",\"item\":\"https:\\\/\\\/www.purejewels.com\\\/shop\\\/\"},{\"@type\":\"ListItem\",\"position\":3,\"name\":\"22ct Gold Kundan Polki Bridal Necklace\"}]},{\"@type\":\"WebSite\",\"@id\":\"https:\\\/\\\/www.purejewels.com\\\/#website\",\"url\":\"https:\\\/\\\/www.purejewels.com\\\/\",\"name\":\"PureJewels UK\",\"description\":\"Share the Love\",\"publisher\":{\"@id\":\"https:\\\/\\\/www.purejewels.com\\\/#organization\"},\"potentialAction\":[{\"@type\":\"SearchAction\",\"target\":{\"@type\":\"EntryPoint\",\"urlTemplate\":\"https:\\\/\\\/www.purejewels.com\\\/?s={search_term_string}\"},\"query-input\":{\"@type\":\"PropertyValueSpecification\",\"valueRequired\":true,\"valueName\":\"search_term_string\"}}],\"inLanguage\":\"de\"},{\"@type\":\"Organization\",\"@id\":\"https:\\\/\\\/www.purejewels.com\\\/#organization\",\"name\":\"PureJewels UK\",\"url\":\"https:\\\/\\\/www.purejewels.com\\\/\",\"logo\":{\"@type\":\"ImageObject\",\"inLanguage\":\"de\",\"@id\":\"https:\\\/\\\/www.purejewels.com\\\/#\\\/schema\\\/logo\\\/image\\\/\",\"url\":\"https:\\\/\\\/static.purejewels.com\\\/wp-content\\\/uploads\\\/2020\\\/11\\\/Logo-PJ-New-1.png\",\"contentUrl\":\"https:\\\/\\\/static.purejewels.com\\\/wp-content\\\/uploads\\\/2020\\\/11\\\/Logo-PJ-New-1.png\",\"width\":150,\"height\":80,\"caption\":\"PureJewels UK\"},\"image\":{\"@id\":\"https:\\\/\\\/www.purejewels.com\\\/#\\\/schema\\\/logo\\\/image\\\/\"}}]}<\/script>\n<!-- \/ Yoast SEO plugin. -->","yoast_head_json":{"title":"Kundan-Halskette aus 22 Karat Gold mit Polki-Details | PureJewels UK","description":"Eine handgefertigte Brautkette aus 22 Karat Gold mit Details im Kundan- und Polki-Stil, veredelt mit einem warmen Antikglanz. Perfekt f\u00fcr Hochzeiten und gro\u00dfe Feierlichkeiten.","robots":{"index":"index","follow":"follow","max-snippet":"max-snippet:-1","max-image-preview":"max-image-preview:large","max-video-preview":"max-video-preview:-1"},"canonical":"https:\/\/www.purejewels.com\/de\/produkt-2\/armari-halskette-aus-22-karat-gold-3\/","og_locale":"de_DE","og_type":"article","og_title":"Kundan Necklace in 22ct Gold with Polki Details | PureJewels UK","og_description":"A handcrafted 22ct gold bridal necklace with Kundan and polki-inspired detailing, finished in a warm antique glow. Perfect for weddings and grand celebrations.","og_url":"https:\/\/www.purejewels.com\/de\/produkt-2\/armari-halskette-aus-22-karat-gold-3\/","og_site_name":"PureJewels UK","article_modified_time":"2025-11-28T06:38:45+00:00","og_image":[{"width":1000,"height":1000,"url":"https:\/\/www.purejewels.com\/wp-content\/uploads\/2018\/06\/27562_1-copy.png","type":"image\/png"}],"twitter_card":"summary_large_image","twitter_misc":{"Gesch\u00e4tzte Lesezeit":"1\u00a0Minute"},"schema":{"@context":"https:\/\/schema.org","@graph":[{"@type":["WebPage","ItemPage"],"@id":"https:\/\/www.purejewels.com\/product\/22ct-gold-armari-necklace-3\/","url":"https:\/\/www.purejewels.com\/product\/22ct-gold-armari-necklace-3\/","name":"Kundan-Halskette aus 22 Karat Gold mit Polki-Details | PureJewels UK","isPartOf":{"@id":"https:\/\/www.purejewels.com\/#website"},"primaryImageOfPage":{"@id":"https:\/\/www.purejewels.com\/product\/22ct-gold-armari-necklace-3\/#primaryimage"},"image":{"@id":"https:\/\/www.purejewels.com\/product\/22ct-gold-armari-necklace-3\/#primaryimage"},"thumbnailUrl":"https:\/\/static.purejewels.com\/wp-content\/uploads\/2018\/06\/27562_1-copy.png","datePublished":"2018-06-14T14:36:09+00:00","dateModified":"2025-11-28T06:38:45+00:00","description":"Eine handgefertigte Brautkette aus 22 Karat Gold mit Details im Kundan- und Polki-Stil, veredelt mit einem warmen Antikglanz. Perfekt f\u00fcr Hochzeiten und gro\u00dfe Feierlichkeiten.","breadcrumb":{"@id":"https:\/\/www.purejewels.com\/product\/22ct-gold-armari-necklace-3\/#breadcrumb"},"inLanguage":"de","potentialAction":[{"@type":"ReadAction","target":["https:\/\/www.purejewels.com\/product\/22ct-gold-armari-necklace-3\/"]}]},{"@type":"ImageObject","inLanguage":"de","@id":"https:\/\/www.purejewels.com\/product\/22ct-gold-armari-necklace-3\/#primaryimage","url":"https:\/\/static.purejewels.com\/wp-content\/uploads\/2018\/06\/27562_1-copy.png","contentUrl":"https:\/\/static.purejewels.com\/wp-content\/uploads\/2018\/06\/27562_1-copy.png","width":1000,"height":1000,"caption":"27562_22ct gold necklace"},{"@type":"BreadcrumbList","@id":"https:\/\/www.purejewels.com\/product\/22ct-gold-armari-necklace-3\/#breadcrumb","itemListElement":[{"@type":"ListItem","position":1,"name":"Home","item":"https:\/\/www.purejewels.com\/"},{"@type":"ListItem","position":2,"name":"Shop","item":"https:\/\/www.purejewels.com\/shop\/"},{"@type":"ListItem","position":3,"name":"22ct Gold Kundan Polki Bridal Necklace"}]},{"@type":"WebSite","@id":"https:\/\/www.purejewels.com\/#website","url":"https:\/\/www.purejewels.com\/","name":"PureJewels UK","description":"Teile die Liebe","publisher":{"@id":"https:\/\/www.purejewels.com\/#organization"},"potentialAction":[{"@type":"SearchAction","target":{"@type":"EntryPoint","urlTemplate":"https:\/\/www.purejewels.com\/?s={search_term_string}"},"query-input":{"@type":"PropertyValueSpecification","valueRequired":true,"valueName":"search_term_string"}}],"inLanguage":"de"},{"@type":"Organization","@id":"https:\/\/www.purejewels.com\/#organization","name":"PureJewels UK","url":"https:\/\/www.purejewels.com\/","logo":{"@type":"ImageObject","inLanguage":"de","@id":"https:\/\/www.purejewels.com\/#\/schema\/logo\/image\/","url":"https:\/\/static.purejewels.com\/wp-content\/uploads\/2020\/11\/Logo-PJ-New-1.png","contentUrl":"https:\/\/static.purejewels.com\/wp-content\/uploads\/2020\/11\/Logo-PJ-New-1.png","width":150,"height":80,"caption":"PureJewels UK"},"image":{"@id":"https:\/\/www.purejewels.com\/#\/schema\/logo\/image\/"}}]}},"_links":{"self":[{"href":"https:\/\/www.purejewels.com\/de\/wp-json\/wp\/v2\/product\/301239","targetHints":{"allow":["GET"]}}],"collection":[{"href":"https:\/\/www.purejewels.com\/de\/wp-json\/wp\/v2\/product"}],"about":[{"href":"https:\/\/www.purejewels.com\/de\/wp-json\/wp\/v2\/types\/product"}],"replies":[{"embeddable":true,"href":"https:\/\/www.purejewels.com\/de\/wp-json\/wp\/v2\/comments?post=301239"}],"version-history":[{"count":3,"href":"https:\/\/www.purejewels.com\/de\/wp-json\/wp\/v2\/product\/301239\/revisions"}],"predecessor-version":[{"id":422064,"href":"https:\/\/www.purejewels.com\/de\/wp-json\/wp\/v2\/product\/301239\/revisions\/422064"}],"wp:featuredmedia":[{"embeddable":true,"href":"https:\/\/www.purejewels.com\/de\/wp-json\/wp\/v2\/media\/301240"}],"wp:attachment":[{"href":"https:\/\/www.purejewels.com\/de\/wp-json\/wp\/v2\/media?parent=301239"}],"wp:term":[{"taxonomy":"product_brand","embeddable":true,"href":"https:\/\/www.purejewels.com\/de\/wp-json\/wp\/v2\/product_brand?post=301239"},{"taxonomy":"product_cat","embeddable":true,"href":"https:\/\/www.purejewels.com\/de\/wp-json\/wp\/v2\/product_cat?post=301239"},{"taxonomy":"product_tag","embeddable":true,"href":"https:\/\/www.purejewels.com\/de\/wp-json\/wp\/v2\/product_tag?post=301239"}],"curies":[{"name":"wp","href":"https:\/\/api.w.org\/{rel}","templated":true}]}}