{"id":301274,"date":"2018-06-25T13:14:01","date_gmt":"2018-06-25T12:14:01","guid":{"rendered":"https:\/\/www.purejewels.com\/?post_type=product&#038;p=301274"},"modified":"2026-01-06T09:43:31","modified_gmt":"2026-01-06T09:43:31","slug":"vinyasa-armband-aus-gelbgold","status":"publish","type":"product","link":"https:\/\/www.purejewels.com\/de\/product\/vinyasa-bracelet-in-yellow-gold\/","title":{"rendered":"Vinyasa-Armband aus Gelbgold"},"content":{"rendered":"<p>&nbsp;<\/p>\n<p>SKU VINBR002<\/p>","protected":false},"excerpt":{"rendered":"<p>Die Zeit bringt Freundlichkeit und Weisheit - und du bist so sch\u00f6n wie nie zuvor.  Vinyasa feiert dich in jedem Alter mit diesem Symbol des Stolzes und der Freude - dem wundersch\u00f6nen Pfau.  In diesem Armband stiehlt er mit seinem funkelnden Diamantauge die Show. Es ist aus Gold (Wei\u00df-, Gelb- oder Ros\u00e9gold) gefertigt und ein wunderbar fr\u00f6hliches, faszinierendes St\u00fcck.<\/p>\n<ul>\n<li>18ct Gold<\/li>\n<li>Alle Preise inklusive Mehrwertsteuer<\/li>\n<li>18ct Gold gestempelt von London Assay Office<\/li>\n<li>Mit Pr\u00e4sentationsbox<\/li>\n<li>Lieferung inbegriffen<\/li>\n<li>Live-Chat mit uns f\u00fcr die Verf\u00fcgbarkeit und mehr Bilder von \u00e4hnlichen Designs derzeit auf Lager<\/li>\n<\/ul>","protected":false},"featured_media":301218,"comment_status":"closed","ping_status":"closed","template":"","meta":{"_eb_attr":"","_crsspst_to_jayantr4sg-hostcom":false},"product_brand":[],"product_cat":[1533,1627,1480],"product_tag":[],"class_list":{"0":"post-301274","1":"product","2":"type-product","3":"status-publish","4":"has-post-thumbnail","6":"product_cat-diamond-jewellery-set","7":"product_cat-ladies-bracelet","8":"product_cat-vinyasa-collections","10":"first","11":"outofstock","12":"taxable","13":"shipping-taxable","14":"product-type-simple","15":"add-to-wishlist-before_image"},"yoast_head":"<!-- This site is optimized with the Yoast SEO plugin v27.5 - https:\/\/yoast.com\/product\/yoast-seo-wordpress\/ -->\n<title>Vinyasa Bracelet in Yellow Gold - PureJewels UK<\/title>\n<meta name=\"robots\" content=\"index, follow, max-snippet:-1, max-image-preview:large, max-video-preview:-1\" \/>\n<link rel=\"canonical\" href=\"https:\/\/www.purejewels.com\/de\/produkt-2\/vinyasa-armband-aus-gelbgold\/\" \/>\n<meta property=\"og:locale\" content=\"de_DE\" \/>\n<meta property=\"og:type\" content=\"article\" \/>\n<meta property=\"og:title\" content=\"Vinyasa Bracelet in Yellow Gold - PureJewels UK\" \/>\n<meta property=\"og:description\" content=\"Time brings kindness and wisdom - and you are more beautiful you&#039;ve ever been. \u00a0Vinyasa celebrates youness at every age, with this icon of pride and joy - the beautiful peacock. \u00a0In this bracelet he steals the show, with that sparkling eye of diamond. Sculpted in gold (white, yellow or rose), it&#039;s a wonderfully joyful, fascinating piece.   18ct Gold  All prices include VAT  18ct Gold\u00a0Hallmarked by London Assay Office  Comes With Presentation Box  Delivery Included  Live chat with us for availability and more images of similar designs currently in stock\" \/>\n<meta property=\"og:url\" content=\"https:\/\/www.purejewels.com\/de\/produkt-2\/vinyasa-armband-aus-gelbgold\/\" \/>\n<meta property=\"og:site_name\" content=\"PureJewels UK\" \/>\n<meta property=\"article:modified_time\" content=\"2026-01-06T09:43:31+00:00\" \/>\n<meta property=\"og:image\" content=\"https:\/\/www.purejewels.com\/wp-content\/uploads\/2018\/02\/Bracelet-2-1.png\" \/>\n\t<meta property=\"og:image:width\" content=\"2000\" \/>\n\t<meta property=\"og:image:height\" content=\"2000\" \/>\n\t<meta property=\"og:image:type\" content=\"image\/png\" \/>\n<meta name=\"twitter:card\" content=\"summary_large_image\" \/>\n<meta name=\"twitter:label1\" content=\"Gesch\u00e4tzte Lesezeit\" \/>\n\t<meta name=\"twitter:data1\" content=\"1\u00a0Minute\" \/>\n<script type=\"application\/ld+json\" class=\"yoast-schema-graph\">{\"@context\":\"https:\\\/\\\/schema.org\",\"@graph\":[{\"@type\":[\"WebPage\",\"ItemPage\"],\"@id\":\"https:\\\/\\\/www.purejewels.com\\\/product\\\/vinyasa-bracelet-in-yellow-gold\\\/\",\"url\":\"https:\\\/\\\/www.purejewels.com\\\/product\\\/vinyasa-bracelet-in-yellow-gold\\\/\",\"name\":\"Vinyasa Bracelet in Yellow Gold - PureJewels UK\",\"isPartOf\":{\"@id\":\"https:\\\/\\\/www.purejewels.com\\\/#website\"},\"primaryImageOfPage\":{\"@id\":\"https:\\\/\\\/www.purejewels.com\\\/product\\\/vinyasa-bracelet-in-yellow-gold\\\/#primaryimage\"},\"image\":{\"@id\":\"https:\\\/\\\/www.purejewels.com\\\/product\\\/vinyasa-bracelet-in-yellow-gold\\\/#primaryimage\"},\"thumbnailUrl\":\"https:\\\/\\\/static.purejewels.com\\\/wp-content\\\/uploads\\\/2018\\\/02\\\/Bracelet-2-1.png\",\"datePublished\":\"2018-06-25T12:14:01+00:00\",\"dateModified\":\"2026-01-06T09:43:31+00:00\",\"breadcrumb\":{\"@id\":\"https:\\\/\\\/www.purejewels.com\\\/product\\\/vinyasa-bracelet-in-yellow-gold\\\/#breadcrumb\"},\"inLanguage\":\"de\",\"potentialAction\":[{\"@type\":\"ReadAction\",\"target\":[\"https:\\\/\\\/www.purejewels.com\\\/product\\\/vinyasa-bracelet-in-yellow-gold\\\/\"]}]},{\"@type\":\"ImageObject\",\"inLanguage\":\"de\",\"@id\":\"https:\\\/\\\/www.purejewels.com\\\/product\\\/vinyasa-bracelet-in-yellow-gold\\\/#primaryimage\",\"url\":\"https:\\\/\\\/static.purejewels.com\\\/wp-content\\\/uploads\\\/2018\\\/02\\\/Bracelet-2-1.png\",\"contentUrl\":\"https:\\\/\\\/static.purejewels.com\\\/wp-content\\\/uploads\\\/2018\\\/02\\\/Bracelet-2-1.png\",\"width\":2000,\"height\":2000,\"caption\":\"Bracelet 2\"},{\"@type\":\"BreadcrumbList\",\"@id\":\"https:\\\/\\\/www.purejewels.com\\\/product\\\/vinyasa-bracelet-in-yellow-gold\\\/#breadcrumb\",\"itemListElement\":[{\"@type\":\"ListItem\",\"position\":1,\"name\":\"Home\",\"item\":\"https:\\\/\\\/www.purejewels.com\\\/\"},{\"@type\":\"ListItem\",\"position\":2,\"name\":\"Shop\",\"item\":\"https:\\\/\\\/www.purejewels.com\\\/shop\\\/\"},{\"@type\":\"ListItem\",\"position\":3,\"name\":\"Vinyasa Bracelet in Yellow Gold\"}]},{\"@type\":\"WebSite\",\"@id\":\"https:\\\/\\\/www.purejewels.com\\\/#website\",\"url\":\"https:\\\/\\\/www.purejewels.com\\\/\",\"name\":\"PureJewels UK\",\"description\":\"Share the Love\",\"publisher\":{\"@id\":\"https:\\\/\\\/www.purejewels.com\\\/#organization\"},\"potentialAction\":[{\"@type\":\"SearchAction\",\"target\":{\"@type\":\"EntryPoint\",\"urlTemplate\":\"https:\\\/\\\/www.purejewels.com\\\/?s={search_term_string}\"},\"query-input\":{\"@type\":\"PropertyValueSpecification\",\"valueRequired\":true,\"valueName\":\"search_term_string\"}}],\"inLanguage\":\"de\"},{\"@type\":\"Organization\",\"@id\":\"https:\\\/\\\/www.purejewels.com\\\/#organization\",\"name\":\"PureJewels UK\",\"url\":\"https:\\\/\\\/www.purejewels.com\\\/\",\"logo\":{\"@type\":\"ImageObject\",\"inLanguage\":\"de\",\"@id\":\"https:\\\/\\\/www.purejewels.com\\\/#\\\/schema\\\/logo\\\/image\\\/\",\"url\":\"https:\\\/\\\/static.purejewels.com\\\/wp-content\\\/uploads\\\/2020\\\/11\\\/Logo-PJ-New-1.png\",\"contentUrl\":\"https:\\\/\\\/static.purejewels.com\\\/wp-content\\\/uploads\\\/2020\\\/11\\\/Logo-PJ-New-1.png\",\"width\":150,\"height\":80,\"caption\":\"PureJewels UK\"},\"image\":{\"@id\":\"https:\\\/\\\/www.purejewels.com\\\/#\\\/schema\\\/logo\\\/image\\\/\"}}]}<\/script>\n<!-- \/ Yoast SEO plugin. -->","yoast_head_json":{"title":"Vinyasa-Armband aus Gelbgold - PureJewels UK","robots":{"index":"index","follow":"follow","max-snippet":"max-snippet:-1","max-image-preview":"max-image-preview:large","max-video-preview":"max-video-preview:-1"},"canonical":"https:\/\/www.purejewels.com\/de\/produkt-2\/vinyasa-armband-aus-gelbgold\/","og_locale":"de_DE","og_type":"article","og_title":"Vinyasa Bracelet in Yellow Gold - PureJewels UK","og_description":"Time brings kindness and wisdom - and you are more beautiful you've ever been. \u00a0Vinyasa celebrates youness at every age, with this icon of pride and joy - the beautiful peacock. \u00a0In this bracelet he steals the show, with that sparkling eye of diamond. Sculpted in gold (white, yellow or rose), it's a wonderfully joyful, fascinating piece.   18ct Gold  All prices include VAT  18ct Gold\u00a0Hallmarked by London Assay Office  Comes With Presentation Box  Delivery Included  Live chat with us for availability and more images of similar designs currently in stock","og_url":"https:\/\/www.purejewels.com\/de\/produkt-2\/vinyasa-armband-aus-gelbgold\/","og_site_name":"PureJewels UK","article_modified_time":"2026-01-06T09:43:31+00:00","og_image":[{"width":2000,"height":2000,"url":"https:\/\/www.purejewels.com\/wp-content\/uploads\/2018\/02\/Bracelet-2-1.png","type":"image\/png"}],"twitter_card":"summary_large_image","twitter_misc":{"Gesch\u00e4tzte Lesezeit":"1\u00a0Minute"},"schema":{"@context":"https:\/\/schema.org","@graph":[{"@type":["WebPage","ItemPage"],"@id":"https:\/\/www.purejewels.com\/product\/vinyasa-bracelet-in-yellow-gold\/","url":"https:\/\/www.purejewels.com\/product\/vinyasa-bracelet-in-yellow-gold\/","name":"Vinyasa-Armband aus Gelbgold - PureJewels UK","isPartOf":{"@id":"https:\/\/www.purejewels.com\/#website"},"primaryImageOfPage":{"@id":"https:\/\/www.purejewels.com\/product\/vinyasa-bracelet-in-yellow-gold\/#primaryimage"},"image":{"@id":"https:\/\/www.purejewels.com\/product\/vinyasa-bracelet-in-yellow-gold\/#primaryimage"},"thumbnailUrl":"https:\/\/static.purejewels.com\/wp-content\/uploads\/2018\/02\/Bracelet-2-1.png","datePublished":"2018-06-25T12:14:01+00:00","dateModified":"2026-01-06T09:43:31+00:00","breadcrumb":{"@id":"https:\/\/www.purejewels.com\/product\/vinyasa-bracelet-in-yellow-gold\/#breadcrumb"},"inLanguage":"de","potentialAction":[{"@type":"ReadAction","target":["https:\/\/www.purejewels.com\/product\/vinyasa-bracelet-in-yellow-gold\/"]}]},{"@type":"ImageObject","inLanguage":"de","@id":"https:\/\/www.purejewels.com\/product\/vinyasa-bracelet-in-yellow-gold\/#primaryimage","url":"https:\/\/static.purejewels.com\/wp-content\/uploads\/2018\/02\/Bracelet-2-1.png","contentUrl":"https:\/\/static.purejewels.com\/wp-content\/uploads\/2018\/02\/Bracelet-2-1.png","width":2000,"height":2000,"caption":"Bracelet 2"},{"@type":"BreadcrumbList","@id":"https:\/\/www.purejewels.com\/product\/vinyasa-bracelet-in-yellow-gold\/#breadcrumb","itemListElement":[{"@type":"ListItem","position":1,"name":"Home","item":"https:\/\/www.purejewels.com\/"},{"@type":"ListItem","position":2,"name":"Shop","item":"https:\/\/www.purejewels.com\/shop\/"},{"@type":"ListItem","position":3,"name":"Vinyasa Bracelet in Yellow Gold"}]},{"@type":"WebSite","@id":"https:\/\/www.purejewels.com\/#website","url":"https:\/\/www.purejewels.com\/","name":"PureJewels UK","description":"Teile die Liebe","publisher":{"@id":"https:\/\/www.purejewels.com\/#organization"},"potentialAction":[{"@type":"SearchAction","target":{"@type":"EntryPoint","urlTemplate":"https:\/\/www.purejewels.com\/?s={search_term_string}"},"query-input":{"@type":"PropertyValueSpecification","valueRequired":true,"valueName":"search_term_string"}}],"inLanguage":"de"},{"@type":"Organization","@id":"https:\/\/www.purejewels.com\/#organization","name":"PureJewels UK","url":"https:\/\/www.purejewels.com\/","logo":{"@type":"ImageObject","inLanguage":"de","@id":"https:\/\/www.purejewels.com\/#\/schema\/logo\/image\/","url":"https:\/\/static.purejewels.com\/wp-content\/uploads\/2020\/11\/Logo-PJ-New-1.png","contentUrl":"https:\/\/static.purejewels.com\/wp-content\/uploads\/2020\/11\/Logo-PJ-New-1.png","width":150,"height":80,"caption":"PureJewels UK"},"image":{"@id":"https:\/\/www.purejewels.com\/#\/schema\/logo\/image\/"}}]}},"_links":{"self":[{"href":"https:\/\/www.purejewels.com\/de\/wp-json\/wp\/v2\/product\/301274","targetHints":{"allow":["GET"]}}],"collection":[{"href":"https:\/\/www.purejewels.com\/de\/wp-json\/wp\/v2\/product"}],"about":[{"href":"https:\/\/www.purejewels.com\/de\/wp-json\/wp\/v2\/types\/product"}],"replies":[{"embeddable":true,"href":"https:\/\/www.purejewels.com\/de\/wp-json\/wp\/v2\/comments?post=301274"}],"version-history":[{"count":1,"href":"https:\/\/www.purejewels.com\/de\/wp-json\/wp\/v2\/product\/301274\/revisions"}],"predecessor-version":[{"id":371814,"href":"https:\/\/www.purejewels.com\/de\/wp-json\/wp\/v2\/product\/301274\/revisions\/371814"}],"wp:featuredmedia":[{"embeddable":true,"href":"https:\/\/www.purejewels.com\/de\/wp-json\/wp\/v2\/media\/301218"}],"wp:attachment":[{"href":"https:\/\/www.purejewels.com\/de\/wp-json\/wp\/v2\/media?parent=301274"}],"wp:term":[{"taxonomy":"product_brand","embeddable":true,"href":"https:\/\/www.purejewels.com\/de\/wp-json\/wp\/v2\/product_brand?post=301274"},{"taxonomy":"product_cat","embeddable":true,"href":"https:\/\/www.purejewels.com\/de\/wp-json\/wp\/v2\/product_cat?post=301274"},{"taxonomy":"product_tag","embeddable":true,"href":"https:\/\/www.purejewels.com\/de\/wp-json\/wp\/v2\/product_tag?post=301274"}],"curies":[{"name":"wp","href":"https:\/\/api.w.org\/{rel}","templated":true}]}}