{"id":302564,"date":"2018-08-10T05:04:30","date_gmt":"2018-08-10T04:04:30","guid":{"rendered":"https:\/\/www.purejewels.com\/?post_type=product&#038;p=302564"},"modified":"2026-01-06T11:12:44","modified_gmt":"2026-01-06T11:12:44","slug":"22-kt-gold-damen-cz-ring","status":"publish","type":"product","link":"https:\/\/www.purejewels.com\/de\/product\/22ct-gold-ladies-cz-ring\/","title":{"rendered":"22 Karat Gold Damenring mit Zirkonia | Gr\u00f6\u00dfe L"},"content":{"rendered":"<p><strong>Entwurf:<\/strong><br \/>\nDieses 22-kar\u00e4tige Gold <a href=\"https:\/\/www.purejewels.com\/de\/product\/22-carat-gold-ring-size-o-46768\/\">Damenring<\/a> pr\u00e4sentiert sich in einem eleganten Design mit einem zentralen Zirkonia im Rundschliff, flankiert von einer doppelten Reihe sorgf\u00e4ltig platzierter Steine entlang der Schultern. Seine symmetrische Anordnung und sein funkelndes Finish machen ihn zu einer klassischen und dennoch auff\u00e4lligen Wahl.<\/p>\n<p><strong>Handwerkliches K\u00f6nnen:<\/strong><br \/>\nDieser Ring wurde fachm\u00e4nnisch aus hochreinem 22-kar\u00e4tigem Gelbgold gefertigt und besticht durch seinen luxuri\u00f6sen Glanz und seine raffinierte Eleganz. Die Zirkoniasteine sind sicher gefasst, um Langlebigkeit und maximale Brillanz zu gew\u00e4hrleisten, und sorgen f\u00fcr einen atemberaubenden optischen Reiz, der echten Diamanten nachempfunden ist.<\/p>\n<p><strong>Stil:<\/strong><br \/>\nDieser Ring ist ideal f\u00fcr den eleganten Alltag und besondere Anl\u00e4sse und verbindet traditionelle Goldschmiedekunst mit einem modernen Touch. Dank seiner Gr\u00f6\u00dfe L ist er angenehm zu tragen, w\u00e4hrend sein vielseitiger Glanz m\u00fchelos zu indischen, westlichen oder Fusion-Outfits passt.<\/p>","protected":false},"excerpt":{"rendered":"<p>Eleganter Ring aus 22 Karat Gold mit einer strahlenden Reihe aus Zirkoniasteinen, gefertigt f\u00fcr zeitlose Sch\u00f6nheit und Brillanz.<\/p>\n<ul>\n<li>22ct Gold Damenring<\/li>\n<li>Mit kubischen Zirkonia-Steinen<\/li>\n<li>Ring-Gewicht 3,1 g<\/li>\n<li>Gr\u00f6\u00dfe. L<\/li>\n<li>Alle unsere Produkte sind vom London Assay Office gestempelt.<\/li>\n<li>Mit Pr\u00e4sentationsbox<\/li>\n<li>Lieferung inbegriffen<\/li>\n<li>Alle Preise inklusive Mehrwertsteuer<\/li>\n<li>Kontaktieren Sie uns \/ Chatten Sie mit uns f\u00fcr ein Video des Produkts<\/li>\n<\/ul>","protected":false},"featured_media":315645,"comment_status":"closed","ping_status":"closed","template":"","meta":{"_eb_attr":"","_crsspst_to_jayantr4sg-hostcom":false},"product_brand":[],"product_cat":[1229,1235],"product_tag":[],"class_list":{"0":"post-302564","1":"product","2":"type-product","3":"status-publish","4":"has-post-thumbnail","6":"product_cat-22ct-gold-jewellery","7":"product_cat-gold-rings","9":"first","10":"outofstock","11":"taxable","12":"shipping-taxable","13":"product-type-simple","14":"add-to-wishlist-before_image"},"yoast_head":"<!-- This site is optimized with the Yoast SEO plugin v27.3 - https:\/\/yoast.com\/product\/yoast-seo-wordpress\/ -->\n<title>22ct Gold Ring with Cubic Zirconia \u2013 Size L | PureJewels UK<\/title>\n<meta name=\"description\" content=\"Dazzle in this 22ct gold ladies ring, set with shimmering cubic zirconia stones. Available in Size L, exclusively at PureJewels UK.\" \/>\n<meta name=\"robots\" content=\"index, follow, max-snippet:-1, max-image-preview:large, max-video-preview:-1\" \/>\n<link rel=\"canonical\" href=\"https:\/\/www.purejewels.com\/de\/produkt-2\/22-kt-gold-damen-cz-ring\/\" \/>\n<meta property=\"og:locale\" content=\"de_DE\" \/>\n<meta property=\"og:type\" content=\"article\" \/>\n<meta property=\"og:title\" content=\"22ct Gold Ring with Cubic Zirconia \u2013 Size L | PureJewels UK\" \/>\n<meta property=\"og:description\" content=\"Dazzle in this 22ct gold ladies ring, set with shimmering cubic zirconia stones. Available in Size L, exclusively at PureJewels UK.\" \/>\n<meta property=\"og:url\" content=\"https:\/\/www.purejewels.com\/de\/produkt-2\/22-kt-gold-damen-cz-ring\/\" \/>\n<meta property=\"og:site_name\" content=\"PureJewels UK\" \/>\n<meta property=\"article:modified_time\" content=\"2026-01-06T11:12:44+00:00\" \/>\n<meta property=\"og:image\" content=\"https:\/\/static.purejewels.com\/wp-content\/uploads\/2020\/07\/175586727.jpg\" \/>\n\t<meta property=\"og:image:width\" content=\"1000\" \/>\n\t<meta property=\"og:image:height\" content=\"1000\" \/>\n\t<meta property=\"og:image:type\" content=\"image\/jpeg\" \/>\n<meta name=\"twitter:card\" content=\"summary_large_image\" \/>\n<meta name=\"twitter:label1\" content=\"Gesch\u00e4tzte Lesezeit\" \/>\n\t<meta name=\"twitter:data1\" content=\"1\u00a0Minute\" \/>\n<script type=\"application\/ld+json\" class=\"yoast-schema-graph\">{\"@context\":\"https:\\\/\\\/schema.org\",\"@graph\":[{\"@type\":[\"WebPage\",\"ItemPage\"],\"@id\":\"https:\\\/\\\/www.purejewels.com\\\/product\\\/22ct-gold-ladies-cz-ring\\\/\",\"url\":\"https:\\\/\\\/www.purejewels.com\\\/product\\\/22ct-gold-ladies-cz-ring\\\/\",\"name\":\"22ct Gold Ring with Cubic Zirconia \u2013 Size L | PureJewels UK\",\"isPartOf\":{\"@id\":\"https:\\\/\\\/www.purejewels.com\\\/#website\"},\"primaryImageOfPage\":{\"@id\":\"https:\\\/\\\/www.purejewels.com\\\/product\\\/22ct-gold-ladies-cz-ring\\\/#primaryimage\"},\"image\":{\"@id\":\"https:\\\/\\\/www.purejewels.com\\\/product\\\/22ct-gold-ladies-cz-ring\\\/#primaryimage\"},\"thumbnailUrl\":\"https:\\\/\\\/static.purejewels.com\\\/wp-content\\\/uploads\\\/2020\\\/07\\\/175586727.jpg\",\"datePublished\":\"2018-08-10T04:04:30+00:00\",\"dateModified\":\"2026-01-06T11:12:44+00:00\",\"description\":\"Dazzle in this 22ct gold ladies ring, set with shimmering cubic zirconia stones. Available in Size L, exclusively at PureJewels UK.\",\"breadcrumb\":{\"@id\":\"https:\\\/\\\/www.purejewels.com\\\/product\\\/22ct-gold-ladies-cz-ring\\\/#breadcrumb\"},\"inLanguage\":\"de\",\"potentialAction\":[{\"@type\":\"ReadAction\",\"target\":[\"https:\\\/\\\/www.purejewels.com\\\/product\\\/22ct-gold-ladies-cz-ring\\\/\"]}]},{\"@type\":\"ImageObject\",\"inLanguage\":\"de\",\"@id\":\"https:\\\/\\\/www.purejewels.com\\\/product\\\/22ct-gold-ladies-cz-ring\\\/#primaryimage\",\"url\":\"https:\\\/\\\/static.purejewels.com\\\/wp-content\\\/uploads\\\/2020\\\/07\\\/175586727.jpg\",\"contentUrl\":\"https:\\\/\\\/static.purejewels.com\\\/wp-content\\\/uploads\\\/2020\\\/07\\\/175586727.jpg\",\"width\":1000,\"height\":1000},{\"@type\":\"BreadcrumbList\",\"@id\":\"https:\\\/\\\/www.purejewels.com\\\/product\\\/22ct-gold-ladies-cz-ring\\\/#breadcrumb\",\"itemListElement\":[{\"@type\":\"ListItem\",\"position\":1,\"name\":\"Home\",\"item\":\"https:\\\/\\\/www.purejewels.com\\\/\"},{\"@type\":\"ListItem\",\"position\":2,\"name\":\"Shop\",\"item\":\"https:\\\/\\\/www.purejewels.com\\\/shop\\\/\"},{\"@type\":\"ListItem\",\"position\":3,\"name\":\"22ct Gold Ladies Ring with CZ | Size L\"}]},{\"@type\":\"WebSite\",\"@id\":\"https:\\\/\\\/www.purejewels.com\\\/#website\",\"url\":\"https:\\\/\\\/www.purejewels.com\\\/\",\"name\":\"PureJewels UK\",\"description\":\"Share the Love\",\"publisher\":{\"@id\":\"https:\\\/\\\/www.purejewels.com\\\/#organization\"},\"potentialAction\":[{\"@type\":\"SearchAction\",\"target\":{\"@type\":\"EntryPoint\",\"urlTemplate\":\"https:\\\/\\\/www.purejewels.com\\\/?s={search_term_string}\"},\"query-input\":{\"@type\":\"PropertyValueSpecification\",\"valueRequired\":true,\"valueName\":\"search_term_string\"}}],\"inLanguage\":\"de\"},{\"@type\":\"Organization\",\"@id\":\"https:\\\/\\\/www.purejewels.com\\\/#organization\",\"name\":\"PureJewels UK\",\"url\":\"https:\\\/\\\/www.purejewels.com\\\/\",\"logo\":{\"@type\":\"ImageObject\",\"inLanguage\":\"de\",\"@id\":\"https:\\\/\\\/www.purejewels.com\\\/#\\\/schema\\\/logo\\\/image\\\/\",\"url\":\"https:\\\/\\\/static.purejewels.com\\\/wp-content\\\/uploads\\\/2020\\\/11\\\/Logo-PJ-New-1.png\",\"contentUrl\":\"https:\\\/\\\/static.purejewels.com\\\/wp-content\\\/uploads\\\/2020\\\/11\\\/Logo-PJ-New-1.png\",\"width\":150,\"height\":80,\"caption\":\"PureJewels UK\"},\"image\":{\"@id\":\"https:\\\/\\\/www.purejewels.com\\\/#\\\/schema\\\/logo\\\/image\\\/\"}}]}<\/script>\n<!-- \/ Yoast SEO plugin. -->","yoast_head_json":{"title":"22 Karat Goldring mit Zirkonia \u2013 Gr\u00f6\u00dfe L | PureJewels UK","description":"Begeistern Sie mit diesem Damenring aus 22 Karat Gold, besetzt mit funkelnden Zirkoniasteinen. Erh\u00e4ltlich in Gr\u00f6\u00dfe L, exklusiv bei PureJewels UK.","robots":{"index":"index","follow":"follow","max-snippet":"max-snippet:-1","max-image-preview":"max-image-preview:large","max-video-preview":"max-video-preview:-1"},"canonical":"https:\/\/www.purejewels.com\/de\/produkt-2\/22-kt-gold-damen-cz-ring\/","og_locale":"de_DE","og_type":"article","og_title":"22ct Gold Ring with Cubic Zirconia \u2013 Size L | PureJewels UK","og_description":"Dazzle in this 22ct gold ladies ring, set with shimmering cubic zirconia stones. Available in Size L, exclusively at PureJewels UK.","og_url":"https:\/\/www.purejewels.com\/de\/produkt-2\/22-kt-gold-damen-cz-ring\/","og_site_name":"PureJewels UK","article_modified_time":"2026-01-06T11:12:44+00:00","og_image":[{"width":1000,"height":1000,"url":"https:\/\/static.purejewels.com\/wp-content\/uploads\/2020\/07\/175586727.jpg","type":"image\/jpeg"}],"twitter_card":"summary_large_image","twitter_misc":{"Gesch\u00e4tzte Lesezeit":"1\u00a0Minute"},"schema":{"@context":"https:\/\/schema.org","@graph":[{"@type":["WebPage","ItemPage"],"@id":"https:\/\/www.purejewels.com\/product\/22ct-gold-ladies-cz-ring\/","url":"https:\/\/www.purejewels.com\/product\/22ct-gold-ladies-cz-ring\/","name":"22 Karat Goldring mit Zirkonia \u2013 Gr\u00f6\u00dfe L | PureJewels UK","isPartOf":{"@id":"https:\/\/www.purejewels.com\/#website"},"primaryImageOfPage":{"@id":"https:\/\/www.purejewels.com\/product\/22ct-gold-ladies-cz-ring\/#primaryimage"},"image":{"@id":"https:\/\/www.purejewels.com\/product\/22ct-gold-ladies-cz-ring\/#primaryimage"},"thumbnailUrl":"https:\/\/static.purejewels.com\/wp-content\/uploads\/2020\/07\/175586727.jpg","datePublished":"2018-08-10T04:04:30+00:00","dateModified":"2026-01-06T11:12:44+00:00","description":"Begeistern Sie mit diesem Damenring aus 22 Karat Gold, besetzt mit funkelnden Zirkoniasteinen. Erh\u00e4ltlich in Gr\u00f6\u00dfe L, exklusiv bei PureJewels UK.","breadcrumb":{"@id":"https:\/\/www.purejewels.com\/product\/22ct-gold-ladies-cz-ring\/#breadcrumb"},"inLanguage":"de","potentialAction":[{"@type":"ReadAction","target":["https:\/\/www.purejewels.com\/product\/22ct-gold-ladies-cz-ring\/"]}]},{"@type":"ImageObject","inLanguage":"de","@id":"https:\/\/www.purejewels.com\/product\/22ct-gold-ladies-cz-ring\/#primaryimage","url":"https:\/\/static.purejewels.com\/wp-content\/uploads\/2020\/07\/175586727.jpg","contentUrl":"https:\/\/static.purejewels.com\/wp-content\/uploads\/2020\/07\/175586727.jpg","width":1000,"height":1000},{"@type":"BreadcrumbList","@id":"https:\/\/www.purejewels.com\/product\/22ct-gold-ladies-cz-ring\/#breadcrumb","itemListElement":[{"@type":"ListItem","position":1,"name":"Home","item":"https:\/\/www.purejewels.com\/"},{"@type":"ListItem","position":2,"name":"Shop","item":"https:\/\/www.purejewels.com\/shop\/"},{"@type":"ListItem","position":3,"name":"22ct Gold Ladies Ring with CZ | Size L"}]},{"@type":"WebSite","@id":"https:\/\/www.purejewels.com\/#website","url":"https:\/\/www.purejewels.com\/","name":"PureJewels UK","description":"Teile die Liebe","publisher":{"@id":"https:\/\/www.purejewels.com\/#organization"},"potentialAction":[{"@type":"SearchAction","target":{"@type":"EntryPoint","urlTemplate":"https:\/\/www.purejewels.com\/?s={search_term_string}"},"query-input":{"@type":"PropertyValueSpecification","valueRequired":true,"valueName":"search_term_string"}}],"inLanguage":"de"},{"@type":"Organization","@id":"https:\/\/www.purejewels.com\/#organization","name":"PureJewels UK","url":"https:\/\/www.purejewels.com\/","logo":{"@type":"ImageObject","inLanguage":"de","@id":"https:\/\/www.purejewels.com\/#\/schema\/logo\/image\/","url":"https:\/\/static.purejewels.com\/wp-content\/uploads\/2020\/11\/Logo-PJ-New-1.png","contentUrl":"https:\/\/static.purejewels.com\/wp-content\/uploads\/2020\/11\/Logo-PJ-New-1.png","width":150,"height":80,"caption":"PureJewels UK"},"image":{"@id":"https:\/\/www.purejewels.com\/#\/schema\/logo\/image\/"}}]}},"_links":{"self":[{"href":"https:\/\/www.purejewels.com\/de\/wp-json\/wp\/v2\/product\/302564","targetHints":{"allow":["GET"]}}],"collection":[{"href":"https:\/\/www.purejewels.com\/de\/wp-json\/wp\/v2\/product"}],"about":[{"href":"https:\/\/www.purejewels.com\/de\/wp-json\/wp\/v2\/types\/product"}],"replies":[{"embeddable":true,"href":"https:\/\/www.purejewels.com\/de\/wp-json\/wp\/v2\/comments?post=302564"}],"version-history":[{"count":2,"href":"https:\/\/www.purejewels.com\/de\/wp-json\/wp\/v2\/product\/302564\/revisions"}],"predecessor-version":[{"id":423918,"href":"https:\/\/www.purejewels.com\/de\/wp-json\/wp\/v2\/product\/302564\/revisions\/423918"}],"wp:featuredmedia":[{"embeddable":true,"href":"https:\/\/www.purejewels.com\/de\/wp-json\/wp\/v2\/media\/315645"}],"wp:attachment":[{"href":"https:\/\/www.purejewels.com\/de\/wp-json\/wp\/v2\/media?parent=302564"}],"wp:term":[{"taxonomy":"product_brand","embeddable":true,"href":"https:\/\/www.purejewels.com\/de\/wp-json\/wp\/v2\/product_brand?post=302564"},{"taxonomy":"product_cat","embeddable":true,"href":"https:\/\/www.purejewels.com\/de\/wp-json\/wp\/v2\/product_cat?post=302564"},{"taxonomy":"product_tag","embeddable":true,"href":"https:\/\/www.purejewels.com\/de\/wp-json\/wp\/v2\/product_tag?post=302564"}],"curies":[{"name":"wp","href":"https:\/\/api.w.org\/{rel}","templated":true}]}}