{"id":302719,"date":"2018-08-17T10:09:28","date_gmt":"2018-08-17T09:09:28","guid":{"rendered":"https:\/\/www.purejewels.com\/?post_type=product&#038;p=302719"},"modified":"2026-01-10T16:15:14","modified_gmt":"2026-01-10T16:15:14","slug":"baby-armreif-aus-22-karat-gold-6","status":"publish","type":"product","link":"https:\/\/www.purejewels.com\/de\/product\/22ct-gold-baby-bangle-6\/","title":{"rendered":"22 Karat Gold Baby Armreif mit strukturierter Perle"},"content":{"rendered":"<p><strong>Gestaltung<\/strong><\/p>\n<p>Dieser charmante <a href=\"https:\/\/www.purejewels.com\/de\/product\/22ct-gold-jali-filigree-ring-jali-collection-31926\/\">22ct<\/a> Der goldene Armreif ist sorgf\u00e4ltig f\u00fcr Babys und Kleinkinder gefertigt. Mit zwei polierten B\u00e4ndern, die durch symmetrische, strukturierte Perlen verbunden sind, verk\u00f6rpert das Design traditionelle Eleganz mit einem modernen Touch. Durch die offene Armreifstruktur l\u00e4sst er sich leicht anlegen und an das Wachstum des Kindes anpassen.<\/p>\n<p><strong>Handwerkliches K\u00f6nnen<\/strong><\/p>\n<p>Jedes Element wird von erfahrenen Goldschmieden mit h\u00f6chster Pr\u00e4zision handgefertigt. Die detaillierten Perlenverzierungen zeugen von handwerklichem K\u00f6nnen, w\u00e4hrend die glatte Oberfl\u00e4che ein sanftes Tragen auf der empfindlichen Babyhaut gew\u00e4hrleistet. Der Armreif wurde mit Blick auf Sicherheit und Komfort entworfen und verf\u00fcgt \u00fcber einen verstellbaren Verschluss, der sich an die Handgelenkgr\u00f6\u00dfe anpassen l\u00e4sst.<\/p>\n<p><strong>Stil<\/strong><\/p>\n<p>Dieser Armreif, der in der klassischen indischen Tradition verwurzelt ist, eignet sich perfekt f\u00fcr religi\u00f6se Zeremonien, Geburtstage oder als Andenken. Er ist leicht und vielseitig und passt sowohl zu traditioneller als auch zu legerer Babykleidung, sodass er eine durchdachte und elegante Erg\u00e4nzung der ersten Schmuckkollektion eines Kindes darstellt.<\/p>","protected":false},"excerpt":{"rendered":"<p>Verstellbarer Babyarmreif aus reinem 22-kar\u00e4tigem Gold mit detaillierter Perlenverzierung und kindersicherem offenem Design. Ideal f\u00fcr den Alltag oder als Geschenk.<\/p>\n<ul>\n<li>22ct Gold Baby Armreif.<\/li>\n<li>Geeignet f\u00fcr Kinder, Kinder, Kind, Kleinkind, Neugeborene.<\/li>\n<li>22 Karat Goldschmuck mit Punzierung f\u00fcr Kinder.<\/li>\n<li>Gewicht: 9,2 g<\/li>\n<li>Alle Preise inklusive Mehrwertsteuer<\/li>\n<li>22ct Gold gestempelt von London Assay Office<\/li>\n<li>Mit Pr\u00e4sentationsbox<\/li>\n<li>Lieferung inbegriffen<\/li>\n<li>Live-Chat mit uns f\u00fcr die Verf\u00fcgbarkeit und mehr Bilder von \u00e4hnlichen Designs derzeit auf Lager<\/li>\n<\/ul>","protected":false},"featured_media":302720,"comment_status":"closed","ping_status":"closed","template":"","meta":{"_eb_attr":"","_crsspst_to_jayantr4sg-hostcom":false},"product_brand":[],"product_cat":[1576,1526],"product_tag":[],"class_list":{"0":"post-302719","1":"product","2":"type-product","3":"status-publish","4":"has-post-thumbnail","6":"product_cat-childrens-jewellery","7":"product_cat-kids-bangles","9":"first","10":"outofstock","11":"taxable","12":"shipping-taxable","13":"product-type-simple","14":"add-to-wishlist-before_image"},"yoast_head":"<!-- This site is optimized with the Yoast SEO plugin v27.5 - https:\/\/yoast.com\/product\/yoast-seo-wordpress\/ -->\n<title>22ct Gold Adjustable Baby Bangle | Traditional Design for Kids<\/title>\n<meta name=\"description\" content=\"Shop this handcrafted 22ct gold baby bangle with textured bead detailing. Adjustable fit, child-safe design, perfect for infants and toddlers.\" \/>\n<meta name=\"robots\" content=\"index, follow, max-snippet:-1, max-image-preview:large, max-video-preview:-1\" \/>\n<link rel=\"canonical\" href=\"https:\/\/www.purejewels.com\/de\/produkt-2\/baby-armreif-aus-22-karat-gold-6\/\" \/>\n<meta property=\"og:locale\" content=\"de_DE\" \/>\n<meta property=\"og:type\" content=\"article\" \/>\n<meta property=\"og:title\" content=\"22ct Gold Adjustable Baby Bangle | Traditional Design for Kids\" \/>\n<meta property=\"og:description\" content=\"Shop this handcrafted 22ct gold baby bangle with textured bead detailing. Adjustable fit, child-safe design, perfect for infants and toddlers.\" \/>\n<meta property=\"og:url\" content=\"https:\/\/www.purejewels.com\/de\/produkt-2\/baby-armreif-aus-22-karat-gold-6\/\" \/>\n<meta property=\"og:site_name\" content=\"PureJewels UK\" \/>\n<meta property=\"article:modified_time\" content=\"2026-01-10T16:15:14+00:00\" \/>\n<meta property=\"og:image\" content=\"https:\/\/static.purejewels.com\/wp-content\/uploads\/2018\/08\/27383_1.png\" \/>\n\t<meta property=\"og:image:width\" content=\"1000\" \/>\n\t<meta property=\"og:image:height\" content=\"1000\" \/>\n\t<meta property=\"og:image:type\" content=\"image\/png\" \/>\n<meta name=\"twitter:card\" content=\"summary_large_image\" \/>\n<meta name=\"twitter:label1\" content=\"Gesch\u00e4tzte Lesezeit\" \/>\n\t<meta name=\"twitter:data1\" content=\"1\u00a0Minute\" \/>\n<script type=\"application\/ld+json\" class=\"yoast-schema-graph\">{\"@context\":\"https:\\\/\\\/schema.org\",\"@graph\":[{\"@type\":[\"WebPage\",\"ItemPage\"],\"@id\":\"https:\\\/\\\/www.purejewels.com\\\/product\\\/22ct-gold-baby-bangle-6\\\/\",\"url\":\"https:\\\/\\\/www.purejewels.com\\\/product\\\/22ct-gold-baby-bangle-6\\\/\",\"name\":\"22ct Gold Adjustable Baby Bangle | Traditional Design for Kids\",\"isPartOf\":{\"@id\":\"https:\\\/\\\/www.purejewels.com\\\/#website\"},\"primaryImageOfPage\":{\"@id\":\"https:\\\/\\\/www.purejewels.com\\\/product\\\/22ct-gold-baby-bangle-6\\\/#primaryimage\"},\"image\":{\"@id\":\"https:\\\/\\\/www.purejewels.com\\\/product\\\/22ct-gold-baby-bangle-6\\\/#primaryimage\"},\"thumbnailUrl\":\"https:\\\/\\\/static.purejewels.com\\\/wp-content\\\/uploads\\\/2018\\\/08\\\/27383_1.png\",\"datePublished\":\"2018-08-17T09:09:28+00:00\",\"dateModified\":\"2026-01-10T16:15:14+00:00\",\"description\":\"Shop this handcrafted 22ct gold baby bangle with textured bead detailing. Adjustable fit, child-safe design, perfect for infants and toddlers.\",\"breadcrumb\":{\"@id\":\"https:\\\/\\\/www.purejewels.com\\\/product\\\/22ct-gold-baby-bangle-6\\\/#breadcrumb\"},\"inLanguage\":\"de\",\"potentialAction\":[{\"@type\":\"ReadAction\",\"target\":[\"https:\\\/\\\/www.purejewels.com\\\/product\\\/22ct-gold-baby-bangle-6\\\/\"]}]},{\"@type\":\"ImageObject\",\"inLanguage\":\"de\",\"@id\":\"https:\\\/\\\/www.purejewels.com\\\/product\\\/22ct-gold-baby-bangle-6\\\/#primaryimage\",\"url\":\"https:\\\/\\\/static.purejewels.com\\\/wp-content\\\/uploads\\\/2018\\\/08\\\/27383_1.png\",\"contentUrl\":\"https:\\\/\\\/static.purejewels.com\\\/wp-content\\\/uploads\\\/2018\\\/08\\\/27383_1.png\",\"width\":1000,\"height\":1000,\"caption\":\"27383_1\"},{\"@type\":\"BreadcrumbList\",\"@id\":\"https:\\\/\\\/www.purejewels.com\\\/product\\\/22ct-gold-baby-bangle-6\\\/#breadcrumb\",\"itemListElement\":[{\"@type\":\"ListItem\",\"position\":1,\"name\":\"Home\",\"item\":\"https:\\\/\\\/www.purejewels.com\\\/\"},{\"@type\":\"ListItem\",\"position\":2,\"name\":\"Shop\",\"item\":\"https:\\\/\\\/www.purejewels.com\\\/shop\\\/\"},{\"@type\":\"ListItem\",\"position\":3,\"name\":\"22ct Gold Baby Bangle with Textured Bead\"}]},{\"@type\":\"WebSite\",\"@id\":\"https:\\\/\\\/www.purejewels.com\\\/#website\",\"url\":\"https:\\\/\\\/www.purejewels.com\\\/\",\"name\":\"PureJewels UK\",\"description\":\"Share the Love\",\"publisher\":{\"@id\":\"https:\\\/\\\/www.purejewels.com\\\/#organization\"},\"potentialAction\":[{\"@type\":\"SearchAction\",\"target\":{\"@type\":\"EntryPoint\",\"urlTemplate\":\"https:\\\/\\\/www.purejewels.com\\\/?s={search_term_string}\"},\"query-input\":{\"@type\":\"PropertyValueSpecification\",\"valueRequired\":true,\"valueName\":\"search_term_string\"}}],\"inLanguage\":\"de\"},{\"@type\":\"Organization\",\"@id\":\"https:\\\/\\\/www.purejewels.com\\\/#organization\",\"name\":\"PureJewels UK\",\"url\":\"https:\\\/\\\/www.purejewels.com\\\/\",\"logo\":{\"@type\":\"ImageObject\",\"inLanguage\":\"de\",\"@id\":\"https:\\\/\\\/www.purejewels.com\\\/#\\\/schema\\\/logo\\\/image\\\/\",\"url\":\"https:\\\/\\\/static.purejewels.com\\\/wp-content\\\/uploads\\\/2020\\\/11\\\/Logo-PJ-New-1.png\",\"contentUrl\":\"https:\\\/\\\/static.purejewels.com\\\/wp-content\\\/uploads\\\/2020\\\/11\\\/Logo-PJ-New-1.png\",\"width\":150,\"height\":80,\"caption\":\"PureJewels UK\"},\"image\":{\"@id\":\"https:\\\/\\\/www.purejewels.com\\\/#\\\/schema\\\/logo\\\/image\\\/\"}}]}<\/script>\n<!-- \/ Yoast SEO plugin. -->","yoast_head_json":{"title":"Verstellbarer Babyarmreif aus 22 Karat Gold | Traditionelles Design f\u00fcr Kinder","description":"Kaufen Sie diesen handgefertigten Babyarmreif aus 22 Karat Gold mit strukturierten Perlenverzierungen. Verstellbare Passform, kindersicheres Design, perfekt f\u00fcr S\u00e4uglinge und Kleinkinder.","robots":{"index":"index","follow":"follow","max-snippet":"max-snippet:-1","max-image-preview":"max-image-preview:large","max-video-preview":"max-video-preview:-1"},"canonical":"https:\/\/www.purejewels.com\/de\/produkt-2\/baby-armreif-aus-22-karat-gold-6\/","og_locale":"de_DE","og_type":"article","og_title":"22ct Gold Adjustable Baby Bangle | Traditional Design for Kids","og_description":"Shop this handcrafted 22ct gold baby bangle with textured bead detailing. Adjustable fit, child-safe design, perfect for infants and toddlers.","og_url":"https:\/\/www.purejewels.com\/de\/produkt-2\/baby-armreif-aus-22-karat-gold-6\/","og_site_name":"PureJewels UK","article_modified_time":"2026-01-10T16:15:14+00:00","og_image":[{"width":1000,"height":1000,"url":"https:\/\/static.purejewels.com\/wp-content\/uploads\/2018\/08\/27383_1.png","type":"image\/png"}],"twitter_card":"summary_large_image","twitter_misc":{"Gesch\u00e4tzte Lesezeit":"1\u00a0Minute"},"schema":{"@context":"https:\/\/schema.org","@graph":[{"@type":["WebPage","ItemPage"],"@id":"https:\/\/www.purejewels.com\/product\/22ct-gold-baby-bangle-6\/","url":"https:\/\/www.purejewels.com\/product\/22ct-gold-baby-bangle-6\/","name":"Verstellbarer Babyarmreif aus 22 Karat Gold | Traditionelles Design f\u00fcr Kinder","isPartOf":{"@id":"https:\/\/www.purejewels.com\/#website"},"primaryImageOfPage":{"@id":"https:\/\/www.purejewels.com\/product\/22ct-gold-baby-bangle-6\/#primaryimage"},"image":{"@id":"https:\/\/www.purejewels.com\/product\/22ct-gold-baby-bangle-6\/#primaryimage"},"thumbnailUrl":"https:\/\/static.purejewels.com\/wp-content\/uploads\/2018\/08\/27383_1.png","datePublished":"2018-08-17T09:09:28+00:00","dateModified":"2026-01-10T16:15:14+00:00","description":"Kaufen Sie diesen handgefertigten Babyarmreif aus 22 Karat Gold mit strukturierten Perlenverzierungen. Verstellbare Passform, kindersicheres Design, perfekt f\u00fcr S\u00e4uglinge und Kleinkinder.","breadcrumb":{"@id":"https:\/\/www.purejewels.com\/product\/22ct-gold-baby-bangle-6\/#breadcrumb"},"inLanguage":"de","potentialAction":[{"@type":"ReadAction","target":["https:\/\/www.purejewels.com\/product\/22ct-gold-baby-bangle-6\/"]}]},{"@type":"ImageObject","inLanguage":"de","@id":"https:\/\/www.purejewels.com\/product\/22ct-gold-baby-bangle-6\/#primaryimage","url":"https:\/\/static.purejewels.com\/wp-content\/uploads\/2018\/08\/27383_1.png","contentUrl":"https:\/\/static.purejewels.com\/wp-content\/uploads\/2018\/08\/27383_1.png","width":1000,"height":1000,"caption":"27383_1"},{"@type":"BreadcrumbList","@id":"https:\/\/www.purejewels.com\/product\/22ct-gold-baby-bangle-6\/#breadcrumb","itemListElement":[{"@type":"ListItem","position":1,"name":"Home","item":"https:\/\/www.purejewels.com\/"},{"@type":"ListItem","position":2,"name":"Shop","item":"https:\/\/www.purejewels.com\/shop\/"},{"@type":"ListItem","position":3,"name":"22ct Gold Baby Bangle with Textured Bead"}]},{"@type":"WebSite","@id":"https:\/\/www.purejewels.com\/#website","url":"https:\/\/www.purejewels.com\/","name":"PureJewels UK","description":"Teile die Liebe","publisher":{"@id":"https:\/\/www.purejewels.com\/#organization"},"potentialAction":[{"@type":"SearchAction","target":{"@type":"EntryPoint","urlTemplate":"https:\/\/www.purejewels.com\/?s={search_term_string}"},"query-input":{"@type":"PropertyValueSpecification","valueRequired":true,"valueName":"search_term_string"}}],"inLanguage":"de"},{"@type":"Organization","@id":"https:\/\/www.purejewels.com\/#organization","name":"PureJewels UK","url":"https:\/\/www.purejewels.com\/","logo":{"@type":"ImageObject","inLanguage":"de","@id":"https:\/\/www.purejewels.com\/#\/schema\/logo\/image\/","url":"https:\/\/static.purejewels.com\/wp-content\/uploads\/2020\/11\/Logo-PJ-New-1.png","contentUrl":"https:\/\/static.purejewels.com\/wp-content\/uploads\/2020\/11\/Logo-PJ-New-1.png","width":150,"height":80,"caption":"PureJewels UK"},"image":{"@id":"https:\/\/www.purejewels.com\/#\/schema\/logo\/image\/"}}]}},"_links":{"self":[{"href":"https:\/\/www.purejewels.com\/de\/wp-json\/wp\/v2\/product\/302719","targetHints":{"allow":["GET"]}}],"collection":[{"href":"https:\/\/www.purejewels.com\/de\/wp-json\/wp\/v2\/product"}],"about":[{"href":"https:\/\/www.purejewels.com\/de\/wp-json\/wp\/v2\/types\/product"}],"replies":[{"embeddable":true,"href":"https:\/\/www.purejewels.com\/de\/wp-json\/wp\/v2\/comments?post=302719"}],"version-history":[{"count":2,"href":"https:\/\/www.purejewels.com\/de\/wp-json\/wp\/v2\/product\/302719\/revisions"}],"predecessor-version":[{"id":423441,"href":"https:\/\/www.purejewels.com\/de\/wp-json\/wp\/v2\/product\/302719\/revisions\/423441"}],"wp:featuredmedia":[{"embeddable":true,"href":"https:\/\/www.purejewels.com\/de\/wp-json\/wp\/v2\/media\/302720"}],"wp:attachment":[{"href":"https:\/\/www.purejewels.com\/de\/wp-json\/wp\/v2\/media?parent=302719"}],"wp:term":[{"taxonomy":"product_brand","embeddable":true,"href":"https:\/\/www.purejewels.com\/de\/wp-json\/wp\/v2\/product_brand?post=302719"},{"taxonomy":"product_cat","embeddable":true,"href":"https:\/\/www.purejewels.com\/de\/wp-json\/wp\/v2\/product_cat?post=302719"},{"taxonomy":"product_tag","embeddable":true,"href":"https:\/\/www.purejewels.com\/de\/wp-json\/wp\/v2\/product_tag?post=302719"}],"curies":[{"name":"wp","href":"https:\/\/api.w.org\/{rel}","templated":true}]}}