{"id":302725,"date":"2018-08-17T10:26:51","date_gmt":"2018-08-17T09:26:51","guid":{"rendered":"https:\/\/www.purejewels.com\/?post_type=product&#038;p=302725"},"modified":"2026-01-10T16:15:14","modified_gmt":"2026-01-10T16:15:14","slug":"302725","status":"publish","type":"product","link":"https:\/\/www.purejewels.com\/de\/product\/302725\/","title":{"rendered":"Verstellbarer Babyarmreif aus 22 Karat Gold mit floralen Details"},"content":{"rendered":"<p data-start=\"762\" data-end=\"1006\"><strong data-start=\"762\" data-end=\"781\">Designkonzept<\/strong><br data-start=\"781\" data-end=\"784\" \/>Diese <a href=\"https:\/\/www.purejewels.com\/de\/product\/22ct-gold-jali-filigree-ring-jali-collection-31926\/\">22ct<\/a> Gold Einstellbar <a href=\"https:\/\/www.purejewels.com\/de\/product\/indian-gold-baby-bangles-uk-41086\/\">Baby Armreif<\/a> verbindet klassisches Design mit moderner Funktionalit\u00e4t. Speziell f\u00fcr die zarten Handgelenke von S\u00e4uglingen und Kleinkindern entworfen, verleiht die filigrane Blumengravur dem Armband einen charmanten, traditionellen Touch.<\/p>\n<p data-start=\"1008\" data-end=\"1301\"><strong data-start=\"1008\" data-end=\"1026\">Handwerkliches K\u00f6nnen<\/strong><br data-start=\"1026\" data-end=\"1029\" \/>Der Armreif wurde sorgf\u00e4ltig aus feinem 22-kar\u00e4tigem Gold handgefertigt und zeugt von meisterhafter Handwerkskunst. Das detailreiche Blumenmuster ist pr\u00e4zise eingraviert und unterstreicht sowohl die kulturelle Sch\u00f6nheit als auch die Langlebigkeit. Der verstellbare Mechanismus sorgt f\u00fcr Komfort und einen sicheren Sitz, w\u00e4hrend Ihr Baby w\u00e4chst.<\/p>\n<p data-start=\"1303\" data-end=\"1555\"><strong data-start=\"1303\" data-end=\"1315\">Styling<\/strong><br data-start=\"1315\" data-end=\"1318\" \/>Dieser Babyarmreif ist ein wundersch\u00f6nes Andenken, das sich perfekt f\u00fcr Taufen, Namensgebungszeremonien, Geburtstage oder als gesch\u00e4tztes Familienerbst\u00fcck eignet. Ob im Alltag oder zu besonderen Anl\u00e4ssen getragen, passt er m\u00fchelos zu traditioneller und moderner Babykleidung.<\/p>","protected":false},"excerpt":{"rendered":"<p>Dieser verstellbare Babyarmreif aus strahlendem 22-kar\u00e4tigem Gelbgold ist mit wundersch\u00f6nen Blumenmotiven verziert und sitzt sicher am Handgelenk. Er ist ideal f\u00fcr Neugeborene und Kleinkinder und ein zeitloses Geschenk voller Tradition und Eleganz.<\/p>\n<ul>\n<li>22ct Gold Baby Armreif.<\/li>\n<li>Geeignet f\u00fcr Kinder, Kinder, Kind, Kleinkind, Neugeborene.<\/li>\n<li>22 Karat Goldschmuck mit Punzierung f\u00fcr Kinder.<\/li>\n<li>Gewicht: 5,8 g<\/li>\n<li>Alle Preise inklusive Mehrwertsteuer<\/li>\n<li>22ct Gold gestempelt von London Assay Office<\/li>\n<li>Mit Pr\u00e4sentationsbox<\/li>\n<li>Lieferung inbegriffen<\/li>\n<li>Live-Chat mit uns f\u00fcr die Verf\u00fcgbarkeit und mehr Bilder von \u00e4hnlichen Designs derzeit auf Lager<\/li>\n<\/ul>","protected":false},"featured_media":302726,"comment_status":"closed","ping_status":"closed","template":"","meta":{"_eb_attr":"","_crsspst_to_jayantr4sg-hostcom":false},"product_brand":[],"product_cat":[1576,1526],"product_tag":[],"class_list":{"0":"post-302725","1":"product","2":"type-product","3":"status-publish","4":"has-post-thumbnail","6":"product_cat-childrens-jewellery","7":"product_cat-kids-bangles","9":"first","10":"outofstock","11":"taxable","12":"shipping-taxable","13":"product-type-simple","14":"add-to-wishlist-before_image"},"yoast_head":"<!-- This site is optimized with the Yoast SEO plugin v27.5 - https:\/\/yoast.com\/product\/yoast-seo-wordpress\/ -->\n<title>Gold Baby Bangle \u2013 22ct Adjustable with Floral Design<\/title>\n<meta name=\"description\" content=\"Delicate 22ct gold baby bangle with intricate floral detailing. Adjustable design, perfect for infants, toddlers, and newborns. Ideal gift for special occasions.\" \/>\n<meta name=\"robots\" content=\"index, follow, max-snippet:-1, max-image-preview:large, max-video-preview:-1\" \/>\n<link rel=\"canonical\" href=\"https:\/\/www.purejewels.com\/de\/produkt-2\/302725\/\" \/>\n<meta property=\"og:locale\" content=\"de_DE\" \/>\n<meta property=\"og:type\" content=\"article\" \/>\n<meta property=\"og:title\" content=\"Gold Baby Bangle \u2013 22ct Adjustable with Floral Design\" \/>\n<meta property=\"og:description\" content=\"Delicate 22ct gold baby bangle with intricate floral detailing. Adjustable design, perfect for infants, toddlers, and newborns. Ideal gift for special occasions.\" \/>\n<meta property=\"og:url\" content=\"https:\/\/www.purejewels.com\/de\/produkt-2\/302725\/\" \/>\n<meta property=\"og:site_name\" content=\"PureJewels UK\" \/>\n<meta property=\"article:modified_time\" content=\"2026-01-10T16:15:14+00:00\" \/>\n<meta property=\"og:image\" content=\"https:\/\/static.purejewels.com\/wp-content\/uploads\/2018\/08\/27650_1.png\" \/>\n\t<meta property=\"og:image:width\" content=\"1000\" \/>\n\t<meta property=\"og:image:height\" content=\"1000\" \/>\n\t<meta property=\"og:image:type\" content=\"image\/png\" \/>\n<meta name=\"twitter:card\" content=\"summary_large_image\" \/>\n<meta name=\"twitter:label1\" content=\"Gesch\u00e4tzte Lesezeit\" \/>\n\t<meta name=\"twitter:data1\" content=\"1\u00a0Minute\" \/>\n<script type=\"application\/ld+json\" class=\"yoast-schema-graph\">{\"@context\":\"https:\\\/\\\/schema.org\",\"@graph\":[{\"@type\":[\"WebPage\",\"ItemPage\"],\"@id\":\"https:\\\/\\\/www.purejewels.com\\\/product\\\/302725\\\/\",\"url\":\"https:\\\/\\\/www.purejewels.com\\\/product\\\/302725\\\/\",\"name\":\"Gold Baby Bangle \u2013 22ct Adjustable with Floral Design\",\"isPartOf\":{\"@id\":\"https:\\\/\\\/www.purejewels.com\\\/#website\"},\"primaryImageOfPage\":{\"@id\":\"https:\\\/\\\/www.purejewels.com\\\/product\\\/302725\\\/#primaryimage\"},\"image\":{\"@id\":\"https:\\\/\\\/www.purejewels.com\\\/product\\\/302725\\\/#primaryimage\"},\"thumbnailUrl\":\"https:\\\/\\\/static.purejewels.com\\\/wp-content\\\/uploads\\\/2018\\\/08\\\/27650_1.png\",\"datePublished\":\"2018-08-17T09:26:51+00:00\",\"dateModified\":\"2026-01-10T16:15:14+00:00\",\"description\":\"Delicate 22ct gold baby bangle with intricate floral detailing. Adjustable design, perfect for infants, toddlers, and newborns. Ideal gift for special occasions.\",\"breadcrumb\":{\"@id\":\"https:\\\/\\\/www.purejewels.com\\\/product\\\/302725\\\/#breadcrumb\"},\"inLanguage\":\"de\",\"potentialAction\":[{\"@type\":\"ReadAction\",\"target\":[\"https:\\\/\\\/www.purejewels.com\\\/product\\\/302725\\\/\"]}]},{\"@type\":\"ImageObject\",\"inLanguage\":\"de\",\"@id\":\"https:\\\/\\\/www.purejewels.com\\\/product\\\/302725\\\/#primaryimage\",\"url\":\"https:\\\/\\\/static.purejewels.com\\\/wp-content\\\/uploads\\\/2018\\\/08\\\/27650_1.png\",\"contentUrl\":\"https:\\\/\\\/static.purejewels.com\\\/wp-content\\\/uploads\\\/2018\\\/08\\\/27650_1.png\",\"width\":1000,\"height\":1000,\"caption\":\"27650_1\"},{\"@type\":\"BreadcrumbList\",\"@id\":\"https:\\\/\\\/www.purejewels.com\\\/product\\\/302725\\\/#breadcrumb\",\"itemListElement\":[{\"@type\":\"ListItem\",\"position\":1,\"name\":\"Home\",\"item\":\"https:\\\/\\\/www.purejewels.com\\\/\"},{\"@type\":\"ListItem\",\"position\":2,\"name\":\"Shop\",\"item\":\"https:\\\/\\\/www.purejewels.com\\\/shop\\\/\"},{\"@type\":\"ListItem\",\"position\":3,\"name\":\"22ct Gold Adjustable Baby Bangle with Floral Detailing\"}]},{\"@type\":\"WebSite\",\"@id\":\"https:\\\/\\\/www.purejewels.com\\\/#website\",\"url\":\"https:\\\/\\\/www.purejewels.com\\\/\",\"name\":\"PureJewels UK\",\"description\":\"Share the Love\",\"publisher\":{\"@id\":\"https:\\\/\\\/www.purejewels.com\\\/#organization\"},\"potentialAction\":[{\"@type\":\"SearchAction\",\"target\":{\"@type\":\"EntryPoint\",\"urlTemplate\":\"https:\\\/\\\/www.purejewels.com\\\/?s={search_term_string}\"},\"query-input\":{\"@type\":\"PropertyValueSpecification\",\"valueRequired\":true,\"valueName\":\"search_term_string\"}}],\"inLanguage\":\"de\"},{\"@type\":\"Organization\",\"@id\":\"https:\\\/\\\/www.purejewels.com\\\/#organization\",\"name\":\"PureJewels UK\",\"url\":\"https:\\\/\\\/www.purejewels.com\\\/\",\"logo\":{\"@type\":\"ImageObject\",\"inLanguage\":\"de\",\"@id\":\"https:\\\/\\\/www.purejewels.com\\\/#\\\/schema\\\/logo\\\/image\\\/\",\"url\":\"https:\\\/\\\/static.purejewels.com\\\/wp-content\\\/uploads\\\/2020\\\/11\\\/Logo-PJ-New-1.png\",\"contentUrl\":\"https:\\\/\\\/static.purejewels.com\\\/wp-content\\\/uploads\\\/2020\\\/11\\\/Logo-PJ-New-1.png\",\"width\":150,\"height\":80,\"caption\":\"PureJewels UK\"},\"image\":{\"@id\":\"https:\\\/\\\/www.purejewels.com\\\/#\\\/schema\\\/logo\\\/image\\\/\"}}]}<\/script>\n<!-- \/ Yoast SEO plugin. -->","yoast_head_json":{"title":"Gold Baby Armreif \u2013 22 Karat, verstellbar, mit Blumenmuster","description":"Zarter Babyarmreif aus 22 Karat Gold mit filigranen Blumenverzierungen. Verstellbares Design, perfekt f\u00fcr S\u00e4uglinge, Kleinkinder und Neugeborene. Ideales Geschenk f\u00fcr besondere Anl\u00e4sse.","robots":{"index":"index","follow":"follow","max-snippet":"max-snippet:-1","max-image-preview":"max-image-preview:large","max-video-preview":"max-video-preview:-1"},"canonical":"https:\/\/www.purejewels.com\/de\/produkt-2\/302725\/","og_locale":"de_DE","og_type":"article","og_title":"Gold Baby Bangle \u2013 22ct Adjustable with Floral Design","og_description":"Delicate 22ct gold baby bangle with intricate floral detailing. Adjustable design, perfect for infants, toddlers, and newborns. Ideal gift for special occasions.","og_url":"https:\/\/www.purejewels.com\/de\/produkt-2\/302725\/","og_site_name":"PureJewels UK","article_modified_time":"2026-01-10T16:15:14+00:00","og_image":[{"width":1000,"height":1000,"url":"https:\/\/static.purejewels.com\/wp-content\/uploads\/2018\/08\/27650_1.png","type":"image\/png"}],"twitter_card":"summary_large_image","twitter_misc":{"Gesch\u00e4tzte Lesezeit":"1\u00a0Minute"},"schema":{"@context":"https:\/\/schema.org","@graph":[{"@type":["WebPage","ItemPage"],"@id":"https:\/\/www.purejewels.com\/product\/302725\/","url":"https:\/\/www.purejewels.com\/product\/302725\/","name":"Gold Baby Armreif \u2013 22 Karat, verstellbar, mit Blumenmuster","isPartOf":{"@id":"https:\/\/www.purejewels.com\/#website"},"primaryImageOfPage":{"@id":"https:\/\/www.purejewels.com\/product\/302725\/#primaryimage"},"image":{"@id":"https:\/\/www.purejewels.com\/product\/302725\/#primaryimage"},"thumbnailUrl":"https:\/\/static.purejewels.com\/wp-content\/uploads\/2018\/08\/27650_1.png","datePublished":"2018-08-17T09:26:51+00:00","dateModified":"2026-01-10T16:15:14+00:00","description":"Zarter Babyarmreif aus 22 Karat Gold mit filigranen Blumenverzierungen. Verstellbares Design, perfekt f\u00fcr S\u00e4uglinge, Kleinkinder und Neugeborene. Ideales Geschenk f\u00fcr besondere Anl\u00e4sse.","breadcrumb":{"@id":"https:\/\/www.purejewels.com\/product\/302725\/#breadcrumb"},"inLanguage":"de","potentialAction":[{"@type":"ReadAction","target":["https:\/\/www.purejewels.com\/product\/302725\/"]}]},{"@type":"ImageObject","inLanguage":"de","@id":"https:\/\/www.purejewels.com\/product\/302725\/#primaryimage","url":"https:\/\/static.purejewels.com\/wp-content\/uploads\/2018\/08\/27650_1.png","contentUrl":"https:\/\/static.purejewels.com\/wp-content\/uploads\/2018\/08\/27650_1.png","width":1000,"height":1000,"caption":"27650_1"},{"@type":"BreadcrumbList","@id":"https:\/\/www.purejewels.com\/product\/302725\/#breadcrumb","itemListElement":[{"@type":"ListItem","position":1,"name":"Home","item":"https:\/\/www.purejewels.com\/"},{"@type":"ListItem","position":2,"name":"Shop","item":"https:\/\/www.purejewels.com\/shop\/"},{"@type":"ListItem","position":3,"name":"22ct Gold Adjustable Baby Bangle with Floral Detailing"}]},{"@type":"WebSite","@id":"https:\/\/www.purejewels.com\/#website","url":"https:\/\/www.purejewels.com\/","name":"PureJewels UK","description":"Teile die Liebe","publisher":{"@id":"https:\/\/www.purejewels.com\/#organization"},"potentialAction":[{"@type":"SearchAction","target":{"@type":"EntryPoint","urlTemplate":"https:\/\/www.purejewels.com\/?s={search_term_string}"},"query-input":{"@type":"PropertyValueSpecification","valueRequired":true,"valueName":"search_term_string"}}],"inLanguage":"de"},{"@type":"Organization","@id":"https:\/\/www.purejewels.com\/#organization","name":"PureJewels UK","url":"https:\/\/www.purejewels.com\/","logo":{"@type":"ImageObject","inLanguage":"de","@id":"https:\/\/www.purejewels.com\/#\/schema\/logo\/image\/","url":"https:\/\/static.purejewels.com\/wp-content\/uploads\/2020\/11\/Logo-PJ-New-1.png","contentUrl":"https:\/\/static.purejewels.com\/wp-content\/uploads\/2020\/11\/Logo-PJ-New-1.png","width":150,"height":80,"caption":"PureJewels UK"},"image":{"@id":"https:\/\/www.purejewels.com\/#\/schema\/logo\/image\/"}}]}},"_links":{"self":[{"href":"https:\/\/www.purejewels.com\/de\/wp-json\/wp\/v2\/product\/302725","targetHints":{"allow":["GET"]}}],"collection":[{"href":"https:\/\/www.purejewels.com\/de\/wp-json\/wp\/v2\/product"}],"about":[{"href":"https:\/\/www.purejewels.com\/de\/wp-json\/wp\/v2\/types\/product"}],"replies":[{"embeddable":true,"href":"https:\/\/www.purejewels.com\/de\/wp-json\/wp\/v2\/comments?post=302725"}],"version-history":[{"count":2,"href":"https:\/\/www.purejewels.com\/de\/wp-json\/wp\/v2\/product\/302725\/revisions"}],"predecessor-version":[{"id":423423,"href":"https:\/\/www.purejewels.com\/de\/wp-json\/wp\/v2\/product\/302725\/revisions\/423423"}],"wp:featuredmedia":[{"embeddable":true,"href":"https:\/\/www.purejewels.com\/de\/wp-json\/wp\/v2\/media\/302726"}],"wp:attachment":[{"href":"https:\/\/www.purejewels.com\/de\/wp-json\/wp\/v2\/media?parent=302725"}],"wp:term":[{"taxonomy":"product_brand","embeddable":true,"href":"https:\/\/www.purejewels.com\/de\/wp-json\/wp\/v2\/product_brand?post=302725"},{"taxonomy":"product_cat","embeddable":true,"href":"https:\/\/www.purejewels.com\/de\/wp-json\/wp\/v2\/product_cat?post=302725"},{"taxonomy":"product_tag","embeddable":true,"href":"https:\/\/www.purejewels.com\/de\/wp-json\/wp\/v2\/product_tag?post=302725"}],"curies":[{"name":"wp","href":"https:\/\/api.w.org\/{rel}","templated":true}]}}