{"id":302816,"date":"2018-08-23T05:56:07","date_gmt":"2018-08-23T04:56:07","guid":{"rendered":"https:\/\/www.purejewels.com\/?post_type=product&#038;p=302816"},"modified":"2026-01-06T06:53:25","modified_gmt":"2026-01-06T06:53:25","slug":"ohrring-aus-22-karat-gold-4","status":"publish","type":"product","link":"https:\/\/www.purejewels.com\/de\/product\/22ct-gold-earring-4\/","title":{"rendered":"22 Karat Gold Jhumka Ohrringe mit Polki-Steinen"},"content":{"rendered":"<p><strong>Entwurf:<\/strong><br \/>\nDiese majest\u00e4tischen Jhumka-Ohrringe zeichnen sich durch eine wundersch\u00f6n geformte Kuppelstruktur aus, die von traditionellem indischem Tempelschmuck inspiriert ist. Mit Polki-Steinen in der Mitte und entlang des Umfangs verziert, verbinden die Ohrringe auf elegante Weise Glanz und Tradition. Die untere Kuppel ist mit Goldperlen eingefasst, die f\u00fcr Bewegung und Charme sorgen.<\/p>\n<p><strong>Handwerkliches K\u00f6nnen:<\/strong><br \/>\nDie aus 22 Karat Gelbgold gefertigten Ohrringe zeichnen sich durch aufwendige Handarbeit mit Blumenmotiven und Perlenakzenten aus. Die Verwendung von ungeschliffenen Polki-Steinen unterstreicht ihre k\u00f6nigliche Ausstrahlung und bleibt dabei den traditionellen Handwerkstechniken treu. Jedes Detail spiegelt Pr\u00e4zision und Luxus wider.<\/p>\n<p><strong>Stil:<\/strong><br \/>\nDiese Ohrringe sind ideal f\u00fcr Brautmode, Festivals und gro\u00dfe Feierlichkeiten und strahlen kulturellen Reichtum und Eleganz aus. Die Jhumka-Silhouette wird wegen ihres Vintage-Charmes allgemein bewundert, und dieses St\u00fcck ist eine elegante Hommage an die zeitlosen Traditionen des indischen Schmucks.<\/p>","protected":false},"excerpt":{"rendered":"<p>Klassische 22-kar\u00e4tige Gold-Jhumka-Ohrringe mit kuppelf\u00f6rmigen Details, Polki-Steinen und h\u00e4ngenden Goldperlen \u2013 ein zeitloser Schatz f\u00fcr ethnische Eleganz.<\/p>\n<ul>\n<li>22ct Gold Ohrring<\/li>\n<li>Wt. 19.5 g<\/li>\n<li>SKU. 27565<\/li>\n<li>Alle Preise inklusive Mehrwertsteuer<\/li>\n<li>Alle unsere Produkte sind vom London Assay Office gestempelt.<\/li>\n<li>Kommt mit Pr\u00e4sentation Box<\/li>\n<li>Lieferung inbegriffen<\/li>\n<li>Live-Chat mit uns f\u00fcr die Verf\u00fcgbarkeit und mehr Bilder von \u00e4hnlichen Designs derzeit auf Lager<\/li>\n<\/ul>","protected":false},"featured_media":309533,"comment_status":"closed","ping_status":"closed","template":"","meta":{"_eb_attr":"","_crsspst_to_jayantr4sg-hostcom":false},"product_brand":[],"product_cat":[1625,1229,1578],"product_tag":[],"class_list":{"0":"post-302816","1":"product","2":"type-product","3":"status-publish","4":"has-post-thumbnail","6":"product_cat-bridal-set","7":"product_cat-22ct-gold-jewellery","8":"product_cat-jhumkha-earrings","10":"first","11":"outofstock","12":"taxable","13":"shipping-taxable","14":"product-type-simple","15":"add-to-wishlist-before_image"},"yoast_head":"<!-- This site is optimized with the Yoast SEO plugin v27.3 - https:\/\/yoast.com\/product\/yoast-seo-wordpress\/ -->\n<title>22ct Gold Polki Stone Jhumka Earrings | Traditional Indian Design<\/title>\n<meta name=\"description\" content=\"Exquisite 22ct gold jhumka earrings adorned with sparkling Polki stones. Traditional dome-shaped design perfect for weddings and festive occasions.\" \/>\n<meta name=\"robots\" content=\"index, follow, max-snippet:-1, max-image-preview:large, max-video-preview:-1\" \/>\n<link rel=\"canonical\" href=\"https:\/\/www.purejewels.com\/de\/produkt-2\/ohrring-aus-22-karat-gold-4\/\" \/>\n<meta property=\"og:locale\" content=\"de_DE\" \/>\n<meta property=\"og:type\" content=\"article\" \/>\n<meta property=\"og:title\" content=\"22ct Gold Polki Stone Jhumka Earrings | Traditional Indian Design\" \/>\n<meta property=\"og:description\" content=\"Exquisite 22ct gold jhumka earrings adorned with sparkling Polki stones. Traditional dome-shaped design perfect for weddings and festive occasions.\" \/>\n<meta property=\"og:url\" content=\"https:\/\/www.purejewels.com\/de\/produkt-2\/ohrring-aus-22-karat-gold-4\/\" \/>\n<meta property=\"og:site_name\" content=\"PureJewels UK\" \/>\n<meta property=\"article:modified_time\" content=\"2026-01-06T06:53:25+00:00\" \/>\n<meta property=\"og:image\" content=\"https:\/\/static.purejewels.com\/wp-content\/uploads\/2018\/08\/27565_1.png\" \/>\n\t<meta property=\"og:image:width\" content=\"1000\" \/>\n\t<meta property=\"og:image:height\" content=\"1000\" \/>\n\t<meta property=\"og:image:type\" content=\"image\/png\" \/>\n<meta name=\"twitter:card\" content=\"summary_large_image\" \/>\n<meta name=\"twitter:label1\" content=\"Gesch\u00e4tzte Lesezeit\" \/>\n\t<meta name=\"twitter:data1\" content=\"1\u00a0Minute\" \/>\n<script type=\"application\/ld+json\" class=\"yoast-schema-graph\">{\"@context\":\"https:\\\/\\\/schema.org\",\"@graph\":[{\"@type\":[\"WebPage\",\"ItemPage\"],\"@id\":\"https:\\\/\\\/www.purejewels.com\\\/product\\\/22ct-gold-earring-4\\\/\",\"url\":\"https:\\\/\\\/www.purejewels.com\\\/product\\\/22ct-gold-earring-4\\\/\",\"name\":\"22ct Gold Polki Stone Jhumka Earrings | Traditional Indian Design\",\"isPartOf\":{\"@id\":\"https:\\\/\\\/www.purejewels.com\\\/#website\"},\"primaryImageOfPage\":{\"@id\":\"https:\\\/\\\/www.purejewels.com\\\/product\\\/22ct-gold-earring-4\\\/#primaryimage\"},\"image\":{\"@id\":\"https:\\\/\\\/www.purejewels.com\\\/product\\\/22ct-gold-earring-4\\\/#primaryimage\"},\"thumbnailUrl\":\"https:\\\/\\\/static.purejewels.com\\\/wp-content\\\/uploads\\\/2018\\\/08\\\/27565_1.png\",\"datePublished\":\"2018-08-23T04:56:07+00:00\",\"dateModified\":\"2026-01-06T06:53:25+00:00\",\"description\":\"Exquisite 22ct gold jhumka earrings adorned with sparkling Polki stones. Traditional dome-shaped design perfect for weddings and festive occasions.\",\"breadcrumb\":{\"@id\":\"https:\\\/\\\/www.purejewels.com\\\/product\\\/22ct-gold-earring-4\\\/#breadcrumb\"},\"inLanguage\":\"de\",\"potentialAction\":[{\"@type\":\"ReadAction\",\"target\":[\"https:\\\/\\\/www.purejewels.com\\\/product\\\/22ct-gold-earring-4\\\/\"]}]},{\"@type\":\"ImageObject\",\"inLanguage\":\"de\",\"@id\":\"https:\\\/\\\/www.purejewels.com\\\/product\\\/22ct-gold-earring-4\\\/#primaryimage\",\"url\":\"https:\\\/\\\/static.purejewels.com\\\/wp-content\\\/uploads\\\/2018\\\/08\\\/27565_1.png\",\"contentUrl\":\"https:\\\/\\\/static.purejewels.com\\\/wp-content\\\/uploads\\\/2018\\\/08\\\/27565_1.png\",\"width\":1000,\"height\":1000,\"caption\":\"27565_1\"},{\"@type\":\"BreadcrumbList\",\"@id\":\"https:\\\/\\\/www.purejewels.com\\\/product\\\/22ct-gold-earring-4\\\/#breadcrumb\",\"itemListElement\":[{\"@type\":\"ListItem\",\"position\":1,\"name\":\"Home\",\"item\":\"https:\\\/\\\/www.purejewels.com\\\/\"},{\"@type\":\"ListItem\",\"position\":2,\"name\":\"Shop\",\"item\":\"https:\\\/\\\/www.purejewels.com\\\/shop\\\/\"},{\"@type\":\"ListItem\",\"position\":3,\"name\":\"22ct Gold Jhumka Earrings with Polki Stones\"}]},{\"@type\":\"WebSite\",\"@id\":\"https:\\\/\\\/www.purejewels.com\\\/#website\",\"url\":\"https:\\\/\\\/www.purejewels.com\\\/\",\"name\":\"PureJewels UK\",\"description\":\"Share the Love\",\"publisher\":{\"@id\":\"https:\\\/\\\/www.purejewels.com\\\/#organization\"},\"potentialAction\":[{\"@type\":\"SearchAction\",\"target\":{\"@type\":\"EntryPoint\",\"urlTemplate\":\"https:\\\/\\\/www.purejewels.com\\\/?s={search_term_string}\"},\"query-input\":{\"@type\":\"PropertyValueSpecification\",\"valueRequired\":true,\"valueName\":\"search_term_string\"}}],\"inLanguage\":\"de\"},{\"@type\":\"Organization\",\"@id\":\"https:\\\/\\\/www.purejewels.com\\\/#organization\",\"name\":\"PureJewels UK\",\"url\":\"https:\\\/\\\/www.purejewels.com\\\/\",\"logo\":{\"@type\":\"ImageObject\",\"inLanguage\":\"de\",\"@id\":\"https:\\\/\\\/www.purejewels.com\\\/#\\\/schema\\\/logo\\\/image\\\/\",\"url\":\"https:\\\/\\\/static.purejewels.com\\\/wp-content\\\/uploads\\\/2020\\\/11\\\/Logo-PJ-New-1.png\",\"contentUrl\":\"https:\\\/\\\/static.purejewels.com\\\/wp-content\\\/uploads\\\/2020\\\/11\\\/Logo-PJ-New-1.png\",\"width\":150,\"height\":80,\"caption\":\"PureJewels UK\"},\"image\":{\"@id\":\"https:\\\/\\\/www.purejewels.com\\\/#\\\/schema\\\/logo\\\/image\\\/\"}}]}<\/script>\n<!-- \/ Yoast SEO plugin. -->","yoast_head_json":{"title":"22 Karat Gold Polki Stein Jhumka Ohrringe | Traditionelles indisches Design","description":"Exquisite 22-kar\u00e4tige Gold-Jhumka-Ohrringe, verziert mit funkelnden Polki-Steinen. Traditionelles, kuppelf\u00f6rmiges Design, perfekt f\u00fcr Hochzeiten und festliche Anl\u00e4sse.","robots":{"index":"index","follow":"follow","max-snippet":"max-snippet:-1","max-image-preview":"max-image-preview:large","max-video-preview":"max-video-preview:-1"},"canonical":"https:\/\/www.purejewels.com\/de\/produkt-2\/ohrring-aus-22-karat-gold-4\/","og_locale":"de_DE","og_type":"article","og_title":"22ct Gold Polki Stone Jhumka Earrings | Traditional Indian Design","og_description":"Exquisite 22ct gold jhumka earrings adorned with sparkling Polki stones. Traditional dome-shaped design perfect for weddings and festive occasions.","og_url":"https:\/\/www.purejewels.com\/de\/produkt-2\/ohrring-aus-22-karat-gold-4\/","og_site_name":"PureJewels UK","article_modified_time":"2026-01-06T06:53:25+00:00","og_image":[{"width":1000,"height":1000,"url":"https:\/\/static.purejewels.com\/wp-content\/uploads\/2018\/08\/27565_1.png","type":"image\/png"}],"twitter_card":"summary_large_image","twitter_misc":{"Gesch\u00e4tzte Lesezeit":"1\u00a0Minute"},"schema":{"@context":"https:\/\/schema.org","@graph":[{"@type":["WebPage","ItemPage"],"@id":"https:\/\/www.purejewels.com\/product\/22ct-gold-earring-4\/","url":"https:\/\/www.purejewels.com\/product\/22ct-gold-earring-4\/","name":"22 Karat Gold Polki Stein Jhumka Ohrringe | Traditionelles indisches Design","isPartOf":{"@id":"https:\/\/www.purejewels.com\/#website"},"primaryImageOfPage":{"@id":"https:\/\/www.purejewels.com\/product\/22ct-gold-earring-4\/#primaryimage"},"image":{"@id":"https:\/\/www.purejewels.com\/product\/22ct-gold-earring-4\/#primaryimage"},"thumbnailUrl":"https:\/\/static.purejewels.com\/wp-content\/uploads\/2018\/08\/27565_1.png","datePublished":"2018-08-23T04:56:07+00:00","dateModified":"2026-01-06T06:53:25+00:00","description":"Exquisite 22-kar\u00e4tige Gold-Jhumka-Ohrringe, verziert mit funkelnden Polki-Steinen. Traditionelles, kuppelf\u00f6rmiges Design, perfekt f\u00fcr Hochzeiten und festliche Anl\u00e4sse.","breadcrumb":{"@id":"https:\/\/www.purejewels.com\/product\/22ct-gold-earring-4\/#breadcrumb"},"inLanguage":"de","potentialAction":[{"@type":"ReadAction","target":["https:\/\/www.purejewels.com\/product\/22ct-gold-earring-4\/"]}]},{"@type":"ImageObject","inLanguage":"de","@id":"https:\/\/www.purejewels.com\/product\/22ct-gold-earring-4\/#primaryimage","url":"https:\/\/static.purejewels.com\/wp-content\/uploads\/2018\/08\/27565_1.png","contentUrl":"https:\/\/static.purejewels.com\/wp-content\/uploads\/2018\/08\/27565_1.png","width":1000,"height":1000,"caption":"27565_1"},{"@type":"BreadcrumbList","@id":"https:\/\/www.purejewels.com\/product\/22ct-gold-earring-4\/#breadcrumb","itemListElement":[{"@type":"ListItem","position":1,"name":"Home","item":"https:\/\/www.purejewels.com\/"},{"@type":"ListItem","position":2,"name":"Shop","item":"https:\/\/www.purejewels.com\/shop\/"},{"@type":"ListItem","position":3,"name":"22ct Gold Jhumka Earrings with Polki Stones"}]},{"@type":"WebSite","@id":"https:\/\/www.purejewels.com\/#website","url":"https:\/\/www.purejewels.com\/","name":"PureJewels UK","description":"Teile die Liebe","publisher":{"@id":"https:\/\/www.purejewels.com\/#organization"},"potentialAction":[{"@type":"SearchAction","target":{"@type":"EntryPoint","urlTemplate":"https:\/\/www.purejewels.com\/?s={search_term_string}"},"query-input":{"@type":"PropertyValueSpecification","valueRequired":true,"valueName":"search_term_string"}}],"inLanguage":"de"},{"@type":"Organization","@id":"https:\/\/www.purejewels.com\/#organization","name":"PureJewels UK","url":"https:\/\/www.purejewels.com\/","logo":{"@type":"ImageObject","inLanguage":"de","@id":"https:\/\/www.purejewels.com\/#\/schema\/logo\/image\/","url":"https:\/\/static.purejewels.com\/wp-content\/uploads\/2020\/11\/Logo-PJ-New-1.png","contentUrl":"https:\/\/static.purejewels.com\/wp-content\/uploads\/2020\/11\/Logo-PJ-New-1.png","width":150,"height":80,"caption":"PureJewels UK"},"image":{"@id":"https:\/\/www.purejewels.com\/#\/schema\/logo\/image\/"}}]}},"_links":{"self":[{"href":"https:\/\/www.purejewels.com\/de\/wp-json\/wp\/v2\/product\/302816","targetHints":{"allow":["GET"]}}],"collection":[{"href":"https:\/\/www.purejewels.com\/de\/wp-json\/wp\/v2\/product"}],"about":[{"href":"https:\/\/www.purejewels.com\/de\/wp-json\/wp\/v2\/types\/product"}],"replies":[{"embeddable":true,"href":"https:\/\/www.purejewels.com\/de\/wp-json\/wp\/v2\/comments?post=302816"}],"version-history":[{"count":2,"href":"https:\/\/www.purejewels.com\/de\/wp-json\/wp\/v2\/product\/302816\/revisions"}],"predecessor-version":[{"id":423792,"href":"https:\/\/www.purejewels.com\/de\/wp-json\/wp\/v2\/product\/302816\/revisions\/423792"}],"wp:featuredmedia":[{"embeddable":true,"href":"https:\/\/www.purejewels.com\/de\/wp-json\/wp\/v2\/media\/309533"}],"wp:attachment":[{"href":"https:\/\/www.purejewels.com\/de\/wp-json\/wp\/v2\/media?parent=302816"}],"wp:term":[{"taxonomy":"product_brand","embeddable":true,"href":"https:\/\/www.purejewels.com\/de\/wp-json\/wp\/v2\/product_brand?post=302816"},{"taxonomy":"product_cat","embeddable":true,"href":"https:\/\/www.purejewels.com\/de\/wp-json\/wp\/v2\/product_cat?post=302816"},{"taxonomy":"product_tag","embeddable":true,"href":"https:\/\/www.purejewels.com\/de\/wp-json\/wp\/v2\/product_tag?post=302816"}],"curies":[{"name":"wp","href":"https:\/\/api.w.org\/{rel}","templated":true}]}}