{"id":302819,"date":"2018-08-23T06:11:45","date_gmt":"2018-08-23T05:11:45","guid":{"rendered":"https:\/\/www.purejewels.com\/?post_type=product&#038;p=302819"},"modified":"2025-12-16T11:45:45","modified_gmt":"2025-12-16T11:45:45","slug":"diamant-halskette-aus-18-karat-rosegold","status":"publish","type":"product","link":"https:\/\/www.purejewels.com\/de\/product\/18ct-rose-gold-diamond-necklace\/","title":{"rendered":"18 Karat Ros\u00e9gold-Diamantkette \u2013 Eleganz in Tropfenform"},"content":{"rendered":"<p>Diese <a href=\"https:\/\/www.purejewels.com\/de\/product\/18ct-white-gold-khanda-sikh-religious-pendant-6226\/\">18ct<\/a> Die Ros\u00e9gold-Diamantkette ist ein zartes Schmuckst\u00fcck, das durch sein raffiniertes Design B\u00e4nde spricht. Im Mittelpunkt steht ein sanft geschwungener Tropfenanh\u00e4nger, der mit brillanten runden Diamanten im Pav\u00e9-Setting besetzt ist und bei jeder Bewegung das Licht einf\u00e4ngt und reflektiert.<\/p>\n<p>Diese Halskette aus warmtonigem 18 Karat Ros\u00e9gold verk\u00f6rpert Eleganz und Sanftheit. Ob als t\u00e4glicher Talisman oder als bedeutungsvolles Geschenk getragen, sie schmiegt sich anmutig an das Schl\u00fcsselbein und verleiht jedem Outfit einen subtilen Glanz.<\/p>\n<p><strong>Gestaltung<\/strong><\/p>\n<ul>\n<li>Elegante Tropfenform, universell schmeichelhaft und klassisch feminin<\/li>\n<li>Mit runden Diamanten im Pav\u00e9-Setting f\u00fcr einen kontinuierlichen Glanz<\/li>\n<li>Die zarte Ros\u00e9goldkette erg\u00e4nzt den Anh\u00e4nger mit Harmonie und W\u00e4rme.<\/li>\n<\/ul>\n<p><strong>Handwerkliches K\u00f6nnen<\/strong><\/p>\n<ul>\n<li>Handgefertigt aus 18 Karat Ros\u00e9gold, punziert in London<\/li>\n<li>Pr\u00e4zise gefasste Pav\u00e9-Diamanten mit sicherer, glatter Oberfl\u00e4che<\/li>\n<li>Verstellbare Kettenl\u00e4nge f\u00fcr vielseitige Stylingm\u00f6glichkeiten<\/li>\n<\/ul>\n<p><strong>Stil<\/strong><\/p>\n<ul>\n<li>Perfekt f\u00fcr den Alltag oder zum Kombinieren mit anderen Kleidungsst\u00fccken<\/li>\n<li>Ein durchdachtes Geschenk f\u00fcr Jubil\u00e4en, Geburtstage oder stille Meilensteine<\/li>\n<li>Wird in der charakteristischen Geschenkbox von PureJewels geliefert, bereit zum Verschenken.<\/li>\n<\/ul>","protected":false},"excerpt":{"rendered":"<p>Ein zarter Tropfenanh\u00e4nger mit Pav\u00e9-Diamanten, der an einer feinen Kette aus 18 Karat Ros\u00e9gold h\u00e4ngt. Ein zeitloser Ausdruck von Anmut und zur\u00fcckhaltendem Luxus.<\/p>\n<ul>\n<li>18ct Rose Gold Diamant-Anh\u00e4nger und Kette<\/li>\n<li>0,17ct Diamanten<\/li>\n<li>Alle Preise inklusive Mehrwertsteuer<\/li>\n<li>\u00a0Gold gestempelt von London Assay Office<\/li>\n<li>Alle Sets werden mit Pr\u00e4sentationsbox geliefert<\/li>\n<li>Lieferung inbegriffen<\/li>\n<li>Live-Chat mit uns f\u00fcr die Verf\u00fcgbarkeit und mehr Bilder von \u00e4hnlichen Designs derzeit auf Lager<\/li>\n<\/ul>","protected":false},"featured_media":302820,"comment_status":"closed","ping_status":"closed","template":"","meta":{"_eb_attr":"","_crsspst_to_jayantr4sg-hostcom":false},"product_brand":[],"product_cat":[1533,1574],"product_tag":[],"class_list":{"0":"post-302819","1":"product","2":"type-product","3":"status-publish","4":"has-post-thumbnail","6":"product_cat-diamond-jewellery-set","7":"product_cat-womens-jewellery","9":"first","10":"outofstock","11":"taxable","12":"shipping-taxable","13":"product-type-simple","14":"add-to-wishlist-before_image"},"yoast_head":"<!-- This site is optimized with the Yoast SEO plugin v27.3 - https:\/\/yoast.com\/product\/yoast-seo-wordpress\/ -->\n<title>18ct Rose Gold Diamond Necklace | Elegant Teardrop Pendant<\/title>\n<meta name=\"description\" content=\"Discover the beauty of subtle sparkle with our 18ct Rose Gold Diamond Necklace. A pav\u00e9-set teardrop pendant handcrafted to evoke grace and timeless femininity.\" \/>\n<meta name=\"robots\" content=\"index, follow, max-snippet:-1, max-image-preview:large, max-video-preview:-1\" \/>\n<link rel=\"canonical\" href=\"https:\/\/www.purejewels.com\/de\/produkt-2\/diamant-halskette-aus-18-karat-rosegold\/\" \/>\n<meta property=\"og:locale\" content=\"de_DE\" \/>\n<meta property=\"og:type\" content=\"article\" \/>\n<meta property=\"og:title\" content=\"18ct Rose Gold Diamond Necklace | Elegant Teardrop Pendant\" \/>\n<meta property=\"og:description\" content=\"Discover the beauty of subtle sparkle with our 18ct Rose Gold Diamond Necklace. A pav\u00e9-set teardrop pendant handcrafted to evoke grace and timeless femininity.\" \/>\n<meta property=\"og:url\" content=\"https:\/\/www.purejewels.com\/de\/produkt-2\/diamant-halskette-aus-18-karat-rosegold\/\" \/>\n<meta property=\"og:site_name\" content=\"PureJewels UK\" \/>\n<meta property=\"article:modified_time\" content=\"2025-12-16T11:45:45+00:00\" \/>\n<meta property=\"og:image\" content=\"https:\/\/static.purejewels.com\/wp-content\/uploads\/2018\/08\/27735_1.png\" \/>\n\t<meta property=\"og:image:width\" content=\"1000\" \/>\n\t<meta property=\"og:image:height\" content=\"1000\" \/>\n\t<meta property=\"og:image:type\" content=\"image\/png\" \/>\n<meta name=\"twitter:card\" content=\"summary_large_image\" \/>\n<meta name=\"twitter:label1\" content=\"Gesch\u00e4tzte Lesezeit\" \/>\n\t<meta name=\"twitter:data1\" content=\"1\u00a0Minute\" \/>\n<script type=\"application\/ld+json\" class=\"yoast-schema-graph\">{\"@context\":\"https:\\\/\\\/schema.org\",\"@graph\":[{\"@type\":[\"WebPage\",\"ItemPage\"],\"@id\":\"https:\\\/\\\/www.purejewels.com\\\/product\\\/18ct-rose-gold-diamond-necklace\\\/\",\"url\":\"https:\\\/\\\/www.purejewels.com\\\/product\\\/18ct-rose-gold-diamond-necklace\\\/\",\"name\":\"18ct Rose Gold Diamond Necklace | Elegant Teardrop Pendant\",\"isPartOf\":{\"@id\":\"https:\\\/\\\/www.purejewels.com\\\/#website\"},\"primaryImageOfPage\":{\"@id\":\"https:\\\/\\\/www.purejewels.com\\\/product\\\/18ct-rose-gold-diamond-necklace\\\/#primaryimage\"},\"image\":{\"@id\":\"https:\\\/\\\/www.purejewels.com\\\/product\\\/18ct-rose-gold-diamond-necklace\\\/#primaryimage\"},\"thumbnailUrl\":\"https:\\\/\\\/static.purejewels.com\\\/wp-content\\\/uploads\\\/2018\\\/08\\\/27735_1.png\",\"datePublished\":\"2018-08-23T05:11:45+00:00\",\"dateModified\":\"2025-12-16T11:45:45+00:00\",\"description\":\"Discover the beauty of subtle sparkle with our 18ct Rose Gold Diamond Necklace. A pav\u00e9-set teardrop pendant handcrafted to evoke grace and timeless femininity.\",\"breadcrumb\":{\"@id\":\"https:\\\/\\\/www.purejewels.com\\\/product\\\/18ct-rose-gold-diamond-necklace\\\/#breadcrumb\"},\"inLanguage\":\"de\",\"potentialAction\":[{\"@type\":\"ReadAction\",\"target\":[\"https:\\\/\\\/www.purejewels.com\\\/product\\\/18ct-rose-gold-diamond-necklace\\\/\"]}]},{\"@type\":\"ImageObject\",\"inLanguage\":\"de\",\"@id\":\"https:\\\/\\\/www.purejewels.com\\\/product\\\/18ct-rose-gold-diamond-necklace\\\/#primaryimage\",\"url\":\"https:\\\/\\\/static.purejewels.com\\\/wp-content\\\/uploads\\\/2018\\\/08\\\/27735_1.png\",\"contentUrl\":\"https:\\\/\\\/static.purejewels.com\\\/wp-content\\\/uploads\\\/2018\\\/08\\\/27735_1.png\",\"width\":1000,\"height\":1000,\"caption\":\"27735_1\"},{\"@type\":\"BreadcrumbList\",\"@id\":\"https:\\\/\\\/www.purejewels.com\\\/product\\\/18ct-rose-gold-diamond-necklace\\\/#breadcrumb\",\"itemListElement\":[{\"@type\":\"ListItem\",\"position\":1,\"name\":\"Home\",\"item\":\"https:\\\/\\\/www.purejewels.com\\\/\"},{\"@type\":\"ListItem\",\"position\":2,\"name\":\"Shop\",\"item\":\"https:\\\/\\\/www.purejewels.com\\\/shop\\\/\"},{\"@type\":\"ListItem\",\"position\":3,\"name\":\"18ct Rose Gold Diamond Necklace \u2013 Teardrop Elegance\"}]},{\"@type\":\"WebSite\",\"@id\":\"https:\\\/\\\/www.purejewels.com\\\/#website\",\"url\":\"https:\\\/\\\/www.purejewels.com\\\/\",\"name\":\"PureJewels UK\",\"description\":\"Share the Love\",\"publisher\":{\"@id\":\"https:\\\/\\\/www.purejewels.com\\\/#organization\"},\"potentialAction\":[{\"@type\":\"SearchAction\",\"target\":{\"@type\":\"EntryPoint\",\"urlTemplate\":\"https:\\\/\\\/www.purejewels.com\\\/?s={search_term_string}\"},\"query-input\":{\"@type\":\"PropertyValueSpecification\",\"valueRequired\":true,\"valueName\":\"search_term_string\"}}],\"inLanguage\":\"de\"},{\"@type\":\"Organization\",\"@id\":\"https:\\\/\\\/www.purejewels.com\\\/#organization\",\"name\":\"PureJewels UK\",\"url\":\"https:\\\/\\\/www.purejewels.com\\\/\",\"logo\":{\"@type\":\"ImageObject\",\"inLanguage\":\"de\",\"@id\":\"https:\\\/\\\/www.purejewels.com\\\/#\\\/schema\\\/logo\\\/image\\\/\",\"url\":\"https:\\\/\\\/static.purejewels.com\\\/wp-content\\\/uploads\\\/2020\\\/11\\\/Logo-PJ-New-1.png\",\"contentUrl\":\"https:\\\/\\\/static.purejewels.com\\\/wp-content\\\/uploads\\\/2020\\\/11\\\/Logo-PJ-New-1.png\",\"width\":150,\"height\":80,\"caption\":\"PureJewels UK\"},\"image\":{\"@id\":\"https:\\\/\\\/www.purejewels.com\\\/#\\\/schema\\\/logo\\\/image\\\/\"}}]}<\/script>\n<!-- \/ Yoast SEO plugin. -->","yoast_head_json":{"title":"18 Karat Ros\u00e9gold-Diamantkette | Eleganter Tropfenanh\u00e4nger","description":"Entdecken Sie die Sch\u00f6nheit deines subtilen Funkelns mit unserer Halskette aus 18 Karat Ros\u00e9gold mit Diamanten. Ein handgefertigter Anh\u00e4nger in Tropfenform mit Pav\u00e9-Fassung, der Anmut und zeitlose Weiblichkeit ausstrahlt.","robots":{"index":"index","follow":"follow","max-snippet":"max-snippet:-1","max-image-preview":"max-image-preview:large","max-video-preview":"max-video-preview:-1"},"canonical":"https:\/\/www.purejewels.com\/de\/produkt-2\/diamant-halskette-aus-18-karat-rosegold\/","og_locale":"de_DE","og_type":"article","og_title":"18ct Rose Gold Diamond Necklace | Elegant Teardrop Pendant","og_description":"Discover the beauty of subtle sparkle with our 18ct Rose Gold Diamond Necklace. A pav\u00e9-set teardrop pendant handcrafted to evoke grace and timeless femininity.","og_url":"https:\/\/www.purejewels.com\/de\/produkt-2\/diamant-halskette-aus-18-karat-rosegold\/","og_site_name":"PureJewels UK","article_modified_time":"2025-12-16T11:45:45+00:00","og_image":[{"width":1000,"height":1000,"url":"https:\/\/static.purejewels.com\/wp-content\/uploads\/2018\/08\/27735_1.png","type":"image\/png"}],"twitter_card":"summary_large_image","twitter_misc":{"Gesch\u00e4tzte Lesezeit":"1\u00a0Minute"},"schema":{"@context":"https:\/\/schema.org","@graph":[{"@type":["WebPage","ItemPage"],"@id":"https:\/\/www.purejewels.com\/product\/18ct-rose-gold-diamond-necklace\/","url":"https:\/\/www.purejewels.com\/product\/18ct-rose-gold-diamond-necklace\/","name":"18 Karat Ros\u00e9gold-Diamantkette | Eleganter Tropfenanh\u00e4nger","isPartOf":{"@id":"https:\/\/www.purejewels.com\/#website"},"primaryImageOfPage":{"@id":"https:\/\/www.purejewels.com\/product\/18ct-rose-gold-diamond-necklace\/#primaryimage"},"image":{"@id":"https:\/\/www.purejewels.com\/product\/18ct-rose-gold-diamond-necklace\/#primaryimage"},"thumbnailUrl":"https:\/\/static.purejewels.com\/wp-content\/uploads\/2018\/08\/27735_1.png","datePublished":"2018-08-23T05:11:45+00:00","dateModified":"2025-12-16T11:45:45+00:00","description":"Entdecken Sie die Sch\u00f6nheit deines subtilen Funkelns mit unserer Halskette aus 18 Karat Ros\u00e9gold mit Diamanten. Ein handgefertigter Anh\u00e4nger in Tropfenform mit Pav\u00e9-Fassung, der Anmut und zeitlose Weiblichkeit ausstrahlt.","breadcrumb":{"@id":"https:\/\/www.purejewels.com\/product\/18ct-rose-gold-diamond-necklace\/#breadcrumb"},"inLanguage":"de","potentialAction":[{"@type":"ReadAction","target":["https:\/\/www.purejewels.com\/product\/18ct-rose-gold-diamond-necklace\/"]}]},{"@type":"ImageObject","inLanguage":"de","@id":"https:\/\/www.purejewels.com\/product\/18ct-rose-gold-diamond-necklace\/#primaryimage","url":"https:\/\/static.purejewels.com\/wp-content\/uploads\/2018\/08\/27735_1.png","contentUrl":"https:\/\/static.purejewels.com\/wp-content\/uploads\/2018\/08\/27735_1.png","width":1000,"height":1000,"caption":"27735_1"},{"@type":"BreadcrumbList","@id":"https:\/\/www.purejewels.com\/product\/18ct-rose-gold-diamond-necklace\/#breadcrumb","itemListElement":[{"@type":"ListItem","position":1,"name":"Home","item":"https:\/\/www.purejewels.com\/"},{"@type":"ListItem","position":2,"name":"Shop","item":"https:\/\/www.purejewels.com\/shop\/"},{"@type":"ListItem","position":3,"name":"18ct Rose Gold Diamond Necklace \u2013 Teardrop Elegance"}]},{"@type":"WebSite","@id":"https:\/\/www.purejewels.com\/#website","url":"https:\/\/www.purejewels.com\/","name":"PureJewels UK","description":"Teile die Liebe","publisher":{"@id":"https:\/\/www.purejewels.com\/#organization"},"potentialAction":[{"@type":"SearchAction","target":{"@type":"EntryPoint","urlTemplate":"https:\/\/www.purejewels.com\/?s={search_term_string}"},"query-input":{"@type":"PropertyValueSpecification","valueRequired":true,"valueName":"search_term_string"}}],"inLanguage":"de"},{"@type":"Organization","@id":"https:\/\/www.purejewels.com\/#organization","name":"PureJewels UK","url":"https:\/\/www.purejewels.com\/","logo":{"@type":"ImageObject","inLanguage":"de","@id":"https:\/\/www.purejewels.com\/#\/schema\/logo\/image\/","url":"https:\/\/static.purejewels.com\/wp-content\/uploads\/2020\/11\/Logo-PJ-New-1.png","contentUrl":"https:\/\/static.purejewels.com\/wp-content\/uploads\/2020\/11\/Logo-PJ-New-1.png","width":150,"height":80,"caption":"PureJewels UK"},"image":{"@id":"https:\/\/www.purejewels.com\/#\/schema\/logo\/image\/"}}]}},"_links":{"self":[{"href":"https:\/\/www.purejewels.com\/de\/wp-json\/wp\/v2\/product\/302819","targetHints":{"allow":["GET"]}}],"collection":[{"href":"https:\/\/www.purejewels.com\/de\/wp-json\/wp\/v2\/product"}],"about":[{"href":"https:\/\/www.purejewels.com\/de\/wp-json\/wp\/v2\/types\/product"}],"replies":[{"embeddable":true,"href":"https:\/\/www.purejewels.com\/de\/wp-json\/wp\/v2\/comments?post=302819"}],"version-history":[{"count":2,"href":"https:\/\/www.purejewels.com\/de\/wp-json\/wp\/v2\/product\/302819\/revisions"}],"predecessor-version":[{"id":423218,"href":"https:\/\/www.purejewels.com\/de\/wp-json\/wp\/v2\/product\/302819\/revisions\/423218"}],"wp:featuredmedia":[{"embeddable":true,"href":"https:\/\/www.purejewels.com\/de\/wp-json\/wp\/v2\/media\/302820"}],"wp:attachment":[{"href":"https:\/\/www.purejewels.com\/de\/wp-json\/wp\/v2\/media?parent=302819"}],"wp:term":[{"taxonomy":"product_brand","embeddable":true,"href":"https:\/\/www.purejewels.com\/de\/wp-json\/wp\/v2\/product_brand?post=302819"},{"taxonomy":"product_cat","embeddable":true,"href":"https:\/\/www.purejewels.com\/de\/wp-json\/wp\/v2\/product_cat?post=302819"},{"taxonomy":"product_tag","embeddable":true,"href":"https:\/\/www.purejewels.com\/de\/wp-json\/wp\/v2\/product_tag?post=302819"}],"curies":[{"name":"wp","href":"https:\/\/api.w.org\/{rel}","templated":true}]}}