{"id":302848,"date":"2023-11-24T09:02:10","date_gmt":"2023-11-24T09:02:10","guid":{"rendered":"https:\/\/www.purejewels.com\/?post_type=product&#038;p=302848"},"modified":"2026-01-07T06:39:03","modified_gmt":"2026-01-07T06:39:03","slug":"diamant-und-smaragdring-aus-18-karat-gelbgold-fur-damen","status":"publish","type":"product","link":"https:\/\/www.purejewels.com\/de\/product\/18ct-yellow-gold-ladies-diamond-and-emerald-ring\/","title":{"rendered":"18ct Gelbgold Damen Diamant mit Smaragd Ring | Gr\u00f6\u00dfe M"},"content":{"rendered":"<p><a href=\"https:\/\/www.purejewels.com\/de\/product-category\/22ct-gold-jewellery\/gold-rings\/\">Ringe<\/a> werden seit jeher von M\u00e4nnern und Frauen getragen. Fr\u00fcher hatten die Ringe eine eigene traditionelle Bedeutung und einen eigenen Sinn. Manche Menschen trugen sie auch f\u00fcr astrologische Zwecke. Heutzutage haben Ringe neben ihrer traditionellen Bedeutung auch eine \u00e4sthetische Bedeutung und sind ein wesentlicher Bestandteil der Schmucksammlung einer jeden Frau.<\/p>\n<p>Dieser Smaragdring f\u00fcr Frauen wurde in Anlehnung an Ihr modernes Ich entworfen. Dieser Smaragdring f\u00fcr Damen wurde von Hand aus 18-kar\u00e4tigem Gelbgold gefertigt und seine Struktur sieht aus wie eines dieser stapelbaren Ringsets, die gleichzeitig minimal und substanziell aussehen. Unser Smaragdring sieht aus wie ein Set aus zwei Ringen, wurde aber als Einzelring gefertigt. Das Design beginnt mit einem \u00fcppigen gr\u00fcnen Smaragdstein, der in der Mitte besetzt ist und von einem <a href=\"https:\/\/www.purejewels.com\/de\/elegance-of-sold-gold\/\">Massivgold<\/a> Band mit kleinen kieselstein\u00e4hnlichen Strukturen. Das zweite Band ist wundersch\u00f6n mit feinen Brillanten besetzt und legt sich elegant um den Finger.<\/p>\n<p>Stylen Sie ihn mit Ihrem traditionellen, machen Sie eine Aussage, w\u00e4hrend Sie es mit Ihren Western oder sogar auf besondere Tage bei der Arbeit. Diese stapelbaren Smaragd und Diamant-Ring ist absolut wundersch\u00f6n und ist sicher, Ihre Aufmerksamkeit zusammen mit allen um Sie herum zu ergreifen.<\/p>","protected":false},"excerpt":{"rendered":"<ul>\n<li>18ct Gelbgold Damen Diamant und Smaragd Ring<\/li>\n<li>Gewicht des Diamanten 0,14 Karat<\/li>\n<li>Runde Diamanten in Brillantform<\/li>\n<li>Farbe. F - G<\/li>\n<li>Klarheit. VS<\/li>\n<li>Farbiger Stein. Smaragd-Beryll<\/li>\n<li>Smaragd Gewicht 0,32 Karat<\/li>\n<li>SKU 27745<\/li>\n<li>Zertifikat Nr.\u00a0<strong>SGLJL54889H<\/strong><\/li>\n<li>Alle unsere Produkte sind vom London Assay Office gestempelt.<\/li>\n<li>Mit Pr\u00e4sentationsbox<\/li>\n<li>Lieferung inbegriffen<\/li>\n<li>Alle Preise inklusive Mehrwertsteuer<\/li>\n<li>Kontaktieren Sie uns \/ chatten Sie mit uns f\u00fcr ein Video des Produkts<\/li>\n<\/ul>","protected":false},"featured_media":338919,"comment_status":"closed","ping_status":"closed","template":"","meta":{"_eb_attr":"","_crsspst_to_jayantr4sg-hostcom":true},"product_brand":[],"product_cat":[1679,1791,1559,1794,5457,5460,231,1783,1786,1569,1574],"product_tag":[],"class_list":{"0":"post-302848","1":"product","2":"type-product","3":"status-publish","4":"has-post-thumbnail","6":"product_cat-18ct-gold-rings","7":"product_cat-anniversary-gifts","8":"product_cat-birthday-gifts","9":"product_cat-christmas-gifts","10":"product_cat-diamond-jewellery","11":"product_cat-diamond-ring","12":"product_cat-engagement-rings","13":"product_cat-ladies-rings","14":"product_cat-occasional-wear-rings","15":"product_cat-valentine-day-gifts","16":"product_cat-womens-jewellery","18":"first","19":"outofstock","20":"featured","21":"taxable","22":"shipping-taxable","23":"product-type-simple","24":"add-to-wishlist-before_image"},"yoast_head":"<!-- This site is optimized with the Yoast SEO plugin v27.5 - https:\/\/yoast.com\/product\/yoast-seo-wordpress\/ -->\n<title>18ct Yellow Gold Ladies Diamond and Emerald Ring - PureJewels<\/title>\n<meta name=\"description\" content=\"Best Black Friday Diamond Jewellery sale, This 18ct Gold Diamond and Emerald Ring is available at best price. PureJewels UK\" \/>\n<meta name=\"robots\" content=\"index, follow, max-snippet:-1, max-image-preview:large, max-video-preview:-1\" \/>\n<link rel=\"canonical\" href=\"https:\/\/www.purejewels.com\/de\/produkt-2\/diamant-und-smaragdring-aus-18-karat-gelbgold-fur-damen\/\" \/>\n<meta property=\"og:locale\" content=\"de_DE\" \/>\n<meta property=\"og:type\" content=\"article\" \/>\n<meta property=\"og:title\" content=\"18ct Yellow Gold Ladies Diamond and Emerald Ring - PureJewels\" \/>\n<meta property=\"og:description\" content=\"Best Black Friday Diamond Jewellery sale, This 18ct Gold Diamond and Emerald Ring is available at best price. PureJewels UK\" \/>\n<meta property=\"og:url\" content=\"https:\/\/www.purejewels.com\/de\/produkt-2\/diamant-und-smaragdring-aus-18-karat-gelbgold-fur-damen\/\" \/>\n<meta property=\"og:site_name\" content=\"PureJewels UK\" \/>\n<meta property=\"article:modified_time\" content=\"2026-01-07T06:39:03+00:00\" \/>\n<meta property=\"og:image\" content=\"https:\/\/www.purejewels.com\/wp-content\/uploads\/2018\/08\/27745-3.jpg\" \/>\n\t<meta property=\"og:image:width\" content=\"1000\" \/>\n\t<meta property=\"og:image:height\" content=\"1000\" \/>\n\t<meta property=\"og:image:type\" content=\"image\/jpeg\" \/>\n<meta name=\"twitter:card\" content=\"summary_large_image\" \/>\n<meta name=\"twitter:label1\" content=\"Gesch\u00e4tzte Lesezeit\" \/>\n\t<meta name=\"twitter:data1\" content=\"1\u00a0Minute\" \/>\n<script type=\"application\/ld+json\" class=\"yoast-schema-graph\">{\"@context\":\"https:\\\/\\\/schema.org\",\"@graph\":[{\"@type\":[\"WebPage\",\"ItemPage\"],\"@id\":\"https:\\\/\\\/www.purejewels.com\\\/product\\\/18ct-yellow-gold-ladies-diamond-and-emerald-ring\\\/\",\"url\":\"https:\\\/\\\/www.purejewels.com\\\/product\\\/18ct-yellow-gold-ladies-diamond-and-emerald-ring\\\/\",\"name\":\"18ct Yellow Gold Ladies Diamond and Emerald Ring - PureJewels\",\"isPartOf\":{\"@id\":\"https:\\\/\\\/www.purejewels.com\\\/#website\"},\"primaryImageOfPage\":{\"@id\":\"https:\\\/\\\/www.purejewels.com\\\/product\\\/18ct-yellow-gold-ladies-diamond-and-emerald-ring\\\/#primaryimage\"},\"image\":{\"@id\":\"https:\\\/\\\/www.purejewels.com\\\/product\\\/18ct-yellow-gold-ladies-diamond-and-emerald-ring\\\/#primaryimage\"},\"thumbnailUrl\":\"https:\\\/\\\/static.purejewels.com\\\/wp-content\\\/uploads\\\/2018\\\/08\\\/27745-3.jpg\",\"datePublished\":\"2023-11-24T09:02:10+00:00\",\"dateModified\":\"2026-01-07T06:39:03+00:00\",\"description\":\"Best Black Friday Diamond Jewellery sale, This 18ct Gold Diamond and Emerald Ring is available at best price. PureJewels UK\",\"breadcrumb\":{\"@id\":\"https:\\\/\\\/www.purejewels.com\\\/product\\\/18ct-yellow-gold-ladies-diamond-and-emerald-ring\\\/#breadcrumb\"},\"inLanguage\":\"de\",\"potentialAction\":[{\"@type\":\"ReadAction\",\"target\":[\"https:\\\/\\\/www.purejewels.com\\\/product\\\/18ct-yellow-gold-ladies-diamond-and-emerald-ring\\\/\"]}]},{\"@type\":\"ImageObject\",\"inLanguage\":\"de\",\"@id\":\"https:\\\/\\\/www.purejewels.com\\\/product\\\/18ct-yellow-gold-ladies-diamond-and-emerald-ring\\\/#primaryimage\",\"url\":\"https:\\\/\\\/static.purejewels.com\\\/wp-content\\\/uploads\\\/2018\\\/08\\\/27745-3.jpg\",\"contentUrl\":\"https:\\\/\\\/static.purejewels.com\\\/wp-content\\\/uploads\\\/2018\\\/08\\\/27745-3.jpg\",\"width\":1000,\"height\":1000,\"caption\":\"18ct Yellow Gold Ladies Diamond With Emerald Ring | Size M\"},{\"@type\":\"BreadcrumbList\",\"@id\":\"https:\\\/\\\/www.purejewels.com\\\/product\\\/18ct-yellow-gold-ladies-diamond-and-emerald-ring\\\/#breadcrumb\",\"itemListElement\":[{\"@type\":\"ListItem\",\"position\":1,\"name\":\"Home\",\"item\":\"https:\\\/\\\/www.purejewels.com\\\/\"},{\"@type\":\"ListItem\",\"position\":2,\"name\":\"Shop\",\"item\":\"https:\\\/\\\/www.purejewels.com\\\/shop\\\/\"},{\"@type\":\"ListItem\",\"position\":3,\"name\":\"18ct Yellow Gold Ladies Diamond With Emerald Ring | Size M\"}]},{\"@type\":\"WebSite\",\"@id\":\"https:\\\/\\\/www.purejewels.com\\\/#website\",\"url\":\"https:\\\/\\\/www.purejewels.com\\\/\",\"name\":\"PureJewels UK\",\"description\":\"Share the Love\",\"publisher\":{\"@id\":\"https:\\\/\\\/www.purejewels.com\\\/#organization\"},\"potentialAction\":[{\"@type\":\"SearchAction\",\"target\":{\"@type\":\"EntryPoint\",\"urlTemplate\":\"https:\\\/\\\/www.purejewels.com\\\/?s={search_term_string}\"},\"query-input\":{\"@type\":\"PropertyValueSpecification\",\"valueRequired\":true,\"valueName\":\"search_term_string\"}}],\"inLanguage\":\"de\"},{\"@type\":\"Organization\",\"@id\":\"https:\\\/\\\/www.purejewels.com\\\/#organization\",\"name\":\"PureJewels UK\",\"url\":\"https:\\\/\\\/www.purejewels.com\\\/\",\"logo\":{\"@type\":\"ImageObject\",\"inLanguage\":\"de\",\"@id\":\"https:\\\/\\\/www.purejewels.com\\\/#\\\/schema\\\/logo\\\/image\\\/\",\"url\":\"https:\\\/\\\/static.purejewels.com\\\/wp-content\\\/uploads\\\/2020\\\/11\\\/Logo-PJ-New-1.png\",\"contentUrl\":\"https:\\\/\\\/static.purejewels.com\\\/wp-content\\\/uploads\\\/2020\\\/11\\\/Logo-PJ-New-1.png\",\"width\":150,\"height\":80,\"caption\":\"PureJewels UK\"},\"image\":{\"@id\":\"https:\\\/\\\/www.purejewels.com\\\/#\\\/schema\\\/logo\\\/image\\\/\"}}]}<\/script>\n<!-- \/ Yoast SEO plugin. -->","yoast_head_json":{"title":"18ct Gelbgold Damen Diamant und Smaragd Ring - PureJewels","description":"Best Black Friday Diamond Jewellery sale, Dieser 18ct Gold Diamond and Emerald Ring ist zum besten Preis erh\u00e4ltlich. PureJewels UK","robots":{"index":"index","follow":"follow","max-snippet":"max-snippet:-1","max-image-preview":"max-image-preview:large","max-video-preview":"max-video-preview:-1"},"canonical":"https:\/\/www.purejewels.com\/de\/produkt-2\/diamant-und-smaragdring-aus-18-karat-gelbgold-fur-damen\/","og_locale":"de_DE","og_type":"article","og_title":"18ct Yellow Gold Ladies Diamond and Emerald Ring - PureJewels","og_description":"Best Black Friday Diamond Jewellery sale, This 18ct Gold Diamond and Emerald Ring is available at best price. PureJewels UK","og_url":"https:\/\/www.purejewels.com\/de\/produkt-2\/diamant-und-smaragdring-aus-18-karat-gelbgold-fur-damen\/","og_site_name":"PureJewels UK","article_modified_time":"2026-01-07T06:39:03+00:00","og_image":[{"width":1000,"height":1000,"url":"https:\/\/www.purejewels.com\/wp-content\/uploads\/2018\/08\/27745-3.jpg","type":"image\/jpeg"}],"twitter_card":"summary_large_image","twitter_misc":{"Gesch\u00e4tzte Lesezeit":"1\u00a0Minute"},"schema":{"@context":"https:\/\/schema.org","@graph":[{"@type":["WebPage","ItemPage"],"@id":"https:\/\/www.purejewels.com\/product\/18ct-yellow-gold-ladies-diamond-and-emerald-ring\/","url":"https:\/\/www.purejewels.com\/product\/18ct-yellow-gold-ladies-diamond-and-emerald-ring\/","name":"18ct Gelbgold Damen Diamant und Smaragd Ring - PureJewels","isPartOf":{"@id":"https:\/\/www.purejewels.com\/#website"},"primaryImageOfPage":{"@id":"https:\/\/www.purejewels.com\/product\/18ct-yellow-gold-ladies-diamond-and-emerald-ring\/#primaryimage"},"image":{"@id":"https:\/\/www.purejewels.com\/product\/18ct-yellow-gold-ladies-diamond-and-emerald-ring\/#primaryimage"},"thumbnailUrl":"https:\/\/static.purejewels.com\/wp-content\/uploads\/2018\/08\/27745-3.jpg","datePublished":"2023-11-24T09:02:10+00:00","dateModified":"2026-01-07T06:39:03+00:00","description":"Best Black Friday Diamond Jewellery sale, Dieser 18ct Gold Diamond and Emerald Ring ist zum besten Preis erh\u00e4ltlich. PureJewels UK","breadcrumb":{"@id":"https:\/\/www.purejewels.com\/product\/18ct-yellow-gold-ladies-diamond-and-emerald-ring\/#breadcrumb"},"inLanguage":"de","potentialAction":[{"@type":"ReadAction","target":["https:\/\/www.purejewels.com\/product\/18ct-yellow-gold-ladies-diamond-and-emerald-ring\/"]}]},{"@type":"ImageObject","inLanguage":"de","@id":"https:\/\/www.purejewels.com\/product\/18ct-yellow-gold-ladies-diamond-and-emerald-ring\/#primaryimage","url":"https:\/\/static.purejewels.com\/wp-content\/uploads\/2018\/08\/27745-3.jpg","contentUrl":"https:\/\/static.purejewels.com\/wp-content\/uploads\/2018\/08\/27745-3.jpg","width":1000,"height":1000,"caption":"18ct Yellow Gold Ladies Diamond With Emerald Ring | Size M"},{"@type":"BreadcrumbList","@id":"https:\/\/www.purejewels.com\/product\/18ct-yellow-gold-ladies-diamond-and-emerald-ring\/#breadcrumb","itemListElement":[{"@type":"ListItem","position":1,"name":"Home","item":"https:\/\/www.purejewels.com\/"},{"@type":"ListItem","position":2,"name":"Shop","item":"https:\/\/www.purejewels.com\/shop\/"},{"@type":"ListItem","position":3,"name":"18ct Yellow Gold Ladies Diamond With Emerald Ring | Size M"}]},{"@type":"WebSite","@id":"https:\/\/www.purejewels.com\/#website","url":"https:\/\/www.purejewels.com\/","name":"PureJewels UK","description":"Teile die Liebe","publisher":{"@id":"https:\/\/www.purejewels.com\/#organization"},"potentialAction":[{"@type":"SearchAction","target":{"@type":"EntryPoint","urlTemplate":"https:\/\/www.purejewels.com\/?s={search_term_string}"},"query-input":{"@type":"PropertyValueSpecification","valueRequired":true,"valueName":"search_term_string"}}],"inLanguage":"de"},{"@type":"Organization","@id":"https:\/\/www.purejewels.com\/#organization","name":"PureJewels UK","url":"https:\/\/www.purejewels.com\/","logo":{"@type":"ImageObject","inLanguage":"de","@id":"https:\/\/www.purejewels.com\/#\/schema\/logo\/image\/","url":"https:\/\/static.purejewels.com\/wp-content\/uploads\/2020\/11\/Logo-PJ-New-1.png","contentUrl":"https:\/\/static.purejewels.com\/wp-content\/uploads\/2020\/11\/Logo-PJ-New-1.png","width":150,"height":80,"caption":"PureJewels UK"},"image":{"@id":"https:\/\/www.purejewels.com\/#\/schema\/logo\/image\/"}}]}},"_links":{"self":[{"href":"https:\/\/www.purejewels.com\/de\/wp-json\/wp\/v2\/product\/302848","targetHints":{"allow":["GET"]}}],"collection":[{"href":"https:\/\/www.purejewels.com\/de\/wp-json\/wp\/v2\/product"}],"about":[{"href":"https:\/\/www.purejewels.com\/de\/wp-json\/wp\/v2\/types\/product"}],"replies":[{"embeddable":true,"href":"https:\/\/www.purejewels.com\/de\/wp-json\/wp\/v2\/comments?post=302848"}],"version-history":[{"count":1,"href":"https:\/\/www.purejewels.com\/de\/wp-json\/wp\/v2\/product\/302848\/revisions"}],"predecessor-version":[{"id":393025,"href":"https:\/\/www.purejewels.com\/de\/wp-json\/wp\/v2\/product\/302848\/revisions\/393025"}],"wp:featuredmedia":[{"embeddable":true,"href":"https:\/\/www.purejewels.com\/de\/wp-json\/wp\/v2\/media\/338919"}],"wp:attachment":[{"href":"https:\/\/www.purejewels.com\/de\/wp-json\/wp\/v2\/media?parent=302848"}],"wp:term":[{"taxonomy":"product_brand","embeddable":true,"href":"https:\/\/www.purejewels.com\/de\/wp-json\/wp\/v2\/product_brand?post=302848"},{"taxonomy":"product_cat","embeddable":true,"href":"https:\/\/www.purejewels.com\/de\/wp-json\/wp\/v2\/product_cat?post=302848"},{"taxonomy":"product_tag","embeddable":true,"href":"https:\/\/www.purejewels.com\/de\/wp-json\/wp\/v2\/product_tag?post=302848"}],"curies":[{"name":"wp","href":"https:\/\/api.w.org\/{rel}","templated":true}]}}