{"id":302873,"date":"2018-08-28T05:46:38","date_gmt":"2018-08-28T04:46:38","guid":{"rendered":"https:\/\/www.purejewels.com\/?post_type=product&#038;p=302873"},"modified":"2025-12-23T07:49:36","modified_gmt":"2025-12-23T07:49:36","slug":"22-kt-gold-cz-ohrstecker-5","status":"publish","type":"product","link":"https:\/\/www.purejewels.com\/de\/product\/22ct-gold-cz-stud-earring-5\/","title":{"rendered":"22 Karat Gold CZ Kreisf\u00f6rmiger Halo-Ohrstecker"},"content":{"rendered":"<p><strong>Gestaltung<\/strong><\/p>\n<p>Diese zeitlosen Ohrstecker <a href=\"https:\/\/www.purejewels.com\/de\/product-category\/22ct-gold-jewellery\/gold-earrings\/\">Ohrringe<\/a> zeichnen sich durch ein perfekt ausgewogenes kreisf\u00f6rmiges Halo-Design aus. In der Mitte befindet sich ein rund geschliffener Zirkonia, umrahmt von einem konzentrischen Kreis kleinerer Zirkoniasteine, die die Brillanz und Symmetrie unterstreichen. Die sanft gewellte Goldfassung sorgt f\u00fcr Tiefe und Struktur, w\u00e4hrend die kreisf\u00f6rmige Form eine klassische, zeitlose \u00c4sthetik bietet.<\/p>\n<p><strong>Handwerkliches K\u00f6nnen<\/strong><\/p>\n<p>Mit Pr\u00e4zision in leuchtendem Design gefertigt <a href=\"https:\/\/www.purejewels.com\/de\/product\/22ct-gold-jali-filigree-ring-jali-collection-31926\/\">22ct<\/a> Gold, jeder Ohrring spiegelt die Tradition der feinen Schmuckherstellung von PureJewels wider. Die Zirkoniasteine werden sorgf\u00e4ltig von Hand gefasst, um Einheitlichkeit, Glanz und Langlebigkeit zu gew\u00e4hrleisten. Die polierte Goldoberfl\u00e4che unterstreicht die Reinheit des Metalls und die Klarheit der Steine und sorgt f\u00fcr ein Schmuckst\u00fcck von raffinierter Qualit\u00e4t.<\/p>\n<p><strong>Stil<\/strong><\/p>\n<p>Diese eleganten und vielseitigen Ohrstecker aus 22 Karat Gold mit Zirkonia-Steinen sind ideal f\u00fcr den eleganten Alltag, formelle Anl\u00e4sse oder als liebevolles Geschenk. Dank ihrer klassischen runden Form lassen sie sich m\u00fchelos tragen und passen sowohl zu traditioneller als auch zu moderner Kleidung. Eine zeitlose Erg\u00e4nzung f\u00fcr jede Schmuckkollektion, die Ihnen viele Jahre lang Freude bereiten wird.<\/p>","protected":false},"excerpt":{"rendered":"<p>Elegante runde Halo-Ohrstecker aus strahlendem 22-kar\u00e4tigem Gold mit einem zentralen Zirkonia, umgeben von einem Ring aus zartem Glanz.<\/p>\n<ul>\n<li>22ct Gold CZ Ohrstecker<\/li>\n<li>Mit kubischen Zirkonia-Steinen<\/li>\n<li>Wt. 2.8 gms<\/li>\n<li>Alle Preise inklusive Mehrwertsteuer<\/li>\n<li>22ct Gold gestempelt von London Assay Office<\/li>\n<li>Mit Pr\u00e4sentationsbox<\/li>\n<li>Lieferung inbegriffen<\/li>\n<li>Live-Chat mit uns f\u00fcr die Verf\u00fcgbarkeit und mehr Bilder von \u00e4hnlichen Designs derzeit auf Lager<\/li>\n<\/ul>","protected":false},"featured_media":303782,"comment_status":"closed","ping_status":"closed","template":"","meta":{"_eb_attr":"","_crsspst_to_jayantr4sg-hostcom":false},"product_brand":[],"product_cat":[1229,1577,1574],"product_tag":[],"class_list":{"0":"post-302873","1":"product","2":"type-product","3":"status-publish","4":"has-post-thumbnail","6":"product_cat-22ct-gold-jewellery","7":"product_cat-stud-earrings","8":"product_cat-womens-jewellery","10":"first","11":"outofstock","12":"taxable","13":"shipping-taxable","14":"product-type-simple","15":"add-to-wishlist-before_image"},"yoast_head":"<!-- This site is optimized with the Yoast SEO plugin v27.3 - https:\/\/yoast.com\/product\/yoast-seo-wordpress\/ -->\n<title>22ct Gold CZ Circular Halo Stud Earrings | PureJewels London<\/title>\n<meta name=\"description\" content=\"Classic 22ct gold circular halo stud earrings set with sparkling cubic zirconia. Timeless design and refined craftsmanship by PureJewels London.\" \/>\n<meta name=\"robots\" content=\"index, follow, max-snippet:-1, max-image-preview:large, max-video-preview:-1\" \/>\n<link rel=\"canonical\" href=\"https:\/\/www.purejewels.com\/de\/produkt-2\/22-kt-gold-cz-ohrstecker-5\/\" \/>\n<meta property=\"og:locale\" content=\"de_DE\" \/>\n<meta property=\"og:type\" content=\"article\" \/>\n<meta property=\"og:title\" content=\"22ct Gold CZ Circular Halo Stud Earrings | PureJewels London\" \/>\n<meta property=\"og:description\" content=\"Classic 22ct gold circular halo stud earrings set with sparkling cubic zirconia. Timeless design and refined craftsmanship by PureJewels London.\" \/>\n<meta property=\"og:url\" content=\"https:\/\/www.purejewels.com\/de\/produkt-2\/22-kt-gold-cz-ohrstecker-5\/\" \/>\n<meta property=\"og:site_name\" content=\"PureJewels UK\" \/>\n<meta property=\"article:modified_time\" content=\"2025-12-23T07:49:36+00:00\" \/>\n<meta property=\"og:image\" content=\"https:\/\/static.purejewels.com\/wp-content\/uploads\/2018\/08\/26910_1-copy.png\" \/>\n\t<meta property=\"og:image:width\" content=\"1000\" \/>\n\t<meta property=\"og:image:height\" content=\"1000\" \/>\n\t<meta property=\"og:image:type\" content=\"image\/png\" \/>\n<meta name=\"twitter:card\" content=\"summary_large_image\" \/>\n<meta name=\"twitter:label1\" content=\"Gesch\u00e4tzte Lesezeit\" \/>\n\t<meta name=\"twitter:data1\" content=\"1\u00a0Minute\" \/>\n<script type=\"application\/ld+json\" class=\"yoast-schema-graph\">{\"@context\":\"https:\\\/\\\/schema.org\",\"@graph\":[{\"@type\":[\"WebPage\",\"ItemPage\"],\"@id\":\"https:\\\/\\\/www.purejewels.com\\\/product\\\/22ct-gold-cz-stud-earring-5\\\/\",\"url\":\"https:\\\/\\\/www.purejewels.com\\\/product\\\/22ct-gold-cz-stud-earring-5\\\/\",\"name\":\"22ct Gold CZ Circular Halo Stud Earrings | PureJewels London\",\"isPartOf\":{\"@id\":\"https:\\\/\\\/www.purejewels.com\\\/#website\"},\"primaryImageOfPage\":{\"@id\":\"https:\\\/\\\/www.purejewels.com\\\/product\\\/22ct-gold-cz-stud-earring-5\\\/#primaryimage\"},\"image\":{\"@id\":\"https:\\\/\\\/www.purejewels.com\\\/product\\\/22ct-gold-cz-stud-earring-5\\\/#primaryimage\"},\"thumbnailUrl\":\"https:\\\/\\\/static.purejewels.com\\\/wp-content\\\/uploads\\\/2018\\\/08\\\/26910_1-copy.png\",\"datePublished\":\"2018-08-28T04:46:38+00:00\",\"dateModified\":\"2025-12-23T07:49:36+00:00\",\"description\":\"Classic 22ct gold circular halo stud earrings set with sparkling cubic zirconia. Timeless design and refined craftsmanship by PureJewels London.\",\"breadcrumb\":{\"@id\":\"https:\\\/\\\/www.purejewels.com\\\/product\\\/22ct-gold-cz-stud-earring-5\\\/#breadcrumb\"},\"inLanguage\":\"de\",\"potentialAction\":[{\"@type\":\"ReadAction\",\"target\":[\"https:\\\/\\\/www.purejewels.com\\\/product\\\/22ct-gold-cz-stud-earring-5\\\/\"]}]},{\"@type\":\"ImageObject\",\"inLanguage\":\"de\",\"@id\":\"https:\\\/\\\/www.purejewels.com\\\/product\\\/22ct-gold-cz-stud-earring-5\\\/#primaryimage\",\"url\":\"https:\\\/\\\/static.purejewels.com\\\/wp-content\\\/uploads\\\/2018\\\/08\\\/26910_1-copy.png\",\"contentUrl\":\"https:\\\/\\\/static.purejewels.com\\\/wp-content\\\/uploads\\\/2018\\\/08\\\/26910_1-copy.png\",\"width\":1000,\"height\":1000,\"caption\":\"26910_1 copy\"},{\"@type\":\"BreadcrumbList\",\"@id\":\"https:\\\/\\\/www.purejewels.com\\\/product\\\/22ct-gold-cz-stud-earring-5\\\/#breadcrumb\",\"itemListElement\":[{\"@type\":\"ListItem\",\"position\":1,\"name\":\"Home\",\"item\":\"https:\\\/\\\/www.purejewels.com\\\/\"},{\"@type\":\"ListItem\",\"position\":2,\"name\":\"Shop\",\"item\":\"https:\\\/\\\/www.purejewels.com\\\/shop\\\/\"},{\"@type\":\"ListItem\",\"position\":3,\"name\":\"22ct Gold CZ Circular Halo Stud\"}]},{\"@type\":\"WebSite\",\"@id\":\"https:\\\/\\\/www.purejewels.com\\\/#website\",\"url\":\"https:\\\/\\\/www.purejewels.com\\\/\",\"name\":\"PureJewels UK\",\"description\":\"Share the Love\",\"publisher\":{\"@id\":\"https:\\\/\\\/www.purejewels.com\\\/#organization\"},\"potentialAction\":[{\"@type\":\"SearchAction\",\"target\":{\"@type\":\"EntryPoint\",\"urlTemplate\":\"https:\\\/\\\/www.purejewels.com\\\/?s={search_term_string}\"},\"query-input\":{\"@type\":\"PropertyValueSpecification\",\"valueRequired\":true,\"valueName\":\"search_term_string\"}}],\"inLanguage\":\"de\"},{\"@type\":\"Organization\",\"@id\":\"https:\\\/\\\/www.purejewels.com\\\/#organization\",\"name\":\"PureJewels UK\",\"url\":\"https:\\\/\\\/www.purejewels.com\\\/\",\"logo\":{\"@type\":\"ImageObject\",\"inLanguage\":\"de\",\"@id\":\"https:\\\/\\\/www.purejewels.com\\\/#\\\/schema\\\/logo\\\/image\\\/\",\"url\":\"https:\\\/\\\/static.purejewels.com\\\/wp-content\\\/uploads\\\/2020\\\/11\\\/Logo-PJ-New-1.png\",\"contentUrl\":\"https:\\\/\\\/static.purejewels.com\\\/wp-content\\\/uploads\\\/2020\\\/11\\\/Logo-PJ-New-1.png\",\"width\":150,\"height\":80,\"caption\":\"PureJewels UK\"},\"image\":{\"@id\":\"https:\\\/\\\/www.purejewels.com\\\/#\\\/schema\\\/logo\\\/image\\\/\"}}]}<\/script>\n<!-- \/ Yoast SEO plugin. -->","yoast_head_json":{"title":"22 Karat Gold CZ Kreisf\u00f6rmige Halo-Ohrstecker | PureJewels London","description":"Klassische 22-kar\u00e4tige Gold-Ohrstecker mit kreisf\u00f6rmigem Halo, besetzt mit funkelnden Zirkonia. Zeitloses Design und raffinierte Handwerkskunst von PureJewels London.","robots":{"index":"index","follow":"follow","max-snippet":"max-snippet:-1","max-image-preview":"max-image-preview:large","max-video-preview":"max-video-preview:-1"},"canonical":"https:\/\/www.purejewels.com\/de\/produkt-2\/22-kt-gold-cz-ohrstecker-5\/","og_locale":"de_DE","og_type":"article","og_title":"22ct Gold CZ Circular Halo Stud Earrings | PureJewels London","og_description":"Classic 22ct gold circular halo stud earrings set with sparkling cubic zirconia. Timeless design and refined craftsmanship by PureJewels London.","og_url":"https:\/\/www.purejewels.com\/de\/produkt-2\/22-kt-gold-cz-ohrstecker-5\/","og_site_name":"PureJewels UK","article_modified_time":"2025-12-23T07:49:36+00:00","og_image":[{"width":1000,"height":1000,"url":"https:\/\/static.purejewels.com\/wp-content\/uploads\/2018\/08\/26910_1-copy.png","type":"image\/png"}],"twitter_card":"summary_large_image","twitter_misc":{"Gesch\u00e4tzte Lesezeit":"1\u00a0Minute"},"schema":{"@context":"https:\/\/schema.org","@graph":[{"@type":["WebPage","ItemPage"],"@id":"https:\/\/www.purejewels.com\/product\/22ct-gold-cz-stud-earring-5\/","url":"https:\/\/www.purejewels.com\/product\/22ct-gold-cz-stud-earring-5\/","name":"22 Karat Gold CZ Kreisf\u00f6rmige Halo-Ohrstecker | PureJewels London","isPartOf":{"@id":"https:\/\/www.purejewels.com\/#website"},"primaryImageOfPage":{"@id":"https:\/\/www.purejewels.com\/product\/22ct-gold-cz-stud-earring-5\/#primaryimage"},"image":{"@id":"https:\/\/www.purejewels.com\/product\/22ct-gold-cz-stud-earring-5\/#primaryimage"},"thumbnailUrl":"https:\/\/static.purejewels.com\/wp-content\/uploads\/2018\/08\/26910_1-copy.png","datePublished":"2018-08-28T04:46:38+00:00","dateModified":"2025-12-23T07:49:36+00:00","description":"Klassische 22-kar\u00e4tige Gold-Ohrstecker mit kreisf\u00f6rmigem Halo, besetzt mit funkelnden Zirkonia. Zeitloses Design und raffinierte Handwerkskunst von PureJewels London.","breadcrumb":{"@id":"https:\/\/www.purejewels.com\/product\/22ct-gold-cz-stud-earring-5\/#breadcrumb"},"inLanguage":"de","potentialAction":[{"@type":"ReadAction","target":["https:\/\/www.purejewels.com\/product\/22ct-gold-cz-stud-earring-5\/"]}]},{"@type":"ImageObject","inLanguage":"de","@id":"https:\/\/www.purejewels.com\/product\/22ct-gold-cz-stud-earring-5\/#primaryimage","url":"https:\/\/static.purejewels.com\/wp-content\/uploads\/2018\/08\/26910_1-copy.png","contentUrl":"https:\/\/static.purejewels.com\/wp-content\/uploads\/2018\/08\/26910_1-copy.png","width":1000,"height":1000,"caption":"26910_1 copy"},{"@type":"BreadcrumbList","@id":"https:\/\/www.purejewels.com\/product\/22ct-gold-cz-stud-earring-5\/#breadcrumb","itemListElement":[{"@type":"ListItem","position":1,"name":"Home","item":"https:\/\/www.purejewels.com\/"},{"@type":"ListItem","position":2,"name":"Shop","item":"https:\/\/www.purejewels.com\/shop\/"},{"@type":"ListItem","position":3,"name":"22ct Gold CZ Circular Halo Stud"}]},{"@type":"WebSite","@id":"https:\/\/www.purejewels.com\/#website","url":"https:\/\/www.purejewels.com\/","name":"PureJewels UK","description":"Teile die Liebe","publisher":{"@id":"https:\/\/www.purejewels.com\/#organization"},"potentialAction":[{"@type":"SearchAction","target":{"@type":"EntryPoint","urlTemplate":"https:\/\/www.purejewels.com\/?s={search_term_string}"},"query-input":{"@type":"PropertyValueSpecification","valueRequired":true,"valueName":"search_term_string"}}],"inLanguage":"de"},{"@type":"Organization","@id":"https:\/\/www.purejewels.com\/#organization","name":"PureJewels UK","url":"https:\/\/www.purejewels.com\/","logo":{"@type":"ImageObject","inLanguage":"de","@id":"https:\/\/www.purejewels.com\/#\/schema\/logo\/image\/","url":"https:\/\/static.purejewels.com\/wp-content\/uploads\/2020\/11\/Logo-PJ-New-1.png","contentUrl":"https:\/\/static.purejewels.com\/wp-content\/uploads\/2020\/11\/Logo-PJ-New-1.png","width":150,"height":80,"caption":"PureJewels UK"},"image":{"@id":"https:\/\/www.purejewels.com\/#\/schema\/logo\/image\/"}}]}},"_links":{"self":[{"href":"https:\/\/www.purejewels.com\/de\/wp-json\/wp\/v2\/product\/302873","targetHints":{"allow":["GET"]}}],"collection":[{"href":"https:\/\/www.purejewels.com\/de\/wp-json\/wp\/v2\/product"}],"about":[{"href":"https:\/\/www.purejewels.com\/de\/wp-json\/wp\/v2\/types\/product"}],"replies":[{"embeddable":true,"href":"https:\/\/www.purejewels.com\/de\/wp-json\/wp\/v2\/comments?post=302873"}],"version-history":[{"count":2,"href":"https:\/\/www.purejewels.com\/de\/wp-json\/wp\/v2\/product\/302873\/revisions"}],"predecessor-version":[{"id":423743,"href":"https:\/\/www.purejewels.com\/de\/wp-json\/wp\/v2\/product\/302873\/revisions\/423743"}],"wp:featuredmedia":[{"embeddable":true,"href":"https:\/\/www.purejewels.com\/de\/wp-json\/wp\/v2\/media\/303782"}],"wp:attachment":[{"href":"https:\/\/www.purejewels.com\/de\/wp-json\/wp\/v2\/media?parent=302873"}],"wp:term":[{"taxonomy":"product_brand","embeddable":true,"href":"https:\/\/www.purejewels.com\/de\/wp-json\/wp\/v2\/product_brand?post=302873"},{"taxonomy":"product_cat","embeddable":true,"href":"https:\/\/www.purejewels.com\/de\/wp-json\/wp\/v2\/product_cat?post=302873"},{"taxonomy":"product_tag","embeddable":true,"href":"https:\/\/www.purejewels.com\/de\/wp-json\/wp\/v2\/product_tag?post=302873"}],"curies":[{"name":"wp","href":"https:\/\/api.w.org\/{rel}","templated":true}]}}