{"id":302876,"date":"2018-08-28T11:24:06","date_gmt":"2018-08-28T10:24:06","guid":{"rendered":"https:\/\/www.purejewels.com\/?post_type=product&#038;p=302876"},"modified":"2025-12-23T05:35:34","modified_gmt":"2025-12-23T05:35:34","slug":"22-kt-gold-cz-ohrstecker-2","status":"publish","type":"product","link":"https:\/\/www.purejewels.com\/de\/product\/22ct-gold-cz-stud-earring-2\/","title":{"rendered":"22 Karat Gold CZ Swirl Ohrstecker"},"content":{"rendered":"<p><strong>Gestaltung<\/strong><\/p>\n<p>Diese eleganten Ohrstecker <a href=\"https:\/\/www.purejewels.com\/de\/product-category\/22ct-gold-jewellery\/gold-earrings\/\">Ohrringe<\/a> mit einem flie\u00dfenden Wirbelmotiv, das Bewegung und Harmonie symbolisiert. Das skulpturale Design unterstreicht die reichhaltige W\u00e4rme von <a href=\"https:\/\/www.purejewels.com\/de\/product\/22ct-gold-jali-filigree-ring-jali-collection-31926\/\">22ct<\/a> Gold, wundersch\u00f6n erg\u00e4nzt durch eine Reihe sorgf\u00e4ltig gesetzter Zirkoniasteine, die f\u00fcr einen sanften, raffinierten Glanz sorgen. Die ausgewogenen Proportionen sorgen daf\u00fcr, dass die Ohrringe elegant am Ohr sitzen und eine zur\u00fcckhaltende Raffinesse ausstrahlen.<\/p>\n<p><strong>Handwerkliches K\u00f6nnen<\/strong><\/p>\n<p>Jeder Ohrring ist aus 22 Karat Gold fachm\u00e4nnisch gefertigt und mit viel Liebe zum Detail verarbeitet. Die Zirkoniasteine sind pr\u00e4zise gesetzt, um die Brillanz zu verst\u00e4rken und gleichzeitig ein glattes, elegantes Profil zu bewahren. Die polierten Goldkonturen spiegeln die Tradition der feinen Handwerkskunst von PureJewels wider und garantieren sowohl Sch\u00f6nheit als auch dauerhafte Qualit\u00e4t.<\/p>\n<p><strong>Stil<\/strong><\/p>\n<p>Vielseitig und zeitlos \u2013 diese Ohrstecker aus 22 Karat Gold mit Zirkonia-Swirls lassen sich m\u00fchelos vom Tag bis zum Abend tragen. Sie eignen sich perfekt f\u00fcr den Alltag, festliche Anl\u00e4sse oder als liebevolles Geschenk und passen wunderbar zu traditionellen und modernen Outfits. Ein raffinierter Ausdruck moderner Eleganz, der Ihnen viele Jahre lang Freude bereiten wird.<\/p>","protected":false},"excerpt":{"rendered":"<p>Anmutig geformte Ohrstecker mit Wirbelmuster aus leuchtendem 22-kar\u00e4tigem Gold, besetzt mit funkelnden Zirkonia-Steinen f\u00fcr raffinierte Eleganz im Alltag.<\/p>\n<ul>\n<li>22ct Gold CZ Ohrstecker<\/li>\n<li>Mit kubischen Zirkonia-Steinen<\/li>\n<li>Wt. 2.9 gms<\/li>\n<li>Alle Preise inklusive Mehrwertsteuer<\/li>\n<li>22ct Gold gestempelt von London Assay Office<\/li>\n<li>Mit Pr\u00e4sentationsbox<\/li>\n<li>Lieferung inbegriffen<\/li>\n<li>Live-Chat mit uns f\u00fcr die Verf\u00fcgbarkeit und mehr Bilder von \u00e4hnlichen Designs derzeit auf Lager<\/li>\n<\/ul>","protected":false},"featured_media":303775,"comment_status":"closed","ping_status":"closed","template":"","meta":{"_eb_attr":"","_crsspst_to_jayantr4sg-hostcom":false},"product_brand":[],"product_cat":[1229,1577,1574],"product_tag":[],"class_list":{"0":"post-302876","1":"product","2":"type-product","3":"status-publish","4":"has-post-thumbnail","6":"product_cat-22ct-gold-jewellery","7":"product_cat-stud-earrings","8":"product_cat-womens-jewellery","10":"first","11":"outofstock","12":"taxable","13":"shipping-taxable","14":"product-type-simple","15":"add-to-wishlist-before_image"},"yoast_head":"<!-- This site is optimized with the Yoast SEO plugin v27.3 - https:\/\/yoast.com\/product\/yoast-seo-wordpress\/ -->\n<title>22ct Gold CZ Swirl Stud Earrings | PureJewels London<\/title>\n<meta name=\"description\" content=\"Elegant 22ct gold swirl stud earrings set with sparkling cubic zirconia. A graceful design blending fluid form with timeless brilliance by PureJewels UK.\" \/>\n<meta name=\"robots\" content=\"index, follow, max-snippet:-1, max-image-preview:large, max-video-preview:-1\" \/>\n<link rel=\"canonical\" href=\"https:\/\/www.purejewels.com\/de\/produkt-2\/22-kt-gold-cz-ohrstecker-2\/\" \/>\n<meta property=\"og:locale\" content=\"de_DE\" \/>\n<meta property=\"og:type\" content=\"article\" \/>\n<meta property=\"og:title\" content=\"22ct Gold CZ Swirl Stud Earrings | PureJewels London\" \/>\n<meta property=\"og:description\" content=\"Elegant 22ct gold swirl stud earrings set with sparkling cubic zirconia. A graceful design blending fluid form with timeless brilliance by PureJewels UK.\" \/>\n<meta property=\"og:url\" content=\"https:\/\/www.purejewels.com\/de\/produkt-2\/22-kt-gold-cz-ohrstecker-2\/\" \/>\n<meta property=\"og:site_name\" content=\"PureJewels UK\" \/>\n<meta property=\"article:modified_time\" content=\"2025-12-23T05:35:34+00:00\" \/>\n<meta property=\"og:image\" content=\"https:\/\/static.purejewels.com\/wp-content\/uploads\/2018\/08\/26207_1-copy.png\" \/>\n\t<meta property=\"og:image:width\" content=\"1000\" \/>\n\t<meta property=\"og:image:height\" content=\"1000\" \/>\n\t<meta property=\"og:image:type\" content=\"image\/png\" \/>\n<meta name=\"twitter:card\" content=\"summary_large_image\" \/>\n<meta name=\"twitter:label1\" content=\"Gesch\u00e4tzte Lesezeit\" \/>\n\t<meta name=\"twitter:data1\" content=\"1\u00a0Minute\" \/>\n<script type=\"application\/ld+json\" class=\"yoast-schema-graph\">{\"@context\":\"https:\\\/\\\/schema.org\",\"@graph\":[{\"@type\":[\"WebPage\",\"ItemPage\"],\"@id\":\"https:\\\/\\\/www.purejewels.com\\\/product\\\/22ct-gold-cz-stud-earring-2\\\/\",\"url\":\"https:\\\/\\\/www.purejewels.com\\\/product\\\/22ct-gold-cz-stud-earring-2\\\/\",\"name\":\"22ct Gold CZ Swirl Stud Earrings | PureJewels London\",\"isPartOf\":{\"@id\":\"https:\\\/\\\/www.purejewels.com\\\/#website\"},\"primaryImageOfPage\":{\"@id\":\"https:\\\/\\\/www.purejewels.com\\\/product\\\/22ct-gold-cz-stud-earring-2\\\/#primaryimage\"},\"image\":{\"@id\":\"https:\\\/\\\/www.purejewels.com\\\/product\\\/22ct-gold-cz-stud-earring-2\\\/#primaryimage\"},\"thumbnailUrl\":\"https:\\\/\\\/static.purejewels.com\\\/wp-content\\\/uploads\\\/2018\\\/08\\\/26207_1-copy.png\",\"datePublished\":\"2018-08-28T10:24:06+00:00\",\"dateModified\":\"2025-12-23T05:35:34+00:00\",\"description\":\"Elegant 22ct gold swirl stud earrings set with sparkling cubic zirconia. A graceful design blending fluid form with timeless brilliance by PureJewels UK.\",\"breadcrumb\":{\"@id\":\"https:\\\/\\\/www.purejewels.com\\\/product\\\/22ct-gold-cz-stud-earring-2\\\/#breadcrumb\"},\"inLanguage\":\"de\",\"potentialAction\":[{\"@type\":\"ReadAction\",\"target\":[\"https:\\\/\\\/www.purejewels.com\\\/product\\\/22ct-gold-cz-stud-earring-2\\\/\"]}]},{\"@type\":\"ImageObject\",\"inLanguage\":\"de\",\"@id\":\"https:\\\/\\\/www.purejewels.com\\\/product\\\/22ct-gold-cz-stud-earring-2\\\/#primaryimage\",\"url\":\"https:\\\/\\\/static.purejewels.com\\\/wp-content\\\/uploads\\\/2018\\\/08\\\/26207_1-copy.png\",\"contentUrl\":\"https:\\\/\\\/static.purejewels.com\\\/wp-content\\\/uploads\\\/2018\\\/08\\\/26207_1-copy.png\",\"width\":1000,\"height\":1000,\"caption\":\"26207_1 copy\"},{\"@type\":\"BreadcrumbList\",\"@id\":\"https:\\\/\\\/www.purejewels.com\\\/product\\\/22ct-gold-cz-stud-earring-2\\\/#breadcrumb\",\"itemListElement\":[{\"@type\":\"ListItem\",\"position\":1,\"name\":\"Home\",\"item\":\"https:\\\/\\\/www.purejewels.com\\\/\"},{\"@type\":\"ListItem\",\"position\":2,\"name\":\"Shop\",\"item\":\"https:\\\/\\\/www.purejewels.com\\\/shop\\\/\"},{\"@type\":\"ListItem\",\"position\":3,\"name\":\"22ct Gold CZ Swirl Stud Earrings\"}]},{\"@type\":\"WebSite\",\"@id\":\"https:\\\/\\\/www.purejewels.com\\\/#website\",\"url\":\"https:\\\/\\\/www.purejewels.com\\\/\",\"name\":\"PureJewels UK\",\"description\":\"Share the Love\",\"publisher\":{\"@id\":\"https:\\\/\\\/www.purejewels.com\\\/#organization\"},\"potentialAction\":[{\"@type\":\"SearchAction\",\"target\":{\"@type\":\"EntryPoint\",\"urlTemplate\":\"https:\\\/\\\/www.purejewels.com\\\/?s={search_term_string}\"},\"query-input\":{\"@type\":\"PropertyValueSpecification\",\"valueRequired\":true,\"valueName\":\"search_term_string\"}}],\"inLanguage\":\"de\"},{\"@type\":\"Organization\",\"@id\":\"https:\\\/\\\/www.purejewels.com\\\/#organization\",\"name\":\"PureJewels UK\",\"url\":\"https:\\\/\\\/www.purejewels.com\\\/\",\"logo\":{\"@type\":\"ImageObject\",\"inLanguage\":\"de\",\"@id\":\"https:\\\/\\\/www.purejewels.com\\\/#\\\/schema\\\/logo\\\/image\\\/\",\"url\":\"https:\\\/\\\/static.purejewels.com\\\/wp-content\\\/uploads\\\/2020\\\/11\\\/Logo-PJ-New-1.png\",\"contentUrl\":\"https:\\\/\\\/static.purejewels.com\\\/wp-content\\\/uploads\\\/2020\\\/11\\\/Logo-PJ-New-1.png\",\"width\":150,\"height\":80,\"caption\":\"PureJewels UK\"},\"image\":{\"@id\":\"https:\\\/\\\/www.purejewels.com\\\/#\\\/schema\\\/logo\\\/image\\\/\"}}]}<\/script>\n<!-- \/ Yoast SEO plugin. -->","yoast_head_json":{"title":"22 Karat Gold CZ Swirl Ohrstecker | PureJewels London","description":"Elegante Ohrstecker aus 22 Karat Gold mit funkelnden Zirkonia-Steinen. Ein anmutiges Design, das flie\u00dfende Formen mit zeitloser Brillanz verbindet, von PureJewels UK.","robots":{"index":"index","follow":"follow","max-snippet":"max-snippet:-1","max-image-preview":"max-image-preview:large","max-video-preview":"max-video-preview:-1"},"canonical":"https:\/\/www.purejewels.com\/de\/produkt-2\/22-kt-gold-cz-ohrstecker-2\/","og_locale":"de_DE","og_type":"article","og_title":"22ct Gold CZ Swirl Stud Earrings | PureJewels London","og_description":"Elegant 22ct gold swirl stud earrings set with sparkling cubic zirconia. A graceful design blending fluid form with timeless brilliance by PureJewels UK.","og_url":"https:\/\/www.purejewels.com\/de\/produkt-2\/22-kt-gold-cz-ohrstecker-2\/","og_site_name":"PureJewels UK","article_modified_time":"2025-12-23T05:35:34+00:00","og_image":[{"width":1000,"height":1000,"url":"https:\/\/static.purejewels.com\/wp-content\/uploads\/2018\/08\/26207_1-copy.png","type":"image\/png"}],"twitter_card":"summary_large_image","twitter_misc":{"Gesch\u00e4tzte Lesezeit":"1\u00a0Minute"},"schema":{"@context":"https:\/\/schema.org","@graph":[{"@type":["WebPage","ItemPage"],"@id":"https:\/\/www.purejewels.com\/product\/22ct-gold-cz-stud-earring-2\/","url":"https:\/\/www.purejewels.com\/product\/22ct-gold-cz-stud-earring-2\/","name":"22 Karat Gold CZ Swirl Ohrstecker | PureJewels London","isPartOf":{"@id":"https:\/\/www.purejewels.com\/#website"},"primaryImageOfPage":{"@id":"https:\/\/www.purejewels.com\/product\/22ct-gold-cz-stud-earring-2\/#primaryimage"},"image":{"@id":"https:\/\/www.purejewels.com\/product\/22ct-gold-cz-stud-earring-2\/#primaryimage"},"thumbnailUrl":"https:\/\/static.purejewels.com\/wp-content\/uploads\/2018\/08\/26207_1-copy.png","datePublished":"2018-08-28T10:24:06+00:00","dateModified":"2025-12-23T05:35:34+00:00","description":"Elegante Ohrstecker aus 22 Karat Gold mit funkelnden Zirkonia-Steinen. Ein anmutiges Design, das flie\u00dfende Formen mit zeitloser Brillanz verbindet, von PureJewels UK.","breadcrumb":{"@id":"https:\/\/www.purejewels.com\/product\/22ct-gold-cz-stud-earring-2\/#breadcrumb"},"inLanguage":"de","potentialAction":[{"@type":"ReadAction","target":["https:\/\/www.purejewels.com\/product\/22ct-gold-cz-stud-earring-2\/"]}]},{"@type":"ImageObject","inLanguage":"de","@id":"https:\/\/www.purejewels.com\/product\/22ct-gold-cz-stud-earring-2\/#primaryimage","url":"https:\/\/static.purejewels.com\/wp-content\/uploads\/2018\/08\/26207_1-copy.png","contentUrl":"https:\/\/static.purejewels.com\/wp-content\/uploads\/2018\/08\/26207_1-copy.png","width":1000,"height":1000,"caption":"26207_1 copy"},{"@type":"BreadcrumbList","@id":"https:\/\/www.purejewels.com\/product\/22ct-gold-cz-stud-earring-2\/#breadcrumb","itemListElement":[{"@type":"ListItem","position":1,"name":"Home","item":"https:\/\/www.purejewels.com\/"},{"@type":"ListItem","position":2,"name":"Shop","item":"https:\/\/www.purejewels.com\/shop\/"},{"@type":"ListItem","position":3,"name":"22ct Gold CZ Swirl Stud Earrings"}]},{"@type":"WebSite","@id":"https:\/\/www.purejewels.com\/#website","url":"https:\/\/www.purejewels.com\/","name":"PureJewels UK","description":"Teile die Liebe","publisher":{"@id":"https:\/\/www.purejewels.com\/#organization"},"potentialAction":[{"@type":"SearchAction","target":{"@type":"EntryPoint","urlTemplate":"https:\/\/www.purejewels.com\/?s={search_term_string}"},"query-input":{"@type":"PropertyValueSpecification","valueRequired":true,"valueName":"search_term_string"}}],"inLanguage":"de"},{"@type":"Organization","@id":"https:\/\/www.purejewels.com\/#organization","name":"PureJewels UK","url":"https:\/\/www.purejewels.com\/","logo":{"@type":"ImageObject","inLanguage":"de","@id":"https:\/\/www.purejewels.com\/#\/schema\/logo\/image\/","url":"https:\/\/static.purejewels.com\/wp-content\/uploads\/2020\/11\/Logo-PJ-New-1.png","contentUrl":"https:\/\/static.purejewels.com\/wp-content\/uploads\/2020\/11\/Logo-PJ-New-1.png","width":150,"height":80,"caption":"PureJewels UK"},"image":{"@id":"https:\/\/www.purejewels.com\/#\/schema\/logo\/image\/"}}]}},"_links":{"self":[{"href":"https:\/\/www.purejewels.com\/de\/wp-json\/wp\/v2\/product\/302876","targetHints":{"allow":["GET"]}}],"collection":[{"href":"https:\/\/www.purejewels.com\/de\/wp-json\/wp\/v2\/product"}],"about":[{"href":"https:\/\/www.purejewels.com\/de\/wp-json\/wp\/v2\/types\/product"}],"replies":[{"embeddable":true,"href":"https:\/\/www.purejewels.com\/de\/wp-json\/wp\/v2\/comments?post=302876"}],"version-history":[{"count":2,"href":"https:\/\/www.purejewels.com\/de\/wp-json\/wp\/v2\/product\/302876\/revisions"}],"predecessor-version":[{"id":423730,"href":"https:\/\/www.purejewels.com\/de\/wp-json\/wp\/v2\/product\/302876\/revisions\/423730"}],"wp:featuredmedia":[{"embeddable":true,"href":"https:\/\/www.purejewels.com\/de\/wp-json\/wp\/v2\/media\/303775"}],"wp:attachment":[{"href":"https:\/\/www.purejewels.com\/de\/wp-json\/wp\/v2\/media?parent=302876"}],"wp:term":[{"taxonomy":"product_brand","embeddable":true,"href":"https:\/\/www.purejewels.com\/de\/wp-json\/wp\/v2\/product_brand?post=302876"},{"taxonomy":"product_cat","embeddable":true,"href":"https:\/\/www.purejewels.com\/de\/wp-json\/wp\/v2\/product_cat?post=302876"},{"taxonomy":"product_tag","embeddable":true,"href":"https:\/\/www.purejewels.com\/de\/wp-json\/wp\/v2\/product_tag?post=302876"}],"curies":[{"name":"wp","href":"https:\/\/api.w.org\/{rel}","templated":true}]}}