{"id":302974,"date":"2018-09-03T06:25:00","date_gmt":"2018-09-03T05:25:00","guid":{"rendered":"https:\/\/www.purejewels.com\/?post_type=product&#038;p=302974"},"modified":"2025-12-16T13:29:00","modified_gmt":"2025-12-16T13:29:00","slug":"diamantnadel-aus-18-karat-gelbgold-2","status":"publish","type":"product","link":"https:\/\/www.purejewels.com\/de\/product\/18ct-yellow-gold-diamond-nose-pin-2\/","title":{"rendered":"18 Karat Gelbgold-Diamant-Nasenstecker"},"content":{"rendered":"<p>Strahlend, raffiniert und m\u00fchelos anmutig.<\/p>\n<p>Dieses 18 Karat Gelbgold <a href=\"https:\/\/www.purejewels.com\/de\/product\/18ct-white-gold-diamond-nose-stud-uk-34153\/\">Diamant-Nasenstift<\/a> ist f\u00fcr diejenigen gedacht, die klassische Sch\u00f6nheit mit einem zeitgem\u00e4\u00dfen Touch sch\u00e4tzen. Dieses St\u00fcck mit seinem sanft geschwungenen Profil ist mit einer Reihe funkelnder runder Diamanten im Pav\u00e9-Setting besetzt, die eine elegante Linie aus Brillanz bilden, die jeden Ausdruck unterstreicht.<\/p>\n<p>Das aus 18 Karat Gelbgold gefertigte und in Gro\u00dfbritannien punzierte Design verbindet Komfort mit Raffinesse \u2013 ideal f\u00fcr den Alltag oder festliche Anl\u00e4sse. Es ist ein dezentes und dennoch auff\u00e4lliges Accessoire, das Ihren Look mit einem Hauch von Luxus abrundet.<\/p>","protected":false},"excerpt":{"rendered":"<p>Eine elegante Nasenklammer aus 18 Karat Gelbgold mit einer sanften Kurve und funkelnden Diamanten in Pav\u00e9-Fassung. Handgefertigt in Gro\u00dfbritannien f\u00fcr Tragekomfort, Brillanz und zeitlosen Charme.<\/p>\n<ul>\n<li>Diamond Nose pin de<\/li>\n<li>Aus 18kt Gelbgold<\/li>\n<li>Nasenschmuck f\u00fcr den allt\u00e4glichen Gebrauch<\/li>\n<li>mit nat\u00fcrlichen Diamanten im runden Brillantschliff<\/li>\n<li>Anzahl der Diamanten. 6<\/li>\n<li>Gewicht der Diamanten 0,06 Karat<\/li>\n<li>Gesamtgewicht: 0,47 g<\/li>\n<li>Rohrdicke. 1 mm\n<ul>\n<li>Diamant Reinheit.  VVS<\/li>\n<li>Farbe des Diamanten.  G - H<\/li>\n<\/ul>\n<\/li>\n<li>Zertifikat Nr.\u00a0\u00a0<strong>SGLJ332723G<\/strong><\/li>\n<li>SKU. 28103<\/li>\n<li>Alle Preise inklusive Mehrwertsteuer<\/li>\n<li>Mit Pr\u00e4sentationsbox<\/li>\n<li>Lieferung inbegriffen<\/li>\n<li>Entdecken Sie unsere Kollektion von Diamant-Nasensteckern<\/li>\n<li>Kontaktieren Sie uns\/Live-Chat mit uns f\u00fcr ein Video des Produkts<\/li>\n<\/ul>","protected":false},"featured_media":302976,"comment_status":"closed","ping_status":"closed","template":"","meta":{"_eb_attr":"","_crsspst_to_jayantr4sg-hostcom":false},"product_brand":[],"product_cat":[1530,1574],"product_tag":[],"class_list":{"0":"post-302974","1":"product","2":"type-product","3":"status-publish","4":"has-post-thumbnail","6":"product_cat-diamond-nose-pin","7":"product_cat-womens-jewellery","9":"first","10":"outofstock","11":"taxable","12":"shipping-taxable","13":"product-type-simple","14":"add-to-wishlist-before_image"},"yoast_head":"<!-- This site is optimized with the Yoast SEO plugin v27.3 - https:\/\/yoast.com\/product\/yoast-seo-wordpress\/ -->\n<title>18kt Yellow Gold Diamond Nose Pin | PureJewels UK<\/title>\n<meta name=\"description\" content=\"Discover our 18kt Yellow Gold Diamond Nose Pin, handcrafted in the UK. A curved design encrusted with pav\u00e9 diamonds \u2014 timeless elegance with everyday comfort.\" \/>\n<meta name=\"robots\" content=\"index, follow, max-snippet:-1, max-image-preview:large, max-video-preview:-1\" \/>\n<link rel=\"canonical\" href=\"https:\/\/www.purejewels.com\/de\/produkt-2\/diamantnadel-aus-18-karat-gelbgold-2\/\" \/>\n<meta property=\"og:locale\" content=\"de_DE\" \/>\n<meta property=\"og:type\" content=\"article\" \/>\n<meta property=\"og:title\" content=\"18kt Yellow Gold Diamond Nose Pin | PureJewels UK\" \/>\n<meta property=\"og:description\" content=\"Discover our 18kt Yellow Gold Diamond Nose Pin, handcrafted in the UK. A curved design encrusted with pav\u00e9 diamonds \u2014 timeless elegance with everyday comfort.\" \/>\n<meta property=\"og:url\" content=\"https:\/\/www.purejewels.com\/de\/produkt-2\/diamantnadel-aus-18-karat-gelbgold-2\/\" \/>\n<meta property=\"og:site_name\" content=\"PureJewels UK\" \/>\n<meta property=\"article:modified_time\" content=\"2025-12-16T13:29:00+00:00\" \/>\n<meta property=\"og:image\" content=\"https:\/\/static.purejewels.com\/wp-content\/uploads\/2018\/09\/28103-2.png\" \/>\n\t<meta property=\"og:image:width\" content=\"1000\" \/>\n\t<meta property=\"og:image:height\" content=\"1000\" \/>\n\t<meta property=\"og:image:type\" content=\"image\/png\" \/>\n<meta name=\"twitter:card\" content=\"summary_large_image\" \/>\n<meta name=\"twitter:label1\" content=\"Gesch\u00e4tzte Lesezeit\" \/>\n\t<meta name=\"twitter:data1\" content=\"1\u00a0Minute\" \/>\n<script type=\"application\/ld+json\" class=\"yoast-schema-graph\">{\"@context\":\"https:\\\/\\\/schema.org\",\"@graph\":[{\"@type\":[\"WebPage\",\"ItemPage\"],\"@id\":\"https:\\\/\\\/www.purejewels.com\\\/product\\\/18ct-yellow-gold-diamond-nose-pin-2\\\/\",\"url\":\"https:\\\/\\\/www.purejewels.com\\\/product\\\/18ct-yellow-gold-diamond-nose-pin-2\\\/\",\"name\":\"18kt Yellow Gold Diamond Nose Pin | PureJewels UK\",\"isPartOf\":{\"@id\":\"https:\\\/\\\/www.purejewels.com\\\/#website\"},\"primaryImageOfPage\":{\"@id\":\"https:\\\/\\\/www.purejewels.com\\\/product\\\/18ct-yellow-gold-diamond-nose-pin-2\\\/#primaryimage\"},\"image\":{\"@id\":\"https:\\\/\\\/www.purejewels.com\\\/product\\\/18ct-yellow-gold-diamond-nose-pin-2\\\/#primaryimage\"},\"thumbnailUrl\":\"https:\\\/\\\/static.purejewels.com\\\/wp-content\\\/uploads\\\/2018\\\/09\\\/28103-2.png\",\"datePublished\":\"2018-09-03T05:25:00+00:00\",\"dateModified\":\"2025-12-16T13:29:00+00:00\",\"description\":\"Discover our 18kt Yellow Gold Diamond Nose Pin, handcrafted in the UK. A curved design encrusted with pav\u00e9 diamonds \u2014 timeless elegance with everyday comfort.\",\"breadcrumb\":{\"@id\":\"https:\\\/\\\/www.purejewels.com\\\/product\\\/18ct-yellow-gold-diamond-nose-pin-2\\\/#breadcrumb\"},\"inLanguage\":\"de\",\"potentialAction\":[{\"@type\":\"ReadAction\",\"target\":[\"https:\\\/\\\/www.purejewels.com\\\/product\\\/18ct-yellow-gold-diamond-nose-pin-2\\\/\"]}]},{\"@type\":\"ImageObject\",\"inLanguage\":\"de\",\"@id\":\"https:\\\/\\\/www.purejewels.com\\\/product\\\/18ct-yellow-gold-diamond-nose-pin-2\\\/#primaryimage\",\"url\":\"https:\\\/\\\/static.purejewels.com\\\/wp-content\\\/uploads\\\/2018\\\/09\\\/28103-2.png\",\"contentUrl\":\"https:\\\/\\\/static.purejewels.com\\\/wp-content\\\/uploads\\\/2018\\\/09\\\/28103-2.png\",\"width\":1000,\"height\":1000,\"caption\":\"28103-2\"},{\"@type\":\"BreadcrumbList\",\"@id\":\"https:\\\/\\\/www.purejewels.com\\\/product\\\/18ct-yellow-gold-diamond-nose-pin-2\\\/#breadcrumb\",\"itemListElement\":[{\"@type\":\"ListItem\",\"position\":1,\"name\":\"Home\",\"item\":\"https:\\\/\\\/www.purejewels.com\\\/\"},{\"@type\":\"ListItem\",\"position\":2,\"name\":\"Shop\",\"item\":\"https:\\\/\\\/www.purejewels.com\\\/shop\\\/\"},{\"@type\":\"ListItem\",\"position\":3,\"name\":\"18kt Yellow Gold Diamond Nose Pin\"}]},{\"@type\":\"WebSite\",\"@id\":\"https:\\\/\\\/www.purejewels.com\\\/#website\",\"url\":\"https:\\\/\\\/www.purejewels.com\\\/\",\"name\":\"PureJewels UK\",\"description\":\"Share the Love\",\"publisher\":{\"@id\":\"https:\\\/\\\/www.purejewels.com\\\/#organization\"},\"potentialAction\":[{\"@type\":\"SearchAction\",\"target\":{\"@type\":\"EntryPoint\",\"urlTemplate\":\"https:\\\/\\\/www.purejewels.com\\\/?s={search_term_string}\"},\"query-input\":{\"@type\":\"PropertyValueSpecification\",\"valueRequired\":true,\"valueName\":\"search_term_string\"}}],\"inLanguage\":\"de\"},{\"@type\":\"Organization\",\"@id\":\"https:\\\/\\\/www.purejewels.com\\\/#organization\",\"name\":\"PureJewels UK\",\"url\":\"https:\\\/\\\/www.purejewels.com\\\/\",\"logo\":{\"@type\":\"ImageObject\",\"inLanguage\":\"de\",\"@id\":\"https:\\\/\\\/www.purejewels.com\\\/#\\\/schema\\\/logo\\\/image\\\/\",\"url\":\"https:\\\/\\\/static.purejewels.com\\\/wp-content\\\/uploads\\\/2020\\\/11\\\/Logo-PJ-New-1.png\",\"contentUrl\":\"https:\\\/\\\/static.purejewels.com\\\/wp-content\\\/uploads\\\/2020\\\/11\\\/Logo-PJ-New-1.png\",\"width\":150,\"height\":80,\"caption\":\"PureJewels UK\"},\"image\":{\"@id\":\"https:\\\/\\\/www.purejewels.com\\\/#\\\/schema\\\/logo\\\/image\\\/\"}}]}<\/script>\n<!-- \/ Yoast SEO plugin. -->","yoast_head_json":{"title":"18 Karat Gelbgold-Diamant-Nasenstecker | PureJewels UK","description":"Entdecken Sie unseren Nasenstecker aus 18 Karat Gelbgold mit Diamanten, handgefertigt in Gro\u00dfbritannien. Ein geschwungenes Design, besetzt mit Pav\u00e9-Diamanten \u2013 zeitlose Eleganz mit Tragekomfort f\u00fcr jeden Tag.","robots":{"index":"index","follow":"follow","max-snippet":"max-snippet:-1","max-image-preview":"max-image-preview:large","max-video-preview":"max-video-preview:-1"},"canonical":"https:\/\/www.purejewels.com\/de\/produkt-2\/diamantnadel-aus-18-karat-gelbgold-2\/","og_locale":"de_DE","og_type":"article","og_title":"18kt Yellow Gold Diamond Nose Pin | PureJewels UK","og_description":"Discover our 18kt Yellow Gold Diamond Nose Pin, handcrafted in the UK. A curved design encrusted with pav\u00e9 diamonds \u2014 timeless elegance with everyday comfort.","og_url":"https:\/\/www.purejewels.com\/de\/produkt-2\/diamantnadel-aus-18-karat-gelbgold-2\/","og_site_name":"PureJewels UK","article_modified_time":"2025-12-16T13:29:00+00:00","og_image":[{"width":1000,"height":1000,"url":"https:\/\/static.purejewels.com\/wp-content\/uploads\/2018\/09\/28103-2.png","type":"image\/png"}],"twitter_card":"summary_large_image","twitter_misc":{"Gesch\u00e4tzte Lesezeit":"1\u00a0Minute"},"schema":{"@context":"https:\/\/schema.org","@graph":[{"@type":["WebPage","ItemPage"],"@id":"https:\/\/www.purejewels.com\/product\/18ct-yellow-gold-diamond-nose-pin-2\/","url":"https:\/\/www.purejewels.com\/product\/18ct-yellow-gold-diamond-nose-pin-2\/","name":"18 Karat Gelbgold-Diamant-Nasenstecker | PureJewels UK","isPartOf":{"@id":"https:\/\/www.purejewels.com\/#website"},"primaryImageOfPage":{"@id":"https:\/\/www.purejewels.com\/product\/18ct-yellow-gold-diamond-nose-pin-2\/#primaryimage"},"image":{"@id":"https:\/\/www.purejewels.com\/product\/18ct-yellow-gold-diamond-nose-pin-2\/#primaryimage"},"thumbnailUrl":"https:\/\/static.purejewels.com\/wp-content\/uploads\/2018\/09\/28103-2.png","datePublished":"2018-09-03T05:25:00+00:00","dateModified":"2025-12-16T13:29:00+00:00","description":"Entdecken Sie unseren Nasenstecker aus 18 Karat Gelbgold mit Diamanten, handgefertigt in Gro\u00dfbritannien. Ein geschwungenes Design, besetzt mit Pav\u00e9-Diamanten \u2013 zeitlose Eleganz mit Tragekomfort f\u00fcr jeden Tag.","breadcrumb":{"@id":"https:\/\/www.purejewels.com\/product\/18ct-yellow-gold-diamond-nose-pin-2\/#breadcrumb"},"inLanguage":"de","potentialAction":[{"@type":"ReadAction","target":["https:\/\/www.purejewels.com\/product\/18ct-yellow-gold-diamond-nose-pin-2\/"]}]},{"@type":"ImageObject","inLanguage":"de","@id":"https:\/\/www.purejewels.com\/product\/18ct-yellow-gold-diamond-nose-pin-2\/#primaryimage","url":"https:\/\/static.purejewels.com\/wp-content\/uploads\/2018\/09\/28103-2.png","contentUrl":"https:\/\/static.purejewels.com\/wp-content\/uploads\/2018\/09\/28103-2.png","width":1000,"height":1000,"caption":"28103-2"},{"@type":"BreadcrumbList","@id":"https:\/\/www.purejewels.com\/product\/18ct-yellow-gold-diamond-nose-pin-2\/#breadcrumb","itemListElement":[{"@type":"ListItem","position":1,"name":"Home","item":"https:\/\/www.purejewels.com\/"},{"@type":"ListItem","position":2,"name":"Shop","item":"https:\/\/www.purejewels.com\/shop\/"},{"@type":"ListItem","position":3,"name":"18kt Yellow Gold Diamond Nose Pin"}]},{"@type":"WebSite","@id":"https:\/\/www.purejewels.com\/#website","url":"https:\/\/www.purejewels.com\/","name":"PureJewels UK","description":"Teile die Liebe","publisher":{"@id":"https:\/\/www.purejewels.com\/#organization"},"potentialAction":[{"@type":"SearchAction","target":{"@type":"EntryPoint","urlTemplate":"https:\/\/www.purejewels.com\/?s={search_term_string}"},"query-input":{"@type":"PropertyValueSpecification","valueRequired":true,"valueName":"search_term_string"}}],"inLanguage":"de"},{"@type":"Organization","@id":"https:\/\/www.purejewels.com\/#organization","name":"PureJewels UK","url":"https:\/\/www.purejewels.com\/","logo":{"@type":"ImageObject","inLanguage":"de","@id":"https:\/\/www.purejewels.com\/#\/schema\/logo\/image\/","url":"https:\/\/static.purejewels.com\/wp-content\/uploads\/2020\/11\/Logo-PJ-New-1.png","contentUrl":"https:\/\/static.purejewels.com\/wp-content\/uploads\/2020\/11\/Logo-PJ-New-1.png","width":150,"height":80,"caption":"PureJewels UK"},"image":{"@id":"https:\/\/www.purejewels.com\/#\/schema\/logo\/image\/"}}]}},"_links":{"self":[{"href":"https:\/\/www.purejewels.com\/de\/wp-json\/wp\/v2\/product\/302974","targetHints":{"allow":["GET"]}}],"collection":[{"href":"https:\/\/www.purejewels.com\/de\/wp-json\/wp\/v2\/product"}],"about":[{"href":"https:\/\/www.purejewels.com\/de\/wp-json\/wp\/v2\/types\/product"}],"replies":[{"embeddable":true,"href":"https:\/\/www.purejewels.com\/de\/wp-json\/wp\/v2\/comments?post=302974"}],"version-history":[{"count":3,"href":"https:\/\/www.purejewels.com\/de\/wp-json\/wp\/v2\/product\/302974\/revisions"}],"predecessor-version":[{"id":423236,"href":"https:\/\/www.purejewels.com\/de\/wp-json\/wp\/v2\/product\/302974\/revisions\/423236"}],"wp:featuredmedia":[{"embeddable":true,"href":"https:\/\/www.purejewels.com\/de\/wp-json\/wp\/v2\/media\/302976"}],"wp:attachment":[{"href":"https:\/\/www.purejewels.com\/de\/wp-json\/wp\/v2\/media?parent=302974"}],"wp:term":[{"taxonomy":"product_brand","embeddable":true,"href":"https:\/\/www.purejewels.com\/de\/wp-json\/wp\/v2\/product_brand?post=302974"},{"taxonomy":"product_cat","embeddable":true,"href":"https:\/\/www.purejewels.com\/de\/wp-json\/wp\/v2\/product_cat?post=302974"},{"taxonomy":"product_tag","embeddable":true,"href":"https:\/\/www.purejewels.com\/de\/wp-json\/wp\/v2\/product_tag?post=302974"}],"curies":[{"name":"wp","href":"https:\/\/api.w.org\/{rel}","templated":true}]}}