{"id":303221,"date":"2018-09-18T11:06:01","date_gmt":"2018-09-18T10:06:01","guid":{"rendered":"https:\/\/www.purejewels.com\/?post_type=product&#038;p=303221"},"modified":"2026-01-06T11:16:07","modified_gmt":"2026-01-06T11:16:07","slug":"22ct-indisches-gold-damenring-27592","status":"publish","type":"product","link":"https:\/\/www.purejewels.com\/de\/product\/22ct-indian-gold-ladies-ring-27592\/","title":{"rendered":"22 Karat Gold Grand Leaf Filigranring"},"content":{"rendered":"<p>Entdecken Sie Eleganz mit dem 22 Karat Gold Grand Leaf Filigree Ring, einem atemberaubenden Schmuckst\u00fcck, das von der Natur und Tradition inspiriert ist. Dieser Ring aus strahlendem Gelbgold besticht durch sein auff\u00e4lliges Blattdesign, das mit exquisiten Filigran-Details und feinen Texturen verziert ist. Das breite und kunstvolle Muster sitzt wundersch\u00f6n am Finger und macht ihn zur perfekten Wahl f\u00fcr Br\u00e4ute, festliche Anl\u00e4sse oder alle, die luxuri\u00f6sen Goldschmuck mit traditionellem Charme lieben. Sein verstellbarer Verschluss sorgt f\u00fcr einen bequemen Sitz f\u00fcr den t\u00e4glichen Glamour oder besondere Anl\u00e4sse.<\/p>","protected":false},"excerpt":{"rendered":"<p>Hinterlassen Sie einen bleibenden Eindruck mit diesem filigranen Ring aus 22 Karat Gold mit gro\u00dfem Blattmotiv. Mit seiner detailreichen Filigranarbeit und dem gro\u00dfen Blattmotiv eignet er sich perfekt f\u00fcr Brautmode oder festliche Outfits.<\/p>\n<ul>\n<li>22ct Gold Damenring mit filigranem Design<\/li>\n<li>In der Gr\u00f6\u00dfe verstellbar<\/li>\n<li>Ring-Gewicht 6,6 g<\/li>\n<li>22ct Gold gestempelt von London Assay Office<\/li>\n<li>Mit Pr\u00e4sentationsbox<\/li>\n<li>Lieferung inbegriffen<\/li>\n<li>Alle Preise inklusive Mehrwertsteuer<\/li>\n<li>Live-Chat mit uns f\u00fcr die Verf\u00fcgbarkeit und mehr Bilder von \u00e4hnlichen Designs derzeit auf Lager<\/li>\n<\/ul>","protected":false},"featured_media":314244,"comment_status":"closed","ping_status":"closed","template":"","meta":{"_eb_attr":"","_crsspst_to_jayantr4sg-hostcom":true},"product_brand":[],"product_cat":[236,1229,1235,252,1786,1574],"product_tag":[],"class_list":{"0":"post-303221","1":"product","2":"type-product","3":"status-publish","4":"has-post-thumbnail","6":"product_cat-collections","7":"product_cat-22ct-gold-jewellery","8":"product_cat-gold-rings","9":"product_cat-jali-collections","10":"product_cat-occasional-wear-rings","11":"product_cat-womens-jewellery","13":"first","14":"outofstock","15":"sale","16":"taxable","17":"shipping-taxable","18":"product-type-simple","19":"add-to-wishlist-before_image"},"yoast_head":"<!-- This site is optimized with the Yoast SEO plugin v27.3 - https:\/\/yoast.com\/product\/yoast-seo-wordpress\/ -->\n<title>Elegant 22ct Gold Filigree Leaf Ring for Women<\/title>\n<meta name=\"description\" content=\"Shop this 22ct gold grand leaf ring crafted with intricate filigree work. A bold, traditional statement piece perfect for weddings and festive occasions.\" \/>\n<meta name=\"robots\" content=\"index, follow, max-snippet:-1, max-image-preview:large, max-video-preview:-1\" \/>\n<link rel=\"canonical\" href=\"https:\/\/www.purejewels.com\/de\/produkt-2\/22ct-indisches-gold-damenring-27592\/\" \/>\n<meta property=\"og:locale\" content=\"de_DE\" \/>\n<meta property=\"og:type\" content=\"article\" \/>\n<meta property=\"og:title\" content=\"Elegant 22ct Gold Filigree Leaf Ring for Women\" \/>\n<meta property=\"og:description\" content=\"Shop this 22ct gold grand leaf ring crafted with intricate filigree work. A bold, traditional statement piece perfect for weddings and festive occasions.\" \/>\n<meta property=\"og:url\" content=\"https:\/\/www.purejewels.com\/de\/produkt-2\/22ct-indisches-gold-damenring-27592\/\" \/>\n<meta property=\"og:site_name\" content=\"PureJewels UK\" \/>\n<meta property=\"article:modified_time\" content=\"2026-01-06T11:16:07+00:00\" \/>\n<meta property=\"og:image\" content=\"https:\/\/static.purejewels.com\/wp-content\/uploads\/2020\/05\/135705069.png\" \/>\n\t<meta property=\"og:image:width\" content=\"1000\" \/>\n\t<meta property=\"og:image:height\" content=\"1000\" \/>\n\t<meta property=\"og:image:type\" content=\"image\/png\" \/>\n<meta name=\"twitter:card\" content=\"summary_large_image\" \/>\n<meta name=\"twitter:label1\" content=\"Gesch\u00e4tzte Lesezeit\" \/>\n\t<meta name=\"twitter:data1\" content=\"1\u00a0Minute\" \/>\n<script type=\"application\/ld+json\" class=\"yoast-schema-graph\">{\"@context\":\"https:\\\/\\\/schema.org\",\"@graph\":[{\"@type\":[\"WebPage\",\"ItemPage\"],\"@id\":\"https:\\\/\\\/www.purejewels.com\\\/product\\\/22ct-indian-gold-ladies-ring-27592\\\/\",\"url\":\"https:\\\/\\\/www.purejewels.com\\\/product\\\/22ct-indian-gold-ladies-ring-27592\\\/\",\"name\":\"Elegant 22ct Gold Filigree Leaf Ring for Women\",\"isPartOf\":{\"@id\":\"https:\\\/\\\/www.purejewels.com\\\/#website\"},\"primaryImageOfPage\":{\"@id\":\"https:\\\/\\\/www.purejewels.com\\\/product\\\/22ct-indian-gold-ladies-ring-27592\\\/#primaryimage\"},\"image\":{\"@id\":\"https:\\\/\\\/www.purejewels.com\\\/product\\\/22ct-indian-gold-ladies-ring-27592\\\/#primaryimage\"},\"thumbnailUrl\":\"https:\\\/\\\/static.purejewels.com\\\/wp-content\\\/uploads\\\/2020\\\/05\\\/135705069.png\",\"datePublished\":\"2018-09-18T10:06:01+00:00\",\"dateModified\":\"2026-01-06T11:16:07+00:00\",\"description\":\"Shop this 22ct gold grand leaf ring crafted with intricate filigree work. A bold, traditional statement piece perfect for weddings and festive occasions.\",\"breadcrumb\":{\"@id\":\"https:\\\/\\\/www.purejewels.com\\\/product\\\/22ct-indian-gold-ladies-ring-27592\\\/#breadcrumb\"},\"inLanguage\":\"de\",\"potentialAction\":[{\"@type\":\"ReadAction\",\"target\":[\"https:\\\/\\\/www.purejewels.com\\\/product\\\/22ct-indian-gold-ladies-ring-27592\\\/\"]}]},{\"@type\":\"ImageObject\",\"inLanguage\":\"de\",\"@id\":\"https:\\\/\\\/www.purejewels.com\\\/product\\\/22ct-indian-gold-ladies-ring-27592\\\/#primaryimage\",\"url\":\"https:\\\/\\\/static.purejewels.com\\\/wp-content\\\/uploads\\\/2020\\\/05\\\/135705069.png\",\"contentUrl\":\"https:\\\/\\\/static.purejewels.com\\\/wp-content\\\/uploads\\\/2020\\\/05\\\/135705069.png\",\"width\":1000,\"height\":1000,\"caption\":\"22ct Gold Grand Leaf Filigree Ring\"},{\"@type\":\"BreadcrumbList\",\"@id\":\"https:\\\/\\\/www.purejewels.com\\\/product\\\/22ct-indian-gold-ladies-ring-27592\\\/#breadcrumb\",\"itemListElement\":[{\"@type\":\"ListItem\",\"position\":1,\"name\":\"Home\",\"item\":\"https:\\\/\\\/www.purejewels.com\\\/\"},{\"@type\":\"ListItem\",\"position\":2,\"name\":\"Shop\",\"item\":\"https:\\\/\\\/www.purejewels.com\\\/shop\\\/\"},{\"@type\":\"ListItem\",\"position\":3,\"name\":\"22ct Gold Grand Leaf Filigree Ring\"}]},{\"@type\":\"WebSite\",\"@id\":\"https:\\\/\\\/www.purejewels.com\\\/#website\",\"url\":\"https:\\\/\\\/www.purejewels.com\\\/\",\"name\":\"PureJewels UK\",\"description\":\"Share the Love\",\"publisher\":{\"@id\":\"https:\\\/\\\/www.purejewels.com\\\/#organization\"},\"potentialAction\":[{\"@type\":\"SearchAction\",\"target\":{\"@type\":\"EntryPoint\",\"urlTemplate\":\"https:\\\/\\\/www.purejewels.com\\\/?s={search_term_string}\"},\"query-input\":{\"@type\":\"PropertyValueSpecification\",\"valueRequired\":true,\"valueName\":\"search_term_string\"}}],\"inLanguage\":\"de\"},{\"@type\":\"Organization\",\"@id\":\"https:\\\/\\\/www.purejewels.com\\\/#organization\",\"name\":\"PureJewels UK\",\"url\":\"https:\\\/\\\/www.purejewels.com\\\/\",\"logo\":{\"@type\":\"ImageObject\",\"inLanguage\":\"de\",\"@id\":\"https:\\\/\\\/www.purejewels.com\\\/#\\\/schema\\\/logo\\\/image\\\/\",\"url\":\"https:\\\/\\\/static.purejewels.com\\\/wp-content\\\/uploads\\\/2020\\\/11\\\/Logo-PJ-New-1.png\",\"contentUrl\":\"https:\\\/\\\/static.purejewels.com\\\/wp-content\\\/uploads\\\/2020\\\/11\\\/Logo-PJ-New-1.png\",\"width\":150,\"height\":80,\"caption\":\"PureJewels UK\"},\"image\":{\"@id\":\"https:\\\/\\\/www.purejewels.com\\\/#\\\/schema\\\/logo\\\/image\\\/\"}}]}<\/script>\n<!-- \/ Yoast SEO plugin. -->","yoast_head_json":{"title":"Eleganter 22-kar\u00e4tiger Goldring mit filigranem Blattdesign f\u00fcr Damen","description":"Kaufen Sie diesen Ring aus 22 Karat Gold mit gro\u00dfem Blattmotiv, der mit aufwendiger Filigranarbeit gefertigt wurde. Ein auff\u00e4lliges, traditionelles Statement-St\u00fcck, das sich perfekt f\u00fcr Hochzeiten und festliche Anl\u00e4sse eignet.","robots":{"index":"index","follow":"follow","max-snippet":"max-snippet:-1","max-image-preview":"max-image-preview:large","max-video-preview":"max-video-preview:-1"},"canonical":"https:\/\/www.purejewels.com\/de\/produkt-2\/22ct-indisches-gold-damenring-27592\/","og_locale":"de_DE","og_type":"article","og_title":"Elegant 22ct Gold Filigree Leaf Ring for Women","og_description":"Shop this 22ct gold grand leaf ring crafted with intricate filigree work. A bold, traditional statement piece perfect for weddings and festive occasions.","og_url":"https:\/\/www.purejewels.com\/de\/produkt-2\/22ct-indisches-gold-damenring-27592\/","og_site_name":"PureJewels UK","article_modified_time":"2026-01-06T11:16:07+00:00","og_image":[{"width":1000,"height":1000,"url":"https:\/\/static.purejewels.com\/wp-content\/uploads\/2020\/05\/135705069.png","type":"image\/png"}],"twitter_card":"summary_large_image","twitter_misc":{"Gesch\u00e4tzte Lesezeit":"1\u00a0Minute"},"schema":{"@context":"https:\/\/schema.org","@graph":[{"@type":["WebPage","ItemPage"],"@id":"https:\/\/www.purejewels.com\/product\/22ct-indian-gold-ladies-ring-27592\/","url":"https:\/\/www.purejewels.com\/product\/22ct-indian-gold-ladies-ring-27592\/","name":"Eleganter 22-kar\u00e4tiger Goldring mit filigranem Blattdesign f\u00fcr Damen","isPartOf":{"@id":"https:\/\/www.purejewels.com\/#website"},"primaryImageOfPage":{"@id":"https:\/\/www.purejewels.com\/product\/22ct-indian-gold-ladies-ring-27592\/#primaryimage"},"image":{"@id":"https:\/\/www.purejewels.com\/product\/22ct-indian-gold-ladies-ring-27592\/#primaryimage"},"thumbnailUrl":"https:\/\/static.purejewels.com\/wp-content\/uploads\/2020\/05\/135705069.png","datePublished":"2018-09-18T10:06:01+00:00","dateModified":"2026-01-06T11:16:07+00:00","description":"Kaufen Sie diesen Ring aus 22 Karat Gold mit gro\u00dfem Blattmotiv, der mit aufwendiger Filigranarbeit gefertigt wurde. Ein auff\u00e4lliges, traditionelles Statement-St\u00fcck, das sich perfekt f\u00fcr Hochzeiten und festliche Anl\u00e4sse eignet.","breadcrumb":{"@id":"https:\/\/www.purejewels.com\/product\/22ct-indian-gold-ladies-ring-27592\/#breadcrumb"},"inLanguage":"de","potentialAction":[{"@type":"ReadAction","target":["https:\/\/www.purejewels.com\/product\/22ct-indian-gold-ladies-ring-27592\/"]}]},{"@type":"ImageObject","inLanguage":"de","@id":"https:\/\/www.purejewels.com\/product\/22ct-indian-gold-ladies-ring-27592\/#primaryimage","url":"https:\/\/static.purejewels.com\/wp-content\/uploads\/2020\/05\/135705069.png","contentUrl":"https:\/\/static.purejewels.com\/wp-content\/uploads\/2020\/05\/135705069.png","width":1000,"height":1000,"caption":"22ct Gold Grand Leaf Filigree Ring"},{"@type":"BreadcrumbList","@id":"https:\/\/www.purejewels.com\/product\/22ct-indian-gold-ladies-ring-27592\/#breadcrumb","itemListElement":[{"@type":"ListItem","position":1,"name":"Home","item":"https:\/\/www.purejewels.com\/"},{"@type":"ListItem","position":2,"name":"Shop","item":"https:\/\/www.purejewels.com\/shop\/"},{"@type":"ListItem","position":3,"name":"22ct Gold Grand Leaf Filigree Ring"}]},{"@type":"WebSite","@id":"https:\/\/www.purejewels.com\/#website","url":"https:\/\/www.purejewels.com\/","name":"PureJewels UK","description":"Teile die Liebe","publisher":{"@id":"https:\/\/www.purejewels.com\/#organization"},"potentialAction":[{"@type":"SearchAction","target":{"@type":"EntryPoint","urlTemplate":"https:\/\/www.purejewels.com\/?s={search_term_string}"},"query-input":{"@type":"PropertyValueSpecification","valueRequired":true,"valueName":"search_term_string"}}],"inLanguage":"de"},{"@type":"Organization","@id":"https:\/\/www.purejewels.com\/#organization","name":"PureJewels UK","url":"https:\/\/www.purejewels.com\/","logo":{"@type":"ImageObject","inLanguage":"de","@id":"https:\/\/www.purejewels.com\/#\/schema\/logo\/image\/","url":"https:\/\/static.purejewels.com\/wp-content\/uploads\/2020\/11\/Logo-PJ-New-1.png","contentUrl":"https:\/\/static.purejewels.com\/wp-content\/uploads\/2020\/11\/Logo-PJ-New-1.png","width":150,"height":80,"caption":"PureJewels UK"},"image":{"@id":"https:\/\/www.purejewels.com\/#\/schema\/logo\/image\/"}}]}},"_links":{"self":[{"href":"https:\/\/www.purejewels.com\/de\/wp-json\/wp\/v2\/product\/303221","targetHints":{"allow":["GET"]}}],"collection":[{"href":"https:\/\/www.purejewels.com\/de\/wp-json\/wp\/v2\/product"}],"about":[{"href":"https:\/\/www.purejewels.com\/de\/wp-json\/wp\/v2\/types\/product"}],"replies":[{"embeddable":true,"href":"https:\/\/www.purejewels.com\/de\/wp-json\/wp\/v2\/comments?post=303221"}],"version-history":[{"count":3,"href":"https:\/\/www.purejewels.com\/de\/wp-json\/wp\/v2\/product\/303221\/revisions"}],"predecessor-version":[{"id":423534,"href":"https:\/\/www.purejewels.com\/de\/wp-json\/wp\/v2\/product\/303221\/revisions\/423534"}],"wp:featuredmedia":[{"embeddable":true,"href":"https:\/\/www.purejewels.com\/de\/wp-json\/wp\/v2\/media\/314244"}],"wp:attachment":[{"href":"https:\/\/www.purejewels.com\/de\/wp-json\/wp\/v2\/media?parent=303221"}],"wp:term":[{"taxonomy":"product_brand","embeddable":true,"href":"https:\/\/www.purejewels.com\/de\/wp-json\/wp\/v2\/product_brand?post=303221"},{"taxonomy":"product_cat","embeddable":true,"href":"https:\/\/www.purejewels.com\/de\/wp-json\/wp\/v2\/product_cat?post=303221"},{"taxonomy":"product_tag","embeddable":true,"href":"https:\/\/www.purejewels.com\/de\/wp-json\/wp\/v2\/product_tag?post=303221"}],"curies":[{"name":"wp","href":"https:\/\/api.w.org\/{rel}","templated":true}]}}