{"id":303232,"date":"2018-09-18T11:37:59","date_gmt":"2018-09-18T10:37:59","guid":{"rendered":"https:\/\/www.purejewels.com\/?post_type=product&#038;p=303232"},"modified":"2026-01-07T06:40:33","modified_gmt":"2026-01-07T06:40:33","slug":"22ct-gold-damenring-28015","status":"publish","type":"product","link":"https:\/\/www.purejewels.com\/de\/product\/22ct-gold-ladies-ring-28015\/","title":{"rendered":"22 Karat Gelbgoldring mit Rhodiumbeschichtung | Gr\u00f6\u00dfe L"},"content":{"rendered":"<p><strong>Entwurf:<\/strong><br \/>\nDieser Ring aus 22 Karat Gelbgold pr\u00e4sentiert sich in einem zeitgen\u00f6ssischen Design mit k\u00fcnstlerischem Touch. Das zentrale Motiv besteht aus einer abstrakten Komposition aus durchbrochenen Kurven und polierten Goldkreisen, die durch eine zarte Rhodiumschicht akzentuiert werden, die f\u00fcr Kontrast und Brillanz sorgt. Das asymmetrische Design macht ihn zu einem auff\u00e4lligen Statement-St\u00fcck.<\/p>\n<p><strong>Handwerkliches K\u00f6nnen:<\/strong><br \/>\nDieser Ring aus hochreinem 22-kar\u00e4tigem Gelbgold ist mit Rhodium-veredelten Details versehen, die ihm zus\u00e4tzliche Dimension und Haltbarkeit verleihen. Sein glatter Ring und seine sichere Konstruktion sorgen f\u00fcr Tragekomfort und lang anhaltenden Glanz. Der zweifarbige Look bietet Vielseitigkeit und bewahrt gleichzeitig ein luxuri\u00f6ses Gef\u00fchl.<\/p>\n<p><strong>Stil:<\/strong><br \/>\nDieser Ring in Gr\u00f6\u00dfe L ist perfekt f\u00fcr den eleganten Alltag oder einen besonderen Anlass und verleiht Ihrer Kollektion modernen Charme. Er passt wunderbar zu traditionellen und westlichen Outfits und ist somit ein ideales Geschenk oder eine Freude f\u00fcr sich selbst.<\/p>","protected":false},"excerpt":{"rendered":"<p>Eleganter Ring aus 22 Karat Gold mit einzigartigen Rhodium-Polierakzenten, gefertigt in Gr\u00f6\u00dfe L f\u00fcr eine perfekte Mischung aus Tradition und Moderne.<\/p>\n<ul>\n<li>22ct Gelbgold Ring<\/li>\n<li>Modernes Design mit Rhodium-Politur<\/li>\n<li>Gr\u00f6\u00dfe. L<\/li>\n<li>Ring-Gewicht 2,8 g<\/li>\n<li>22ct Gold gestempelt von London Assay Office<\/li>\n<li>Mit Pr\u00e4sentationsbox<\/li>\n<li>Lieferung inbegriffen<\/li>\n<li>Alle Preise inklusive Mehrwertsteuer<\/li>\n<li>Live-Chat mit uns f\u00fcr die Verf\u00fcgbarkeit und mehr Bilder von \u00e4hnlichen Designs derzeit auf Lager<\/li>\n<\/ul>","protected":false},"featured_media":315545,"comment_status":"closed","ping_status":"closed","template":"","meta":{"_eb_attr":"","_crsspst_to_jayantr4sg-hostcom":false},"product_brand":[],"product_cat":[1559,1785,1783,1569,1573,1574],"product_tag":[],"class_list":{"0":"post-303232","1":"product","2":"type-product","3":"status-publish","4":"has-post-thumbnail","6":"product_cat-birthday-gifts","7":"product_cat-daily-wear-rings","8":"product_cat-ladies-rings","9":"product_cat-valentine-day-gifts","10":"product_cat-wedding-gifts","11":"product_cat-womens-jewellery","13":"first","14":"outofstock","15":"sale","16":"taxable","17":"shipping-taxable","18":"product-type-simple","19":"add-to-wishlist-before_image"},"yoast_head":"<!-- This site is optimized with the Yoast SEO plugin v27.5 - https:\/\/yoast.com\/product\/yoast-seo-wordpress\/ -->\n<title>22ct Gold Ring with Rhodium Polish \u2013 Size L | PureJewels UK<\/title>\n<meta name=\"description\" content=\"Explore elegance with this 22ct Yellow Gold Ring featuring a stylish rhodium polish design, available in Size L at PureJewels UK.\" \/>\n<meta name=\"robots\" content=\"index, follow, max-snippet:-1, max-image-preview:large, max-video-preview:-1\" \/>\n<link rel=\"canonical\" href=\"https:\/\/www.purejewels.com\/de\/produkt-2\/22ct-gold-damenring-28015\/\" \/>\n<meta property=\"og:locale\" content=\"de_DE\" \/>\n<meta property=\"og:type\" content=\"article\" \/>\n<meta property=\"og:title\" content=\"22ct Gold Ring with Rhodium Polish \u2013 Size L | PureJewels UK\" \/>\n<meta property=\"og:description\" content=\"Explore elegance with this 22ct Yellow Gold Ring featuring a stylish rhodium polish design, available in Size L at PureJewels UK.\" \/>\n<meta property=\"og:url\" content=\"https:\/\/www.purejewels.com\/de\/produkt-2\/22ct-gold-damenring-28015\/\" \/>\n<meta property=\"og:site_name\" content=\"PureJewels UK\" \/>\n<meta property=\"article:modified_time\" content=\"2026-01-07T06:40:33+00:00\" \/>\n<meta property=\"og:image\" content=\"https:\/\/static.purejewels.com\/wp-content\/uploads\/2020\/07\/175532135.jpg\" \/>\n\t<meta property=\"og:image:width\" content=\"1000\" \/>\n\t<meta property=\"og:image:height\" content=\"1000\" \/>\n\t<meta property=\"og:image:type\" content=\"image\/jpeg\" \/>\n<meta name=\"twitter:card\" content=\"summary_large_image\" \/>\n<meta name=\"twitter:label1\" content=\"Gesch\u00e4tzte Lesezeit\" \/>\n\t<meta name=\"twitter:data1\" content=\"1\u00a0Minute\" \/>\n<script type=\"application\/ld+json\" class=\"yoast-schema-graph\">{\"@context\":\"https:\\\/\\\/schema.org\",\"@graph\":[{\"@type\":[\"WebPage\",\"ItemPage\"],\"@id\":\"https:\\\/\\\/www.purejewels.com\\\/product\\\/22ct-gold-ladies-ring-28015\\\/\",\"url\":\"https:\\\/\\\/www.purejewels.com\\\/product\\\/22ct-gold-ladies-ring-28015\\\/\",\"name\":\"22ct Gold Ring with Rhodium Polish \u2013 Size L | PureJewels UK\",\"isPartOf\":{\"@id\":\"https:\\\/\\\/www.purejewels.com\\\/#website\"},\"primaryImageOfPage\":{\"@id\":\"https:\\\/\\\/www.purejewels.com\\\/product\\\/22ct-gold-ladies-ring-28015\\\/#primaryimage\"},\"image\":{\"@id\":\"https:\\\/\\\/www.purejewels.com\\\/product\\\/22ct-gold-ladies-ring-28015\\\/#primaryimage\"},\"thumbnailUrl\":\"https:\\\/\\\/static.purejewels.com\\\/wp-content\\\/uploads\\\/2020\\\/07\\\/175532135.jpg\",\"datePublished\":\"2018-09-18T10:37:59+00:00\",\"dateModified\":\"2026-01-07T06:40:33+00:00\",\"description\":\"Explore elegance with this 22ct Yellow Gold Ring featuring a stylish rhodium polish design, available in Size L at PureJewels UK.\",\"breadcrumb\":{\"@id\":\"https:\\\/\\\/www.purejewels.com\\\/product\\\/22ct-gold-ladies-ring-28015\\\/#breadcrumb\"},\"inLanguage\":\"de\",\"potentialAction\":[{\"@type\":\"ReadAction\",\"target\":[\"https:\\\/\\\/www.purejewels.com\\\/product\\\/22ct-gold-ladies-ring-28015\\\/\"]}]},{\"@type\":\"ImageObject\",\"inLanguage\":\"de\",\"@id\":\"https:\\\/\\\/www.purejewels.com\\\/product\\\/22ct-gold-ladies-ring-28015\\\/#primaryimage\",\"url\":\"https:\\\/\\\/static.purejewels.com\\\/wp-content\\\/uploads\\\/2020\\\/07\\\/175532135.jpg\",\"contentUrl\":\"https:\\\/\\\/static.purejewels.com\\\/wp-content\\\/uploads\\\/2020\\\/07\\\/175532135.jpg\",\"width\":1000,\"height\":1000},{\"@type\":\"BreadcrumbList\",\"@id\":\"https:\\\/\\\/www.purejewels.com\\\/product\\\/22ct-gold-ladies-ring-28015\\\/#breadcrumb\",\"itemListElement\":[{\"@type\":\"ListItem\",\"position\":1,\"name\":\"Home\",\"item\":\"https:\\\/\\\/www.purejewels.com\\\/\"},{\"@type\":\"ListItem\",\"position\":2,\"name\":\"Shop\",\"item\":\"https:\\\/\\\/www.purejewels.com\\\/shop\\\/\"},{\"@type\":\"ListItem\",\"position\":3,\"name\":\"22ct Yellow Gold Ring with Rhodium Polish | Size L\"}]},{\"@type\":\"WebSite\",\"@id\":\"https:\\\/\\\/www.purejewels.com\\\/#website\",\"url\":\"https:\\\/\\\/www.purejewels.com\\\/\",\"name\":\"PureJewels UK\",\"description\":\"Share the Love\",\"publisher\":{\"@id\":\"https:\\\/\\\/www.purejewels.com\\\/#organization\"},\"potentialAction\":[{\"@type\":\"SearchAction\",\"target\":{\"@type\":\"EntryPoint\",\"urlTemplate\":\"https:\\\/\\\/www.purejewels.com\\\/?s={search_term_string}\"},\"query-input\":{\"@type\":\"PropertyValueSpecification\",\"valueRequired\":true,\"valueName\":\"search_term_string\"}}],\"inLanguage\":\"de\"},{\"@type\":\"Organization\",\"@id\":\"https:\\\/\\\/www.purejewels.com\\\/#organization\",\"name\":\"PureJewels UK\",\"url\":\"https:\\\/\\\/www.purejewels.com\\\/\",\"logo\":{\"@type\":\"ImageObject\",\"inLanguage\":\"de\",\"@id\":\"https:\\\/\\\/www.purejewels.com\\\/#\\\/schema\\\/logo\\\/image\\\/\",\"url\":\"https:\\\/\\\/static.purejewels.com\\\/wp-content\\\/uploads\\\/2020\\\/11\\\/Logo-PJ-New-1.png\",\"contentUrl\":\"https:\\\/\\\/static.purejewels.com\\\/wp-content\\\/uploads\\\/2020\\\/11\\\/Logo-PJ-New-1.png\",\"width\":150,\"height\":80,\"caption\":\"PureJewels UK\"},\"image\":{\"@id\":\"https:\\\/\\\/www.purejewels.com\\\/#\\\/schema\\\/logo\\\/image\\\/\"}}]}<\/script>\n<!-- \/ Yoast SEO plugin. -->","yoast_head_json":{"title":"22 Karat Goldring mit Rhodiumbeschichtung \u2013 Gr\u00f6\u00dfe L | PureJewels UK","description":"Entdecken Sie Eleganz mit diesem Ring aus 22 Karat Gelbgold mit stilvollem Rhodium-Polierdesign, erh\u00e4ltlich in Gr\u00f6\u00dfe L bei PureJewels UK.","robots":{"index":"index","follow":"follow","max-snippet":"max-snippet:-1","max-image-preview":"max-image-preview:large","max-video-preview":"max-video-preview:-1"},"canonical":"https:\/\/www.purejewels.com\/de\/produkt-2\/22ct-gold-damenring-28015\/","og_locale":"de_DE","og_type":"article","og_title":"22ct Gold Ring with Rhodium Polish \u2013 Size L | PureJewels UK","og_description":"Explore elegance with this 22ct Yellow Gold Ring featuring a stylish rhodium polish design, available in Size L at PureJewels UK.","og_url":"https:\/\/www.purejewels.com\/de\/produkt-2\/22ct-gold-damenring-28015\/","og_site_name":"PureJewels UK","article_modified_time":"2026-01-07T06:40:33+00:00","og_image":[{"width":1000,"height":1000,"url":"https:\/\/static.purejewels.com\/wp-content\/uploads\/2020\/07\/175532135.jpg","type":"image\/jpeg"}],"twitter_card":"summary_large_image","twitter_misc":{"Gesch\u00e4tzte Lesezeit":"1\u00a0Minute"},"schema":{"@context":"https:\/\/schema.org","@graph":[{"@type":["WebPage","ItemPage"],"@id":"https:\/\/www.purejewels.com\/product\/22ct-gold-ladies-ring-28015\/","url":"https:\/\/www.purejewels.com\/product\/22ct-gold-ladies-ring-28015\/","name":"22 Karat Goldring mit Rhodiumbeschichtung \u2013 Gr\u00f6\u00dfe L | PureJewels UK","isPartOf":{"@id":"https:\/\/www.purejewels.com\/#website"},"primaryImageOfPage":{"@id":"https:\/\/www.purejewels.com\/product\/22ct-gold-ladies-ring-28015\/#primaryimage"},"image":{"@id":"https:\/\/www.purejewels.com\/product\/22ct-gold-ladies-ring-28015\/#primaryimage"},"thumbnailUrl":"https:\/\/static.purejewels.com\/wp-content\/uploads\/2020\/07\/175532135.jpg","datePublished":"2018-09-18T10:37:59+00:00","dateModified":"2026-01-07T06:40:33+00:00","description":"Entdecken Sie Eleganz mit diesem Ring aus 22 Karat Gelbgold mit stilvollem Rhodium-Polierdesign, erh\u00e4ltlich in Gr\u00f6\u00dfe L bei PureJewels UK.","breadcrumb":{"@id":"https:\/\/www.purejewels.com\/product\/22ct-gold-ladies-ring-28015\/#breadcrumb"},"inLanguage":"de","potentialAction":[{"@type":"ReadAction","target":["https:\/\/www.purejewels.com\/product\/22ct-gold-ladies-ring-28015\/"]}]},{"@type":"ImageObject","inLanguage":"de","@id":"https:\/\/www.purejewels.com\/product\/22ct-gold-ladies-ring-28015\/#primaryimage","url":"https:\/\/static.purejewels.com\/wp-content\/uploads\/2020\/07\/175532135.jpg","contentUrl":"https:\/\/static.purejewels.com\/wp-content\/uploads\/2020\/07\/175532135.jpg","width":1000,"height":1000},{"@type":"BreadcrumbList","@id":"https:\/\/www.purejewels.com\/product\/22ct-gold-ladies-ring-28015\/#breadcrumb","itemListElement":[{"@type":"ListItem","position":1,"name":"Home","item":"https:\/\/www.purejewels.com\/"},{"@type":"ListItem","position":2,"name":"Shop","item":"https:\/\/www.purejewels.com\/shop\/"},{"@type":"ListItem","position":3,"name":"22ct Yellow Gold Ring with Rhodium Polish | Size L"}]},{"@type":"WebSite","@id":"https:\/\/www.purejewels.com\/#website","url":"https:\/\/www.purejewels.com\/","name":"PureJewels UK","description":"Teile die Liebe","publisher":{"@id":"https:\/\/www.purejewels.com\/#organization"},"potentialAction":[{"@type":"SearchAction","target":{"@type":"EntryPoint","urlTemplate":"https:\/\/www.purejewels.com\/?s={search_term_string}"},"query-input":{"@type":"PropertyValueSpecification","valueRequired":true,"valueName":"search_term_string"}}],"inLanguage":"de"},{"@type":"Organization","@id":"https:\/\/www.purejewels.com\/#organization","name":"PureJewels UK","url":"https:\/\/www.purejewels.com\/","logo":{"@type":"ImageObject","inLanguage":"de","@id":"https:\/\/www.purejewels.com\/#\/schema\/logo\/image\/","url":"https:\/\/static.purejewels.com\/wp-content\/uploads\/2020\/11\/Logo-PJ-New-1.png","contentUrl":"https:\/\/static.purejewels.com\/wp-content\/uploads\/2020\/11\/Logo-PJ-New-1.png","width":150,"height":80,"caption":"PureJewels UK"},"image":{"@id":"https:\/\/www.purejewels.com\/#\/schema\/logo\/image\/"}}]}},"_links":{"self":[{"href":"https:\/\/www.purejewels.com\/de\/wp-json\/wp\/v2\/product\/303232","targetHints":{"allow":["GET"]}}],"collection":[{"href":"https:\/\/www.purejewels.com\/de\/wp-json\/wp\/v2\/product"}],"about":[{"href":"https:\/\/www.purejewels.com\/de\/wp-json\/wp\/v2\/types\/product"}],"replies":[{"embeddable":true,"href":"https:\/\/www.purejewels.com\/de\/wp-json\/wp\/v2\/comments?post=303232"}],"version-history":[{"count":1,"href":"https:\/\/www.purejewels.com\/de\/wp-json\/wp\/v2\/product\/303232\/revisions"}],"predecessor-version":[{"id":423916,"href":"https:\/\/www.purejewels.com\/de\/wp-json\/wp\/v2\/product\/303232\/revisions\/423916"}],"wp:featuredmedia":[{"embeddable":true,"href":"https:\/\/www.purejewels.com\/de\/wp-json\/wp\/v2\/media\/315545"}],"wp:attachment":[{"href":"https:\/\/www.purejewels.com\/de\/wp-json\/wp\/v2\/media?parent=303232"}],"wp:term":[{"taxonomy":"product_brand","embeddable":true,"href":"https:\/\/www.purejewels.com\/de\/wp-json\/wp\/v2\/product_brand?post=303232"},{"taxonomy":"product_cat","embeddable":true,"href":"https:\/\/www.purejewels.com\/de\/wp-json\/wp\/v2\/product_cat?post=303232"},{"taxonomy":"product_tag","embeddable":true,"href":"https:\/\/www.purejewels.com\/de\/wp-json\/wp\/v2\/product_tag?post=303232"}],"curies":[{"name":"wp","href":"https:\/\/api.w.org\/{rel}","templated":true}]}}